{"id":63903,"date":"2015-04-14T23:59:07","date_gmt":"2015-04-14T21:59:07","guid":{"rendered":"http:\/\/www.sorosoro.org\/?page_id=63903"},"modified":"2015-09-28T02:10:13","modified_gmt":"2015-09-28T00:10:13","slug":"los-nuevos-lenguajes","status":"publish","type":"page","link":"https:\/\/www.sorosoro.org\/es\/todo-sobre-las-lenguas-en-el-mundo\/los-nuevos-lenguajes\/","title":{"rendered":"Las \u00ab nuevas \u00bb lenguas"},"content":{"rendered":"<p>intro<\/p>\n<h5>Los criollos, los koin\u00e9s y los pidgins<\/h5>\n<p><strong>Los criollos<\/strong><br \/>\nLas lenguas criollas son excepcionales debido a las condiciones de su formaci\u00f3n. Escapan completamente a la clasificaci\u00f3n gen\u00e9tica de las lenguas. Mientras que la mayor\u00eda de las lenguas son el producto de una transmisi\u00f3n sistem\u00e1tica de generaci\u00f3n a generaci\u00f3n, acompa\u00f1ada de cambios leves con cada transmisi\u00f3n, los idiomas criollos aparecen como el producto de una ruptura (un pueblo entero tiene que renunciar a su lengua de origen) y de contacto (con un nuevo lenguaje, que est\u00e1 profundamente transformado). En otras palabras, a diferencia de las dem\u00e1s lenguas, las lenguas criollas tienen una aparici\u00f3n hist\u00f3rica, es decir un inicio que se puede fechar con veinte a\u00f1os de aproximaci\u00f3n.<br \/>\n<a href=\"\/es\/los-criollos\/\" target=\"_blank\">Para saber m\u00e1s<\/a><\/p>\n<p><strong>Los koin\u00e9s<\/strong><br \/>\nUna koin\u00e9 es una variante del \u201cinter-dialecto\u201d de una lengua. Cuando existen numerosas variaciones dialectales de una lengua, puede ocurrir que por consenso se desarrolla una forma com\u00fan, comprensible por todos los hablantes de los diferentes dialectos de una misma  lengua. El nombre viene del primer ejemplo conocido hist\u00f3ricamente, el griego koin\u00e9 ( \u201clenguaje com\u00fan\u201d) que ha permitido, en la antig\u00fcedad griega tard\u00eda, a todas las entidades pol\u00edticas griegas, mantener  relaciones comerciales y diplom\u00e1ticas a pesar de tener cada una su propio dialecto. Se practicaba en toda la cuenca mediterr\u00e1nea. Y al parecer, es la forma ancestral del griego moderno. Aunque una koin\u00e9 es una construcci\u00f3n artificial, debido a su prestigio social, algunos padres la transmiten a sus hijos en lugar de su  propia variaci\u00f3n dialectal.<br \/>\n<a href=\"\/es\/los-koines\/\" target=\"_blank\">Para saber m\u00e1s<\/a><\/p>\n<p><strong>Los pidgins<\/strong><br \/>\nUn pidgin es una jerga que se desarrolla entre los hablantes de lenguas muy diferentes o muy alejadas (a diferencia de una koin\u00e9) para facilitar el intercambio y el comercio. Al inicio, se trata, a menudo, de vocablos elaborados gradualmente a partir de una mezcla de diferentes idiomas. Los ejemplos de pidgins que han surgido a lo largo de la historia son m\u00faltiples, uno de los m\u00e1s conocidos es la lingua franca que se hab\u00eda desarrollado a partir de la Edad Media en el Mediterr\u00e1neo, o el pidgin Chinook que fue usado entre los colonos europeos y los nativos americanos del Oeste americano en el siglo 19.<br \/>\n<a href=\"\/es\/los-pidgins\/\" target=\"_blank\">Para saber m\u00e1s<\/a><\/p>\n<h5>Esperanto<\/h5>\n<p>Sin duda el esperanto es el m\u00e1s famoso de los idiomas humanos \u201cconstruidos\u201d, tambi\u00e9n el que posee el mayor n\u00famero de locutores. La norma que caracteriza el esperanto es que se trata de un idioma que no tiene v\u00ednculo con un territorio ni un pueblo peculiar. Entonces se encuentra a locutores de esperanto un poco por todas partes del mundo.<br \/>\n<a href=\"\/es\/esperanto-y-otros-idiomas-construidos\/\" target=\"_blank\">Para saber m\u00e1s<\/a><\/p>\n<h5>Lenguas de ficci\u00f3n<\/h5>\n<p><a href=\"\/es\/lenguas-de-ficcion\/\" target=\"_blank\">Para saber m\u00e1s<\/a><\/p>\n","protected":false},"excerpt":{"rendered":"<p>intro Los criollos, los koin\u00e9s y los pidgins Los criollos Las lenguas criollas son excepcionales debido a las condiciones de su formaci\u00f3n. Escapan completamente a la clasificaci\u00f3n gen\u00e9tica de las lenguas. Mientras que la mayor\u00eda de las lenguas son el producto de una transmisi\u00f3n sistem\u00e1tica de generaci\u00f3n a generaci\u00f3n, acompa\u00f1ada de cambios leves con cada [&hellip;]<\/p>\n","protected":false},"author":1,"featured_media":0,"parent":63897,"menu_order":3,"comment_status":"closed","ping_status":"open","template":"","meta":{"footnotes":""},"class_list":["post-63903","page","type-page","status-publish","hentry"],"yoast_head":"<!-- This site is optimized with the Yoast SEO plugin v27.0 - https:\/\/yoast.com\/product\/yoast-seo-wordpress\/ -->\n<title>Las \u00ab nuevas \u00bb lenguas - Sorosoro<\/title>\n<meta name=\"robots\" content=\"index, follow, max-snippet:-1, max-image-preview:large, max-video-preview:-1\" \/>\n<link rel=\"canonical\" href=\"https:\/\/www.sorosoro.org\/es\/todo-sobre-las-lenguas-en-el-mundo\/los-nuevos-lenguajes\/\" \/>\n<meta property=\"og:locale\" content=\"es_ES\" \/>\n<meta property=\"og:type\" content=\"article\" \/>\n<meta property=\"og:title\" content=\"Las \u00ab nuevas \u00bb lenguas - Sorosoro\" \/>\n<meta property=\"og:description\" content=\"intro Los criollos, los koin\u00e9s y los pidgins Los criollos Las lenguas criollas son excepcionales debido a las condiciones de su formaci\u00f3n. Escapan completamente a la clasificaci\u00f3n gen\u00e9tica de las lenguas. Mientras que la mayor\u00eda de las lenguas son el producto de una transmisi\u00f3n sistem\u00e1tica de generaci\u00f3n a generaci\u00f3n, acompa\u00f1ada de cambios leves con cada [&hellip;]\" \/>\n<meta property=\"og:url\" content=\"https:\/\/www.sorosoro.org\/es\/todo-sobre-las-lenguas-en-el-mundo\/los-nuevos-lenguajes\/\" \/>\n<meta property=\"og:site_name\" content=\"Sorosoro\" \/>\n<meta property=\"article:modified_time\" content=\"2015-09-28T00:10:13+00:00\" \/>\n<meta name=\"twitter:card\" content=\"summary_large_image\" \/>\n<meta name=\"twitter:label1\" content=\"Tiempo de lectura\" \/>\n\t<meta name=\"twitter:data1\" content=\"2 minutos\" \/>\n<script type=\"application\/ld+json\" class=\"yoast-schema-graph\">{\"@context\":\"https:\/\/schema.org\",\"@graph\":[{\"@type\":\"WebPage\",\"@id\":\"https:\/\/www.sorosoro.org\/es\/todo-sobre-las-lenguas-en-el-mundo\/los-nuevos-lenguajes\/\",\"url\":\"https:\/\/www.sorosoro.org\/es\/todo-sobre-las-lenguas-en-el-mundo\/los-nuevos-lenguajes\/\",\"name\":\"Las \u00ab nuevas \u00bb lenguas - Sorosoro\",\"isPartOf\":{\"@id\":\"https:\/\/www.sorosoro.org\/es\/#website\"},\"datePublished\":\"2015-04-14T21:59:07+00:00\",\"dateModified\":\"2015-09-28T00:10:13+00:00\",\"breadcrumb\":{\"@id\":\"https:\/\/www.sorosoro.org\/es\/todo-sobre-las-lenguas-en-el-mundo\/los-nuevos-lenguajes\/#breadcrumb\"},\"inLanguage\":\"es\",\"potentialAction\":[{\"@type\":\"ReadAction\",\"target\":[\"https:\/\/www.sorosoro.org\/es\/todo-sobre-las-lenguas-en-el-mundo\/los-nuevos-lenguajes\/\"]}]},{\"@type\":\"BreadcrumbList\",\"@id\":\"https:\/\/www.sorosoro.org\/es\/todo-sobre-las-lenguas-en-el-mundo\/los-nuevos-lenguajes\/#breadcrumb\",\"itemListElement\":[{\"@type\":\"ListItem\",\"position\":1,\"name\":\"Accueil\",\"item\":\"https:\/\/www.sorosoro.org\/es\/\"},{\"@type\":\"ListItem\",\"position\":2,\"name\":\"Conozca todo sobre el lenguaje en el mundo\",\"item\":\"https:\/\/www.sorosoro.org\/es\/todo-sobre-las-lenguas-en-el-mundo\/\"},{\"@type\":\"ListItem\",\"position\":3,\"name\":\"Las \u00ab nuevas \u00bb lenguas\"}]},{\"@type\":\"WebSite\",\"@id\":\"https:\/\/www.sorosoro.org\/es\/#website\",\"url\":\"https:\/\/www.sorosoro.org\/es\/\",\"name\":\"Sorosoro\",\"description\":\"Pour que vivent les langues du monde !\",\"potentialAction\":[{\"@type\":\"SearchAction\",\"target\":{\"@type\":\"EntryPoint\",\"urlTemplate\":\"https:\/\/www.sorosoro.org\/es\/?s={search_term_string}\"},\"query-input\":{\"@type\":\"PropertyValueSpecification\",\"valueRequired\":true,\"valueName\":\"search_term_string\"}}],\"inLanguage\":\"es\"}]}<\/script>\n<!-- \/ Yoast SEO plugin. -->","yoast_head_json":{"title":"Las \u00ab nuevas \u00bb lenguas - Sorosoro","robots":{"index":"index","follow":"follow","max-snippet":"max-snippet:-1","max-image-preview":"max-image-preview:large","max-video-preview":"max-video-preview:-1"},"canonical":"https:\/\/www.sorosoro.org\/es\/todo-sobre-las-lenguas-en-el-mundo\/los-nuevos-lenguajes\/","og_locale":"es_ES","og_type":"article","og_title":"Las \u00ab nuevas \u00bb lenguas - Sorosoro","og_description":"intro Los criollos, los koin\u00e9s y los pidgins Los criollos Las lenguas criollas son excepcionales debido a las condiciones de su formaci\u00f3n. Escapan completamente a la clasificaci\u00f3n gen\u00e9tica de las lenguas. Mientras que la mayor\u00eda de las lenguas son el producto de una transmisi\u00f3n sistem\u00e1tica de generaci\u00f3n a generaci\u00f3n, acompa\u00f1ada de cambios leves con cada [&hellip;]","og_url":"https:\/\/www.sorosoro.org\/es\/todo-sobre-las-lenguas-en-el-mundo\/los-nuevos-lenguajes\/","og_site_name":"Sorosoro","article_modified_time":"2015-09-28T00:10:13+00:00","twitter_card":"summary_large_image","twitter_misc":{"Tiempo de lectura":"2 minutos"},"schema":{"@context":"https:\/\/schema.org","@graph":[{"@type":"WebPage","@id":"https:\/\/www.sorosoro.org\/es\/todo-sobre-las-lenguas-en-el-mundo\/los-nuevos-lenguajes\/","url":"https:\/\/www.sorosoro.org\/es\/todo-sobre-las-lenguas-en-el-mundo\/los-nuevos-lenguajes\/","name":"Las \u00ab nuevas \u00bb lenguas - Sorosoro","isPartOf":{"@id":"https:\/\/www.sorosoro.org\/es\/#website"},"datePublished":"2015-04-14T21:59:07+00:00","dateModified":"2015-09-28T00:10:13+00:00","breadcrumb":{"@id":"https:\/\/www.sorosoro.org\/es\/todo-sobre-las-lenguas-en-el-mundo\/los-nuevos-lenguajes\/#breadcrumb"},"inLanguage":"es","potentialAction":[{"@type":"ReadAction","target":["https:\/\/www.sorosoro.org\/es\/todo-sobre-las-lenguas-en-el-mundo\/los-nuevos-lenguajes\/"]}]},{"@type":"BreadcrumbList","@id":"https:\/\/www.sorosoro.org\/es\/todo-sobre-las-lenguas-en-el-mundo\/los-nuevos-lenguajes\/#breadcrumb","itemListElement":[{"@type":"ListItem","position":1,"name":"Accueil","item":"https:\/\/www.sorosoro.org\/es\/"},{"@type":"ListItem","position":2,"name":"Conozca todo sobre el lenguaje en el mundo","item":"https:\/\/www.sorosoro.org\/es\/todo-sobre-las-lenguas-en-el-mundo\/"},{"@type":"ListItem","position":3,"name":"Las \u00ab nuevas \u00bb lenguas"}]},{"@type":"WebSite","@id":"https:\/\/www.sorosoro.org\/es\/#website","url":"https:\/\/www.sorosoro.org\/es\/","name":"Sorosoro","description":"Pour que vivent les langues du monde !","potentialAction":[{"@type":"SearchAction","target":{"@type":"EntryPoint","urlTemplate":"https:\/\/www.sorosoro.org\/es\/?s={search_term_string}"},"query-input":{"@type":"PropertyValueSpecification","valueRequired":true,"valueName":"search_term_string"}}],"inLanguage":"es"}]}},"_links":{"self":[{"href":"https:\/\/www.sorosoro.org\/es\/wp-json\/wp\/v2\/pages\/63903","targetHints":{"allow":["GET"]}}],"collection":[{"href":"https:\/\/www.sorosoro.org\/es\/wp-json\/wp\/v2\/pages"}],"about":[{"href":"https:\/\/www.sorosoro.org\/es\/wp-json\/wp\/v2\/types\/page"}],"author":[{"embeddable":true,"href":"https:\/\/www.sorosoro.org\/es\/wp-json\/wp\/v2\/users\/1"}],"replies":[{"embeddable":true,"href":"https:\/\/www.sorosoro.org\/es\/wp-json\/wp\/v2\/comments?post=63903"}],"version-history":[{"count":0,"href":"https:\/\/www.sorosoro.org\/es\/wp-json\/wp\/v2\/pages\/63903\/revisions"}],"up":[{"embeddable":true,"href":"https:\/\/www.sorosoro.org\/es\/wp-json\/wp\/v2\/pages\/63897"}],"wp:attachment":[{"href":"https:\/\/www.sorosoro.org\/es\/wp-json\/wp\/v2\/media?parent=63903"}],"curies":[{"name":"wp","href":"https:\/\/api.w.org\/{rel}","templated":true}]}}