{"id":63873,"date":"2015-04-14T23:07:55","date_gmt":"2015-04-14T21:07:55","guid":{"rendered":"http:\/\/www.sorosoro.org\/?page_id=63873"},"modified":"2015-09-05T12:24:57","modified_gmt":"2015-09-05T10:24:57","slug":"ser-linguista","status":"publish","type":"page","link":"https:\/\/www.sorosoro.org\/es\/ser-linguista\/","title":{"rendered":"Ser ling\u00fcista"},"content":{"rendered":"<p><span style=\"font-size:12px\">Publicado por Colette Grinevald et James Costa el October 7, 2011<\/span><br \/>\n&nbsp;<br \/>\n<em>Por Colette Grinevald, ling\u00fcista, Laboratorio DDL (Din\u00e1mica de Lenguaje), Universidad Lyon 2, y James Costa, encargado de investigaci\u00f3n, Instituto Franc\u00e9s de Educaci\u00f3n, Escuela Nacional Superior de Lyon.<\/em><br \/>\n<div id=\"attachment_2550\" style=\"width: 510px\" class=\"wp-caption aligncenter\"><img decoding=\"async\" aria-describedby=\"caption-attachment-2550\" class=\"size-full wp-image-2550\" title=\"Miss Nora ense\u00f1ando rama\" src=\"\/wp-content\/uploads\/rama.jpg\" alt=\"Miss Nora ense\u00f1ando rama\" width=\"500\" height=\"auto\" \/><p id=\"caption-attachment-2550\" class=\"wp-caption-text\">Miss Nora ense\u00f1ando rama &#8211; \u00a9 Colette Grinevald<\/p><\/div><\/p>\n<p><strong>Nacimiento de la disciplina de investigaci\u00f3n<\/strong><\/p>\n<p>El fen\u00f3meno de la desaparici\u00f3n de lenguas es conocido desde hace muchas decenas, pero una toma de conciencia militante comenz\u00f3 a manifestarse por los a\u00f1os 1970 en diversos pa\u00edses, en Francia, en Gran Breta\u00f1a y hasta en los Estados Unidos.<\/p>\n<p>Sin embargo, fue necesario esperar el comienzo de los a\u00f1os de 1990 para que la tem\u00e1tica de las lenguas en peligro emerja verdaderamente. El per\u00edodo est\u00e1 marcado por el 500 aniversario del \u00abdescubrimiento de Am\u00e9rica\u00bb (1492-1992), celebrado por unos y criticado por otros. Entonces un contacto se establece entre los trabajos de muchos investigadores y las reivindicaciones de algunos actores de campo en las comunidades aut\u00f3ctonas de Am\u00e9rica. Este encuentro es percibido como una onda de choque por los ling\u00fcistas y ha iniciado verdaderamente un nuevo campo de investigaci\u00f3n.<\/p>\n<p>Desde entonces hemos visto movilizarse a una red de ling\u00fcistas originarios de America, de Australia y de Europa, que comparten muchas experiencias de campo en diversas situaciones de lenguas en peligro. Ellos comienzan a coordinar entre ellos, a organizar coloquios aqu\u00ed y all\u00e1 por el mundo, y producir diferentes obras, individuales y colectivas.<br \/>\n<div id=\"attachment_2550\" style=\"width: 510px\" class=\"wp-caption aligncenter\"><img aria-describedby=\"caption-attachment-2550\" class=\"size-full wp-image-8336  aligncenter\" style=\"border: none;\" title=\"><p id=\"caption-attachment-2550\" class=\"wp-caption-text\">Los ni\u00f1os aprenden la lengua rama\u00bb src=\u00bbhttp:\/\/www.sorosoro.org\/wp-content\/uploads\/rama_enfants.jpg\u00bb alt=\u00bb>Los ni\u00f1os aprenden la lengua rama\u00bb width=\u00bb500&#8243; height=\u00bbauto\u00bb \/>Los ni\u00f1os aprenden la lengua rama &#8211; \u00a9 Claudia Gordillo<\/p><\/div><\/p>\n<p><strong>\u00bfCu\u00e1l es el rol de los ling\u00fcistas?<\/strong><\/p>\n<p>Los ling\u00fcistas comprometidos en este nuevo espacio de investigaci\u00f3n, r\u00e1pidamente, consideran como relevante el inter\u00e9s de su profesi\u00f3n y su responsabilidad de ciudadanos del mundo para tocar la campanilla de alarma sobre la gran precariedad de la mayor\u00eda de las lenguas del mundo.<\/p>\n<p>M\u00e1s all\u00e1 del trabajo de investigaci\u00f3n para el cual ellos han sido formados, se hace la pregunta de su rol frente a las demandas de las poblaciones. Porque si su trabajo acad\u00e9mico consiste en describir y documentar estas lenguas a\u00fan poco conocidas o no, en general todav\u00eda no escritas, esto que piden las poblaciones es m\u00e1s la revitalizaci\u00f3n o revalorizaci\u00f3n de sus lenguas en peligro.<\/p>\n<p>Frente a esto, una actitud corriente, dominante en un contexto ideol\u00f3gico muy favorable al monoling\u00fcismo, consiste en no hacer nada, y en considerar que los fen\u00f3menos de desaparici\u00f3n de lenguas son la prolongaci\u00f3n natural de fen\u00f3menos que han existido siempre.<\/p>\n<p>Otra actitud opuesta admite que los fen\u00f3menos ling\u00fc\u00edsticos no son naturales, pero al contrario, son culturales y profundamente ideol\u00f3gicos, y ponen en juego las relaciones de poder frecuentemente asim\u00e9tricas.<\/p>\n<p>Es as\u00ed como este se ha desarrollado en el curso de los veinte \u00faltimos a\u00f1os, un discurso que apunta a mostrar los argumentos a favor de un mantenimiento de una diversidad ling\u00fc\u00edstica tan vasta como posible, como constitutiva de la especie humana.<br \/>\n<div id=\"attachment_2550\" style=\"width: 510px\" class=\"wp-caption aligncenter\"><img decoding=\"async\" aria-describedby=\"caption-attachment-2550\" class=\"size-full wp-image-8336  aligncenter\" style=\"border: none;\" title=\"Mujeres jovenes jugando en rama\" src=\"\/wp-content\/uploads\/ouracan.jpg\" alt=\"Mujeres jovenes jugando en rama\" width=\"500\" height=\"auto\" \/><p id=\"caption-attachment-2550\" class=\"wp-caption-text\">Mujeres jovenes jugando en rama &#8211; \u00a9 Colette Grinevald<\/p><\/div><\/p>\n<p><strong>Un ling\u00fcista resume los desaf\u00edos<\/strong><\/p>\n<p>La obra que el ling\u00fcista brit\u00e1nico David Crystal ha consagrado en el 2000 a la muerte de las lenguas, proporciona un ejemplo de argumentaci\u00f3n. Para Crystal, la diversidad ling\u00fc\u00edstica debe ser preservada por las siguientes razones:<\/p>\n<ul>\n<li>Nosotros tenemos necesidad de la diversidad<\/li>\n<\/ul>\n<p>Este argumento est\u00e1 construido sobre los temas desarrollados en antropolog\u00eda desde inicios del siglo XX, particularmente, en Francia por Claude L\u00e9vi-Strauss. En la base de este argumento se encuentra la idea de la diversidad (biol\u00f3gica, cultural, etc.), es el fundamento de la vida en la tierra. El \u201cnosotros\u201d es pues aqu\u00ed la humanidad entera.<\/p>\n<ul>\n<li>La lengua expresa la identidad.<\/li>\n<\/ul>\n<p>Esta afirmaci\u00f3n est\u00e1 basada en las asociaciones tradicionales que se encuentra en la ideolog\u00eda de estado \u2013 naci\u00f3n entre pueblos y lenguas: ella plantea que no puede ser franc\u00e9s, espa\u00f1ol, gal\u00e9s o rama sin hablar franc\u00e9s, espa\u00f1ol, gal\u00e9s o rama. Con la desaparici\u00f3n de una lengua, ser\u00eda una parte importante de ellos mismos como comunidades nacionales o culturales que dejar\u00edan partir.<\/p>\n<ul>\n<li>Las lenguas reflejan la historia de un grupo<\/li>\n<\/ul>\n<p>De una parte, el estudio cient\u00edfico del vocabulario de una lengua siempre permite reconstituir el origen geogr\u00e1fico de la poblaci\u00f3n que la habla. De otra parte, la lengua de un grupo permite transmitir una literatura oral y los conceptos particulares corren el peligro de ser perdidos en una eventual traducci\u00f3n o transmisi\u00f3n en una tercera lengua.<\/p>\n<ul>\n<li>Las lenguas contribuyen al saber total de la humanidad.<\/li>\n<\/ul>\n<p>As\u00ed, en cada lengua, una fracci\u00f3n del saber total del g\u00e9nero humano ser\u00eda codificada y la p\u00e9rdida de uno de estos eslabones afectar\u00eda al conjunto de la construcci\u00f3n.<\/p>\n<ul>\n<li>Las lenguas por ellas mismas son interesantes.<\/li>\n<\/ul>\n<p>Este argumento en particular, propio de los ling\u00fcistas, consiste en decir que las lenguas son, por ellas mismas, construcciones humanas y sociales dignas de inter\u00e9s y que su estudio permite comprender el conjunto de las potencialidades humanas. Desde el punto de vista del ling\u00fcista, dejar desaparecer la mayor\u00eda de las lenguas, ser\u00eda admitir la p\u00e9rdida del material de trabajo principal de esta disciplina. En este sentido, por cierto, las lenguas ser\u00edan las obras en peligro, en el mismo grado que algunos monumentos hist\u00f3ricos.<br \/>\n&nbsp;<br \/>\n<strong>A modo de conclusi\u00f3n\u2026<\/strong><br \/>\nLas cuestiones relativas a las lenguas en peligro, como los temas de lenguas en general, son fundamentalmente cuestiones ideol\u00f3gicas, cuestiones de poder. Los ling\u00fcistas, al comprometerse en favor de una perspectiva o de otra, m\u00e1s all\u00e1 de su trabajo cient\u00edfico sobre estas lenguas, necesariamente, son llamados para interrogar a las ideolog\u00edas que sostienen sus propias acciones y concepciones de las lenguas y del lenguaje.<br \/>\n<em>NB: Para profundizar el tema, ver la obra colectiva \u00ab Linguistique de terrain sur les langues en danger \u00bb (Ling\u00fc\u00edstica de campo sobre las lenguas en peligro), dirigida por Colette Grinevald y Michel Bert, en la colecci\u00f3n Faits de langues (Ophrys).<\/em><\/p>\n<p><a href=\"http:\/\/www.ophrys.fr\/detail.php?idOuvrage=700\" target=\"_blank\">Solicitar el libro por Internet<\/a><\/p>\n","protected":false},"excerpt":{"rendered":"<p>Publicado por Colette Grinevald et James Costa el October 7, 2011 &nbsp; Por Colette Grinevald, ling\u00fcista, Laboratorio DDL (Din\u00e1mica de Lenguaje), Universidad Lyon 2, y James Costa, encargado de investigaci\u00f3n, Instituto Franc\u00e9s de Educaci\u00f3n, Escuela Nacional Superior de Lyon. Nacimiento de la disciplina de investigaci\u00f3n El fen\u00f3meno de la desaparici\u00f3n de lenguas es conocido desde [&hellip;]<\/p>\n","protected":false},"author":1,"featured_media":0,"parent":0,"menu_order":0,"comment_status":"closed","ping_status":"open","template":"","meta":{"footnotes":""},"class_list":["post-63873","page","type-page","status-publish","hentry"],"yoast_head":"<!-- This site is optimized with the Yoast SEO plugin v27.0 - https:\/\/yoast.com\/product\/yoast-seo-wordpress\/ -->\n<title>Ser ling\u00fcista - Sorosoro<\/title>\n<meta name=\"robots\" content=\"index, follow, max-snippet:-1, max-image-preview:large, max-video-preview:-1\" \/>\n<link rel=\"canonical\" href=\"https:\/\/www.sorosoro.org\/es\/ser-linguista\/\" \/>\n<meta property=\"og:locale\" content=\"es_ES\" \/>\n<meta property=\"og:type\" content=\"article\" \/>\n<meta property=\"og:title\" content=\"Ser ling\u00fcista - Sorosoro\" \/>\n<meta property=\"og:description\" content=\"Publicado por Colette Grinevald et James Costa el October 7, 2011 &nbsp; Por Colette Grinevald, ling\u00fcista, Laboratorio DDL (Din\u00e1mica de Lenguaje), Universidad Lyon 2, y James Costa, encargado de investigaci\u00f3n, Instituto Franc\u00e9s de Educaci\u00f3n, Escuela Nacional Superior de Lyon. Nacimiento de la disciplina de investigaci\u00f3n El fen\u00f3meno de la desaparici\u00f3n de lenguas es conocido desde [&hellip;]\" \/>\n<meta property=\"og:url\" content=\"https:\/\/www.sorosoro.org\/es\/ser-linguista\/\" \/>\n<meta property=\"og:site_name\" content=\"Sorosoro\" \/>\n<meta property=\"article:modified_time\" content=\"2015-09-05T10:24:57+00:00\" \/>\n<meta name=\"twitter:card\" content=\"summary_large_image\" \/>\n<meta name=\"twitter:label1\" content=\"Tiempo de lectura\" \/>\n\t<meta name=\"twitter:data1\" content=\"5 minutos\" \/>\n<script type=\"application\/ld+json\" class=\"yoast-schema-graph\">{\"@context\":\"https:\/\/schema.org\",\"@graph\":[{\"@type\":\"WebPage\",\"@id\":\"https:\/\/www.sorosoro.org\/es\/ser-linguista\/\",\"url\":\"https:\/\/www.sorosoro.org\/es\/ser-linguista\/\",\"name\":\"Ser ling\u00fcista - Sorosoro\",\"isPartOf\":{\"@id\":\"https:\/\/www.sorosoro.org\/es\/#website\"},\"datePublished\":\"2015-04-14T21:07:55+00:00\",\"dateModified\":\"2015-09-05T10:24:57+00:00\",\"breadcrumb\":{\"@id\":\"https:\/\/www.sorosoro.org\/es\/ser-linguista\/#breadcrumb\"},\"inLanguage\":\"es\",\"potentialAction\":[{\"@type\":\"ReadAction\",\"target\":[\"https:\/\/www.sorosoro.org\/es\/ser-linguista\/\"]}]},{\"@type\":\"BreadcrumbList\",\"@id\":\"https:\/\/www.sorosoro.org\/es\/ser-linguista\/#breadcrumb\",\"itemListElement\":[{\"@type\":\"ListItem\",\"position\":1,\"name\":\"Accueil\",\"item\":\"https:\/\/www.sorosoro.org\/es\/\"},{\"@type\":\"ListItem\",\"position\":2,\"name\":\"Ser ling\u00fcista\"}]},{\"@type\":\"WebSite\",\"@id\":\"https:\/\/www.sorosoro.org\/es\/#website\",\"url\":\"https:\/\/www.sorosoro.org\/es\/\",\"name\":\"Sorosoro\",\"description\":\"Pour que vivent les langues du monde !\",\"potentialAction\":[{\"@type\":\"SearchAction\",\"target\":{\"@type\":\"EntryPoint\",\"urlTemplate\":\"https:\/\/www.sorosoro.org\/es\/?s={search_term_string}\"},\"query-input\":{\"@type\":\"PropertyValueSpecification\",\"valueRequired\":true,\"valueName\":\"search_term_string\"}}],\"inLanguage\":\"es\"}]}<\/script>\n<!-- \/ Yoast SEO plugin. -->","yoast_head_json":{"title":"Ser ling\u00fcista - Sorosoro","robots":{"index":"index","follow":"follow","max-snippet":"max-snippet:-1","max-image-preview":"max-image-preview:large","max-video-preview":"max-video-preview:-1"},"canonical":"https:\/\/www.sorosoro.org\/es\/ser-linguista\/","og_locale":"es_ES","og_type":"article","og_title":"Ser ling\u00fcista - Sorosoro","og_description":"Publicado por Colette Grinevald et James Costa el October 7, 2011 &nbsp; Por Colette Grinevald, ling\u00fcista, Laboratorio DDL (Din\u00e1mica de Lenguaje), Universidad Lyon 2, y James Costa, encargado de investigaci\u00f3n, Instituto Franc\u00e9s de Educaci\u00f3n, Escuela Nacional Superior de Lyon. Nacimiento de la disciplina de investigaci\u00f3n El fen\u00f3meno de la desaparici\u00f3n de lenguas es conocido desde [&hellip;]","og_url":"https:\/\/www.sorosoro.org\/es\/ser-linguista\/","og_site_name":"Sorosoro","article_modified_time":"2015-09-05T10:24:57+00:00","twitter_card":"summary_large_image","twitter_misc":{"Tiempo de lectura":"5 minutos"},"schema":{"@context":"https:\/\/schema.org","@graph":[{"@type":"WebPage","@id":"https:\/\/www.sorosoro.org\/es\/ser-linguista\/","url":"https:\/\/www.sorosoro.org\/es\/ser-linguista\/","name":"Ser ling\u00fcista - Sorosoro","isPartOf":{"@id":"https:\/\/www.sorosoro.org\/es\/#website"},"datePublished":"2015-04-14T21:07:55+00:00","dateModified":"2015-09-05T10:24:57+00:00","breadcrumb":{"@id":"https:\/\/www.sorosoro.org\/es\/ser-linguista\/#breadcrumb"},"inLanguage":"es","potentialAction":[{"@type":"ReadAction","target":["https:\/\/www.sorosoro.org\/es\/ser-linguista\/"]}]},{"@type":"BreadcrumbList","@id":"https:\/\/www.sorosoro.org\/es\/ser-linguista\/#breadcrumb","itemListElement":[{"@type":"ListItem","position":1,"name":"Accueil","item":"https:\/\/www.sorosoro.org\/es\/"},{"@type":"ListItem","position":2,"name":"Ser ling\u00fcista"}]},{"@type":"WebSite","@id":"https:\/\/www.sorosoro.org\/es\/#website","url":"https:\/\/www.sorosoro.org\/es\/","name":"Sorosoro","description":"Pour que vivent les langues du monde !","potentialAction":[{"@type":"SearchAction","target":{"@type":"EntryPoint","urlTemplate":"https:\/\/www.sorosoro.org\/es\/?s={search_term_string}"},"query-input":{"@type":"PropertyValueSpecification","valueRequired":true,"valueName":"search_term_string"}}],"inLanguage":"es"}]}},"_links":{"self":[{"href":"https:\/\/www.sorosoro.org\/es\/wp-json\/wp\/v2\/pages\/63873","targetHints":{"allow":["GET"]}}],"collection":[{"href":"https:\/\/www.sorosoro.org\/es\/wp-json\/wp\/v2\/pages"}],"about":[{"href":"https:\/\/www.sorosoro.org\/es\/wp-json\/wp\/v2\/types\/page"}],"author":[{"embeddable":true,"href":"https:\/\/www.sorosoro.org\/es\/wp-json\/wp\/v2\/users\/1"}],"replies":[{"embeddable":true,"href":"https:\/\/www.sorosoro.org\/es\/wp-json\/wp\/v2\/comments?post=63873"}],"version-history":[{"count":0,"href":"https:\/\/www.sorosoro.org\/es\/wp-json\/wp\/v2\/pages\/63873\/revisions"}],"wp:attachment":[{"href":"https:\/\/www.sorosoro.org\/es\/wp-json\/wp\/v2\/media?parent=63873"}],"curies":[{"name":"wp","href":"https:\/\/api.w.org\/{rel}","templated":true}]}}