{"id":61999,"date":"2011-11-29T14:51:36","date_gmt":"2011-11-29T13:51:36","guid":{"rendered":"http:\/\/www.sorosoro.org\/?page_id=61999"},"modified":"2011-11-29T14:51:36","modified_gmt":"2011-11-29T13:51:36","slug":"el-tektiteko","status":"publish","type":"page","link":"https:\/\/www.sorosoro.org\/es\/el-tektiteko\/","title":{"rendered":"El tektiteko"},"content":{"rendered":"<p style=\"text-align: justify;\"><em>Datos recogidos por la UNICEF<\/em><\/p>\n<h5 style=\"text-align: justify;\">Datos sobre el tektiteko<\/h5>\n<p style=\"text-align: justify;\"><strong>Nombres alternativos<\/strong>: tectiteco, teko, tektit\u00e8que, tektitek<\/p>\n<p style=\"text-align: justify;\"><strong>Area geogr\u00e1fica<\/strong>: Guatemala.<\/p>\n<p style=\"text-align: justify;\">Los hablantes del tektiteko viven principalmente en la regi\u00f3n de Tectit\u00e1n, departamento de Huehuetenango, en una regi\u00f3n monta\u00f1osa en la frontera con M\u00e9xico. Seg\u00fan El <a href=\"http:\/\/www.inali.gob.mx\/\" target=\"_blank\">INALI<\/a>, tambi\u00e9n habr\u00eda hablantes al otro lado de la frontera, en el estado de Chipas, en M\u00e9xico.<\/p>\n<p style=\"text-align: justify;\"><strong>Clasificaci\u00f3n<\/strong>: El tektiteko pertenece a la rama Mam de la <a href=\"https:\/\/www.sorosoro.org\/es\/familia-de-las-lenguas-mayas\">familia de las lenguas mayas<\/a>,  Est\u00e1 muy cerca del mam y de las otras lenguas de la misma rama, el awakateko y el Ixil.<\/p>\n<p style=\"text-align: justify;\"><strong>N\u00famero de hablantes<\/strong>: Es dif\u00edcil saber con exactitud el n\u00famero de hablantes del tektiteko, ella es una de las lenguas mayas que poseen menos hablantes. Seg\u00fan las fuentes, las cifras var\u00edan de 1144 (UNESCO) a 6000, aproximadamente (<em>Ethnologue.com<\/em>)!<\/p>\n<p style=\"text-align: justify;\">El censo de 2002 da una poblaci\u00f3n tektiteko de aproximadamente de 2000 personas, pero se ignora si todos son hablantes de la lengua.<\/p>\n<p style=\"text-align: justify;\"><strong>Estatuto de la lengua<\/strong>: Seg\u00fan el sitio de <em>Linguam\u00f3n<\/em>:<\/p>\n<p style=\"text-align: justify;\">\u00ab La lengua, legalmente, est\u00e1 reconocida en Guatemala. Seg\u00fan la Constituci\u00f3n de Guatemala, el espa\u00f1ol est\u00e1 considerado como la lengua oficial del pa\u00eds, mientras que las \u201clenguas vern\u00e1culas\u201d son parte del patrimonio cultural. En el transcurso de estos \u00faltimos a\u00f1os, muchas iniciativas han sido puestas en marcha (como la Ley de Idiomas Nacionales, en 2003) con el fin de defender y de promover el uso de las lenguas de los pueblos maya, garifunas y xinca. . \u00bb<\/p>\n<p style=\"text-align: justify;\">El tektiteko es parte de las lenguas mayas que est\u00e1n estandarizadas, protegidas y promovidas por la <a href=\"http:\/\/www.almg.org.gt\/\" target=\"_blank\">Academia de Lenguas Mayas de Guatemala<\/a>, Organizaci\u00f3n de estado aut\u00f3nomo, creado en 1990.<\/p>\n<p style=\"text-align: justify;\"><strong>Vitalidad y transmisi\u00f3n<\/strong>: El tektiteko debido al peque\u00f1o n\u00famero de hablantes es probablemente una de las lenguas mayas m\u00e1s amenazada. Y tambi\u00e9n es una de la menos estudiadas y falta mucha informaci\u00f3n cient\u00edfica sobre esta lengua. En el tektiteko que actualmente se habla se encuentran numerosos pr\u00e9stamos del espa\u00f1ol<\/p>\n<p style=\"text-align: justify;\">Varias fuentes  (<em>Ethnologue <\/em>et <em>Linguam\u00f3n<\/em>, entre otros) dan testimonio de una transmisi\u00f3n  siempre existente y de una reciente renovaci\u00f3n de inter\u00e9s de parte de las generaciones m\u00e1s j\u00f3venes en Tectit\u00e1n. Sin embargo, queda mucho por hacer para asegurar el futuro de la lengua.<\/p>\n<p style=\"text-align: justify;\">El tektiteko es parte del programa de documentaci\u00f3n v\u00eddeo de lenguas en peligro realizado por Sorosoro. La filmaci\u00f3n ha tenido lugar en marzo de 2009, con la colaboraci\u00f3n del ling\u00fcista Juventino de Jes\u00fas P\u00e9rez Alonzo.<\/p>\n<p style=\"text-align: justify;\"><a href=\"https:\/\/www.sorosoro.org\/es\/videos-en-lengua-tektiteko-%E2%80%93-guatemala\">Ver los v\u00eddeos en tektiteko en el sitio de Sorosoro<\/a><\/p>\n<p style=\"text-align: justify;\">\n<h5 style=\"text-align: justify;\">Fuentes<\/h5>\n<p style=\"text-align: justify;\">Verdugo, Luc\u00eda. 2010. \u00ab Guatemala \u00bb. In <a href=\"http:\/\/www.movilizando.org\/atlas_tomo1\/pages\/tomo_2.pdf\" target=\"_blank\"><em>Atlas socioling\u00fc\u00edstico de pueblos ind\u00edgenas en Am\u00e9rica Latina<\/em><\/a>, UNICEF. Tome 2, pp Pp 852- 888<\/p>\n<p style=\"text-align: justify;\">\n<h5 style=\"text-align: justify;\">Fuentes en l\u00ednea<\/h5>\n<p style=\"text-align: justify;\"><a href=\"http:\/\/www10.gencat.cat\/pres_casa_llengues\/AppJava\/frontend\/llengues_detall.jsp?id=1015&amp;idioma=6\" target=\"_blank\">P\u00e1gina dedicada al tektiteko en el sitio de <em>Linguam\u00f3n<\/em><\/a><\/p>\n<p style=\"text-align: justify;\">\n<h5 style=\"text-align: justify;\">Bibliograf\u00eda complementaria<\/h5>\n<p style=\"text-align: justify;\">Grinevald, C. 2007 \u00abEndangered Languages of Mexico and Central America\u00bb, in Brenzinger, M. (\u00e9d.), <em>Language Diversity Endangered<\/em>, Trends in Linguistics, Mouton de Gruyter, Berlin-New York.<\/p>\n<p style=\"text-align: justify;\">\n<p style=\"text-align: justify;\">Ver el <a href=\"http:\/\/www.movilizando.org\/atlas_tomo1\/pages\/tomo_2.pdf\" target=\"_blank\"><em>Atlas socioling\u00fc\u00edstico de pueblos ind\u00edgenas en Am\u00e9rica Latina<\/em><\/a> para una bibliograf\u00eda m\u00e1s completa.<\/p>\n<p style=\"text-align: justify;\">\n<p style=\"text-align: justify;\">\n","protected":false},"excerpt":{"rendered":"<p>Datos recogidos por la UNICEF Datos sobre el tektiteko Nombres alternativos: tectiteco, teko, tektit\u00e8que, tektitek Area geogr\u00e1fica: Guatemala. Los hablantes del tektiteko viven principalmente en la regi\u00f3n de Tectit\u00e1n, departamento de Huehuetenango, en una regi\u00f3n monta\u00f1osa en la frontera con M\u00e9xico. Seg\u00fan El INALI, tambi\u00e9n habr\u00eda hablantes al otro lado de la frontera, en el [&hellip;]<\/p>\n","protected":false},"author":18,"featured_media":0,"parent":0,"menu_order":0,"comment_status":"closed","ping_status":"open","template":"","meta":{"footnotes":""},"class_list":["post-61999","page","type-page","status-publish","hentry"],"yoast_head":"<!-- This site is optimized with the Yoast SEO plugin v27.0 - https:\/\/yoast.com\/product\/yoast-seo-wordpress\/ -->\n<title>El tektiteko - Sorosoro<\/title>\n<meta name=\"robots\" content=\"index, follow, max-snippet:-1, max-image-preview:large, max-video-preview:-1\" \/>\n<link rel=\"canonical\" href=\"https:\/\/www.sorosoro.org\/es\/el-tektiteko\/\" \/>\n<meta property=\"og:locale\" content=\"es_ES\" \/>\n<meta property=\"og:type\" content=\"article\" \/>\n<meta property=\"og:title\" content=\"El tektiteko - Sorosoro\" \/>\n<meta property=\"og:description\" content=\"Datos recogidos por la UNICEF Datos sobre el tektiteko Nombres alternativos: tectiteco, teko, tektit\u00e8que, tektitek Area geogr\u00e1fica: Guatemala. Los hablantes del tektiteko viven principalmente en la regi\u00f3n de Tectit\u00e1n, departamento de Huehuetenango, en una regi\u00f3n monta\u00f1osa en la frontera con M\u00e9xico. Seg\u00fan El INALI, tambi\u00e9n habr\u00eda hablantes al otro lado de la frontera, en el [&hellip;]\" \/>\n<meta property=\"og:url\" content=\"https:\/\/www.sorosoro.org\/es\/el-tektiteko\/\" \/>\n<meta property=\"og:site_name\" content=\"Sorosoro\" \/>\n<meta name=\"twitter:card\" content=\"summary_large_image\" \/>\n<meta name=\"twitter:label1\" content=\"Tiempo de lectura\" \/>\n\t<meta name=\"twitter:data1\" content=\"3 minutos\" \/>\n<script type=\"application\/ld+json\" class=\"yoast-schema-graph\">{\"@context\":\"https:\/\/schema.org\",\"@graph\":[{\"@type\":\"WebPage\",\"@id\":\"https:\/\/www.sorosoro.org\/es\/el-tektiteko\/\",\"url\":\"https:\/\/www.sorosoro.org\/es\/el-tektiteko\/\",\"name\":\"El tektiteko - Sorosoro\",\"isPartOf\":{\"@id\":\"https:\/\/www.sorosoro.org\/es\/#website\"},\"datePublished\":\"2011-11-29T13:51:36+00:00\",\"breadcrumb\":{\"@id\":\"https:\/\/www.sorosoro.org\/es\/el-tektiteko\/#breadcrumb\"},\"inLanguage\":\"es\",\"potentialAction\":[{\"@type\":\"ReadAction\",\"target\":[\"https:\/\/www.sorosoro.org\/es\/el-tektiteko\/\"]}]},{\"@type\":\"BreadcrumbList\",\"@id\":\"https:\/\/www.sorosoro.org\/es\/el-tektiteko\/#breadcrumb\",\"itemListElement\":[{\"@type\":\"ListItem\",\"position\":1,\"name\":\"Accueil\",\"item\":\"https:\/\/www.sorosoro.org\/es\/\"},{\"@type\":\"ListItem\",\"position\":2,\"name\":\"El tektiteko\"}]},{\"@type\":\"WebSite\",\"@id\":\"https:\/\/www.sorosoro.org\/es\/#website\",\"url\":\"https:\/\/www.sorosoro.org\/es\/\",\"name\":\"Sorosoro\",\"description\":\"Pour que vivent les langues du monde !\",\"potentialAction\":[{\"@type\":\"SearchAction\",\"target\":{\"@type\":\"EntryPoint\",\"urlTemplate\":\"https:\/\/www.sorosoro.org\/es\/?s={search_term_string}\"},\"query-input\":{\"@type\":\"PropertyValueSpecification\",\"valueRequired\":true,\"valueName\":\"search_term_string\"}}],\"inLanguage\":\"es\"}]}<\/script>\n<!-- \/ Yoast SEO plugin. -->","yoast_head_json":{"title":"El tektiteko - Sorosoro","robots":{"index":"index","follow":"follow","max-snippet":"max-snippet:-1","max-image-preview":"max-image-preview:large","max-video-preview":"max-video-preview:-1"},"canonical":"https:\/\/www.sorosoro.org\/es\/el-tektiteko\/","og_locale":"es_ES","og_type":"article","og_title":"El tektiteko - Sorosoro","og_description":"Datos recogidos por la UNICEF Datos sobre el tektiteko Nombres alternativos: tectiteco, teko, tektit\u00e8que, tektitek Area geogr\u00e1fica: Guatemala. Los hablantes del tektiteko viven principalmente en la regi\u00f3n de Tectit\u00e1n, departamento de Huehuetenango, en una regi\u00f3n monta\u00f1osa en la frontera con M\u00e9xico. Seg\u00fan El INALI, tambi\u00e9n habr\u00eda hablantes al otro lado de la frontera, en el [&hellip;]","og_url":"https:\/\/www.sorosoro.org\/es\/el-tektiteko\/","og_site_name":"Sorosoro","twitter_card":"summary_large_image","twitter_misc":{"Tiempo de lectura":"3 minutos"},"schema":{"@context":"https:\/\/schema.org","@graph":[{"@type":"WebPage","@id":"https:\/\/www.sorosoro.org\/es\/el-tektiteko\/","url":"https:\/\/www.sorosoro.org\/es\/el-tektiteko\/","name":"El tektiteko - Sorosoro","isPartOf":{"@id":"https:\/\/www.sorosoro.org\/es\/#website"},"datePublished":"2011-11-29T13:51:36+00:00","breadcrumb":{"@id":"https:\/\/www.sorosoro.org\/es\/el-tektiteko\/#breadcrumb"},"inLanguage":"es","potentialAction":[{"@type":"ReadAction","target":["https:\/\/www.sorosoro.org\/es\/el-tektiteko\/"]}]},{"@type":"BreadcrumbList","@id":"https:\/\/www.sorosoro.org\/es\/el-tektiteko\/#breadcrumb","itemListElement":[{"@type":"ListItem","position":1,"name":"Accueil","item":"https:\/\/www.sorosoro.org\/es\/"},{"@type":"ListItem","position":2,"name":"El tektiteko"}]},{"@type":"WebSite","@id":"https:\/\/www.sorosoro.org\/es\/#website","url":"https:\/\/www.sorosoro.org\/es\/","name":"Sorosoro","description":"Pour que vivent les langues du monde !","potentialAction":[{"@type":"SearchAction","target":{"@type":"EntryPoint","urlTemplate":"https:\/\/www.sorosoro.org\/es\/?s={search_term_string}"},"query-input":{"@type":"PropertyValueSpecification","valueRequired":true,"valueName":"search_term_string"}}],"inLanguage":"es"}]}},"_links":{"self":[{"href":"https:\/\/www.sorosoro.org\/es\/wp-json\/wp\/v2\/pages\/61999","targetHints":{"allow":["GET"]}}],"collection":[{"href":"https:\/\/www.sorosoro.org\/es\/wp-json\/wp\/v2\/pages"}],"about":[{"href":"https:\/\/www.sorosoro.org\/es\/wp-json\/wp\/v2\/types\/page"}],"author":[{"embeddable":true,"href":"https:\/\/www.sorosoro.org\/es\/wp-json\/wp\/v2\/users\/18"}],"replies":[{"embeddable":true,"href":"https:\/\/www.sorosoro.org\/es\/wp-json\/wp\/v2\/comments?post=61999"}],"version-history":[{"count":0,"href":"https:\/\/www.sorosoro.org\/es\/wp-json\/wp\/v2\/pages\/61999\/revisions"}],"wp:attachment":[{"href":"https:\/\/www.sorosoro.org\/es\/wp-json\/wp\/v2\/media?parent=61999"}],"curies":[{"name":"wp","href":"https:\/\/api.w.org\/{rel}","templated":true}]}}