{"id":61993,"date":"2011-11-29T14:44:29","date_gmt":"2011-11-29T13:44:29","guid":{"rendered":"http:\/\/www.sorosoro.org\/?page_id=61993"},"modified":"2011-11-29T14:44:29","modified_gmt":"2011-11-29T13:44:29","slug":"el-kaqchikel","status":"publish","type":"page","link":"https:\/\/www.sorosoro.org\/es\/el-kaqchikel\/","title":{"rendered":"El kaqchikel"},"content":{"rendered":"<p style=\"text-align: justify;\"><em>Datos recogidos  por la UNICEF<\/em><\/p>\n<h5 style=\"text-align: justify;\">Datos sobre la lengua kaqchikel<\/h5>\n<p style=\"text-align: justify;\"><strong>Nombres alternativos<\/strong>: cakchiquel<\/p>\n<p style=\"text-align: justify;\"><strong>\u00c1rea geogr\u00e1fica<\/strong>: Guatemala. Los hablantes del kaqchikel, en su mayor\u00eda, viven en la regi\u00f3n volc\u00e1nica del departamento de Chimaltenango, cerca del lago Atitl\u00e1n, as\u00ed como en la capital y en los departamentos vecinos de Sacatep\u00e9quez, de Solol\u00e1, de Suchitep\u00e9quez.<\/p>\n<p style=\"text-align: justify;\">Tambi\u00e9n en M\u00e9xico se encuentran algunos hablantes de kaqchikel, poblaciones que por los a\u00f1os de 1980 han migrado para huir de \u201cla violencia\u201d, la guerra civil guatemalteca, que especialmente ha afectado a las poblaciones mayas.<\/p>\n<p style=\"text-align: justify;\"><strong>Clasificaci\u00f3n<\/strong>: F<a href=\"https:\/\/www.sorosoro.org\/es\/familia-de-las-lenguas-mayas\">amilia de lenguas mayas<\/a>, rama k\u2019iche\u2019.<\/p>\n<p style=\"text-align: justify;\">Entre las 30 lenguas mayas que a\u00fan se hablan, el kaqchikel est\u00e1 cerca del k\u2019iche\u00e9 y del tz\u2019utujil.<\/p>\n<p style=\"text-align: justify;\"><strong>Principales dialectos<\/strong>: Existe una importante diversificaci\u00f3n dialectal del kaqchikel, pero el n\u00famero exacto de estos dialectos no tiene consenso. <em>Ethnologue.com<\/em> cuenta una decena de la  variante dialectal del kaqchikel. Las variantes del este y del centro son aqu\u00e9llas que tienen el n\u00famero m\u00e1s grande de hablantes.<\/p>\n<p style=\"text-align: justify;\"><strong>N\u00famero de hablantes<\/strong>: en Guatemala, generalmente, se estima unos 500 000 hablantes del kaqchikel. El censo guatemalteco del 2002 da la cantidad de 444954 hablantes.<\/p>\n<p style=\"text-align: justify;\">Seg\u00fan el censo del 2000, en M\u00e9xico, el  n\u00famero de hablantes no exceder\u00eda de la treintena de personas<\/p>\n<p style=\"text-align: justify;\"><strong>Estatuto de la lengua<\/strong>: Seg\u00fan el lugar de <em>Linguam\u00f3n<\/em>:<\/p>\n<p style=\"text-align: justify;\">\u00ab  La lengua legalmente est\u00e1 reconocida en Guatemala. Seg\u00fan la Constituci\u00f3n de Guatemala, el espa\u00f1ol est\u00e1 considerada como la lengua oficial del pa\u00eds, mientras que las lenguas vern\u00e1culas\u00bb son parte del patrimonio cultural. En el transcurso de estos \u00faltimos a\u00f1os, muchas iniciativas han sido puestas en marcha (como la Ley de Idiomas Nacionales, en 2003) con el prop\u00f3sito de defender y de promover el uso de las lenguas del pueblo maya, garifunas y xinca. \u00bb<\/p>\n<p style=\"text-align: justify;\">El kaqchikel forma parte de las lenguas que est\u00e1n estandarizadas, protegidas y promovidas por la <a href=\"http:\/\/www.almg.org.gt\/\" target=\"_blank\">Academia de Lenguas Mayas de Guatemala<\/a>, Organizaci\u00f3n del estado aut\u00f3nomo, creado en  1990.<\/p>\n<p style=\"text-align: justify;\"><strong>Vitalidad y tansmisi\u00f3n<\/strong>: El kaqchikel es una de las lenguas mayas de Guatemala que cuenta con m\u00e1s hablantes (con el k\u2019iche\u00e9, el mam y el q\u2019eqchi). Sin embargo, este gran n\u00famero relativo de hablantes enmascara una situaci\u00f3n, de hecho, desfavorable.<\/p>\n<p style=\"text-align: justify;\">Los hablantes de kaqchikel, pr\u00e1cticamente, todos son biling\u00fces en espa\u00f1ol y el uso de la lengua\t ancestral est\u00e1 perdiendo velocidad, especialmente en las m\u00e1s nuevas generaciones que favorecen al espa\u00f1ol. Existe el temor de que ellos cesen de transmitir el kaqchikel y que muy r\u00e1pidamente se podr\u00eda ver que el n\u00famero de hablantes haya disminuido. Con el, partes enteras de la cultura y de los saberes mayas est\u00e1n amenazados de desaparecer.<\/p>\n<p style=\"text-align: justify;\">El kaqchikel es parte del programa de documentaci\u00f3n video de las lenguas en peligro realizado por Sorosoro. La filmaci\u00f3n ha tenido lugar en marzo de 2009 con la colaboraci\u00f3n de la ling\u00fcista Nikte Sis Iboy.<\/p>\n<p style=\"text-align: justify;\"><a href=\"https:\/\/www.sorosoro.org\/es\/videos-en-lengua-kaqchikel-%E2%80%93-guatemala\">Ver les v\u00eddeos en kaqchikel en el site de Sorosoro<\/a><\/p>\n<p style=\"text-align: justify;\">\n<h5 style=\"text-align: justify;\">Precisiones hist\u00f3ricas y etnogr\u00e1ficas<\/h5>\n<p style=\"text-align: justify;\">Muy poco se sabe de la historia precolonial del grupo kaqchikel. En el momento de la conquista, la ciudad de Iximche, cuyas ruinas actualmente constituyen un lugar tur\u00edstico muy visitado, era el centro pol\u00edtico mayor kaqchikel.<\/p>\n<p style=\"text-align: justify;\">La regi\u00f3n donde viven los kaqchikel es una regi\u00f3n volc\u00e1nica y pobre donde la cultura del ma\u00edz durante mucho tiempo ha jugado un rol  preponderante en la econom\u00eda local. Tambi\u00e9n es un s\u00edmbolo religioso que juega un rol central en la cultura kaqchikel.<\/p>\n<p style=\"text-align: justify;\">Desde algunos a\u00f1os la presi\u00f3n econ\u00f3mica amenaza este modo de vida empujando a las poblaciones a volver hacia otros modos de subsistencia (la artesan\u00eda ligada al desarrollo del turismo) pero sobre todo a migrar hacia los centros urbanos para buscar trabajo. Esta migraci\u00f3n econ\u00f3mica siempre resulta un abandono de la cultura, de los conocimientos t\u00e9cnicos y  de la lengua kaqchikel.<\/p>\n<p style=\"text-align: justify;\">\n<h5 style=\"text-align: justify;\">Fuentes<\/h5>\n<p style=\"text-align: justify;\">Verdugo, Luc\u00eda. 2010. \u00ab Guatemala \u00bb. In <a href=\"http:\/\/www.movilizando.org\/atlas_tomo1\/pages\/tomo_2.pdf\" target=\"_blank\"><em>Atlas socioling\u00fc\u00edstico de pueblos ind\u00edgenas en Am\u00e9rica Latina<\/em><\/a>, UNICEF. Tomo 2, pp Pp 852- 888<\/p>\n<p style=\"text-align: justify;\">\n<h5 style=\"text-align: justify;\">Fuentes en l\u00ednea<\/h5>\n<p style=\"text-align: justify;\"><a href=\"http:\/\/www10.gencat.net\/pres_casa_llengues\/AppJava\/frontend\/llengues_detall.jsp?id=1005&amp;idioma=6\" target=\"_blank\">P\u00e1gina dedicada al kaqchikel en el site de <em>Linguam\u00f3n<\/em><\/a><\/p>\n<p style=\"text-align: justify;\">\n<h5 style=\"text-align: justify;\">Bibliograf\u00eda complementaria<\/h5>\n<p style=\"text-align: justify;\">Cojt\u00ed Macario, Narciso et al. 2001. <em>Diccionario Kaqchikel<\/em>. Cholsamaj Fundacion, Guatemala.<\/p>\n<p style=\"text-align: justify;\">Garzon, Susan. 1998.<em> The life of our language: Kaqchikel Maya maintenance, shift, and revitalization<\/em>. Univesity of Texas Press.<\/p>\n<p style=\"text-align: justify;\">Grinevald, C. 2007 \u00abEndangered Languages of Mexico and Central America\u00bb, in Brenzinger, M. (\u00e9d.), <em>Language Diversity Endangered<\/em>, Trends in Linguistics, Mouton de Gruyter, Berlin-New York.<\/p>\n<p style=\"text-align: justify;\">McKenna Brown, R. et al. 2006. <em>La \u00fctz aw\u00e4ch?: introduction to Kaqchikel Maya language<\/em>. University of Texas Press<\/p>\n<p style=\"text-align: justify;\">\n<p style=\"text-align: justify;\">Ver el <a href=\"http:\/\/www.movilizando.org\/atlas_tomo1\/pages\/tomo_2.pdf\" target=\"_blank\"><em>Atlas socioling\u00fc\u00edstico de pueblos ind\u00edgenas en Am\u00e9rica Latina<\/em><\/a> por una bibliograf\u00eda m\u00e1s  completa.<\/p>\n<p style=\"text-align: justify;\">\n<p style=\"text-align: justify;\">\n","protected":false},"excerpt":{"rendered":"<p>Datos recogidos por la UNICEF Datos sobre la lengua kaqchikel Nombres alternativos: cakchiquel \u00c1rea geogr\u00e1fica: Guatemala. Los hablantes del kaqchikel, en su mayor\u00eda, viven en la regi\u00f3n volc\u00e1nica del departamento de Chimaltenango, cerca del lago Atitl\u00e1n, as\u00ed como en la capital y en los departamentos vecinos de Sacatep\u00e9quez, de Solol\u00e1, de Suchitep\u00e9quez. Tambi\u00e9n en M\u00e9xico [&hellip;]<\/p>\n","protected":false},"author":18,"featured_media":0,"parent":0,"menu_order":0,"comment_status":"closed","ping_status":"open","template":"","meta":{"footnotes":""},"class_list":["post-61993","page","type-page","status-publish","hentry"],"yoast_head":"<!-- This site is optimized with the Yoast SEO plugin v27.0 - https:\/\/yoast.com\/product\/yoast-seo-wordpress\/ -->\n<title>El kaqchikel - Sorosoro<\/title>\n<meta name=\"robots\" content=\"index, follow, max-snippet:-1, max-image-preview:large, max-video-preview:-1\" \/>\n<link rel=\"canonical\" href=\"https:\/\/www.sorosoro.org\/es\/el-kaqchikel\/\" \/>\n<meta property=\"og:locale\" content=\"es_ES\" \/>\n<meta property=\"og:type\" content=\"article\" \/>\n<meta property=\"og:title\" content=\"El kaqchikel - Sorosoro\" \/>\n<meta property=\"og:description\" content=\"Datos recogidos por la UNICEF Datos sobre la lengua kaqchikel Nombres alternativos: cakchiquel \u00c1rea geogr\u00e1fica: Guatemala. Los hablantes del kaqchikel, en su mayor\u00eda, viven en la regi\u00f3n volc\u00e1nica del departamento de Chimaltenango, cerca del lago Atitl\u00e1n, as\u00ed como en la capital y en los departamentos vecinos de Sacatep\u00e9quez, de Solol\u00e1, de Suchitep\u00e9quez. Tambi\u00e9n en M\u00e9xico [&hellip;]\" \/>\n<meta property=\"og:url\" content=\"https:\/\/www.sorosoro.org\/es\/el-kaqchikel\/\" \/>\n<meta property=\"og:site_name\" content=\"Sorosoro\" \/>\n<meta name=\"twitter:card\" content=\"summary_large_image\" \/>\n<meta name=\"twitter:label1\" content=\"Tiempo de lectura\" \/>\n\t<meta name=\"twitter:data1\" content=\"4 minutos\" \/>\n<script type=\"application\/ld+json\" class=\"yoast-schema-graph\">{\"@context\":\"https:\/\/schema.org\",\"@graph\":[{\"@type\":\"WebPage\",\"@id\":\"https:\/\/www.sorosoro.org\/es\/el-kaqchikel\/\",\"url\":\"https:\/\/www.sorosoro.org\/es\/el-kaqchikel\/\",\"name\":\"El kaqchikel - Sorosoro\",\"isPartOf\":{\"@id\":\"https:\/\/www.sorosoro.org\/es\/#website\"},\"datePublished\":\"2011-11-29T13:44:29+00:00\",\"breadcrumb\":{\"@id\":\"https:\/\/www.sorosoro.org\/es\/el-kaqchikel\/#breadcrumb\"},\"inLanguage\":\"es\",\"potentialAction\":[{\"@type\":\"ReadAction\",\"target\":[\"https:\/\/www.sorosoro.org\/es\/el-kaqchikel\/\"]}]},{\"@type\":\"BreadcrumbList\",\"@id\":\"https:\/\/www.sorosoro.org\/es\/el-kaqchikel\/#breadcrumb\",\"itemListElement\":[{\"@type\":\"ListItem\",\"position\":1,\"name\":\"Accueil\",\"item\":\"https:\/\/www.sorosoro.org\/es\/\"},{\"@type\":\"ListItem\",\"position\":2,\"name\":\"El kaqchikel\"}]},{\"@type\":\"WebSite\",\"@id\":\"https:\/\/www.sorosoro.org\/es\/#website\",\"url\":\"https:\/\/www.sorosoro.org\/es\/\",\"name\":\"Sorosoro\",\"description\":\"Pour que vivent les langues du monde !\",\"potentialAction\":[{\"@type\":\"SearchAction\",\"target\":{\"@type\":\"EntryPoint\",\"urlTemplate\":\"https:\/\/www.sorosoro.org\/es\/?s={search_term_string}\"},\"query-input\":{\"@type\":\"PropertyValueSpecification\",\"valueRequired\":true,\"valueName\":\"search_term_string\"}}],\"inLanguage\":\"es\"}]}<\/script>\n<!-- \/ Yoast SEO plugin. -->","yoast_head_json":{"title":"El kaqchikel - Sorosoro","robots":{"index":"index","follow":"follow","max-snippet":"max-snippet:-1","max-image-preview":"max-image-preview:large","max-video-preview":"max-video-preview:-1"},"canonical":"https:\/\/www.sorosoro.org\/es\/el-kaqchikel\/","og_locale":"es_ES","og_type":"article","og_title":"El kaqchikel - Sorosoro","og_description":"Datos recogidos por la UNICEF Datos sobre la lengua kaqchikel Nombres alternativos: cakchiquel \u00c1rea geogr\u00e1fica: Guatemala. Los hablantes del kaqchikel, en su mayor\u00eda, viven en la regi\u00f3n volc\u00e1nica del departamento de Chimaltenango, cerca del lago Atitl\u00e1n, as\u00ed como en la capital y en los departamentos vecinos de Sacatep\u00e9quez, de Solol\u00e1, de Suchitep\u00e9quez. Tambi\u00e9n en M\u00e9xico [&hellip;]","og_url":"https:\/\/www.sorosoro.org\/es\/el-kaqchikel\/","og_site_name":"Sorosoro","twitter_card":"summary_large_image","twitter_misc":{"Tiempo de lectura":"4 minutos"},"schema":{"@context":"https:\/\/schema.org","@graph":[{"@type":"WebPage","@id":"https:\/\/www.sorosoro.org\/es\/el-kaqchikel\/","url":"https:\/\/www.sorosoro.org\/es\/el-kaqchikel\/","name":"El kaqchikel - Sorosoro","isPartOf":{"@id":"https:\/\/www.sorosoro.org\/es\/#website"},"datePublished":"2011-11-29T13:44:29+00:00","breadcrumb":{"@id":"https:\/\/www.sorosoro.org\/es\/el-kaqchikel\/#breadcrumb"},"inLanguage":"es","potentialAction":[{"@type":"ReadAction","target":["https:\/\/www.sorosoro.org\/es\/el-kaqchikel\/"]}]},{"@type":"BreadcrumbList","@id":"https:\/\/www.sorosoro.org\/es\/el-kaqchikel\/#breadcrumb","itemListElement":[{"@type":"ListItem","position":1,"name":"Accueil","item":"https:\/\/www.sorosoro.org\/es\/"},{"@type":"ListItem","position":2,"name":"El kaqchikel"}]},{"@type":"WebSite","@id":"https:\/\/www.sorosoro.org\/es\/#website","url":"https:\/\/www.sorosoro.org\/es\/","name":"Sorosoro","description":"Pour que vivent les langues du monde !","potentialAction":[{"@type":"SearchAction","target":{"@type":"EntryPoint","urlTemplate":"https:\/\/www.sorosoro.org\/es\/?s={search_term_string}"},"query-input":{"@type":"PropertyValueSpecification","valueRequired":true,"valueName":"search_term_string"}}],"inLanguage":"es"}]}},"_links":{"self":[{"href":"https:\/\/www.sorosoro.org\/es\/wp-json\/wp\/v2\/pages\/61993","targetHints":{"allow":["GET"]}}],"collection":[{"href":"https:\/\/www.sorosoro.org\/es\/wp-json\/wp\/v2\/pages"}],"about":[{"href":"https:\/\/www.sorosoro.org\/es\/wp-json\/wp\/v2\/types\/page"}],"author":[{"embeddable":true,"href":"https:\/\/www.sorosoro.org\/es\/wp-json\/wp\/v2\/users\/18"}],"replies":[{"embeddable":true,"href":"https:\/\/www.sorosoro.org\/es\/wp-json\/wp\/v2\/comments?post=61993"}],"version-history":[{"count":0,"href":"https:\/\/www.sorosoro.org\/es\/wp-json\/wp\/v2\/pages\/61993\/revisions"}],"wp:attachment":[{"href":"https:\/\/www.sorosoro.org\/es\/wp-json\/wp\/v2\/media?parent=61993"}],"curies":[{"name":"wp","href":"https:\/\/api.w.org\/{rel}","templated":true}]}}