{"id":61435,"date":"2011-11-16T16:43:23","date_gmt":"2011-11-16T15:43:23","guid":{"rendered":"http:\/\/www.sorosoro.org\/?page_id=61435"},"modified":"2011-11-16T16:47:59","modified_gmt":"2011-11-16T15:47:59","slug":"familia-de-las-lenguas-inuit-yupik-aleutas","status":"publish","type":"page","link":"https:\/\/www.sorosoro.org\/es\/familia-de-las-lenguas-inuit-yupik-aleutas\/","title":{"rendered":"Familia de las lenguas inuit-yupik-aleutas"},"content":{"rendered":"<h4 style=\"text-align: justify;\">Datos sobre las lenguas  inuit-yupik-aleutas<\/h4>\n<h5 style=\"text-align: justify;\">\u00bfD\u00f3nde se hablan las lenguas inuit-yupik-aleutas ?<\/h5>\n<p style=\"text-align: justify;\">Ellas son habladas en una regi\u00f3n llamada sub-\u00e1rtica, en el extremo norte del mundo, en dos continentes: el <strong>Asia <\/strong>y la <strong>Am\u00e9rica del norte<\/strong>, y en cuatro pa\u00edses: <strong>Rusia <\/strong>(la costa este de la Siberia y las Islas Aleotianas), los <strong>Estados Unidos<\/strong> (en el estado de Alaska), <strong>Canad\u00e1 <\/strong>(en las provincias de Yuk\u00f3n, los territorios del Nor-oeste, de Nunavut y de Quebec) y en <strong>Groenlandia<\/strong>.<\/p>\n<h5 style=\"text-align: justify;\">\u00bfQui\u00e9nes hablan estas lenguas?<\/h5>\n<p style=\"text-align: justify;\">Los hablantes de las lenguas inuit-yupik-aleutas son los miembros de las \u00ab primeras naciones \u00bb norteamericanas que habitaron la regi\u00f3n mucho antes de la llegada de los europeos y la creaci\u00f3n de los Estados Unidos y de Canad\u00e1. Una parte de estos hablantes viven en la costa  y en los archipi\u00e9lagos de la Siberia oriental, en Rusia.<\/p>\n<h5 style=\"text-align: justify;\">N\u00famero total de hablantes (una estimaci\u00f3n)<\/h5>\n<p style=\"text-align: justify;\">Aproximadamente unos 90 000 seg\u00fan la UNESCO y el site del SIL<em> ethnologue.com<\/em><\/p>\n<h5 style=\"text-align: justify;\">Clasificaci\u00f3n<\/h5>\n<p style=\"text-align: justify;\"><strong>Aleut <\/strong>(nombre alternativo: unangan) : 20 hablantes para los dialectos del este y 500 para los dialectos del oeste, seg\u00fan la UNESCO y SIL<\/p>\n<p style=\"text-align: justify;\"><span style=\"text-decoration: underline;\">Sub familia inuit<\/span><\/p>\n<p style=\"text-align: justify; padding-left: 30px;\">Rama Yupik<\/p>\n<p style=\"text-align: justify; padding-left: 60px;\">Grupo Yupik Siberiano (nombres alternativos: <em>eskimo <\/em>asi\u00e1tico; <em>yuit<\/em>)<\/p>\n<p style=\"text-align: justify; padding-left: 90px;\"><strong>Naukanski <\/strong>(nombre alternativo: <em>naukan<\/em>): 70 hablantes seg\u00fan la UNESCO y SIL<\/p>\n<p style=\"text-align: justify; padding-left: 90px;\"><strong>Sirenikski<\/strong>: extinta<\/p>\n<p style=\"text-align: justify; padding-left: 90px;\"><strong>Yupik Siberiano Central<\/strong>: 200 hablantes seg\u00fan la UNESCO<\/p>\n<p style=\"text-align: justify; padding-left: 60px;\">Grupo Yupik de Alaska<\/p>\n<p style=\"text-align: justify; padding-left: 90px;\"><strong>Yupik de Alaska Central<\/strong>: 10 400 hablantes seg\u00fan la UNESCO y SIL<\/p>\n<p style=\"text-align: justify; padding-left: 90px;\"><strong>Yupik del Golfo Pac\u00edfico <\/strong>(nombres alternativos: <em>alutiiq<\/em>, <em>suk<\/em>): 200 hablantes seg\u00fan la UNESCO y 400 seg\u00fan SIL<\/p>\n<p style=\"text-align: justify; padding-left: 30px;\">Rama Inupiaq-Inuktitut-kalaallisut (o <em>inuit<\/em>)<\/p>\n<p style=\"text-align: justify; padding-left: 90px;\"><strong>Inupiaq-Inuktitut<\/strong>: 75 000 hablantes seg\u00fan SIL<\/p>\n<p style=\"text-align: justify; padding-left: 90px;\"><a href=\"https:\/\/www.sorosoro.org\/es\/el-kalaallisut\"><strong>Kalaallisut<\/strong><\/a>: aproximadamente 50 000 hablantes<\/p>\n<h5 style=\"text-align: justify;\">Comentarios sobre la clasificaci\u00f3n<\/h5>\n<p style=\"text-align: justify;\">Esta familia se divide en dos sub-familias principales:<\/p>\n<p style=\"text-align: justify;\">&#8211; La sub-familia aleuta<\/p>\n<p style=\"text-align: justify;\">&#8211; La sub-familia eskimo (Yupik-Inuktitut)<\/p>\n<p style=\"text-align: justify;\">La <strong>aleuta <\/strong>(o unangan) al principio fue hablada en las islas Aleutianas, las islas Pribilof, las islas Shumagin y el extremo oeste de la pen\u00ednsula de Alaska, pero en siglo XIX muchos pueblos fueron deportados y concentrados a lo largo del Kamtchatka en las islas del Comendador. En el curso de este per\u00edodo, la poblaci\u00f3n aleuta habr\u00eda sido reducida del 90%, al pasar de una estimaci\u00f3n <strong>de 25000 a 1491 personas<\/strong>, seg\u00fan el censo de 1910.<\/p>\n<p style=\"text-align: justify;\">La sub-familia inuit est\u00e1 constituida de dos grupos principales, <strong>las lenguas yupik<\/strong> y<strong> el i\u00f1upiak-inuktitut-kalaallisut<\/strong>.  Las lenguas yupik son habladas en la extremidad de la Siberia oriental, y en Alaska (donde se ubica probablemente el origen del proto-inuit-aleuta), mientras que el i\u00f1upiak-inuktitut-kalaallisut es un inmenso <strong>continuum <\/strong>al extenderse desde Alaska hasta Groenlandia.  Esta compuesta de muchas variantes  cuyo estatuto de lenguas pr\u00f3ximas o de variantes dialectales de una misma lengua es tema de debates.<\/p>\n<p style=\"text-align: justify;\">El <strong>inuktitut<\/strong>, lengua oficial de Nunavut y el <strong>kalaallisut<\/strong>, lengua oficial de Groenlandia forman parte de este continuum.<\/p>\n<h5 style=\"text-align: justify;\">\u00bfLas lenguas eskimo- aleutas est\u00e1n en peligro ?<\/h5>\n<p style=\"text-align: justify;\">S\u00ed, el <strong>sirenenski <\/strong>es una lengua extinta desde 1997. El <strong>aleuta<\/strong>, que solo cuenta con algunas centenas de hablantes de mucha edad, est\u00e1 clasificada en situaci\u00f3n cr\u00edtica seg\u00fan los criterios de la UNESCO (muy probablemente estar\u00e1 extinta en los a\u00f1os que vienen si nada se hace para salvarla), todo como son las dos lenguas supervivientes de la rama siberiana de lenguas yupik.<\/p>\n<p style=\"text-align: justify;\">El <strong>suk <\/strong>igualmente est\u00e1 en<em> situaci\u00f3n cr\u00edtica<\/em>. Solo el <strong>yupik de Alaska central <\/strong>parece estar un poco menos en peligro, pero la mayor\u00eda de los hablantes j\u00f3venes no aprenden m\u00e1s la lengua de sus padres y hablan el ingl\u00e9s como primera lengua. Pues corre el peligro de desaparecer en un futuro pr\u00f3ximo.<\/p>\n<p style=\"text-align: justify;\"><strong>El conjunto inuit <\/strong>est\u00e1 en una situaci\u00f3n un poco diferente. El <strong>inuktitut <\/strong>es la lengua oficial de la nueva provincia de Nunavut (creada en 1999) lo que deber\u00eda darle una cierta protecci\u00f3n. Sin embargo, actualmente, el <strong>inuktitut <\/strong>como el <strong>i\u00f1upiak <\/strong>est\u00e1n consideradas como <em>vulnerables <\/em>por la UNESCO.  El <strong>kallallisut<\/strong>, en Groenlandia, es la \u00fanica lengua de la familia que no est\u00e1 en peligro.<\/p>\n<p style=\"text-align: justify;\">\n<h4 style=\"text-align: justify;\">Elementos etnogr\u00e1ficos<\/h4>\n<h5 style=\"text-align: justify;\">\u00bfC\u00f3mo viven los hablantes de las lenguas inuit-yupik-aleutas?<\/h5>\n<p style=\"text-align: justify;\">Estos son poblaciones de <strong>cazadores- pescadores<\/strong>. La base de la alimentaci\u00f3n es animal como tambi\u00e9n la materia prima de la artesan\u00eda, arquitectura, etc., dado a la pobreza de la flora en esas regiones. Solo se encuentran algunas  bayas, el verano en las zonas menos glaciales, y ocasionalmente la madera flotando.<\/p>\n<p style=\"text-align: justify;\">El modo de vida tradicional de los pueblos como la de los inuits es <strong>semi-n\u00f3made<\/strong>: sedentarios en el invierno y viven en las construcciones s\u00f3lidas y durables; n\u00f3mades en el verano, se consagran a la caza, a la pesca para la constituci\u00f3n de las reservas.<\/p>\n<p style=\"text-align: justify;\">El medio ambiente en el que viven los inuits de hecho ha sido siempre un ejemplo de la extraordinaria facultad de adaptaci\u00f3n de los pueblos humanos y ha ejercido una cierta fascinaci\u00f3n en los europeos, lo que no ha impedido a estos de desplazar las poblaciones, de explotar y contaminar las zonas de caza y de pesca. Hoy en d\u00eda, el modo de vida de los inuits, de los yupik y de las otras poblaciones sub-\u00e1rticas est\u00e1 muy amenazado por el calentamiento clim\u00e1tico y por las diversas contaminaciones que destruyen la fauna de estas regiones.<\/p>\n<h5 style=\"text-align: justify;\">\u00bfC\u00f3mo son las casas de los inuits ?<\/h5>\n<p style=\"text-align: justify;\">Contrariamente al estereotipo, los inuits antes de la colonizaci\u00f3n no viv\u00edan en los igl\u00faes de nieve esculpida. M\u00e1s bien, estos al ser considerados como refugios temporales (aunque de un confort que asombra) siempre estaban en un brazo de mar congelado. Exist\u00eda tambi\u00e9n \u201cigl\u00faes\u201d en c\u00fapula hechos de turba.<\/p>\n<p style=\"text-align: justify;\">La palabra \u00ab <strong>igl\u00fa <\/strong>\u00bb en inuktiitut designa, de hecho, una casa, cualquiera que fuera su forma y el material utilizado. En cambio, la nieve estaba siempre a\u00f1adida al h\u00e1bitat permanente del invierno, por sus propiedades aislantes.<\/p>\n<p style=\"text-align: justify;\">En adelante, los inuits viven en casas modernas, como los europeos. Los igl\u00faes no son m\u00e1s que construcciones para darse el gusto y para los turistas.<\/p>\n<p style=\"text-align: justify;\">\n<h4 style=\"text-align: justify;\">Precisiones ling\u00fc\u00edsticas<\/h4>\n<h5 style=\"text-align: justify;\">Caracter\u00edsticas ling\u00fc\u00edsticas de las lenguas inuit-yupik-aleutas:<\/h5>\n<p style=\"text-align: justify;\">Entre las  numerosas especificidades ling\u00fc\u00edsticas de las lenguas inuit-yupik-aleutas hemos escogido, para presentarles, su <strong>sistema  muy aglutinante<\/strong> de construcci\u00f3n de las palabras:<\/p>\n<p style=\"text-align: justify;\">Para mayor claridad hemos tomado un ejemplo, en i\u00f1upiak-inuktiitut:<\/p>\n<p style=\"text-align: justify;\"><strong>Tusaatsiarunnanngittualuujunga<\/strong>. En espa\u00f1ol significa en: \u00ab yo no entiendo muy bien. \u00bb<\/p>\n<p style=\"text-align: justify;\">Esta palabra se podr\u00eda descomponer de la manera siguiente: la ra\u00edz <strong>Tusaa<\/strong>&#8211;<strong> <\/strong>(\u201centender\u201d) seguido de 5 sufijos:<\/p>\n<p style=\"text-align: justify;\"><strong>tsiaq<\/strong>&#8211; (\u00ab bien \u00bb), &#8211;<strong>junnaq<\/strong>&#8211; (\u00ab ser capaz de\u00bb), &#8211;<strong>nngit<\/strong>&#8211; (negaci\u00f3n), &#8211;<strong>tualuu<\/strong>&#8211; (\u00ab mucho \u00bb),  &#8211;<strong>junga <\/strong>(marca de la primera persona del presente del modo indicativo).<\/p>\n<p style=\"text-align: justify;\">Esta palabra ilustra el hecho de que las lenguas eskimo-aleutas son lenguas altamente polisint\u00e9ticas, es decir, que una palabra puede estar compuesta por una continuaci\u00f3n de morfemas lexicales (sustantivos, verbos, adjetivos, etc.), como si las partes de una frase entera, los unos con los otros, estar\u00edan soldadas con aut\u00f3gena para constituir una sola palabra.<\/p>\n<p style=\"text-align: justify;\">Por otra parte, estas lenguas son <strong>aglutinantes<\/strong>: las palabras se forman a partir de una ra\u00edz lexical que porta el \u201csentido\u201d principal, a la cual se pueda a\u00f1adir cierto n\u00famero de morfemas gramaticales llamados <strong>afijos<\/strong>, que dan las indicaciones de orden gramatical, y que en una lengua como el franc\u00e9s o espa\u00f1ol pueden traducirse por palabras independientes (preposiciones, art\u00edculos, pronombres, etc.).<\/p>\n<p style=\"text-align: justify;\">En <strong>i\u00f1upiak-inuktitut <\/strong>la ra\u00edz se coloca siempre en primer lugar, y el n\u00famero de sufijos (morfemas que se a\u00f1aden despu\u00e9s de la ra\u00edz) posibles es extremadamente elevada, solo es limitado por la comprensibilidad y por su funci\u00f3n gramatical. Este orden puede variar seg\u00fan lo que se desea poner a continuaci\u00f3n (con la excepci\u00f3n del sufijo casual que siempre se coloca al final).<\/p>\n<h5 style=\"text-align: justify;\">\u00bfCu\u00e1ntas palabras hay en inuit para decir \u00ab la nieve \u00bb ?<\/h5>\n<p style=\"text-align: justify;\">En 1911, en <em>Handbook of North American Indians<\/em>, el ling\u00fcista americano Franz Boas cita cuatro palabras: <em>aput <\/em>(nieve en el suelo), <em>gana <\/em>(nieve que cae), <em>piqsirpoq <\/em>(borrasca de nieve) y <em>qimuqsuq <\/em>(acumulaci\u00f3n de nieve, un mont\u00f3n). Evidentemente, el hecho de dar nombres diferentes a las diversas maneras como se presenta la nieve est\u00e1 ligada a su importancia en la vida de los inuits.<\/p>\n<p style=\"text-align: justify;\">Sin embargo, se podr\u00e1 hacer tres observaciones para atenuar la originalidad de este fen\u00f3meno:<\/p>\n<p style=\"text-align: justify;\">&#8211; En primer lugar, es del mismo orden que todas las \u201clenguas de la especialidad\u201d de los profesionales (de la mec\u00e1nica, de la medicina, de la imprenta, de la bot\u00e1nica, etc.).<\/p>\n<p style=\"text-align: justify;\">&#8211; En seguida, se podr\u00eda decir que con  \u201clluvia, r\u00edo, charco, pantano, mar cascada\u201d, etc. el franc\u00e9s tiene muchos nombres para \u201cel agua\u201d.<\/p>\n<p style=\"text-align: justify;\">&#8211; Finalmente (y el mismo Boas dice), lo que ser\u00eda expresado por una sola palabra en inuktitut puede serlo por un grupo de palabras en otra lengua: as\u00ed se puede hablar de \u201cnieve en polvo, pegada, fundida, endurecida\u201d, etc., e incluso como se la ha visto, emplear una sola palabra (\u201cmont\u00f3n\u201d) o incluso sustantivar los adjetivos (\u201cla polvorienta\u201d)<\/p>\n<p style=\"text-align: justify;\">Es que la idea de varias palabras para la \u00ab nieve \u00bb, siempre asociada a la fascinaci\u00f3n por una cultura muy diferente de la nuestra ha dado lugar a un verdadero <strong>mito <\/strong>y a una inflaci\u00f3n de este n\u00famero de nombres para decir nieve. En efecto, algunos han hablado de diez, luego de cincuenta, y otros incluso han ido hasta doscientos. \u00a1Pero esto es falso!<\/p>\n<p style=\"text-align: justify;\">Por otra parte, puede que los muy grandes n\u00fameros citados vienen de una confusi\u00f3n entre la existencia de varios nombres de la \u201cnieve\u201d y el hecho de que en una lengua polisint\u00e9tica se pueda formar muchas palabras con una sola y misma ra\u00edz (esto vale para cualquier ra\u00edz y no solamente para aquellas que se traducen por \u201cnieve\u201d).<\/p>\n<p style=\"text-align: justify;\">Para m\u00e1s informaciones sobre el tema ver Geoffrey Pullum <em>The Great Eskimo Vocabulary Hoax<\/em>, The University of Chicago Press (1991).<\/p>\n<h5 style=\"text-align: justify;\">\u00bfC\u00f3mo se escriben las lenguas inuits?<\/h5>\n<p style=\"text-align: justify;\">Existe una escritura <strong>alphasyllabaire <\/strong>espec\u00edfica para el inuktitut, basada en el silabario desarrollado por el cree. Recientemente esta escritura ha tomado un car\u00e1cter oficial porque ella es una de las dos escrituras oficiales del gobierno de Nunavut.<\/p>\n<p style=\"text-align: justify;\">Aqu\u00ed tenemos a modo de ejemplo una palabra en inuktitut:<img loading=\"lazy\" decoding=\"async\" class=\"size-full wp-image-1087 alignnone\" title=\"Inuktitut\" src=\"http:\/\/www.sorosoro.org\/wp-content\/uploads\/Inuktitut.jpg\" alt=\"Inuktitut\" width=\"109\" height=\"13\" \/>,  cuya transcripci\u00f3n es \u00ab <em>ajiliurijikutaq <\/em>\u00bb y la traducci\u00f3n es:<em> el gran fot\u00f3grafo.<\/em><\/p>\n<p style=\"text-align: justify;\">Es necesario hacer notar que esta escritura no se utiliza para todas las lenguas inuit-yupik-aleutas, es solamente para el inuktitut del Canad\u00e1.<\/p>\n<p style=\"text-align: justify;\">\n<h4 style=\"text-align: justify;\">Fuentes<\/h4>\n<p>Campbell, Lyle. <em>American Indian languages: the historical linguistics of Native America<\/em>. Oxford: Oxford University Press. (1997)<\/p>\n<p>Collins, D.R.F., ed. 1990. <em>Arctic Languages: An Awakening<\/em>. Paris: UNESCO.<\/p>\n<p>Dorais, Louis-Jacques. 2010. <em>The Language of the Inuit: Syntax, Semantics, and Society in the Arctic<\/em>. McGill-Queen\u2019s University Press.<\/p>\n<p>Fortescue, Michael. 1984. <em>West Greenlandic<\/em>. London: Croom Helm.<\/p>\n<p>Mithun, Marianne. <em>The languages of native North America<\/em>. Cambridge, UK: Cambridge University Press. (1999).<\/p>\n<p style=\"text-align: justify;\"><a href=\"http:\/\/www.native-languages.org\/\" target=\"_blank\">Sitio consagrado a las lenguas amerindias<\/a><\/p>\n<p style=\"text-align: justify;\"><a href=\"http:\/\/www.britannica.com\/EBchecked\/topic\/192563\/Eskimo-Aleut-languages\" target=\"_blank\">Art\u00edculo de la Enciclopedia Brit\u00e1nica en l\u00ednea<\/a><\/p>\n<p style=\"text-align: justify;\">Lugares consagrados a la defensa de las lenguas y culturas aut\u00f3ctonas del Canad\u00e1:<\/p>\n<p><a href=\"http:\/\/www.fphlcc.ca\/\" target=\"_blank\">www.fphlcc.ca<\/a><\/p>\n<p><a href=\"http:\/\/www.firstvoices.com\/\" target=\"_blank\">www.firstvoices.com<\/a><\/p>\n<p><a href=\"http:\/\/www.firstvoiceskids.com\/\" target=\"_blank\">www.firstvoiceskids.com<\/a><\/p>\n<p style=\"text-align: justify;\">\n<p style=\"text-align: justify;\">\n<p style=\"text-align: justify;\">\n","protected":false},"excerpt":{"rendered":"<p>Datos sobre las lenguas inuit-yupik-aleutas \u00bfD\u00f3nde se hablan las lenguas inuit-yupik-aleutas ? Ellas son habladas en una regi\u00f3n llamada sub-\u00e1rtica, en el extremo norte del mundo, en dos continentes: el Asia y la Am\u00e9rica del norte, y en cuatro pa\u00edses: Rusia (la costa este de la Siberia y las Islas Aleotianas), los Estados Unidos (en [&hellip;]<\/p>\n","protected":false},"author":18,"featured_media":0,"parent":0,"menu_order":0,"comment_status":"closed","ping_status":"open","template":"","meta":{"footnotes":""},"class_list":["post-61435","page","type-page","status-publish","hentry"],"yoast_head":"<!-- This site is optimized with the Yoast SEO plugin v27.0 - https:\/\/yoast.com\/product\/yoast-seo-wordpress\/ -->\n<title>Familia de las lenguas inuit-yupik-aleutas - Sorosoro<\/title>\n<meta name=\"robots\" content=\"index, follow, max-snippet:-1, max-image-preview:large, max-video-preview:-1\" \/>\n<link rel=\"canonical\" href=\"https:\/\/www.sorosoro.org\/es\/familia-de-las-lenguas-inuit-yupik-aleutas\/\" \/>\n<meta property=\"og:locale\" content=\"es_ES\" \/>\n<meta property=\"og:type\" content=\"article\" \/>\n<meta property=\"og:title\" content=\"Familia de las lenguas inuit-yupik-aleutas - Sorosoro\" \/>\n<meta property=\"og:description\" content=\"Datos sobre las lenguas inuit-yupik-aleutas \u00bfD\u00f3nde se hablan las lenguas inuit-yupik-aleutas ? Ellas son habladas en una regi\u00f3n llamada sub-\u00e1rtica, en el extremo norte del mundo, en dos continentes: el Asia y la Am\u00e9rica del norte, y en cuatro pa\u00edses: Rusia (la costa este de la Siberia y las Islas Aleotianas), los Estados Unidos (en [&hellip;]\" \/>\n<meta property=\"og:url\" content=\"https:\/\/www.sorosoro.org\/es\/familia-de-las-lenguas-inuit-yupik-aleutas\/\" \/>\n<meta property=\"og:site_name\" content=\"Sorosoro\" \/>\n<meta property=\"article:modified_time\" content=\"2011-11-16T15:47:59+00:00\" \/>\n<meta property=\"og:image\" content=\"http:\/\/www.sorosoro.org\/wp-content\/uploads\/Inuktitut.jpg\" \/>\n<meta name=\"twitter:card\" content=\"summary_large_image\" \/>\n<meta name=\"twitter:label1\" content=\"Tiempo de lectura\" \/>\n\t<meta name=\"twitter:data1\" content=\"9 minutos\" \/>\n<script type=\"application\/ld+json\" class=\"yoast-schema-graph\">{\"@context\":\"https:\/\/schema.org\",\"@graph\":[{\"@type\":\"WebPage\",\"@id\":\"https:\/\/www.sorosoro.org\/es\/familia-de-las-lenguas-inuit-yupik-aleutas\/\",\"url\":\"https:\/\/www.sorosoro.org\/es\/familia-de-las-lenguas-inuit-yupik-aleutas\/\",\"name\":\"Familia de las lenguas inuit-yupik-aleutas - Sorosoro\",\"isPartOf\":{\"@id\":\"https:\/\/www.sorosoro.org\/es\/#website\"},\"primaryImageOfPage\":{\"@id\":\"https:\/\/www.sorosoro.org\/es\/familia-de-las-lenguas-inuit-yupik-aleutas\/#primaryimage\"},\"image\":{\"@id\":\"https:\/\/www.sorosoro.org\/es\/familia-de-las-lenguas-inuit-yupik-aleutas\/#primaryimage\"},\"thumbnailUrl\":\"http:\/\/www.sorosoro.org\/wp-content\/uploads\/Inuktitut.jpg\",\"datePublished\":\"2011-11-16T15:43:23+00:00\",\"dateModified\":\"2011-11-16T15:47:59+00:00\",\"breadcrumb\":{\"@id\":\"https:\/\/www.sorosoro.org\/es\/familia-de-las-lenguas-inuit-yupik-aleutas\/#breadcrumb\"},\"inLanguage\":\"es\",\"potentialAction\":[{\"@type\":\"ReadAction\",\"target\":[\"https:\/\/www.sorosoro.org\/es\/familia-de-las-lenguas-inuit-yupik-aleutas\/\"]}]},{\"@type\":\"ImageObject\",\"inLanguage\":\"es\",\"@id\":\"https:\/\/www.sorosoro.org\/es\/familia-de-las-lenguas-inuit-yupik-aleutas\/#primaryimage\",\"url\":\"http:\/\/www.sorosoro.org\/wp-content\/uploads\/Inuktitut.jpg\",\"contentUrl\":\"http:\/\/www.sorosoro.org\/wp-content\/uploads\/Inuktitut.jpg\"},{\"@type\":\"BreadcrumbList\",\"@id\":\"https:\/\/www.sorosoro.org\/es\/familia-de-las-lenguas-inuit-yupik-aleutas\/#breadcrumb\",\"itemListElement\":[{\"@type\":\"ListItem\",\"position\":1,\"name\":\"Accueil\",\"item\":\"https:\/\/www.sorosoro.org\/es\/\"},{\"@type\":\"ListItem\",\"position\":2,\"name\":\"Familia de las lenguas inuit-yupik-aleutas\"}]},{\"@type\":\"WebSite\",\"@id\":\"https:\/\/www.sorosoro.org\/es\/#website\",\"url\":\"https:\/\/www.sorosoro.org\/es\/\",\"name\":\"Sorosoro\",\"description\":\"Pour que vivent les langues du monde !\",\"potentialAction\":[{\"@type\":\"SearchAction\",\"target\":{\"@type\":\"EntryPoint\",\"urlTemplate\":\"https:\/\/www.sorosoro.org\/es\/?s={search_term_string}\"},\"query-input\":{\"@type\":\"PropertyValueSpecification\",\"valueRequired\":true,\"valueName\":\"search_term_string\"}}],\"inLanguage\":\"es\"}]}<\/script>\n<!-- \/ Yoast SEO plugin. -->","yoast_head_json":{"title":"Familia de las lenguas inuit-yupik-aleutas - Sorosoro","robots":{"index":"index","follow":"follow","max-snippet":"max-snippet:-1","max-image-preview":"max-image-preview:large","max-video-preview":"max-video-preview:-1"},"canonical":"https:\/\/www.sorosoro.org\/es\/familia-de-las-lenguas-inuit-yupik-aleutas\/","og_locale":"es_ES","og_type":"article","og_title":"Familia de las lenguas inuit-yupik-aleutas - Sorosoro","og_description":"Datos sobre las lenguas inuit-yupik-aleutas \u00bfD\u00f3nde se hablan las lenguas inuit-yupik-aleutas ? Ellas son habladas en una regi\u00f3n llamada sub-\u00e1rtica, en el extremo norte del mundo, en dos continentes: el Asia y la Am\u00e9rica del norte, y en cuatro pa\u00edses: Rusia (la costa este de la Siberia y las Islas Aleotianas), los Estados Unidos (en [&hellip;]","og_url":"https:\/\/www.sorosoro.org\/es\/familia-de-las-lenguas-inuit-yupik-aleutas\/","og_site_name":"Sorosoro","article_modified_time":"2011-11-16T15:47:59+00:00","og_image":[{"url":"http:\/\/www.sorosoro.org\/wp-content\/uploads\/Inuktitut.jpg","type":"","width":"","height":""}],"twitter_card":"summary_large_image","twitter_misc":{"Tiempo de lectura":"9 minutos"},"schema":{"@context":"https:\/\/schema.org","@graph":[{"@type":"WebPage","@id":"https:\/\/www.sorosoro.org\/es\/familia-de-las-lenguas-inuit-yupik-aleutas\/","url":"https:\/\/www.sorosoro.org\/es\/familia-de-las-lenguas-inuit-yupik-aleutas\/","name":"Familia de las lenguas inuit-yupik-aleutas - Sorosoro","isPartOf":{"@id":"https:\/\/www.sorosoro.org\/es\/#website"},"primaryImageOfPage":{"@id":"https:\/\/www.sorosoro.org\/es\/familia-de-las-lenguas-inuit-yupik-aleutas\/#primaryimage"},"image":{"@id":"https:\/\/www.sorosoro.org\/es\/familia-de-las-lenguas-inuit-yupik-aleutas\/#primaryimage"},"thumbnailUrl":"http:\/\/www.sorosoro.org\/wp-content\/uploads\/Inuktitut.jpg","datePublished":"2011-11-16T15:43:23+00:00","dateModified":"2011-11-16T15:47:59+00:00","breadcrumb":{"@id":"https:\/\/www.sorosoro.org\/es\/familia-de-las-lenguas-inuit-yupik-aleutas\/#breadcrumb"},"inLanguage":"es","potentialAction":[{"@type":"ReadAction","target":["https:\/\/www.sorosoro.org\/es\/familia-de-las-lenguas-inuit-yupik-aleutas\/"]}]},{"@type":"ImageObject","inLanguage":"es","@id":"https:\/\/www.sorosoro.org\/es\/familia-de-las-lenguas-inuit-yupik-aleutas\/#primaryimage","url":"http:\/\/www.sorosoro.org\/wp-content\/uploads\/Inuktitut.jpg","contentUrl":"http:\/\/www.sorosoro.org\/wp-content\/uploads\/Inuktitut.jpg"},{"@type":"BreadcrumbList","@id":"https:\/\/www.sorosoro.org\/es\/familia-de-las-lenguas-inuit-yupik-aleutas\/#breadcrumb","itemListElement":[{"@type":"ListItem","position":1,"name":"Accueil","item":"https:\/\/www.sorosoro.org\/es\/"},{"@type":"ListItem","position":2,"name":"Familia de las lenguas inuit-yupik-aleutas"}]},{"@type":"WebSite","@id":"https:\/\/www.sorosoro.org\/es\/#website","url":"https:\/\/www.sorosoro.org\/es\/","name":"Sorosoro","description":"Pour que vivent les langues du monde !","potentialAction":[{"@type":"SearchAction","target":{"@type":"EntryPoint","urlTemplate":"https:\/\/www.sorosoro.org\/es\/?s={search_term_string}"},"query-input":{"@type":"PropertyValueSpecification","valueRequired":true,"valueName":"search_term_string"}}],"inLanguage":"es"}]}},"_links":{"self":[{"href":"https:\/\/www.sorosoro.org\/es\/wp-json\/wp\/v2\/pages\/61435","targetHints":{"allow":["GET"]}}],"collection":[{"href":"https:\/\/www.sorosoro.org\/es\/wp-json\/wp\/v2\/pages"}],"about":[{"href":"https:\/\/www.sorosoro.org\/es\/wp-json\/wp\/v2\/types\/page"}],"author":[{"embeddable":true,"href":"https:\/\/www.sorosoro.org\/es\/wp-json\/wp\/v2\/users\/18"}],"replies":[{"embeddable":true,"href":"https:\/\/www.sorosoro.org\/es\/wp-json\/wp\/v2\/comments?post=61435"}],"version-history":[{"count":0,"href":"https:\/\/www.sorosoro.org\/es\/wp-json\/wp\/v2\/pages\/61435\/revisions"}],"wp:attachment":[{"href":"https:\/\/www.sorosoro.org\/es\/wp-json\/wp\/v2\/media?parent=61435"}],"curies":[{"name":"wp","href":"https:\/\/api.w.org\/{rel}","templated":true}]}}