{"id":60787,"date":"2011-11-07T11:38:58","date_gmt":"2011-11-07T10:38:58","guid":{"rendered":"http:\/\/www.sorosoro.org\/?page_id=60787"},"modified":"2011-11-07T12:31:44","modified_gmt":"2011-11-07T11:31:44","slug":"familia-de-lenguas-dogon","status":"publish","type":"page","link":"https:\/\/www.sorosoro.org\/es\/familia-de-lenguas-dogon\/","title":{"rendered":"Familia de lenguas dogon"},"content":{"rendered":"<h5 style=\"text-align: justify;\">\u00bfD\u00f3nde se hablan las lenguas dogon?<\/h5>\n<p style=\"text-align: justify;\">Estas lenguas se hablan al este de Mali, sobre la meseta Dogon. Se encuentran tambi\u00e9n hablantes en el otro lado de la frontera, en Burkina-Faso.<\/p>\n<h5 style=\"text-align: justify;\">N\u00famero total de hablantes (estimaci\u00f3n)<\/h5>\n<p style=\"text-align: justify;\">Alrededor de 600.000 hablantes si nos atenemos a los datos de la p\u00e1gina <em>Ethnologue.com<\/em>, pero esta cifra debe ser confirmada.<\/p>\n<p style=\"text-align: justify;\">\n<h5 style=\"text-align: justify;\">Clasificaci\u00f3n<\/h5>\n<p style=\"text-align: justify;\">Esta familia contar\u00eda actualmente con 20 lenguas, seg\u00fan el inventario realizado por el grupo de investigaci\u00f3n de la Universidad de Michigan en la p\u00e1gina <a href=\"http:\/\/www.dogonlanguages.org\/\" target=\"_blank\"><em>dogonlanguages.org<\/em><\/a>.<\/p>\n<p style=\"text-align: justify;\">\n<p style=\"text-align: justify; padding-left: 30px;\"><span style=\"text-decoration: underline;\"><strong>Grupo del noreste<\/strong><\/span><\/p>\n<p style=\"text-align: justify; padding-left: 60px;\"><strong>Toro-tegu<\/strong> (nombre alternativo\u00a0: <em>tori-sarinyere<\/em>) 2.900 hablantes seg\u00fan    <em>Ethnologue.com<\/em><\/p>\n<p style=\"text-align: justify; padding-left: 60px;\"><strong>Jamsay<\/strong> cerca de 130.000 hablantes seg\u00fan <em>Ethnologue.com<\/em><\/p>\n<p style=\"text-align: justify; padding-left: 60px;\"><strong>Bakan tey<\/strong> (nombre alternativo : <em>oualo<\/em>) alrededor de 2.000 hablantes seg\u00fan <em>Ethnologue.com<\/em><\/p>\n<p style=\"text-align: justify; padding-left: 60px;\"><strong>Ben tey<\/strong> (nombre alternativo\u00a0: <em>beni<\/em>) no m\u00e1s de 1.000 hablantes seg\u00fan Jeffrey Heath<\/p>\n<p style=\"text-align: justify; padding-left: 30px;\"><span style=\"text-decoration: underline;\"><strong>Grupo central-norte<\/strong><\/span><\/p>\n<p style=\"text-align: justify; padding-left: 60px;\"><strong>Nanga<\/strong> por ahora no tenemos estimaciones sobre los hablantes<\/p>\n<p style=\"text-align: justify; padding-left: 60px;\"><strong>Yanda-dom<\/strong> unos 2.000 hablantes seg\u00fan <em>Ethnologue.com<\/em><\/p>\n<p style=\"text-align: justify; padding-left: 60px;\"><strong>Tebul Ure<\/strong> cerca de unos 3.000 hablantes seg\u00fan <em>Ethnologue.com<\/em><\/p>\n<p style=\"text-align: justify; padding-left: 60px;\"><strong>Ana<\/strong> (nombre alternativo <em>ana tinga<\/em>, posiblemente una variante del yanda-dom) alrededor de 500 hablantes seg\u00fan <em>Ethnologue.com<\/em><\/p>\n<p style=\"text-align: justify; padding-left: 30px;\"><span style=\"text-decoration: underline;\"><strong>Grupo del noroeste<\/strong><\/span><\/p>\n<p style=\"text-align: justify; padding-left: 60px;\"><strong>Najamba-kindige<\/strong> (nombre alternativo\u00a0: <em>bondu so<\/em>) por el momento no tenemos estimaciones sobre el n\u00famero de hablantes.<\/p>\n<p style=\"text-align: justify; padding-left: 60px;\"><strong>Tiranige<\/strong> <strong>diga<\/strong> por ahora no contamos con estimaciones sobre el n\u00famero de hablantes.<\/p>\n<p style=\"text-align: justify; padding-left: 30px;\"><span style=\"text-decoration: underline;\"><strong>Grupo central-meseta<\/strong><\/span><\/p>\n<p style=\"text-align: justify; padding-left: 60px;\"><strong>Tommo-So<\/strong> (nombre alternativo:<em> tombo-so<\/em>) no tenemos datos sobre el n\u00famero de hablantes.<\/p>\n<p style=\"text-align: justify; padding-left: 60px;\"><strong>Bunoge<\/strong> (nombre alternativo: <em>korandabo<\/em>) alrededor de unos 1.000 hablantes seg\u00fan <em>Ethnologue.com<\/em><\/p>\n<p style=\"text-align: justify; padding-left: 60px;\"><strong>Dogulu-Dom <\/strong>unos 15.000 hablantes seg\u00fan <em>Ethnologue.com<\/em><\/p>\n<p style=\"text-align: justify; padding-left: 60px;\"><strong>Donno-So <\/strong>unos 45.000 hablantes seg\u00fan <em>Ethnologue.com<\/em><\/p>\n<p style=\"text-align: justify; padding-left: 30px;\"><span style=\"text-decoration: underline;\"><strong>Grupo central-oeste<\/strong><\/span><\/p>\n<p style=\"text-align: justify; padding-left: 60px;\"><strong>Mombo<\/strong> (nombre alternativo : <em>kolu-so<\/em>) unos  24.000 hablantes seg\u00fan <em>Ethnologue.com<\/em><\/p>\n<p style=\"text-align: justify; padding-left: 60px;\"><strong>Ampari<\/strong> (nombre alternativo\u00a0: <em>ampari pa<\/em>) quiz\u00e1s 1.000 hablantes seg\u00fan Roger Blench<\/p>\n<p style=\"text-align: justify; padding-left: 30px;\"><span style=\"text-decoration: underline;\"><strong>Grupo de los acantilados<\/strong><\/span><\/p>\n<p style=\"text-align: justify; padding-left: 60px;\"><strong>Toro-So<\/strong> alrededor de 50.000 hablantes seg\u00fan <em>Ethnologue.com<\/em><\/p>\n<p style=\"text-align: justify; padding-left: 30px;\"><strong><span style=\"text-decoration: underline;\">Grupo central-sur<\/span><\/strong><\/p>\n<p style=\"text-align: justify; padding-left: 60px;\"><strong>Tengu-Kan<\/strong> (nombre alternativo <em>tene-kan<\/em>) unos 127.000 hablantes para el conjunto del grupo tengu-kan y togo-kan, <em>seg\u00fan Ethnologue.com<\/em><\/p>\n<p style=\"text-align: justify; padding-left: 60px;\"><strong>Togo-Kan<\/strong> (nombre alternativo <em>tene-kan<\/em>) unos 127.000 hablantes para el conjunto del grupo tengu-kan y togo-kan, seg\u00fan <em>Ethnologue.com<\/em><\/p>\n<p style=\"text-align: justify; padding-left: 30px;\"><span style=\"text-decoration: underline;\"><strong>Grupo del suroeste<\/strong><\/span><\/p>\n<p style=\"text-align: justify; padding-left: 60px;\"><strong>Tomo-Kan<\/strong> unos 133.000 hablantes seg\u00fan <em>Ethnologue.com<\/em><\/p>\n<p style=\"text-align: justify;\">\n<h5 style=\"text-align: justify;\">Comentarios sobre la clasificaci\u00f3n<\/h5>\n<p style=\"text-align: justify;\">Es sorprendente constatar que a pesar de que existe una literatura etnol\u00f3gica suficientemente amplia sobre los pueblos Dogon, y de que se les han dedicado numerosas exposiciones, pel\u00edculas e incluso programas de televisi\u00f3n, las lenguas dogon son globalmente bastante desconocidas\u00a0; incluso algunas no han comenzado a ser estudiadas hasta hace poco.<\/p>\n<p style=\"text-align: justify;\">Por lo tanto, actualmente es imposible proponer una clasificaci\u00f3n consensuada de las lenguas dogon.<\/p>\n<p style=\"text-align: justify;\">Seguimos aqu\u00ed dos fuentes\u00a0: Dimmendaal (c.p.) y <a href=\"http:\/\/www.dogonlanguages.org\/\" target=\"_blank\"><em>dogonlanguages.org<\/em><\/a>, p\u00e1gina dirigida por Jeffrey Heath de la Universidad de Michigan.<\/p>\n<p style=\"text-align: justify;\">Las lenguas dogon han sido durante mucho tiempo clasificadas entre las lenguas nigeriano-congole\u00f1as, aunque actualmente esta afiliaci\u00f3n es cuestionada. Por ahora Dimmendaal y Heath prefieren considerarlas como una familia de lenguas por s\u00ed misma. De todas maneras, Heath sugiere que podr\u00edan estar relacionadas con las lenguas gur.<\/p>\n<p style=\"text-align: justify;\">Respecto a la clasificaci\u00f3n de las lenguas dentro del seno de la familia, los reagrupamientos propuestos aqu\u00ed son de orden geogr\u00e1fico y no puramente ling\u00fc\u00edsticos. El desconocimiento de ciertas lenguas hace muy dif\u00edcil un intento de clasificaci\u00f3n \u00ab\u00a0gen\u00e9tico\u00a0\u00bb de las lenguas dogon.  Hemos seguido los datos proporcionados en <a href=\"http:\/\/www.dogonlanguages.org\/\" target=\"_blank\"><em>dogonlanguages.org<\/em><\/a>.<\/p>\n<p style=\"text-align: justify;\">\n<h5 style=\"text-align: justify;\">\u00bfEst\u00e1n en peligro las lenguas dogon?<\/h5>\n<p style=\"text-align: justify;\">Seg\u00fan nuestros datos no existe ning\u00fan estudio global que permita determinar con precisi\u00f3n la vitalidad de estas lenguas. De hecho, tampoco est\u00e1n identificadas por la UNESCO en su  Atlas des langues en danger. Todo esto no quiere decir que no est\u00e9n amenazadas.<\/p>\n<p style=\"text-align: justify;\">Las lenguas dogon son frecuentemente habladas por poblaciones de n\u00famero bastante peque\u00f1o (la mitad de las lenguas dogon tienen menos de 5.000 hablantes) y el aislamiento de estas peque\u00f1as poblaciones es cada vez m\u00e1s relativo. Todas ellas est\u00e1n en contacto con otras lenguas dogon y, sobre todo, con el fulfude, que es la lengua dominante de la regi\u00f3n, por lo que es posible que algunas sufran un abandono progresivo.<\/p>\n<p style=\"text-align: justify;\">\n<h5 style=\"text-align: justify;\">Algunos enlaces para saber m\u00e1s<\/h5>\n<p style=\"text-align: justify;\"><a href=\"http:\/\/africanlanguages.org\/nigercongoadds.html\" target=\"_blank\">P\u00e1gina dedicada a las lenguas dogon en <em>africanlanguages.org<\/em><\/a> (en ingl\u00e9s)<\/p>\n<p style=\"text-align: justify;\"><a href=\"http:\/\/www-personal.umich.edu\/~jheath\/\" target=\"_blank\">P\u00e1gina personal de Jeffrey Heath, linguista de la universidad de Michigan<\/a>, en la que encontrar\u00e1n descripciones sobre varias lenguas dogon, siendo \u00e9stos seguramente los \u00fanicos trabajos realizados sobre estas lenguas hasta el momento (en ingl\u00e9s).<\/p>\n<p style=\"text-align: justify;\"><a href=\"http:\/\/www.ogmios.org\/ogmios_files\/266.htm\" target=\"_blank\">Art\u00edculo de Roger Blench sobre las lenguas dogon, en la p\u00e1gina de Ogmios.org, de la Foundation for Endangered Languages<\/a> (en ingl\u00e9s).<\/p>\n<p style=\"text-align: justify;\"><a href=\"http:\/\/www.rogerblench.info\/Language%20data\/Niger-Congo\/Dogon\/Dogon%20page.htm\" target=\"_blank\">P\u00e1gina dedicada por Roger Blench a las lenguas dogon<\/a>, en la que encontrar\u00e1n algunos art\u00edculos descriptivos sobre varias lenguas dogon (en ingl\u00e9s).<\/p>\n<p style=\"text-align: justify;\">\n<h5 style=\"text-align: justify;\">Fuentes<\/h5>\n<p style=\"text-align: justify;\">Dimmendaal, Gerrit J. (pendiente de publicaci\u00f3n). <em>Historical Linguistics and the Comparative Study of African Languages<\/em>. Amsterdam and Philadelphia: John Benjamins.<\/p>\n<p style=\"text-align: justify;\">Sands, Bonny (2009). \u00ab\u00a0Africa\u2019s Linguistic Diversity\u00a0\u00bb en <em>Language and Linguistics Compass<\/em> 3\/2 (2009).<\/p>\n<p style=\"text-align: justify;\">\n<p style=\"text-align: justify;\">\n<p style=\"text-align: right;\"><em><br \/>\n<\/em><\/p>\n<p style=\"text-align: right;\"><em>Traducido al espa\u00f1ol por Silvia Lia\u00f1o.<\/em><\/p>\n","protected":false},"excerpt":{"rendered":"<p>\u00bfD\u00f3nde se hablan las lenguas dogon? Estas lenguas se hablan al este de Mali, sobre la meseta Dogon. Se encuentran tambi\u00e9n hablantes en el otro lado de la frontera, en Burkina-Faso. N\u00famero total de hablantes (estimaci\u00f3n) Alrededor de 600.000 hablantes si nos atenemos a los datos de la p\u00e1gina Ethnologue.com, pero esta cifra debe ser [&hellip;]<\/p>\n","protected":false},"author":18,"featured_media":0,"parent":0,"menu_order":0,"comment_status":"closed","ping_status":"open","template":"","meta":{"footnotes":""},"class_list":["post-60787","page","type-page","status-publish","hentry"],"yoast_head":"<!-- This site is optimized with the Yoast SEO plugin v27.0 - https:\/\/yoast.com\/product\/yoast-seo-wordpress\/ -->\n<title>Familia de lenguas dogon - Sorosoro<\/title>\n<meta name=\"robots\" content=\"index, follow, max-snippet:-1, max-image-preview:large, max-video-preview:-1\" \/>\n<link rel=\"canonical\" href=\"https:\/\/www.sorosoro.org\/es\/familia-de-lenguas-dogon\/\" \/>\n<meta property=\"og:locale\" content=\"es_ES\" \/>\n<meta property=\"og:type\" content=\"article\" \/>\n<meta property=\"og:title\" content=\"Familia de lenguas dogon - Sorosoro\" \/>\n<meta property=\"og:description\" content=\"\u00bfD\u00f3nde se hablan las lenguas dogon? Estas lenguas se hablan al este de Mali, sobre la meseta Dogon. Se encuentran tambi\u00e9n hablantes en el otro lado de la frontera, en Burkina-Faso. N\u00famero total de hablantes (estimaci\u00f3n) Alrededor de 600.000 hablantes si nos atenemos a los datos de la p\u00e1gina Ethnologue.com, pero esta cifra debe ser [&hellip;]\" \/>\n<meta property=\"og:url\" content=\"https:\/\/www.sorosoro.org\/es\/familia-de-lenguas-dogon\/\" \/>\n<meta property=\"og:site_name\" content=\"Sorosoro\" \/>\n<meta property=\"article:modified_time\" content=\"2011-11-07T11:31:44+00:00\" \/>\n<meta name=\"twitter:card\" content=\"summary_large_image\" \/>\n<meta name=\"twitter:label1\" content=\"Tiempo de lectura\" \/>\n\t<meta name=\"twitter:data1\" content=\"4 minutos\" \/>\n<script type=\"application\/ld+json\" class=\"yoast-schema-graph\">{\"@context\":\"https:\/\/schema.org\",\"@graph\":[{\"@type\":\"WebPage\",\"@id\":\"https:\/\/www.sorosoro.org\/es\/familia-de-lenguas-dogon\/\",\"url\":\"https:\/\/www.sorosoro.org\/es\/familia-de-lenguas-dogon\/\",\"name\":\"Familia de lenguas dogon - Sorosoro\",\"isPartOf\":{\"@id\":\"https:\/\/www.sorosoro.org\/es\/#website\"},\"datePublished\":\"2011-11-07T10:38:58+00:00\",\"dateModified\":\"2011-11-07T11:31:44+00:00\",\"breadcrumb\":{\"@id\":\"https:\/\/www.sorosoro.org\/es\/familia-de-lenguas-dogon\/#breadcrumb\"},\"inLanguage\":\"es\",\"potentialAction\":[{\"@type\":\"ReadAction\",\"target\":[\"https:\/\/www.sorosoro.org\/es\/familia-de-lenguas-dogon\/\"]}]},{\"@type\":\"BreadcrumbList\",\"@id\":\"https:\/\/www.sorosoro.org\/es\/familia-de-lenguas-dogon\/#breadcrumb\",\"itemListElement\":[{\"@type\":\"ListItem\",\"position\":1,\"name\":\"Accueil\",\"item\":\"https:\/\/www.sorosoro.org\/es\/\"},{\"@type\":\"ListItem\",\"position\":2,\"name\":\"Familia de lenguas dogon\"}]},{\"@type\":\"WebSite\",\"@id\":\"https:\/\/www.sorosoro.org\/es\/#website\",\"url\":\"https:\/\/www.sorosoro.org\/es\/\",\"name\":\"Sorosoro\",\"description\":\"Pour que vivent les langues du monde !\",\"potentialAction\":[{\"@type\":\"SearchAction\",\"target\":{\"@type\":\"EntryPoint\",\"urlTemplate\":\"https:\/\/www.sorosoro.org\/es\/?s={search_term_string}\"},\"query-input\":{\"@type\":\"PropertyValueSpecification\",\"valueRequired\":true,\"valueName\":\"search_term_string\"}}],\"inLanguage\":\"es\"}]}<\/script>\n<!-- \/ Yoast SEO plugin. -->","yoast_head_json":{"title":"Familia de lenguas dogon - Sorosoro","robots":{"index":"index","follow":"follow","max-snippet":"max-snippet:-1","max-image-preview":"max-image-preview:large","max-video-preview":"max-video-preview:-1"},"canonical":"https:\/\/www.sorosoro.org\/es\/familia-de-lenguas-dogon\/","og_locale":"es_ES","og_type":"article","og_title":"Familia de lenguas dogon - Sorosoro","og_description":"\u00bfD\u00f3nde se hablan las lenguas dogon? Estas lenguas se hablan al este de Mali, sobre la meseta Dogon. Se encuentran tambi\u00e9n hablantes en el otro lado de la frontera, en Burkina-Faso. N\u00famero total de hablantes (estimaci\u00f3n) Alrededor de 600.000 hablantes si nos atenemos a los datos de la p\u00e1gina Ethnologue.com, pero esta cifra debe ser [&hellip;]","og_url":"https:\/\/www.sorosoro.org\/es\/familia-de-lenguas-dogon\/","og_site_name":"Sorosoro","article_modified_time":"2011-11-07T11:31:44+00:00","twitter_card":"summary_large_image","twitter_misc":{"Tiempo de lectura":"4 minutos"},"schema":{"@context":"https:\/\/schema.org","@graph":[{"@type":"WebPage","@id":"https:\/\/www.sorosoro.org\/es\/familia-de-lenguas-dogon\/","url":"https:\/\/www.sorosoro.org\/es\/familia-de-lenguas-dogon\/","name":"Familia de lenguas dogon - Sorosoro","isPartOf":{"@id":"https:\/\/www.sorosoro.org\/es\/#website"},"datePublished":"2011-11-07T10:38:58+00:00","dateModified":"2011-11-07T11:31:44+00:00","breadcrumb":{"@id":"https:\/\/www.sorosoro.org\/es\/familia-de-lenguas-dogon\/#breadcrumb"},"inLanguage":"es","potentialAction":[{"@type":"ReadAction","target":["https:\/\/www.sorosoro.org\/es\/familia-de-lenguas-dogon\/"]}]},{"@type":"BreadcrumbList","@id":"https:\/\/www.sorosoro.org\/es\/familia-de-lenguas-dogon\/#breadcrumb","itemListElement":[{"@type":"ListItem","position":1,"name":"Accueil","item":"https:\/\/www.sorosoro.org\/es\/"},{"@type":"ListItem","position":2,"name":"Familia de lenguas dogon"}]},{"@type":"WebSite","@id":"https:\/\/www.sorosoro.org\/es\/#website","url":"https:\/\/www.sorosoro.org\/es\/","name":"Sorosoro","description":"Pour que vivent les langues du monde !","potentialAction":[{"@type":"SearchAction","target":{"@type":"EntryPoint","urlTemplate":"https:\/\/www.sorosoro.org\/es\/?s={search_term_string}"},"query-input":{"@type":"PropertyValueSpecification","valueRequired":true,"valueName":"search_term_string"}}],"inLanguage":"es"}]}},"_links":{"self":[{"href":"https:\/\/www.sorosoro.org\/es\/wp-json\/wp\/v2\/pages\/60787","targetHints":{"allow":["GET"]}}],"collection":[{"href":"https:\/\/www.sorosoro.org\/es\/wp-json\/wp\/v2\/pages"}],"about":[{"href":"https:\/\/www.sorosoro.org\/es\/wp-json\/wp\/v2\/types\/page"}],"author":[{"embeddable":true,"href":"https:\/\/www.sorosoro.org\/es\/wp-json\/wp\/v2\/users\/18"}],"replies":[{"embeddable":true,"href":"https:\/\/www.sorosoro.org\/es\/wp-json\/wp\/v2\/comments?post=60787"}],"version-history":[{"count":0,"href":"https:\/\/www.sorosoro.org\/es\/wp-json\/wp\/v2\/pages\/60787\/revisions"}],"wp:attachment":[{"href":"https:\/\/www.sorosoro.org\/es\/wp-json\/wp\/v2\/media?parent=60787"}],"curies":[{"name":"wp","href":"https:\/\/api.w.org\/{rel}","templated":true}]}}