{"id":60576,"date":"2011-11-03T17:41:05","date_gmt":"2011-11-03T16:41:05","guid":{"rendered":"http:\/\/www.sorosoro.org\/?page_id=60576"},"modified":"2011-11-07T11:21:48","modified_gmt":"2011-11-07T10:21:48","slug":"las-lenguas-songhay","status":"publish","type":"page","link":"https:\/\/www.sorosoro.org\/es\/las-lenguas-songhay\/","title":{"rendered":"Las lenguas songhay"},"content":{"rendered":"<p style=\"text-align: justify;\"><em>Relectura y complemento de informaci\u00f3n por<strong> Lameen Souag<\/strong>, investigador, posdoctorante, School of Oriental and African Studies (Londres), 2011<\/em><\/p>\n<p style=\"text-align: justify;\">\n<h5 style=\"text-align: justify;\">Datos sobre las lenguas songhay<\/h5>\n<p style=\"text-align: justify;\"><strong>Nombres alternativos<\/strong> : songhai, songai, sonay, sonrhai<\/p>\n<p style=\"text-align: justify;\">Siguiendo a Heath (1999) y Souag (por salir), hemos escogido hablar \u00ab los songhay \u00bb en plural (ver la parte \u00ab clasificaci\u00f3n interna \u00bb de este art\u00edculo). Sin embargo, conviene precisar que la ocurrencia m\u00e1s numerosa es del singular: el songhay.<\/p>\n<p style=\"text-align: justify;\"><strong>\u00c1rea geogr\u00e1fica<\/strong>: Estas lenguas son habladas en una vasta zona que cubre el curso medio del r\u00edo N\u00edger, de Benin a Mali, pasando por el N\u00edger y el Burkina Faso, as\u00ed como en las regiones des\u00e9rticas del sur de Sahara, en N\u00edger. Igualmente se encuentran  algunos hablantes en Nigeria, hablantes de dendi en la ciudad de Salaga en Ghana, as\u00ed como en algunas ciudades en Sud\u00e1n y alrededores del oasis de Tabelbala en el suroeste de Algeria.<\/p>\n<p style=\"text-align: justify;\">El songhay ha conocido su apogeo a fines de la edad media (siglo XV \u2013 XVI) durante la expansi\u00f3n del Imperio Songhay, cuya capital fue Gao.<\/p>\n<p style=\"text-align: justify;\"><strong>Clasificaci\u00f3n<\/strong>: No existe un consenso sobre la clasificaci\u00f3n del conjunto songhay. Seg\u00fan la clasificaci\u00f3n de Greenberg (1963) los (o el) songhay pertenecen a la familia de lenguas nilo \u2013 saharianas; esta clasificaci\u00f3n ha sido tomada por Bender (2000) y Ehret (2001). Sin embargo, la pertenencia de los songhay a la familia nilo- sahariana ha sido confrontada por muchos ling\u00fcistas, de los cuales Dimmendaal (2008) y Nicola\u00ef (1990, 2003).<\/p>\n<p style=\"text-align: justify;\">Los estudios han sido efectuados para acercar los songhay a otras familias de lenguas, como a las lenguas mand\u00e9s. Incluso Nicola\u00ef (1990) ha emitido la hip\u00f3tesis que el songhay, en el inicio, ser\u00eda un bereber \u201cpidginis\u00e9 en el molde de una lengua mand\u00e9\u201d. Sin embargo, esta hip\u00f3tesis por el momento no ha sido verificada.<\/p>\n<p style=\"text-align: justify;\">Pues, parece que la cuesti\u00f3n de la \u00ab filiaci\u00f3n \u00bb de los songhay es siempre una cuesti\u00f3n abierta por el momento, y que es muy prudente considerarlas, temporalmente, como un grupo aislado, sin pertenencia a otra familia de lenguas, hasta que su afiliaci\u00f3n sea probada de manera muy consensual.<\/p>\n<p style=\"text-align: justify;\"><strong>Clasificaci\u00f3n interna<\/strong>: Seg\u00fan las fuentes se considera que el songhay sea un vasto continuo dialectal, cuyas variantes no siempre son mutuamente inteligibles o un grupo de lenguas distintas aunque pr\u00f3jimas. No existe unanimidad en cuanto al n\u00famero exacto de estas lenguas ni en sus nombres ni sobre las fronteras entre los dialectos y lenguas songhay.<\/p>\n<p style=\"text-align: justify;\">Aqu\u00ed hemos seguido a Heath (1999) para que el t\u00e9rmino \u201csonghay designe una familia de lenguas, anteriormente siempre llamados <em>dialectos<\/em>\u201d. Las divergencias internas, particularmente entre el grupo songhai meridional y el grupo septentrional, o a\u00fan en el mismo conjunto septentrional, son muy fuertes para que ellas puedan estar consideradas como simples variantes de una misma lengua. La inteligibilidad entre el korandi\u00e9 y el  tadaksahak, por ejemplo, es d\u00e9bil, es casi-nulo, entre le korandj\u00e9 et le songhai occidental.<\/p>\n<p style=\"text-align: justify;\">Sin embargo, se puede considerar que una clasificaci\u00f3n interna consensuada del conjunto songhay se organizar\u00eda del modo siguiente:<\/p>\n<p style=\"text-align: justify;\">\n<p style=\"text-align: justify; padding-left: 30px;\"><span style=\"text-decoration: underline;\"><strong>Songhay meridional<\/strong><\/span><\/p>\n<p style=\"text-align: justify; padding-left: 60px;\"><strong>Songhay oriental<\/strong> variante de Gao,  <em>Gaawo senni<\/em> (el habla de Gao), en Mali<\/p>\n<p style=\"text-align: justify; padding-left: 60px;\"><strong>Songhay kaado<\/strong> hablado en la orilla derecha del r\u00edo N\u00edger, regi\u00f3n de Tera, de Tillaberi y de Ayorou en el N\u00edger.<\/p>\n<p style=\"text-align: justify; padding-left: 60px;\"><strong>Zarma <\/strong>hablada en la orilla izquierda del r\u00edo del Zarmaganda al Zarmatarey, en la regi\u00f3n de Niamey, en N\u00edger. Esta es la variante que cuenta con el n\u00famero m\u00e1s grande de hablantes.<\/p>\n<p style=\"text-align: justify; padding-left: 60px;\"><strong>Songhay central<\/strong> que comprende :<\/p>\n<p style=\"text-align: justify; padding-left: 90px;\">el  <em>honbori senni <\/em>(el habla de Hombori)<\/p>\n<p style=\"text-align: justify; padding-left: 90px;\">el <em>maranse <\/em>hablado en las regiones de Dori y Markoye el norte de Burkina Faso.<\/p>\n<p style=\"text-align: justify; padding-left: 60px;\"><strong>Tondi so\u014bay<\/strong> o <em>tondi songway kiini<\/em> (songhai de las falacias) hablado en Kikara en Mali.<\/p>\n<p style=\"text-align: justify; padding-left: 60px;\"><strong>Dendi <\/strong>que engloba las variantes de Kandi, Djougou y Parakou, en Benin.<\/p>\n<p style=\"text-align: justify; padding-left: 60px;\"><strong>Songhay occidental <\/strong>(Goundam-Tombouctou) corresponde a la variante de Tombouctou, el <em>tunbutu ciini <\/em>o <em>tunbutu senni<\/em>, literalmente \u00ab el habla de Tombouctou \u00bb en Mali y el  <em>jenne ciini<\/em> ( el habla de Djenne ).<\/p>\n<p style=\"text-align: justify; padding-left: 30px;\"><span style=\"text-decoration: underline;\"><strong>Songhay septentrional<\/strong><\/span><\/p>\n<p style=\"text-align: justify; padding-left: 60px;\"><strong><a href=\"https:\/\/www.sorosoro.org\/es\/el-tasawaq\">Tasawaq<\/a> <\/strong>hablado en el centro \u2013 este de N\u00edger, en la regi\u00f3n de Ingal.<\/p>\n<p style=\"text-align: justify; padding-left: 60px;\"><strong><a href=\"https:\/\/www.sorosoro.org\/es\/el-korandje\">Korandj\u00e9<\/a> <\/strong>(kwarandzyey) o <em>belbali<\/em><\/p>\n<p style=\"text-align: justify; padding-left: 60px;\"><strong>Grupo N\u00f3made<\/strong><\/p>\n<p style=\"text-align: justify; padding-left: 90px;\"><em>Tadaksahak<\/em><\/p>\n<p style=\"text-align: justify; padding-left: 90px;\"><em>Tagdal <\/em>(variante hablada por los n\u00f3mades Igdalen)- Tabarog (variante hablada por los n\u00f3mades Iberogan)<\/p>\n<p style=\"text-align: justify;\">El shongay occidental a veces es considerado como un songhay \u00ab intermediario \u00bb entre el conjunto meridional y el conjunto septentrional. Si se excluye este \u00faltimo, el grupo meridional presenta una cierta homogeneidad y puede estar considerada como un vasto conjunto de variantes dialectales o de lenguas muy pr\u00f3ximas, seg\u00fan los criterios retenidos.<\/p>\n<p style=\"text-align: justify;\">El grupo septentrional es mucho menos homog\u00e9neo y las lenguas, muy influenciadas por los bereberes y los \u00e1rabes dialectales, est\u00e1n muy alejadas de las lenguas del grupo meridional.<\/p>\n<p style=\"text-align: justify;\">El tagdal-tabarog es nombrado \u00abtihi\u0161it \u00bb por algunas fuentes como l\u2019ethnologue, pero esta designaci\u00f3n es controvertida.<\/p>\n<p style=\"text-align: justify;\">\n<p style=\"text-align: justify;\"><strong>N\u00famero de hablantes<\/strong>:<\/p>\n<p style=\"text-align: justify;\">La poblaci\u00f3n total de hablantes del shongay se eleva a m\u00e1s de 3 000 000 hablantes seg\u00fan Bender (2000) de la que una gran mayor\u00eda de hablantes  es de zarma (m\u00e1s de 2000,000).<\/p>\n<p style=\"text-align: justify;\">Es dif\u00edcil tener cifras recientes y precisas sobre el n\u00famero de hablantes de cada lengua. Seg\u00fan el sitio <em>Ethnologue.com<\/em>, habr\u00eda aproximadamente 200 000 hablantes de sonday occidental y de kaado (que el site agrupa); aproximadamente 300 000 hablantes para el songhay oriental; apoximadamente 2 400 000 hablantes de zarma; 130 000 locutores del songhay central; 30 000 hablantes de dendi; 100 000 hablantes de tadaksahak; aproximadamente 20 000 locutores de tagdal (el site no da ninguna estimaci\u00f3n para el tabarog, es probable que este n\u00famero sea para el conjunto de dos dialectos) y 8 000 hablantes de tawasaq. Ethnologue.com no considera para el korandj\u00e9 (aproximadamente 3 000 hablantes seg\u00fan Lameen Souag, 2010).<\/p>\n<p style=\"text-align: justify;\"><strong>Vitalidad y transmisi\u00f3n<\/strong>:<\/p>\n<p style=\"text-align: justify;\">No tenemos estimaciones posibles que conciernan la vitalidad de cada lengua songhay. No obstante, se puede postular a que la vitalidad global del zarma es buena y que su transmisi\u00f3n est\u00e1 asegurada. Sin embargo, si se considera las otras lenguas, la situaci\u00f3n es probablemente muy desigual. Probablemente, aquellas que poseen menos hablantes est\u00e1n amenazadas, pese al aislamiento de algunas poblaciones del norte. La situaci\u00f3n la m\u00e1s inquietante seguramente es la del korandj\u00e9, considerada por la UNESCO \u201cseveramente en peligro\u201d.<\/p>\n<p style=\"text-align: justify;\"><strong>Estatuto<\/strong>:<\/p>\n<p style=\"text-align: justify;\">El \u00absonghay\u00bb (zarma?) es una lengua nacional del N\u00edger, donde es hablada por un cuarto de la poblaci\u00f3n. Tambi\u00e9n tiene el estatuto de la lengua nacional en Mali.<\/p>\n<p style=\"text-align: justify;\">Las otras lenguas songhay no tienen el estatuto oficial en el pa\u00eds donde son habladas.<\/p>\n<p style=\"text-align: justify;\">\n<h5 style=\"text-align: justify;\">Bibliograf\u00eda<\/h5>\n<p style=\"text-align: justify;\">Bender, Lionel. 2000. \u201cNilo-Saharan\u201d In <em>African Languages \u2013 An Introduction<\/em>, Bernd Heine and Derek Nurse (eds), Cambridge University Press.<\/p>\n<p style=\"text-align: justify;\">Dimmendaal, Gerrit. 2008. \u00ab Language Ecology and Linguistic Diversity on the African Continent \u00bb In <em>Language and Linguistics Compass<\/em> 2\/5:842.<\/p>\n<p style=\"text-align: justify;\">Ehret, Christopher. 2001. <em>A Historical-Comparative Reconstruction of Nilo-Saharan<\/em>. SUGIA \u2013 Supplement 12. K\u00f6ln: K\u00f6ppe.<\/p>\n<p style=\"text-align: justify;\">Heath, Jeffrey.  1999. G<em>rammar of Koyraboro (Koroboro) Senni, the Songhay of Gao<\/em>. R\u00fcdiger K\u00f6ppe Verlag, K\u00f6ln<\/p>\n<p style=\"text-align: justify;\">Nicola\u00ef, Robert. 1981. <em>Les dialectes du songhay: contribution \u00e0 l\u2019\u00e9tude des changements linguistiques<\/em>. Paris: SELAF. 302 pp<\/p>\n<p style=\"text-align: justify;\">Nicola\u00ef, Robert. 1990. <em>Parent\u00e9s linguistiques (\u00e0 propos du songhay)<\/em>, Paris, CNRS.<\/p>\n<p style=\"text-align: justify;\">Souag, Lameen. Por salir. <em>\u00abThe Subclassification of Songhay and its  Historical Implications\u00bb<\/em>. Journal of African Languages and Linguistics.<\/p>\n<p style=\"text-align: justify;\">\n<h5 style=\"text-align: justify;\">Algunos lazos complementarios<\/h5>\n<p style=\"text-align: justify;\"><a href=\"http:\/\/www.songhay.org\/index.php?Accueil\" target=\"_blank\">Site del APDS consagrado al songhay<\/a> (en franc\u00e9s), que contiene muchas informaciones, mapas, lazos que albergan algunos art\u00edculos sobre \u201cla lengua songhai\u201d.<\/p>\n<p style=\"text-align: justify;\"><a href=\"http:\/\/www.ethnologue.com\/show_family.asp?subid=61-16\" target=\"_blank\">P\u00e1ginas consagradas a las varinates del songhay en el site <em>Ethnologue.com<\/em><\/a> (en ingl\u00e9s).<\/p>\n<p style=\"text-align: justify;\"><a href=\"http:\/\/lingweb.eva.mpg.de\/numeral\/Korandje.htm\" target=\"_blank\">Korandj\u00e9 numerals<\/a> (en ingl\u00e9s)<\/p>\n<p style=\"text-align: justify;\"><a href=\"http:\/\/sites.google.com\/site\/lameen\/northern-songhay\" target=\"_blank\">Northern Songhay en el site personal de Lameen Souag<\/a> (en ingl\u00e9s)<\/p>\n<p style=\"text-align: justify;\">\n<p style=\"text-align: justify;\">\n<p style=\"text-align: justify;\">\n","protected":false},"excerpt":{"rendered":"<p>Relectura y complemento de informaci\u00f3n por Lameen Souag, investigador, posdoctorante, School of Oriental and African Studies (Londres), 2011 Datos sobre las lenguas songhay Nombres alternativos : songhai, songai, sonay, sonrhai Siguiendo a Heath (1999) y Souag (por salir), hemos escogido hablar \u00ab los songhay \u00bb en plural (ver la parte \u00ab clasificaci\u00f3n interna \u00bb de [&hellip;]<\/p>\n","protected":false},"author":18,"featured_media":0,"parent":0,"menu_order":0,"comment_status":"closed","ping_status":"open","template":"","meta":{"footnotes":""},"class_list":["post-60576","page","type-page","status-publish","hentry"],"yoast_head":"<!-- This site is optimized with the Yoast SEO plugin v27.0 - https:\/\/yoast.com\/product\/yoast-seo-wordpress\/ -->\n<title>Las lenguas songhay - Sorosoro<\/title>\n<meta name=\"robots\" content=\"index, follow, max-snippet:-1, max-image-preview:large, max-video-preview:-1\" \/>\n<link rel=\"canonical\" href=\"https:\/\/www.sorosoro.org\/es\/las-lenguas-songhay\/\" \/>\n<meta property=\"og:locale\" content=\"es_ES\" \/>\n<meta property=\"og:type\" content=\"article\" \/>\n<meta property=\"og:title\" content=\"Las lenguas songhay - Sorosoro\" \/>\n<meta property=\"og:description\" content=\"Relectura y complemento de informaci\u00f3n por Lameen Souag, investigador, posdoctorante, School of Oriental and African Studies (Londres), 2011 Datos sobre las lenguas songhay Nombres alternativos : songhai, songai, sonay, sonrhai Siguiendo a Heath (1999) y Souag (por salir), hemos escogido hablar \u00ab los songhay \u00bb en plural (ver la parte \u00ab clasificaci\u00f3n interna \u00bb de [&hellip;]\" \/>\n<meta property=\"og:url\" content=\"https:\/\/www.sorosoro.org\/es\/las-lenguas-songhay\/\" \/>\n<meta property=\"og:site_name\" content=\"Sorosoro\" \/>\n<meta property=\"article:modified_time\" content=\"2011-11-07T10:21:48+00:00\" \/>\n<meta name=\"twitter:card\" content=\"summary_large_image\" \/>\n<meta name=\"twitter:label1\" content=\"Tiempo de lectura\" \/>\n\t<meta name=\"twitter:data1\" content=\"6 minutos\" \/>\n<script type=\"application\/ld+json\" class=\"yoast-schema-graph\">{\"@context\":\"https:\/\/schema.org\",\"@graph\":[{\"@type\":\"WebPage\",\"@id\":\"https:\/\/www.sorosoro.org\/es\/las-lenguas-songhay\/\",\"url\":\"https:\/\/www.sorosoro.org\/es\/las-lenguas-songhay\/\",\"name\":\"Las lenguas songhay - Sorosoro\",\"isPartOf\":{\"@id\":\"https:\/\/www.sorosoro.org\/es\/#website\"},\"datePublished\":\"2011-11-03T16:41:05+00:00\",\"dateModified\":\"2011-11-07T10:21:48+00:00\",\"breadcrumb\":{\"@id\":\"https:\/\/www.sorosoro.org\/es\/las-lenguas-songhay\/#breadcrumb\"},\"inLanguage\":\"es\",\"potentialAction\":[{\"@type\":\"ReadAction\",\"target\":[\"https:\/\/www.sorosoro.org\/es\/las-lenguas-songhay\/\"]}]},{\"@type\":\"BreadcrumbList\",\"@id\":\"https:\/\/www.sorosoro.org\/es\/las-lenguas-songhay\/#breadcrumb\",\"itemListElement\":[{\"@type\":\"ListItem\",\"position\":1,\"name\":\"Accueil\",\"item\":\"https:\/\/www.sorosoro.org\/es\/\"},{\"@type\":\"ListItem\",\"position\":2,\"name\":\"Las lenguas songhay\"}]},{\"@type\":\"WebSite\",\"@id\":\"https:\/\/www.sorosoro.org\/es\/#website\",\"url\":\"https:\/\/www.sorosoro.org\/es\/\",\"name\":\"Sorosoro\",\"description\":\"Pour que vivent les langues du monde !\",\"potentialAction\":[{\"@type\":\"SearchAction\",\"target\":{\"@type\":\"EntryPoint\",\"urlTemplate\":\"https:\/\/www.sorosoro.org\/es\/?s={search_term_string}\"},\"query-input\":{\"@type\":\"PropertyValueSpecification\",\"valueRequired\":true,\"valueName\":\"search_term_string\"}}],\"inLanguage\":\"es\"}]}<\/script>\n<!-- \/ Yoast SEO plugin. -->","yoast_head_json":{"title":"Las lenguas songhay - Sorosoro","robots":{"index":"index","follow":"follow","max-snippet":"max-snippet:-1","max-image-preview":"max-image-preview:large","max-video-preview":"max-video-preview:-1"},"canonical":"https:\/\/www.sorosoro.org\/es\/las-lenguas-songhay\/","og_locale":"es_ES","og_type":"article","og_title":"Las lenguas songhay - Sorosoro","og_description":"Relectura y complemento de informaci\u00f3n por Lameen Souag, investigador, posdoctorante, School of Oriental and African Studies (Londres), 2011 Datos sobre las lenguas songhay Nombres alternativos : songhai, songai, sonay, sonrhai Siguiendo a Heath (1999) y Souag (por salir), hemos escogido hablar \u00ab los songhay \u00bb en plural (ver la parte \u00ab clasificaci\u00f3n interna \u00bb de [&hellip;]","og_url":"https:\/\/www.sorosoro.org\/es\/las-lenguas-songhay\/","og_site_name":"Sorosoro","article_modified_time":"2011-11-07T10:21:48+00:00","twitter_card":"summary_large_image","twitter_misc":{"Tiempo de lectura":"6 minutos"},"schema":{"@context":"https:\/\/schema.org","@graph":[{"@type":"WebPage","@id":"https:\/\/www.sorosoro.org\/es\/las-lenguas-songhay\/","url":"https:\/\/www.sorosoro.org\/es\/las-lenguas-songhay\/","name":"Las lenguas songhay - Sorosoro","isPartOf":{"@id":"https:\/\/www.sorosoro.org\/es\/#website"},"datePublished":"2011-11-03T16:41:05+00:00","dateModified":"2011-11-07T10:21:48+00:00","breadcrumb":{"@id":"https:\/\/www.sorosoro.org\/es\/las-lenguas-songhay\/#breadcrumb"},"inLanguage":"es","potentialAction":[{"@type":"ReadAction","target":["https:\/\/www.sorosoro.org\/es\/las-lenguas-songhay\/"]}]},{"@type":"BreadcrumbList","@id":"https:\/\/www.sorosoro.org\/es\/las-lenguas-songhay\/#breadcrumb","itemListElement":[{"@type":"ListItem","position":1,"name":"Accueil","item":"https:\/\/www.sorosoro.org\/es\/"},{"@type":"ListItem","position":2,"name":"Las lenguas songhay"}]},{"@type":"WebSite","@id":"https:\/\/www.sorosoro.org\/es\/#website","url":"https:\/\/www.sorosoro.org\/es\/","name":"Sorosoro","description":"Pour que vivent les langues du monde !","potentialAction":[{"@type":"SearchAction","target":{"@type":"EntryPoint","urlTemplate":"https:\/\/www.sorosoro.org\/es\/?s={search_term_string}"},"query-input":{"@type":"PropertyValueSpecification","valueRequired":true,"valueName":"search_term_string"}}],"inLanguage":"es"}]}},"_links":{"self":[{"href":"https:\/\/www.sorosoro.org\/es\/wp-json\/wp\/v2\/pages\/60576","targetHints":{"allow":["GET"]}}],"collection":[{"href":"https:\/\/www.sorosoro.org\/es\/wp-json\/wp\/v2\/pages"}],"about":[{"href":"https:\/\/www.sorosoro.org\/es\/wp-json\/wp\/v2\/types\/page"}],"author":[{"embeddable":true,"href":"https:\/\/www.sorosoro.org\/es\/wp-json\/wp\/v2\/users\/18"}],"replies":[{"embeddable":true,"href":"https:\/\/www.sorosoro.org\/es\/wp-json\/wp\/v2\/comments?post=60576"}],"version-history":[{"count":0,"href":"https:\/\/www.sorosoro.org\/es\/wp-json\/wp\/v2\/pages\/60576\/revisions"}],"wp:attachment":[{"href":"https:\/\/www.sorosoro.org\/es\/wp-json\/wp\/v2\/media?parent=60576"}],"curies":[{"name":"wp","href":"https:\/\/api.w.org\/{rel}","templated":true}]}}