{"id":58438,"date":"2011-10-06T15:12:18","date_gmt":"2011-10-06T13:12:18","guid":{"rendered":"http:\/\/www.sorosoro.org\/?page_id=58438"},"modified":"2011-10-06T15:12:18","modified_gmt":"2011-10-06T13:12:18","slug":"el-bekwel","status":"publish","type":"page","link":"https:\/\/www.sorosoro.org\/es\/el-bekwel\/","title":{"rendered":"El bekwel"},"content":{"rendered":"<p style=\"text-align: justify;\"><em>P\u00e1gina realizad por Marion Cheucle, candidata a doctor por la Universidad Lyon 2, Laboratorio Dynamique du Langage. (Nombre de la tesis: el bekwel de Gab\u00f3n: descripci\u00f3n y documentaci\u00f3n de una lengua en peligro).<\/em><\/p>\n<h5 style=\"text-align: justify;\">Datos sobre la lengua bekwel<\/h5>\n<p style=\"text-align: justify;\"><strong>Nombres alternativos<\/strong>: bekwil, bakwele, kwele, kouele, okpele<\/p>\n<p style=\"text-align: justify;\"><strong>Clasificaci\u00f3n<\/strong>: Bantu, A85b<\/p>\n<p style=\"text-align: justify;\"><span style=\"text-decoration: underline;\">Familia Niger-Congo<\/span>, lenguas bantu, makaa-njem (A.80)<\/p>\n<p style=\"text-align: justify;\"><strong>Principales dialectos<\/strong>:<\/p>\n<p style=\"text-align: justify;\">La encuesta socioling\u00fc\u00edstica de Phillips (1993) revela 5 variedades ling\u00fc\u00edsticas en Congo: zalagee, ebaa, mekwoob, mebeeza y koolo. Bouka (1995) retiene 2 dialectos bekwel de Congo: el dialecto oriental el cual incluye el mekwoob, el ebaa, el zalagee y el dialecto occidental compuesto por la \u00fanica variedad mebezaa.<\/p>\n<p style=\"text-align: justify;\">A lo largo del Ivindo en Gab\u00f3n, los Bakwele no hablan ni mebeeza ni ebaa y nunca han escuchado hablar del zalagee y del kolo. Algunos informadores mencionaban el ebit y el ibongho y algunos hablan mekwob.<\/p>\n<p style=\"text-align: justify;\"><strong>\u00c1rea geogr\u00e1fica<\/strong>: Gab\u00f3n, Camer\u00fan y Congo<\/p>\n<p style=\"text-align: justify;\">Existe poca documentaci\u00f3n acerca del bekwel de Camer\u00fan. Este mapa del SIL (Summer Institute of Linguistics) ubica el <a href=\"http:\/\/www.sorosoro.org\/wp-content\/uploads\/bekwel-image-11.jpg\">bekwel en Camer\u00fan<\/a> (265).<\/p>\n<p style=\"text-align: justify;\">En Congo, los dos mapas de Phillips (1993) ubican el bekwel en funci\u00f3n de <a href=\"http:\/\/www.sorosoro.org\/wp-content\/uploads\/bekwel-image-2.jpg\">su situaci\u00f3n geogr\u00e1fica<\/a> y de <a href=\"http:\/\/www.sorosoro.org\/wp-content\/uploads\/bekwel-image-3.jpg\">sus dialectos<\/a>.<\/p>\n<p>En Gab\u00f3n, el bekwel se habla en la provincia de Ogoou\u00e9-Ivindo. La mayor\u00eda de los Bakwele viven en la costa oeste del Ivindo. Ocupan los pueblos (del norte a sur) de Mvadi I, II y III, Mayibout I y II, Model, Ndjeng, Abor Zoula , Menanga, Mekob y Zoatab (distrito Makokou). Los Bakwele del \u00abcanton norte\u00bb viven en Mazingo, Massombo, Etumba II, Zoula y Mekambo.<\/p>\n<p>Este <a href=\"http:\/\/www.sorosoro.org\/wp-content\/uploads\/bekwel-image-4.jpg\">otro mapa<\/a> muestra la distribuci\u00f3n de la poblaci\u00f3n <strong>kwel <\/strong>en la regi\u00f3n de <strong>Djouah<\/strong>, Gab\u00f3n (CHEUCLE, 2007).<\/p>\n<p style=\"text-align: justify;\"><strong>N\u00famero de locutores<\/strong>:<\/p>\n<p style=\"text-align: justify;\">En Gab\u00f3n, el n\u00famero estimado de hablantes es de entre 2 000 y 3 000.<\/p>\n<p style=\"text-align: justify;\">No hay ning\u00fan dato disponible para Camer\u00fan.<\/p>\n<p style=\"text-align: justify;\"><em>Ethnologue <\/em>(SIL) cuenta 9600 hablantes en la regi\u00f3n Sangha en Congo.<\/p>\n<p style=\"text-align: justify;\"><strong>Estatus de la lengua<\/strong>:<\/p>\n<p style=\"text-align: justify;\">El franc\u00e9s es la lengua oficial de Gab\u00f3n. Se utiliza en la educaci\u00f3n y las comunicaciones escritas sin importar que el contexto sea econ\u00f3mico, pol\u00edtico o administrativo. Por lo tanto, el franc\u00e9s se utiliza en los medios de comunicaci\u00f3n, las cortes de justicia y las escuelas.<\/p>\n<p style=\"text-align: justify;\"><strong>Vitalidad y transmisi\u00f3n<\/strong>:<\/p>\n<p style=\"text-align: justify;\"><a href=\"http:\/\/www.sorosoro.org\/wp-content\/uploads\/bekwel-image-5.jpg\">Esta tabla<\/a> muestra la evaluaci\u00f3n del grado de vitalidad del bekwel en Gab\u00f3n de acuerdo a los criterios de la UNESCO (CHEUCLE 2007).<\/p>\n<p style=\"text-align: justify;\">Hoy en d\u00eda, la lengua se transmite a los ni\u00f1os en los pueblos y algunas personas de edad avanzada solo pueden comunicarse en dicha lengua. Sin embargo, el \u00e9xodo rural empuja a los Bakwele fuera de su contexto ling\u00fc\u00edstico. Poco a poco, el conocimiento de la lengua disminuye en las generaciones m\u00e1s j\u00f3venes. A pesar de una aparente vitalidad de la lengua hoy por hoy, no hay nada que asegure su futuro debido al n\u00famero reducido de locutores, del exodo rural y del impacto creciente del franc\u00e9s.<\/p>\n<p style=\"text-align: justify;\"><strong>Medios de comunicaci\u00f3n \/ literatura \/  ense\u00f1anza<\/strong>:<\/p>\n<p style=\"text-align: justify;\">El bekwel es poco conocido en Gab\u00f3n excepto en la zona en donde se habla. La ense\u00f1anza, la administraci\u00f3n y los medios de comunicaci\u00f3n utilizan el franc\u00e9s. No existe ninguna literatura en bekwel ni una estandarizaci\u00f3n de la lengua en Gab\u00f3n. En Congo, J. Phillips trabaja en la elaboraci\u00f3n de una ortograf\u00eda en bekwel. En una historia m\u00e1s reciente, los Bekweles ser\u00edan provenientes de Camer\u00fan y se dispersar\u00edan en Gab\u00f3n y en Congo. Una guerra \u00e9tnica habr\u00eda jugado un papel sumamente importante: la \u201cguerra pupu\u201d. La presencia de los Bakwele en la regi\u00f3n de Djouah (Mvadi) ser\u00eda la consecuencia de la llamada \u201cguerra de los pl\u00e1tanos\u201d.<\/p>\n<p style=\"text-align: justify;\">\n<h5 style=\"text-align: justify;\">Bibliografia<\/h5>\n<p style=\"text-align: justify;\">AVORE. 2000. <em>Description phonologique du bekwel<\/em>. Rapport de licence SDL, UOB, Libreville.<\/p>\n<p style=\"text-align: justify;\">BOUKA L-Y. 1995. <em>Structures phonologiques et structures prosodiques (le mod\u00e8le bekwel)<\/em>. Th\u00e8se de doctorat, Universit\u00e9 Libre de Bruxelles, Tervuren .<\/p>\n<p style=\"text-align: justify;\">CHEUCLE M. 2008. <em>Vers une description de la langue bekwel (A85b): approche synchronique, approche diachronique<\/em>, m\u00e9moire de master 2, Sciences du Langage, Universit\u00e9 Lumi\u00e8re Lyon 2.<\/p>\n<p style=\"text-align: justify;\">CHEUCLE M. 2007. <em>Les Bakwele du Gabon, perspective culturelle et perspective linguistique<\/em>. M\u00e9moire de master 1, Sciences du Langage, Universit\u00e9 Lumi\u00e8re Lyon 2.<\/p>\n<p style=\"text-align: justify;\">MEGUILE G. 1995. <em>Histoire du peuple kwel du Gabon, des origines \u00e0 1960<\/em>. M\u00e9moire de ma\u00eetrise, UOB, Libreville.<\/p>\n<p style=\"text-align: justify;\">PHILLIPS J. 1993. <em>Enqu\u00eate linguistique et sociolinguistique de la langue bekwil<\/em> (langue bantoue (A80) parl\u00e9 au nord du Congo). SIL<\/p>\n<p style=\"text-align: justify;\">PHILLIPS J. 2009. <em>Guide d\u2019orthographe bekwyel<\/em>. SIL<\/p>\n<p style=\"text-align: justify;\">PUECH G. 1990. \u00ab Bekwel \u00bb in <em>Revue<\/em> <em>Gabonaise des Sciences de l&#8217;Homme<\/em> 2: 127-128, Libreville.<\/p>\n<p style=\"text-align: justify;\">ZIGH R. 2007. <em>Etude contrastive du fran\u00e7ais et du bekwel : approches phon\u00e9tique et phonologique<\/em>. M\u00e9moire de ma\u00eetrise, UOB, Libreville<\/p>\n","protected":false},"excerpt":{"rendered":"<p>P\u00e1gina realizad por Marion Cheucle, candidata a doctor por la Universidad Lyon 2, Laboratorio Dynamique du Langage. (Nombre de la tesis: el bekwel de Gab\u00f3n: descripci\u00f3n y documentaci\u00f3n de una lengua en peligro). Datos sobre la lengua bekwel Nombres alternativos: bekwil, bakwele, kwele, kouele, okpele Clasificaci\u00f3n: Bantu, A85b Familia Niger-Congo, lenguas bantu, makaa-njem (A.80) Principales [&hellip;]<\/p>\n","protected":false},"author":18,"featured_media":0,"parent":0,"menu_order":0,"comment_status":"closed","ping_status":"open","template":"","meta":{"footnotes":""},"class_list":["post-58438","page","type-page","status-publish","hentry"],"yoast_head":"<!-- This site is optimized with the Yoast SEO plugin v27.0 - https:\/\/yoast.com\/product\/yoast-seo-wordpress\/ -->\n<title>El bekwel - Sorosoro<\/title>\n<meta name=\"robots\" content=\"index, follow, max-snippet:-1, max-image-preview:large, max-video-preview:-1\" \/>\n<link rel=\"canonical\" href=\"https:\/\/www.sorosoro.org\/es\/el-bekwel\/\" \/>\n<meta property=\"og:locale\" content=\"es_ES\" \/>\n<meta property=\"og:type\" content=\"article\" \/>\n<meta property=\"og:title\" content=\"El bekwel - Sorosoro\" \/>\n<meta property=\"og:description\" content=\"P\u00e1gina realizad por Marion Cheucle, candidata a doctor por la Universidad Lyon 2, Laboratorio Dynamique du Langage. (Nombre de la tesis: el bekwel de Gab\u00f3n: descripci\u00f3n y documentaci\u00f3n de una lengua en peligro). Datos sobre la lengua bekwel Nombres alternativos: bekwil, bakwele, kwele, kouele, okpele Clasificaci\u00f3n: Bantu, A85b Familia Niger-Congo, lenguas bantu, makaa-njem (A.80) Principales [&hellip;]\" \/>\n<meta property=\"og:url\" content=\"https:\/\/www.sorosoro.org\/es\/el-bekwel\/\" \/>\n<meta property=\"og:site_name\" content=\"Sorosoro\" \/>\n<meta name=\"twitter:card\" content=\"summary_large_image\" \/>\n<meta name=\"twitter:label1\" content=\"Tiempo de lectura\" \/>\n\t<meta name=\"twitter:data1\" content=\"4 minutos\" \/>\n<script type=\"application\/ld+json\" class=\"yoast-schema-graph\">{\"@context\":\"https:\/\/schema.org\",\"@graph\":[{\"@type\":\"WebPage\",\"@id\":\"https:\/\/www.sorosoro.org\/es\/el-bekwel\/\",\"url\":\"https:\/\/www.sorosoro.org\/es\/el-bekwel\/\",\"name\":\"El bekwel - Sorosoro\",\"isPartOf\":{\"@id\":\"https:\/\/www.sorosoro.org\/es\/#website\"},\"datePublished\":\"2011-10-06T13:12:18+00:00\",\"breadcrumb\":{\"@id\":\"https:\/\/www.sorosoro.org\/es\/el-bekwel\/#breadcrumb\"},\"inLanguage\":\"es\",\"potentialAction\":[{\"@type\":\"ReadAction\",\"target\":[\"https:\/\/www.sorosoro.org\/es\/el-bekwel\/\"]}]},{\"@type\":\"BreadcrumbList\",\"@id\":\"https:\/\/www.sorosoro.org\/es\/el-bekwel\/#breadcrumb\",\"itemListElement\":[{\"@type\":\"ListItem\",\"position\":1,\"name\":\"Accueil\",\"item\":\"https:\/\/www.sorosoro.org\/es\/\"},{\"@type\":\"ListItem\",\"position\":2,\"name\":\"El bekwel\"}]},{\"@type\":\"WebSite\",\"@id\":\"https:\/\/www.sorosoro.org\/es\/#website\",\"url\":\"https:\/\/www.sorosoro.org\/es\/\",\"name\":\"Sorosoro\",\"description\":\"Pour que vivent les langues du monde !\",\"potentialAction\":[{\"@type\":\"SearchAction\",\"target\":{\"@type\":\"EntryPoint\",\"urlTemplate\":\"https:\/\/www.sorosoro.org\/es\/?s={search_term_string}\"},\"query-input\":{\"@type\":\"PropertyValueSpecification\",\"valueRequired\":true,\"valueName\":\"search_term_string\"}}],\"inLanguage\":\"es\"}]}<\/script>\n<!-- \/ Yoast SEO plugin. -->","yoast_head_json":{"title":"El bekwel - Sorosoro","robots":{"index":"index","follow":"follow","max-snippet":"max-snippet:-1","max-image-preview":"max-image-preview:large","max-video-preview":"max-video-preview:-1"},"canonical":"https:\/\/www.sorosoro.org\/es\/el-bekwel\/","og_locale":"es_ES","og_type":"article","og_title":"El bekwel - Sorosoro","og_description":"P\u00e1gina realizad por Marion Cheucle, candidata a doctor por la Universidad Lyon 2, Laboratorio Dynamique du Langage. (Nombre de la tesis: el bekwel de Gab\u00f3n: descripci\u00f3n y documentaci\u00f3n de una lengua en peligro). Datos sobre la lengua bekwel Nombres alternativos: bekwil, bakwele, kwele, kouele, okpele Clasificaci\u00f3n: Bantu, A85b Familia Niger-Congo, lenguas bantu, makaa-njem (A.80) Principales [&hellip;]","og_url":"https:\/\/www.sorosoro.org\/es\/el-bekwel\/","og_site_name":"Sorosoro","twitter_card":"summary_large_image","twitter_misc":{"Tiempo de lectura":"4 minutos"},"schema":{"@context":"https:\/\/schema.org","@graph":[{"@type":"WebPage","@id":"https:\/\/www.sorosoro.org\/es\/el-bekwel\/","url":"https:\/\/www.sorosoro.org\/es\/el-bekwel\/","name":"El bekwel - Sorosoro","isPartOf":{"@id":"https:\/\/www.sorosoro.org\/es\/#website"},"datePublished":"2011-10-06T13:12:18+00:00","breadcrumb":{"@id":"https:\/\/www.sorosoro.org\/es\/el-bekwel\/#breadcrumb"},"inLanguage":"es","potentialAction":[{"@type":"ReadAction","target":["https:\/\/www.sorosoro.org\/es\/el-bekwel\/"]}]},{"@type":"BreadcrumbList","@id":"https:\/\/www.sorosoro.org\/es\/el-bekwel\/#breadcrumb","itemListElement":[{"@type":"ListItem","position":1,"name":"Accueil","item":"https:\/\/www.sorosoro.org\/es\/"},{"@type":"ListItem","position":2,"name":"El bekwel"}]},{"@type":"WebSite","@id":"https:\/\/www.sorosoro.org\/es\/#website","url":"https:\/\/www.sorosoro.org\/es\/","name":"Sorosoro","description":"Pour que vivent les langues du monde !","potentialAction":[{"@type":"SearchAction","target":{"@type":"EntryPoint","urlTemplate":"https:\/\/www.sorosoro.org\/es\/?s={search_term_string}"},"query-input":{"@type":"PropertyValueSpecification","valueRequired":true,"valueName":"search_term_string"}}],"inLanguage":"es"}]}},"_links":{"self":[{"href":"https:\/\/www.sorosoro.org\/es\/wp-json\/wp\/v2\/pages\/58438","targetHints":{"allow":["GET"]}}],"collection":[{"href":"https:\/\/www.sorosoro.org\/es\/wp-json\/wp\/v2\/pages"}],"about":[{"href":"https:\/\/www.sorosoro.org\/es\/wp-json\/wp\/v2\/types\/page"}],"author":[{"embeddable":true,"href":"https:\/\/www.sorosoro.org\/es\/wp-json\/wp\/v2\/users\/18"}],"replies":[{"embeddable":true,"href":"https:\/\/www.sorosoro.org\/es\/wp-json\/wp\/v2\/comments?post=58438"}],"version-history":[{"count":0,"href":"https:\/\/www.sorosoro.org\/es\/wp-json\/wp\/v2\/pages\/58438\/revisions"}],"wp:attachment":[{"href":"https:\/\/www.sorosoro.org\/es\/wp-json\/wp\/v2\/media?parent=58438"}],"curies":[{"name":"wp","href":"https:\/\/api.w.org\/{rel}","templated":true}]}}