{"id":58347,"date":"2011-10-04T23:57:13","date_gmt":"2011-10-04T21:57:13","guid":{"rendered":"http:\/\/www.sorosoro.org\/?page_id=58347"},"modified":"2011-10-04T23:57:13","modified_gmt":"2011-10-04T21:57:13","slug":"el-akele","status":"publish","type":"page","link":"https:\/\/www.sorosoro.org\/es\/el-akele\/","title":{"rendered":"El akele"},"content":{"rendered":"<p style=\"text-align: justify;\"><em>Esta p\u00e1gina fue elaborada en colaboraci\u00f3n con Jean-Marie Hombert, 2009.<\/em><\/p>\n<p style=\"text-align: justify;\"><a href=\"http:\/\/www.sorosoro.org\/wp-content\/uploads\/vannerie_du_matin.jpg\"><img loading=\"lazy\" decoding=\"async\" class=\"aligncenter size-medium wp-image-9739\" title=\"vannerie_akele\" src=\"http:\/\/www.sorosoro.org\/wp-content\/uploads\/vannerie_du_matin-300x168.jpg\" alt=\"vannerie_akele\" width=\"300\" height=\"168\" srcset=\"https:\/\/www.sorosoro.org\/wp-content\/uploads\/vannerie_du_matin-300x168.jpg 300w, https:\/\/www.sorosoro.org\/wp-content\/uploads\/vannerie_du_matin.jpg 640w\" sizes=\"auto, (max-width: 300px) 100vw, 300px\" \/><\/a><\/p>\n<p style=\"text-align: justify;\">\n<h5 style=\"text-align: justify;\">Datos sobre el akele<\/h5>\n<p style=\"text-align: justify;\"><strong>Nombres alternativos<\/strong>: Akele, Kele, Kele.<\/p>\n<p style=\"text-align: justify;\"><strong>Clasificaci\u00f3n<\/strong>: familia niger-congo, lengua bant\u00fa<\/p>\n<p style=\"text-align: justify;\"><strong>Dialectos principales<\/strong>:<\/p>\n<p style=\"text-align: justify;\"><em>Hay varios dialectos akele, teniendo diversos grados de proximidad y que pertenecen a un grupo muy fragmentado. En este punto, es dif\u00edcil determinar si constituyen un grupo de dialectos o idiomas akele, seg\u00fan la definici\u00f3n de Guthrie.<\/em><\/p>\n<p style=\"text-align: justify;\"><strong>\u00c1rea geogr\u00e1fica<\/strong>: Gab\u00f3n, a lo largo de los r\u00edos y Ngouni\u00e9 Ogoou\u00e9, y en Moyen-Ogoou\u00e9 regi\u00f3n de los lagos, cerca de Lambar\u00e9n\u00e9.<\/p>\n<p style=\"text-align: justify;\"><strong>N\u00famero de locutores<\/strong>: 9320 de acuerdo con Ethnologue.com<\/p>\n<p style=\"text-align: justify;\"><em>Nota: Las cifras proporcionadas por Ethnologue.com probablemente corresponden a la poblaci\u00f3n del grupo \u00e9tnico. El n\u00famero de hablantes real es probablemente inferior. Sin embargo, no tenemos otras estimaciones en este momento.<\/em><\/p>\n<p style=\"text-align: justify;\"><em>La variante de los lagos, Mutumbudie (o M\u00e9tombolo) s\u00f3lo es hablado por unas 50 personas y ya no se transmite, seg\u00fan\u00a0el ling\u00fcista Jean-Marie Hombert.<\/em><\/p>\n<p style=\"text-align: justify;\"><strong>Estatuto de la lengua<\/strong>: No tiene estatuto oficial.<\/p>\n<p style=\"text-align: justify;\">Lengua de comunicaci\u00f3n.<\/p>\n<p style=\"text-align: justify;\"><strong>Vitalidad y  transmisi\u00f3n<\/strong>: No hay datos precisos sobre la vitalidad del akele, pero los ling\u00fcistas y muchos locutores lo consideran seriamente amenazado.<\/p>\n<p style=\"text-align: justify;\"><strong>Medios de comunicaci\u00f3n \/ Literatura \/ Ense\u00f1anza<\/strong>: No hay  literatura en akele &#8230;<\/p>\n<p style=\"text-align: justify;\">Sorosoro llev\u00f3 a cabo una sesi\u00f3n de filmaci\u00f3n en junio de 2009 en mutumbudie,\u00a0el idioma akele de los lagos. Esta es probablemente la primera grabacion jam\u00e1s hecha\u00a0del mutumbudie.<\/p>\n<p style=\"text-align: justify;\">\n<h5 style=\"text-align: justify;\">Videos en Akele en Sorosoro.org<\/h5>\n<p style=\"text-align: justify;\"><a href=\"https:\/\/www.sorosoro.org\/es\/videos-en-la-lengua-akele-gabon\">Ver videos en akele (regi\u00f3n de los lagos)<\/a><\/p>\n<p style=\"text-align: justify;\">\n<h5 style=\"text-align: justify;\">Precisiones etnogr\u00e1ficas<\/h5>\n<p style=\"text-align: justify;\"><strong>\u00bfDed\u00f3nde\u00a0vienen los Akele de los lagos?<\/strong><\/p>\n<p style=\"text-align: justify;\">El mutumbudie,  lengua hablada por los Akele de los lagos, pertenece al grupo ling\u00fc\u00edstico m\u00e1s disperso en Gab\u00f3n. Se encuentran las lenguas de este grupo en el noreste del pa\u00eds (regi\u00f3n de\u00a0Makokou), en el sur-este (regi\u00f3n\u00a0de Franceville), y en el oeste (cerca de Lambar\u00e9n\u00e9). Poco se sabe acerca de las migraci\u00f3nes de este grupo.<\/p>\n<p style=\"text-align: justify;\">El estudio realizado por Sorosoro en mayo y junio de 2009 mostr\u00f3 que los Akele de los lagos no utilizaron el r\u00edo para instalarse en su territorio actual, y que son ling\u00fc\u00edsticamente muy cerca de otro grupo, los Tombidi, asentado principalmente en el pueblo de Rebe, cerca de Malinga, m\u00e1s de 300 kil\u00f3metros del territorio actual de los Akele des los lagos.<\/p>\n<p style=\"text-align: justify;\">Su proximidad ling\u00fc\u00edstica indic\u00f3 que la separaci\u00f3n entre estos grupos se produjeron tres o cuatro siglos atr\u00e1s. Aunque hoy en d\u00eda, estos dos grupos, los Mutumbudie y los Tombidi, son conscientes de su historia com\u00fan.<\/p>\n<p style=\"text-align: justify;\"><img loading=\"lazy\" decoding=\"async\" class=\"size-medium wp-image-9732 aligncenter\" title=\"pose_filet_akele\" src=\"http:\/\/www.sorosoro.org\/wp-content\/uploads\/pose_filet-300x168.jpg\" alt=\"pose_filet_akele\" width=\"300\" height=\"168\" srcset=\"https:\/\/www.sorosoro.org\/wp-content\/uploads\/pose_filet-300x168.jpg 300w, https:\/\/www.sorosoro.org\/wp-content\/uploads\/pose_filet.jpg 640w\" sizes=\"auto, (max-width: 300px) 100vw, 300px\" \/><\/p>\n<p style=\"text-align: justify;\">\n<h5 style=\"text-align: justify;\">Bibliograf\u00eda<\/h5>\n<p style=\"padding-top: 0px; padding-right: 5px; padding-bottom: 7px; padding-left: 10px; text-align: justify; margin: 0px;\">Idiata, Daniel Franck (2007).\u00a0<em>Les langues du Gabon. Donn\u00e9es en vue de l\u2019\u00e9laboration d\u2019un atlas linguistique<\/em>. Paris, L\u2019Harmattan.<\/p>\n<p style=\"padding-top: 0px; padding-right: 5px; padding-bottom: 7px; padding-left: 10px; text-align: justify; margin: 0px;\">Guthrie, Malcom (1953).<em> B20 Kele group<\/em>. In\u00a0<em>The Bantu languages of Western Equatorial Africa<\/em>. Oxford: Oxford University Press<\/p>\n<p style=\"padding-top: 0px; padding-right: 5px; padding-bottom: 7px; padding-left: 10px; text-align: justify; margin: 0px;\">Jacquot, A. (1983).\u00a0<em>Les classes nominales dans les langues bantoues des groupes B10, B20, B30 (Gabon-Congo)<\/em>. Travaux et documents de l&#8217;ORSTOM, 157, Paris.<\/p>\n","protected":false},"excerpt":{"rendered":"<p>Esta p\u00e1gina fue elaborada en colaboraci\u00f3n con Jean-Marie Hombert, 2009. Datos sobre el akele Nombres alternativos: Akele, Kele, Kele. Clasificaci\u00f3n: familia niger-congo, lengua bant\u00fa Dialectos principales: Hay varios dialectos akele, teniendo diversos grados de proximidad y que pertenecen a un grupo muy fragmentado. En este punto, es dif\u00edcil determinar si constituyen un grupo de dialectos [&hellip;]<\/p>\n","protected":false},"author":18,"featured_media":0,"parent":0,"menu_order":0,"comment_status":"closed","ping_status":"open","template":"","meta":{"footnotes":""},"class_list":["post-58347","page","type-page","status-publish","hentry"],"yoast_head":"<!-- This site is optimized with the Yoast SEO plugin v27.0 - https:\/\/yoast.com\/product\/yoast-seo-wordpress\/ -->\n<title>El akele - Sorosoro<\/title>\n<meta name=\"robots\" content=\"index, follow, max-snippet:-1, max-image-preview:large, max-video-preview:-1\" \/>\n<link rel=\"canonical\" href=\"https:\/\/www.sorosoro.org\/es\/el-akele\/\" \/>\n<meta property=\"og:locale\" content=\"es_ES\" \/>\n<meta property=\"og:type\" content=\"article\" \/>\n<meta property=\"og:title\" content=\"El akele - Sorosoro\" \/>\n<meta property=\"og:description\" content=\"Esta p\u00e1gina fue elaborada en colaboraci\u00f3n con Jean-Marie Hombert, 2009. Datos sobre el akele Nombres alternativos: Akele, Kele, Kele. Clasificaci\u00f3n: familia niger-congo, lengua bant\u00fa Dialectos principales: Hay varios dialectos akele, teniendo diversos grados de proximidad y que pertenecen a un grupo muy fragmentado. En este punto, es dif\u00edcil determinar si constituyen un grupo de dialectos [&hellip;]\" \/>\n<meta property=\"og:url\" content=\"https:\/\/www.sorosoro.org\/es\/el-akele\/\" \/>\n<meta property=\"og:site_name\" content=\"Sorosoro\" \/>\n<meta property=\"og:image\" content=\"http:\/\/www.sorosoro.org\/wp-content\/uploads\/vannerie_du_matin-300x168.jpg\" \/>\n<meta name=\"twitter:card\" content=\"summary_large_image\" \/>\n<meta name=\"twitter:label1\" content=\"Tiempo de lectura\" \/>\n\t<meta name=\"twitter:data1\" content=\"3 minutos\" \/>\n<script type=\"application\/ld+json\" class=\"yoast-schema-graph\">{\"@context\":\"https:\/\/schema.org\",\"@graph\":[{\"@type\":\"WebPage\",\"@id\":\"https:\/\/www.sorosoro.org\/es\/el-akele\/\",\"url\":\"https:\/\/www.sorosoro.org\/es\/el-akele\/\",\"name\":\"El akele - Sorosoro\",\"isPartOf\":{\"@id\":\"https:\/\/www.sorosoro.org\/es\/#website\"},\"primaryImageOfPage\":{\"@id\":\"https:\/\/www.sorosoro.org\/es\/el-akele\/#primaryimage\"},\"image\":{\"@id\":\"https:\/\/www.sorosoro.org\/es\/el-akele\/#primaryimage\"},\"thumbnailUrl\":\"http:\/\/www.sorosoro.org\/wp-content\/uploads\/vannerie_du_matin-300x168.jpg\",\"datePublished\":\"2011-10-04T21:57:13+00:00\",\"breadcrumb\":{\"@id\":\"https:\/\/www.sorosoro.org\/es\/el-akele\/#breadcrumb\"},\"inLanguage\":\"es\",\"potentialAction\":[{\"@type\":\"ReadAction\",\"target\":[\"https:\/\/www.sorosoro.org\/es\/el-akele\/\"]}]},{\"@type\":\"ImageObject\",\"inLanguage\":\"es\",\"@id\":\"https:\/\/www.sorosoro.org\/es\/el-akele\/#primaryimage\",\"url\":\"http:\/\/www.sorosoro.org\/wp-content\/uploads\/vannerie_du_matin-300x168.jpg\",\"contentUrl\":\"http:\/\/www.sorosoro.org\/wp-content\/uploads\/vannerie_du_matin-300x168.jpg\"},{\"@type\":\"BreadcrumbList\",\"@id\":\"https:\/\/www.sorosoro.org\/es\/el-akele\/#breadcrumb\",\"itemListElement\":[{\"@type\":\"ListItem\",\"position\":1,\"name\":\"Accueil\",\"item\":\"https:\/\/www.sorosoro.org\/es\/\"},{\"@type\":\"ListItem\",\"position\":2,\"name\":\"El akele\"}]},{\"@type\":\"WebSite\",\"@id\":\"https:\/\/www.sorosoro.org\/es\/#website\",\"url\":\"https:\/\/www.sorosoro.org\/es\/\",\"name\":\"Sorosoro\",\"description\":\"Pour que vivent les langues du monde !\",\"potentialAction\":[{\"@type\":\"SearchAction\",\"target\":{\"@type\":\"EntryPoint\",\"urlTemplate\":\"https:\/\/www.sorosoro.org\/es\/?s={search_term_string}\"},\"query-input\":{\"@type\":\"PropertyValueSpecification\",\"valueRequired\":true,\"valueName\":\"search_term_string\"}}],\"inLanguage\":\"es\"}]}<\/script>\n<!-- \/ Yoast SEO plugin. -->","yoast_head_json":{"title":"El akele - Sorosoro","robots":{"index":"index","follow":"follow","max-snippet":"max-snippet:-1","max-image-preview":"max-image-preview:large","max-video-preview":"max-video-preview:-1"},"canonical":"https:\/\/www.sorosoro.org\/es\/el-akele\/","og_locale":"es_ES","og_type":"article","og_title":"El akele - Sorosoro","og_description":"Esta p\u00e1gina fue elaborada en colaboraci\u00f3n con Jean-Marie Hombert, 2009. Datos sobre el akele Nombres alternativos: Akele, Kele, Kele. Clasificaci\u00f3n: familia niger-congo, lengua bant\u00fa Dialectos principales: Hay varios dialectos akele, teniendo diversos grados de proximidad y que pertenecen a un grupo muy fragmentado. En este punto, es dif\u00edcil determinar si constituyen un grupo de dialectos [&hellip;]","og_url":"https:\/\/www.sorosoro.org\/es\/el-akele\/","og_site_name":"Sorosoro","og_image":[{"url":"http:\/\/www.sorosoro.org\/wp-content\/uploads\/vannerie_du_matin-300x168.jpg","type":"","width":"","height":""}],"twitter_card":"summary_large_image","twitter_misc":{"Tiempo de lectura":"3 minutos"},"schema":{"@context":"https:\/\/schema.org","@graph":[{"@type":"WebPage","@id":"https:\/\/www.sorosoro.org\/es\/el-akele\/","url":"https:\/\/www.sorosoro.org\/es\/el-akele\/","name":"El akele - Sorosoro","isPartOf":{"@id":"https:\/\/www.sorosoro.org\/es\/#website"},"primaryImageOfPage":{"@id":"https:\/\/www.sorosoro.org\/es\/el-akele\/#primaryimage"},"image":{"@id":"https:\/\/www.sorosoro.org\/es\/el-akele\/#primaryimage"},"thumbnailUrl":"http:\/\/www.sorosoro.org\/wp-content\/uploads\/vannerie_du_matin-300x168.jpg","datePublished":"2011-10-04T21:57:13+00:00","breadcrumb":{"@id":"https:\/\/www.sorosoro.org\/es\/el-akele\/#breadcrumb"},"inLanguage":"es","potentialAction":[{"@type":"ReadAction","target":["https:\/\/www.sorosoro.org\/es\/el-akele\/"]}]},{"@type":"ImageObject","inLanguage":"es","@id":"https:\/\/www.sorosoro.org\/es\/el-akele\/#primaryimage","url":"http:\/\/www.sorosoro.org\/wp-content\/uploads\/vannerie_du_matin-300x168.jpg","contentUrl":"http:\/\/www.sorosoro.org\/wp-content\/uploads\/vannerie_du_matin-300x168.jpg"},{"@type":"BreadcrumbList","@id":"https:\/\/www.sorosoro.org\/es\/el-akele\/#breadcrumb","itemListElement":[{"@type":"ListItem","position":1,"name":"Accueil","item":"https:\/\/www.sorosoro.org\/es\/"},{"@type":"ListItem","position":2,"name":"El akele"}]},{"@type":"WebSite","@id":"https:\/\/www.sorosoro.org\/es\/#website","url":"https:\/\/www.sorosoro.org\/es\/","name":"Sorosoro","description":"Pour que vivent les langues du monde !","potentialAction":[{"@type":"SearchAction","target":{"@type":"EntryPoint","urlTemplate":"https:\/\/www.sorosoro.org\/es\/?s={search_term_string}"},"query-input":{"@type":"PropertyValueSpecification","valueRequired":true,"valueName":"search_term_string"}}],"inLanguage":"es"}]}},"_links":{"self":[{"href":"https:\/\/www.sorosoro.org\/es\/wp-json\/wp\/v2\/pages\/58347","targetHints":{"allow":["GET"]}}],"collection":[{"href":"https:\/\/www.sorosoro.org\/es\/wp-json\/wp\/v2\/pages"}],"about":[{"href":"https:\/\/www.sorosoro.org\/es\/wp-json\/wp\/v2\/types\/page"}],"author":[{"embeddable":true,"href":"https:\/\/www.sorosoro.org\/es\/wp-json\/wp\/v2\/users\/18"}],"replies":[{"embeddable":true,"href":"https:\/\/www.sorosoro.org\/es\/wp-json\/wp\/v2\/comments?post=58347"}],"version-history":[{"count":0,"href":"https:\/\/www.sorosoro.org\/es\/wp-json\/wp\/v2\/pages\/58347\/revisions"}],"wp:attachment":[{"href":"https:\/\/www.sorosoro.org\/es\/wp-json\/wp\/v2\/media?parent=58347"}],"curies":[{"name":"wp","href":"https:\/\/api.w.org\/{rel}","templated":true}]}}