{"id":50157,"date":"2011-06-14T00:21:29","date_gmt":"2011-06-13T22:21:29","guid":{"rendered":"http:\/\/www.sorosoro.org\/?page_id=50157"},"modified":"2011-06-14T00:21:29","modified_gmt":"2011-06-13T22:21:29","slug":"el-guarayo","status":"publish","type":"page","link":"https:\/\/www.sorosoro.org\/es\/el-guarayo\/","title":{"rendered":"El guarayo"},"content":{"rendered":"<p style=\"text-align: justify;\"><em>Datos recolectados por la UNICEF<\/em><\/p>\n<h5 style=\"text-align: justify;\">Datos sobre la lengua guarayo<\/h5>\n<p style=\"text-align: justify;\"><em>Esta lengua no debe ser confundida con el guarayo (guaran\u00ed-\u00f1andeva) hablado en Paraguay, aunque las dos lenguas sean de la misma familia; ni con el ese ejja, hablado en Paraguay y algunas veces tambi\u00e9n llamado  \u00ab guarayo \u00bb o bien \u00ab huarayo \u00bb, que es una lengua tacanana.<\/em><\/p>\n<p style=\"text-align: justify;\"><strong>Nombres alternativos<\/strong>: guarayu<\/p>\n<p style=\"text-align: justify;\"><strong>Clasificaci\u00f3n<\/strong>: <a href=\"https:\/\/www.sorosoro.org\/es\/familia-de-lenguas-tupi-guarani\">Familia tup\u00ed<\/a>, lenguas tup\u00ed-guaran\u00ed, grupo II<\/p>\n<p style=\"text-align: justify;\"><strong>\u00c1rea geogr\u00e1fica<\/strong>: Bolivia, Chaco oriental. Se encuentran hablantes esencialmente en el departamento de Santa Cruz, en Yota\u00fa, Ascenci\u00f3n, Urubich\u00e1 et Yaguar\u00fa.<\/p>\n<p style=\"text-align: justify;\"><strong>N\u00famero de hablantes<\/strong>: 8,433 locutores seg\u00fan la UNICEF<\/p>\n<p style=\"text-align: justify;\">Estatus de la lengua: Seg\u00fan los t\u00e9rminos del decreto supremo 25894 del 11 de septiembre, aprobado en el a\u00f1o 2000, el guarayo es una de las lenguas \u00ab ind\u00edgenas reconocidas como oficiales \u00bb en Bolivia.<\/p>\n<p style=\"text-align: justify;\"><strong>Escritura<\/strong>: El guarayo posee una escritura est\u00e1ndar aprobada por el Ministerio de la Educaci\u00f3n boliviano.<\/p>\n<p style=\"text-align: justify;\"><strong>Ense\u00f1anza<\/strong>: El guarayo est\u00e1 presente en la educaci\u00f3n escolar local que es biling\u00fce en los primeros a\u00f1os de la escuela primaria, antes de convertirse progresivamente monoling\u00fce en espa\u00f1ol.<\/p>\n<p style=\"text-align: justify;\"><strong>Vitalidad y Transmisi\u00f3n<\/strong>: El guarayo es una lengua en peligro seg\u00fan la UNESCO.<\/p>\n<p style=\"text-align: justify;\">\n<h5 style=\"text-align: justify;\">Precisiones socioling\u00fc\u00edsticas<\/h5>\n<p style=\"text-align: justify;\">Se pueden distinguir dos tipos de situaciones socioling\u00fc\u00edsticas:<\/p>\n<p style=\"text-align: justify;\">Por un lado las comunidades de Urubich\u00e1 y de Yaguar\u00fa, donde la lengua posee una buena vitalidad, donde la mayor\u00eda de los hablantes son monoling\u00fces, la lengua valorizada, la transmisi\u00f3n asegurada y donde juega un papel de lengua de comunicaci\u00f3n; por otro lado, las comunidades m\u00e1s urbanizadas de Ascenci\u00f3n y de Yota\u00fa donde la mayor parte de los hablantes son biling\u00fces en espa\u00f1ol y donde el espa\u00f1ol es la lengua \u00ab valorizada \u00bb. En este \u00faltimo caso, la lengua est\u00e1 m\u00e1s amenazada.<\/p>\n<p style=\"text-align: justify;\">\n<h5 style=\"text-align: justify;\">Precisiones etnogr\u00e1ficas<\/h5>\n<p style=\"text-align: justify;\">Los Guarayos son descendientes de las poblaciones guaran\u00edes que migraron en el siglo XVI desde el Chaco central (en el actual Paraguay) a trav\u00e9s de la regi\u00f3n de Chiquitos antes de instalarse sobre el territorio actual.<\/p>\n<p style=\"text-align: justify;\">Ser\u00edan cercanos a los Pausernas (cuya lengua esta hoy aparentemente extinta) de los que se habr\u00edan separado en el trascurso del siglo XIX sedentariz\u00e1ndose en las misiones franciscanas. Entonces abandonaron su modo de vida de cazadores-recolectores para dedicarse a la agricultura y la ganader\u00eda.<\/p>\n<p style=\"text-align: justify;\">A mediados del siglo XX, el cierre de las misiones franciscanas y la confiscaci\u00f3n de las tierras alteraron la vida de Guarayos. Fueron expropiados y forzados a trabajar como mano de obras agr\u00edcola en las \u00abhaciendas\u00bb que se multiplicaron sobre su territorio.<\/p>\n<p style=\"text-align: justify;\">Para m\u00e1s informaci\u00f3n sobre Guarayos, su modo de vida y su cultura ver el sitio <a href=\"http:\/\/www.amazonia.bo\/mas_detalle_proi.php?id_contenido=13\" target=\"_blank\"><em>Pueblos ind\u00edgenas de Bolivia<\/em><\/a>.<\/p>\n<p style=\"text-align: justify;\">\n<h5 style=\"text-align: justify;\">Fuentes<\/h5>\n<p style=\"text-align: justify;\">L\u00f3pez, Luis E&amp; Censabella, Marisa. 2010. \u00a0<em>Bolivia en el Chaco y el oriente<\/em> en \u00ab\u00a0<a href=\"http:\/\/www.movilizando.org\/atlas_tomo1\/pages\/tomo_1.pdf\" target=\"_blank\">Atlas socioling\u00fc\u00edstico de pueblos ind\u00edgenas en Am\u00e9rica Latina<\/a> \u00bb, UNICEF. Tomo 1, pp. 203-204<\/p>\n<p style=\"text-align: justify;\">Fabre, Alain. 2005. <em>Diccionario etnoling\u00fc\u00edstico y gu\u00eda bibliogr\u00e1fica de los pueblos ind\u00edgenas sudamericanos<\/em>. <a href=\"http:\/\/butler.cc.tut.fi\/~fabre\/BookInternetVersio\/Alkusivu.html\" target=\"_blank\">Accesible en l\u00ednea<\/a> [21\/03\/2011]<\/p>\n<p style=\"text-align: justify;\">\n<h5 style=\"text-align: justify;\">Fuentes en l\u00ednea<\/h5>\n<p style=\"text-align: justify;\"><a href=\"http:\/\/atlaspueblosindigenas.files.wordpress.com\/2010\/05\/guarayo.pdf\" target=\"_blank\">Datos recolectados por la UNICEF acerca del guarayo<\/a> [21\/03\/2011]<\/p>\n<p style=\"text-align: justify;\"><a href=\"http:\/\/www.amazonia.bo\/mas_detalle_proi.php?id_contenido=13\" target=\"_blank\">Pagina consagrada a los Guarayos en el sitio\u00a0<em>Pueblos ind\u00edgenas de Bolivia<\/em><\/a><em> <\/em>(en espa\u00f1ol) [21\/03\/2011]<\/p>\n<p style=\"text-align: justify;\"><a href=\"http:\/\/www10.gencat.net\/pres_casa_llengues\/AppJava\/frontend\/llengues_detall.jsp?id=724&amp;idioma=8\" target=\"_blank\">P\u00e1gina consagrada al guarayo en el sitio de <em>Linguamon<\/em><\/a><\/p>\n<p style=\"text-align: justify;\">\n<h5 style=\"text-align: justify;\">Bibliograf\u00eda complementaria<\/h5>\n<p style=\"text-align: justify;\">Molina, Ramiro y Xavier Alb\u00f3. 2006. <em>Gama \u00e9tnica y ling\u00fc\u00edstica de la poblaci\u00f3n boliviana<\/em>. La Paz: Sistema de las Naciones Unidas en Bolivia.<\/p>\n<p style=\"text-align: justify;\">PROEIB Andes. 2000. <em>Estudios socioling\u00fc\u00edsticos y socioeducativos con pueblos originarios de tierras bajas de Bolivia<\/em>. Informe final. Cochabamba (Mimeo).<\/p>\n<p style=\"text-align: justify;\">Teijeiro, Jos\u00e9. 2007. <em>Regionalizaci\u00f3n y diversidad \u00e9tnica cultural en las tierras bajas y sectores del subandino amaz\u00f3nico y platense de Bolivia<\/em>. La Paz: Plural Editores.<\/p>\n<p style=\"text-align: justify;\">Ver el <a href=\"http:\/\/www.movilizando.org\/atlas_tomo1\/pages\/tomo_1.pdf\" target=\"_blank\"><em>Atlas socioling\u00fc\u00edstico de pueblos ind\u00edgenas en Am\u00e9rica Latina<\/em><\/a> y <a href=\"http:\/\/butler.cc.tut.fi\/~fabre\/BookInternetVersio\/Alkusivu.html\" target=\"_blank\">Fabre (2005)<\/a> para una bibliograf\u00eda m\u00e1s completa.<\/p>\n","protected":false},"excerpt":{"rendered":"<p>Datos recolectados por la UNICEF Datos sobre la lengua guarayo Esta lengua no debe ser confundida con el guarayo (guaran\u00ed-\u00f1andeva) hablado en Paraguay, aunque las dos lenguas sean de la misma familia; ni con el ese ejja, hablado en Paraguay y algunas veces tambi\u00e9n llamado \u00ab guarayo \u00bb o bien \u00ab huarayo \u00bb, que es [&hellip;]<\/p>\n","protected":false},"author":18,"featured_media":0,"parent":0,"menu_order":0,"comment_status":"closed","ping_status":"open","template":"","meta":{"footnotes":""},"class_list":["post-50157","page","type-page","status-publish","hentry"],"yoast_head":"<!-- This site is optimized with the Yoast SEO plugin v27.0 - https:\/\/yoast.com\/product\/yoast-seo-wordpress\/ -->\n<title>El guarayo - Sorosoro<\/title>\n<meta name=\"robots\" content=\"index, follow, max-snippet:-1, max-image-preview:large, max-video-preview:-1\" \/>\n<link rel=\"canonical\" href=\"https:\/\/www.sorosoro.org\/es\/el-guarayo\/\" \/>\n<meta property=\"og:locale\" content=\"es_ES\" \/>\n<meta property=\"og:type\" content=\"article\" \/>\n<meta property=\"og:title\" content=\"El guarayo - Sorosoro\" \/>\n<meta property=\"og:description\" content=\"Datos recolectados por la UNICEF Datos sobre la lengua guarayo Esta lengua no debe ser confundida con el guarayo (guaran\u00ed-\u00f1andeva) hablado en Paraguay, aunque las dos lenguas sean de la misma familia; ni con el ese ejja, hablado en Paraguay y algunas veces tambi\u00e9n llamado \u00ab guarayo \u00bb o bien \u00ab huarayo \u00bb, que es [&hellip;]\" \/>\n<meta property=\"og:url\" content=\"https:\/\/www.sorosoro.org\/es\/el-guarayo\/\" \/>\n<meta property=\"og:site_name\" content=\"Sorosoro\" \/>\n<meta name=\"twitter:card\" content=\"summary_large_image\" \/>\n<meta name=\"twitter:label1\" content=\"Tiempo de lectura\" \/>\n\t<meta name=\"twitter:data1\" content=\"3 minutos\" \/>\n<script type=\"application\/ld+json\" class=\"yoast-schema-graph\">{\"@context\":\"https:\/\/schema.org\",\"@graph\":[{\"@type\":\"WebPage\",\"@id\":\"https:\/\/www.sorosoro.org\/es\/el-guarayo\/\",\"url\":\"https:\/\/www.sorosoro.org\/es\/el-guarayo\/\",\"name\":\"El guarayo - Sorosoro\",\"isPartOf\":{\"@id\":\"https:\/\/www.sorosoro.org\/es\/#website\"},\"datePublished\":\"2011-06-13T22:21:29+00:00\",\"breadcrumb\":{\"@id\":\"https:\/\/www.sorosoro.org\/es\/el-guarayo\/#breadcrumb\"},\"inLanguage\":\"es\",\"potentialAction\":[{\"@type\":\"ReadAction\",\"target\":[\"https:\/\/www.sorosoro.org\/es\/el-guarayo\/\"]}]},{\"@type\":\"BreadcrumbList\",\"@id\":\"https:\/\/www.sorosoro.org\/es\/el-guarayo\/#breadcrumb\",\"itemListElement\":[{\"@type\":\"ListItem\",\"position\":1,\"name\":\"Accueil\",\"item\":\"https:\/\/www.sorosoro.org\/es\/\"},{\"@type\":\"ListItem\",\"position\":2,\"name\":\"El guarayo\"}]},{\"@type\":\"WebSite\",\"@id\":\"https:\/\/www.sorosoro.org\/es\/#website\",\"url\":\"https:\/\/www.sorosoro.org\/es\/\",\"name\":\"Sorosoro\",\"description\":\"Pour que vivent les langues du monde !\",\"potentialAction\":[{\"@type\":\"SearchAction\",\"target\":{\"@type\":\"EntryPoint\",\"urlTemplate\":\"https:\/\/www.sorosoro.org\/es\/?s={search_term_string}\"},\"query-input\":{\"@type\":\"PropertyValueSpecification\",\"valueRequired\":true,\"valueName\":\"search_term_string\"}}],\"inLanguage\":\"es\"}]}<\/script>\n<!-- \/ Yoast SEO plugin. -->","yoast_head_json":{"title":"El guarayo - Sorosoro","robots":{"index":"index","follow":"follow","max-snippet":"max-snippet:-1","max-image-preview":"max-image-preview:large","max-video-preview":"max-video-preview:-1"},"canonical":"https:\/\/www.sorosoro.org\/es\/el-guarayo\/","og_locale":"es_ES","og_type":"article","og_title":"El guarayo - Sorosoro","og_description":"Datos recolectados por la UNICEF Datos sobre la lengua guarayo Esta lengua no debe ser confundida con el guarayo (guaran\u00ed-\u00f1andeva) hablado en Paraguay, aunque las dos lenguas sean de la misma familia; ni con el ese ejja, hablado en Paraguay y algunas veces tambi\u00e9n llamado \u00ab guarayo \u00bb o bien \u00ab huarayo \u00bb, que es [&hellip;]","og_url":"https:\/\/www.sorosoro.org\/es\/el-guarayo\/","og_site_name":"Sorosoro","twitter_card":"summary_large_image","twitter_misc":{"Tiempo de lectura":"3 minutos"},"schema":{"@context":"https:\/\/schema.org","@graph":[{"@type":"WebPage","@id":"https:\/\/www.sorosoro.org\/es\/el-guarayo\/","url":"https:\/\/www.sorosoro.org\/es\/el-guarayo\/","name":"El guarayo - Sorosoro","isPartOf":{"@id":"https:\/\/www.sorosoro.org\/es\/#website"},"datePublished":"2011-06-13T22:21:29+00:00","breadcrumb":{"@id":"https:\/\/www.sorosoro.org\/es\/el-guarayo\/#breadcrumb"},"inLanguage":"es","potentialAction":[{"@type":"ReadAction","target":["https:\/\/www.sorosoro.org\/es\/el-guarayo\/"]}]},{"@type":"BreadcrumbList","@id":"https:\/\/www.sorosoro.org\/es\/el-guarayo\/#breadcrumb","itemListElement":[{"@type":"ListItem","position":1,"name":"Accueil","item":"https:\/\/www.sorosoro.org\/es\/"},{"@type":"ListItem","position":2,"name":"El guarayo"}]},{"@type":"WebSite","@id":"https:\/\/www.sorosoro.org\/es\/#website","url":"https:\/\/www.sorosoro.org\/es\/","name":"Sorosoro","description":"Pour que vivent les langues du monde !","potentialAction":[{"@type":"SearchAction","target":{"@type":"EntryPoint","urlTemplate":"https:\/\/www.sorosoro.org\/es\/?s={search_term_string}"},"query-input":{"@type":"PropertyValueSpecification","valueRequired":true,"valueName":"search_term_string"}}],"inLanguage":"es"}]}},"_links":{"self":[{"href":"https:\/\/www.sorosoro.org\/es\/wp-json\/wp\/v2\/pages\/50157","targetHints":{"allow":["GET"]}}],"collection":[{"href":"https:\/\/www.sorosoro.org\/es\/wp-json\/wp\/v2\/pages"}],"about":[{"href":"https:\/\/www.sorosoro.org\/es\/wp-json\/wp\/v2\/types\/page"}],"author":[{"embeddable":true,"href":"https:\/\/www.sorosoro.org\/es\/wp-json\/wp\/v2\/users\/18"}],"replies":[{"embeddable":true,"href":"https:\/\/www.sorosoro.org\/es\/wp-json\/wp\/v2\/comments?post=50157"}],"version-history":[{"count":0,"href":"https:\/\/www.sorosoro.org\/es\/wp-json\/wp\/v2\/pages\/50157\/revisions"}],"wp:attachment":[{"href":"https:\/\/www.sorosoro.org\/es\/wp-json\/wp\/v2\/media?parent=50157"}],"curies":[{"name":"wp","href":"https:\/\/api.w.org\/{rel}","templated":true}]}}