{"id":48251,"date":"2011-05-20T17:13:37","date_gmt":"2011-05-20T15:13:37","guid":{"rendered":"http:\/\/www.sorosoro.org\/?page_id=48251"},"modified":"2011-05-20T17:14:06","modified_gmt":"2011-05-20T15:14:06","slug":"el-yuki","status":"publish","type":"page","link":"https:\/\/www.sorosoro.org\/es\/el-yuki\/","title":{"rendered":"El yuki"},"content":{"rendered":"<p style=\"text-align: justify;\"><em>Datos recolectados por la UNICEF<\/em><\/p>\n<p style=\"text-align: justify;\"><em><br \/>\n<\/em><\/p>\n<h5 style=\"text-align: justify;\">Datos sobre la lengua yuki<\/h5>\n<p style=\"text-align: justify;\"><em>Esta lengua no debe ser confundida ni con el yuki de Am\u00e9rica del Norte (hoy extinguido), ni con el <a href=\"http:\/\/www.sorosoro.org\/le-mbya\">mbya<\/a>, lengua guaran\u00ed del grupo I.<\/em><\/p>\n<p style=\"text-align: justify;\"><strong>Nombres alternativos:<\/strong> yuqui, b\u00eda, bi\u00e1 y\u00eb, mbia<\/p>\n<p style=\"text-align: justify;\"><em>La auto denominaci\u00f3n de la lengua es bi\u00e1 y\u00eb (\u00bb la lengua de la gente \u00ab), pero el nombre \u00abyuk\u00bb parece ser aceptado por la comunidad.<\/em><\/p>\n<p style=\"text-align: justify;\"><strong>Clasificaci\u00f3n:<\/strong> <a href=\"https:\/\/www.sorosoro.org\/es\/familia-de-lenguas-tupi-guarani\">Familia tup\u00ed<\/a>, lenguas tup\u00ed-guaran\u00ed, grupo II<\/p>\n<p style=\"text-align: justify;\"><strong>\u00c1rea geogr\u00e1fica:<\/strong> Bolivia, departamento de Cochabamba provincia de Carrasco, entre el r\u00edo Chimor\u00e9 y el r\u00edo Ixilo en Bi\u00e1 Recuat\u00e9.<\/p>\n<p style=\"text-align: justify;\"><strong>N\u00famero de locutores:<\/strong> 140 locutores, de una poblaci\u00f3n global de 208 personas, seg\u00fan Crevels (2010).<\/p>\n<p style=\"text-align: justify;\"><strong>Estatus de la lengua:<\/strong> Seg\u00fan los t\u00e9rminos del decreto supremo 25894 del 11 de septiembre, aprobado en el a\u00f1o 2000, el yuki es una de las lenguas \u00abind\u00edgenas reconocidas como oficiales\u00bb en Bolivia.<\/p>\n<p style=\"text-align: justify;\"><strong>Vitalidad y transmisi\u00f3n:<\/strong><\/p>\n<p style=\"text-align: justify;\">Seg\u00fan la UNESCO, el yuki es una lengua \u00abseriamente en peligro\u00bb.<\/p>\n<p style=\"text-align: justify;\">Crevels (2010) se\u00f1ala sin embargo que una tesis en preparaci\u00f3n realizada por Callejas y Rioja revelar\u00eda una sorprendente vitalidad del yuki en la comunidad de Bi\u00e1 Recuat\u00e9, vitalidad que parece parad\u00f3jica con respecto al proceso de aculturaci\u00f3n, de la negaci\u00f3n de la identidad que sufren yukis.<\/p>\n<p style=\"text-align: justify;\">\n<h5 style=\"text-align: justify;\">Precisiones hist\u00f3ricas y etnogr\u00e1ficas<\/h5>\n<p style=\"text-align: justify;\">Los yukis son el \u00faltimo pueblo guaran\u00ed de Bolivia que entr\u00f3 en contacto con la cultura colonial. En 1965 los evangelistas del New Tribes Mission encontraron a los primeros grupos n\u00f3madas yukis. En 1971 algunas familias comenzaron a sedentarizarse, luego en 1986 y 89 otros dos grupos fueron contactados y desplazados a Bi\u00e1 Recuat\u00e9. Estos contactos no estuvieron libres de conflictos, a veces violentos, entre el yukis y los agricultores o los obreros del ferrocarril que invad\u00edan su territorio<\/p>\n<p style=\"text-align: justify;\">Los yukis sedentarizados se hicieron completamente independientes dependientes de los misioneros quienes los prove\u00edan de medicamentos, de ropa pero tambi\u00e9n de productos alimenticios.<\/p>\n<p style=\"text-align: justify;\">Los yukis, cazadores y recolectores n\u00f3madas por tradici\u00f3n, no llegaron a adaptarse al modo econ\u00f3mico sedentario y a la agricultura, pues no producen suficientemente sus propios alimentos y ya no pueden cosechar recursos como lo hac\u00edan cuando eran n\u00f3madas. Las consecuencias de esta \u00abinadaptaci\u00f3n\u00bb al modo de vida sedentario, impuesto por los misioneros y la sociedad moderna, son terribles para la poblaci\u00f3n yuki. El 85 % de la poblaci\u00f3n sufre de la tuberculosis y de desnutrici\u00f3n y numerosos adultos desarrollaron una fuerte dependencia alcoh\u00f3lica.<\/p>\n<p style=\"text-align: justify;\">Parece que hay un grupo de alrededor de cuatro familias yukis al que no se ha contactado a\u00fan  que ser\u00edan n\u00f3madas en los alrededores de R\u00edo Usurinta.<\/p>\n<p style=\"text-align: justify;\">En 1992 yukis constituyeron un Consejo Yuki, reconocido como organizaci\u00f3n representativa. Este consejo, junto con el Consejo <a href=\"http:\/\/www.sorosoro.org\/le-yuracare\">Yuracar\u00e9 <\/a>forma la Central de los Pueblos Ind\u00edgenas de Cochabamba, reconocida por el gobierno y afiliada a la <a href=\"http:\/\/www.cidob-bo.org\/regionales\/cpib.htm\" target=\"_blank\">CIDOB<\/a>.<\/p>\n<p style=\"text-align: justify;\">El gobierno ha otorgado a los yukis de un territorio de 127 000 hect\u00e1reas, pero la integridad de este territorio es ro\u00edda sin cesar por las poblaciones no aut\u00f3ctonas emigrantes en esta regi\u00f3n en pleno desarrollo econ\u00f3mico.<\/p>\n<p style=\"text-align: justify;\">Para m\u00e1s informaci\u00f3n sobre los yukis, ver las p\u00e1ginas que les han dedicado en <a href=\"http:\/\/www.amazonia.bo\/yuqui.php\" target=\"_blank\">el sitio Amazonia.bo<\/a>.<\/p>\n<p style=\"text-align: justify;\">Y las diversas obras de Allyn Stearman McLean sobre el tema.<\/p>\n<p style=\"text-align: justify;\">\n<h5 style=\"text-align: justify;\">Fuentes<\/h5>\n<p style=\"text-align: justify;\">Crevels, Mily (2010) <em>Bolivia Amaz\u00f3nica<\/em> En \u00ab <a href=\"http:\/\/www.movilizando.org\/atlas_tomo1\/pages\/tomo_1.pdf\" target=\"_blank\">Atlas socioling\u00fc\u00edstico de pueblos ind\u00edgenas en Am\u00e9rica Latina <\/a>\u00bb, UNICEF. Tomo 1, p. 281-300.<\/p>\n<p style=\"text-align: justify;\">Fabre, Alain. 2005. <em>Diccionario etnoling\u00fc\u00edstico y gu\u00eda bibliogr\u00e1fica de los pueblos ind\u00edgenas sudamericanos<\/em>.<a href=\"http:\/\/butler.cc.tut.fi\/~fabre\/BookInternetVersio\/Alkusivu.html\" target=\"_blank\"> Consultable en l\u00ednea<\/a> [04\/05\/2011]<\/p>\n<p style=\"text-align: justify;\">\n<h5 style=\"text-align: justify;\">Fuentes en l\u00ednea<\/h5>\n<p style=\"text-align: justify;\"><a href=\"http:\/\/atlaspueblosindigenas.files.wordpress.com\/2010\/05\/yuki.pdf\" target=\"_blank\">Datos recolectados por la UNICEF acerca del yuki<\/a><\/p>\n<p style=\"text-align: justify;\"><a href=\"http:\/\/www10.gencat.net\/pres_casa_llengues\/AppJava\/frontend\/llengues_detall.jsp?id=784&amp;idioma=8\" target=\"_blank\">Pagina consagrada al yuki en el sitio de Linguam\u00f3n<\/a><\/p>\n<p style=\"text-align: justify;\">\n<h5 style=\"text-align: justify;\">Bibliograf\u00eda complementaria<\/h5>\n<p style=\"text-align: justify;\">Melgar Ortiz, Erwin. 1990. <em>Proceso de aculturaci\u00f3n en los Yuk\u00eds<\/em>. Tesis de la Universidad Mayor de San Sim\u00f3n. Cochabamba (ms.).<\/p>\n<p style=\"text-align: justify;\">Molina, Ramiro y Xavier Alb\u00f3. 2006. <em>Gama \u00e9tnica y ling\u00fc\u00edstica de la poblaci\u00f3n boliviana<\/em>. La Paz: Sistema de las Naciones Unidas en Bolivia.<\/p>\n<p style=\"text-align: justify;\">PROEIB Andes. 2000. <em>Estudios socioling\u00fc\u00edsticos y socioeducativos con pueblos originarios de tierras bajas de Bolivia<\/em>. Informe final. Cochabamba (Mimeo).<\/p>\n<p style=\"text-align: justify;\">Stearman McLean, Allyn. 1989. <em>Yuqu\u00ed. Forest nomads in a changing world<\/em>. New York: Holt, Rinehart and Wilson.<\/p>\n<p style=\"text-align: justify;\">Stearman McLean, Allyn. 1995. <em>Territorial rights and realities: The Yuqu\u00ed development project in Lowland Bolivia<\/em>. Bolivian Studies V\/1: 11-22.<\/p>\n<p style=\"text-align: justify;\">Teijeiro, Jos\u00e9. 2007. <em>Regionalizaci\u00f3n y diversidad \u00e9tnica cultural en las tierras bajas y sectores del subandino amaz\u00f3nico y platense de Bolivia<\/em>. La Paz: Plural Editores.<\/p>\n<p style=\"text-align: justify;\">Villafa\u00f1e, Lucrecia 2004. <em>Gram\u00e1tica Yuki: lengua Tup\u00ed-Guaran\u00ed de Bolivia<\/em>. Proefschrift Katholieke Universiteit Nijmegen. Tucum\u00e1n: Ediciones del Rectorado, UNT.<\/p>\n<p style=\"text-align: justify;\">\n<p style=\"text-align: justify;\">Ver el <a href=\"http:\/\/www.movilizando.org\/atlas_tomo1\/pages\/tomo_1.pdf\" target=\"_blank\">Atlas socioling\u00fc\u00edstico de pueblos ind\u00edgenas en Am\u00e9rica Latina <\/a>y <a href=\"http:\/\/butler.cc.tut.fi\/~fabre\/BookInternetVersio\/Dic=Tupi.pdf\" target=\"_blank\">Fabre (2005)<\/a> para una bibliograf\u00eda m\u00e1s completa.<\/p>\n<p style=\"text-align: justify;\">\n","protected":false},"excerpt":{"rendered":"<p>Datos recolectados por la UNICEF Datos sobre la lengua yuki Esta lengua no debe ser confundida ni con el yuki de Am\u00e9rica del Norte (hoy extinguido), ni con el mbya, lengua guaran\u00ed del grupo I. Nombres alternativos: yuqui, b\u00eda, bi\u00e1 y\u00eb, mbia La auto denominaci\u00f3n de la lengua es bi\u00e1 y\u00eb (\u00bb la lengua de [&hellip;]<\/p>\n","protected":false},"author":18,"featured_media":0,"parent":0,"menu_order":0,"comment_status":"closed","ping_status":"open","template":"","meta":{"footnotes":""},"class_list":["post-48251","page","type-page","status-publish","hentry"],"yoast_head":"<!-- This site is optimized with the Yoast SEO plugin v27.0 - https:\/\/yoast.com\/product\/yoast-seo-wordpress\/ -->\n<title>El yuki - Sorosoro<\/title>\n<meta name=\"robots\" content=\"index, follow, max-snippet:-1, max-image-preview:large, max-video-preview:-1\" \/>\n<link rel=\"canonical\" href=\"https:\/\/www.sorosoro.org\/es\/el-yuki\/\" \/>\n<meta property=\"og:locale\" content=\"es_ES\" \/>\n<meta property=\"og:type\" content=\"article\" \/>\n<meta property=\"og:title\" content=\"El yuki - Sorosoro\" \/>\n<meta property=\"og:description\" content=\"Datos recolectados por la UNICEF Datos sobre la lengua yuki Esta lengua no debe ser confundida ni con el yuki de Am\u00e9rica del Norte (hoy extinguido), ni con el mbya, lengua guaran\u00ed del grupo I. Nombres alternativos: yuqui, b\u00eda, bi\u00e1 y\u00eb, mbia La auto denominaci\u00f3n de la lengua es bi\u00e1 y\u00eb (\u00bb la lengua de [&hellip;]\" \/>\n<meta property=\"og:url\" content=\"https:\/\/www.sorosoro.org\/es\/el-yuki\/\" \/>\n<meta property=\"og:site_name\" content=\"Sorosoro\" \/>\n<meta property=\"article:modified_time\" content=\"2011-05-20T15:14:06+00:00\" \/>\n<meta name=\"twitter:card\" content=\"summary_large_image\" \/>\n<meta name=\"twitter:label1\" content=\"Tiempo de lectura\" \/>\n\t<meta name=\"twitter:data1\" content=\"4 minutos\" \/>\n<script type=\"application\/ld+json\" class=\"yoast-schema-graph\">{\"@context\":\"https:\/\/schema.org\",\"@graph\":[{\"@type\":\"WebPage\",\"@id\":\"https:\/\/www.sorosoro.org\/es\/el-yuki\/\",\"url\":\"https:\/\/www.sorosoro.org\/es\/el-yuki\/\",\"name\":\"El yuki - Sorosoro\",\"isPartOf\":{\"@id\":\"https:\/\/www.sorosoro.org\/es\/#website\"},\"datePublished\":\"2011-05-20T15:13:37+00:00\",\"dateModified\":\"2011-05-20T15:14:06+00:00\",\"breadcrumb\":{\"@id\":\"https:\/\/www.sorosoro.org\/es\/el-yuki\/#breadcrumb\"},\"inLanguage\":\"es\",\"potentialAction\":[{\"@type\":\"ReadAction\",\"target\":[\"https:\/\/www.sorosoro.org\/es\/el-yuki\/\"]}]},{\"@type\":\"BreadcrumbList\",\"@id\":\"https:\/\/www.sorosoro.org\/es\/el-yuki\/#breadcrumb\",\"itemListElement\":[{\"@type\":\"ListItem\",\"position\":1,\"name\":\"Accueil\",\"item\":\"https:\/\/www.sorosoro.org\/es\/\"},{\"@type\":\"ListItem\",\"position\":2,\"name\":\"El yuki\"}]},{\"@type\":\"WebSite\",\"@id\":\"https:\/\/www.sorosoro.org\/es\/#website\",\"url\":\"https:\/\/www.sorosoro.org\/es\/\",\"name\":\"Sorosoro\",\"description\":\"Pour que vivent les langues du monde !\",\"potentialAction\":[{\"@type\":\"SearchAction\",\"target\":{\"@type\":\"EntryPoint\",\"urlTemplate\":\"https:\/\/www.sorosoro.org\/es\/?s={search_term_string}\"},\"query-input\":{\"@type\":\"PropertyValueSpecification\",\"valueRequired\":true,\"valueName\":\"search_term_string\"}}],\"inLanguage\":\"es\"}]}<\/script>\n<!-- \/ Yoast SEO plugin. -->","yoast_head_json":{"title":"El yuki - Sorosoro","robots":{"index":"index","follow":"follow","max-snippet":"max-snippet:-1","max-image-preview":"max-image-preview:large","max-video-preview":"max-video-preview:-1"},"canonical":"https:\/\/www.sorosoro.org\/es\/el-yuki\/","og_locale":"es_ES","og_type":"article","og_title":"El yuki - Sorosoro","og_description":"Datos recolectados por la UNICEF Datos sobre la lengua yuki Esta lengua no debe ser confundida ni con el yuki de Am\u00e9rica del Norte (hoy extinguido), ni con el mbya, lengua guaran\u00ed del grupo I. Nombres alternativos: yuqui, b\u00eda, bi\u00e1 y\u00eb, mbia La auto denominaci\u00f3n de la lengua es bi\u00e1 y\u00eb (\u00bb la lengua de [&hellip;]","og_url":"https:\/\/www.sorosoro.org\/es\/el-yuki\/","og_site_name":"Sorosoro","article_modified_time":"2011-05-20T15:14:06+00:00","twitter_card":"summary_large_image","twitter_misc":{"Tiempo de lectura":"4 minutos"},"schema":{"@context":"https:\/\/schema.org","@graph":[{"@type":"WebPage","@id":"https:\/\/www.sorosoro.org\/es\/el-yuki\/","url":"https:\/\/www.sorosoro.org\/es\/el-yuki\/","name":"El yuki - Sorosoro","isPartOf":{"@id":"https:\/\/www.sorosoro.org\/es\/#website"},"datePublished":"2011-05-20T15:13:37+00:00","dateModified":"2011-05-20T15:14:06+00:00","breadcrumb":{"@id":"https:\/\/www.sorosoro.org\/es\/el-yuki\/#breadcrumb"},"inLanguage":"es","potentialAction":[{"@type":"ReadAction","target":["https:\/\/www.sorosoro.org\/es\/el-yuki\/"]}]},{"@type":"BreadcrumbList","@id":"https:\/\/www.sorosoro.org\/es\/el-yuki\/#breadcrumb","itemListElement":[{"@type":"ListItem","position":1,"name":"Accueil","item":"https:\/\/www.sorosoro.org\/es\/"},{"@type":"ListItem","position":2,"name":"El yuki"}]},{"@type":"WebSite","@id":"https:\/\/www.sorosoro.org\/es\/#website","url":"https:\/\/www.sorosoro.org\/es\/","name":"Sorosoro","description":"Pour que vivent les langues du monde !","potentialAction":[{"@type":"SearchAction","target":{"@type":"EntryPoint","urlTemplate":"https:\/\/www.sorosoro.org\/es\/?s={search_term_string}"},"query-input":{"@type":"PropertyValueSpecification","valueRequired":true,"valueName":"search_term_string"}}],"inLanguage":"es"}]}},"_links":{"self":[{"href":"https:\/\/www.sorosoro.org\/es\/wp-json\/wp\/v2\/pages\/48251","targetHints":{"allow":["GET"]}}],"collection":[{"href":"https:\/\/www.sorosoro.org\/es\/wp-json\/wp\/v2\/pages"}],"about":[{"href":"https:\/\/www.sorosoro.org\/es\/wp-json\/wp\/v2\/types\/page"}],"author":[{"embeddable":true,"href":"https:\/\/www.sorosoro.org\/es\/wp-json\/wp\/v2\/users\/18"}],"replies":[{"embeddable":true,"href":"https:\/\/www.sorosoro.org\/es\/wp-json\/wp\/v2\/comments?post=48251"}],"version-history":[{"count":0,"href":"https:\/\/www.sorosoro.org\/es\/wp-json\/wp\/v2\/pages\/48251\/revisions"}],"wp:attachment":[{"href":"https:\/\/www.sorosoro.org\/es\/wp-json\/wp\/v2\/media?parent=48251"}],"curies":[{"name":"wp","href":"https:\/\/api.w.org\/{rel}","templated":true}]}}