{"id":48077,"date":"2011-05-19T06:21:23","date_gmt":"2011-05-19T04:21:23","guid":{"rendered":"http:\/\/www.sorosoro.org\/?page_id=48077"},"modified":"2011-05-19T06:23:35","modified_gmt":"2011-05-19T04:23:35","slug":"el-siriono","status":"publish","type":"page","link":"https:\/\/www.sorosoro.org\/es\/el-siriono\/","title":{"rendered":"El sirion\u00f3"},"content":{"rendered":"<p style=\"text-align: justify;\"><em>Datos recolectados por la UNICEF<\/em><\/p>\n<p style=\"text-align: justify;\">\n<h5>Datos sobre la lengua sirion\u00f3<\/h5>\n<p style=\"text-align: justify;\"><strong>Nombres alternativos<\/strong>: Mbia, chori<\/p>\n<p style=\"text-align: justify;\"><em>\u00ab Mbia \u00bb corresponde a la auto denominaci\u00f3n (auto etn\u00f3nimo). \u00ab Chori \u00bb es un t\u00e9rmino peyorativo ampliamente utilizado por las poblaciones urbanas para designar a las poblaciones del bosque.<\/em><\/p>\n<p style=\"text-align: justify;\"><strong>Principales dialectos<\/strong>:<\/p>\n<p style=\"text-align: justify;\">En la actualidad no hay dialectos de sirion\u00f3. Es muy probable que la lengua jor\u00e1 (u hora), desaparecida en los a\u00f1os 60 hubiera sido  un dialecto de sirion\u00f3.<\/p>\n<p style=\"text-align: justify;\"><strong>Clasificaci\u00f3n<\/strong>:<a href=\"https:\/\/www.sorosoro.org\/es\/familia-de-lenguas-tupi-guarani\"> Familia tup\u00ed<\/a>, lenguas tup\u00ed-guaran\u00ed, grupo II<\/p>\n<p style=\"text-align: justify;\"><strong>\u00c1rea geogr\u00e1fica<\/strong>: Bolivia, Departamento del Beni, provincias de Cercado, Mamor\u00e9, Moxos e Itenez y en la frontera con el departamento de Santa Cruz.<\/p>\n<p style=\"text-align: justify;\"><strong>N\u00famero de locutores<\/strong>: 187 locutores de una poblaci\u00f3n total de 268 personas, seg\u00fan Crevels (2010). La poblaci\u00f3n total podr\u00eda aumentar a 400 persones contando a los ni\u00f1os de menos de 15 a\u00f1os.<\/p>\n<p style=\"text-align: justify;\"><strong>Estatus de la lengua<\/strong>: Seg\u00fan los t\u00e9rminos del decreto supremo 25894 del 11 de septiembre, aprobado en el a\u00f1o 2000, el sirion\u00f3 es una de las lenguas \u00ab ind\u00edgenas reconocidas como oficiales \u00bb en Bolivia.<\/p>\n<p style=\"text-align: justify;\"><strong>Ense\u00f1anza<\/strong>: El sirion\u00f3 est\u00e1 presente en la educaci\u00f3n escolar local que es biling\u00fce en los primeros a\u00f1os de la escuela primaria, antes de convertirse progresivamente en monoling\u00fce en espa\u00f1ol.<\/p>\n<p style=\"text-align: justify;\"><strong>Vitalidad y Transmisi\u00f3n<\/strong>: La UNESCO considera que el sirion\u00f3 es una lengua en peligro.<\/p>\n<p style=\"text-align: justify;\">Seg\u00fan Crevels, la transmisi\u00f3n intergeneracional no es buena, y \u00ab los ni\u00f1os, cuando se encuentran en el colegio, pierden cada vez m\u00e1s su lengua. \u00bb Seg\u00fan Crevels todav\u00eda, el sirion\u00f3 est\u00e1 \u00ab seriamente amenazado con extinguirse \u00bb.<\/p>\n<p style=\"text-align: justify;\">\n<h5>Precisiones hist\u00f3ricas y etnogr\u00e1ficas<\/h5>\n<p style=\"text-align: justify;\">Dos teor\u00edas sobre el origen de los Sirion\u00f3s se oponen. Seg\u00fan una de estas teor\u00edas, los actuales Sirion\u00f3s ser\u00edan los descendientes de poblaciones guaran\u00edes que habr\u00edan emigrado antes del siglo XVI hacia la actual Bolivia desde los bosques costeros del sur de Brasil. Otra teor\u00eda dice que habr\u00edan venido, como los <a href=\"http:\/\/www.sorosoro.org\/le-chiriguano-ou-ava-guarani-ou-guarani\">Chiriguanos<\/a>, de Paraguay en el siglo XVI. Est\u00e1n relacionados con los Jor\u00e1 y Yuqui, de los cuales se habr\u00edan separado hace 300 a\u00f1os<\/p>\n<p style=\"text-align: justify;\">Seg\u00fan el antrop\u00f3logo Stearman, y opuestamente a los Chiriguanos, los Sirion\u00f3s acentuaron su nomadismo como reacci\u00f3n a la presi\u00f3n colonial y a los conquistadores espa\u00f1oles, manteni\u00e9ndose as\u00ed durante mucho tiempo a distancia de los contactos con la sociedad colonial.<\/p>\n<p style=\"text-align: justify;\">En los a\u00f1os 40, el antrop\u00f3logo Allan Homberg residi\u00f3 con los Sirion\u00f3s. Su trabajo antropol\u00f3gico y su obra son considerados como cl\u00e1sicos de la literatura antropol\u00f3gica. Demostr\u00f3 que bajo la cara simple de una sociedad n\u00f3mada de cazadores recolectores, la sociedad sirion\u00f3 daba pruebas de una relaci\u00f3n compleja y elaborada con medio natural en el cual evoluciona.<\/p>\n<p style=\"text-align: justify;\">Tradicionalmente cazadores recolectores semin\u00f3madas, los sirion\u00f3s viven en un entorno mayoritariamente forestal, en la parte boliviana del bosque amaz\u00f3nico. La caza, la actividad de prestigio, la pesca y la cosecha son actividades que pierden poco a poco de su fuerza a causa de la degradaci\u00f3n de su entorno. \u00c9ste est\u00e1 cada d\u00eda m\u00e1s amenazado por la desforestaci\u00f3n, las explotaciones agr\u00edcolas y la gran ganader\u00eda y por el camino que va de Trinidad a la Santa Cruz.<\/p>\n<p style=\"text-align: justify;\">Tambi\u00e9n practican una agricultura de roza y quema a peque\u00f1a escala y la crianza, particularmente de abeja, cuya miel constituye un recurso comercial importante para las comunidades sirion\u00f3s.<\/p>\n<p style=\"text-align: justify;\">El Consejo del Pueblo Sirion\u00f3 est\u00e1 afiliado a la <a href=\"http:\/\/www.cidob-bo.org\/regionales\/cpib.htm\" target=\"_blank\">Central de Pueblos Ind\u00edgenas del Beni<\/a>, que desempe\u00f1a un papel superior en los movimientos de reivindicaciones ind\u00edgenas en Bolivia. En 1990 gozaron de un t\u00edtulo de propiedad colectiva sobre un territorio de m\u00e1s de 60 000 hect\u00e1reas.<\/p>\n<p style=\"text-align: justify;\">Aunque se declaran mayoritariamente \u00ab evangelistas \u00bb, practican un sincretismo en el cual se conservan pr\u00e1cticas y creencias de su mitolog\u00eda ancestral.<\/p>\n<p style=\"text-align: justify;\">Para mayores informes sobre el pueblo Sirion\u00f3 ver las p\u00e1ginas que les fueron consagradas en <a href=\"http:\/\/www.amazonia.bo\/siri.php\" target=\"_blank\">el sitio Amazonia.bo<\/a><\/p>\n<p style=\"text-align: justify;\">\n<h5>Fuentes<\/h5>\n<p style=\"text-align: justify;\">Crevels, Mily (2010) <em>Bolivia Amaz\u00f3nica<\/em> En \u00ab <a href=\"http:\/\/www.movilizando.org\/atlas_tomo1\/pages\/tomo_1.pdf\" target=\"_blank\">Atlas socioling\u00fc\u00edstico de pueblos ind\u00edgenas en Am\u00e9rica Latina<\/a> \u00bb, UNICEF. Tomo 1, p. 281-300.<\/p>\n<p style=\"text-align: justify;\">\n<p style=\"text-align: justify;\">Fabre, Alain. 2005. <em>Diccionario etnoling\u00fc\u00edstico y gu\u00eda bibliogr\u00e1fica de los pueblos ind\u00edgenas sudamericanos<\/em>. <a href=\"http:\/\/butler.cc.tut.fi\/~fabre\/BookInternetVersio\/Alkusivu.html \" target=\"_blank\">Consultable en l\u00ednea<\/a> [04\/05\/2011]<\/p>\n<p style=\"text-align: justify;\">\n<h5>Fuentes en l\u00ednea<\/h5>\n<p style=\"text-align: justify;\"><a href=\"http:\/\/atlaspueblosindigenas.files.wordpress.com\/2010\/05\/sirinio.pdf\" target=\"_blank\">Datos recolectados por la UNICEF sobre el sirion\u00f3<\/a> [04\/05\/2011]<\/p>\n<p style=\"text-align: justify;\">\n<h5>Bibliograf\u00eda complementaria<\/h5>\n<p style=\"text-align: justify;\">Holmberg, Allan R. 1948.<em> The Siriono<\/em>. HSAI 3: 455-463.<\/p>\n<p style=\"text-align: justify;\">Holmberg, Allan R. 1950. <em>Nomads of the long bow. The Siriono of Eastern Bolivia<\/em>. Washington: Smithsonian Institution.<\/p>\n<p style=\"text-align: justify;\">Molina, Ramiro y Xavier Alb\u00f3. 2006. <em>Gama \u00e9tnica y ling\u00fc\u00edstica de la poblaci\u00f3n boliviana<\/em>. La Paz: Sistema de las Naciones Unidas en Bolivia.<\/p>\n<p style=\"text-align: justify;\">PROEIB Andes. 2000. <em>Estudios socioling\u00fc\u00edsticos y socioeducativos con pueblos originarios de tierras bajas de Bolivia<\/em>. Informe final. Cochabamba (Mimeo).<\/p>\n<p style=\"text-align: justify;\">Stearman, Allyn. 1987. <em>No longer nomads: the sirion\u00f3 revisited<\/em>. Hamilton Press, I 66p.<\/p>\n<p style=\"text-align: justify;\">Teijeiro, Jos\u00e9. 2007. <em>Regionalizaci\u00f3n y diversidad \u00e9tnica cultural en las tierras bajas y sectores del subandino amaz\u00f3nico y platense de Bolivia<\/em>. La Paz: Plural Editores.<\/p>\n<p style=\"text-align: justify;\">\n<p style=\"text-align: justify;\">Ver el <a href=\"http:\/\/www.movilizando.org\/atlas_tomo1\/pages\/tomo_1.pdf\" target=\"_blank\">Atlas socioling\u00fc\u00edstico de pueblos ind\u00edgenas en Am\u00e9rica Latina<\/a> y <a href=\"http:\/\/butler.cc.tut.fi\/~fabre\/BookInternetVersio\/Dic=Tupi.pdf\" target=\"_blank\">Fabre (2005)<\/a> para una bibliograf\u00eda m\u00e1s completa.<\/p>\n<p style=\"text-align: justify;\">\n<p style=\"text-align: justify;\">\n","protected":false},"excerpt":{"rendered":"<p>Datos recolectados por la UNICEF Datos sobre la lengua sirion\u00f3 Nombres alternativos: Mbia, chori \u00ab Mbia \u00bb corresponde a la auto denominaci\u00f3n (auto etn\u00f3nimo). \u00ab Chori \u00bb es un t\u00e9rmino peyorativo ampliamente utilizado por las poblaciones urbanas para designar a las poblaciones del bosque. Principales dialectos: En la actualidad no hay dialectos de sirion\u00f3. Es [&hellip;]<\/p>\n","protected":false},"author":18,"featured_media":0,"parent":0,"menu_order":0,"comment_status":"closed","ping_status":"open","template":"","meta":{"footnotes":""},"class_list":["post-48077","page","type-page","status-publish","hentry"],"yoast_head":"<!-- This site is optimized with the Yoast SEO plugin v27.0 - https:\/\/yoast.com\/product\/yoast-seo-wordpress\/ -->\n<title>El sirion\u00f3 - Sorosoro<\/title>\n<meta name=\"robots\" content=\"index, follow, max-snippet:-1, max-image-preview:large, max-video-preview:-1\" \/>\n<link rel=\"canonical\" href=\"https:\/\/www.sorosoro.org\/es\/el-siriono\/\" \/>\n<meta property=\"og:locale\" content=\"es_ES\" \/>\n<meta property=\"og:type\" content=\"article\" \/>\n<meta property=\"og:title\" content=\"El sirion\u00f3 - Sorosoro\" \/>\n<meta property=\"og:description\" content=\"Datos recolectados por la UNICEF Datos sobre la lengua sirion\u00f3 Nombres alternativos: Mbia, chori \u00ab Mbia \u00bb corresponde a la auto denominaci\u00f3n (auto etn\u00f3nimo). \u00ab Chori \u00bb es un t\u00e9rmino peyorativo ampliamente utilizado por las poblaciones urbanas para designar a las poblaciones del bosque. Principales dialectos: En la actualidad no hay dialectos de sirion\u00f3. Es [&hellip;]\" \/>\n<meta property=\"og:url\" content=\"https:\/\/www.sorosoro.org\/es\/el-siriono\/\" \/>\n<meta property=\"og:site_name\" content=\"Sorosoro\" \/>\n<meta property=\"article:modified_time\" content=\"2011-05-19T04:23:35+00:00\" \/>\n<meta name=\"twitter:card\" content=\"summary_large_image\" \/>\n<meta name=\"twitter:label1\" content=\"Tiempo de lectura\" \/>\n\t<meta name=\"twitter:data1\" content=\"4 minutos\" \/>\n<script type=\"application\/ld+json\" class=\"yoast-schema-graph\">{\"@context\":\"https:\/\/schema.org\",\"@graph\":[{\"@type\":\"WebPage\",\"@id\":\"https:\/\/www.sorosoro.org\/es\/el-siriono\/\",\"url\":\"https:\/\/www.sorosoro.org\/es\/el-siriono\/\",\"name\":\"El sirion\u00f3 - Sorosoro\",\"isPartOf\":{\"@id\":\"https:\/\/www.sorosoro.org\/es\/#website\"},\"datePublished\":\"2011-05-19T04:21:23+00:00\",\"dateModified\":\"2011-05-19T04:23:35+00:00\",\"breadcrumb\":{\"@id\":\"https:\/\/www.sorosoro.org\/es\/el-siriono\/#breadcrumb\"},\"inLanguage\":\"es\",\"potentialAction\":[{\"@type\":\"ReadAction\",\"target\":[\"https:\/\/www.sorosoro.org\/es\/el-siriono\/\"]}]},{\"@type\":\"BreadcrumbList\",\"@id\":\"https:\/\/www.sorosoro.org\/es\/el-siriono\/#breadcrumb\",\"itemListElement\":[{\"@type\":\"ListItem\",\"position\":1,\"name\":\"Accueil\",\"item\":\"https:\/\/www.sorosoro.org\/es\/\"},{\"@type\":\"ListItem\",\"position\":2,\"name\":\"El sirion\u00f3\"}]},{\"@type\":\"WebSite\",\"@id\":\"https:\/\/www.sorosoro.org\/es\/#website\",\"url\":\"https:\/\/www.sorosoro.org\/es\/\",\"name\":\"Sorosoro\",\"description\":\"Pour que vivent les langues du monde !\",\"potentialAction\":[{\"@type\":\"SearchAction\",\"target\":{\"@type\":\"EntryPoint\",\"urlTemplate\":\"https:\/\/www.sorosoro.org\/es\/?s={search_term_string}\"},\"query-input\":{\"@type\":\"PropertyValueSpecification\",\"valueRequired\":true,\"valueName\":\"search_term_string\"}}],\"inLanguage\":\"es\"}]}<\/script>\n<!-- \/ Yoast SEO plugin. -->","yoast_head_json":{"title":"El sirion\u00f3 - Sorosoro","robots":{"index":"index","follow":"follow","max-snippet":"max-snippet:-1","max-image-preview":"max-image-preview:large","max-video-preview":"max-video-preview:-1"},"canonical":"https:\/\/www.sorosoro.org\/es\/el-siriono\/","og_locale":"es_ES","og_type":"article","og_title":"El sirion\u00f3 - Sorosoro","og_description":"Datos recolectados por la UNICEF Datos sobre la lengua sirion\u00f3 Nombres alternativos: Mbia, chori \u00ab Mbia \u00bb corresponde a la auto denominaci\u00f3n (auto etn\u00f3nimo). \u00ab Chori \u00bb es un t\u00e9rmino peyorativo ampliamente utilizado por las poblaciones urbanas para designar a las poblaciones del bosque. Principales dialectos: En la actualidad no hay dialectos de sirion\u00f3. Es [&hellip;]","og_url":"https:\/\/www.sorosoro.org\/es\/el-siriono\/","og_site_name":"Sorosoro","article_modified_time":"2011-05-19T04:23:35+00:00","twitter_card":"summary_large_image","twitter_misc":{"Tiempo de lectura":"4 minutos"},"schema":{"@context":"https:\/\/schema.org","@graph":[{"@type":"WebPage","@id":"https:\/\/www.sorosoro.org\/es\/el-siriono\/","url":"https:\/\/www.sorosoro.org\/es\/el-siriono\/","name":"El sirion\u00f3 - Sorosoro","isPartOf":{"@id":"https:\/\/www.sorosoro.org\/es\/#website"},"datePublished":"2011-05-19T04:21:23+00:00","dateModified":"2011-05-19T04:23:35+00:00","breadcrumb":{"@id":"https:\/\/www.sorosoro.org\/es\/el-siriono\/#breadcrumb"},"inLanguage":"es","potentialAction":[{"@type":"ReadAction","target":["https:\/\/www.sorosoro.org\/es\/el-siriono\/"]}]},{"@type":"BreadcrumbList","@id":"https:\/\/www.sorosoro.org\/es\/el-siriono\/#breadcrumb","itemListElement":[{"@type":"ListItem","position":1,"name":"Accueil","item":"https:\/\/www.sorosoro.org\/es\/"},{"@type":"ListItem","position":2,"name":"El sirion\u00f3"}]},{"@type":"WebSite","@id":"https:\/\/www.sorosoro.org\/es\/#website","url":"https:\/\/www.sorosoro.org\/es\/","name":"Sorosoro","description":"Pour que vivent les langues du monde !","potentialAction":[{"@type":"SearchAction","target":{"@type":"EntryPoint","urlTemplate":"https:\/\/www.sorosoro.org\/es\/?s={search_term_string}"},"query-input":{"@type":"PropertyValueSpecification","valueRequired":true,"valueName":"search_term_string"}}],"inLanguage":"es"}]}},"_links":{"self":[{"href":"https:\/\/www.sorosoro.org\/es\/wp-json\/wp\/v2\/pages\/48077","targetHints":{"allow":["GET"]}}],"collection":[{"href":"https:\/\/www.sorosoro.org\/es\/wp-json\/wp\/v2\/pages"}],"about":[{"href":"https:\/\/www.sorosoro.org\/es\/wp-json\/wp\/v2\/types\/page"}],"author":[{"embeddable":true,"href":"https:\/\/www.sorosoro.org\/es\/wp-json\/wp\/v2\/users\/18"}],"replies":[{"embeddable":true,"href":"https:\/\/www.sorosoro.org\/es\/wp-json\/wp\/v2\/comments?post=48077"}],"version-history":[{"count":0,"href":"https:\/\/www.sorosoro.org\/es\/wp-json\/wp\/v2\/pages\/48077\/revisions"}],"wp:attachment":[{"href":"https:\/\/www.sorosoro.org\/es\/wp-json\/wp\/v2\/media?parent=48077"}],"curies":[{"name":"wp","href":"https:\/\/api.w.org\/{rel}","templated":true}]}}