{"id":47503,"date":"2011-05-09T23:25:05","date_gmt":"2011-05-09T21:25:05","guid":{"rendered":"http:\/\/www.sorosoro.org\/?page_id=47503"},"modified":"2011-05-09T23:34:57","modified_gmt":"2011-05-09T21:34:57","slug":"el-ayapaneco","status":"publish","type":"page","link":"https:\/\/www.sorosoro.org\/es\/el-ayapaneco\/","title":{"rendered":"El ayapaneco"},"content":{"rendered":"<h5 style=\"font-size: 14px; padding-top: 10px; padding-right: 5px; padding-bottom: 7px; padding-left: 10px; color: #939523; text-align: justify; margin: 0px;\">Datos sobre la lengua ayapaneca<\/h5>\n<p style=\"text-align: justify;\"><strong>Nombres alternativos<\/strong>: nuumte oote, ayapanec, zoque du Tabasco, zoque de Ayapa, ayapa.<\/p>\n<p style=\"text-align: justify;\"><em>\u00ab Ayapaneco \u00bb es la apelaci\u00f3n atribuida por la <a href=\"http:\/\/www.inali.gob.mx\/clin-inali\/html\/v_ayapaneco.html\" target=\"_blank\">INALI<\/a>, \u00ab Nummte oote \u00bb (\u00abla voz verdadera \u00bb) corresponde a la auto denominaci\u00f3n, \u00ab zoque de Tabasco \u00bb es el nombre dado por el Etn\u00f3logo, 16a edici\u00f3n, y \u00ab zoque de Ayapa \u00bb dado por L. Campbell (1997).<\/em><\/p>\n<p style=\"text-align: justify;\"><strong>Clasificaci\u00f3n<\/strong>: <a href=\"https:\/\/www.sorosoro.org\/es\/familia-de-las-lenguas-mixe-zoqueanas\">Familia mixezoqueana<\/a>, sub-familia zoqueana, rama zoqueana del Golfo de Veracruz.<\/p>\n<p style=\"text-align: justify;\">Citamos aqu\u00ed a Campbell (1997).<\/p>\n<p style=\"text-align: justify;\"><em>No hay, parece, consenso que concierna a la clasificaci\u00f3n interna de las lenguas mixezoqueanas, aunque el parentesco de las dos grandes subfamilias (mixe y zoque) no deja lugar a dudas.<\/em><\/p>\n<p style=\"text-align: justify;\"><em>Por el resto, particularmente para las denominaciones de las lenguas, diferentes fuentes pueden ofrecer informaci\u00f3n muy variable<\/em><\/p>\n<p style=\"text-align: justify;\"><strong>\u00c1rea geogr\u00e1fica<\/strong>: M\u00e9xico, Estado de Tabasco, Municipio de Jalpa de M\u00e9ndez, localidad de Ayapa<\/p>\n<p style=\"text-align: justify;\"><strong>Numero de locutores<\/strong>:<\/p>\n<p style=\"text-align: justify;\">Seg\u00fan Wichmann (2007) quedan s\u00f3lo dos locutores nativos de la lengua: Manuel Segovia, de 75 a\u00f1os, e Isidro Vel\u00e1zquez, de 69 a\u00f1os. Contamos posiblemente con tres locutores pasivos suplementarios (la mujer y los hijos de Manuel Segovia).<\/p>\n<p style=\"text-align: justify;\">En abril de 2011, el peri\u00f3dico \u00abThe Guardian\u00bb les dedic\u00f3 <a href=\"https:\/\/www.sorosoro.org\/es\/13-de-abril-articulo-en-el-periodico-britanico-the-guardian-intitulado-\u00ab\u00a0lengua-en-peligro-de-extincion-\u2013-los-dos-ultimos-locutores-no-se-hablan\u00a0\u00bb\">un art\u00edculo<\/a> a estos dos \u00faltimos locutores.<\/p>\n<p style=\"text-align: justify;\"><strong>Estatus de la lengua<\/strong>:<\/p>\n<p style=\"text-align: justify;\">Seg\u00fan <em>Linguam\u00f3n<\/em>: \u00abEl espa\u00f1ol es la lengua oficial de M\u00e9xico. La legislaci\u00f3n ling\u00fc\u00edstica es bastante abundante en materia de lenguas aut\u00f3ctonas. Entre todos los textos, subrayemos la importancia de la <em>Ley general sobre los derechos ling\u00fc\u00edsticos de los pueblos aut\u00f3ctonos<\/em>, en vigor desde el 2002, cuyos objetivos son el reconocimiento y la protecci\u00f3n de los derechos ling\u00fc\u00edsticos, individuales y colectivos, de las comunidades ind\u00edgenas, as\u00ed como la promoci\u00f3n, la utilizaci\u00f3n y el desarrollo de las lenguas ind\u00edgenas que tienen el estatuto de \u00ablenguas nacionales\u00bb. Pero en realidad, el modelo ling\u00fc\u00edstico mexicano tiende m\u00e1s bien a la asimilaci\u00f3n que a la promoci\u00f3n de las lenguas y de las culturas ind\u00edgenas\u00bb<\/p>\n<p style=\"text-align: justify;\"><strong>Vitalidad y transmisi\u00f3n<\/strong>:<\/p>\n<p style=\"text-align: justify;\">La lengua est\u00e1 al borde de la extinci\u00f3n. Quedar\u00edan s\u00f3lo dos locutores de edad avanzada, los miembros de la familia de uno de los dos locutores (Manuel Segovia) ser\u00edan emisores pasivos de la lengua, sin que tuvieran la posibilidad de transmitirla a su vez.<\/p>\n<p style=\"text-align: justify;\">Un antrop\u00f3logo ling\u00fcista de la Universidad de Indiana, <strong>Daniel Suslak<\/strong>, trabaja en la puesta en pie de un diccionario de ayapaneco (por publicarse).<\/p>\n<p style=\"text-align: justify;\">\n<h5>Precisiones socioling\u00fc\u00edsticas<\/h5>\n<p style=\"text-align: justify;\">La escolarizaci\u00f3n en espa\u00f1ol desde mediados del siglo XX, y con ella la prohibici\u00f3n hecha a los ni\u00f1os de hablar las lenguas ind\u00edgenas, luego la urbanizaci\u00f3n y las migraciones econ\u00f3micas de las comunidades ind\u00edgenas rurales a partir de los a\u00f1os 70, provocaron un abandono r\u00e1pido de numerosas lenguas ind\u00edgenas de M\u00e9xico. El ayapaneco fue una de las lenguas m\u00e1s afectadas. Seg\u00fan el sitio Ethnologue.com, se contaba todav\u00eda con unos cuarenta locutores de ayapaneco a principios de los a\u00f1os 70.<\/p>\n<p style=\"text-align: justify;\">\n<h5>Recursos en l\u00ednea<\/h5>\n<p style=\"text-align: justify;\"><a href=\"http:\/\/atlaspueblosindigenas.files.wordpress.com\/2010\/05\/ayapaneco.pdf\" target=\"_blank\">Datos recolectados por la UNICEF sobre el ayapaneco<\/a><\/p>\n<p style=\"text-align: justify;\"><a href=\"http:\/\/www.unesco.org\/culture\/languages-atlas\/fr\/atlasmap\/language-id-913.html\" target=\"_blank\">Datos de la UNESCO sobre el ayapaneco<\/a><\/p>\n<p style=\"text-align: justify;\"><a href=\"http:\/\/www.ethnologue.com\/show_language.asp?code=zoq\" target=\"_blank\">Pagina del sitio Ethnologue sobre el ayapaneco (Zoque de Tabasco, aqu\u00ed)<\/a><\/p>\n<p style=\"text-align: justify;\"><a href=\"http:\/\/www.native-languages.org\/zoque_ayapa_words.htm\" target=\"_blank\">Peque\u00f1o l\u00e9xico ayapaneco-franc\u00e9s-ingl\u00e9s<\/a><\/p>\n<p style=\"text-align: justify;\"><a href=\"http:\/\/www.inali.gob.mx\/\" target=\"_blank\">Sitio del INALI<\/a><\/p>\n<p style=\"text-align: justify;\">\n<h5>Bibliograf\u00eda<\/h5>\n<p style=\"text-align: justify;\">Campbell, Lyle. 1997. <em>American Indian languages: the historical linguistics of Native America<\/em>. Oxford University Press. Oxford<\/p>\n<p style=\"text-align: justify;\">Wichmann, S\u00f8ren. 1995.<em> The Relationship among the Mixe-Zoquean Languages of Mexico<\/em>. Salt Lake City: University of Utah Press.<\/p>\n<p style=\"text-align: justify;\">Wichmann, S\u00f8ren. 2007. <em>Un panorama de las lenguas ind\u00edgenas de M\u00e9xico<\/em>. En: Bob de Jonge (ed.): <em>Las lenguas de M\u00e9xico. M\u00e9xico en Movimiento<\/em>, vol. 11: 111-140.  Actas del XI d\u00eda de mexicanistas de Holanda 11 de noviembre de 2005. Groningen: Groningen University. [<a href=\"http:\/\/email.eva.mpg.de\/~wichmann\/UnPanorama2.pdf\" target=\"_blank\">PDF<\/a>]<\/p>\n<p style=\"text-align: justify;\">\n","protected":false},"excerpt":{"rendered":"<p>Datos sobre la lengua ayapaneca Nombres alternativos: nuumte oote, ayapanec, zoque du Tabasco, zoque de Ayapa, ayapa. \u00ab Ayapaneco \u00bb es la apelaci\u00f3n atribuida por la INALI, \u00ab Nummte oote \u00bb (\u00abla voz verdadera \u00bb) corresponde a la auto denominaci\u00f3n, \u00ab zoque de Tabasco \u00bb es el nombre dado por el Etn\u00f3logo, 16a edici\u00f3n, y [&hellip;]<\/p>\n","protected":false},"author":18,"featured_media":0,"parent":0,"menu_order":0,"comment_status":"closed","ping_status":"open","template":"","meta":{"footnotes":""},"class_list":["post-47503","page","type-page","status-publish","hentry"],"yoast_head":"<!-- This site is optimized with the Yoast SEO plugin v27.0 - https:\/\/yoast.com\/product\/yoast-seo-wordpress\/ -->\n<title>El ayapaneco - Sorosoro<\/title>\n<meta name=\"robots\" content=\"index, follow, max-snippet:-1, max-image-preview:large, max-video-preview:-1\" \/>\n<link rel=\"canonical\" href=\"https:\/\/www.sorosoro.org\/es\/el-ayapaneco\/\" \/>\n<meta property=\"og:locale\" content=\"es_ES\" \/>\n<meta property=\"og:type\" content=\"article\" \/>\n<meta property=\"og:title\" content=\"El ayapaneco - Sorosoro\" \/>\n<meta property=\"og:description\" content=\"Datos sobre la lengua ayapaneca Nombres alternativos: nuumte oote, ayapanec, zoque du Tabasco, zoque de Ayapa, ayapa. \u00ab Ayapaneco \u00bb es la apelaci\u00f3n atribuida por la INALI, \u00ab Nummte oote \u00bb (\u00abla voz verdadera \u00bb) corresponde a la auto denominaci\u00f3n, \u00ab zoque de Tabasco \u00bb es el nombre dado por el Etn\u00f3logo, 16a edici\u00f3n, y [&hellip;]\" \/>\n<meta property=\"og:url\" content=\"https:\/\/www.sorosoro.org\/es\/el-ayapaneco\/\" \/>\n<meta property=\"og:site_name\" content=\"Sorosoro\" \/>\n<meta property=\"article:modified_time\" content=\"2011-05-09T21:34:57+00:00\" \/>\n<meta name=\"twitter:card\" content=\"summary_large_image\" \/>\n<meta name=\"twitter:label1\" content=\"Tiempo de lectura\" \/>\n\t<meta name=\"twitter:data1\" content=\"3 minutos\" \/>\n<script type=\"application\/ld+json\" class=\"yoast-schema-graph\">{\"@context\":\"https:\/\/schema.org\",\"@graph\":[{\"@type\":\"WebPage\",\"@id\":\"https:\/\/www.sorosoro.org\/es\/el-ayapaneco\/\",\"url\":\"https:\/\/www.sorosoro.org\/es\/el-ayapaneco\/\",\"name\":\"El ayapaneco - Sorosoro\",\"isPartOf\":{\"@id\":\"https:\/\/www.sorosoro.org\/es\/#website\"},\"datePublished\":\"2011-05-09T21:25:05+00:00\",\"dateModified\":\"2011-05-09T21:34:57+00:00\",\"breadcrumb\":{\"@id\":\"https:\/\/www.sorosoro.org\/es\/el-ayapaneco\/#breadcrumb\"},\"inLanguage\":\"es\",\"potentialAction\":[{\"@type\":\"ReadAction\",\"target\":[\"https:\/\/www.sorosoro.org\/es\/el-ayapaneco\/\"]}]},{\"@type\":\"BreadcrumbList\",\"@id\":\"https:\/\/www.sorosoro.org\/es\/el-ayapaneco\/#breadcrumb\",\"itemListElement\":[{\"@type\":\"ListItem\",\"position\":1,\"name\":\"Accueil\",\"item\":\"https:\/\/www.sorosoro.org\/es\/\"},{\"@type\":\"ListItem\",\"position\":2,\"name\":\"El ayapaneco\"}]},{\"@type\":\"WebSite\",\"@id\":\"https:\/\/www.sorosoro.org\/es\/#website\",\"url\":\"https:\/\/www.sorosoro.org\/es\/\",\"name\":\"Sorosoro\",\"description\":\"Pour que vivent les langues du monde !\",\"potentialAction\":[{\"@type\":\"SearchAction\",\"target\":{\"@type\":\"EntryPoint\",\"urlTemplate\":\"https:\/\/www.sorosoro.org\/es\/?s={search_term_string}\"},\"query-input\":{\"@type\":\"PropertyValueSpecification\",\"valueRequired\":true,\"valueName\":\"search_term_string\"}}],\"inLanguage\":\"es\"}]}<\/script>\n<!-- \/ Yoast SEO plugin. -->","yoast_head_json":{"title":"El ayapaneco - Sorosoro","robots":{"index":"index","follow":"follow","max-snippet":"max-snippet:-1","max-image-preview":"max-image-preview:large","max-video-preview":"max-video-preview:-1"},"canonical":"https:\/\/www.sorosoro.org\/es\/el-ayapaneco\/","og_locale":"es_ES","og_type":"article","og_title":"El ayapaneco - Sorosoro","og_description":"Datos sobre la lengua ayapaneca Nombres alternativos: nuumte oote, ayapanec, zoque du Tabasco, zoque de Ayapa, ayapa. \u00ab Ayapaneco \u00bb es la apelaci\u00f3n atribuida por la INALI, \u00ab Nummte oote \u00bb (\u00abla voz verdadera \u00bb) corresponde a la auto denominaci\u00f3n, \u00ab zoque de Tabasco \u00bb es el nombre dado por el Etn\u00f3logo, 16a edici\u00f3n, y [&hellip;]","og_url":"https:\/\/www.sorosoro.org\/es\/el-ayapaneco\/","og_site_name":"Sorosoro","article_modified_time":"2011-05-09T21:34:57+00:00","twitter_card":"summary_large_image","twitter_misc":{"Tiempo de lectura":"3 minutos"},"schema":{"@context":"https:\/\/schema.org","@graph":[{"@type":"WebPage","@id":"https:\/\/www.sorosoro.org\/es\/el-ayapaneco\/","url":"https:\/\/www.sorosoro.org\/es\/el-ayapaneco\/","name":"El ayapaneco - Sorosoro","isPartOf":{"@id":"https:\/\/www.sorosoro.org\/es\/#website"},"datePublished":"2011-05-09T21:25:05+00:00","dateModified":"2011-05-09T21:34:57+00:00","breadcrumb":{"@id":"https:\/\/www.sorosoro.org\/es\/el-ayapaneco\/#breadcrumb"},"inLanguage":"es","potentialAction":[{"@type":"ReadAction","target":["https:\/\/www.sorosoro.org\/es\/el-ayapaneco\/"]}]},{"@type":"BreadcrumbList","@id":"https:\/\/www.sorosoro.org\/es\/el-ayapaneco\/#breadcrumb","itemListElement":[{"@type":"ListItem","position":1,"name":"Accueil","item":"https:\/\/www.sorosoro.org\/es\/"},{"@type":"ListItem","position":2,"name":"El ayapaneco"}]},{"@type":"WebSite","@id":"https:\/\/www.sorosoro.org\/es\/#website","url":"https:\/\/www.sorosoro.org\/es\/","name":"Sorosoro","description":"Pour que vivent les langues du monde !","potentialAction":[{"@type":"SearchAction","target":{"@type":"EntryPoint","urlTemplate":"https:\/\/www.sorosoro.org\/es\/?s={search_term_string}"},"query-input":{"@type":"PropertyValueSpecification","valueRequired":true,"valueName":"search_term_string"}}],"inLanguage":"es"}]}},"_links":{"self":[{"href":"https:\/\/www.sorosoro.org\/es\/wp-json\/wp\/v2\/pages\/47503","targetHints":{"allow":["GET"]}}],"collection":[{"href":"https:\/\/www.sorosoro.org\/es\/wp-json\/wp\/v2\/pages"}],"about":[{"href":"https:\/\/www.sorosoro.org\/es\/wp-json\/wp\/v2\/types\/page"}],"author":[{"embeddable":true,"href":"https:\/\/www.sorosoro.org\/es\/wp-json\/wp\/v2\/users\/18"}],"replies":[{"embeddable":true,"href":"https:\/\/www.sorosoro.org\/es\/wp-json\/wp\/v2\/comments?post=47503"}],"version-history":[{"count":0,"href":"https:\/\/www.sorosoro.org\/es\/wp-json\/wp\/v2\/pages\/47503\/revisions"}],"wp:attachment":[{"href":"https:\/\/www.sorosoro.org\/es\/wp-json\/wp\/v2\/media?parent=47503"}],"curies":[{"name":"wp","href":"https:\/\/api.w.org\/{rel}","templated":true}]}}