{"id":4035,"date":"2009-10-22T22:53:26","date_gmt":"2009-10-22T20:53:26","guid":{"rendered":"http:\/\/www.sorosoro.org\/?page_id=4035"},"modified":"2015-10-04T21:41:35","modified_gmt":"2015-10-04T19:41:35","slug":"les-equipes-de-terrain-en-espagnol","status":"publish","type":"page","link":"https:\/\/www.sorosoro.org\/es\/el-programa-sorosoro\/les-equipes-de-terrain-en-espagnol\/","title":{"rendered":"Los equipos de campo"},"content":{"rendered":"<p style=\"text-align: justify;\">Los videos presentados en Sorosoro TV son el producto de un trabajo de profesionales, t\u00e9cnicos e investigadores. En el terreno y en Paris, trabajaron en condiciones a veces dif\u00edciles, \u00a1les agradecemos!<\/p>\n<p>&nbsp;<\/p>\n<h5>Gab\u00f3n<\/h5>\n<p style=\"text-align: left;\"><strong>Rodaje de los idiomas benga y mpongwe en enero y febrero de 2009<\/strong><\/p>\n<p style=\"text-align: left;\"><strong><a href=\"http:\/\/www.sorosoro.org\/le-programme-sorosoro\/les-equipes-de-terrain\/benga_equipe\" rel=\"attachment wp-att-3939\"><img loading=\"lazy\" decoding=\"async\" class=\" size-full wp-image-9426 alignleft\" style=\"margin: 0 20px 10px 0;\" title=\"TournageGabon-Muriel Lutz\" src=\"http:\/\/www.sorosoro.org\/wp-content\/uploads\/Gabon_Equipe\u00a9Muriel_Lutz1.jpg\" alt=\"TournageGabon-Muriel Lutz\" width=\"220\" height=\"165\" align=\"left\" srcset=\"https:\/\/www.sorosoro.org\/wp-content\/uploads\/Gabon_Equipe\u00a9Muriel_Lutz1.jpg 640w, https:\/\/www.sorosoro.org\/wp-content\/uploads\/Gabon_Equipe\u00a9Muriel_Lutz1-300x225.jpg 300w\" sizes=\"auto, (max-width: 220px) 100vw, 220px\" \/><\/a><\/strong><span style=\"text-decoration: underline;\">Image:<\/span> Muriel Lutz<br \/>\n<span style=\"text-decoration: underline;\">Sonido<\/span>: Andr\u00e9-Pierre y Muriel Lutz<br \/>\n<span style=\"text-decoration: underline;\">Ling\u00fcistas<\/span>: Patrick Mouguiama-Daouda<br \/>\n<span style=\"text-decoration: underline;\">Informadores<\/span>: Paul Kopedina y Judica\u00ebl Yoland Ovenga<br \/>\n<span style=\"text-decoration: underline;\">Montaje<\/span>: Caroline Laurent<br \/>\n<span style=\"text-decoration: underline;\">Traductor de la lengua mpongwe<\/span>: Patrick Mouguiama-Daouda<br \/>\n<span style=\"text-decoration: underline;\">Traductor de la lengua benga: <\/span>Judica\u00ebl Yoland Ovenga<br \/>\n<span style=\"text-decoration: underline;\">Encargada de producci\u00f3n:<\/span> Sabrina Pourchasse<\/p>\n<p>&nbsp;<\/p>\n<h5>Guatemala<\/h5>\n<p><strong>Rodaje de los idiomas kaqchikel y tektiteko en febrero y marzo de 2009<\/strong><\/p>\n<p><span style=\"text-decoration: underline;\"><img loading=\"lazy\" decoding=\"async\" class=\"alignnone size-medium wp-image-3933\" style=\"margin:0 20px 10px 0\" title=\"Tournage chez les Kaqchikels par Jos\u00e9 Reyn\u00e8s\" src=\"http:\/\/www.sorosoro.org\/wp-content\/uploads\/Imagen-092_2-300x225.jpg\" alt=\"Tournage chez les Kaqchikels par Jos\u00e9 Reyn\u00e8s\" width=\"210\" height=\"157\" align=\"left\" srcset=\"https:\/\/www.sorosoro.org\/wp-content\/uploads\/Imagen-092_2-300x225.jpg 300w, https:\/\/www.sorosoro.org\/wp-content\/uploads\/Imagen-092_2-1024x768.jpg 1024w\" sizes=\"auto, (max-width: 210px) 100vw, 210px\" \/>Imagen y sonido: <\/span>Jos\u00e9 Reyn\u00e8s<br \/>\n<span style=\"text-decoration: underline;\">Chofer-Asistente: <\/span>Eduardo<br \/>\n<span style=\"text-decoration: underline;\">Ling\u00fcistas:<\/span> Juliana Sis Iboy y Juventino de Jesus P\u00e9rez Alonzo<br \/>\n<span style=\"text-decoration: underline;\">Montaje<\/span>: Caroline Laurent<br \/>\n<span style=\"text-decoration: underline;\">Traductor del idioma kaqchikel:<\/span> Juliana Sis Iboy<br \/>\n<span style=\"text-decoration: underline;\">Traductor del idioma tektiteko<\/span>: Jos\u00e9 P\u00e9rez<br \/>\n<span style=\"text-decoration: underline;\">Encargadas de producci\u00f3n<\/span>: Sabrina Pourchasse y Marion Cassan<\/p>\n<p>&nbsp;<\/p>\n<h5>Gab\u00f3n<\/h5>\n<p><strong>Rodaje de los idiomas akele y punu en mayo y junio de 2009<\/strong><\/p>\n<p><span style=\"text-decoration: underline;\"><img loading=\"lazy\" decoding=\"async\" class=\"alignnone size-medium wp-image-3936\" style=\"margin:0 20px 10px 0\" title=\"Tournage chez les Punus par Luc-Henri FAGE\" src=\"http:\/\/www.sorosoro.org\/wp-content\/uploads\/LH-Fage-Gabon09-7604-300x200.jpg\" alt=\"Tournage chez les Punus par Luc-Henri FAGE\" width=\"212\" height=\"141\" align=\"left\" srcset=\"https:\/\/www.sorosoro.org\/wp-content\/uploads\/LH-Fage-Gabon09-7604-300x200.jpg 300w, https:\/\/www.sorosoro.org\/wp-content\/uploads\/LH-Fage-Gabon09-7604-1023x682.jpg 1023w\" sizes=\"auto, (max-width: 212px) 100vw, 212px\" \/>Imagen y sonido:<\/span> Luc-Henri Fage<br \/>\n<span style=\"text-decoration: underline;\">Ling\u00fcistas:<\/span> Jean-Marie Hombert, Patrick Mouguiama-Daouda<br \/>\n<span style=\"text-decoration: underline;\">Etn\u00f3logo:<\/span> Thierry Nzamba Nzamba<br \/>\n<span style=\"text-decoration: underline;\">Montaje: <\/span>Caroline Laurent<br \/>\n<span style=\"text-decoration: underline;\">Traductor del idioma ak\u00e9l\u00e9:<\/span> Hugues Awanhet<br \/>\n<span style=\"text-decoration: underline;\">Traductora del idioma punu: <\/span>Marie-Jos\u00e9e Awanhet<br \/>\n<span style=\"text-decoration: underline;\">Encargada de producci\u00f3n:<\/span> Sabrina Pourchasse<\/p>\n<p>&nbsp;<\/p>\n<h5><strong>Senegal<\/strong><\/h5>\n<p><strong>Rodaje de los idiomas menik y baynunk en marzo de 2010<\/strong><\/p>\n<p style=\"text-align: left;\"><span style=\"text-decoration: underline;\"><img loading=\"lazy\" decoding=\"async\" class=\" size-medium wp-image-65233 alignleft\" style=\"margin: 0 20px 10px 0;\" src=\"http:\/\/www.sorosoro.org\/wp-content\/uploads\/pays_bedik-300x225.jpg\" alt=\"pays_bedik\" width=\"219\" height=\"160\" \/><br \/>\nImagen y sonido<\/span><\/span>: Muriel Lutz y Cheikh Tidiane Sall<br \/>\n<span style=\"text-decoration: underline;\">Ling\u00fcistas:<\/span><span style=\"text-decoration: underline;\"> Adjaratou O. Sall y Sokhna Bao-Diop<\/span><br \/>\n<span style=\"text-decoration: underline;\">Montaje<\/span><span style=\"text-decoration: underline;\">: Caroline Laurent<\/span><br \/>\n<span style=\"text-decoration: underline;\"><span style=\"text-decoration: underline;\">Encargada de producci\u00f3n:<\/span><\/span><span style=\"text-decoration: underline;\"> <\/span>Sabrina Pourchasse<\/p>\n<p>&nbsp;<br \/>\n&nbsp;<br \/>\n&nbsp;<\/p>\n<h5>Nouvelle-Cal\u00e9donie<\/h5>\n<p><strong>Rodaje de los idiomas x\u00e2r\u00e2c\u00f9\u00f9, x\u00e2r\u00e2gur\u00e8 y ham\u00e9a en octubre de 2010<\/strong><\/p>\n<p style=\"text-align: left;\"><span style=\"text-decoration: underline;\"><img loading=\"lazy\" decoding=\"async\" class=\" size-medium wp-image-65233 alignleft\" style=\"margin: 0 20px 10px 0;\" src=\"\/wp-content\/uploads\/tournage_en_pays_kanak_nouvelle_caledonie.jpg\" alt=\"pays_bedik\" width=\"219\" height=\"160\" \/><br \/>\nImagen y sonido: <\/span>: Jos\u00e9 Reyn\u00e8s<br \/>\n<span style=\"text-decoration: underline;\">Asistente<\/span>: Karl Jor\u00e9di\u00e9<br \/>\n<span style=\"text-decoration: underline;\">Ling\u00fcista<\/span>: Claire Moyse-Faurie<br \/>\n<span style=\"text-decoration: underline;\">Montaje<\/span>: Caroline Laurent<br \/>\n<span style=\"text-decoration: underline;\">Encargada de producci\u00f3n:<\/span>: Caroline Graff<\/p>\n<p>&nbsp;<br \/>\n&nbsp;<\/p>\n<h5>S\u00e9n\u00e9gal<\/h5>\n<p style=\"text-align: left;\"><strong>Rodaje de los idiomas basari y laala en febrero de 2011<\/strong><\/p>\n<p style=\"text-align: left;\"><span style=\"text-decoration: underline;\"><img loading=\"lazy\" decoding=\"async\" class=\" size-medium wp-image-65233 alignleft\" style=\"margin: 0 20px 10px 0;\" src=\"\/wp-content\/uploads\/243.jpg\" alt=\"pays_bedik\" width=\"219\" height=\"160\" \/><br \/>\nImagen y sonido: <\/span>: Fran\u00e7ois Rigou<br \/>\n<span style=\"text-decoration: underline;\">Assistente<\/span>: J\u00e9r\u00f4me Gomis<br \/>\n<span style=\"text-decoration: underline;\">Ling\u00fcistas<\/span>: Lo\u00efc-Michel Perrin et El Hadji Di\u00e8ye<br \/>\n<span style=\"text-decoration: underline;\">Montaje<\/span>: Caroline Laurent<br \/>\n<span style=\"text-decoration: underline;\">Encargada de producci\u00f3n<\/span>: Caroline Graff<\/p>\n<p>&nbsp;<br \/>\n&nbsp;<\/p>\n","protected":false},"excerpt":{"rendered":"<p>Los videos presentados en Sorosoro TV son el producto de un trabajo de profesionales, t\u00e9cnicos e investigadores. En el terreno y en Paris, trabajaron en condiciones a veces dif\u00edciles, \u00a1les agradecemos! &nbsp; Gab\u00f3n Rodaje de los idiomas benga y mpongwe en enero y febrero de 2009 Image: Muriel Lutz Sonido: Andr\u00e9-Pierre y Muriel Lutz Ling\u00fcistas: [&hellip;]<\/p>\n","protected":false},"author":12,"featured_media":0,"parent":342,"menu_order":2,"comment_status":"closed","ping_status":"closed","template":"","meta":{"footnotes":""},"class_list":["post-4035","page","type-page","status-publish","hentry"],"yoast_head":"<!-- This site is optimized with the Yoast SEO plugin v27.0 - https:\/\/yoast.com\/product\/yoast-seo-wordpress\/ -->\n<title>Los equipos de campo - Sorosoro<\/title>\n<meta name=\"robots\" content=\"index, follow, max-snippet:-1, max-image-preview:large, max-video-preview:-1\" \/>\n<link rel=\"canonical\" href=\"https:\/\/www.sorosoro.org\/es\/el-programa-sorosoro\/les-equipes-de-terrain-en-espagnol\/\" \/>\n<meta property=\"og:locale\" content=\"es_ES\" \/>\n<meta property=\"og:type\" content=\"article\" \/>\n<meta property=\"og:title\" content=\"Los equipos de campo - Sorosoro\" \/>\n<meta property=\"og:description\" content=\"Los videos presentados en Sorosoro TV son el producto de un trabajo de profesionales, t\u00e9cnicos e investigadores. En el terreno y en Paris, trabajaron en condiciones a veces dif\u00edciles, \u00a1les agradecemos! &nbsp; Gab\u00f3n Rodaje de los idiomas benga y mpongwe en enero y febrero de 2009 Image: Muriel Lutz Sonido: Andr\u00e9-Pierre y Muriel Lutz Ling\u00fcistas: [&hellip;]\" \/>\n<meta property=\"og:url\" content=\"https:\/\/www.sorosoro.org\/es\/el-programa-sorosoro\/les-equipes-de-terrain-en-espagnol\/\" \/>\n<meta property=\"og:site_name\" content=\"Sorosoro\" \/>\n<meta property=\"article:modified_time\" content=\"2015-10-04T19:41:35+00:00\" \/>\n<meta property=\"og:image\" content=\"http:\/\/www.sorosoro.org\/wp-content\/uploads\/Imagen-092_2-300x225.jpg\" \/>\n<meta name=\"twitter:card\" content=\"summary_large_image\" \/>\n<meta name=\"twitter:label1\" content=\"Tiempo de lectura\" \/>\n\t<meta name=\"twitter:data1\" content=\"2 minutos\" \/>\n<script type=\"application\/ld+json\" class=\"yoast-schema-graph\">{\"@context\":\"https:\/\/schema.org\",\"@graph\":[{\"@type\":\"WebPage\",\"@id\":\"https:\/\/www.sorosoro.org\/es\/el-programa-sorosoro\/les-equipes-de-terrain-en-espagnol\/\",\"url\":\"https:\/\/www.sorosoro.org\/es\/el-programa-sorosoro\/les-equipes-de-terrain-en-espagnol\/\",\"name\":\"Los equipos de campo - Sorosoro\",\"isPartOf\":{\"@id\":\"https:\/\/www.sorosoro.org\/es\/#website\"},\"primaryImageOfPage\":{\"@id\":\"https:\/\/www.sorosoro.org\/es\/el-programa-sorosoro\/les-equipes-de-terrain-en-espagnol\/#primaryimage\"},\"image\":{\"@id\":\"https:\/\/www.sorosoro.org\/es\/el-programa-sorosoro\/les-equipes-de-terrain-en-espagnol\/#primaryimage\"},\"thumbnailUrl\":\"http:\/\/www.sorosoro.org\/wp-content\/uploads\/Imagen-092_2-300x225.jpg\",\"datePublished\":\"2009-10-22T20:53:26+00:00\",\"dateModified\":\"2015-10-04T19:41:35+00:00\",\"breadcrumb\":{\"@id\":\"https:\/\/www.sorosoro.org\/es\/el-programa-sorosoro\/les-equipes-de-terrain-en-espagnol\/#breadcrumb\"},\"inLanguage\":\"es\",\"potentialAction\":[{\"@type\":\"ReadAction\",\"target\":[\"https:\/\/www.sorosoro.org\/es\/el-programa-sorosoro\/les-equipes-de-terrain-en-espagnol\/\"]}]},{\"@type\":\"ImageObject\",\"inLanguage\":\"es\",\"@id\":\"https:\/\/www.sorosoro.org\/es\/el-programa-sorosoro\/les-equipes-de-terrain-en-espagnol\/#primaryimage\",\"url\":\"http:\/\/www.sorosoro.org\/wp-content\/uploads\/Imagen-092_2-300x225.jpg\",\"contentUrl\":\"http:\/\/www.sorosoro.org\/wp-content\/uploads\/Imagen-092_2-300x225.jpg\"},{\"@type\":\"BreadcrumbList\",\"@id\":\"https:\/\/www.sorosoro.org\/es\/el-programa-sorosoro\/les-equipes-de-terrain-en-espagnol\/#breadcrumb\",\"itemListElement\":[{\"@type\":\"ListItem\",\"position\":1,\"name\":\"Accueil\",\"item\":\"https:\/\/www.sorosoro.org\/es\/\"},{\"@type\":\"ListItem\",\"position\":2,\"name\":\"El programa Sorosoro\",\"item\":\"https:\/\/www.sorosoro.org\/es\/el-programa-sorosoro\/\"},{\"@type\":\"ListItem\",\"position\":3,\"name\":\"Los equipos de campo\"}]},{\"@type\":\"WebSite\",\"@id\":\"https:\/\/www.sorosoro.org\/es\/#website\",\"url\":\"https:\/\/www.sorosoro.org\/es\/\",\"name\":\"Sorosoro\",\"description\":\"Pour que vivent les langues du monde !\",\"potentialAction\":[{\"@type\":\"SearchAction\",\"target\":{\"@type\":\"EntryPoint\",\"urlTemplate\":\"https:\/\/www.sorosoro.org\/es\/?s={search_term_string}\"},\"query-input\":{\"@type\":\"PropertyValueSpecification\",\"valueRequired\":true,\"valueName\":\"search_term_string\"}}],\"inLanguage\":\"es\"}]}<\/script>\n<!-- \/ Yoast SEO plugin. -->","yoast_head_json":{"title":"Los equipos de campo - Sorosoro","robots":{"index":"index","follow":"follow","max-snippet":"max-snippet:-1","max-image-preview":"max-image-preview:large","max-video-preview":"max-video-preview:-1"},"canonical":"https:\/\/www.sorosoro.org\/es\/el-programa-sorosoro\/les-equipes-de-terrain-en-espagnol\/","og_locale":"es_ES","og_type":"article","og_title":"Los equipos de campo - Sorosoro","og_description":"Los videos presentados en Sorosoro TV son el producto de un trabajo de profesionales, t\u00e9cnicos e investigadores. En el terreno y en Paris, trabajaron en condiciones a veces dif\u00edciles, \u00a1les agradecemos! &nbsp; Gab\u00f3n Rodaje de los idiomas benga y mpongwe en enero y febrero de 2009 Image: Muriel Lutz Sonido: Andr\u00e9-Pierre y Muriel Lutz Ling\u00fcistas: [&hellip;]","og_url":"https:\/\/www.sorosoro.org\/es\/el-programa-sorosoro\/les-equipes-de-terrain-en-espagnol\/","og_site_name":"Sorosoro","article_modified_time":"2015-10-04T19:41:35+00:00","og_image":[{"url":"http:\/\/www.sorosoro.org\/wp-content\/uploads\/Imagen-092_2-300x225.jpg","type":"","width":"","height":""}],"twitter_card":"summary_large_image","twitter_misc":{"Tiempo de lectura":"2 minutos"},"schema":{"@context":"https:\/\/schema.org","@graph":[{"@type":"WebPage","@id":"https:\/\/www.sorosoro.org\/es\/el-programa-sorosoro\/les-equipes-de-terrain-en-espagnol\/","url":"https:\/\/www.sorosoro.org\/es\/el-programa-sorosoro\/les-equipes-de-terrain-en-espagnol\/","name":"Los equipos de campo - Sorosoro","isPartOf":{"@id":"https:\/\/www.sorosoro.org\/es\/#website"},"primaryImageOfPage":{"@id":"https:\/\/www.sorosoro.org\/es\/el-programa-sorosoro\/les-equipes-de-terrain-en-espagnol\/#primaryimage"},"image":{"@id":"https:\/\/www.sorosoro.org\/es\/el-programa-sorosoro\/les-equipes-de-terrain-en-espagnol\/#primaryimage"},"thumbnailUrl":"http:\/\/www.sorosoro.org\/wp-content\/uploads\/Imagen-092_2-300x225.jpg","datePublished":"2009-10-22T20:53:26+00:00","dateModified":"2015-10-04T19:41:35+00:00","breadcrumb":{"@id":"https:\/\/www.sorosoro.org\/es\/el-programa-sorosoro\/les-equipes-de-terrain-en-espagnol\/#breadcrumb"},"inLanguage":"es","potentialAction":[{"@type":"ReadAction","target":["https:\/\/www.sorosoro.org\/es\/el-programa-sorosoro\/les-equipes-de-terrain-en-espagnol\/"]}]},{"@type":"ImageObject","inLanguage":"es","@id":"https:\/\/www.sorosoro.org\/es\/el-programa-sorosoro\/les-equipes-de-terrain-en-espagnol\/#primaryimage","url":"http:\/\/www.sorosoro.org\/wp-content\/uploads\/Imagen-092_2-300x225.jpg","contentUrl":"http:\/\/www.sorosoro.org\/wp-content\/uploads\/Imagen-092_2-300x225.jpg"},{"@type":"BreadcrumbList","@id":"https:\/\/www.sorosoro.org\/es\/el-programa-sorosoro\/les-equipes-de-terrain-en-espagnol\/#breadcrumb","itemListElement":[{"@type":"ListItem","position":1,"name":"Accueil","item":"https:\/\/www.sorosoro.org\/es\/"},{"@type":"ListItem","position":2,"name":"El programa Sorosoro","item":"https:\/\/www.sorosoro.org\/es\/el-programa-sorosoro\/"},{"@type":"ListItem","position":3,"name":"Los equipos de campo"}]},{"@type":"WebSite","@id":"https:\/\/www.sorosoro.org\/es\/#website","url":"https:\/\/www.sorosoro.org\/es\/","name":"Sorosoro","description":"Pour que vivent les langues du monde !","potentialAction":[{"@type":"SearchAction","target":{"@type":"EntryPoint","urlTemplate":"https:\/\/www.sorosoro.org\/es\/?s={search_term_string}"},"query-input":{"@type":"PropertyValueSpecification","valueRequired":true,"valueName":"search_term_string"}}],"inLanguage":"es"}]}},"_links":{"self":[{"href":"https:\/\/www.sorosoro.org\/es\/wp-json\/wp\/v2\/pages\/4035","targetHints":{"allow":["GET"]}}],"collection":[{"href":"https:\/\/www.sorosoro.org\/es\/wp-json\/wp\/v2\/pages"}],"about":[{"href":"https:\/\/www.sorosoro.org\/es\/wp-json\/wp\/v2\/types\/page"}],"author":[{"embeddable":true,"href":"https:\/\/www.sorosoro.org\/es\/wp-json\/wp\/v2\/users\/12"}],"replies":[{"embeddable":true,"href":"https:\/\/www.sorosoro.org\/es\/wp-json\/wp\/v2\/comments?post=4035"}],"version-history":[{"count":0,"href":"https:\/\/www.sorosoro.org\/es\/wp-json\/wp\/v2\/pages\/4035\/revisions"}],"up":[{"embeddable":true,"href":"https:\/\/www.sorosoro.org\/es\/wp-json\/wp\/v2\/pages\/342"}],"wp:attachment":[{"href":"https:\/\/www.sorosoro.org\/es\/wp-json\/wp\/v2\/media?parent=4035"}],"curies":[{"name":"wp","href":"https:\/\/api.w.org\/{rel}","templated":true}]}}