{"id":3965,"date":"2009-10-22T15:10:39","date_gmt":"2009-10-22T13:10:39","guid":{"rendered":"http:\/\/www.sorosoro.org\/?page_id=3965"},"modified":"2015-09-28T01:34:02","modified_gmt":"2015-09-27T23:34:02","slug":"los-criollos","status":"publish","type":"page","link":"https:\/\/www.sorosoro.org\/es\/los-criollos\/","title":{"rendered":"Los criollos"},"content":{"rendered":"<p style=\"text-align: justify;\">Las lenguas criollas son excepcionales debido a las condiciones de su formaci\u00f3n. Escapan completamente a la clasificaci\u00f3n gen\u00e9tica de las lenguas. Mientras que la mayor\u00eda de las lenguas son el producto de una transmisi\u00f3n sistem\u00e1tica de generaci\u00f3n a generaci\u00f3n, acompa\u00f1ada de cambios leves con cada transmisi\u00f3n, los idiomas criollos aparecen como el producto de una ruptura (un pueblo entero tiene que renunciar a su lengua de origen) y de contacto (con un nuevo lenguaje, que est\u00e1 profundamente transformado). En otras palabras, a diferencia de las dem\u00e1s lenguas, las lenguas criollas tienen una aparici\u00f3n hist\u00f3rica, es decir un inicio que se puede fechar con veinte a\u00f1os de aproximaci\u00f3n.<\/p>\n<p style=\"text-align: justify;\">A menudo, el inicio est\u00e1 provocado por un encuentro brutal. El caso m\u00e1s t\u00edpico es la esclavitud. Los africanos que fueron transportados a las plantaciones (en abominables\u00a0 condiciones materiales y morales) hablaban originalmente lenguas diferentes, pero al formar una nueva sociedad se hizo imprescindible un lenguaje com\u00fan. Puesto que ning\u00fan idioma africano estaba en una posici\u00f3n hegem\u00f3nica,\u00a0 la lengua del amo se convirti\u00f3 en el punto de referencia com\u00fan. Pero el contacto con esa lengua no se hac\u00eda a trav\u00e9s de un aprendizaje imparcial y pac\u00edfico, sino a trav\u00e9s de las condiciones brutales del trabajo servil: el vocabulario pasa, pero no la gram\u00e1tica. En consecuencia, la lengua criolla tiene una doble funci\u00f3n:<\/p>\n<p style=\"text-align: justify;\">-Su vocabulario es principalmente derivado de una lengua de colonizaci\u00f3n: por eso\u00a0 hablamos de criollos franc\u00e9s, ingl\u00e9s, espa\u00f1ol, etc.<\/p>\n<p style=\"text-align: justify;\">-Sin embargo, la gram\u00e1tica es totalmente diferente y proviene de un proceso de reestructuraci\u00f3n, que se basa en algunas gram\u00e1ticas de las lenguas africanas de origen, y tambi\u00e9n cuenta con propiedades universales del lenguaje humano.<\/p>\n<p style=\"text-align: justify;\">Por lo tanto, la gram\u00e1tica de las lenguas criollas representa un gran inter\u00e9s para la ling\u00fc\u00edstica y las ciencias cognitivas.<\/p>\n<p>______________________________________________________________________<\/p>\n<p><strong>Pour en savoir plus :<\/strong><\/p>\n<ul>\n<li><a href=\"http:\/\/www.sorosoro.org\/2015\/06\/questions-autour-de-la-genese-des-langues-creoles\/\" target=\"_blank\">Questions autour de la gen\u00e8se des langues cr\u00e9oles, par Marie-Christine Haza\u00ebl-Massieux <\/a><\/li>\n<li><a href=\"http:\/\/www.sorosoro.org\/2015\/06\/le-creole-haitien-une-lente-montee-en-puissance\/\" target=\"_blank\">Le cr\u00e9ole ha\u00eftien : une lente mont\u00e9e en puissance, par Fritz Berg Jeannot<\/a><\/li>\n<li><a href=\"http:\/\/www.sorosoro.org\/2015\/06\/dafrique-de-louest-aux-antilles-des-creoles-portugais-dynamiques\/\" target=\"_blank\">D\u2019Afrique de l\u2019Ouest aux Antilles, des cr\u00e9oles portugais dynamiques, par Nicolas Quint<\/a><\/li>\n<li><a href=\"http:\/\/www.sorosoro.org\/2015\/06\/le-papiamentu-un-creole-qui-se-porte-bien\/\" target=\"_blank\">Le papiamentu, un cr\u00e9ole qui se porte bien, par Bart Jacobs<\/a><\/li>\n<\/ul>\n<p>&nbsp;<br \/>\n<a href=\"\/es\/todo-sobre-las-lenguas-en-el-mundo\/los-nuevos-lenguajes\/\"><img loading=\"lazy\" decoding=\"async\" src=\"\/wp-content\/uploads\/bouton_retour.jpg\" alt=\"bouton_retour\" width=\"20\" height=\"20\" class=\"alignnone size-full wp-image-65133\" \/><\/a>&nbsp;<a href=\"\/es\/todo-sobre-las-lenguas-en-el-mundo\/los-nuevos-lenguajes\/\"><strong>Volver a la p\u00e1gina anterior<\/strong><\/a><\/p>\n","protected":false},"excerpt":{"rendered":"<p>Las lenguas criollas son excepcionales debido a las condiciones de su formaci\u00f3n. Escapan completamente a la clasificaci\u00f3n gen\u00e9tica de las lenguas. Mientras que la mayor\u00eda de las lenguas son el producto de una transmisi\u00f3n sistem\u00e1tica de generaci\u00f3n a generaci\u00f3n, acompa\u00f1ada de cambios leves con cada transmisi\u00f3n, los idiomas criollos aparecen como el producto de una [&hellip;]<\/p>\n","protected":false},"author":12,"featured_media":0,"parent":0,"menu_order":0,"comment_status":"closed","ping_status":"open","template":"","meta":{"footnotes":""},"class_list":["post-3965","page","type-page","status-publish","hentry"],"yoast_head":"<!-- This site is optimized with the Yoast SEO plugin v27.0 - https:\/\/yoast.com\/product\/yoast-seo-wordpress\/ -->\n<title>Los criollos - Sorosoro<\/title>\n<meta name=\"robots\" content=\"index, follow, max-snippet:-1, max-image-preview:large, max-video-preview:-1\" \/>\n<link rel=\"canonical\" href=\"https:\/\/www.sorosoro.org\/es\/los-criollos\/\" \/>\n<meta property=\"og:locale\" content=\"es_ES\" \/>\n<meta property=\"og:type\" content=\"article\" \/>\n<meta property=\"og:title\" content=\"Los criollos - Sorosoro\" \/>\n<meta property=\"og:description\" content=\"Las lenguas criollas son excepcionales debido a las condiciones de su formaci\u00f3n. Escapan completamente a la clasificaci\u00f3n gen\u00e9tica de las lenguas. Mientras que la mayor\u00eda de las lenguas son el producto de una transmisi\u00f3n sistem\u00e1tica de generaci\u00f3n a generaci\u00f3n, acompa\u00f1ada de cambios leves con cada transmisi\u00f3n, los idiomas criollos aparecen como el producto de una [&hellip;]\" \/>\n<meta property=\"og:url\" content=\"https:\/\/www.sorosoro.org\/es\/los-criollos\/\" \/>\n<meta property=\"og:site_name\" content=\"Sorosoro\" \/>\n<meta property=\"article:modified_time\" content=\"2015-09-27T23:34:02+00:00\" \/>\n<meta name=\"twitter:card\" content=\"summary_large_image\" \/>\n<meta name=\"twitter:label1\" content=\"Tiempo de lectura\" \/>\n\t<meta name=\"twitter:data1\" content=\"2 minutos\" \/>\n<script type=\"application\/ld+json\" class=\"yoast-schema-graph\">{\"@context\":\"https:\/\/schema.org\",\"@graph\":[{\"@type\":\"WebPage\",\"@id\":\"https:\/\/www.sorosoro.org\/es\/los-criollos\/\",\"url\":\"https:\/\/www.sorosoro.org\/es\/los-criollos\/\",\"name\":\"Los criollos - Sorosoro\",\"isPartOf\":{\"@id\":\"https:\/\/www.sorosoro.org\/es\/#website\"},\"datePublished\":\"2009-10-22T13:10:39+00:00\",\"dateModified\":\"2015-09-27T23:34:02+00:00\",\"breadcrumb\":{\"@id\":\"https:\/\/www.sorosoro.org\/es\/los-criollos\/#breadcrumb\"},\"inLanguage\":\"es\",\"potentialAction\":[{\"@type\":\"ReadAction\",\"target\":[\"https:\/\/www.sorosoro.org\/es\/los-criollos\/\"]}]},{\"@type\":\"BreadcrumbList\",\"@id\":\"https:\/\/www.sorosoro.org\/es\/los-criollos\/#breadcrumb\",\"itemListElement\":[{\"@type\":\"ListItem\",\"position\":1,\"name\":\"Accueil\",\"item\":\"https:\/\/www.sorosoro.org\/es\/\"},{\"@type\":\"ListItem\",\"position\":2,\"name\":\"Los criollos\"}]},{\"@type\":\"WebSite\",\"@id\":\"https:\/\/www.sorosoro.org\/es\/#website\",\"url\":\"https:\/\/www.sorosoro.org\/es\/\",\"name\":\"Sorosoro\",\"description\":\"Pour que vivent les langues du monde !\",\"potentialAction\":[{\"@type\":\"SearchAction\",\"target\":{\"@type\":\"EntryPoint\",\"urlTemplate\":\"https:\/\/www.sorosoro.org\/es\/?s={search_term_string}\"},\"query-input\":{\"@type\":\"PropertyValueSpecification\",\"valueRequired\":true,\"valueName\":\"search_term_string\"}}],\"inLanguage\":\"es\"}]}<\/script>\n<!-- \/ Yoast SEO plugin. -->","yoast_head_json":{"title":"Los criollos - Sorosoro","robots":{"index":"index","follow":"follow","max-snippet":"max-snippet:-1","max-image-preview":"max-image-preview:large","max-video-preview":"max-video-preview:-1"},"canonical":"https:\/\/www.sorosoro.org\/es\/los-criollos\/","og_locale":"es_ES","og_type":"article","og_title":"Los criollos - Sorosoro","og_description":"Las lenguas criollas son excepcionales debido a las condiciones de su formaci\u00f3n. Escapan completamente a la clasificaci\u00f3n gen\u00e9tica de las lenguas. Mientras que la mayor\u00eda de las lenguas son el producto de una transmisi\u00f3n sistem\u00e1tica de generaci\u00f3n a generaci\u00f3n, acompa\u00f1ada de cambios leves con cada transmisi\u00f3n, los idiomas criollos aparecen como el producto de una [&hellip;]","og_url":"https:\/\/www.sorosoro.org\/es\/los-criollos\/","og_site_name":"Sorosoro","article_modified_time":"2015-09-27T23:34:02+00:00","twitter_card":"summary_large_image","twitter_misc":{"Tiempo de lectura":"2 minutos"},"schema":{"@context":"https:\/\/schema.org","@graph":[{"@type":"WebPage","@id":"https:\/\/www.sorosoro.org\/es\/los-criollos\/","url":"https:\/\/www.sorosoro.org\/es\/los-criollos\/","name":"Los criollos - Sorosoro","isPartOf":{"@id":"https:\/\/www.sorosoro.org\/es\/#website"},"datePublished":"2009-10-22T13:10:39+00:00","dateModified":"2015-09-27T23:34:02+00:00","breadcrumb":{"@id":"https:\/\/www.sorosoro.org\/es\/los-criollos\/#breadcrumb"},"inLanguage":"es","potentialAction":[{"@type":"ReadAction","target":["https:\/\/www.sorosoro.org\/es\/los-criollos\/"]}]},{"@type":"BreadcrumbList","@id":"https:\/\/www.sorosoro.org\/es\/los-criollos\/#breadcrumb","itemListElement":[{"@type":"ListItem","position":1,"name":"Accueil","item":"https:\/\/www.sorosoro.org\/es\/"},{"@type":"ListItem","position":2,"name":"Los criollos"}]},{"@type":"WebSite","@id":"https:\/\/www.sorosoro.org\/es\/#website","url":"https:\/\/www.sorosoro.org\/es\/","name":"Sorosoro","description":"Pour que vivent les langues du monde !","potentialAction":[{"@type":"SearchAction","target":{"@type":"EntryPoint","urlTemplate":"https:\/\/www.sorosoro.org\/es\/?s={search_term_string}"},"query-input":{"@type":"PropertyValueSpecification","valueRequired":true,"valueName":"search_term_string"}}],"inLanguage":"es"}]}},"_links":{"self":[{"href":"https:\/\/www.sorosoro.org\/es\/wp-json\/wp\/v2\/pages\/3965","targetHints":{"allow":["GET"]}}],"collection":[{"href":"https:\/\/www.sorosoro.org\/es\/wp-json\/wp\/v2\/pages"}],"about":[{"href":"https:\/\/www.sorosoro.org\/es\/wp-json\/wp\/v2\/types\/page"}],"author":[{"embeddable":true,"href":"https:\/\/www.sorosoro.org\/es\/wp-json\/wp\/v2\/users\/12"}],"replies":[{"embeddable":true,"href":"https:\/\/www.sorosoro.org\/es\/wp-json\/wp\/v2\/comments?post=3965"}],"version-history":[{"count":0,"href":"https:\/\/www.sorosoro.org\/es\/wp-json\/wp\/v2\/pages\/3965\/revisions"}],"wp:attachment":[{"href":"https:\/\/www.sorosoro.org\/es\/wp-json\/wp\/v2\/media?parent=3965"}],"curies":[{"name":"wp","href":"https:\/\/api.w.org\/{rel}","templated":true}]}}