{"id":386,"date":"2009-07-27T10:09:09","date_gmt":"2009-07-27T08:09:09","guid":{"rendered":"http:\/\/www.sorosoro.org\/?page_id=386"},"modified":"2015-04-17T12:32:54","modified_gmt":"2015-04-17T10:32:54","slug":"nuestros-socios-tecnicos","status":"publish","type":"page","link":"https:\/\/www.sorosoro.org\/es\/nuestros-socios-tecnicos\/","title":{"rendered":"Nuestros socios t\u00e9cnicos"},"content":{"rendered":"<p><a href=\"http:\/\/www.ina.fr\/\" target=\"_blank\"><img loading=\"lazy\" decoding=\"async\" class=\"alignnone size-full wp-image-2701\" title=\"p_logo_ina\" src=\"http:\/\/www.sorosoro.org\/wp-content\/uploads\/p_logo_ina3.jpg\" alt=\"p_logo_ina\" width=\"41\" height=\"41\" \/><\/a><\/p>\n<p><a href=\"http:\/\/www.ina.fr\/\" target=\"_blank\"><strong>INA<\/strong><\/a> (Institut National de l\u2019Audiovisuel): Reconocido internacionalmente por su adelantada tecnolog\u00eda en digitalizaci\u00f3n, preservaci\u00f3n y documentaci\u00f3n de im\u00e1genes y sonidos, la INA nos permitir\u00e1 preservar e indexar, en las mejores condiciones, todos los datos filmados para las generaciones futuras.<\/p>\n","protected":false},"excerpt":{"rendered":"<p>INA (Institut National de l\u2019Audiovisuel): Reconocido internacionalmente por su adelantada tecnolog\u00eda en digitalizaci\u00f3n, preservaci\u00f3n y documentaci\u00f3n de im\u00e1genes y sonidos, la INA nos permitir\u00e1 preservar e indexar, en las mejores condiciones, todos los datos filmados para las generaciones futuras.<\/p>\n","protected":false},"author":1,"featured_media":0,"parent":0,"menu_order":0,"comment_status":"closed","ping_status":"open","template":"","meta":{"footnotes":""},"class_list":["post-386","page","type-page","status-publish","hentry"],"yoast_head":"<!-- This site is optimized with the Yoast SEO plugin v27.0 - https:\/\/yoast.com\/product\/yoast-seo-wordpress\/ -->\n<title>Nuestros socios t\u00e9cnicos - Sorosoro<\/title>\n<meta name=\"robots\" content=\"index, follow, max-snippet:-1, max-image-preview:large, max-video-preview:-1\" \/>\n<link rel=\"canonical\" href=\"https:\/\/www.sorosoro.org\/es\/nuestros-socios-tecnicos\/\" \/>\n<meta property=\"og:locale\" content=\"es_ES\" \/>\n<meta property=\"og:type\" content=\"article\" \/>\n<meta property=\"og:title\" content=\"Nuestros socios t\u00e9cnicos - Sorosoro\" \/>\n<meta property=\"og:description\" content=\"INA (Institut National de l\u2019Audiovisuel): Reconocido internacionalmente por su adelantada tecnolog\u00eda en digitalizaci\u00f3n, preservaci\u00f3n y documentaci\u00f3n de im\u00e1genes y sonidos, la INA nos permitir\u00e1 preservar e indexar, en las mejores condiciones, todos los datos filmados para las generaciones futuras.\" \/>\n<meta property=\"og:url\" content=\"https:\/\/www.sorosoro.org\/es\/nuestros-socios-tecnicos\/\" \/>\n<meta property=\"og:site_name\" content=\"Sorosoro\" \/>\n<meta property=\"article:modified_time\" content=\"2015-04-17T10:32:54+00:00\" \/>\n<meta property=\"og:image\" content=\"http:\/\/www.sorosoro.org\/wp-content\/uploads\/p_logo_ina3.jpg\" \/>\n<meta name=\"twitter:card\" content=\"summary_large_image\" \/>\n<script type=\"application\/ld+json\" class=\"yoast-schema-graph\">{\"@context\":\"https:\/\/schema.org\",\"@graph\":[{\"@type\":\"WebPage\",\"@id\":\"https:\/\/www.sorosoro.org\/es\/nuestros-socios-tecnicos\/\",\"url\":\"https:\/\/www.sorosoro.org\/es\/nuestros-socios-tecnicos\/\",\"name\":\"Nuestros socios t\u00e9cnicos - Sorosoro\",\"isPartOf\":{\"@id\":\"https:\/\/www.sorosoro.org\/es\/#website\"},\"primaryImageOfPage\":{\"@id\":\"https:\/\/www.sorosoro.org\/es\/nuestros-socios-tecnicos\/#primaryimage\"},\"image\":{\"@id\":\"https:\/\/www.sorosoro.org\/es\/nuestros-socios-tecnicos\/#primaryimage\"},\"thumbnailUrl\":\"http:\/\/www.sorosoro.org\/wp-content\/uploads\/p_logo_ina3.jpg\",\"datePublished\":\"2009-07-27T08:09:09+00:00\",\"dateModified\":\"2015-04-17T10:32:54+00:00\",\"breadcrumb\":{\"@id\":\"https:\/\/www.sorosoro.org\/es\/nuestros-socios-tecnicos\/#breadcrumb\"},\"inLanguage\":\"es\",\"potentialAction\":[{\"@type\":\"ReadAction\",\"target\":[\"https:\/\/www.sorosoro.org\/es\/nuestros-socios-tecnicos\/\"]}]},{\"@type\":\"ImageObject\",\"inLanguage\":\"es\",\"@id\":\"https:\/\/www.sorosoro.org\/es\/nuestros-socios-tecnicos\/#primaryimage\",\"url\":\"http:\/\/www.sorosoro.org\/wp-content\/uploads\/p_logo_ina3.jpg\",\"contentUrl\":\"http:\/\/www.sorosoro.org\/wp-content\/uploads\/p_logo_ina3.jpg\"},{\"@type\":\"BreadcrumbList\",\"@id\":\"https:\/\/www.sorosoro.org\/es\/nuestros-socios-tecnicos\/#breadcrumb\",\"itemListElement\":[{\"@type\":\"ListItem\",\"position\":1,\"name\":\"Accueil\",\"item\":\"https:\/\/www.sorosoro.org\/es\/\"},{\"@type\":\"ListItem\",\"position\":2,\"name\":\"Nuestros socios t\u00e9cnicos\"}]},{\"@type\":\"WebSite\",\"@id\":\"https:\/\/www.sorosoro.org\/es\/#website\",\"url\":\"https:\/\/www.sorosoro.org\/es\/\",\"name\":\"Sorosoro\",\"description\":\"Pour que vivent les langues du monde !\",\"potentialAction\":[{\"@type\":\"SearchAction\",\"target\":{\"@type\":\"EntryPoint\",\"urlTemplate\":\"https:\/\/www.sorosoro.org\/es\/?s={search_term_string}\"},\"query-input\":{\"@type\":\"PropertyValueSpecification\",\"valueRequired\":true,\"valueName\":\"search_term_string\"}}],\"inLanguage\":\"es\"}]}<\/script>\n<!-- \/ Yoast SEO plugin. -->","yoast_head_json":{"title":"Nuestros socios t\u00e9cnicos - Sorosoro","robots":{"index":"index","follow":"follow","max-snippet":"max-snippet:-1","max-image-preview":"max-image-preview:large","max-video-preview":"max-video-preview:-1"},"canonical":"https:\/\/www.sorosoro.org\/es\/nuestros-socios-tecnicos\/","og_locale":"es_ES","og_type":"article","og_title":"Nuestros socios t\u00e9cnicos - Sorosoro","og_description":"INA (Institut National de l\u2019Audiovisuel): Reconocido internacionalmente por su adelantada tecnolog\u00eda en digitalizaci\u00f3n, preservaci\u00f3n y documentaci\u00f3n de im\u00e1genes y sonidos, la INA nos permitir\u00e1 preservar e indexar, en las mejores condiciones, todos los datos filmados para las generaciones futuras.","og_url":"https:\/\/www.sorosoro.org\/es\/nuestros-socios-tecnicos\/","og_site_name":"Sorosoro","article_modified_time":"2015-04-17T10:32:54+00:00","og_image":[{"url":"http:\/\/www.sorosoro.org\/wp-content\/uploads\/p_logo_ina3.jpg","type":"","width":"","height":""}],"twitter_card":"summary_large_image","schema":{"@context":"https:\/\/schema.org","@graph":[{"@type":"WebPage","@id":"https:\/\/www.sorosoro.org\/es\/nuestros-socios-tecnicos\/","url":"https:\/\/www.sorosoro.org\/es\/nuestros-socios-tecnicos\/","name":"Nuestros socios t\u00e9cnicos - Sorosoro","isPartOf":{"@id":"https:\/\/www.sorosoro.org\/es\/#website"},"primaryImageOfPage":{"@id":"https:\/\/www.sorosoro.org\/es\/nuestros-socios-tecnicos\/#primaryimage"},"image":{"@id":"https:\/\/www.sorosoro.org\/es\/nuestros-socios-tecnicos\/#primaryimage"},"thumbnailUrl":"http:\/\/www.sorosoro.org\/wp-content\/uploads\/p_logo_ina3.jpg","datePublished":"2009-07-27T08:09:09+00:00","dateModified":"2015-04-17T10:32:54+00:00","breadcrumb":{"@id":"https:\/\/www.sorosoro.org\/es\/nuestros-socios-tecnicos\/#breadcrumb"},"inLanguage":"es","potentialAction":[{"@type":"ReadAction","target":["https:\/\/www.sorosoro.org\/es\/nuestros-socios-tecnicos\/"]}]},{"@type":"ImageObject","inLanguage":"es","@id":"https:\/\/www.sorosoro.org\/es\/nuestros-socios-tecnicos\/#primaryimage","url":"http:\/\/www.sorosoro.org\/wp-content\/uploads\/p_logo_ina3.jpg","contentUrl":"http:\/\/www.sorosoro.org\/wp-content\/uploads\/p_logo_ina3.jpg"},{"@type":"BreadcrumbList","@id":"https:\/\/www.sorosoro.org\/es\/nuestros-socios-tecnicos\/#breadcrumb","itemListElement":[{"@type":"ListItem","position":1,"name":"Accueil","item":"https:\/\/www.sorosoro.org\/es\/"},{"@type":"ListItem","position":2,"name":"Nuestros socios t\u00e9cnicos"}]},{"@type":"WebSite","@id":"https:\/\/www.sorosoro.org\/es\/#website","url":"https:\/\/www.sorosoro.org\/es\/","name":"Sorosoro","description":"Pour que vivent les langues du monde !","potentialAction":[{"@type":"SearchAction","target":{"@type":"EntryPoint","urlTemplate":"https:\/\/www.sorosoro.org\/es\/?s={search_term_string}"},"query-input":{"@type":"PropertyValueSpecification","valueRequired":true,"valueName":"search_term_string"}}],"inLanguage":"es"}]}},"_links":{"self":[{"href":"https:\/\/www.sorosoro.org\/es\/wp-json\/wp\/v2\/pages\/386","targetHints":{"allow":["GET"]}}],"collection":[{"href":"https:\/\/www.sorosoro.org\/es\/wp-json\/wp\/v2\/pages"}],"about":[{"href":"https:\/\/www.sorosoro.org\/es\/wp-json\/wp\/v2\/types\/page"}],"author":[{"embeddable":true,"href":"https:\/\/www.sorosoro.org\/es\/wp-json\/wp\/v2\/users\/1"}],"replies":[{"embeddable":true,"href":"https:\/\/www.sorosoro.org\/es\/wp-json\/wp\/v2\/comments?post=386"}],"version-history":[{"count":0,"href":"https:\/\/www.sorosoro.org\/es\/wp-json\/wp\/v2\/pages\/386\/revisions"}],"wp:attachment":[{"href":"https:\/\/www.sorosoro.org\/es\/wp-json\/wp\/v2\/media?parent=386"}],"curies":[{"name":"wp","href":"https:\/\/api.w.org\/{rel}","templated":true}]}}