{"id":383,"date":"2009-07-27T10:07:24","date_gmt":"2009-07-27T08:07:24","guid":{"rendered":"http:\/\/www.sorosoro.org\/?page_id=383"},"modified":"2015-11-02T00:30:26","modified_gmt":"2015-11-01T23:30:26","slug":"nuestros-socios-cientificos","status":"publish","type":"page","link":"https:\/\/www.sorosoro.org\/es\/nuestros-socios-cientificos\/","title":{"rendered":"Nuestros socios cient\u00edficos"},"content":{"rendered":"<p>Nuestros sinceros agradecimientos para todos los investigadores, ling\u00fcistas y antrop\u00f3logos que nos han ayudado de forma desinteresada a realizar el programa Sorosoro, as\u00ed como su p\u00e1gina web. Sin ellos, nada de todo esto hubiera sido posible.<\/p>\n<p>Los centros de investigaci\u00f3n, laboratorios y universidades con las que hemos trabajado principalmente, son las siguientes:<br \/>\n&nbsp;<\/p>\n<h5>Francia<\/h5>\n<p><a href=\"http:\/\/www.ddl.ish-lyon.cnrs.fr\/index.asp?Action=Edit&amp;Langue=FR\" target=\"_blank\"><img loading=\"lazy\" decoding=\"async\" class=\"alignnone size-full wp-image-2736\" title=\"logo_DDL SANS FOND\" src=\"http:\/\/www.sorosoro.org\/wp-content\/uploads\/logo_DDL-SANS-FOND1.jpg\" alt=\"logo_DDL SANS FOND\" width=\"81\" height=\"49\" srcset=\"https:\/\/www.sorosoro.org\/wp-content\/uploads\/logo_DDL-SANS-FOND1.jpg 310w, https:\/\/www.sorosoro.org\/wp-content\/uploads\/logo_DDL-SANS-FOND1-300x180.jpg 300w\" sizes=\"auto, (max-width: 81px) 100vw, 81px\" \/><\/a><\/p>\n<p><strong><a href=\"http:\/\/www.ddl.ish-lyon.cnrs.fr\/index.asp?Action=Edit&amp;Langue=FR\" target=\"_blank\"><span style=\"text-decoration: underline;\">DDL<\/span><\/a><\/strong> : laboratoire Dynamique du Langage (CNRS) (laboratorio Din\u00e1mico del Lenguaje), Universit\u00e9 Louis Lumi\u00e8re, Lyon 2<\/p>\n<p><a href=\"http:\/\/celia.cnrs.fr\/\" target=\"_blank\"><img loading=\"lazy\" decoding=\"async\" class=\"alignnone size-full wp-image-2739\" title=\"jm_acc_celia\" src=\"http:\/\/www.sorosoro.org\/wp-content\/uploads\/jm_acc_celia2.jpg\" alt=\"jm_acc_celia\" width=\"88\" height=\"22\" \/><\/a><\/p>\n<p><strong><a href=\"http:\/\/celia.cnrs.fr\/\" target=\"_blank\"><span style=\"text-decoration: underline;\">CELIA<\/span><\/a><\/strong> : Centre d&#8217;\u00c9tudes des Langues Indig\u00e8nes d&#8217;Am\u00e9rique (Centro de Estudios de las Lenguas indigenas)<\/p>\n<p><a href=\"http:\/\/lacito.vjf.cnrs.fr\"><img loading=\"lazy\" decoding=\"async\" class=\"alignnone size-full wp-image-2741\" title=\"Logo_Lacito\" src=\"http:\/\/www.sorosoro.org\/wp-content\/uploads\/Logo_Lacito1.jpg\" alt=\"Logo_Lacito\" width=\"85\" height=\"43\" \/><\/a><\/p>\n<p><strong><a href=\"http:\/\/lacito.vjf.cnrs.fr\" target=\"_blank\"><span style=\"text-decoration: underline;\">LACITO<\/span> <\/a><\/strong>: Langues et Civilisations \u00e0 Tradition Orale (Lenguas y Civilizaciones Orales)<\/p>\n<p><a href=\"http:\/\/llacan.vjf.cnrs.fr\"><img loading=\"lazy\" decoding=\"async\" class=\"alignnone size-full wp-image-2744\" title=\"LLACAN\" src=\"http:\/\/www.sorosoro.org\/wp-content\/uploads\/LLACAN1.png\" alt=\"LLACAN\" width=\"114\" height=\"35\" \/><\/a><\/p>\n<p><strong><a href=\"http:\/\/llacan.vjf.cnrs.fr\" target=\"_blank\"><span style=\"text-decoration: underline;\">LLACAN<\/span><\/a><\/strong><span style=\"text-decoration: underline;\"> <\/span>: Langage, langues et cultures d&#8217;Afrique noire (Lenguaje, Lenguas y culturas de \u00c1frica negra)<\/p>\n<p>&nbsp;<\/p>\n<h5>Nueva Caledonia<\/h5>\n<p><strong><img loading=\"lazy\" decoding=\"async\" title=\"logo ALK\" src=\"\/wp-content\/uploads\/logo-ALK1.jpg\" alt=\"logo ALK\" width=\"77\" height=\"41\" \/><\/strong><\/p>\n<p><a href=\"http:\/\/www.alk.gouv.nc\/portal\/page\/portal\/alk\/\" target=\"_blank\"><strong>ALK<\/strong><\/a> : Acad\u00e9mie des Langues Kanak (Academ\u00eda de las lenguas kanak)<\/p>\n<p>&nbsp;<\/p>\n<h5>Gab\u00f3n<\/h5>\n<p><img loading=\"lazy\" decoding=\"async\" class=\"alignnone size-full wp-image-3120\" title=\"UOB\" src=\"http:\/\/www.sorosoro.org\/wp-content\/uploads\/UOB2.jpg\" alt=\"UOB\" width=\"56\" height=\"56\" \/><\/p>\n<p><strong><a href=\"http:\/\/www.uob.ga\/\" target=\"_blank\"><span style=\"text-decoration: underline;\">UOB<\/span><\/a><\/strong><span style=\"text-decoration: underline;\"> <\/span>: Universit\u00e9 Omar Bongo (Universidad Omar Bongo)<\/p>\n<p><img loading=\"lazy\" decoding=\"async\" class=\"alignnone size-full wp-image-3124\" title=\"CENAREST\" src=\"http:\/\/www.sorosoro.org\/wp-content\/uploads\/CENAREST1.jpg\" alt=\"CENAREST\" width=\"53\" height=\"50\" \/><\/p>\n<p><strong><a href=\"http:\/\/www.cenarestgabon.org\/\" target=\"_blank\"><span style=\"text-decoration: underline;\">CENAREST<\/span><\/a><\/strong> : Centre National de la Recherche Scientifique et Technologique (Centro Nacional de la Investigaci\u00f3n Cient\u00edfica y Tecnol\u00f3gica)<br \/>\n&nbsp;<\/p>\n<h5>Gran-Breta\u00f1a :<\/h5>\n<p><a href=\"http:\/\/www.hrelp.org\"><img loading=\"lazy\" decoding=\"async\" class=\"alignnone size-full wp-image-2752\" title=\"bannerbw2_01\" src=\"http:\/\/www.sorosoro.org\/wp-content\/uploads\/bannerbw2_011.jpg\" alt=\"bannerbw2_01\" width=\"200\" height=\"31\" srcset=\"https:\/\/www.sorosoro.org\/wp-content\/uploads\/bannerbw2_011.jpg 417w, https:\/\/www.sorosoro.org\/wp-content\/uploads\/bannerbw2_011-300x46.jpg 300w\" sizes=\"auto, (max-width: 200px) 100vw, 200px\" \/><\/a><\/p>\n<p><strong><a href=\"http:\/\/www.hrelp.org\"><span style=\"text-decoration: underline;\">HRELAP<\/span><\/a><\/strong> (Hans Rausing Endangered Languages Academic Programme)<\/p>\n<p><a href=\"http:\/\/www.soas.ac.uk\/ \" target=\"_blank\"><img loading=\"lazy\" decoding=\"async\" class=\"alignnone size-full wp-image-2754\" title=\"soas_logo\" src=\"http:\/\/www.sorosoro.org\/wp-content\/uploads\/soas_logo1.jpg\" alt=\"soas_logo\" width=\"65\" height=\"81\" \/><\/a><\/p>\n<p><strong><a href=\"http:\/\/www.soas.ac.uk\/ \" target=\"_blank\"><span style=\"text-decoration: underline;\">SOAS<\/span><\/a><\/strong> (School of Oriental and African studies), Londres<br \/>\n&nbsp;<\/p>\n<h5>Guatemala :<\/h5>\n<p><img loading=\"lazy\" decoding=\"async\" style=\"vertical-align: middle; border: 0px initial initial;\" title=\"okma\" src=\"http:\/\/www.sorosoro.org\/wp-content\/uploads\/okma.jpg\" alt=\"okma\" width=\"64\" height=\"60\" \/><\/p>\n<p><strong><a href=\"http:\/\/www.okma.org\" target=\"_blank\"><span style=\"text-decoration: underline;\">OKMA<\/span><\/a><\/strong> : La Asociaci\u00f3n Oxlajuuj Keej Maya&#8217; Ajtz&#8217;iib&#8217;<\/p>\n","protected":false},"excerpt":{"rendered":"<p>Nuestros sinceros agradecimientos para todos los investigadores, ling\u00fcistas y antrop\u00f3logos que nos han ayudado de forma desinteresada a realizar el programa Sorosoro, as\u00ed como su p\u00e1gina web. Sin ellos, nada de todo esto hubiera sido posible. Los centros de investigaci\u00f3n, laboratorios y universidades con las que hemos trabajado principalmente, son las siguientes: &nbsp; Francia DDL [&hellip;]<\/p>\n","protected":false},"author":1,"featured_media":0,"parent":0,"menu_order":0,"comment_status":"closed","ping_status":"open","template":"","meta":{"footnotes":""},"class_list":["post-383","page","type-page","status-publish","hentry"],"yoast_head":"<!-- This site is optimized with the Yoast SEO plugin v27.0 - https:\/\/yoast.com\/product\/yoast-seo-wordpress\/ -->\n<title>Nuestros socios cient\u00edficos - Sorosoro<\/title>\n<meta name=\"robots\" content=\"index, follow, max-snippet:-1, max-image-preview:large, max-video-preview:-1\" \/>\n<link rel=\"canonical\" href=\"https:\/\/www.sorosoro.org\/es\/nuestros-socios-cientificos\/\" \/>\n<meta property=\"og:locale\" content=\"es_ES\" \/>\n<meta property=\"og:type\" content=\"article\" \/>\n<meta property=\"og:title\" content=\"Nuestros socios cient\u00edficos - Sorosoro\" \/>\n<meta property=\"og:description\" content=\"Nuestros sinceros agradecimientos para todos los investigadores, ling\u00fcistas y antrop\u00f3logos que nos han ayudado de forma desinteresada a realizar el programa Sorosoro, as\u00ed como su p\u00e1gina web. Sin ellos, nada de todo esto hubiera sido posible. Los centros de investigaci\u00f3n, laboratorios y universidades con las que hemos trabajado principalmente, son las siguientes: &nbsp; Francia DDL [&hellip;]\" \/>\n<meta property=\"og:url\" content=\"https:\/\/www.sorosoro.org\/es\/nuestros-socios-cientificos\/\" \/>\n<meta property=\"og:site_name\" content=\"Sorosoro\" \/>\n<meta property=\"article:modified_time\" content=\"2015-11-01T23:30:26+00:00\" \/>\n<meta property=\"og:image\" content=\"http:\/\/www.sorosoro.org\/wp-content\/uploads\/logo_DDL-SANS-FOND1.jpg\" \/>\n<meta name=\"twitter:card\" content=\"summary_large_image\" \/>\n<meta name=\"twitter:label1\" content=\"Tiempo de lectura\" \/>\n\t<meta name=\"twitter:data1\" content=\"1 minuto\" \/>\n<script type=\"application\/ld+json\" class=\"yoast-schema-graph\">{\"@context\":\"https:\/\/schema.org\",\"@graph\":[{\"@type\":\"WebPage\",\"@id\":\"https:\/\/www.sorosoro.org\/es\/nuestros-socios-cientificos\/\",\"url\":\"https:\/\/www.sorosoro.org\/es\/nuestros-socios-cientificos\/\",\"name\":\"Nuestros socios cient\u00edficos - Sorosoro\",\"isPartOf\":{\"@id\":\"https:\/\/www.sorosoro.org\/es\/#website\"},\"primaryImageOfPage\":{\"@id\":\"https:\/\/www.sorosoro.org\/es\/nuestros-socios-cientificos\/#primaryimage\"},\"image\":{\"@id\":\"https:\/\/www.sorosoro.org\/es\/nuestros-socios-cientificos\/#primaryimage\"},\"thumbnailUrl\":\"http:\/\/www.sorosoro.org\/wp-content\/uploads\/logo_DDL-SANS-FOND1.jpg\",\"datePublished\":\"2009-07-27T08:07:24+00:00\",\"dateModified\":\"2015-11-01T23:30:26+00:00\",\"breadcrumb\":{\"@id\":\"https:\/\/www.sorosoro.org\/es\/nuestros-socios-cientificos\/#breadcrumb\"},\"inLanguage\":\"es\",\"potentialAction\":[{\"@type\":\"ReadAction\",\"target\":[\"https:\/\/www.sorosoro.org\/es\/nuestros-socios-cientificos\/\"]}]},{\"@type\":\"ImageObject\",\"inLanguage\":\"es\",\"@id\":\"https:\/\/www.sorosoro.org\/es\/nuestros-socios-cientificos\/#primaryimage\",\"url\":\"http:\/\/www.sorosoro.org\/wp-content\/uploads\/logo_DDL-SANS-FOND1.jpg\",\"contentUrl\":\"http:\/\/www.sorosoro.org\/wp-content\/uploads\/logo_DDL-SANS-FOND1.jpg\"},{\"@type\":\"BreadcrumbList\",\"@id\":\"https:\/\/www.sorosoro.org\/es\/nuestros-socios-cientificos\/#breadcrumb\",\"itemListElement\":[{\"@type\":\"ListItem\",\"position\":1,\"name\":\"Accueil\",\"item\":\"https:\/\/www.sorosoro.org\/es\/\"},{\"@type\":\"ListItem\",\"position\":2,\"name\":\"Nuestros socios cient\u00edficos\"}]},{\"@type\":\"WebSite\",\"@id\":\"https:\/\/www.sorosoro.org\/es\/#website\",\"url\":\"https:\/\/www.sorosoro.org\/es\/\",\"name\":\"Sorosoro\",\"description\":\"Pour que vivent les langues du monde !\",\"potentialAction\":[{\"@type\":\"SearchAction\",\"target\":{\"@type\":\"EntryPoint\",\"urlTemplate\":\"https:\/\/www.sorosoro.org\/es\/?s={search_term_string}\"},\"query-input\":{\"@type\":\"PropertyValueSpecification\",\"valueRequired\":true,\"valueName\":\"search_term_string\"}}],\"inLanguage\":\"es\"}]}<\/script>\n<!-- \/ Yoast SEO plugin. -->","yoast_head_json":{"title":"Nuestros socios cient\u00edficos - Sorosoro","robots":{"index":"index","follow":"follow","max-snippet":"max-snippet:-1","max-image-preview":"max-image-preview:large","max-video-preview":"max-video-preview:-1"},"canonical":"https:\/\/www.sorosoro.org\/es\/nuestros-socios-cientificos\/","og_locale":"es_ES","og_type":"article","og_title":"Nuestros socios cient\u00edficos - Sorosoro","og_description":"Nuestros sinceros agradecimientos para todos los investigadores, ling\u00fcistas y antrop\u00f3logos que nos han ayudado de forma desinteresada a realizar el programa Sorosoro, as\u00ed como su p\u00e1gina web. Sin ellos, nada de todo esto hubiera sido posible. Los centros de investigaci\u00f3n, laboratorios y universidades con las que hemos trabajado principalmente, son las siguientes: &nbsp; Francia DDL [&hellip;]","og_url":"https:\/\/www.sorosoro.org\/es\/nuestros-socios-cientificos\/","og_site_name":"Sorosoro","article_modified_time":"2015-11-01T23:30:26+00:00","og_image":[{"url":"http:\/\/www.sorosoro.org\/wp-content\/uploads\/logo_DDL-SANS-FOND1.jpg","type":"","width":"","height":""}],"twitter_card":"summary_large_image","twitter_misc":{"Tiempo de lectura":"1 minuto"},"schema":{"@context":"https:\/\/schema.org","@graph":[{"@type":"WebPage","@id":"https:\/\/www.sorosoro.org\/es\/nuestros-socios-cientificos\/","url":"https:\/\/www.sorosoro.org\/es\/nuestros-socios-cientificos\/","name":"Nuestros socios cient\u00edficos - Sorosoro","isPartOf":{"@id":"https:\/\/www.sorosoro.org\/es\/#website"},"primaryImageOfPage":{"@id":"https:\/\/www.sorosoro.org\/es\/nuestros-socios-cientificos\/#primaryimage"},"image":{"@id":"https:\/\/www.sorosoro.org\/es\/nuestros-socios-cientificos\/#primaryimage"},"thumbnailUrl":"http:\/\/www.sorosoro.org\/wp-content\/uploads\/logo_DDL-SANS-FOND1.jpg","datePublished":"2009-07-27T08:07:24+00:00","dateModified":"2015-11-01T23:30:26+00:00","breadcrumb":{"@id":"https:\/\/www.sorosoro.org\/es\/nuestros-socios-cientificos\/#breadcrumb"},"inLanguage":"es","potentialAction":[{"@type":"ReadAction","target":["https:\/\/www.sorosoro.org\/es\/nuestros-socios-cientificos\/"]}]},{"@type":"ImageObject","inLanguage":"es","@id":"https:\/\/www.sorosoro.org\/es\/nuestros-socios-cientificos\/#primaryimage","url":"http:\/\/www.sorosoro.org\/wp-content\/uploads\/logo_DDL-SANS-FOND1.jpg","contentUrl":"http:\/\/www.sorosoro.org\/wp-content\/uploads\/logo_DDL-SANS-FOND1.jpg"},{"@type":"BreadcrumbList","@id":"https:\/\/www.sorosoro.org\/es\/nuestros-socios-cientificos\/#breadcrumb","itemListElement":[{"@type":"ListItem","position":1,"name":"Accueil","item":"https:\/\/www.sorosoro.org\/es\/"},{"@type":"ListItem","position":2,"name":"Nuestros socios cient\u00edficos"}]},{"@type":"WebSite","@id":"https:\/\/www.sorosoro.org\/es\/#website","url":"https:\/\/www.sorosoro.org\/es\/","name":"Sorosoro","description":"Pour que vivent les langues du monde !","potentialAction":[{"@type":"SearchAction","target":{"@type":"EntryPoint","urlTemplate":"https:\/\/www.sorosoro.org\/es\/?s={search_term_string}"},"query-input":{"@type":"PropertyValueSpecification","valueRequired":true,"valueName":"search_term_string"}}],"inLanguage":"es"}]}},"_links":{"self":[{"href":"https:\/\/www.sorosoro.org\/es\/wp-json\/wp\/v2\/pages\/383","targetHints":{"allow":["GET"]}}],"collection":[{"href":"https:\/\/www.sorosoro.org\/es\/wp-json\/wp\/v2\/pages"}],"about":[{"href":"https:\/\/www.sorosoro.org\/es\/wp-json\/wp\/v2\/types\/page"}],"author":[{"embeddable":true,"href":"https:\/\/www.sorosoro.org\/es\/wp-json\/wp\/v2\/users\/1"}],"replies":[{"embeddable":true,"href":"https:\/\/www.sorosoro.org\/es\/wp-json\/wp\/v2\/comments?post=383"}],"version-history":[{"count":0,"href":"https:\/\/www.sorosoro.org\/es\/wp-json\/wp\/v2\/pages\/383\/revisions"}],"wp:attachment":[{"href":"https:\/\/www.sorosoro.org\/es\/wp-json\/wp\/v2\/media?parent=383"}],"curies":[{"name":"wp","href":"https:\/\/api.w.org\/{rel}","templated":true}]}}