{"id":379,"date":"2009-07-27T10:05:15","date_gmt":"2009-07-27T08:05:15","guid":{"rendered":"http:\/\/www.sorosoro.org\/?page_id=379"},"modified":"2015-09-24T23:28:05","modified_gmt":"2015-09-24T21:28:05","slug":"las-lenguas-y-la-paz","status":"publish","type":"page","link":"https:\/\/www.sorosoro.org\/es\/las-lenguas-y-la-paz\/","title":{"rendered":"Las lenguas y la paz"},"content":{"rendered":"<p>&nbsp;<\/p>\n<table border=\"0\" width=\"750\" cellspacing=\"0\" cellpadding=\"0\" bgcolor=\"#d8d8d8\">\n<tbody>\n<tr>\n<td>\n<p style=\"text-align: left;\"><strong><em>La idea que sugiere que la existencia de una s\u00f3la lengua traer\u00eda la paz, sea cual sea es un mito absoluto.<\/em><\/strong><\/p>\n<\/td>\n<\/tr>\n<tr>\n<td style=\"text-align: right; padding-bottom:10px\"><strong>David Crystal, ling\u00fcista brit\u00e1nico<\/strong><\/td>\n<\/tr>\n<\/tbody>\n<\/table>\n<p>&nbsp;<\/p>\n<p style=\"text-align: left;\">En un contexto de globalizaci\u00f3n frecuentemente mal aceptado, nuevos conflictos explotan peri\u00f3dicamente. Esas guerras lejanas son muchas veces presentadas como el resultado de conflictos \u00e9tnicos, y algunos no dudan en sacar conclusiones prematuras sobre la pertinencia de la uniformizaci\u00f3n de las culturas y de la imposici\u00f3n de una lengua \u00fanica para evitar tales enfrentamientos.<\/p>\n<p>Sin embargo, la realidad de los hechos tiende a demostrar lo contrario, y el ling\u00fcista  David Crystal habla as\u00ed de \u201c(\u2026) <em>la ingenuidad de la idea seg\u00fan la cual el uso de una \u00fanica lengua es una garant\u00eda de comprensi\u00f3n rec\u00edproca y de paz, un mundo de nuevas alianzas y de solidaridad global. Los ejemplos que muestran lo contrario son tan numerosos que ser\u00eda imposible citarlos todos. Basta con constatar que los m\u00e1s grandes pa\u00edses monoling\u00fces del mundo tuvieron sus guerras civiles y que cuando nos fijamos en las zonas de guerras en el mundo durante los \u00faltimos decenios del siglo XX, es impresionante ver que muchos de ellos son pa\u00edses esencialmente monoling\u00fces, (\u2026) Rwanda y Burundi (\u2026) se destac\u00e1n en \u00c1frica precisamente por su ausencia de multilinguismo\u201d.<\/em><\/p>\n<p style=\"text-align: left;\"><img loading=\"lazy\" decoding=\"async\" class=\"  wp-image-8597 alignleft\" title=\"Cambodge\u00a9Rozenn_Milin\" src=\"http:\/\/www.sorosoro.org\/wp-content\/uploads\/Cambodge\u00a9Rozenn-Milin2.jpg\" alt=\"Cambodge par Rozenn Milin\" width=\"448\" height=\"252\" srcset=\"https:\/\/www.sorosoro.org\/wp-content\/uploads\/Cambodge\u00a9Rozenn-Milin2.jpg 640w, https:\/\/www.sorosoro.org\/wp-content\/uploads\/Cambodge\u00a9Rozenn-Milin2-300x168.jpg 300w\" sizes=\"auto, (max-width: 448px) 100vw, 448px\" \/><\/p>\n<p style=\"text-align: left;\">A decir verdad, uno de los conflictos m\u00e1s sangrientos del siglo XX ocurri\u00f3 en Rwanda : los Tutsis y los Hutus hablaban la misma lengua y eso no les imped\u00eda matarse unos a otros. Por el contrario, Vanuatu cuenta con la mayor diversidad ling\u00fc\u00edstica del mundo, una centena de lenguas por 250 000 habitantes y nunca escuchamos hablar de guerra en este pa\u00eds\u2026<\/p>\n<p><p style=\"text-align: left;\">Parece entonces m\u00e1s realista considerar que, en todo el mundo, reconocer las diferenciasel otro permite evitar conflictos, aunque la falta de respeto de la cultura del otro y el intento de imposici\u00f3n de culturas dominantes atiza el resentimiento, a veces el odio y puede terminar engendrando la violencia, el conflicto y la guerra.<\/p>\n","protected":false},"excerpt":{"rendered":"<p>&nbsp; La idea que sugiere que la existencia de una s\u00f3la lengua traer\u00eda la paz, sea cual sea es un mito absoluto. David Crystal, ling\u00fcista brit\u00e1nico &nbsp; En un contexto de globalizaci\u00f3n frecuentemente mal aceptado, nuevos conflictos explotan peri\u00f3dicamente. Esas guerras lejanas son muchas veces presentadas como el resultado de conflictos \u00e9tnicos, y algunos no [&hellip;]<\/p>\n","protected":false},"author":1,"featured_media":0,"parent":0,"menu_order":6,"comment_status":"closed","ping_status":"closed","template":"","meta":{"footnotes":""},"class_list":["post-379","page","type-page","status-publish","hentry"],"yoast_head":"<!-- This site is optimized with the Yoast SEO plugin v27.0 - https:\/\/yoast.com\/product\/yoast-seo-wordpress\/ -->\n<title>Las lenguas y la paz - Sorosoro<\/title>\n<meta name=\"robots\" content=\"index, follow, max-snippet:-1, max-image-preview:large, max-video-preview:-1\" \/>\n<link rel=\"canonical\" href=\"https:\/\/www.sorosoro.org\/es\/las-lenguas-y-la-paz\/\" \/>\n<meta property=\"og:locale\" content=\"es_ES\" \/>\n<meta property=\"og:type\" content=\"article\" \/>\n<meta property=\"og:title\" content=\"Las lenguas y la paz - Sorosoro\" \/>\n<meta property=\"og:description\" content=\"&nbsp; La idea que sugiere que la existencia de una s\u00f3la lengua traer\u00eda la paz, sea cual sea es un mito absoluto. David Crystal, ling\u00fcista brit\u00e1nico &nbsp; En un contexto de globalizaci\u00f3n frecuentemente mal aceptado, nuevos conflictos explotan peri\u00f3dicamente. Esas guerras lejanas son muchas veces presentadas como el resultado de conflictos \u00e9tnicos, y algunos no [&hellip;]\" \/>\n<meta property=\"og:url\" content=\"https:\/\/www.sorosoro.org\/es\/las-lenguas-y-la-paz\/\" \/>\n<meta property=\"og:site_name\" content=\"Sorosoro\" \/>\n<meta property=\"article:modified_time\" content=\"2015-09-24T21:28:05+00:00\" \/>\n<meta name=\"twitter:card\" content=\"summary_large_image\" \/>\n<meta name=\"twitter:label1\" content=\"Tiempo de lectura\" \/>\n\t<meta name=\"twitter:data1\" content=\"2 minutos\" \/>\n<script type=\"application\/ld+json\" class=\"yoast-schema-graph\">{\"@context\":\"https:\/\/schema.org\",\"@graph\":[{\"@type\":\"WebPage\",\"@id\":\"https:\/\/www.sorosoro.org\/es\/las-lenguas-y-la-paz\/\",\"url\":\"https:\/\/www.sorosoro.org\/es\/las-lenguas-y-la-paz\/\",\"name\":\"Las lenguas y la paz - Sorosoro\",\"isPartOf\":{\"@id\":\"https:\/\/www.sorosoro.org\/es\/#website\"},\"datePublished\":\"2009-07-27T08:05:15+00:00\",\"dateModified\":\"2015-09-24T21:28:05+00:00\",\"breadcrumb\":{\"@id\":\"https:\/\/www.sorosoro.org\/es\/las-lenguas-y-la-paz\/#breadcrumb\"},\"inLanguage\":\"es\",\"potentialAction\":[{\"@type\":\"ReadAction\",\"target\":[\"https:\/\/www.sorosoro.org\/es\/las-lenguas-y-la-paz\/\"]}]},{\"@type\":\"BreadcrumbList\",\"@id\":\"https:\/\/www.sorosoro.org\/es\/las-lenguas-y-la-paz\/#breadcrumb\",\"itemListElement\":[{\"@type\":\"ListItem\",\"position\":1,\"name\":\"Accueil\",\"item\":\"https:\/\/www.sorosoro.org\/es\/\"},{\"@type\":\"ListItem\",\"position\":2,\"name\":\"Las lenguas y la paz\"}]},{\"@type\":\"WebSite\",\"@id\":\"https:\/\/www.sorosoro.org\/es\/#website\",\"url\":\"https:\/\/www.sorosoro.org\/es\/\",\"name\":\"Sorosoro\",\"description\":\"Pour que vivent les langues du monde !\",\"potentialAction\":[{\"@type\":\"SearchAction\",\"target\":{\"@type\":\"EntryPoint\",\"urlTemplate\":\"https:\/\/www.sorosoro.org\/es\/?s={search_term_string}\"},\"query-input\":{\"@type\":\"PropertyValueSpecification\",\"valueRequired\":true,\"valueName\":\"search_term_string\"}}],\"inLanguage\":\"es\"}]}<\/script>\n<!-- \/ Yoast SEO plugin. -->","yoast_head_json":{"title":"Las lenguas y la paz - Sorosoro","robots":{"index":"index","follow":"follow","max-snippet":"max-snippet:-1","max-image-preview":"max-image-preview:large","max-video-preview":"max-video-preview:-1"},"canonical":"https:\/\/www.sorosoro.org\/es\/las-lenguas-y-la-paz\/","og_locale":"es_ES","og_type":"article","og_title":"Las lenguas y la paz - Sorosoro","og_description":"&nbsp; La idea que sugiere que la existencia de una s\u00f3la lengua traer\u00eda la paz, sea cual sea es un mito absoluto. David Crystal, ling\u00fcista brit\u00e1nico &nbsp; En un contexto de globalizaci\u00f3n frecuentemente mal aceptado, nuevos conflictos explotan peri\u00f3dicamente. Esas guerras lejanas son muchas veces presentadas como el resultado de conflictos \u00e9tnicos, y algunos no [&hellip;]","og_url":"https:\/\/www.sorosoro.org\/es\/las-lenguas-y-la-paz\/","og_site_name":"Sorosoro","article_modified_time":"2015-09-24T21:28:05+00:00","twitter_card":"summary_large_image","twitter_misc":{"Tiempo de lectura":"2 minutos"},"schema":{"@context":"https:\/\/schema.org","@graph":[{"@type":"WebPage","@id":"https:\/\/www.sorosoro.org\/es\/las-lenguas-y-la-paz\/","url":"https:\/\/www.sorosoro.org\/es\/las-lenguas-y-la-paz\/","name":"Las lenguas y la paz - Sorosoro","isPartOf":{"@id":"https:\/\/www.sorosoro.org\/es\/#website"},"datePublished":"2009-07-27T08:05:15+00:00","dateModified":"2015-09-24T21:28:05+00:00","breadcrumb":{"@id":"https:\/\/www.sorosoro.org\/es\/las-lenguas-y-la-paz\/#breadcrumb"},"inLanguage":"es","potentialAction":[{"@type":"ReadAction","target":["https:\/\/www.sorosoro.org\/es\/las-lenguas-y-la-paz\/"]}]},{"@type":"BreadcrumbList","@id":"https:\/\/www.sorosoro.org\/es\/las-lenguas-y-la-paz\/#breadcrumb","itemListElement":[{"@type":"ListItem","position":1,"name":"Accueil","item":"https:\/\/www.sorosoro.org\/es\/"},{"@type":"ListItem","position":2,"name":"Las lenguas y la paz"}]},{"@type":"WebSite","@id":"https:\/\/www.sorosoro.org\/es\/#website","url":"https:\/\/www.sorosoro.org\/es\/","name":"Sorosoro","description":"Pour que vivent les langues du monde !","potentialAction":[{"@type":"SearchAction","target":{"@type":"EntryPoint","urlTemplate":"https:\/\/www.sorosoro.org\/es\/?s={search_term_string}"},"query-input":{"@type":"PropertyValueSpecification","valueRequired":true,"valueName":"search_term_string"}}],"inLanguage":"es"}]}},"_links":{"self":[{"href":"https:\/\/www.sorosoro.org\/es\/wp-json\/wp\/v2\/pages\/379","targetHints":{"allow":["GET"]}}],"collection":[{"href":"https:\/\/www.sorosoro.org\/es\/wp-json\/wp\/v2\/pages"}],"about":[{"href":"https:\/\/www.sorosoro.org\/es\/wp-json\/wp\/v2\/types\/page"}],"author":[{"embeddable":true,"href":"https:\/\/www.sorosoro.org\/es\/wp-json\/wp\/v2\/users\/1"}],"replies":[{"embeddable":true,"href":"https:\/\/www.sorosoro.org\/es\/wp-json\/wp\/v2\/comments?post=379"}],"version-history":[{"count":0,"href":"https:\/\/www.sorosoro.org\/es\/wp-json\/wp\/v2\/pages\/379\/revisions"}],"wp:attachment":[{"href":"https:\/\/www.sorosoro.org\/es\/wp-json\/wp\/v2\/media?parent=379"}],"curies":[{"name":"wp","href":"https:\/\/api.w.org\/{rel}","templated":true}]}}