{"id":377,"date":"2009-07-27T10:04:30","date_gmt":"2009-07-27T08:04:30","guid":{"rendered":"http:\/\/www.sorosoro.org\/?page_id=377"},"modified":"2015-09-24T23:18:56","modified_gmt":"2015-09-24T21:18:56","slug":"las-lenguas-para-un-orgullo-recobrado","status":"publish","type":"page","link":"https:\/\/www.sorosoro.org\/es\/las-lenguas-para-un-orgullo-recobrado\/","title":{"rendered":"Las lenguas para un orgullo recobrado"},"content":{"rendered":"<p>&nbsp;<\/p>\n<table border=\"0\" width=\"750\" bgcolor=\"#d8d8d8\">\n<tbody>\n<tr>\n<td>\n<p style=\"text-align: left;\"><em><strong>La diversidad cultural es una gran riqueza para los individuos y las sociedades. La protecci\u00f3n, la promoci\u00f3n y el mantenimiento de la diversidad cultural son una condici\u00f3n esencial para un desarrollo sostenible a causa de las generaciones futuras.<\/strong><\/em><\/p>\n<\/td>\n<\/tr>\n<tr>\n<td>\n<p style=\"text-align: right;\"><strong>Convenci\u00f3n de la UNESCO, articulo 2<\/strong><\/p>\n<\/td>\n<\/tr>\n<\/tbody>\n<\/table>\n<p>&nbsp;<\/p>\n<p style=\"text-align: left;\"><a href=\"http:\/\/www.sorosoro.org\/les-langues-en-danger\/pourquoi-sauver-les-langues\/les-langues-pour-une-fierte-retrouvee\/3918191431_3ac29142dd_m-2\" rel=\"attachment wp-att-8504\"><img loading=\"lazy\" decoding=\"async\" class=\"size-full wp-image-8504 alignleft\" title=\"Chine\u00a9Thierry Schmitt \/ subsens.com\" src=\"http:\/\/www.sorosoro.org\/wp-content\/uploads\/112.jpg\" alt=\"Chine par Thierry Schmitt \/ subsens.com\" width=\"240\" height=\"142\" \/><\/a>A trav\u00e9s del mundo, de Brasil a Siberia, de Canad\u00e1 a las islas del Pacifico, de Australia a Groenlandia, los da\u00f1os provocados por la deculturaci\u00f3n de las poblaciones aut\u00f3ctonas son ahora bien conocidos: alcoholismo, toxicoman\u00eda, suicidio, violencias familiares, problemas psiqui\u00e1tricos, desintegraci\u00f3n del tejido social,\u2026 Todos estos males podr\u00edan resumirse en unas palabras: dificultades de adaptaci\u00f3n.<\/p>\n<p style=\"text-align: left;\"><strong>Pero \u00bfcomo podr\u00eda ser diferente?<\/strong> <img loading=\"lazy\" decoding=\"async\" class=\"size-full wp-image-9249 alignright\" title=\"Guatemala_Tektiteko\u00a9Jose_Reynes\" src=\"http:\/\/www.sorosoro.org\/wp-content\/uploads\/Guatemala_Tektiteko\u00a9Jose_Reynes.jpg\" alt=\"Guatemala_Tektiteko\u00a9Jose_Reynes\" width=\"194\" height=\"180\" srcset=\"https:\/\/www.sorosoro.org\/wp-content\/uploads\/Guatemala_Tektiteko\u00a9Jose_Reynes.jpg 640w, https:\/\/www.sorosoro.org\/wp-content\/uploads\/Guatemala_Tektiteko\u00a9Jose_Reynes-300x279.jpg 300w\" sizes=\"auto, (max-width: 194px) 100vw, 194px\" \/>En algunas d\u00e9cadas, a veces en algunos a\u00f1os, los pueblos tuvieron que enfrentar cambios radicales : perdieron sus tierras, sus valores, su cultura y muchas veces hasta su lengua.  Los equilibrios se rompieron y poblaciones enteras fueron privadas de referencias. Desvaloradas, rebajadas, marginalizadas, humilladas, las poblaciones se han zozobrado muchas veces en los defectos que generan la perdida de estima personal, la perdida de confianza en s\u00ed mismo y en el resto del mundo.<\/p>\n<p style=\"text-align: left;\">Un informe del Consejo Econ\u00f3mico y Social de las Naciones Unidas (febrero 2008) no duda en hablar de \u201c<strong>crimen contra la humanidad<\/strong>\u201d.<\/p>\n<p style=\"text-align: left;\">Permitir a esos pueblos recobrar su lengua y su cultura, proclamar que estas culturas y estas lenguas tienen validez propia es ayudarles a recobrar el orgullo perdido para salir del c\u00edrculo de la autodestrucci\u00f3n.<\/p>\n<p>&nbsp;<\/p>\n","protected":false},"excerpt":{"rendered":"<p>&nbsp; La diversidad cultural es una gran riqueza para los individuos y las sociedades. La protecci\u00f3n, la promoci\u00f3n y el mantenimiento de la diversidad cultural son una condici\u00f3n esencial para un desarrollo sostenible a causa de las generaciones futuras. Convenci\u00f3n de la UNESCO, articulo 2 &nbsp; A trav\u00e9s del mundo, de Brasil a Siberia, de [&hellip;]<\/p>\n","protected":false},"author":1,"featured_media":0,"parent":0,"menu_order":5,"comment_status":"closed","ping_status":"closed","template":"","meta":{"footnotes":""},"class_list":["post-377","page","type-page","status-publish","hentry"],"yoast_head":"<!-- This site is optimized with the Yoast SEO plugin v27.0 - https:\/\/yoast.com\/product\/yoast-seo-wordpress\/ -->\n<title>Las lenguas para un orgullo recobrado - Sorosoro<\/title>\n<meta name=\"robots\" content=\"index, follow, max-snippet:-1, max-image-preview:large, max-video-preview:-1\" \/>\n<link rel=\"canonical\" href=\"https:\/\/www.sorosoro.org\/es\/las-lenguas-para-un-orgullo-recobrado\/\" \/>\n<meta property=\"og:locale\" content=\"es_ES\" \/>\n<meta property=\"og:type\" content=\"article\" \/>\n<meta property=\"og:title\" content=\"Las lenguas para un orgullo recobrado - Sorosoro\" \/>\n<meta property=\"og:description\" content=\"&nbsp; La diversidad cultural es una gran riqueza para los individuos y las sociedades. La protecci\u00f3n, la promoci\u00f3n y el mantenimiento de la diversidad cultural son una condici\u00f3n esencial para un desarrollo sostenible a causa de las generaciones futuras. Convenci\u00f3n de la UNESCO, articulo 2 &nbsp; A trav\u00e9s del mundo, de Brasil a Siberia, de [&hellip;]\" \/>\n<meta property=\"og:url\" content=\"https:\/\/www.sorosoro.org\/es\/las-lenguas-para-un-orgullo-recobrado\/\" \/>\n<meta property=\"og:site_name\" content=\"Sorosoro\" \/>\n<meta property=\"article:modified_time\" content=\"2015-09-24T21:18:56+00:00\" \/>\n<meta property=\"og:image\" content=\"http:\/\/www.sorosoro.org\/wp-content\/uploads\/112.jpg\" \/>\n<meta name=\"twitter:card\" content=\"summary_large_image\" \/>\n<meta name=\"twitter:label1\" content=\"Tiempo de lectura\" \/>\n\t<meta name=\"twitter:data1\" content=\"1 minuto\" \/>\n<script type=\"application\/ld+json\" class=\"yoast-schema-graph\">{\"@context\":\"https:\/\/schema.org\",\"@graph\":[{\"@type\":\"WebPage\",\"@id\":\"https:\/\/www.sorosoro.org\/es\/las-lenguas-para-un-orgullo-recobrado\/\",\"url\":\"https:\/\/www.sorosoro.org\/es\/las-lenguas-para-un-orgullo-recobrado\/\",\"name\":\"Las lenguas para un orgullo recobrado - Sorosoro\",\"isPartOf\":{\"@id\":\"https:\/\/www.sorosoro.org\/es\/#website\"},\"primaryImageOfPage\":{\"@id\":\"https:\/\/www.sorosoro.org\/es\/las-lenguas-para-un-orgullo-recobrado\/#primaryimage\"},\"image\":{\"@id\":\"https:\/\/www.sorosoro.org\/es\/las-lenguas-para-un-orgullo-recobrado\/#primaryimage\"},\"thumbnailUrl\":\"http:\/\/www.sorosoro.org\/wp-content\/uploads\/112.jpg\",\"datePublished\":\"2009-07-27T08:04:30+00:00\",\"dateModified\":\"2015-09-24T21:18:56+00:00\",\"breadcrumb\":{\"@id\":\"https:\/\/www.sorosoro.org\/es\/las-lenguas-para-un-orgullo-recobrado\/#breadcrumb\"},\"inLanguage\":\"es\",\"potentialAction\":[{\"@type\":\"ReadAction\",\"target\":[\"https:\/\/www.sorosoro.org\/es\/las-lenguas-para-un-orgullo-recobrado\/\"]}]},{\"@type\":\"ImageObject\",\"inLanguage\":\"es\",\"@id\":\"https:\/\/www.sorosoro.org\/es\/las-lenguas-para-un-orgullo-recobrado\/#primaryimage\",\"url\":\"http:\/\/www.sorosoro.org\/wp-content\/uploads\/112.jpg\",\"contentUrl\":\"http:\/\/www.sorosoro.org\/wp-content\/uploads\/112.jpg\"},{\"@type\":\"BreadcrumbList\",\"@id\":\"https:\/\/www.sorosoro.org\/es\/las-lenguas-para-un-orgullo-recobrado\/#breadcrumb\",\"itemListElement\":[{\"@type\":\"ListItem\",\"position\":1,\"name\":\"Accueil\",\"item\":\"https:\/\/www.sorosoro.org\/es\/\"},{\"@type\":\"ListItem\",\"position\":2,\"name\":\"Las lenguas para un orgullo recobrado\"}]},{\"@type\":\"WebSite\",\"@id\":\"https:\/\/www.sorosoro.org\/es\/#website\",\"url\":\"https:\/\/www.sorosoro.org\/es\/\",\"name\":\"Sorosoro\",\"description\":\"Pour que vivent les langues du monde !\",\"potentialAction\":[{\"@type\":\"SearchAction\",\"target\":{\"@type\":\"EntryPoint\",\"urlTemplate\":\"https:\/\/www.sorosoro.org\/es\/?s={search_term_string}\"},\"query-input\":{\"@type\":\"PropertyValueSpecification\",\"valueRequired\":true,\"valueName\":\"search_term_string\"}}],\"inLanguage\":\"es\"}]}<\/script>\n<!-- \/ Yoast SEO plugin. -->","yoast_head_json":{"title":"Las lenguas para un orgullo recobrado - Sorosoro","robots":{"index":"index","follow":"follow","max-snippet":"max-snippet:-1","max-image-preview":"max-image-preview:large","max-video-preview":"max-video-preview:-1"},"canonical":"https:\/\/www.sorosoro.org\/es\/las-lenguas-para-un-orgullo-recobrado\/","og_locale":"es_ES","og_type":"article","og_title":"Las lenguas para un orgullo recobrado - Sorosoro","og_description":"&nbsp; La diversidad cultural es una gran riqueza para los individuos y las sociedades. La protecci\u00f3n, la promoci\u00f3n y el mantenimiento de la diversidad cultural son una condici\u00f3n esencial para un desarrollo sostenible a causa de las generaciones futuras. Convenci\u00f3n de la UNESCO, articulo 2 &nbsp; A trav\u00e9s del mundo, de Brasil a Siberia, de [&hellip;]","og_url":"https:\/\/www.sorosoro.org\/es\/las-lenguas-para-un-orgullo-recobrado\/","og_site_name":"Sorosoro","article_modified_time":"2015-09-24T21:18:56+00:00","og_image":[{"url":"http:\/\/www.sorosoro.org\/wp-content\/uploads\/112.jpg","type":"","width":"","height":""}],"twitter_card":"summary_large_image","twitter_misc":{"Tiempo de lectura":"1 minuto"},"schema":{"@context":"https:\/\/schema.org","@graph":[{"@type":"WebPage","@id":"https:\/\/www.sorosoro.org\/es\/las-lenguas-para-un-orgullo-recobrado\/","url":"https:\/\/www.sorosoro.org\/es\/las-lenguas-para-un-orgullo-recobrado\/","name":"Las lenguas para un orgullo recobrado - Sorosoro","isPartOf":{"@id":"https:\/\/www.sorosoro.org\/es\/#website"},"primaryImageOfPage":{"@id":"https:\/\/www.sorosoro.org\/es\/las-lenguas-para-un-orgullo-recobrado\/#primaryimage"},"image":{"@id":"https:\/\/www.sorosoro.org\/es\/las-lenguas-para-un-orgullo-recobrado\/#primaryimage"},"thumbnailUrl":"http:\/\/www.sorosoro.org\/wp-content\/uploads\/112.jpg","datePublished":"2009-07-27T08:04:30+00:00","dateModified":"2015-09-24T21:18:56+00:00","breadcrumb":{"@id":"https:\/\/www.sorosoro.org\/es\/las-lenguas-para-un-orgullo-recobrado\/#breadcrumb"},"inLanguage":"es","potentialAction":[{"@type":"ReadAction","target":["https:\/\/www.sorosoro.org\/es\/las-lenguas-para-un-orgullo-recobrado\/"]}]},{"@type":"ImageObject","inLanguage":"es","@id":"https:\/\/www.sorosoro.org\/es\/las-lenguas-para-un-orgullo-recobrado\/#primaryimage","url":"http:\/\/www.sorosoro.org\/wp-content\/uploads\/112.jpg","contentUrl":"http:\/\/www.sorosoro.org\/wp-content\/uploads\/112.jpg"},{"@type":"BreadcrumbList","@id":"https:\/\/www.sorosoro.org\/es\/las-lenguas-para-un-orgullo-recobrado\/#breadcrumb","itemListElement":[{"@type":"ListItem","position":1,"name":"Accueil","item":"https:\/\/www.sorosoro.org\/es\/"},{"@type":"ListItem","position":2,"name":"Las lenguas para un orgullo recobrado"}]},{"@type":"WebSite","@id":"https:\/\/www.sorosoro.org\/es\/#website","url":"https:\/\/www.sorosoro.org\/es\/","name":"Sorosoro","description":"Pour que vivent les langues du monde !","potentialAction":[{"@type":"SearchAction","target":{"@type":"EntryPoint","urlTemplate":"https:\/\/www.sorosoro.org\/es\/?s={search_term_string}"},"query-input":{"@type":"PropertyValueSpecification","valueRequired":true,"valueName":"search_term_string"}}],"inLanguage":"es"}]}},"_links":{"self":[{"href":"https:\/\/www.sorosoro.org\/es\/wp-json\/wp\/v2\/pages\/377","targetHints":{"allow":["GET"]}}],"collection":[{"href":"https:\/\/www.sorosoro.org\/es\/wp-json\/wp\/v2\/pages"}],"about":[{"href":"https:\/\/www.sorosoro.org\/es\/wp-json\/wp\/v2\/types\/page"}],"author":[{"embeddable":true,"href":"https:\/\/www.sorosoro.org\/es\/wp-json\/wp\/v2\/users\/1"}],"replies":[{"embeddable":true,"href":"https:\/\/www.sorosoro.org\/es\/wp-json\/wp\/v2\/comments?post=377"}],"version-history":[{"count":0,"href":"https:\/\/www.sorosoro.org\/es\/wp-json\/wp\/v2\/pages\/377\/revisions"}],"wp:attachment":[{"href":"https:\/\/www.sorosoro.org\/es\/wp-json\/wp\/v2\/media?parent=377"}],"curies":[{"name":"wp","href":"https:\/\/api.w.org\/{rel}","templated":true}]}}