{"id":373,"date":"2009-07-27T10:03:06","date_gmt":"2009-07-27T08:03:06","guid":{"rendered":"http:\/\/www.sorosoro.org\/?page_id=373"},"modified":"2015-09-24T22:44:47","modified_gmt":"2015-09-24T20:44:47","slug":"las-lenguas-para-lograr-una-mejor-educacion","status":"publish","type":"page","link":"https:\/\/www.sorosoro.org\/es\/las-lenguas-para-lograr-una-mejor-educacion\/","title":{"rendered":"Las lenguas para lograr una mejor educaci\u00f3n"},"content":{"rendered":"<p>&nbsp;<\/p>\n<table border=\"0\" width=\"750\">\n<tbody>\n<tr>\n<td style=\"background-color: #d8d8d8;\">\n<p style=\"text-align: left;\"><em><strong>\u201cCada ni\u00f1o que ense\u00f1amos, es un hombre que ganamos\u201d<\/strong><\/em><strong><br \/>\n<\/strong><\/p>\n<p style=\"padding-bottom: 10px; text-align: right;\"><strong>Victor Hugo<\/strong><\/p>\n<\/td>\n<\/tr>\n<tr>\n<td style=\"padding-top: 10px;\"><\/td>\n<\/tr>\n<tr>\n<td style=\"background-color: #d8d8d8; padding-bottom: 10px;\">\n<p style=\"text-align: left;\"><em><strong>\u00abDebemos afirmar con fuerza que pretender ense\u00f1ar a un ni\u00f1o a leer y escribir en una lengua que no habla es simplemente condenarlo al analfabetismo\u00bb<\/strong><\/em><\/p>\n<p style=\"text-align: right;\"><strong>Alain Bentolila, ling\u00fcista, Paris V, Sorbonne<\/strong><\/p>\n<\/td>\n<\/tr>\n<\/tbody>\n<\/table>\n<p>&nbsp;<\/p>\n<p style=\"text-align: left;\"><a href=\"http:\/\/www.sorosoro.org\/les-langues-en-danger\/pourquoi-sauver-les-langues\/les-langues-pour-une-education-reussie\/san-marcos_club-quetzal-2\" rel=\"attachment wp-att-8383\"><img loading=\"lazy\" decoding=\"async\" class=\"  wp-image-8383 alignright\" title=\"San Marcos_Guatemala par Club Quetzal\" src=\"http:\/\/www.sorosoro.org\/wp-content\/uploads\/11.jpg\" alt=\"San Marcos_Guatemala par Club Quetzal\" width=\"210\" height=\"157\" srcset=\"https:\/\/www.sorosoro.org\/wp-content\/uploads\/11.jpg 640w, https:\/\/www.sorosoro.org\/wp-content\/uploads\/11-300x225.jpg 300w\" sizes=\"auto, (max-width: 210px) 100vw, 210px\" \/><\/a>Los pa\u00edses en desarrollo son generalmente los pa\u00edses en los cuales se encuentra la diversidad ling\u00fc\u00edstica m\u00e1s grande y tambi\u00e9n son los que deben seguir luchando por la alfabetizaci\u00f3n de sus poblaciones.<\/p>\n<p style=\"text-align: left;\">Uno de los factores determinantes para el \u00e9xito de esas pol\u00edticas de educaci\u00f3n es la utilizaci\u00f3n de la lengua materna : estudios llevados a cabo a trav\u00e9s del mundo por diferentes organismos muestran que alfabetizar un ni\u00f1o en su lengua de origen da excelentes resultado. Por el contrario imponer desde un principio la escolarizaci\u00f3n en lengua nacional es una pol\u00edtica que conduce muchas veces al fracaso.<\/p>\n<p style=\"text-align: left;\"><a href=\"http:\/\/www.sorosoro.org\/les-langues-en-danger\/pourquoi-sauver-les-langues\/les-langues-pour-une-education-reussie\/lh-fage-gabon09-7459\" rel=\"attachment wp-att-8437\"><img loading=\"lazy\" decoding=\"async\" class=\"  wp-image-8437 alignleft\" title=\"Gabon par Luc-Henri Fage\" src=\"http:\/\/www.sorosoro.org\/wp-content\/uploads\/15.jpg\" alt=\"Gabon par Luc-Henri Fage\" width=\"227\" height=\"340\" srcset=\"https:\/\/www.sorosoro.org\/wp-content\/uploads\/15.jpg 427w, https:\/\/www.sorosoro.org\/wp-content\/uploads\/15-200x300.jpg 200w\" sizes=\"auto, (max-width: 227px) 100vw, 227px\" \/><\/a>Tomando como base un informe de la UNICEF de 1999, el Banco Mundial lo afirma en el Sourcebook for Poverty Reduction Strategies (2001):<\/p>\n<p style=\"text-align: left;\">\u00ab <em>Numerosas b\u00fasquedas muestran que los alumnos aprenden m\u00e1s r\u00e1pido a leer y a adquirir nuevos conocimientos cuando han recibido una primera ense\u00f1anza en su lengua materna. Ellos tambi\u00e9n aprenden m\u00e1s r\u00e1pido una segunda lengua que los que han aprendido primero a leer en una lengua que no les era familiar\u201d<\/em> \u00bb.<\/p>\n<p style=\"text-align: left;\">Los ling\u00fcistas Thomas y Cullier (1997), que han conducido estudios a gran escala sobre este asunto, son a\u00fan m\u00e1s precisos : los alumnos descendientes de minoridades ling\u00fc\u00edsticas que hab\u00edan recibido una instrucci\u00f3n avanzada en lengua materna en la escuela primaria tuvieron los mejores resultados en lengua nacional en las pruebas nacionales estandardizados del colegio.<\/p>\n<p style=\"text-align: left;\">El \u00e9xito en la escuela condiciona las oportunidades de mejora del nivel de vida de millones de ni\u00f1os en el mundo porque una alfabetizaci\u00f3n lograda es el mejor recurso para no quedarse atr\u00e1s de la globalizaci\u00f3n.<br \/>\nEn el terreno econ\u00f3mico, le abre las puertas de un desarrollo controlado.<br \/>\nEn el terreno de la salud, contribuye a dar acceso a los medicamentos y es una muralla contra la propagaci\u00f3n de enfermedades como el Sida.<\/p>\n<blockquote>\n<p style=\"text-align: left;\">Extracto de <strong>\u00abLes Langues en danger\u00bb<\/strong> in <strong><em>M\u00e9moires de la Soci\u00e9t\u00e9 de Linguistique de Paris<\/em><\/strong>,<br \/>\nClaire Moyse-Faurie, 2000, p.101-102<\/p>\n<p style=\"text-align: justify;\">\u00abSe sabe (\u2026) ahora los beneficios de una educaci\u00f3n en lengua vern\u00e1cula, como los resume Jeff Siegel (1996) a partir de datos recogidos sobre diferentes pol\u00edticas ling\u00fc\u00edsticas en curso en el Pacifico Sur:<\/p>\n<p style=\"text-align: justify;\">&#8211;   los alumnos aprenden mejor en su lengua materna: no se puede aprender a leer y a escribir una lengua antes de conocerla; tambi\u00e9n hay que dedicar tiempo al aprendizaje de la lengua antes de alfabetizar;<\/p>\n<p style=\"text-align: justify;\">&#8211;   a\u00fan cuando el objetivo final del sistema educativo es aprender una segunda lengua, el tiempo que uno pasa a aprender una lengua vern\u00e1cula no es tiempo perdido; el dominio del letrismo puede ser f\u00e1cilmente transferido de una lengua a otra, y el aprendizaje de una segunda lengua es facilitado cuando el dominio de la escritura y de la lectura esta adquirido en la primera lengua;<\/p>\n<p style=\"text-align: justify;\">&#8211;   el beneficio vinculado al uso de la lengua vern\u00e1cula en la escuela es doble: la adaptaci\u00f3n del ni\u00f1o a la escuela es mas f\u00e1cil si el profesor habla la misma lengua que \u00e9l; el desarrollo cognitivo del ni\u00f1o es mas f\u00e1cil si es capaz de utilizar su propia lengua para reflexionar y expresarse;<\/p>\n<p style=\"text-align: justify;\">&#8211;   el beneficio es social : el hecho de hablar en la escuela la misma lengua que los padres permite a estos seguir el aprendizaje de sus hijos y ayudarles, conversar de ello e implicarse en la vida escolar;<\/p>\n<p style=\"text-align: justify;\">&#8211;   el beneficio es cultural: la educaci\u00f3n en lengua vern\u00e1cula garantiza que los ni\u00f1os no ser\u00e1n marginalizados en su modo de vida ni alejados de su cultura, bajo la influencia ligada al aprendizaje de otra lengua ; el uso de la lengua vern\u00e1cula en el sistema educativo otorga a esta \u00faltima un valor simb\u00f3lico, un prestigio, un papel en el desarrollo del pa\u00eds ; la educaci\u00f3n en lengua vern\u00e1cula permite asegurar el mantenimiento de una lengua y de una cultura;<\/p>\n<p style=\"text-align: justify;\">&#8211;   el beneficio es financiero: constatamos que hay menos repeticiones y abandones en los sistemas educativos biling\u00fces.<\/p>\n<p style=\"text-align: justify;\">(\u2026)<\/p>\n<p style=\"text-align: justify;\">Numerosos estudios se han conducidos en Ocean\u00eda sobre el uso de lenguas vern\u00e1culas con fines educativos. Los m\u00e1s recientes llegan a las conclusiones siguientes:<\/p>\n<p style=\"text-align: justify;\">&#8211;  un ni\u00f1o necesita doce a\u00f1os a un ni\u00f1o para aprender a dominar una primera lengua;<\/p>\n<p style=\"text-align: justify;\">&#8211;  los ni\u00f1os mayores y los adolescentes aprenden m\u00e1s f\u00e1cilmente una segunda lengua que los ni\u00f1os peque\u00f1os;<\/p>\n<p style=\"text-align: justify;\">&#8211; los ni\u00f1os que tuvieron la posibilidad de desarrollar el uso de su lengua materna aprenden con mayor facilidad una segunda lengua que los que no tuvieron esta posibilidad.\u00bb<\/p>\n","protected":false},"excerpt":{"rendered":"<p>&nbsp; \u201cCada ni\u00f1o que ense\u00f1amos, es un hombre que ganamos\u201d Victor Hugo \u00abDebemos afirmar con fuerza que pretender ense\u00f1ar a un ni\u00f1o a leer y escribir en una lengua que no habla es simplemente condenarlo al analfabetismo\u00bb Alain Bentolila, ling\u00fcista, Paris V, Sorbonne &nbsp; Los pa\u00edses en desarrollo son generalmente los pa\u00edses en los cuales [&hellip;]<\/p>\n","protected":false},"author":1,"featured_media":0,"parent":0,"menu_order":3,"comment_status":"closed","ping_status":"closed","template":"","meta":{"footnotes":""},"class_list":["post-373","page","type-page","status-publish","hentry"],"yoast_head":"<!-- This site is optimized with the Yoast SEO plugin v27.0 - https:\/\/yoast.com\/product\/yoast-seo-wordpress\/ -->\n<title>Las lenguas para lograr una mejor educaci\u00f3n - Sorosoro<\/title>\n<meta name=\"robots\" content=\"index, follow, max-snippet:-1, max-image-preview:large, max-video-preview:-1\" \/>\n<link rel=\"canonical\" href=\"https:\/\/www.sorosoro.org\/es\/las-lenguas-para-lograr-una-mejor-educacion\/\" \/>\n<meta property=\"og:locale\" content=\"es_ES\" \/>\n<meta property=\"og:type\" content=\"article\" \/>\n<meta property=\"og:title\" content=\"Las lenguas para lograr una mejor educaci\u00f3n - Sorosoro\" \/>\n<meta property=\"og:description\" content=\"&nbsp; \u201cCada ni\u00f1o que ense\u00f1amos, es un hombre que ganamos\u201d Victor Hugo \u00abDebemos afirmar con fuerza que pretender ense\u00f1ar a un ni\u00f1o a leer y escribir en una lengua que no habla es simplemente condenarlo al analfabetismo\u00bb Alain Bentolila, ling\u00fcista, Paris V, Sorbonne &nbsp; Los pa\u00edses en desarrollo son generalmente los pa\u00edses en los cuales [&hellip;]\" \/>\n<meta property=\"og:url\" content=\"https:\/\/www.sorosoro.org\/es\/las-lenguas-para-lograr-una-mejor-educacion\/\" \/>\n<meta property=\"og:site_name\" content=\"Sorosoro\" \/>\n<meta property=\"article:modified_time\" content=\"2015-09-24T20:44:47+00:00\" \/>\n<meta property=\"og:image\" content=\"http:\/\/www.sorosoro.org\/wp-content\/uploads\/11.jpg\" \/>\n<meta name=\"twitter:card\" content=\"summary_large_image\" \/>\n<meta name=\"twitter:label1\" content=\"Tiempo de lectura\" \/>\n\t<meta name=\"twitter:data1\" content=\"4 minutos\" \/>\n<script type=\"application\/ld+json\" class=\"yoast-schema-graph\">{\"@context\":\"https:\/\/schema.org\",\"@graph\":[{\"@type\":\"WebPage\",\"@id\":\"https:\/\/www.sorosoro.org\/es\/las-lenguas-para-lograr-una-mejor-educacion\/\",\"url\":\"https:\/\/www.sorosoro.org\/es\/las-lenguas-para-lograr-una-mejor-educacion\/\",\"name\":\"Las lenguas para lograr una mejor educaci\u00f3n - Sorosoro\",\"isPartOf\":{\"@id\":\"https:\/\/www.sorosoro.org\/es\/#website\"},\"primaryImageOfPage\":{\"@id\":\"https:\/\/www.sorosoro.org\/es\/las-lenguas-para-lograr-una-mejor-educacion\/#primaryimage\"},\"image\":{\"@id\":\"https:\/\/www.sorosoro.org\/es\/las-lenguas-para-lograr-una-mejor-educacion\/#primaryimage\"},\"thumbnailUrl\":\"http:\/\/www.sorosoro.org\/wp-content\/uploads\/11.jpg\",\"datePublished\":\"2009-07-27T08:03:06+00:00\",\"dateModified\":\"2015-09-24T20:44:47+00:00\",\"breadcrumb\":{\"@id\":\"https:\/\/www.sorosoro.org\/es\/las-lenguas-para-lograr-una-mejor-educacion\/#breadcrumb\"},\"inLanguage\":\"es\",\"potentialAction\":[{\"@type\":\"ReadAction\",\"target\":[\"https:\/\/www.sorosoro.org\/es\/las-lenguas-para-lograr-una-mejor-educacion\/\"]}]},{\"@type\":\"ImageObject\",\"inLanguage\":\"es\",\"@id\":\"https:\/\/www.sorosoro.org\/es\/las-lenguas-para-lograr-una-mejor-educacion\/#primaryimage\",\"url\":\"http:\/\/www.sorosoro.org\/wp-content\/uploads\/11.jpg\",\"contentUrl\":\"http:\/\/www.sorosoro.org\/wp-content\/uploads\/11.jpg\"},{\"@type\":\"BreadcrumbList\",\"@id\":\"https:\/\/www.sorosoro.org\/es\/las-lenguas-para-lograr-una-mejor-educacion\/#breadcrumb\",\"itemListElement\":[{\"@type\":\"ListItem\",\"position\":1,\"name\":\"Accueil\",\"item\":\"https:\/\/www.sorosoro.org\/es\/\"},{\"@type\":\"ListItem\",\"position\":2,\"name\":\"Las lenguas para lograr una mejor educaci\u00f3n\"}]},{\"@type\":\"WebSite\",\"@id\":\"https:\/\/www.sorosoro.org\/es\/#website\",\"url\":\"https:\/\/www.sorosoro.org\/es\/\",\"name\":\"Sorosoro\",\"description\":\"Pour que vivent les langues du monde !\",\"potentialAction\":[{\"@type\":\"SearchAction\",\"target\":{\"@type\":\"EntryPoint\",\"urlTemplate\":\"https:\/\/www.sorosoro.org\/es\/?s={search_term_string}\"},\"query-input\":{\"@type\":\"PropertyValueSpecification\",\"valueRequired\":true,\"valueName\":\"search_term_string\"}}],\"inLanguage\":\"es\"}]}<\/script>\n<!-- \/ Yoast SEO plugin. -->","yoast_head_json":{"title":"Las lenguas para lograr una mejor educaci\u00f3n - Sorosoro","robots":{"index":"index","follow":"follow","max-snippet":"max-snippet:-1","max-image-preview":"max-image-preview:large","max-video-preview":"max-video-preview:-1"},"canonical":"https:\/\/www.sorosoro.org\/es\/las-lenguas-para-lograr-una-mejor-educacion\/","og_locale":"es_ES","og_type":"article","og_title":"Las lenguas para lograr una mejor educaci\u00f3n - Sorosoro","og_description":"&nbsp; \u201cCada ni\u00f1o que ense\u00f1amos, es un hombre que ganamos\u201d Victor Hugo \u00abDebemos afirmar con fuerza que pretender ense\u00f1ar a un ni\u00f1o a leer y escribir en una lengua que no habla es simplemente condenarlo al analfabetismo\u00bb Alain Bentolila, ling\u00fcista, Paris V, Sorbonne &nbsp; Los pa\u00edses en desarrollo son generalmente los pa\u00edses en los cuales [&hellip;]","og_url":"https:\/\/www.sorosoro.org\/es\/las-lenguas-para-lograr-una-mejor-educacion\/","og_site_name":"Sorosoro","article_modified_time":"2015-09-24T20:44:47+00:00","og_image":[{"url":"http:\/\/www.sorosoro.org\/wp-content\/uploads\/11.jpg","type":"","width":"","height":""}],"twitter_card":"summary_large_image","twitter_misc":{"Tiempo de lectura":"4 minutos"},"schema":{"@context":"https:\/\/schema.org","@graph":[{"@type":"WebPage","@id":"https:\/\/www.sorosoro.org\/es\/las-lenguas-para-lograr-una-mejor-educacion\/","url":"https:\/\/www.sorosoro.org\/es\/las-lenguas-para-lograr-una-mejor-educacion\/","name":"Las lenguas para lograr una mejor educaci\u00f3n - Sorosoro","isPartOf":{"@id":"https:\/\/www.sorosoro.org\/es\/#website"},"primaryImageOfPage":{"@id":"https:\/\/www.sorosoro.org\/es\/las-lenguas-para-lograr-una-mejor-educacion\/#primaryimage"},"image":{"@id":"https:\/\/www.sorosoro.org\/es\/las-lenguas-para-lograr-una-mejor-educacion\/#primaryimage"},"thumbnailUrl":"http:\/\/www.sorosoro.org\/wp-content\/uploads\/11.jpg","datePublished":"2009-07-27T08:03:06+00:00","dateModified":"2015-09-24T20:44:47+00:00","breadcrumb":{"@id":"https:\/\/www.sorosoro.org\/es\/las-lenguas-para-lograr-una-mejor-educacion\/#breadcrumb"},"inLanguage":"es","potentialAction":[{"@type":"ReadAction","target":["https:\/\/www.sorosoro.org\/es\/las-lenguas-para-lograr-una-mejor-educacion\/"]}]},{"@type":"ImageObject","inLanguage":"es","@id":"https:\/\/www.sorosoro.org\/es\/las-lenguas-para-lograr-una-mejor-educacion\/#primaryimage","url":"http:\/\/www.sorosoro.org\/wp-content\/uploads\/11.jpg","contentUrl":"http:\/\/www.sorosoro.org\/wp-content\/uploads\/11.jpg"},{"@type":"BreadcrumbList","@id":"https:\/\/www.sorosoro.org\/es\/las-lenguas-para-lograr-una-mejor-educacion\/#breadcrumb","itemListElement":[{"@type":"ListItem","position":1,"name":"Accueil","item":"https:\/\/www.sorosoro.org\/es\/"},{"@type":"ListItem","position":2,"name":"Las lenguas para lograr una mejor educaci\u00f3n"}]},{"@type":"WebSite","@id":"https:\/\/www.sorosoro.org\/es\/#website","url":"https:\/\/www.sorosoro.org\/es\/","name":"Sorosoro","description":"Pour que vivent les langues du monde !","potentialAction":[{"@type":"SearchAction","target":{"@type":"EntryPoint","urlTemplate":"https:\/\/www.sorosoro.org\/es\/?s={search_term_string}"},"query-input":{"@type":"PropertyValueSpecification","valueRequired":true,"valueName":"search_term_string"}}],"inLanguage":"es"}]}},"_links":{"self":[{"href":"https:\/\/www.sorosoro.org\/es\/wp-json\/wp\/v2\/pages\/373","targetHints":{"allow":["GET"]}}],"collection":[{"href":"https:\/\/www.sorosoro.org\/es\/wp-json\/wp\/v2\/pages"}],"about":[{"href":"https:\/\/www.sorosoro.org\/es\/wp-json\/wp\/v2\/types\/page"}],"author":[{"embeddable":true,"href":"https:\/\/www.sorosoro.org\/es\/wp-json\/wp\/v2\/users\/1"}],"replies":[{"embeddable":true,"href":"https:\/\/www.sorosoro.org\/es\/wp-json\/wp\/v2\/comments?post=373"}],"version-history":[{"count":0,"href":"https:\/\/www.sorosoro.org\/es\/wp-json\/wp\/v2\/pages\/373\/revisions"}],"wp:attachment":[{"href":"https:\/\/www.sorosoro.org\/es\/wp-json\/wp\/v2\/media?parent=373"}],"curies":[{"name":"wp","href":"https:\/\/api.w.org\/{rel}","templated":true}]}}