{"id":371,"date":"2009-07-27T10:02:08","date_gmt":"2009-07-27T08:02:08","guid":{"rendered":"http:\/\/www.sorosoro.org\/?page_id=371"},"modified":"2015-09-24T22:24:06","modified_gmt":"2015-09-24T20:24:06","slug":"las-lenguas-para-salvaguardar-conocimientos","status":"publish","type":"page","link":"https:\/\/www.sorosoro.org\/es\/las-lenguas-para-salvaguardar-conocimientos\/","title":{"rendered":"Las lenguas para salvaguardar conocimientos"},"content":{"rendered":"<p>&nbsp;<\/p>\n<table border=\"0\" width=\"750\" bgcolor=\"#d8d8d8\">\n<tbody>\n<tr>\n<td>\n<p style=\"text-align: justify;\"><em><strong><span style=\"color: #333333;\">La desaparici\u00f3n de una lengua no es solo una p\u00e9rdida para la comunidad de sus locutores, sino tambi\u00e9n para nuestro conocimiento humano com\u00fan de las matem\u00e1ticas, de la biolog\u00eda, de la geograf\u00eda, de la filosof\u00eda, de la agricultura y de la ling\u00fc\u00edstica.<\/span><\/strong><\/em><\/p>\n<\/td>\n<\/tr>\n<tr>\n<td>\n<p style=\"text-align: right;\"><strong>David Harrison, ling\u00fcista estadounidense<\/strong><\/p>\n<\/td>\n<\/tr>\n<\/tbody>\n<\/table>\n<p>&nbsp;<\/p>\n<p style=\"text-align: left;\"><em><strong><a href=\"http:\/\/www.sorosoro.org\/les-langues-en-danger\/pourquoi-sauver-les-langues\/les-langues-pour-sauvegarder-des-connaissances\/19-vieux-messieurs-2\" rel=\"attachment wp-att-8369\"><img loading=\"lazy\" decoding=\"async\" class=\" size-full wp-image-8369 alignleft\" title=\"Chine_Tibet\u00a9Sabrina_Pourchasse\" src=\"http:\/\/www.sorosoro.org\/wp-content\/uploads\/1.jpg\" alt=\"Chine par Sabrina Pourchasse\" width=\"249\" height=\"166\" srcset=\"https:\/\/www.sorosoro.org\/wp-content\/uploads\/1.jpg 640w, https:\/\/www.sorosoro.org\/wp-content\/uploads\/1-300x199.jpg 300w\" sizes=\"auto, (max-width: 249px) 100vw, 249px\" \/><\/a><\/strong><\/em>Una lengua es mucho m\u00e1s que un instrumento de comunicaci\u00f3n, es tambi\u00e9n el vector de una manera de pensar, de una cultura, el depositario de la historia de un pueblo, de una mitolog\u00eda, de una cosmogon\u00eda, de una m\u00fasica\u2026 No s\u00f3lo se pierden las palabras con una lengua, sino tambi\u00e9n una mirada sobre el mundo.<\/p>\n<p style=\"text-align: left;\">Por otro lado, las miles de lenguas que contabiliza hoy el planeta son los recept\u00e1culos de conocimientos importantes para el resto de la humanidad : por ejemplo, algunos cient\u00edficos consideran que m\u00e1s del 80% de la flora mundial es a\u00fan desconocida para los Occidentales, aunque los locutores de lenguas en peligro conocen y utilizan esas plantas, especialmente en sus medicinas tradicionales.<\/p>\n<p style=\"text-align: left;\"><a href=\"http:\/\/www.sorosoro.org\/les-langues-en-danger\/pourquoi-sauver-les-langues\/les-langues-pour-sauvegarder-des-connaissances\/lh-fage-gabon09-7358\" rel=\"attachment wp-att-8421\"><img loading=\"lazy\" decoding=\"async\" class=\"size-full wp-image-8421 alignleft\" title=\"Gabon\u00a9Luc-Henri_Fage\" src=\"http:\/\/www.sorosoro.org\/wp-content\/uploads\/14.jpg\" alt=\"Gabon par Luc-Henri Fage\" width=\"166\" height=\"249\" srcset=\"https:\/\/www.sorosoro.org\/wp-content\/uploads\/14.jpg 427w, https:\/\/www.sorosoro.org\/wp-content\/uploads\/14-200x300.jpg 200w\" sizes=\"auto, (max-width: 166px) 100vw, 166px\" \/><\/a>\u00bfQuien sabe que el curare, hoy utilizado universalmente en anestesia, solo ha sido conocido por los Europeos en el siglo XVI, cuando la conquista espa\u00f1ola de America del Sur puso en contacto a los colonos con los cazadores aut\u00f3ctonos que utilizaban esos extractos de plantas desde la noche de los tiempos ?<\/p>\n<p style=\"text-align: left;\">\u00bfQuien sabe que la quinina viene del polvo de quinquina, utilizada por los Incas para aliviar la malaria y tra\u00edda del Per\u00fa por los jesuitas solo en el siglo XVIII?<\/p>\n<p style=\"text-align: left;\">\u00bfQuien sabe que un cuarto de los medicamentos prescritos hoy en d\u00eda en los Estados Unidos es derivado de plantas que llegan de selvas tropicales?<\/p>\n<p style=\"text-align: left;\">Ac\u00e1, estamos lejos del folclore o de lo pintoresco. Aquellos conocimientos son nuestra riqueza, desde Bruselas hasta Lambarene, desde Pek\u00edn hasta Antigua. Son \u00fatiles al conjunto de la humanidad y es capital actuar antes de que desaparezcan.<\/p>\n","protected":false},"excerpt":{"rendered":"<p>&nbsp; La desaparici\u00f3n de una lengua no es solo una p\u00e9rdida para la comunidad de sus locutores, sino tambi\u00e9n para nuestro conocimiento humano com\u00fan de las matem\u00e1ticas, de la biolog\u00eda, de la geograf\u00eda, de la filosof\u00eda, de la agricultura y de la ling\u00fc\u00edstica. David Harrison, ling\u00fcista estadounidense &nbsp; Una lengua es mucho m\u00e1s que un [&hellip;]<\/p>\n","protected":false},"author":1,"featured_media":0,"parent":0,"menu_order":1,"comment_status":"closed","ping_status":"open","template":"","meta":{"footnotes":""},"class_list":["post-371","page","type-page","status-publish","hentry"],"yoast_head":"<!-- This site is optimized with the Yoast SEO plugin v27.0 - https:\/\/yoast.com\/product\/yoast-seo-wordpress\/ -->\n<title>Las lenguas para salvaguardar conocimientos - Sorosoro<\/title>\n<meta name=\"robots\" content=\"index, follow, max-snippet:-1, max-image-preview:large, max-video-preview:-1\" \/>\n<link rel=\"canonical\" href=\"https:\/\/www.sorosoro.org\/es\/las-lenguas-para-salvaguardar-conocimientos\/\" \/>\n<meta property=\"og:locale\" content=\"es_ES\" \/>\n<meta property=\"og:type\" content=\"article\" \/>\n<meta property=\"og:title\" content=\"Las lenguas para salvaguardar conocimientos - Sorosoro\" \/>\n<meta property=\"og:description\" content=\"&nbsp; La desaparici\u00f3n de una lengua no es solo una p\u00e9rdida para la comunidad de sus locutores, sino tambi\u00e9n para nuestro conocimiento humano com\u00fan de las matem\u00e1ticas, de la biolog\u00eda, de la geograf\u00eda, de la filosof\u00eda, de la agricultura y de la ling\u00fc\u00edstica. David Harrison, ling\u00fcista estadounidense &nbsp; Una lengua es mucho m\u00e1s que un [&hellip;]\" \/>\n<meta property=\"og:url\" content=\"https:\/\/www.sorosoro.org\/es\/las-lenguas-para-salvaguardar-conocimientos\/\" \/>\n<meta property=\"og:site_name\" content=\"Sorosoro\" \/>\n<meta property=\"article:modified_time\" content=\"2015-09-24T20:24:06+00:00\" \/>\n<meta property=\"og:image\" content=\"http:\/\/www.sorosoro.org\/wp-content\/uploads\/1.jpg\" \/>\n<meta name=\"twitter:card\" content=\"summary_large_image\" \/>\n<meta name=\"twitter:label1\" content=\"Tiempo de lectura\" \/>\n\t<meta name=\"twitter:data1\" content=\"2 minutos\" \/>\n<script type=\"application\/ld+json\" class=\"yoast-schema-graph\">{\"@context\":\"https:\/\/schema.org\",\"@graph\":[{\"@type\":\"WebPage\",\"@id\":\"https:\/\/www.sorosoro.org\/es\/las-lenguas-para-salvaguardar-conocimientos\/\",\"url\":\"https:\/\/www.sorosoro.org\/es\/las-lenguas-para-salvaguardar-conocimientos\/\",\"name\":\"Las lenguas para salvaguardar conocimientos - Sorosoro\",\"isPartOf\":{\"@id\":\"https:\/\/www.sorosoro.org\/es\/#website\"},\"primaryImageOfPage\":{\"@id\":\"https:\/\/www.sorosoro.org\/es\/las-lenguas-para-salvaguardar-conocimientos\/#primaryimage\"},\"image\":{\"@id\":\"https:\/\/www.sorosoro.org\/es\/las-lenguas-para-salvaguardar-conocimientos\/#primaryimage\"},\"thumbnailUrl\":\"http:\/\/www.sorosoro.org\/wp-content\/uploads\/1.jpg\",\"datePublished\":\"2009-07-27T08:02:08+00:00\",\"dateModified\":\"2015-09-24T20:24:06+00:00\",\"breadcrumb\":{\"@id\":\"https:\/\/www.sorosoro.org\/es\/las-lenguas-para-salvaguardar-conocimientos\/#breadcrumb\"},\"inLanguage\":\"es\",\"potentialAction\":[{\"@type\":\"ReadAction\",\"target\":[\"https:\/\/www.sorosoro.org\/es\/las-lenguas-para-salvaguardar-conocimientos\/\"]}]},{\"@type\":\"ImageObject\",\"inLanguage\":\"es\",\"@id\":\"https:\/\/www.sorosoro.org\/es\/las-lenguas-para-salvaguardar-conocimientos\/#primaryimage\",\"url\":\"http:\/\/www.sorosoro.org\/wp-content\/uploads\/1.jpg\",\"contentUrl\":\"http:\/\/www.sorosoro.org\/wp-content\/uploads\/1.jpg\"},{\"@type\":\"BreadcrumbList\",\"@id\":\"https:\/\/www.sorosoro.org\/es\/las-lenguas-para-salvaguardar-conocimientos\/#breadcrumb\",\"itemListElement\":[{\"@type\":\"ListItem\",\"position\":1,\"name\":\"Accueil\",\"item\":\"https:\/\/www.sorosoro.org\/es\/\"},{\"@type\":\"ListItem\",\"position\":2,\"name\":\"Las lenguas para salvaguardar conocimientos\"}]},{\"@type\":\"WebSite\",\"@id\":\"https:\/\/www.sorosoro.org\/es\/#website\",\"url\":\"https:\/\/www.sorosoro.org\/es\/\",\"name\":\"Sorosoro\",\"description\":\"Pour que vivent les langues du monde !\",\"potentialAction\":[{\"@type\":\"SearchAction\",\"target\":{\"@type\":\"EntryPoint\",\"urlTemplate\":\"https:\/\/www.sorosoro.org\/es\/?s={search_term_string}\"},\"query-input\":{\"@type\":\"PropertyValueSpecification\",\"valueRequired\":true,\"valueName\":\"search_term_string\"}}],\"inLanguage\":\"es\"}]}<\/script>\n<!-- \/ Yoast SEO plugin. -->","yoast_head_json":{"title":"Las lenguas para salvaguardar conocimientos - Sorosoro","robots":{"index":"index","follow":"follow","max-snippet":"max-snippet:-1","max-image-preview":"max-image-preview:large","max-video-preview":"max-video-preview:-1"},"canonical":"https:\/\/www.sorosoro.org\/es\/las-lenguas-para-salvaguardar-conocimientos\/","og_locale":"es_ES","og_type":"article","og_title":"Las lenguas para salvaguardar conocimientos - Sorosoro","og_description":"&nbsp; La desaparici\u00f3n de una lengua no es solo una p\u00e9rdida para la comunidad de sus locutores, sino tambi\u00e9n para nuestro conocimiento humano com\u00fan de las matem\u00e1ticas, de la biolog\u00eda, de la geograf\u00eda, de la filosof\u00eda, de la agricultura y de la ling\u00fc\u00edstica. David Harrison, ling\u00fcista estadounidense &nbsp; Una lengua es mucho m\u00e1s que un [&hellip;]","og_url":"https:\/\/www.sorosoro.org\/es\/las-lenguas-para-salvaguardar-conocimientos\/","og_site_name":"Sorosoro","article_modified_time":"2015-09-24T20:24:06+00:00","og_image":[{"url":"http:\/\/www.sorosoro.org\/wp-content\/uploads\/1.jpg","type":"","width":"","height":""}],"twitter_card":"summary_large_image","twitter_misc":{"Tiempo de lectura":"2 minutos"},"schema":{"@context":"https:\/\/schema.org","@graph":[{"@type":"WebPage","@id":"https:\/\/www.sorosoro.org\/es\/las-lenguas-para-salvaguardar-conocimientos\/","url":"https:\/\/www.sorosoro.org\/es\/las-lenguas-para-salvaguardar-conocimientos\/","name":"Las lenguas para salvaguardar conocimientos - Sorosoro","isPartOf":{"@id":"https:\/\/www.sorosoro.org\/es\/#website"},"primaryImageOfPage":{"@id":"https:\/\/www.sorosoro.org\/es\/las-lenguas-para-salvaguardar-conocimientos\/#primaryimage"},"image":{"@id":"https:\/\/www.sorosoro.org\/es\/las-lenguas-para-salvaguardar-conocimientos\/#primaryimage"},"thumbnailUrl":"http:\/\/www.sorosoro.org\/wp-content\/uploads\/1.jpg","datePublished":"2009-07-27T08:02:08+00:00","dateModified":"2015-09-24T20:24:06+00:00","breadcrumb":{"@id":"https:\/\/www.sorosoro.org\/es\/las-lenguas-para-salvaguardar-conocimientos\/#breadcrumb"},"inLanguage":"es","potentialAction":[{"@type":"ReadAction","target":["https:\/\/www.sorosoro.org\/es\/las-lenguas-para-salvaguardar-conocimientos\/"]}]},{"@type":"ImageObject","inLanguage":"es","@id":"https:\/\/www.sorosoro.org\/es\/las-lenguas-para-salvaguardar-conocimientos\/#primaryimage","url":"http:\/\/www.sorosoro.org\/wp-content\/uploads\/1.jpg","contentUrl":"http:\/\/www.sorosoro.org\/wp-content\/uploads\/1.jpg"},{"@type":"BreadcrumbList","@id":"https:\/\/www.sorosoro.org\/es\/las-lenguas-para-salvaguardar-conocimientos\/#breadcrumb","itemListElement":[{"@type":"ListItem","position":1,"name":"Accueil","item":"https:\/\/www.sorosoro.org\/es\/"},{"@type":"ListItem","position":2,"name":"Las lenguas para salvaguardar conocimientos"}]},{"@type":"WebSite","@id":"https:\/\/www.sorosoro.org\/es\/#website","url":"https:\/\/www.sorosoro.org\/es\/","name":"Sorosoro","description":"Pour que vivent les langues du monde !","potentialAction":[{"@type":"SearchAction","target":{"@type":"EntryPoint","urlTemplate":"https:\/\/www.sorosoro.org\/es\/?s={search_term_string}"},"query-input":{"@type":"PropertyValueSpecification","valueRequired":true,"valueName":"search_term_string"}}],"inLanguage":"es"}]}},"_links":{"self":[{"href":"https:\/\/www.sorosoro.org\/es\/wp-json\/wp\/v2\/pages\/371","targetHints":{"allow":["GET"]}}],"collection":[{"href":"https:\/\/www.sorosoro.org\/es\/wp-json\/wp\/v2\/pages"}],"about":[{"href":"https:\/\/www.sorosoro.org\/es\/wp-json\/wp\/v2\/types\/page"}],"author":[{"embeddable":true,"href":"https:\/\/www.sorosoro.org\/es\/wp-json\/wp\/v2\/users\/1"}],"replies":[{"embeddable":true,"href":"https:\/\/www.sorosoro.org\/es\/wp-json\/wp\/v2\/comments?post=371"}],"version-history":[{"count":0,"href":"https:\/\/www.sorosoro.org\/es\/wp-json\/wp\/v2\/pages\/371\/revisions"}],"wp:attachment":[{"href":"https:\/\/www.sorosoro.org\/es\/wp-json\/wp\/v2\/media?parent=371"}],"curies":[{"name":"wp","href":"https:\/\/api.w.org\/{rel}","templated":true}]}}