{"id":363,"date":"2009-07-27T09:59:18","date_gmt":"2009-07-27T07:59:18","guid":{"rendered":"http:\/\/www.sorosoro.org\/?page_id=363"},"modified":"2015-10-04T15:06:04","modified_gmt":"2015-10-04T13:06:04","slug":"la-linguistica-para-los-principiantes","status":"publish","type":"page","link":"https:\/\/www.sorosoro.org\/es\/todo-sobre-las-lenguas-en-el-mundo\/la-linguistica-para-los-principiantes\/","title":{"rendered":"La ling\u00fc\u00edstica para los principiantes"},"content":{"rendered":"<p>\u00a1 Clasificadores num\u00e9ricos, evidenciales, lenguas flexivas, idiomas polisint\u00e9ticas&#8230; todos estos t\u00e9rminos pueden parecer muy b\u00e1rbaros para los internautas que no son rotos a las sutilezas de la ling\u00fc\u00edstica! As\u00ed que aqu\u00ed vamos a proponerle un glosario b\u00e1sico que le permitir\u00e1 encontrarse en este jerga.<\/p>\n<p>Esta p\u00e1gina est\u00e1 en proceso de traducci\u00f3n en espa\u00f1ol. Usted puede por ahora referirse a:<br \/>\n&#8211; <a href=\"http:\/\/www.sorosoro.org\/tout-savoir-sur-les-langues\/la-linguistique-pour-les-debutants\/\">su versi\u00f3n en franc\u00e9s<\/a><br \/>\n&#8211; <a href=\"http:\/\/www.sorosoro.org\/en\/all-about-languages-%E2%80%8B%E2%80%8Bin-the-world\/linguistics-for-beginners\/\">su versi\u00f3n en ingl\u00e9s<\/a><\/p>\n","protected":false},"excerpt":{"rendered":"<p>\u00a1 Clasificadores num\u00e9ricos, evidenciales, lenguas flexivas, idiomas polisint\u00e9ticas&#8230; todos estos t\u00e9rminos pueden parecer muy b\u00e1rbaros para los internautas que no son rotos a las sutilezas de la ling\u00fc\u00edstica! As\u00ed que aqu\u00ed vamos a proponerle un glosario b\u00e1sico que le permitir\u00e1 encontrarse en este jerga. Esta p\u00e1gina est\u00e1 en proceso de traducci\u00f3n en espa\u00f1ol. Usted puede [&hellip;]<\/p>\n","protected":false},"author":1,"featured_media":0,"parent":63897,"menu_order":4,"comment_status":"closed","ping_status":"open","template":"","meta":{"footnotes":""},"class_list":["post-363","page","type-page","status-publish","hentry"],"yoast_head":"<!-- This site is optimized with the Yoast SEO plugin v27.0 - https:\/\/yoast.com\/product\/yoast-seo-wordpress\/ -->\n<title>La ling\u00fc\u00edstica para los principiantes - Sorosoro<\/title>\n<meta name=\"robots\" content=\"index, follow, max-snippet:-1, max-image-preview:large, max-video-preview:-1\" \/>\n<link rel=\"canonical\" href=\"https:\/\/www.sorosoro.org\/es\/todo-sobre-las-lenguas-en-el-mundo\/la-linguistica-para-los-principiantes\/\" \/>\n<meta property=\"og:locale\" content=\"es_ES\" \/>\n<meta property=\"og:type\" content=\"article\" \/>\n<meta property=\"og:title\" content=\"La ling\u00fc\u00edstica para los principiantes - Sorosoro\" \/>\n<meta property=\"og:description\" content=\"\u00a1 Clasificadores num\u00e9ricos, evidenciales, lenguas flexivas, idiomas polisint\u00e9ticas&#8230; todos estos t\u00e9rminos pueden parecer muy b\u00e1rbaros para los internautas que no son rotos a las sutilezas de la ling\u00fc\u00edstica! As\u00ed que aqu\u00ed vamos a proponerle un glosario b\u00e1sico que le permitir\u00e1 encontrarse en este jerga. Esta p\u00e1gina est\u00e1 en proceso de traducci\u00f3n en espa\u00f1ol. Usted puede [&hellip;]\" \/>\n<meta property=\"og:url\" content=\"https:\/\/www.sorosoro.org\/es\/todo-sobre-las-lenguas-en-el-mundo\/la-linguistica-para-los-principiantes\/\" \/>\n<meta property=\"og:site_name\" content=\"Sorosoro\" \/>\n<meta property=\"article:modified_time\" content=\"2015-10-04T13:06:04+00:00\" \/>\n<meta name=\"twitter:card\" content=\"summary_large_image\" \/>\n<script type=\"application\/ld+json\" class=\"yoast-schema-graph\">{\"@context\":\"https:\/\/schema.org\",\"@graph\":[{\"@type\":\"WebPage\",\"@id\":\"https:\/\/www.sorosoro.org\/es\/todo-sobre-las-lenguas-en-el-mundo\/la-linguistica-para-los-principiantes\/\",\"url\":\"https:\/\/www.sorosoro.org\/es\/todo-sobre-las-lenguas-en-el-mundo\/la-linguistica-para-los-principiantes\/\",\"name\":\"La ling\u00fc\u00edstica para los principiantes - Sorosoro\",\"isPartOf\":{\"@id\":\"https:\/\/www.sorosoro.org\/es\/#website\"},\"datePublished\":\"2009-07-27T07:59:18+00:00\",\"dateModified\":\"2015-10-04T13:06:04+00:00\",\"breadcrumb\":{\"@id\":\"https:\/\/www.sorosoro.org\/es\/todo-sobre-las-lenguas-en-el-mundo\/la-linguistica-para-los-principiantes\/#breadcrumb\"},\"inLanguage\":\"es\",\"potentialAction\":[{\"@type\":\"ReadAction\",\"target\":[\"https:\/\/www.sorosoro.org\/es\/todo-sobre-las-lenguas-en-el-mundo\/la-linguistica-para-los-principiantes\/\"]}]},{\"@type\":\"BreadcrumbList\",\"@id\":\"https:\/\/www.sorosoro.org\/es\/todo-sobre-las-lenguas-en-el-mundo\/la-linguistica-para-los-principiantes\/#breadcrumb\",\"itemListElement\":[{\"@type\":\"ListItem\",\"position\":1,\"name\":\"Accueil\",\"item\":\"https:\/\/www.sorosoro.org\/es\/\"},{\"@type\":\"ListItem\",\"position\":2,\"name\":\"Conozca todo sobre el lenguaje en el mundo\",\"item\":\"https:\/\/www.sorosoro.org\/es\/todo-sobre-las-lenguas-en-el-mundo\/\"},{\"@type\":\"ListItem\",\"position\":3,\"name\":\"La ling\u00fc\u00edstica para los principiantes\"}]},{\"@type\":\"WebSite\",\"@id\":\"https:\/\/www.sorosoro.org\/es\/#website\",\"url\":\"https:\/\/www.sorosoro.org\/es\/\",\"name\":\"Sorosoro\",\"description\":\"Pour que vivent les langues du monde !\",\"potentialAction\":[{\"@type\":\"SearchAction\",\"target\":{\"@type\":\"EntryPoint\",\"urlTemplate\":\"https:\/\/www.sorosoro.org\/es\/?s={search_term_string}\"},\"query-input\":{\"@type\":\"PropertyValueSpecification\",\"valueRequired\":true,\"valueName\":\"search_term_string\"}}],\"inLanguage\":\"es\"}]}<\/script>\n<!-- \/ Yoast SEO plugin. -->","yoast_head_json":{"title":"La ling\u00fc\u00edstica para los principiantes - Sorosoro","robots":{"index":"index","follow":"follow","max-snippet":"max-snippet:-1","max-image-preview":"max-image-preview:large","max-video-preview":"max-video-preview:-1"},"canonical":"https:\/\/www.sorosoro.org\/es\/todo-sobre-las-lenguas-en-el-mundo\/la-linguistica-para-los-principiantes\/","og_locale":"es_ES","og_type":"article","og_title":"La ling\u00fc\u00edstica para los principiantes - Sorosoro","og_description":"\u00a1 Clasificadores num\u00e9ricos, evidenciales, lenguas flexivas, idiomas polisint\u00e9ticas&#8230; todos estos t\u00e9rminos pueden parecer muy b\u00e1rbaros para los internautas que no son rotos a las sutilezas de la ling\u00fc\u00edstica! As\u00ed que aqu\u00ed vamos a proponerle un glosario b\u00e1sico que le permitir\u00e1 encontrarse en este jerga. Esta p\u00e1gina est\u00e1 en proceso de traducci\u00f3n en espa\u00f1ol. Usted puede [&hellip;]","og_url":"https:\/\/www.sorosoro.org\/es\/todo-sobre-las-lenguas-en-el-mundo\/la-linguistica-para-los-principiantes\/","og_site_name":"Sorosoro","article_modified_time":"2015-10-04T13:06:04+00:00","twitter_card":"summary_large_image","schema":{"@context":"https:\/\/schema.org","@graph":[{"@type":"WebPage","@id":"https:\/\/www.sorosoro.org\/es\/todo-sobre-las-lenguas-en-el-mundo\/la-linguistica-para-los-principiantes\/","url":"https:\/\/www.sorosoro.org\/es\/todo-sobre-las-lenguas-en-el-mundo\/la-linguistica-para-los-principiantes\/","name":"La ling\u00fc\u00edstica para los principiantes - Sorosoro","isPartOf":{"@id":"https:\/\/www.sorosoro.org\/es\/#website"},"datePublished":"2009-07-27T07:59:18+00:00","dateModified":"2015-10-04T13:06:04+00:00","breadcrumb":{"@id":"https:\/\/www.sorosoro.org\/es\/todo-sobre-las-lenguas-en-el-mundo\/la-linguistica-para-los-principiantes\/#breadcrumb"},"inLanguage":"es","potentialAction":[{"@type":"ReadAction","target":["https:\/\/www.sorosoro.org\/es\/todo-sobre-las-lenguas-en-el-mundo\/la-linguistica-para-los-principiantes\/"]}]},{"@type":"BreadcrumbList","@id":"https:\/\/www.sorosoro.org\/es\/todo-sobre-las-lenguas-en-el-mundo\/la-linguistica-para-los-principiantes\/#breadcrumb","itemListElement":[{"@type":"ListItem","position":1,"name":"Accueil","item":"https:\/\/www.sorosoro.org\/es\/"},{"@type":"ListItem","position":2,"name":"Conozca todo sobre el lenguaje en el mundo","item":"https:\/\/www.sorosoro.org\/es\/todo-sobre-las-lenguas-en-el-mundo\/"},{"@type":"ListItem","position":3,"name":"La ling\u00fc\u00edstica para los principiantes"}]},{"@type":"WebSite","@id":"https:\/\/www.sorosoro.org\/es\/#website","url":"https:\/\/www.sorosoro.org\/es\/","name":"Sorosoro","description":"Pour que vivent les langues du monde !","potentialAction":[{"@type":"SearchAction","target":{"@type":"EntryPoint","urlTemplate":"https:\/\/www.sorosoro.org\/es\/?s={search_term_string}"},"query-input":{"@type":"PropertyValueSpecification","valueRequired":true,"valueName":"search_term_string"}}],"inLanguage":"es"}]}},"_links":{"self":[{"href":"https:\/\/www.sorosoro.org\/es\/wp-json\/wp\/v2\/pages\/363","targetHints":{"allow":["GET"]}}],"collection":[{"href":"https:\/\/www.sorosoro.org\/es\/wp-json\/wp\/v2\/pages"}],"about":[{"href":"https:\/\/www.sorosoro.org\/es\/wp-json\/wp\/v2\/types\/page"}],"author":[{"embeddable":true,"href":"https:\/\/www.sorosoro.org\/es\/wp-json\/wp\/v2\/users\/1"}],"replies":[{"embeddable":true,"href":"https:\/\/www.sorosoro.org\/es\/wp-json\/wp\/v2\/comments?post=363"}],"version-history":[{"count":0,"href":"https:\/\/www.sorosoro.org\/es\/wp-json\/wp\/v2\/pages\/363\/revisions"}],"up":[{"embeddable":true,"href":"https:\/\/www.sorosoro.org\/es\/wp-json\/wp\/v2\/pages\/63897"}],"wp:attachment":[{"href":"https:\/\/www.sorosoro.org\/es\/wp-json\/wp\/v2\/media?parent=363"}],"curies":[{"name":"wp","href":"https:\/\/api.w.org\/{rel}","templated":true}]}}