{"id":355,"date":"2009-07-27T09:57:07","date_gmt":"2009-07-27T07:57:07","guid":{"rendered":"http:\/\/www.sorosoro.org\/?page_id=355"},"modified":"2015-09-27T21:38:31","modified_gmt":"2015-09-27T19:38:31","slug":"por-que-salvar-las-lenguas","status":"publish","type":"page","link":"https:\/\/www.sorosoro.org\/es\/por-que-salvar-las-lenguas\/","title":{"rendered":"\u00bfPor qu\u00e9 los idiomas son todos importantes ?"},"content":{"rendered":"<\/p>\n<table>\n<tr>\n<td>\n<div class=\"content_block_left float_left\">\n<h5>El editorial de Rozenn Milin<br \/>\nDirectora de Sorosoro<\/h5>\n<p class=\"size-full wp-image-987 alignleft\" style=\"margin: 0px;\"><img loading=\"lazy\" decoding=\"async\" class=\" size-full wp-image-64123 alignleft\" src=\"http:\/\/www.sorosoro.org\/wp-content\/uploads\/Rozenn_Milin.jpg\" alt=\"Rozenn Milin, la directrice de Sorosoro\" width=\"150\" height=\"150\" \/>Una p\u00e1gina web dedicada a las lenguas en peligro de extinci\u00f3n en el mundo, \u00a1qu\u00e9 idea tan extra\u00f1a! Dir\u00edan algunos \u2026 en una \u00e9poca en que la tendencia es aprender no s\u00f3lo el ingl\u00e9s sino tambi\u00e9n el chino y el \u00e1rabe, preocuparse por \u201clas peque\u00f1as\u201d lenguas, pertenecientes a culturas lejanas, puede parecer in\u00fatil\u2026 A esos contestaremos :<br \/>\n\u00bfPor qu\u00e9 tenemos que pensar \u201cmonoling\u00fces\u201d cuando estamos dotados de la facultad de adquirir el dominio de varias lenguas?<br \/>\n\u00bfPor qu\u00e9 limitar nuestras mentes a nuestros propios horizontes, mientras que el resto del mundo tiene mucho que ense\u00f1arnos ?<br \/>\n\u00bfPor qu\u00e9 conformarse con el pensamiento m\u00e1s com\u00fan cuando salimos ganando al abrirnos a toda la diversidad que los dem\u00e1s nos pueden ofrecer?<\/p>\n<p class=\"size-full wp-image-987 alignleft\" style=\"margin: 0px;\">\n<\/div>\n<div class=\"content_block_right float_right\">\n<h5>Los beneficios de la diversidad ling\u00fc\u00edstica<\/h5>\n<p>&nbsp;<\/p>\n<div class=\"content_section content_section_title\">\n<h3><a style=\"text-decoration: none;\" href=\"\/es\/las-lenguas-para-salvaguardar-conocimientos\/\" target=\"_blank\">Las lenguas para salvaguardar conocimientos<\/a><\/h3>\n<\/div>\n<p>&nbsp;<\/p>\n<div class=\"content_section content_section_title\">\n<h3><a style=\"text-decoration: none;\" href=\"\/es\/las-lenguas-para-lograr-una-mejor-educacion\/\" target=\"_blank\">Las lenguas para lograr una mejor educaci\u00f3n<\/a><\/h3>\n<\/div>\n<p>&nbsp;<\/p>\n<div class=\"content_section content_section_title\">\n<h3><a style=\"text-decoration: none;\" href=\"\/es\/las-lenguas-al-servicio-del-desarrollo\/\" target=\"_blank\">Las lenguas al servicio del desarollo<\/a><\/h3>\n<\/div>\n<p>&nbsp;<\/p>\n<div class=\"content_section content_section_title\">\n<h3><a style=\"text-decoration: none;\" href=\"\/es\/las-lenguas-para-un-orgullo-recobrado\/\" target=\"_blank\">Las lenguas para un orgullo recobrado<\/a><\/h3>\n<\/div>\n<p>&nbsp;<\/p>\n<div class=\"content_section content_section_title\">\n<h3><a style=\"text-decoration: none;\" href=\"\/es\/las-lenguas-y-la-paz\/\" target=\"_blank\">Las lenguas y la paz<\/a><\/h3>\n<\/div>\n<p>&nbsp;<\/p>\n<div class=\"content_section content_section_title\">\n<h3><a style=\"text-decoration: none;\" href=\"\/es\/las-lenguas-tan-esenciales-como-el-patrimonio-material\/\" target=\"_blank\">Las lenguas tan valiosas como el patrimonio material<\/a><\/h3>\n<\/div>\n<\/div>\n<table width=\"750\" border=\"0\" cellspacing=\"0\" cellpadding=\"0\" style=\"line-height: 1.7;\">\n<tr>\n<td style=\"padding-top:8px\">En muchos lugares del mundo, particularmente aquellos que constituyen intersecciones geogr\u00e1ficas, comerciales o culturales, se habla 5, 6, 7 lenguas, peque\u00f1as y grandes, sin que ello suponga ning\u00fan problema. Y esas personas suelen dominar el franc\u00e9s, el ingl\u00e9s o el espa\u00f1ol como dominan el yoruba y el goal\u00ed, o el shina y el buruchasqu\u00ed. Por una sencilla y nada contradictoria raz\u00f3n: se puede comunicar perfectamente con las lenguas mayoritarias y hablar las menos extendidas.<\/p>\n<p>El desaf\u00edo, en ese caso, es preservar la diversidad y la declaraci\u00f3n del escritor Victor S\u00e9galen, que destacamos en nuestra p\u00e1gina inicial del sitio web, expresa muy bien lo que est\u00e1 en juego: Cuando la diversidad se repliega , <strong>es la humanidad que se empobrece.<\/strong><br \/>\n<strong><br \/>\nSi alg\u00fan d\u00eda la tierra entera debiera hablar una sola y misma lengua, comer la misma cocina, vestirse de modo id\u00e9ntico, pensar del mismo modo, no tendr\u00e1 m\u00e1s que un solo horizonte cultural y entonces s\u00f3lo nos quedar\u00e1n nuestros ojos para llorar la diversidad perdida.<br \/>\n\u00a1Vamos a asegurarnos de que esto no nos ocurra jam\u00e1s!<\/strong><\/td>\n<\/tr>\n<\/table>\n<\/td>\n<\/tr>\n<\/table>\n","protected":false},"excerpt":{"rendered":"<p>El editorial de Rozenn Milin Directora de Sorosoro Una p\u00e1gina web dedicada a las lenguas en peligro de extinci\u00f3n en el mundo, \u00a1qu\u00e9 idea tan extra\u00f1a! Dir\u00edan algunos \u2026 en una \u00e9poca en que la tendencia es aprender no s\u00f3lo el ingl\u00e9s sino tambi\u00e9n el chino y el \u00e1rabe, preocuparse por \u201clas peque\u00f1as\u201d lenguas, pertenecientes [&hellip;]<\/p>\n","protected":false},"author":1,"featured_media":0,"parent":0,"menu_order":1,"comment_status":"closed","ping_status":"open","template":"","meta":{"footnotes":""},"class_list":["post-355","page","type-page","status-publish","hentry"],"yoast_head":"<!-- This site is optimized with the Yoast SEO plugin v27.0 - https:\/\/yoast.com\/product\/yoast-seo-wordpress\/ -->\n<title>\u00bfPor qu\u00e9 los idiomas son todos importantes ? - Sorosoro<\/title>\n<meta name=\"robots\" content=\"index, follow, max-snippet:-1, max-image-preview:large, max-video-preview:-1\" \/>\n<link rel=\"canonical\" href=\"https:\/\/www.sorosoro.org\/es\/por-que-salvar-las-lenguas\/\" \/>\n<meta property=\"og:locale\" content=\"es_ES\" \/>\n<meta property=\"og:type\" content=\"article\" \/>\n<meta property=\"og:title\" content=\"\u00bfPor qu\u00e9 los idiomas son todos importantes ? - Sorosoro\" \/>\n<meta property=\"og:description\" content=\"El editorial de Rozenn Milin Directora de Sorosoro Una p\u00e1gina web dedicada a las lenguas en peligro de extinci\u00f3n en el mundo, \u00a1qu\u00e9 idea tan extra\u00f1a! Dir\u00edan algunos \u2026 en una \u00e9poca en que la tendencia es aprender no s\u00f3lo el ingl\u00e9s sino tambi\u00e9n el chino y el \u00e1rabe, preocuparse por \u201clas peque\u00f1as\u201d lenguas, pertenecientes [&hellip;]\" \/>\n<meta property=\"og:url\" content=\"https:\/\/www.sorosoro.org\/es\/por-que-salvar-las-lenguas\/\" \/>\n<meta property=\"og:site_name\" content=\"Sorosoro\" \/>\n<meta property=\"article:modified_time\" content=\"2015-09-27T19:38:31+00:00\" \/>\n<meta property=\"og:image\" content=\"http:\/\/www.sorosoro.org\/wp-content\/uploads\/Rozenn_Milin.jpg\" \/>\n<meta name=\"twitter:card\" content=\"summary_large_image\" \/>\n<meta name=\"twitter:label1\" content=\"Tiempo de lectura\" \/>\n\t<meta name=\"twitter:data1\" content=\"2 minutos\" \/>\n<script type=\"application\/ld+json\" class=\"yoast-schema-graph\">{\"@context\":\"https:\/\/schema.org\",\"@graph\":[{\"@type\":\"WebPage\",\"@id\":\"https:\/\/www.sorosoro.org\/es\/por-que-salvar-las-lenguas\/\",\"url\":\"https:\/\/www.sorosoro.org\/es\/por-que-salvar-las-lenguas\/\",\"name\":\"\u00bfPor qu\u00e9 los idiomas son todos importantes ? - Sorosoro\",\"isPartOf\":{\"@id\":\"https:\/\/www.sorosoro.org\/es\/#website\"},\"primaryImageOfPage\":{\"@id\":\"https:\/\/www.sorosoro.org\/es\/por-que-salvar-las-lenguas\/#primaryimage\"},\"image\":{\"@id\":\"https:\/\/www.sorosoro.org\/es\/por-que-salvar-las-lenguas\/#primaryimage\"},\"thumbnailUrl\":\"http:\/\/www.sorosoro.org\/wp-content\/uploads\/Rozenn_Milin.jpg\",\"datePublished\":\"2009-07-27T07:57:07+00:00\",\"dateModified\":\"2015-09-27T19:38:31+00:00\",\"breadcrumb\":{\"@id\":\"https:\/\/www.sorosoro.org\/es\/por-que-salvar-las-lenguas\/#breadcrumb\"},\"inLanguage\":\"es\",\"potentialAction\":[{\"@type\":\"ReadAction\",\"target\":[\"https:\/\/www.sorosoro.org\/es\/por-que-salvar-las-lenguas\/\"]}]},{\"@type\":\"ImageObject\",\"inLanguage\":\"es\",\"@id\":\"https:\/\/www.sorosoro.org\/es\/por-que-salvar-las-lenguas\/#primaryimage\",\"url\":\"http:\/\/www.sorosoro.org\/wp-content\/uploads\/Rozenn_Milin.jpg\",\"contentUrl\":\"http:\/\/www.sorosoro.org\/wp-content\/uploads\/Rozenn_Milin.jpg\"},{\"@type\":\"BreadcrumbList\",\"@id\":\"https:\/\/www.sorosoro.org\/es\/por-que-salvar-las-lenguas\/#breadcrumb\",\"itemListElement\":[{\"@type\":\"ListItem\",\"position\":1,\"name\":\"Accueil\",\"item\":\"https:\/\/www.sorosoro.org\/es\/\"},{\"@type\":\"ListItem\",\"position\":2,\"name\":\"\u00bfPor qu\u00e9 los idiomas son todos importantes ?\"}]},{\"@type\":\"WebSite\",\"@id\":\"https:\/\/www.sorosoro.org\/es\/#website\",\"url\":\"https:\/\/www.sorosoro.org\/es\/\",\"name\":\"Sorosoro\",\"description\":\"Pour que vivent les langues du monde !\",\"potentialAction\":[{\"@type\":\"SearchAction\",\"target\":{\"@type\":\"EntryPoint\",\"urlTemplate\":\"https:\/\/www.sorosoro.org\/es\/?s={search_term_string}\"},\"query-input\":{\"@type\":\"PropertyValueSpecification\",\"valueRequired\":true,\"valueName\":\"search_term_string\"}}],\"inLanguage\":\"es\"}]}<\/script>\n<!-- \/ Yoast SEO plugin. -->","yoast_head_json":{"title":"\u00bfPor qu\u00e9 los idiomas son todos importantes ? - Sorosoro","robots":{"index":"index","follow":"follow","max-snippet":"max-snippet:-1","max-image-preview":"max-image-preview:large","max-video-preview":"max-video-preview:-1"},"canonical":"https:\/\/www.sorosoro.org\/es\/por-que-salvar-las-lenguas\/","og_locale":"es_ES","og_type":"article","og_title":"\u00bfPor qu\u00e9 los idiomas son todos importantes ? - Sorosoro","og_description":"El editorial de Rozenn Milin Directora de Sorosoro Una p\u00e1gina web dedicada a las lenguas en peligro de extinci\u00f3n en el mundo, \u00a1qu\u00e9 idea tan extra\u00f1a! Dir\u00edan algunos \u2026 en una \u00e9poca en que la tendencia es aprender no s\u00f3lo el ingl\u00e9s sino tambi\u00e9n el chino y el \u00e1rabe, preocuparse por \u201clas peque\u00f1as\u201d lenguas, pertenecientes [&hellip;]","og_url":"https:\/\/www.sorosoro.org\/es\/por-que-salvar-las-lenguas\/","og_site_name":"Sorosoro","article_modified_time":"2015-09-27T19:38:31+00:00","og_image":[{"url":"http:\/\/www.sorosoro.org\/wp-content\/uploads\/Rozenn_Milin.jpg","type":"","width":"","height":""}],"twitter_card":"summary_large_image","twitter_misc":{"Tiempo de lectura":"2 minutos"},"schema":{"@context":"https:\/\/schema.org","@graph":[{"@type":"WebPage","@id":"https:\/\/www.sorosoro.org\/es\/por-que-salvar-las-lenguas\/","url":"https:\/\/www.sorosoro.org\/es\/por-que-salvar-las-lenguas\/","name":"\u00bfPor qu\u00e9 los idiomas son todos importantes ? - Sorosoro","isPartOf":{"@id":"https:\/\/www.sorosoro.org\/es\/#website"},"primaryImageOfPage":{"@id":"https:\/\/www.sorosoro.org\/es\/por-que-salvar-las-lenguas\/#primaryimage"},"image":{"@id":"https:\/\/www.sorosoro.org\/es\/por-que-salvar-las-lenguas\/#primaryimage"},"thumbnailUrl":"http:\/\/www.sorosoro.org\/wp-content\/uploads\/Rozenn_Milin.jpg","datePublished":"2009-07-27T07:57:07+00:00","dateModified":"2015-09-27T19:38:31+00:00","breadcrumb":{"@id":"https:\/\/www.sorosoro.org\/es\/por-que-salvar-las-lenguas\/#breadcrumb"},"inLanguage":"es","potentialAction":[{"@type":"ReadAction","target":["https:\/\/www.sorosoro.org\/es\/por-que-salvar-las-lenguas\/"]}]},{"@type":"ImageObject","inLanguage":"es","@id":"https:\/\/www.sorosoro.org\/es\/por-que-salvar-las-lenguas\/#primaryimage","url":"http:\/\/www.sorosoro.org\/wp-content\/uploads\/Rozenn_Milin.jpg","contentUrl":"http:\/\/www.sorosoro.org\/wp-content\/uploads\/Rozenn_Milin.jpg"},{"@type":"BreadcrumbList","@id":"https:\/\/www.sorosoro.org\/es\/por-que-salvar-las-lenguas\/#breadcrumb","itemListElement":[{"@type":"ListItem","position":1,"name":"Accueil","item":"https:\/\/www.sorosoro.org\/es\/"},{"@type":"ListItem","position":2,"name":"\u00bfPor qu\u00e9 los idiomas son todos importantes ?"}]},{"@type":"WebSite","@id":"https:\/\/www.sorosoro.org\/es\/#website","url":"https:\/\/www.sorosoro.org\/es\/","name":"Sorosoro","description":"Pour que vivent les langues du monde !","potentialAction":[{"@type":"SearchAction","target":{"@type":"EntryPoint","urlTemplate":"https:\/\/www.sorosoro.org\/es\/?s={search_term_string}"},"query-input":{"@type":"PropertyValueSpecification","valueRequired":true,"valueName":"search_term_string"}}],"inLanguage":"es"}]}},"_links":{"self":[{"href":"https:\/\/www.sorosoro.org\/es\/wp-json\/wp\/v2\/pages\/355","targetHints":{"allow":["GET"]}}],"collection":[{"href":"https:\/\/www.sorosoro.org\/es\/wp-json\/wp\/v2\/pages"}],"about":[{"href":"https:\/\/www.sorosoro.org\/es\/wp-json\/wp\/v2\/types\/page"}],"author":[{"embeddable":true,"href":"https:\/\/www.sorosoro.org\/es\/wp-json\/wp\/v2\/users\/1"}],"replies":[{"embeddable":true,"href":"https:\/\/www.sorosoro.org\/es\/wp-json\/wp\/v2\/comments?post=355"}],"version-history":[{"count":0,"href":"https:\/\/www.sorosoro.org\/es\/wp-json\/wp\/v2\/pages\/355\/revisions"}],"wp:attachment":[{"href":"https:\/\/www.sorosoro.org\/es\/wp-json\/wp\/v2\/media?parent=355"}],"curies":[{"name":"wp","href":"https:\/\/api.w.org\/{rel}","templated":true}]}}