{"id":353,"date":"2009-07-27T09:56:06","date_gmt":"2009-07-27T07:56:06","guid":{"rendered":"http:\/\/www.sorosoro.org\/?page_id=353"},"modified":"2015-09-28T01:16:20","modified_gmt":"2015-09-27T23:16:20","slug":"algunas-indicaciones-sobre-las-lenguas-en-peligro","status":"publish","type":"page","link":"https:\/\/www.sorosoro.org\/es\/todo-sobre-las-lenguas-en-el-mundo\/algunas-indicaciones-sobre-las-lenguas-en-peligro\/","title":{"rendered":"Las lenguas en peligro"},"content":{"rendered":"<h5 style=\"text-align: justify;\">La diversidad ling\u00fc\u00edstica: una hecatombe anunciada<\/h5>\n<p style=\"text-align: justify;\">El n\u00famero de lenguas habladas hoy en el mundo es estimado entre 6000 y 7000, pero la mitad de ellas morir\u00e1 probablemente a lo largo de este siglo. Con esos idiomas, van a desaparecer fragmentos enteros de las culturas de la humanidad.<\/p>\n<h5 style=\"text-align: justify;\">La diversidad ling\u00fc\u00edstica a lo largo de los siglos<\/h5>\n<p style=\"text-align: justify;\">Hasta las grandes conquistas de finales de siglo XV, el planeta contaba con una diversidad ling\u00fc\u00edstica mucho mas importante que actualmente. Luego, las oleadas de la colonizaci\u00f3n y los perjuicios que han implicado (matanzas, deportaciones, enfermedades etc.), iniciaron el proceso de empobrecimiento cultural y ling\u00fc\u00edstico.<\/p>\n<p style=\"text-align: justify;\">A lo largo de los tres \u00faltimos siglos, centenas de lenguas han desaparecido de esa manera, pero en el siglo XX las cosas se aceleraron, y se cuenta con que el siglo XXI sea el testigo de un desastre sin vuelta atr\u00e1s.<\/p>\n<h5 style=\"text-align: justify;\">La situaci\u00f3n hoy en d\u00eda<\/h5>\n<p style=\"text-align: justify;\">Ahora, la situaci\u00f3n es verdaderamente dram\u00e1tica, y algunas cifras claves nos permiten darnos cuenta de la emergencia.<\/p>\n<p style=\"text-align: justify;\">&#8211; 500 lenguas est\u00e1n habladas por menos de 100 locutores;<\/p>\n<p style=\"text-align: justify;\">&#8211; El 96% de las lenguas est\u00e1n habladas s\u00f3lo por el 4% de la poblaci\u00f3n mundial;<\/p>\n<p style=\"text-align: justify;\">&#8211; Mas del 90% del contenido de Internet esta redactado en s\u00f3lo 12 idiomas;<\/p>\n<p style=\"text-align: justify;\">&#8211; Seg\u00fan la UNESCO, \u201cen promedio desaparece una lengua cada dos semanas\u201d;<\/p>\n<p style=\"text-align: justify;\">&#8211; As\u00ed pues, el 50% de las lenguas existentes podr\u00edan desaparecer a lo largo de este siglo seg\u00fan los cient\u00edficos.<\/p>\n<h5 style=\"text-align: justify;\">Repartici\u00f3n actual de las lenguas en el mundo<\/h5>\n<p style=\"text-align: justify;\">Aproximadamente la mitad de los 6000 o 7000 idiomas a\u00fan hablados en el mundo est\u00e1n concentrados en 6 Estados, que contabilizan cada uno m\u00e1s de 200 idiomas:<\/p>\n<p style=\"text-align: justify;\">&#8211; India : aproximadamente 860<\/p>\n<p style=\"text-align: justify;\">&#8211; Pap\u00faa-Nueva Guinea : aproximadamente 860<\/p>\n<p style=\"text-align: justify;\">&#8211; Indonesia : aproximadamente 700<\/p>\n<p style=\"text-align: justify;\">&#8211; Nigeria : aproximadamente 510<\/p>\n<p style=\"text-align: justify;\">&#8211; Camer\u00fan : aproximadamente 280<\/p>\n<p style=\"text-align: justify;\">&#8211; Republica del Congo : aproximadamente 215<\/p>\n<p style=\"text-align: justify;\">Siguen despu\u00e9s 11 pa\u00edses que contabilizan entre 100 y 200 idiomas: Australia, China, Estados unidos, Brasil, Chad, Filipinas, Sud\u00e1n, Tanzania, Malasia, Nepal y Vanuatu.<\/p>\n<h5 style=\"text-align: justify;\"><strong>Algunos ejemplos :<\/strong><\/h5>\n<p style=\"text-align: justify;\">\u27a2 <strong>Australia<\/strong><\/p>\n<p style=\"text-align: justify;\">Hasta la llegada de los colonos en el siglo XVIII, alrededor de 250 lenguas abor\u00edgenes se hablaban en Australia. 100 de ellas han desaparecido totalmente, 140 son habladas principalmente por ancianos, y s\u00f3lo 12 siguen vivas y habladas por los ni\u00f1os.<\/p>\n<p style=\"text-align: justify;\">\u27a2 <strong>America Latina<\/strong><\/p>\n<p style=\"text-align: justify;\">La hecatombe de los idiomas fue considerable despu\u00e9s de la colonizaci\u00f3n de M\u00e9xico: el 90% de la poblaci\u00f3n ind\u00edgena desapareci\u00f3.<\/p>\n<p style=\"text-align: center;\"><a href=\"http:\/\/www.sorosoro.org\/les-langues-en-danger\/tout-savoir-sur-les-langues-en-danger\/varios-167_1-3\" rel=\"attachment wp-att-8285\"><img loading=\"lazy\" decoding=\"async\" class=\"aligncenter size-full wp-image-8285\" title=\"Guatemala par Jos\u00e9 Reyn\u00e8s\" src=\"http:\/\/www.sorosoro.org\/wp-content\/uploads\/Guatemala\u00a9Jose-Reynes1.jpg\" alt=\"Guatemala par Jos\u00e9 Reyn\u00e8s\" width=\"300\" height=\"168\" \/><\/a><\/p>\n<p style=\"text-align: justify;\">En la \u00e9poca precolombina, exist\u00edan 1200 idiomas en Brasil. Hoy solo quedan 170, y la mayor parte de ellos en v\u00eda de extinci\u00f3n. Cerca de la mitad de estas lenguas, situadas en regiones poco accesibles, a\u00fan no han sido estudiadas.<\/p>\n<p style=\"text-align: justify;\">En Uruguay, la poblaci\u00f3n ind\u00edgena desapareci\u00f3 en su totalidad y ning\u00fan idioma indio ind\u00edgena ha subsistido.<\/p>\n<p style=\"text-align: justify;\">\u27a2<strong> America del Norte<\/strong><\/p>\n<p style=\"text-align: justify;\">Se contabilizaba aproximadamente 600 o 700 idiomas antes de la llegada de los europeos. En medio del siglo XX, s\u00f3lo quedaban 213. Con la generalizaci\u00f3n del ingl\u00e9s como lengua de comunicaci\u00f3n global, esta cifra no ha dejado de caer desde hace 50 a\u00f1os y solo uno de esos idiomas ya no es considerado hoy d\u00eda como amenazado : el kalaallisut (idioma inuit, de la familia de los idiomas Eskimo-ale\u00fates) en Groenlandia.<\/p>\n<p style=\"text-align: justify;\">\u27a2 <strong>\u00c1frica<\/strong><\/p>\n<p style=\"text-align: justify;\">\u00c1frica contabiliza hoy aproximadamente 2 000 idiomas o sea alrededor de un tercio de las lenguas del mundo. Al menos 200 de ellas est\u00e1n muri\u00e9ndose.<\/p>\n<p style=\"text-align: center;\"><a href=\"http:\/\/www.sorosoro.org\/les-langues-en-danger\/tout-savoir-sur-les-langues-en-danger\/pirogues_du_soir_espoir\" rel=\"attachment wp-att-3920\"><img loading=\"lazy\" decoding=\"async\" class=\"aligncenter size-medium wp-image-3920\" title=\"Pirogues chez les Ak\u00e9l\u00e9s au Gabon par Luc-Henri FAGE\" src=\"http:\/\/www.sorosoro.org\/wp-content\/uploads\/pirogues_du_soir_espoir-300x168.jpg\" alt=\"Pirogues chez les Ak\u00e9l\u00e9s au Gabon par Luc-Henri FAGE\" width=\"300\" height=\"168\" srcset=\"https:\/\/www.sorosoro.org\/wp-content\/uploads\/pirogues_du_soir_espoir-300x168.jpg 300w, https:\/\/www.sorosoro.org\/wp-content\/uploads\/pirogues_du_soir_espoir.jpg 640w\" sizes=\"auto, (max-width: 300px) 100vw, 300px\" \/><\/a><\/p>\n<p style=\"text-align: justify;\">\u27a2 <strong>Europa<\/strong><\/p>\n<p style=\"text-align: justify;\">La familia de los idiomas c\u00e9lticos (irland\u00e9s, escoc\u00e9s, gal\u00e9s, c\u00f3rnico y el bret\u00f3n) es el \u00fanico grupo dentro de las lenguas indo-europeas que se halla en peligro en su totalidad, aunque hay m\u00e1s de cuarenta idiomas indo-europeos en peligro . Otro grupo que corre el riesgo de extinguirse en su totalidad, es el de las lenguas sami (a veces consideradas como un conjunto de dialectos), que pertenecen a la familia de las lenguas urales. Otras veinte lenguas urales est\u00e1n en peligro tambi\u00e9n. A estas lenguas hay que a\u00f1adir el eusquera (el idioma vasco), que no pertenece a ninguna familia catalogada.<\/p>\n<p style=\"text-align: center;\"><a href=\"http:\/\/www.sorosoro.org\/les-langues-en-danger\/tout-savoir-sur-les-langues-en-danger\/dsc_0254-jpg\" rel=\"attachment wp-att-8656\"><img loading=\"lazy\" decoding=\"async\" class=\"aligncenter size-medium wp-image-8656\" title=\"Bretagne \u00a9 Tashi Dorjee\" src=\"http:\/\/www.sorosoro.org\/wp-content\/uploads\/122-300x199.jpg\" alt=\"Bretagne \u00a9 Tashi Dorjee\" width=\"300\" height=\"168\" \/><\/a><\/p>\n<p style=\"text-align: justify;\">Hasta el a\u00f1o 1826, el bret\u00f3n estaba hablado por m\u00e1s de un mill\u00f3n de personas. Ahora, solo quedan 200 000 y la mayor parte de los locutores tiene m\u00e1s de 60 a\u00f1os. El bret\u00f3n est\u00e1 clasificado por la UNESCO como \u201c<strong>lengua en gran peligro<\/strong>\u201d.<\/p>\n<p>A ces langues s\u2019ajoute la langue basque, qui n\u2019appartient \u00e0 aucune famille r\u00e9pertori\u00e9e.<br \/>\n&nbsp;<\/p>\n<h5>Pour en savoir plus<\/h5>\n<p><a href=\" http:\/\/www.sorosoro.org\/a-lire\">Quelques livres sur les langues en danger<\/a><\/p>\n<p><a href=\"http:\/\/www.sorosoro.org\/etre-linguiste-de-la-documentation-a-lengagement\/\">\u00abEtre linguiste : de la documentation \u00e0 l&#8217;engagement\u00bb<\/a> <em>Un article de la linguiste Colette Grinevald sur les linguistes de terrain<\/em><\/p>\n","protected":false},"excerpt":{"rendered":"<p>La diversidad ling\u00fc\u00edstica: una hecatombe anunciada El n\u00famero de lenguas habladas hoy en el mundo es estimado entre 6000 y 7000, pero la mitad de ellas morir\u00e1 probablemente a lo largo de este siglo. Con esos idiomas, van a desaparecer fragmentos enteros de las culturas de la humanidad. La diversidad ling\u00fc\u00edstica a lo largo de [&hellip;]<\/p>\n","protected":false},"author":1,"featured_media":0,"parent":63897,"menu_order":3,"comment_status":"closed","ping_status":"open","template":"","meta":{"footnotes":""},"class_list":["post-353","page","type-page","status-publish","hentry"],"yoast_head":"<!-- This site is optimized with the Yoast SEO plugin v27.0 - https:\/\/yoast.com\/product\/yoast-seo-wordpress\/ -->\n<title>Las lenguas en peligro - Sorosoro<\/title>\n<meta name=\"robots\" content=\"index, follow, max-snippet:-1, max-image-preview:large, max-video-preview:-1\" \/>\n<link rel=\"canonical\" href=\"https:\/\/www.sorosoro.org\/es\/todo-sobre-las-lenguas-en-el-mundo\/algunas-indicaciones-sobre-las-lenguas-en-peligro\/\" \/>\n<meta property=\"og:locale\" content=\"es_ES\" \/>\n<meta property=\"og:type\" content=\"article\" \/>\n<meta property=\"og:title\" content=\"Las lenguas en peligro - Sorosoro\" \/>\n<meta property=\"og:description\" content=\"La diversidad ling\u00fc\u00edstica: una hecatombe anunciada El n\u00famero de lenguas habladas hoy en el mundo es estimado entre 6000 y 7000, pero la mitad de ellas morir\u00e1 probablemente a lo largo de este siglo. Con esos idiomas, van a desaparecer fragmentos enteros de las culturas de la humanidad. La diversidad ling\u00fc\u00edstica a lo largo de [&hellip;]\" \/>\n<meta property=\"og:url\" content=\"https:\/\/www.sorosoro.org\/es\/todo-sobre-las-lenguas-en-el-mundo\/algunas-indicaciones-sobre-las-lenguas-en-peligro\/\" \/>\n<meta property=\"og:site_name\" content=\"Sorosoro\" \/>\n<meta property=\"article:modified_time\" content=\"2015-09-27T23:16:20+00:00\" \/>\n<meta property=\"og:image\" content=\"http:\/\/www.sorosoro.org\/wp-content\/uploads\/pirogues_du_soir_espoir-300x168.jpg\" \/>\n<meta name=\"twitter:card\" content=\"summary_large_image\" \/>\n<meta name=\"twitter:label1\" content=\"Tiempo de lectura\" \/>\n\t<meta name=\"twitter:data1\" content=\"4 minutos\" \/>\n<script type=\"application\/ld+json\" class=\"yoast-schema-graph\">{\"@context\":\"https:\/\/schema.org\",\"@graph\":[{\"@type\":\"WebPage\",\"@id\":\"https:\/\/www.sorosoro.org\/es\/todo-sobre-las-lenguas-en-el-mundo\/algunas-indicaciones-sobre-las-lenguas-en-peligro\/\",\"url\":\"https:\/\/www.sorosoro.org\/es\/todo-sobre-las-lenguas-en-el-mundo\/algunas-indicaciones-sobre-las-lenguas-en-peligro\/\",\"name\":\"Las lenguas en peligro - Sorosoro\",\"isPartOf\":{\"@id\":\"https:\/\/www.sorosoro.org\/es\/#website\"},\"primaryImageOfPage\":{\"@id\":\"https:\/\/www.sorosoro.org\/es\/todo-sobre-las-lenguas-en-el-mundo\/algunas-indicaciones-sobre-las-lenguas-en-peligro\/#primaryimage\"},\"image\":{\"@id\":\"https:\/\/www.sorosoro.org\/es\/todo-sobre-las-lenguas-en-el-mundo\/algunas-indicaciones-sobre-las-lenguas-en-peligro\/#primaryimage\"},\"thumbnailUrl\":\"http:\/\/www.sorosoro.org\/wp-content\/uploads\/pirogues_du_soir_espoir-300x168.jpg\",\"datePublished\":\"2009-07-27T07:56:06+00:00\",\"dateModified\":\"2015-09-27T23:16:20+00:00\",\"breadcrumb\":{\"@id\":\"https:\/\/www.sorosoro.org\/es\/todo-sobre-las-lenguas-en-el-mundo\/algunas-indicaciones-sobre-las-lenguas-en-peligro\/#breadcrumb\"},\"inLanguage\":\"es\",\"potentialAction\":[{\"@type\":\"ReadAction\",\"target\":[\"https:\/\/www.sorosoro.org\/es\/todo-sobre-las-lenguas-en-el-mundo\/algunas-indicaciones-sobre-las-lenguas-en-peligro\/\"]}]},{\"@type\":\"ImageObject\",\"inLanguage\":\"es\",\"@id\":\"https:\/\/www.sorosoro.org\/es\/todo-sobre-las-lenguas-en-el-mundo\/algunas-indicaciones-sobre-las-lenguas-en-peligro\/#primaryimage\",\"url\":\"http:\/\/www.sorosoro.org\/wp-content\/uploads\/pirogues_du_soir_espoir-300x168.jpg\",\"contentUrl\":\"http:\/\/www.sorosoro.org\/wp-content\/uploads\/pirogues_du_soir_espoir-300x168.jpg\"},{\"@type\":\"BreadcrumbList\",\"@id\":\"https:\/\/www.sorosoro.org\/es\/todo-sobre-las-lenguas-en-el-mundo\/algunas-indicaciones-sobre-las-lenguas-en-peligro\/#breadcrumb\",\"itemListElement\":[{\"@type\":\"ListItem\",\"position\":1,\"name\":\"Accueil\",\"item\":\"https:\/\/www.sorosoro.org\/es\/\"},{\"@type\":\"ListItem\",\"position\":2,\"name\":\"Conozca todo sobre el lenguaje en el mundo\",\"item\":\"https:\/\/www.sorosoro.org\/es\/todo-sobre-las-lenguas-en-el-mundo\/\"},{\"@type\":\"ListItem\",\"position\":3,\"name\":\"Las lenguas en peligro\"}]},{\"@type\":\"WebSite\",\"@id\":\"https:\/\/www.sorosoro.org\/es\/#website\",\"url\":\"https:\/\/www.sorosoro.org\/es\/\",\"name\":\"Sorosoro\",\"description\":\"Pour que vivent les langues du monde !\",\"potentialAction\":[{\"@type\":\"SearchAction\",\"target\":{\"@type\":\"EntryPoint\",\"urlTemplate\":\"https:\/\/www.sorosoro.org\/es\/?s={search_term_string}\"},\"query-input\":{\"@type\":\"PropertyValueSpecification\",\"valueRequired\":true,\"valueName\":\"search_term_string\"}}],\"inLanguage\":\"es\"}]}<\/script>\n<!-- \/ Yoast SEO plugin. -->","yoast_head_json":{"title":"Las lenguas en peligro - Sorosoro","robots":{"index":"index","follow":"follow","max-snippet":"max-snippet:-1","max-image-preview":"max-image-preview:large","max-video-preview":"max-video-preview:-1"},"canonical":"https:\/\/www.sorosoro.org\/es\/todo-sobre-las-lenguas-en-el-mundo\/algunas-indicaciones-sobre-las-lenguas-en-peligro\/","og_locale":"es_ES","og_type":"article","og_title":"Las lenguas en peligro - Sorosoro","og_description":"La diversidad ling\u00fc\u00edstica: una hecatombe anunciada El n\u00famero de lenguas habladas hoy en el mundo es estimado entre 6000 y 7000, pero la mitad de ellas morir\u00e1 probablemente a lo largo de este siglo. Con esos idiomas, van a desaparecer fragmentos enteros de las culturas de la humanidad. La diversidad ling\u00fc\u00edstica a lo largo de [&hellip;]","og_url":"https:\/\/www.sorosoro.org\/es\/todo-sobre-las-lenguas-en-el-mundo\/algunas-indicaciones-sobre-las-lenguas-en-peligro\/","og_site_name":"Sorosoro","article_modified_time":"2015-09-27T23:16:20+00:00","og_image":[{"url":"http:\/\/www.sorosoro.org\/wp-content\/uploads\/pirogues_du_soir_espoir-300x168.jpg","type":"","width":"","height":""}],"twitter_card":"summary_large_image","twitter_misc":{"Tiempo de lectura":"4 minutos"},"schema":{"@context":"https:\/\/schema.org","@graph":[{"@type":"WebPage","@id":"https:\/\/www.sorosoro.org\/es\/todo-sobre-las-lenguas-en-el-mundo\/algunas-indicaciones-sobre-las-lenguas-en-peligro\/","url":"https:\/\/www.sorosoro.org\/es\/todo-sobre-las-lenguas-en-el-mundo\/algunas-indicaciones-sobre-las-lenguas-en-peligro\/","name":"Las lenguas en peligro - Sorosoro","isPartOf":{"@id":"https:\/\/www.sorosoro.org\/es\/#website"},"primaryImageOfPage":{"@id":"https:\/\/www.sorosoro.org\/es\/todo-sobre-las-lenguas-en-el-mundo\/algunas-indicaciones-sobre-las-lenguas-en-peligro\/#primaryimage"},"image":{"@id":"https:\/\/www.sorosoro.org\/es\/todo-sobre-las-lenguas-en-el-mundo\/algunas-indicaciones-sobre-las-lenguas-en-peligro\/#primaryimage"},"thumbnailUrl":"http:\/\/www.sorosoro.org\/wp-content\/uploads\/pirogues_du_soir_espoir-300x168.jpg","datePublished":"2009-07-27T07:56:06+00:00","dateModified":"2015-09-27T23:16:20+00:00","breadcrumb":{"@id":"https:\/\/www.sorosoro.org\/es\/todo-sobre-las-lenguas-en-el-mundo\/algunas-indicaciones-sobre-las-lenguas-en-peligro\/#breadcrumb"},"inLanguage":"es","potentialAction":[{"@type":"ReadAction","target":["https:\/\/www.sorosoro.org\/es\/todo-sobre-las-lenguas-en-el-mundo\/algunas-indicaciones-sobre-las-lenguas-en-peligro\/"]}]},{"@type":"ImageObject","inLanguage":"es","@id":"https:\/\/www.sorosoro.org\/es\/todo-sobre-las-lenguas-en-el-mundo\/algunas-indicaciones-sobre-las-lenguas-en-peligro\/#primaryimage","url":"http:\/\/www.sorosoro.org\/wp-content\/uploads\/pirogues_du_soir_espoir-300x168.jpg","contentUrl":"http:\/\/www.sorosoro.org\/wp-content\/uploads\/pirogues_du_soir_espoir-300x168.jpg"},{"@type":"BreadcrumbList","@id":"https:\/\/www.sorosoro.org\/es\/todo-sobre-las-lenguas-en-el-mundo\/algunas-indicaciones-sobre-las-lenguas-en-peligro\/#breadcrumb","itemListElement":[{"@type":"ListItem","position":1,"name":"Accueil","item":"https:\/\/www.sorosoro.org\/es\/"},{"@type":"ListItem","position":2,"name":"Conozca todo sobre el lenguaje en el mundo","item":"https:\/\/www.sorosoro.org\/es\/todo-sobre-las-lenguas-en-el-mundo\/"},{"@type":"ListItem","position":3,"name":"Las lenguas en peligro"}]},{"@type":"WebSite","@id":"https:\/\/www.sorosoro.org\/es\/#website","url":"https:\/\/www.sorosoro.org\/es\/","name":"Sorosoro","description":"Pour que vivent les langues du monde !","potentialAction":[{"@type":"SearchAction","target":{"@type":"EntryPoint","urlTemplate":"https:\/\/www.sorosoro.org\/es\/?s={search_term_string}"},"query-input":{"@type":"PropertyValueSpecification","valueRequired":true,"valueName":"search_term_string"}}],"inLanguage":"es"}]}},"_links":{"self":[{"href":"https:\/\/www.sorosoro.org\/es\/wp-json\/wp\/v2\/pages\/353","targetHints":{"allow":["GET"]}}],"collection":[{"href":"https:\/\/www.sorosoro.org\/es\/wp-json\/wp\/v2\/pages"}],"about":[{"href":"https:\/\/www.sorosoro.org\/es\/wp-json\/wp\/v2\/types\/page"}],"author":[{"embeddable":true,"href":"https:\/\/www.sorosoro.org\/es\/wp-json\/wp\/v2\/users\/1"}],"replies":[{"embeddable":true,"href":"https:\/\/www.sorosoro.org\/es\/wp-json\/wp\/v2\/comments?post=353"}],"version-history":[{"count":0,"href":"https:\/\/www.sorosoro.org\/es\/wp-json\/wp\/v2\/pages\/353\/revisions"}],"up":[{"embeddable":true,"href":"https:\/\/www.sorosoro.org\/es\/wp-json\/wp\/v2\/pages\/63897"}],"wp:attachment":[{"href":"https:\/\/www.sorosoro.org\/es\/wp-json\/wp\/v2\/media?parent=353"}],"curies":[{"name":"wp","href":"https:\/\/api.w.org\/{rel}","templated":true}]}}