{"id":349,"date":"2009-07-27T09:52:55","date_gmt":"2009-07-27T07:52:55","guid":{"rendered":"http:\/\/www.sorosoro.org\/?page_id=349"},"modified":"2015-11-02T01:27:58","modified_gmt":"2015-11-02T00:27:58","slug":"planisferio-de-las-lenguas","status":"publish","type":"page","link":"https:\/\/www.sorosoro.org\/es\/planisferio-de-las-lenguas\/","title":{"rendered":"Planisferio de las lenguas"},"content":{"rendered":"<p style=\"text-align: justify;\">\u00a1 Hoy en d\u00eda, se hablan alrededor de 6000 o 7000 lenguas en el mundo! No se conoce el n\u00famero preciso porque depende de c\u00f3mo las contemos, de lo que consideramos como una lengua, o un dialecto&#8230;.<\/p>\n<p style=\"text-align: justify;\">Esas 6000 o 7000 lenguas est\u00e1n repartidas en familias: cerca de unas 120. Algunas de ellas cuentan a su vez con muchas lenguas; otras, tan\u00a0 solo con unas pocas, y se encuentran en cierto peligro de desaparecer.<\/p>\n<p style=\"text-align: justify;\">Hemos localizado la mayor parte de estas lenguas gracias a los datos disponibles de los investigadores. Podr\u00e1s buscarlas por familias, por continentes, por pa\u00eds&#8230; Podr\u00e1s encontrarlas situadas en nuestros mapas, con fichas informativas, que aspiran a ser completadas&#8230; \u00a1Aviso para los ling\u00fcistas de buena voluntad y de buena investigaci\u00f3n!<\/p>\n<p>Tambi\u00e9n tenemos una lista de nombres de idiomas para las cuales nos faltan elementos, y que no podemos, pues, colocar sobre el mapa. Descargue la lista aqu\u00ed (<a href=\"http:\/\/www.sorosoro.org\/wp-content\/uploads\/Localisation_manquante.xls\" target=\"_blank\">archivo Excel<\/a>). Si usted tiene informaci\u00f3n sobre uno o m\u00e1s de estos idiomas, si usted sabe d\u00f3nde se hablan, puede rellenar este cuadro y devolv\u00e9rlo a la siguiente direcci\u00f3n : contact@sorosoro.org ; o puede comunicarse con nosotros via la pesta\u00f1a \u00ab<a href=\"https:\/\/www.sorosoro.org\/es\/participen\/usted-quiere-informar-sobre-una-lengua-en-peligro-de-desaparicion\/\" target=\"_blank\"> Contribuir \/ \u00bfQuieren se\u00f1alarnos una lengua en peligro?<\/a> \u00bb .<\/p>\n","protected":false},"excerpt":{"rendered":"<p>\u00a1 Hoy en d\u00eda, se hablan alrededor de 6000 o 7000 lenguas en el mundo! No se conoce el n\u00famero preciso porque depende de c\u00f3mo las contemos, de lo que consideramos como una lengua, o un dialecto&#8230;. Esas 6000 o 7000 lenguas est\u00e1n repartidas en familias: cerca de unas 120. Algunas de ellas cuentan a [&hellip;]<\/p>\n","protected":false},"author":1,"featured_media":0,"parent":0,"menu_order":50,"comment_status":"closed","ping_status":"open","template":"","meta":{"footnotes":""},"class_list":["post-349","page","type-page","status-publish","hentry"],"yoast_head":"<!-- This site is optimized with the Yoast SEO plugin v27.0 - https:\/\/yoast.com\/product\/yoast-seo-wordpress\/ -->\n<title>Planisferio de las lenguas - Sorosoro<\/title>\n<meta name=\"robots\" content=\"index, follow, max-snippet:-1, max-image-preview:large, max-video-preview:-1\" \/>\n<link rel=\"canonical\" href=\"https:\/\/www.sorosoro.org\/es\/planisferio-de-las-lenguas\/\" \/>\n<meta property=\"og:locale\" content=\"es_ES\" \/>\n<meta property=\"og:type\" content=\"article\" \/>\n<meta property=\"og:title\" content=\"Planisferio de las lenguas - Sorosoro\" \/>\n<meta property=\"og:description\" content=\"\u00a1 Hoy en d\u00eda, se hablan alrededor de 6000 o 7000 lenguas en el mundo! No se conoce el n\u00famero preciso porque depende de c\u00f3mo las contemos, de lo que consideramos como una lengua, o un dialecto&#8230;. Esas 6000 o 7000 lenguas est\u00e1n repartidas en familias: cerca de unas 120. Algunas de ellas cuentan a [&hellip;]\" \/>\n<meta property=\"og:url\" content=\"https:\/\/www.sorosoro.org\/es\/planisferio-de-las-lenguas\/\" \/>\n<meta property=\"og:site_name\" content=\"Sorosoro\" \/>\n<meta property=\"article:modified_time\" content=\"2015-11-02T00:27:58+00:00\" \/>\n<meta name=\"twitter:card\" content=\"summary_large_image\" \/>\n<meta name=\"twitter:label1\" content=\"Tiempo de lectura\" \/>\n\t<meta name=\"twitter:data1\" content=\"1 minuto\" \/>\n<script type=\"application\/ld+json\" class=\"yoast-schema-graph\">{\"@context\":\"https:\/\/schema.org\",\"@graph\":[{\"@type\":\"WebPage\",\"@id\":\"https:\/\/www.sorosoro.org\/es\/planisferio-de-las-lenguas\/\",\"url\":\"https:\/\/www.sorosoro.org\/es\/planisferio-de-las-lenguas\/\",\"name\":\"Planisferio de las lenguas - Sorosoro\",\"isPartOf\":{\"@id\":\"https:\/\/www.sorosoro.org\/es\/#website\"},\"datePublished\":\"2009-07-27T07:52:55+00:00\",\"dateModified\":\"2015-11-02T00:27:58+00:00\",\"breadcrumb\":{\"@id\":\"https:\/\/www.sorosoro.org\/es\/planisferio-de-las-lenguas\/#breadcrumb\"},\"inLanguage\":\"es\",\"potentialAction\":[{\"@type\":\"ReadAction\",\"target\":[\"https:\/\/www.sorosoro.org\/es\/planisferio-de-las-lenguas\/\"]}]},{\"@type\":\"BreadcrumbList\",\"@id\":\"https:\/\/www.sorosoro.org\/es\/planisferio-de-las-lenguas\/#breadcrumb\",\"itemListElement\":[{\"@type\":\"ListItem\",\"position\":1,\"name\":\"Accueil\",\"item\":\"https:\/\/www.sorosoro.org\/es\/\"},{\"@type\":\"ListItem\",\"position\":2,\"name\":\"Planisferio de las lenguas\"}]},{\"@type\":\"WebSite\",\"@id\":\"https:\/\/www.sorosoro.org\/es\/#website\",\"url\":\"https:\/\/www.sorosoro.org\/es\/\",\"name\":\"Sorosoro\",\"description\":\"Pour que vivent les langues du monde !\",\"potentialAction\":[{\"@type\":\"SearchAction\",\"target\":{\"@type\":\"EntryPoint\",\"urlTemplate\":\"https:\/\/www.sorosoro.org\/es\/?s={search_term_string}\"},\"query-input\":{\"@type\":\"PropertyValueSpecification\",\"valueRequired\":true,\"valueName\":\"search_term_string\"}}],\"inLanguage\":\"es\"}]}<\/script>\n<!-- \/ Yoast SEO plugin. -->","yoast_head_json":{"title":"Planisferio de las lenguas - Sorosoro","robots":{"index":"index","follow":"follow","max-snippet":"max-snippet:-1","max-image-preview":"max-image-preview:large","max-video-preview":"max-video-preview:-1"},"canonical":"https:\/\/www.sorosoro.org\/es\/planisferio-de-las-lenguas\/","og_locale":"es_ES","og_type":"article","og_title":"Planisferio de las lenguas - Sorosoro","og_description":"\u00a1 Hoy en d\u00eda, se hablan alrededor de 6000 o 7000 lenguas en el mundo! No se conoce el n\u00famero preciso porque depende de c\u00f3mo las contemos, de lo que consideramos como una lengua, o un dialecto&#8230;. Esas 6000 o 7000 lenguas est\u00e1n repartidas en familias: cerca de unas 120. Algunas de ellas cuentan a [&hellip;]","og_url":"https:\/\/www.sorosoro.org\/es\/planisferio-de-las-lenguas\/","og_site_name":"Sorosoro","article_modified_time":"2015-11-02T00:27:58+00:00","twitter_card":"summary_large_image","twitter_misc":{"Tiempo de lectura":"1 minuto"},"schema":{"@context":"https:\/\/schema.org","@graph":[{"@type":"WebPage","@id":"https:\/\/www.sorosoro.org\/es\/planisferio-de-las-lenguas\/","url":"https:\/\/www.sorosoro.org\/es\/planisferio-de-las-lenguas\/","name":"Planisferio de las lenguas - Sorosoro","isPartOf":{"@id":"https:\/\/www.sorosoro.org\/es\/#website"},"datePublished":"2009-07-27T07:52:55+00:00","dateModified":"2015-11-02T00:27:58+00:00","breadcrumb":{"@id":"https:\/\/www.sorosoro.org\/es\/planisferio-de-las-lenguas\/#breadcrumb"},"inLanguage":"es","potentialAction":[{"@type":"ReadAction","target":["https:\/\/www.sorosoro.org\/es\/planisferio-de-las-lenguas\/"]}]},{"@type":"BreadcrumbList","@id":"https:\/\/www.sorosoro.org\/es\/planisferio-de-las-lenguas\/#breadcrumb","itemListElement":[{"@type":"ListItem","position":1,"name":"Accueil","item":"https:\/\/www.sorosoro.org\/es\/"},{"@type":"ListItem","position":2,"name":"Planisferio de las lenguas"}]},{"@type":"WebSite","@id":"https:\/\/www.sorosoro.org\/es\/#website","url":"https:\/\/www.sorosoro.org\/es\/","name":"Sorosoro","description":"Pour que vivent les langues du monde !","potentialAction":[{"@type":"SearchAction","target":{"@type":"EntryPoint","urlTemplate":"https:\/\/www.sorosoro.org\/es\/?s={search_term_string}"},"query-input":{"@type":"PropertyValueSpecification","valueRequired":true,"valueName":"search_term_string"}}],"inLanguage":"es"}]}},"_links":{"self":[{"href":"https:\/\/www.sorosoro.org\/es\/wp-json\/wp\/v2\/pages\/349","targetHints":{"allow":["GET"]}}],"collection":[{"href":"https:\/\/www.sorosoro.org\/es\/wp-json\/wp\/v2\/pages"}],"about":[{"href":"https:\/\/www.sorosoro.org\/es\/wp-json\/wp\/v2\/types\/page"}],"author":[{"embeddable":true,"href":"https:\/\/www.sorosoro.org\/es\/wp-json\/wp\/v2\/users\/1"}],"replies":[{"embeddable":true,"href":"https:\/\/www.sorosoro.org\/es\/wp-json\/wp\/v2\/comments?post=349"}],"version-history":[{"count":0,"href":"https:\/\/www.sorosoro.org\/es\/wp-json\/wp\/v2\/pages\/349\/revisions"}],"wp:attachment":[{"href":"https:\/\/www.sorosoro.org\/es\/wp-json\/wp\/v2\/media?parent=349"}],"curies":[{"name":"wp","href":"https:\/\/api.w.org\/{rel}","templated":true}]}}