{"id":347,"date":"2009-07-27T09:50:35","date_gmt":"2009-07-27T07:50:35","guid":{"rendered":"http:\/\/www.sorosoro.org\/?page_id=347"},"modified":"2015-06-08T18:42:41","modified_gmt":"2015-06-08T16:42:41","slug":"las-familias-de-lenguas-en-el-mundo","status":"publish","type":"page","link":"https:\/\/www.sorosoro.org\/es\/todo-sobre-las-lenguas-en-el-mundo\/las-familias-de-lenguas-en-el-mundo\/","title":{"rendered":"Las familias de lenguas"},"content":{"rendered":"<p style=\"text-align: justify;\">Una<strong> familia de lenguas<\/strong> es un conjunto de varias lenguas ling\u00fc\u00edsticamente afines, descendientes de una lengua-ancestral com\u00fan (llamada protolengua).<\/p>\n<p style=\"text-align: justify;\">La mayor\u00eda de las lenguas del mundo pertenecen a una familia determinada y las lenguas que no pueden agruparse con otras se conocen generalmente como <strong>lenguas aisladas<\/strong>.<\/p>\n<p style=\"text-align: justify;\">\u00danicamente las lenguas criollas no son ni lenguas aisladas, ni\u00a0 miembros de una familia ling\u00fc\u00edstica, sino que constituyen un modelo separado.<\/p>\n<p style=\"text-align: justify;\"><a href=\"https:\/\/www.sorosoro.org\/es\/las-lenguas-del-mundo\/las-familias-de-lenguas-en-el-mundo\/\u00bfque-es-una-familia-de-lenguas\" target=\"_blank\">Leer m\u00e1s<\/a><\/p>\n","protected":false},"excerpt":{"rendered":"<p>Una familia de lenguas es un conjunto de varias lenguas ling\u00fc\u00edsticamente afines, descendientes de una lengua-ancestral com\u00fan (llamada protolengua). La mayor\u00eda de las lenguas del mundo pertenecen a una familia determinada y las lenguas que no pueden agruparse con otras se conocen generalmente como lenguas aisladas. \u00danicamente las lenguas criollas no son ni lenguas aisladas, [&hellip;]<\/p>\n","protected":false},"author":1,"featured_media":0,"parent":63897,"menu_order":2,"comment_status":"closed","ping_status":"open","template":"","meta":{"footnotes":""},"class_list":["post-347","page","type-page","status-publish","hentry"],"yoast_head":"<!-- This site is optimized with the Yoast SEO plugin v27.0 - https:\/\/yoast.com\/product\/yoast-seo-wordpress\/ -->\n<title>Las familias de lenguas - Sorosoro<\/title>\n<meta name=\"robots\" content=\"index, follow, max-snippet:-1, max-image-preview:large, max-video-preview:-1\" \/>\n<link rel=\"canonical\" href=\"https:\/\/www.sorosoro.org\/es\/todo-sobre-las-lenguas-en-el-mundo\/las-familias-de-lenguas-en-el-mundo\/\" \/>\n<meta property=\"og:locale\" content=\"es_ES\" \/>\n<meta property=\"og:type\" content=\"article\" \/>\n<meta property=\"og:title\" content=\"Las familias de lenguas - Sorosoro\" \/>\n<meta property=\"og:description\" content=\"Una familia de lenguas es un conjunto de varias lenguas ling\u00fc\u00edsticamente afines, descendientes de una lengua-ancestral com\u00fan (llamada protolengua). La mayor\u00eda de las lenguas del mundo pertenecen a una familia determinada y las lenguas que no pueden agruparse con otras se conocen generalmente como lenguas aisladas. \u00danicamente las lenguas criollas no son ni lenguas aisladas, [&hellip;]\" \/>\n<meta property=\"og:url\" content=\"https:\/\/www.sorosoro.org\/es\/todo-sobre-las-lenguas-en-el-mundo\/las-familias-de-lenguas-en-el-mundo\/\" \/>\n<meta property=\"og:site_name\" content=\"Sorosoro\" \/>\n<meta property=\"article:modified_time\" content=\"2015-06-08T16:42:41+00:00\" \/>\n<meta name=\"twitter:card\" content=\"summary_large_image\" \/>\n<script type=\"application\/ld+json\" class=\"yoast-schema-graph\">{\"@context\":\"https:\/\/schema.org\",\"@graph\":[{\"@type\":\"WebPage\",\"@id\":\"https:\/\/www.sorosoro.org\/es\/todo-sobre-las-lenguas-en-el-mundo\/las-familias-de-lenguas-en-el-mundo\/\",\"url\":\"https:\/\/www.sorosoro.org\/es\/todo-sobre-las-lenguas-en-el-mundo\/las-familias-de-lenguas-en-el-mundo\/\",\"name\":\"Las familias de lenguas - Sorosoro\",\"isPartOf\":{\"@id\":\"https:\/\/www.sorosoro.org\/es\/#website\"},\"datePublished\":\"2009-07-27T07:50:35+00:00\",\"dateModified\":\"2015-06-08T16:42:41+00:00\",\"breadcrumb\":{\"@id\":\"https:\/\/www.sorosoro.org\/es\/todo-sobre-las-lenguas-en-el-mundo\/las-familias-de-lenguas-en-el-mundo\/#breadcrumb\"},\"inLanguage\":\"es\",\"potentialAction\":[{\"@type\":\"ReadAction\",\"target\":[\"https:\/\/www.sorosoro.org\/es\/todo-sobre-las-lenguas-en-el-mundo\/las-familias-de-lenguas-en-el-mundo\/\"]}]},{\"@type\":\"BreadcrumbList\",\"@id\":\"https:\/\/www.sorosoro.org\/es\/todo-sobre-las-lenguas-en-el-mundo\/las-familias-de-lenguas-en-el-mundo\/#breadcrumb\",\"itemListElement\":[{\"@type\":\"ListItem\",\"position\":1,\"name\":\"Accueil\",\"item\":\"https:\/\/www.sorosoro.org\/es\/\"},{\"@type\":\"ListItem\",\"position\":2,\"name\":\"Conozca todo sobre el lenguaje en el mundo\",\"item\":\"https:\/\/www.sorosoro.org\/es\/todo-sobre-las-lenguas-en-el-mundo\/\"},{\"@type\":\"ListItem\",\"position\":3,\"name\":\"Las familias de lenguas\"}]},{\"@type\":\"WebSite\",\"@id\":\"https:\/\/www.sorosoro.org\/es\/#website\",\"url\":\"https:\/\/www.sorosoro.org\/es\/\",\"name\":\"Sorosoro\",\"description\":\"Pour que vivent les langues du monde !\",\"potentialAction\":[{\"@type\":\"SearchAction\",\"target\":{\"@type\":\"EntryPoint\",\"urlTemplate\":\"https:\/\/www.sorosoro.org\/es\/?s={search_term_string}\"},\"query-input\":{\"@type\":\"PropertyValueSpecification\",\"valueRequired\":true,\"valueName\":\"search_term_string\"}}],\"inLanguage\":\"es\"}]}<\/script>\n<!-- \/ Yoast SEO plugin. -->","yoast_head_json":{"title":"Las familias de lenguas - Sorosoro","robots":{"index":"index","follow":"follow","max-snippet":"max-snippet:-1","max-image-preview":"max-image-preview:large","max-video-preview":"max-video-preview:-1"},"canonical":"https:\/\/www.sorosoro.org\/es\/todo-sobre-las-lenguas-en-el-mundo\/las-familias-de-lenguas-en-el-mundo\/","og_locale":"es_ES","og_type":"article","og_title":"Las familias de lenguas - Sorosoro","og_description":"Una familia de lenguas es un conjunto de varias lenguas ling\u00fc\u00edsticamente afines, descendientes de una lengua-ancestral com\u00fan (llamada protolengua). La mayor\u00eda de las lenguas del mundo pertenecen a una familia determinada y las lenguas que no pueden agruparse con otras se conocen generalmente como lenguas aisladas. \u00danicamente las lenguas criollas no son ni lenguas aisladas, [&hellip;]","og_url":"https:\/\/www.sorosoro.org\/es\/todo-sobre-las-lenguas-en-el-mundo\/las-familias-de-lenguas-en-el-mundo\/","og_site_name":"Sorosoro","article_modified_time":"2015-06-08T16:42:41+00:00","twitter_card":"summary_large_image","schema":{"@context":"https:\/\/schema.org","@graph":[{"@type":"WebPage","@id":"https:\/\/www.sorosoro.org\/es\/todo-sobre-las-lenguas-en-el-mundo\/las-familias-de-lenguas-en-el-mundo\/","url":"https:\/\/www.sorosoro.org\/es\/todo-sobre-las-lenguas-en-el-mundo\/las-familias-de-lenguas-en-el-mundo\/","name":"Las familias de lenguas - Sorosoro","isPartOf":{"@id":"https:\/\/www.sorosoro.org\/es\/#website"},"datePublished":"2009-07-27T07:50:35+00:00","dateModified":"2015-06-08T16:42:41+00:00","breadcrumb":{"@id":"https:\/\/www.sorosoro.org\/es\/todo-sobre-las-lenguas-en-el-mundo\/las-familias-de-lenguas-en-el-mundo\/#breadcrumb"},"inLanguage":"es","potentialAction":[{"@type":"ReadAction","target":["https:\/\/www.sorosoro.org\/es\/todo-sobre-las-lenguas-en-el-mundo\/las-familias-de-lenguas-en-el-mundo\/"]}]},{"@type":"BreadcrumbList","@id":"https:\/\/www.sorosoro.org\/es\/todo-sobre-las-lenguas-en-el-mundo\/las-familias-de-lenguas-en-el-mundo\/#breadcrumb","itemListElement":[{"@type":"ListItem","position":1,"name":"Accueil","item":"https:\/\/www.sorosoro.org\/es\/"},{"@type":"ListItem","position":2,"name":"Conozca todo sobre el lenguaje en el mundo","item":"https:\/\/www.sorosoro.org\/es\/todo-sobre-las-lenguas-en-el-mundo\/"},{"@type":"ListItem","position":3,"name":"Las familias de lenguas"}]},{"@type":"WebSite","@id":"https:\/\/www.sorosoro.org\/es\/#website","url":"https:\/\/www.sorosoro.org\/es\/","name":"Sorosoro","description":"Pour que vivent les langues du monde !","potentialAction":[{"@type":"SearchAction","target":{"@type":"EntryPoint","urlTemplate":"https:\/\/www.sorosoro.org\/es\/?s={search_term_string}"},"query-input":{"@type":"PropertyValueSpecification","valueRequired":true,"valueName":"search_term_string"}}],"inLanguage":"es"}]}},"_links":{"self":[{"href":"https:\/\/www.sorosoro.org\/es\/wp-json\/wp\/v2\/pages\/347","targetHints":{"allow":["GET"]}}],"collection":[{"href":"https:\/\/www.sorosoro.org\/es\/wp-json\/wp\/v2\/pages"}],"about":[{"href":"https:\/\/www.sorosoro.org\/es\/wp-json\/wp\/v2\/types\/page"}],"author":[{"embeddable":true,"href":"https:\/\/www.sorosoro.org\/es\/wp-json\/wp\/v2\/users\/1"}],"replies":[{"embeddable":true,"href":"https:\/\/www.sorosoro.org\/es\/wp-json\/wp\/v2\/comments?post=347"}],"version-history":[{"count":0,"href":"https:\/\/www.sorosoro.org\/es\/wp-json\/wp\/v2\/pages\/347\/revisions"}],"up":[{"embeddable":true,"href":"https:\/\/www.sorosoro.org\/es\/wp-json\/wp\/v2\/pages\/63897"}],"wp:attachment":[{"href":"https:\/\/www.sorosoro.org\/es\/wp-json\/wp\/v2\/media?parent=347"}],"curies":[{"name":"wp","href":"https:\/\/api.w.org\/{rel}","templated":true}]}}