{"id":342,"date":"2009-07-27T09:48:17","date_gmt":"2009-07-27T07:48:17","guid":{"rendered":"http:\/\/www.sorosoro.org\/?page_id=342"},"modified":"2015-10-04T13:27:47","modified_gmt":"2015-10-04T11:27:47","slug":"el-programa-sorosoro","status":"publish","type":"page","link":"https:\/\/www.sorosoro.org\/es\/el-programa-sorosoro\/","title":{"rendered":"El programa Sorosoro"},"content":{"rendered":"<p style=\"text-align: left;\">Por supuesto, salvaguardar la totalidad de las 6.000 a 7.000 lenguas habladas en el mundo hoy en d\u00eda ser\u00eda imposible: ya sabemos que s\u00f3lo una parte de nuestro patrimonio ling\u00fc\u00edstico podr\u00e1 ser salvado. Sin embargo queremos aportar nuestra piedra al edificio y, en colaboraci\u00f3n con otros actores del sector, contribuir a preservar lo que puede ser, porque no actuar ser\u00eda resignarse al empobrecimiento cultural de la humanidad.<\/p>\n<p style=\"text-align: left;\">\n<table border=\"0\" width=\"750\" bgcolor=\"#d8d8d8\">\n<tbody>\n<tr>\n<td>\n&nbsp;<br \/>\n<strong>\u00bfDe d\u00f3nde viene el nombre de \u00abSorosoro\u00bb?<\/strong><br \/>\n&nbsp;<br \/>\nHoy en d\u00eda, la lengua araki <img loading=\"lazy\" decoding=\"async\" class=\" alignright\" src=\"http:\/\/www.sorosoro.org\/wp-content\/uploads\/vanuatu.jpg\" alt=\"\" width=\"309\" height=\"206\" \/>s\u00f3lo est\u00e1 hablada por ocho personas en la isla de Vanuatu, un peque\u00f1o estado del Pac\u00edfico donde se concentra\u00a0 la mayor densidad ling\u00fc\u00edstica del mundo, cien lenguas para 250 000 habitantes.<br \/>\n&nbsp;<br \/>\nEn araki, Sorosoro sign\u00edfica\u00a0 \u00ab\u00a0aliento, palabra, lengua\u00bb, y es la raz\u00f3n que nos empuj\u00f3 a elegir ese nombre tan simb\u00f3lico para designar nuestro programa de salvaguardia de las lenguas amenazadas de extinci\u00f3n.<br \/>\n&nbsp;<br \/>\nPara la lengua araki, como para muchas otras, el tiempo est\u00e1 contado. El proceso de desaparici\u00f3n se ha acelerado considerablemente durante las \u00faltimas d\u00e9cadas y<br \/>\nnumerosas lenguas habladas por pocos locutores van a<br \/>\ndesaparecer en breve.<br \/>\n&nbsp;<\/td>\n<\/tr>\n<\/tbody>\n<\/table>\n<p>&nbsp;<\/p>\n","protected":false},"excerpt":{"rendered":"<p>Por supuesto, salvaguardar la totalidad de las 6.000 a 7.000 lenguas habladas en el mundo hoy en d\u00eda ser\u00eda imposible: ya sabemos que s\u00f3lo una parte de nuestro patrimonio ling\u00fc\u00edstico podr\u00e1 ser salvado. Sin embargo queremos aportar nuestra piedra al edificio y, en colaboraci\u00f3n con otros actores del sector, contribuir a preservar lo que puede [&hellip;]<\/p>\n","protected":false},"author":1,"featured_media":0,"parent":0,"menu_order":1,"comment_status":"closed","ping_status":"open","template":"","meta":{"footnotes":""},"class_list":["post-342","page","type-page","status-publish","hentry"],"yoast_head":"<!-- This site is optimized with the Yoast SEO plugin v27.0 - https:\/\/yoast.com\/product\/yoast-seo-wordpress\/ -->\n<title>El programa Sorosoro - Sorosoro<\/title>\n<meta name=\"robots\" content=\"index, follow, max-snippet:-1, max-image-preview:large, max-video-preview:-1\" \/>\n<link rel=\"canonical\" href=\"https:\/\/www.sorosoro.org\/es\/el-programa-sorosoro\/\" \/>\n<meta property=\"og:locale\" content=\"es_ES\" \/>\n<meta property=\"og:type\" content=\"article\" \/>\n<meta property=\"og:title\" content=\"El programa Sorosoro - Sorosoro\" \/>\n<meta property=\"og:description\" content=\"Por supuesto, salvaguardar la totalidad de las 6.000 a 7.000 lenguas habladas en el mundo hoy en d\u00eda ser\u00eda imposible: ya sabemos que s\u00f3lo una parte de nuestro patrimonio ling\u00fc\u00edstico podr\u00e1 ser salvado. Sin embargo queremos aportar nuestra piedra al edificio y, en colaboraci\u00f3n con otros actores del sector, contribuir a preservar lo que puede [&hellip;]\" \/>\n<meta property=\"og:url\" content=\"https:\/\/www.sorosoro.org\/es\/el-programa-sorosoro\/\" \/>\n<meta property=\"og:site_name\" content=\"Sorosoro\" \/>\n<meta property=\"article:modified_time\" content=\"2015-10-04T11:27:47+00:00\" \/>\n<meta property=\"og:image\" content=\"http:\/\/www.sorosoro.org\/wp-content\/uploads\/vanuatu.jpg\" \/>\n<meta name=\"twitter:card\" content=\"summary_large_image\" \/>\n<meta name=\"twitter:label1\" content=\"Tiempo de lectura\" \/>\n\t<meta name=\"twitter:data1\" content=\"1 minuto\" \/>\n<script type=\"application\/ld+json\" class=\"yoast-schema-graph\">{\"@context\":\"https:\/\/schema.org\",\"@graph\":[{\"@type\":\"WebPage\",\"@id\":\"https:\/\/www.sorosoro.org\/es\/el-programa-sorosoro\/\",\"url\":\"https:\/\/www.sorosoro.org\/es\/el-programa-sorosoro\/\",\"name\":\"El programa Sorosoro - Sorosoro\",\"isPartOf\":{\"@id\":\"https:\/\/www.sorosoro.org\/es\/#website\"},\"primaryImageOfPage\":{\"@id\":\"https:\/\/www.sorosoro.org\/es\/el-programa-sorosoro\/#primaryimage\"},\"image\":{\"@id\":\"https:\/\/www.sorosoro.org\/es\/el-programa-sorosoro\/#primaryimage\"},\"thumbnailUrl\":\"http:\/\/www.sorosoro.org\/wp-content\/uploads\/vanuatu.jpg\",\"datePublished\":\"2009-07-27T07:48:17+00:00\",\"dateModified\":\"2015-10-04T11:27:47+00:00\",\"breadcrumb\":{\"@id\":\"https:\/\/www.sorosoro.org\/es\/el-programa-sorosoro\/#breadcrumb\"},\"inLanguage\":\"es\",\"potentialAction\":[{\"@type\":\"ReadAction\",\"target\":[\"https:\/\/www.sorosoro.org\/es\/el-programa-sorosoro\/\"]}]},{\"@type\":\"ImageObject\",\"inLanguage\":\"es\",\"@id\":\"https:\/\/www.sorosoro.org\/es\/el-programa-sorosoro\/#primaryimage\",\"url\":\"http:\/\/www.sorosoro.org\/wp-content\/uploads\/vanuatu.jpg\",\"contentUrl\":\"http:\/\/www.sorosoro.org\/wp-content\/uploads\/vanuatu.jpg\"},{\"@type\":\"BreadcrumbList\",\"@id\":\"https:\/\/www.sorosoro.org\/es\/el-programa-sorosoro\/#breadcrumb\",\"itemListElement\":[{\"@type\":\"ListItem\",\"position\":1,\"name\":\"Accueil\",\"item\":\"https:\/\/www.sorosoro.org\/es\/\"},{\"@type\":\"ListItem\",\"position\":2,\"name\":\"El programa Sorosoro\"}]},{\"@type\":\"WebSite\",\"@id\":\"https:\/\/www.sorosoro.org\/es\/#website\",\"url\":\"https:\/\/www.sorosoro.org\/es\/\",\"name\":\"Sorosoro\",\"description\":\"Pour que vivent les langues du monde !\",\"potentialAction\":[{\"@type\":\"SearchAction\",\"target\":{\"@type\":\"EntryPoint\",\"urlTemplate\":\"https:\/\/www.sorosoro.org\/es\/?s={search_term_string}\"},\"query-input\":{\"@type\":\"PropertyValueSpecification\",\"valueRequired\":true,\"valueName\":\"search_term_string\"}}],\"inLanguage\":\"es\"}]}<\/script>\n<!-- \/ Yoast SEO plugin. -->","yoast_head_json":{"title":"El programa Sorosoro - Sorosoro","robots":{"index":"index","follow":"follow","max-snippet":"max-snippet:-1","max-image-preview":"max-image-preview:large","max-video-preview":"max-video-preview:-1"},"canonical":"https:\/\/www.sorosoro.org\/es\/el-programa-sorosoro\/","og_locale":"es_ES","og_type":"article","og_title":"El programa Sorosoro - Sorosoro","og_description":"Por supuesto, salvaguardar la totalidad de las 6.000 a 7.000 lenguas habladas en el mundo hoy en d\u00eda ser\u00eda imposible: ya sabemos que s\u00f3lo una parte de nuestro patrimonio ling\u00fc\u00edstico podr\u00e1 ser salvado. Sin embargo queremos aportar nuestra piedra al edificio y, en colaboraci\u00f3n con otros actores del sector, contribuir a preservar lo que puede [&hellip;]","og_url":"https:\/\/www.sorosoro.org\/es\/el-programa-sorosoro\/","og_site_name":"Sorosoro","article_modified_time":"2015-10-04T11:27:47+00:00","og_image":[{"url":"http:\/\/www.sorosoro.org\/wp-content\/uploads\/vanuatu.jpg","type":"","width":"","height":""}],"twitter_card":"summary_large_image","twitter_misc":{"Tiempo de lectura":"1 minuto"},"schema":{"@context":"https:\/\/schema.org","@graph":[{"@type":"WebPage","@id":"https:\/\/www.sorosoro.org\/es\/el-programa-sorosoro\/","url":"https:\/\/www.sorosoro.org\/es\/el-programa-sorosoro\/","name":"El programa Sorosoro - Sorosoro","isPartOf":{"@id":"https:\/\/www.sorosoro.org\/es\/#website"},"primaryImageOfPage":{"@id":"https:\/\/www.sorosoro.org\/es\/el-programa-sorosoro\/#primaryimage"},"image":{"@id":"https:\/\/www.sorosoro.org\/es\/el-programa-sorosoro\/#primaryimage"},"thumbnailUrl":"http:\/\/www.sorosoro.org\/wp-content\/uploads\/vanuatu.jpg","datePublished":"2009-07-27T07:48:17+00:00","dateModified":"2015-10-04T11:27:47+00:00","breadcrumb":{"@id":"https:\/\/www.sorosoro.org\/es\/el-programa-sorosoro\/#breadcrumb"},"inLanguage":"es","potentialAction":[{"@type":"ReadAction","target":["https:\/\/www.sorosoro.org\/es\/el-programa-sorosoro\/"]}]},{"@type":"ImageObject","inLanguage":"es","@id":"https:\/\/www.sorosoro.org\/es\/el-programa-sorosoro\/#primaryimage","url":"http:\/\/www.sorosoro.org\/wp-content\/uploads\/vanuatu.jpg","contentUrl":"http:\/\/www.sorosoro.org\/wp-content\/uploads\/vanuatu.jpg"},{"@type":"BreadcrumbList","@id":"https:\/\/www.sorosoro.org\/es\/el-programa-sorosoro\/#breadcrumb","itemListElement":[{"@type":"ListItem","position":1,"name":"Accueil","item":"https:\/\/www.sorosoro.org\/es\/"},{"@type":"ListItem","position":2,"name":"El programa Sorosoro"}]},{"@type":"WebSite","@id":"https:\/\/www.sorosoro.org\/es\/#website","url":"https:\/\/www.sorosoro.org\/es\/","name":"Sorosoro","description":"Pour que vivent les langues du monde !","potentialAction":[{"@type":"SearchAction","target":{"@type":"EntryPoint","urlTemplate":"https:\/\/www.sorosoro.org\/es\/?s={search_term_string}"},"query-input":{"@type":"PropertyValueSpecification","valueRequired":true,"valueName":"search_term_string"}}],"inLanguage":"es"}]}},"_links":{"self":[{"href":"https:\/\/www.sorosoro.org\/es\/wp-json\/wp\/v2\/pages\/342","targetHints":{"allow":["GET"]}}],"collection":[{"href":"https:\/\/www.sorosoro.org\/es\/wp-json\/wp\/v2\/pages"}],"about":[{"href":"https:\/\/www.sorosoro.org\/es\/wp-json\/wp\/v2\/types\/page"}],"author":[{"embeddable":true,"href":"https:\/\/www.sorosoro.org\/es\/wp-json\/wp\/v2\/users\/1"}],"replies":[{"embeddable":true,"href":"https:\/\/www.sorosoro.org\/es\/wp-json\/wp\/v2\/comments?post=342"}],"version-history":[{"count":0,"href":"https:\/\/www.sorosoro.org\/es\/wp-json\/wp\/v2\/pages\/342\/revisions"}],"wp:attachment":[{"href":"https:\/\/www.sorosoro.org\/es\/wp-json\/wp\/v2\/media?parent=342"}],"curies":[{"name":"wp","href":"https:\/\/api.w.org\/{rel}","templated":true}]}}