{"id":26862,"date":"2010-09-07T11:27:17","date_gmt":"2010-09-07T09:27:17","guid":{"rendered":"http:\/\/www.sorosoro.org\/?page_id=26862"},"modified":"2010-09-07T15:57:31","modified_gmt":"2010-09-07T13:57:31","slug":"el-kumeyaay","status":"publish","type":"page","link":"https:\/\/www.sorosoro.org\/es\/el-kumeyaay\/","title":{"rendered":"El kumeyaay"},"content":{"rendered":"<p style=\"text-align: justify;\"><em>Datos recolectados por la <a href=\"http:\/\/www.unilat.org\/SG\/index.es.asp\">Uni\u00f3n Latina<\/a> que trabaja para la valorizaci\u00f3n del legado cultural de sus 37 pa\u00edses miembros.<\/em><\/p>\n<p style=\"text-align: justify;\">\n<h5 style=\"text-align: justify;\">Datos sobre la lengua<\/h5>\n<p style=\"text-align: justify;\">\n<p style=\"text-align: justify;\"><strong>Nombres alternativos<\/strong>: kumiai, tipai, diegue\u00f1o del centro-este<\/p>\n<p style=\"text-align: justify;\">\n<p style=\"text-align: justify;\"><strong>Clasificaci\u00f3n<\/strong>: <a href=\"https:\/\/www.sorosoro.org\/es\/familia-de-lenguas-yumano-cochimies\">yumano-cochim\u00ed<\/a>, yumano californiano<\/p>\n<p style=\"text-align: justify;\">\n<p style=\"text-align: justify;\"><strong>\u00c1rea<\/strong>: Estados Unidos (California), M\u00e9xico (Baja California)<\/p>\n<p style=\"text-align: justify;\">\n<p style=\"text-align: justify;\"><strong>Cantidad de hablantes<\/strong>: 243<\/p>\n<p style=\"text-align: justify;\">\n<p style=\"text-align: justify;\"><em>Cifras del INALI. LECLERC establece 97 hablantes en California (Estados Unidos)<\/em><\/p>\n<p style=\"text-align: justify;\">\n<p style=\"text-align: justify;\"><em>La UNESCO cifra el n\u00famero de hablantes en 40<\/em>.<\/p>\n<p style=\"text-align: justify;\">\n<p style=\"text-align: justify;\"><strong>Vitalidad y transmisi\u00f3n<\/strong>:<\/p>\n<p style=\"text-align: justify;\">\n<p style=\"text-align: justify;\">A futuro a pr\u00f3ximo el kumeyaay es una lengua en serio peligro de extinci\u00f3n.<\/p>\n<p style=\"text-align: justify;\">\n<p style=\"text-align: justify;\"><strong>Estatus de la lengua<\/strong>:<\/p>\n<p style=\"text-align: justify;\">Estados Unidos (California)\tSin estatus oficial<\/p>\n<p style=\"text-align: justify;\">M\u00e9xico (Baja California)\tSin estatus oficial<\/p>\n<h5 style=\"text-align: justify;\">Fuentes y bibliograf\u00eda complementaria<\/h5>\n<p style=\"text-align: justify;\">\n<p style=\"text-align: justify;\"><span style=\"text-decoration: underline;\">Fuentes y bibliograf\u00eda<\/span><\/p>\n<p style=\"text-align: justify;\">\n<p style=\"text-align: justify;\">Instituto Nacional de Lenguas Ind\u00edgenas \u2013 INALI (2005), Cat\u00e1logo de lenguas ind\u00edgenas mexicanas: Cartograf\u00eda contempor\u00e1nea de sus asentamientos hist\u00f3ricos<\/p>\n<p style=\"text-align: justify;\">\n<p style=\"text-align: justify;\">Mithun, Marianne <em>The languages of Native North America.<\/em> Cambridge, UK: Cambridge University Press. (1999).<\/p>\n<p style=\"text-align: justify;\">\n<p style=\"text-align: justify;\">Campbell, Lyle. <em>American Indian languages: the historical linguistics of Native America<\/em>. Oxford: Oxford University Press. (1997)<\/p>\n<p style=\"text-align: justify;\">\n<p style=\"text-align: justify;\"><span style=\"text-decoration: underline;\">Enlaces para saber m\u00e1s<\/span><\/p>\n<p style=\"text-align: justify;\">\n<p style=\"text-align: justify;\">LECLERC, Jacques. \u00abLangues am\u00e9rindiennes parl\u00e9es selon le nombre de locuteurs\u00bb (Lenguas amerindias habladas seg\u00fan el n\u00famero de locutores)\u00a0 in \u00abL\u2019am\u00e9nagement linguistique dans le monde\u00bb (La ordenaci\u00f3n ling\u00fc\u00edstica en el mundo), Qu\u00e9bec, TLFQ, Universit\u00e9 Laval (fr)<\/p>\n<p style=\"text-align: justify;\">\n<p style=\"text-align: justify;\"><a href=\"http:\/\/www.tlfq.ulaval.ca\/AXL\/amnord\/USA_Indian_pop-decroissant.htm\">http:\/\/www.tlfq.ulaval.ca\/AXL\/amnord\/USA_Indian_pop-decroissant.htm<\/a><\/p>\n<p style=\"text-align: justify;\">\n<p style=\"text-align: justify;\">Sitio dedicado a las lenguas amerindias (en):<\/p>\n<p style=\"text-align: justify;\">\n<p style=\"text-align: justify;\"><a href=\"http:\/\/www.native-languages.org\/\">http:\/\/www.native-languages.org\/<\/a><\/p>\n<p style=\"text-align: justify;\">\n","protected":false},"excerpt":{"rendered":"<p>Datos recolectados por la Uni\u00f3n Latina que trabaja para la valorizaci\u00f3n del legado cultural de sus 37 pa\u00edses miembros. Datos sobre la lengua Nombres alternativos: kumiai, tipai, diegue\u00f1o del centro-este Clasificaci\u00f3n: yumano-cochim\u00ed, yumano californiano \u00c1rea: Estados Unidos (California), M\u00e9xico (Baja California) Cantidad de hablantes: 243 Cifras del INALI. LECLERC establece 97 hablantes en California (Estados [&hellip;]<\/p>\n","protected":false},"author":12,"featured_media":0,"parent":0,"menu_order":0,"comment_status":"closed","ping_status":"open","template":"","meta":{"footnotes":""},"class_list":["post-26862","page","type-page","status-publish","hentry"],"yoast_head":"<!-- This site is optimized with the Yoast SEO plugin v27.0 - https:\/\/yoast.com\/product\/yoast-seo-wordpress\/ -->\n<title>El kumeyaay - Sorosoro<\/title>\n<meta name=\"robots\" content=\"index, follow, max-snippet:-1, max-image-preview:large, max-video-preview:-1\" \/>\n<link rel=\"canonical\" href=\"https:\/\/www.sorosoro.org\/es\/el-kumeyaay\/\" \/>\n<meta property=\"og:locale\" content=\"es_ES\" \/>\n<meta property=\"og:type\" content=\"article\" \/>\n<meta property=\"og:title\" content=\"El kumeyaay - Sorosoro\" \/>\n<meta property=\"og:description\" content=\"Datos recolectados por la Uni\u00f3n Latina que trabaja para la valorizaci\u00f3n del legado cultural de sus 37 pa\u00edses miembros. Datos sobre la lengua Nombres alternativos: kumiai, tipai, diegue\u00f1o del centro-este Clasificaci\u00f3n: yumano-cochim\u00ed, yumano californiano \u00c1rea: Estados Unidos (California), M\u00e9xico (Baja California) Cantidad de hablantes: 243 Cifras del INALI. LECLERC establece 97 hablantes en California (Estados [&hellip;]\" \/>\n<meta property=\"og:url\" content=\"https:\/\/www.sorosoro.org\/es\/el-kumeyaay\/\" \/>\n<meta property=\"og:site_name\" content=\"Sorosoro\" \/>\n<meta property=\"article:modified_time\" content=\"2010-09-07T13:57:31+00:00\" \/>\n<meta name=\"twitter:card\" content=\"summary_large_image\" \/>\n<meta name=\"twitter:label1\" content=\"Tiempo de lectura\" \/>\n\t<meta name=\"twitter:data1\" content=\"1 minuto\" \/>\n<script type=\"application\/ld+json\" class=\"yoast-schema-graph\">{\"@context\":\"https:\/\/schema.org\",\"@graph\":[{\"@type\":\"WebPage\",\"@id\":\"https:\/\/www.sorosoro.org\/es\/el-kumeyaay\/\",\"url\":\"https:\/\/www.sorosoro.org\/es\/el-kumeyaay\/\",\"name\":\"El kumeyaay - Sorosoro\",\"isPartOf\":{\"@id\":\"https:\/\/www.sorosoro.org\/es\/#website\"},\"datePublished\":\"2010-09-07T09:27:17+00:00\",\"dateModified\":\"2010-09-07T13:57:31+00:00\",\"breadcrumb\":{\"@id\":\"https:\/\/www.sorosoro.org\/es\/el-kumeyaay\/#breadcrumb\"},\"inLanguage\":\"es\",\"potentialAction\":[{\"@type\":\"ReadAction\",\"target\":[\"https:\/\/www.sorosoro.org\/es\/el-kumeyaay\/\"]}]},{\"@type\":\"BreadcrumbList\",\"@id\":\"https:\/\/www.sorosoro.org\/es\/el-kumeyaay\/#breadcrumb\",\"itemListElement\":[{\"@type\":\"ListItem\",\"position\":1,\"name\":\"Accueil\",\"item\":\"https:\/\/www.sorosoro.org\/es\/\"},{\"@type\":\"ListItem\",\"position\":2,\"name\":\"El kumeyaay\"}]},{\"@type\":\"WebSite\",\"@id\":\"https:\/\/www.sorosoro.org\/es\/#website\",\"url\":\"https:\/\/www.sorosoro.org\/es\/\",\"name\":\"Sorosoro\",\"description\":\"Pour que vivent les langues du monde !\",\"potentialAction\":[{\"@type\":\"SearchAction\",\"target\":{\"@type\":\"EntryPoint\",\"urlTemplate\":\"https:\/\/www.sorosoro.org\/es\/?s={search_term_string}\"},\"query-input\":{\"@type\":\"PropertyValueSpecification\",\"valueRequired\":true,\"valueName\":\"search_term_string\"}}],\"inLanguage\":\"es\"}]}<\/script>\n<!-- \/ Yoast SEO plugin. -->","yoast_head_json":{"title":"El kumeyaay - Sorosoro","robots":{"index":"index","follow":"follow","max-snippet":"max-snippet:-1","max-image-preview":"max-image-preview:large","max-video-preview":"max-video-preview:-1"},"canonical":"https:\/\/www.sorosoro.org\/es\/el-kumeyaay\/","og_locale":"es_ES","og_type":"article","og_title":"El kumeyaay - Sorosoro","og_description":"Datos recolectados por la Uni\u00f3n Latina que trabaja para la valorizaci\u00f3n del legado cultural de sus 37 pa\u00edses miembros. Datos sobre la lengua Nombres alternativos: kumiai, tipai, diegue\u00f1o del centro-este Clasificaci\u00f3n: yumano-cochim\u00ed, yumano californiano \u00c1rea: Estados Unidos (California), M\u00e9xico (Baja California) Cantidad de hablantes: 243 Cifras del INALI. LECLERC establece 97 hablantes en California (Estados [&hellip;]","og_url":"https:\/\/www.sorosoro.org\/es\/el-kumeyaay\/","og_site_name":"Sorosoro","article_modified_time":"2010-09-07T13:57:31+00:00","twitter_card":"summary_large_image","twitter_misc":{"Tiempo de lectura":"1 minuto"},"schema":{"@context":"https:\/\/schema.org","@graph":[{"@type":"WebPage","@id":"https:\/\/www.sorosoro.org\/es\/el-kumeyaay\/","url":"https:\/\/www.sorosoro.org\/es\/el-kumeyaay\/","name":"El kumeyaay - Sorosoro","isPartOf":{"@id":"https:\/\/www.sorosoro.org\/es\/#website"},"datePublished":"2010-09-07T09:27:17+00:00","dateModified":"2010-09-07T13:57:31+00:00","breadcrumb":{"@id":"https:\/\/www.sorosoro.org\/es\/el-kumeyaay\/#breadcrumb"},"inLanguage":"es","potentialAction":[{"@type":"ReadAction","target":["https:\/\/www.sorosoro.org\/es\/el-kumeyaay\/"]}]},{"@type":"BreadcrumbList","@id":"https:\/\/www.sorosoro.org\/es\/el-kumeyaay\/#breadcrumb","itemListElement":[{"@type":"ListItem","position":1,"name":"Accueil","item":"https:\/\/www.sorosoro.org\/es\/"},{"@type":"ListItem","position":2,"name":"El kumeyaay"}]},{"@type":"WebSite","@id":"https:\/\/www.sorosoro.org\/es\/#website","url":"https:\/\/www.sorosoro.org\/es\/","name":"Sorosoro","description":"Pour que vivent les langues du monde !","potentialAction":[{"@type":"SearchAction","target":{"@type":"EntryPoint","urlTemplate":"https:\/\/www.sorosoro.org\/es\/?s={search_term_string}"},"query-input":{"@type":"PropertyValueSpecification","valueRequired":true,"valueName":"search_term_string"}}],"inLanguage":"es"}]}},"_links":{"self":[{"href":"https:\/\/www.sorosoro.org\/es\/wp-json\/wp\/v2\/pages\/26862","targetHints":{"allow":["GET"]}}],"collection":[{"href":"https:\/\/www.sorosoro.org\/es\/wp-json\/wp\/v2\/pages"}],"about":[{"href":"https:\/\/www.sorosoro.org\/es\/wp-json\/wp\/v2\/types\/page"}],"author":[{"embeddable":true,"href":"https:\/\/www.sorosoro.org\/es\/wp-json\/wp\/v2\/users\/12"}],"replies":[{"embeddable":true,"href":"https:\/\/www.sorosoro.org\/es\/wp-json\/wp\/v2\/comments?post=26862"}],"version-history":[{"count":0,"href":"https:\/\/www.sorosoro.org\/es\/wp-json\/wp\/v2\/pages\/26862\/revisions"}],"wp:attachment":[{"href":"https:\/\/www.sorosoro.org\/es\/wp-json\/wp\/v2\/media?parent=26862"}],"curies":[{"name":"wp","href":"https:\/\/api.w.org\/{rel}","templated":true}]}}