{"id":26859,"date":"2010-09-07T11:17:09","date_gmt":"2010-09-07T09:17:09","guid":{"rendered":"http:\/\/www.sorosoro.org\/?page_id=26859"},"modified":"2010-09-07T15:56:08","modified_gmt":"2010-09-07T13:56:08","slug":"el-kiliwa","status":"publish","type":"page","link":"https:\/\/www.sorosoro.org\/es\/el-kiliwa\/","title":{"rendered":"El kiliwa"},"content":{"rendered":"<p style=\"text-align: justify;\">\n<p style=\"text-align: justify;\"><em>Datos recolectados por la <a href=\"http:\/\/www.unilat.org\/SG\/index.es.asp\">Uni\u00f3n Latina<\/a> que trabaja para la valorizaci\u00f3n del legado cultural de sus 37 pa\u00edses miembros.<\/em><\/p>\n<h5 style=\"text-align: justify;\">Datos sobre la lengua<\/h5>\n<p style=\"text-align: justify;\">\n<p style=\"text-align: justify;\"><strong>Nombres alternativos<\/strong>: ko\u2019lew.<\/p>\n<p style=\"text-align: justify;\">\n<p style=\"text-align: justify;\"><strong>Clasificaci\u00f3n<\/strong>: <a href=\"https:\/\/www.sorosoro.org\/es\/familia-de-lenguas-yumano-cochimies\">yumano-cochim\u00ed<\/a><\/p>\n<p style=\"text-align: justify;\">\n<p style=\"text-align: justify;\"><strong>\u00c1rea<\/strong>: M\u00e9xico (Baja California)<\/p>\n<p style=\"text-align: justify;\">\n<p style=\"text-align: justify;\"><strong>Cantidad de hablantes<\/strong>: 52 seg\u00fan el INALI<\/p>\n<p style=\"text-align: justify;\">\n<p style=\"text-align: justify;\"><em>La UNESCO cifra en 40 el n\u00famero de hablantes.<\/em><\/p>\n<p style=\"text-align: justify;\">\n<p style=\"text-align: justify;\"><strong>Estatus de la lengua<\/strong>: Sin estatus oficial<\/p>\n<p style=\"text-align: justify;\">\n<p style=\"text-align: justify;\"><strong>Vitalidad y transmisi\u00f3n<\/strong>:<\/p>\n<p style=\"text-align: justify;\">\n<p style=\"text-align: justify;\">Todos los \u00faltimos hablantes nativos de esta lengua son de avanzada edad. La transmisi\u00f3n debe haberse detenido hace dos generaciones. Esta lengua est\u00e1 en serio peligro de extinci\u00f3n. La UNESCO considera que est\u00e1 \u00aben situaci\u00f3n cr\u00edtica\u00bb.<\/p>\n<h5 style=\"text-align: justify;\">Fuentes y bibliograf\u00eda complementaria<\/h5>\n<p style=\"text-align: justify;\">\n<p style=\"text-align: justify;\"><span style=\"text-decoration: underline;\">Fuentes y bibliograf\u00eda<\/span><\/p>\n<p style=\"text-align: justify;\">\n<p style=\"text-align: justify;\">Instituto Nacional de Lenguas Ind\u00edgenas \u2013 INALI (2005), Cat\u00e1logo de lenguas ind\u00edgenas mexicanas: Cartograf\u00eda contempor\u00e1nea de sus asentamientos hist\u00f3ricos<\/p>\n<p style=\"text-align: justify;\">\n<p style=\"text-align: justify;\">\n","protected":false},"excerpt":{"rendered":"<p>Datos recolectados por la Uni\u00f3n Latina que trabaja para la valorizaci\u00f3n del legado cultural de sus 37 pa\u00edses miembros. Datos sobre la lengua Nombres alternativos: ko\u2019lew. Clasificaci\u00f3n: yumano-cochim\u00ed \u00c1rea: M\u00e9xico (Baja California) Cantidad de hablantes: 52 seg\u00fan el INALI La UNESCO cifra en 40 el n\u00famero de hablantes. Estatus de la lengua: Sin estatus oficial [&hellip;]<\/p>\n","protected":false},"author":12,"featured_media":0,"parent":0,"menu_order":0,"comment_status":"closed","ping_status":"open","template":"","meta":{"footnotes":""},"class_list":["post-26859","page","type-page","status-publish","hentry"],"yoast_head":"<!-- This site is optimized with the Yoast SEO plugin v27.0 - https:\/\/yoast.com\/product\/yoast-seo-wordpress\/ -->\n<title>El kiliwa - Sorosoro<\/title>\n<meta name=\"robots\" content=\"index, follow, max-snippet:-1, max-image-preview:large, max-video-preview:-1\" \/>\n<link rel=\"canonical\" href=\"https:\/\/www.sorosoro.org\/es\/el-kiliwa\/\" \/>\n<meta property=\"og:locale\" content=\"es_ES\" \/>\n<meta property=\"og:type\" content=\"article\" \/>\n<meta property=\"og:title\" content=\"El kiliwa - Sorosoro\" \/>\n<meta property=\"og:description\" content=\"Datos recolectados por la Uni\u00f3n Latina que trabaja para la valorizaci\u00f3n del legado cultural de sus 37 pa\u00edses miembros. Datos sobre la lengua Nombres alternativos: ko\u2019lew. Clasificaci\u00f3n: yumano-cochim\u00ed \u00c1rea: M\u00e9xico (Baja California) Cantidad de hablantes: 52 seg\u00fan el INALI La UNESCO cifra en 40 el n\u00famero de hablantes. Estatus de la lengua: Sin estatus oficial [&hellip;]\" \/>\n<meta property=\"og:url\" content=\"https:\/\/www.sorosoro.org\/es\/el-kiliwa\/\" \/>\n<meta property=\"og:site_name\" content=\"Sorosoro\" \/>\n<meta property=\"article:modified_time\" content=\"2010-09-07T13:56:08+00:00\" \/>\n<meta name=\"twitter:card\" content=\"summary_large_image\" \/>\n<meta name=\"twitter:label1\" content=\"Tiempo de lectura\" \/>\n\t<meta name=\"twitter:data1\" content=\"1 minuto\" \/>\n<script type=\"application\/ld+json\" class=\"yoast-schema-graph\">{\"@context\":\"https:\/\/schema.org\",\"@graph\":[{\"@type\":\"WebPage\",\"@id\":\"https:\/\/www.sorosoro.org\/es\/el-kiliwa\/\",\"url\":\"https:\/\/www.sorosoro.org\/es\/el-kiliwa\/\",\"name\":\"El kiliwa - Sorosoro\",\"isPartOf\":{\"@id\":\"https:\/\/www.sorosoro.org\/es\/#website\"},\"datePublished\":\"2010-09-07T09:17:09+00:00\",\"dateModified\":\"2010-09-07T13:56:08+00:00\",\"breadcrumb\":{\"@id\":\"https:\/\/www.sorosoro.org\/es\/el-kiliwa\/#breadcrumb\"},\"inLanguage\":\"es\",\"potentialAction\":[{\"@type\":\"ReadAction\",\"target\":[\"https:\/\/www.sorosoro.org\/es\/el-kiliwa\/\"]}]},{\"@type\":\"BreadcrumbList\",\"@id\":\"https:\/\/www.sorosoro.org\/es\/el-kiliwa\/#breadcrumb\",\"itemListElement\":[{\"@type\":\"ListItem\",\"position\":1,\"name\":\"Accueil\",\"item\":\"https:\/\/www.sorosoro.org\/es\/\"},{\"@type\":\"ListItem\",\"position\":2,\"name\":\"El kiliwa\"}]},{\"@type\":\"WebSite\",\"@id\":\"https:\/\/www.sorosoro.org\/es\/#website\",\"url\":\"https:\/\/www.sorosoro.org\/es\/\",\"name\":\"Sorosoro\",\"description\":\"Pour que vivent les langues du monde !\",\"potentialAction\":[{\"@type\":\"SearchAction\",\"target\":{\"@type\":\"EntryPoint\",\"urlTemplate\":\"https:\/\/www.sorosoro.org\/es\/?s={search_term_string}\"},\"query-input\":{\"@type\":\"PropertyValueSpecification\",\"valueRequired\":true,\"valueName\":\"search_term_string\"}}],\"inLanguage\":\"es\"}]}<\/script>\n<!-- \/ Yoast SEO plugin. -->","yoast_head_json":{"title":"El kiliwa - Sorosoro","robots":{"index":"index","follow":"follow","max-snippet":"max-snippet:-1","max-image-preview":"max-image-preview:large","max-video-preview":"max-video-preview:-1"},"canonical":"https:\/\/www.sorosoro.org\/es\/el-kiliwa\/","og_locale":"es_ES","og_type":"article","og_title":"El kiliwa - Sorosoro","og_description":"Datos recolectados por la Uni\u00f3n Latina que trabaja para la valorizaci\u00f3n del legado cultural de sus 37 pa\u00edses miembros. Datos sobre la lengua Nombres alternativos: ko\u2019lew. Clasificaci\u00f3n: yumano-cochim\u00ed \u00c1rea: M\u00e9xico (Baja California) Cantidad de hablantes: 52 seg\u00fan el INALI La UNESCO cifra en 40 el n\u00famero de hablantes. Estatus de la lengua: Sin estatus oficial [&hellip;]","og_url":"https:\/\/www.sorosoro.org\/es\/el-kiliwa\/","og_site_name":"Sorosoro","article_modified_time":"2010-09-07T13:56:08+00:00","twitter_card":"summary_large_image","twitter_misc":{"Tiempo de lectura":"1 minuto"},"schema":{"@context":"https:\/\/schema.org","@graph":[{"@type":"WebPage","@id":"https:\/\/www.sorosoro.org\/es\/el-kiliwa\/","url":"https:\/\/www.sorosoro.org\/es\/el-kiliwa\/","name":"El kiliwa - Sorosoro","isPartOf":{"@id":"https:\/\/www.sorosoro.org\/es\/#website"},"datePublished":"2010-09-07T09:17:09+00:00","dateModified":"2010-09-07T13:56:08+00:00","breadcrumb":{"@id":"https:\/\/www.sorosoro.org\/es\/el-kiliwa\/#breadcrumb"},"inLanguage":"es","potentialAction":[{"@type":"ReadAction","target":["https:\/\/www.sorosoro.org\/es\/el-kiliwa\/"]}]},{"@type":"BreadcrumbList","@id":"https:\/\/www.sorosoro.org\/es\/el-kiliwa\/#breadcrumb","itemListElement":[{"@type":"ListItem","position":1,"name":"Accueil","item":"https:\/\/www.sorosoro.org\/es\/"},{"@type":"ListItem","position":2,"name":"El kiliwa"}]},{"@type":"WebSite","@id":"https:\/\/www.sorosoro.org\/es\/#website","url":"https:\/\/www.sorosoro.org\/es\/","name":"Sorosoro","description":"Pour que vivent les langues du monde !","potentialAction":[{"@type":"SearchAction","target":{"@type":"EntryPoint","urlTemplate":"https:\/\/www.sorosoro.org\/es\/?s={search_term_string}"},"query-input":{"@type":"PropertyValueSpecification","valueRequired":true,"valueName":"search_term_string"}}],"inLanguage":"es"}]}},"_links":{"self":[{"href":"https:\/\/www.sorosoro.org\/es\/wp-json\/wp\/v2\/pages\/26859","targetHints":{"allow":["GET"]}}],"collection":[{"href":"https:\/\/www.sorosoro.org\/es\/wp-json\/wp\/v2\/pages"}],"about":[{"href":"https:\/\/www.sorosoro.org\/es\/wp-json\/wp\/v2\/types\/page"}],"author":[{"embeddable":true,"href":"https:\/\/www.sorosoro.org\/es\/wp-json\/wp\/v2\/users\/12"}],"replies":[{"embeddable":true,"href":"https:\/\/www.sorosoro.org\/es\/wp-json\/wp\/v2\/comments?post=26859"}],"version-history":[{"count":0,"href":"https:\/\/www.sorosoro.org\/es\/wp-json\/wp\/v2\/pages\/26859\/revisions"}],"wp:attachment":[{"href":"https:\/\/www.sorosoro.org\/es\/wp-json\/wp\/v2\/media?parent=26859"}],"curies":[{"name":"wp","href":"https:\/\/api.w.org\/{rel}","templated":true}]}}