{"id":26854,"date":"2010-09-07T11:13:20","date_gmt":"2010-09-07T09:13:20","guid":{"rendered":"http:\/\/www.sorosoro.org\/?page_id=26854"},"modified":"2010-09-07T15:58:09","modified_gmt":"2010-09-07T13:58:09","slug":"el-cucapa","status":"publish","type":"page","link":"https:\/\/www.sorosoro.org\/es\/el-cucapa\/","title":{"rendered":"El cucap\u00e1"},"content":{"rendered":"<h5 style=\"text-align: justify;\">Datos sobre la lengua cucap\u00e1<\/h5>\n<p style=\"text-align: justify;\">\n<p style=\"text-align: justify;\"><strong>Nombres alternativos<\/strong>: koipai, kuapac, cocopa, Delta Yuman<\/p>\n<p style=\"text-align: justify;\">\n<p style=\"text-align: justify;\"><strong>Clasificaci\u00f3n<\/strong>: <a href=\"https:\/\/www.sorosoro.org\/es\/familia-de-lenguas-yumano-cochimies\">yuman-cochimi<\/a><\/p>\n<p style=\"text-align: justify;\">\n<p style=\"text-align: justify;\"><strong>\u00c1rea<\/strong>: Estados Unidos (Arizona), M\u00e9xico (Baja California)<\/p>\n<p style=\"text-align: justify;\">\n<p style=\"text-align: justify;\"><strong>Cantidad de hablantes<\/strong>: 85<\/p>\n<p style=\"text-align: justify;\">\n<p style=\"text-align: justify;\">Cifras del INALI.<\/p>\n<p style=\"text-align: justify;\">\n<p style=\"text-align: justify;\"><em>La UNESCO cuenta 500 hablantes, de los que 178 viven en M\u00e9xico y el resto en Estados Unidos.<\/em><\/p>\n<p style=\"text-align: justify;\">\n<p style=\"text-align: justify;\"><strong>Estatus de la lengua<\/strong>:<\/p>\n<p style=\"text-align: justify;\">\n<p style=\"text-align: justify;\">Sin estatus oficial<\/p>\n<p style=\"text-align: justify;\">\n<p style=\"text-align: justify;\"><strong>Vitalidad y transmisi\u00f3n<\/strong>:<\/p>\n<p style=\"text-align: justify;\">\n<p style=\"text-align: justify;\">Considerada como lengua \u00aben peligro\u00bb por la UNESCO.<\/p>\n<h5 style=\"text-align: justify;\">Fuentes<\/h5>\n<p style=\"text-align: justify;\">\n<p style=\"text-align: justify;\">Instituto Nacional de Lenguas Ind\u00edgenas \u2013 INALI (2005), Cat\u00e1logo de lenguas ind\u00edgenas mexicanas: Cartograf\u00eda contempor\u00e1nea de sus asentamientos hist\u00f3ricos<\/p>\n<p style=\"text-align: justify;\">\n<p style=\"text-align: justify;\"><span style=\"text-decoration: underline;\">Enlaces para saber m\u00e1s<\/span><\/p>\n<p style=\"text-align: justify;\">\n<p>SIL<\/p>\n<p><a href=\"http:\/\/www.sil.org\/MEXICO\/yumana\/00e-yumana.htm\">http:\/\/www.sil.org\/MEXICO\/yumana\/00e-yumana.htm<\/a><\/p>\n<p>UNESCO<\/p>\n<p><a href=\"http:\/\/portal.unesco.org\/culture\/fr\/ev.php-URL_ID=8285&amp;URL_DO=DO_TOPIC&amp;URL_SECTION=201.html\">http:\/\/portal.unesco.org\/culture\/fr\/ev.php-URL_ID=8285&amp;URL_DO=DO_TOPIC&amp;URL_SECTION=201.html<\/a><\/p>\n<p><em>Datos recolectados por <a href=\"http:\/\/www.portalingua.info\/es\/actualites\/\">Portalingua<\/a>, el sitio de la Uni\u00f3n Latina<\/em><\/p>\n<p><a href=\"http:\/\/www.portalingua.info\/es\/actualites\/\"><img loading=\"lazy\" decoding=\"async\" class=\"alignleft size-full wp-image-14376\" title=\"logo_ul_04_leger_trespetit18\" src=\"http:\/\/www.sorosoro.org\/wp-content\/uploads\/logo_ul_04_leger_trespetit182.gif\" alt=\"logo_ul_04_leger_trespetit18\" width=\"53\" height=\"57\" \/><\/a><\/p>\n","protected":false},"excerpt":{"rendered":"<p>Datos sobre la lengua cucap\u00e1 Nombres alternativos: koipai, kuapac, cocopa, Delta Yuman Clasificaci\u00f3n: yuman-cochimi \u00c1rea: Estados Unidos (Arizona), M\u00e9xico (Baja California) Cantidad de hablantes: 85 Cifras del INALI. La UNESCO cuenta 500 hablantes, de los que 178 viven en M\u00e9xico y el resto en Estados Unidos. Estatus de la lengua: Sin estatus oficial Vitalidad y [&hellip;]<\/p>\n","protected":false},"author":12,"featured_media":0,"parent":0,"menu_order":0,"comment_status":"closed","ping_status":"open","template":"","meta":{"footnotes":""},"class_list":["post-26854","page","type-page","status-publish","hentry"],"yoast_head":"<!-- This site is optimized with the Yoast SEO plugin v27.0 - https:\/\/yoast.com\/product\/yoast-seo-wordpress\/ -->\n<title>El cucap\u00e1 - Sorosoro<\/title>\n<meta name=\"robots\" content=\"index, follow, max-snippet:-1, max-image-preview:large, max-video-preview:-1\" \/>\n<link rel=\"canonical\" href=\"https:\/\/www.sorosoro.org\/es\/el-cucapa\/\" \/>\n<meta property=\"og:locale\" content=\"es_ES\" \/>\n<meta property=\"og:type\" content=\"article\" \/>\n<meta property=\"og:title\" content=\"El cucap\u00e1 - Sorosoro\" \/>\n<meta property=\"og:description\" content=\"Datos sobre la lengua cucap\u00e1 Nombres alternativos: koipai, kuapac, cocopa, Delta Yuman Clasificaci\u00f3n: yuman-cochimi \u00c1rea: Estados Unidos (Arizona), M\u00e9xico (Baja California) Cantidad de hablantes: 85 Cifras del INALI. La UNESCO cuenta 500 hablantes, de los que 178 viven en M\u00e9xico y el resto en Estados Unidos. Estatus de la lengua: Sin estatus oficial Vitalidad y [&hellip;]\" \/>\n<meta property=\"og:url\" content=\"https:\/\/www.sorosoro.org\/es\/el-cucapa\/\" \/>\n<meta property=\"og:site_name\" content=\"Sorosoro\" \/>\n<meta property=\"article:modified_time\" content=\"2010-09-07T13:58:09+00:00\" \/>\n<meta property=\"og:image\" content=\"http:\/\/www.sorosoro.org\/wp-content\/uploads\/logo_ul_04_leger_trespetit182.gif\" \/>\n<meta name=\"twitter:card\" content=\"summary_large_image\" \/>\n<meta name=\"twitter:label1\" content=\"Tiempo de lectura\" \/>\n\t<meta name=\"twitter:data1\" content=\"1 minuto\" \/>\n<script type=\"application\/ld+json\" class=\"yoast-schema-graph\">{\"@context\":\"https:\/\/schema.org\",\"@graph\":[{\"@type\":\"WebPage\",\"@id\":\"https:\/\/www.sorosoro.org\/es\/el-cucapa\/\",\"url\":\"https:\/\/www.sorosoro.org\/es\/el-cucapa\/\",\"name\":\"El cucap\u00e1 - Sorosoro\",\"isPartOf\":{\"@id\":\"https:\/\/www.sorosoro.org\/es\/#website\"},\"primaryImageOfPage\":{\"@id\":\"https:\/\/www.sorosoro.org\/es\/el-cucapa\/#primaryimage\"},\"image\":{\"@id\":\"https:\/\/www.sorosoro.org\/es\/el-cucapa\/#primaryimage\"},\"thumbnailUrl\":\"http:\/\/www.sorosoro.org\/wp-content\/uploads\/logo_ul_04_leger_trespetit182.gif\",\"datePublished\":\"2010-09-07T09:13:20+00:00\",\"dateModified\":\"2010-09-07T13:58:09+00:00\",\"breadcrumb\":{\"@id\":\"https:\/\/www.sorosoro.org\/es\/el-cucapa\/#breadcrumb\"},\"inLanguage\":\"es\",\"potentialAction\":[{\"@type\":\"ReadAction\",\"target\":[\"https:\/\/www.sorosoro.org\/es\/el-cucapa\/\"]}]},{\"@type\":\"ImageObject\",\"inLanguage\":\"es\",\"@id\":\"https:\/\/www.sorosoro.org\/es\/el-cucapa\/#primaryimage\",\"url\":\"http:\/\/www.sorosoro.org\/wp-content\/uploads\/logo_ul_04_leger_trespetit182.gif\",\"contentUrl\":\"http:\/\/www.sorosoro.org\/wp-content\/uploads\/logo_ul_04_leger_trespetit182.gif\"},{\"@type\":\"BreadcrumbList\",\"@id\":\"https:\/\/www.sorosoro.org\/es\/el-cucapa\/#breadcrumb\",\"itemListElement\":[{\"@type\":\"ListItem\",\"position\":1,\"name\":\"Accueil\",\"item\":\"https:\/\/www.sorosoro.org\/es\/\"},{\"@type\":\"ListItem\",\"position\":2,\"name\":\"El cucap\u00e1\"}]},{\"@type\":\"WebSite\",\"@id\":\"https:\/\/www.sorosoro.org\/es\/#website\",\"url\":\"https:\/\/www.sorosoro.org\/es\/\",\"name\":\"Sorosoro\",\"description\":\"Pour que vivent les langues du monde !\",\"potentialAction\":[{\"@type\":\"SearchAction\",\"target\":{\"@type\":\"EntryPoint\",\"urlTemplate\":\"https:\/\/www.sorosoro.org\/es\/?s={search_term_string}\"},\"query-input\":{\"@type\":\"PropertyValueSpecification\",\"valueRequired\":true,\"valueName\":\"search_term_string\"}}],\"inLanguage\":\"es\"}]}<\/script>\n<!-- \/ Yoast SEO plugin. -->","yoast_head_json":{"title":"El cucap\u00e1 - Sorosoro","robots":{"index":"index","follow":"follow","max-snippet":"max-snippet:-1","max-image-preview":"max-image-preview:large","max-video-preview":"max-video-preview:-1"},"canonical":"https:\/\/www.sorosoro.org\/es\/el-cucapa\/","og_locale":"es_ES","og_type":"article","og_title":"El cucap\u00e1 - Sorosoro","og_description":"Datos sobre la lengua cucap\u00e1 Nombres alternativos: koipai, kuapac, cocopa, Delta Yuman Clasificaci\u00f3n: yuman-cochimi \u00c1rea: Estados Unidos (Arizona), M\u00e9xico (Baja California) Cantidad de hablantes: 85 Cifras del INALI. La UNESCO cuenta 500 hablantes, de los que 178 viven en M\u00e9xico y el resto en Estados Unidos. Estatus de la lengua: Sin estatus oficial Vitalidad y [&hellip;]","og_url":"https:\/\/www.sorosoro.org\/es\/el-cucapa\/","og_site_name":"Sorosoro","article_modified_time":"2010-09-07T13:58:09+00:00","og_image":[{"url":"http:\/\/www.sorosoro.org\/wp-content\/uploads\/logo_ul_04_leger_trespetit182.gif","type":"","width":"","height":""}],"twitter_card":"summary_large_image","twitter_misc":{"Tiempo de lectura":"1 minuto"},"schema":{"@context":"https:\/\/schema.org","@graph":[{"@type":"WebPage","@id":"https:\/\/www.sorosoro.org\/es\/el-cucapa\/","url":"https:\/\/www.sorosoro.org\/es\/el-cucapa\/","name":"El cucap\u00e1 - Sorosoro","isPartOf":{"@id":"https:\/\/www.sorosoro.org\/es\/#website"},"primaryImageOfPage":{"@id":"https:\/\/www.sorosoro.org\/es\/el-cucapa\/#primaryimage"},"image":{"@id":"https:\/\/www.sorosoro.org\/es\/el-cucapa\/#primaryimage"},"thumbnailUrl":"http:\/\/www.sorosoro.org\/wp-content\/uploads\/logo_ul_04_leger_trespetit182.gif","datePublished":"2010-09-07T09:13:20+00:00","dateModified":"2010-09-07T13:58:09+00:00","breadcrumb":{"@id":"https:\/\/www.sorosoro.org\/es\/el-cucapa\/#breadcrumb"},"inLanguage":"es","potentialAction":[{"@type":"ReadAction","target":["https:\/\/www.sorosoro.org\/es\/el-cucapa\/"]}]},{"@type":"ImageObject","inLanguage":"es","@id":"https:\/\/www.sorosoro.org\/es\/el-cucapa\/#primaryimage","url":"http:\/\/www.sorosoro.org\/wp-content\/uploads\/logo_ul_04_leger_trespetit182.gif","contentUrl":"http:\/\/www.sorosoro.org\/wp-content\/uploads\/logo_ul_04_leger_trespetit182.gif"},{"@type":"BreadcrumbList","@id":"https:\/\/www.sorosoro.org\/es\/el-cucapa\/#breadcrumb","itemListElement":[{"@type":"ListItem","position":1,"name":"Accueil","item":"https:\/\/www.sorosoro.org\/es\/"},{"@type":"ListItem","position":2,"name":"El cucap\u00e1"}]},{"@type":"WebSite","@id":"https:\/\/www.sorosoro.org\/es\/#website","url":"https:\/\/www.sorosoro.org\/es\/","name":"Sorosoro","description":"Pour que vivent les langues du monde !","potentialAction":[{"@type":"SearchAction","target":{"@type":"EntryPoint","urlTemplate":"https:\/\/www.sorosoro.org\/es\/?s={search_term_string}"},"query-input":{"@type":"PropertyValueSpecification","valueRequired":true,"valueName":"search_term_string"}}],"inLanguage":"es"}]}},"_links":{"self":[{"href":"https:\/\/www.sorosoro.org\/es\/wp-json\/wp\/v2\/pages\/26854","targetHints":{"allow":["GET"]}}],"collection":[{"href":"https:\/\/www.sorosoro.org\/es\/wp-json\/wp\/v2\/pages"}],"about":[{"href":"https:\/\/www.sorosoro.org\/es\/wp-json\/wp\/v2\/types\/page"}],"author":[{"embeddable":true,"href":"https:\/\/www.sorosoro.org\/es\/wp-json\/wp\/v2\/users\/12"}],"replies":[{"embeddable":true,"href":"https:\/\/www.sorosoro.org\/es\/wp-json\/wp\/v2\/comments?post=26854"}],"version-history":[{"count":0,"href":"https:\/\/www.sorosoro.org\/es\/wp-json\/wp\/v2\/pages\/26854\/revisions"}],"wp:attachment":[{"href":"https:\/\/www.sorosoro.org\/es\/wp-json\/wp\/v2\/media?parent=26854"}],"curies":[{"name":"wp","href":"https:\/\/api.w.org\/{rel}","templated":true}]}}