{"id":26804,"date":"2010-09-06T12:35:49","date_gmt":"2010-09-06T10:35:49","guid":{"rendered":"http:\/\/www.sorosoro.org\/?page_id=26804"},"modified":"2010-09-07T15:53:47","modified_gmt":"2010-09-07T13:53:47","slug":"el-huichol","status":"publish","type":"page","link":"https:\/\/www.sorosoro.org\/es\/el-huichol\/","title":{"rendered":"El huichol"},"content":{"rendered":"<p><em>Datos recolectados por la <a href=\"http:\/\/www.unilat.org\/SG\/index.es.asp\">Uni\u00f3n Latina<\/a> que trabaja para la valorizaci\u00f3n del legado cultural de sus 37 pa\u00edses miembros.<\/em><\/p>\n<p><em><br \/>\n<\/em><\/p>\n<h5>Datos sobre la lengua huichol<\/h5>\n<p><strong>Nombre alternativo<\/strong>: Huichol<\/p>\n<p><strong>Clasificaci\u00f3n<\/strong>: <a href=\"https:\/\/www.sorosoro.org\/es\/familia-de-lenguas-uto-aztecas\">uto-azteca<\/a><\/p>\n<p><strong>\u00c1rea<\/strong>: M\u00e9xico (Sierra Madre occidental)<\/p>\n<p><strong>Cantidad de hablantes<\/strong>: 30686<\/p>\n<p>Cifras del INALI. El sitio Ethnologue cuenta 20 mil hablantes y la UNESCO 35724 hablantes.<\/p>\n<p><strong>Estatus de la lengua<\/strong>:<\/p>\n<p>Sin estatus oficial<\/p>\n<p><strong>Vitalidad y transmisi\u00f3n<\/strong><\/p>\n<p>El huichol es una lengua amenazada. UNESCO considera que es \u00abvulnerable\u00bb (grado 1 en una escala de 5)<\/p>\n<h5>Fuentes y bibliograf\u00eda complementaria<\/h5>\n<p><span style=\"text-decoration: underline;\">Fuentes y bibliograf\u00eda<\/span><\/p>\n<p>Instituto Nacional de Lenguas Ind\u00edgenas \u2013 INALI (2005), Cat\u00e1logo de lenguas ind\u00edgenas mexicanas: Cartograf\u00eda contempor\u00e1nea de sus asentamientos hist\u00f3ricos<\/p>\n<p><span style=\"text-decoration: underline;\">Enlaces <\/span><span style=\"text-decoration: underline;\">para saber m\u00e1s<\/span><\/p>\n<p>Ethnologue: <a href=\"\u2028http:\/\/www.ethnologue.com\/show_language.asp?code=hch\">huichol<\/a><\/p>\n","protected":false},"excerpt":{"rendered":"<p>Datos recolectados por la Uni\u00f3n Latina que trabaja para la valorizaci\u00f3n del legado cultural de sus 37 pa\u00edses miembros. Datos sobre la lengua huichol Nombre alternativo: Huichol Clasificaci\u00f3n: uto-azteca \u00c1rea: M\u00e9xico (Sierra Madre occidental) Cantidad de hablantes: 30686 Cifras del INALI. El sitio Ethnologue cuenta 20 mil hablantes y la UNESCO 35724 hablantes. Estatus de [&hellip;]<\/p>\n","protected":false},"author":12,"featured_media":0,"parent":0,"menu_order":0,"comment_status":"closed","ping_status":"open","template":"","meta":{"footnotes":""},"class_list":["post-26804","page","type-page","status-publish","hentry"],"yoast_head":"<!-- This site is optimized with the Yoast SEO plugin v27.0 - https:\/\/yoast.com\/product\/yoast-seo-wordpress\/ -->\n<title>El huichol - Sorosoro<\/title>\n<meta name=\"robots\" content=\"index, follow, max-snippet:-1, max-image-preview:large, max-video-preview:-1\" \/>\n<link rel=\"canonical\" href=\"https:\/\/www.sorosoro.org\/es\/el-huichol\/\" \/>\n<meta property=\"og:locale\" content=\"es_ES\" \/>\n<meta property=\"og:type\" content=\"article\" \/>\n<meta property=\"og:title\" content=\"El huichol - Sorosoro\" \/>\n<meta property=\"og:description\" content=\"Datos recolectados por la Uni\u00f3n Latina que trabaja para la valorizaci\u00f3n del legado cultural de sus 37 pa\u00edses miembros. Datos sobre la lengua huichol Nombre alternativo: Huichol Clasificaci\u00f3n: uto-azteca \u00c1rea: M\u00e9xico (Sierra Madre occidental) Cantidad de hablantes: 30686 Cifras del INALI. El sitio Ethnologue cuenta 20 mil hablantes y la UNESCO 35724 hablantes. Estatus de [&hellip;]\" \/>\n<meta property=\"og:url\" content=\"https:\/\/www.sorosoro.org\/es\/el-huichol\/\" \/>\n<meta property=\"og:site_name\" content=\"Sorosoro\" \/>\n<meta property=\"article:modified_time\" content=\"2010-09-07T13:53:47+00:00\" \/>\n<meta name=\"twitter:card\" content=\"summary_large_image\" \/>\n<meta name=\"twitter:label1\" content=\"Tiempo de lectura\" \/>\n\t<meta name=\"twitter:data1\" content=\"1 minuto\" \/>\n<script type=\"application\/ld+json\" class=\"yoast-schema-graph\">{\"@context\":\"https:\/\/schema.org\",\"@graph\":[{\"@type\":\"WebPage\",\"@id\":\"https:\/\/www.sorosoro.org\/es\/el-huichol\/\",\"url\":\"https:\/\/www.sorosoro.org\/es\/el-huichol\/\",\"name\":\"El huichol - Sorosoro\",\"isPartOf\":{\"@id\":\"https:\/\/www.sorosoro.org\/es\/#website\"},\"datePublished\":\"2010-09-06T10:35:49+00:00\",\"dateModified\":\"2010-09-07T13:53:47+00:00\",\"breadcrumb\":{\"@id\":\"https:\/\/www.sorosoro.org\/es\/el-huichol\/#breadcrumb\"},\"inLanguage\":\"es\",\"potentialAction\":[{\"@type\":\"ReadAction\",\"target\":[\"https:\/\/www.sorosoro.org\/es\/el-huichol\/\"]}]},{\"@type\":\"BreadcrumbList\",\"@id\":\"https:\/\/www.sorosoro.org\/es\/el-huichol\/#breadcrumb\",\"itemListElement\":[{\"@type\":\"ListItem\",\"position\":1,\"name\":\"Accueil\",\"item\":\"https:\/\/www.sorosoro.org\/es\/\"},{\"@type\":\"ListItem\",\"position\":2,\"name\":\"El huichol\"}]},{\"@type\":\"WebSite\",\"@id\":\"https:\/\/www.sorosoro.org\/es\/#website\",\"url\":\"https:\/\/www.sorosoro.org\/es\/\",\"name\":\"Sorosoro\",\"description\":\"Pour que vivent les langues du monde !\",\"potentialAction\":[{\"@type\":\"SearchAction\",\"target\":{\"@type\":\"EntryPoint\",\"urlTemplate\":\"https:\/\/www.sorosoro.org\/es\/?s={search_term_string}\"},\"query-input\":{\"@type\":\"PropertyValueSpecification\",\"valueRequired\":true,\"valueName\":\"search_term_string\"}}],\"inLanguage\":\"es\"}]}<\/script>\n<!-- \/ Yoast SEO plugin. -->","yoast_head_json":{"title":"El huichol - Sorosoro","robots":{"index":"index","follow":"follow","max-snippet":"max-snippet:-1","max-image-preview":"max-image-preview:large","max-video-preview":"max-video-preview:-1"},"canonical":"https:\/\/www.sorosoro.org\/es\/el-huichol\/","og_locale":"es_ES","og_type":"article","og_title":"El huichol - Sorosoro","og_description":"Datos recolectados por la Uni\u00f3n Latina que trabaja para la valorizaci\u00f3n del legado cultural de sus 37 pa\u00edses miembros. Datos sobre la lengua huichol Nombre alternativo: Huichol Clasificaci\u00f3n: uto-azteca \u00c1rea: M\u00e9xico (Sierra Madre occidental) Cantidad de hablantes: 30686 Cifras del INALI. El sitio Ethnologue cuenta 20 mil hablantes y la UNESCO 35724 hablantes. Estatus de [&hellip;]","og_url":"https:\/\/www.sorosoro.org\/es\/el-huichol\/","og_site_name":"Sorosoro","article_modified_time":"2010-09-07T13:53:47+00:00","twitter_card":"summary_large_image","twitter_misc":{"Tiempo de lectura":"1 minuto"},"schema":{"@context":"https:\/\/schema.org","@graph":[{"@type":"WebPage","@id":"https:\/\/www.sorosoro.org\/es\/el-huichol\/","url":"https:\/\/www.sorosoro.org\/es\/el-huichol\/","name":"El huichol - Sorosoro","isPartOf":{"@id":"https:\/\/www.sorosoro.org\/es\/#website"},"datePublished":"2010-09-06T10:35:49+00:00","dateModified":"2010-09-07T13:53:47+00:00","breadcrumb":{"@id":"https:\/\/www.sorosoro.org\/es\/el-huichol\/#breadcrumb"},"inLanguage":"es","potentialAction":[{"@type":"ReadAction","target":["https:\/\/www.sorosoro.org\/es\/el-huichol\/"]}]},{"@type":"BreadcrumbList","@id":"https:\/\/www.sorosoro.org\/es\/el-huichol\/#breadcrumb","itemListElement":[{"@type":"ListItem","position":1,"name":"Accueil","item":"https:\/\/www.sorosoro.org\/es\/"},{"@type":"ListItem","position":2,"name":"El huichol"}]},{"@type":"WebSite","@id":"https:\/\/www.sorosoro.org\/es\/#website","url":"https:\/\/www.sorosoro.org\/es\/","name":"Sorosoro","description":"Pour que vivent les langues du monde !","potentialAction":[{"@type":"SearchAction","target":{"@type":"EntryPoint","urlTemplate":"https:\/\/www.sorosoro.org\/es\/?s={search_term_string}"},"query-input":{"@type":"PropertyValueSpecification","valueRequired":true,"valueName":"search_term_string"}}],"inLanguage":"es"}]}},"_links":{"self":[{"href":"https:\/\/www.sorosoro.org\/es\/wp-json\/wp\/v2\/pages\/26804","targetHints":{"allow":["GET"]}}],"collection":[{"href":"https:\/\/www.sorosoro.org\/es\/wp-json\/wp\/v2\/pages"}],"about":[{"href":"https:\/\/www.sorosoro.org\/es\/wp-json\/wp\/v2\/types\/page"}],"author":[{"embeddable":true,"href":"https:\/\/www.sorosoro.org\/es\/wp-json\/wp\/v2\/users\/12"}],"replies":[{"embeddable":true,"href":"https:\/\/www.sorosoro.org\/es\/wp-json\/wp\/v2\/comments?post=26804"}],"version-history":[{"count":0,"href":"https:\/\/www.sorosoro.org\/es\/wp-json\/wp\/v2\/pages\/26804\/revisions"}],"wp:attachment":[{"href":"https:\/\/www.sorosoro.org\/es\/wp-json\/wp\/v2\/media?parent=26804"}],"curies":[{"name":"wp","href":"https:\/\/api.w.org\/{rel}","templated":true}]}}