{"id":26404,"date":"2010-08-31T18:24:49","date_gmt":"2010-08-31T16:24:49","guid":{"rendered":"http:\/\/www.sorosoro.org\/?page_id=26404"},"modified":"2010-09-07T11:41:55","modified_gmt":"2010-09-07T09:41:55","slug":"familia-de-lenguas-uto-aztecas","status":"publish","type":"page","link":"https:\/\/www.sorosoro.org\/es\/familia-de-lenguas-uto-aztecas\/","title":{"rendered":"Familia de lenguas uto-aztecas"},"content":{"rendered":"<h5 style=\"text-align: justify;\">\u00bfD\u00f3nde se hablan las lenguas uto-aztecas?<\/h5>\n<p style=\"text-align: justify;\">Estas lenguas se hablan en pueblos aut\u00f3ctonos de Am\u00e9rica del Norte y de Am\u00e9rica Central en una vasta zona geogr\u00e1fica que comprende:<\/p>\n<p style=\"text-align: justify;\">&#8211; Los estados de Oreg\u00f3n, Idaho, California, Nevada, Wyoming y Oklahoma en <strong>Estados Unidos,<\/strong><\/p>\n<p style=\"text-align: justify;\">&#8211; los estados de Sonora, Chihuahua, Jalisco, Durando, Pueblo, Hidalgo, Veracruz, Oaxaca, San Luis Potos\u00ed, Michoac\u00e1n, Tabasco y la ciudad de M\u00e9xico en<strong> M\u00e9xico<\/strong>,<\/p>\n<p style=\"text-align: justify;\">&#8211; el <strong>Salvador<\/strong>, que cuenta algunos hablantes de <strong>pipil<\/strong>.<\/p>\n<p style=\"text-align: justify;\">Es la familia de lenguas amerindias de Norteam\u00e9rica que tiene la mayor cantidad de hablantes.<\/p>\n<h5 style=\"text-align: justify;\">Cantidad total de hablantes (estimaci\u00f3n):<\/h5>\n<p style=\"text-align: justify;\">Aproximadamente un mill\u00f3n seg\u00fan la UNESCO<\/p>\n<h5 style=\"text-align: justify;\">Clasificaci\u00f3n<\/h5>\n<p style=\"text-align: justify;\">La familia de lenguas uto-aztecas cuenta al d\u00eda de hoy 21 lenguas activas.<\/p>\n<p style=\"text-align: justify;\"><span style=\"text-decoration: underline;\">Sub-familia Numic<\/span><\/p>\n<p style=\"padding-left: 30px; text-align: justify;\">Rama Numic Oeste<\/p>\n<p style=\"padding-left: 60px; text-align: justify;\"><strong>Mono <\/strong>(nombres alternativos:<em> monachi, monache<\/em>): 70 hablantes seg\u00fan la UNESCO<\/p>\n<p style=\"padding-left: 60px; text-align: justify;\"><strong>Paiute del norte<\/strong> (nombre alternativo: <em>paviotso<\/em>): 700 hablantes seg\u00fan la UNESCO<\/p>\n<p style=\"padding-left: 30px; text-align: justify;\">Rama Numic Centro<\/p>\n<p style=\"padding-left: 60px; text-align: justify;\"><strong>Comanche<\/strong>: 100 hablantes seg\u00fan la UNESCO<\/p>\n<p style=\"padding-left: 60px; text-align: justify;\"><strong>Panamint<\/strong> (nombre alternativo: <em>koso<\/em>): 20 hablantes seg\u00fan la UNESCO<\/p>\n<p style=\"padding-left: 60px; text-align: justify;\"><strong>Shosh\u00f3n <\/strong>(conjunto de dialectos, nombre aleternativo: <em>shoshoni<\/em>): 2 mil hablantes seg\u00fan la UNESCO<\/p>\n<p style=\"padding-left: 30px; text-align: justify;\">Rama Numic Sur<\/p>\n<p style=\"padding-left: 60px; text-align: justify;\"><strong>Kawaiisu<\/strong>: 10 hablantes seg\u00fan la UNESCO<\/p>\n<p style=\"padding-left: 60px; text-align: justify;\"><strong>Kern<\/strong> (conjunto de dialectos, nombre alternativo: <em>t\u00fcbatulabal<\/em>): extinguido seg\u00fan UNESCO y seis hablantes seg\u00fan SIL<\/p>\n<p style=\"padding-left: 60px; text-align: justify;\"><strong>Ute<\/strong> (nombre alternativo: <em>paiute del sur<\/em>): 600 hablantes seg\u00fan la UNESCO<\/p>\n<p style=\"padding-left: 60px; text-align: justify;\">\n<p style=\"text-align: justify;\"><span style=\"text-decoration: underline;\">Sub-familia Takic<\/span><\/p>\n<p style=\"padding-left: 30px; text-align: justify;\">Rama Serrana<\/p>\n<p style=\"padding-left: 60px; text-align: justify;\"><strong>Kitanemuk<\/strong>: extinguido<\/p>\n<p style=\"padding-left: 60px; text-align: justify;\"><strong>Serrano<\/strong>: extinguido<\/p>\n<p style=\"padding-left: 60px; text-align: justify;\"><strong>Taviam<\/strong> (nombre alternativo: <em>alliklik<\/em>): extinguido<\/p>\n<p style=\"padding-left: 60px; text-align: justify;\"><strong>Gabrielino<\/strong>: extinguido<\/p>\n<p style=\"padding-left: 30px; text-align: justify;\">Rama Cupano<\/p>\n<p style=\"padding-left: 60px; text-align: justify;\"><strong>Cupe\u00f1o<\/strong> (nombre alternativo: <em>agua caliente<\/em>): extinguido<\/p>\n<p style=\"padding-left: 60px; text-align: justify;\"><strong>Cahuilla<\/strong>: 30 hablantes seg\u00fan la UNESCO<\/p>\n<p style=\"padding-left: 60px; text-align: justify;\"><strong>Luise\u00f1o<\/strong>: 5 hablantes seg\u00fan la UNESCO<\/p>\n<p style=\"padding-left: 60px; text-align: justify;\"><strong>Juane\u00f1o<\/strong> (nombres alternativos: <em>acjachemen; netela<\/em>): extinguido<\/p>\n<p style=\"padding-left: 60px; text-align: justify;\"><strong>Hopi<\/strong> (nombre alternativo: <em>pueblo<\/em>): 5 mil hablantes seg\u00fan la UNESCO<\/p>\n<p style=\"padding-left: 60px; text-align: justify;\">\n<p style=\"text-align: justify;\"><span style=\"text-decoration: underline;\">Sub-familia Tamipane o Pimic<\/span><\/p>\n<p style=\"padding-left: 60px; text-align: justify;\"><strong>O\u2019odham<\/strong> (nombre alternativo: <em>alto piman<\/em>): 15 mil hablantes seg\u00fan la UNESCO<\/p>\n<p style=\"padding-left: 60px; text-align: justify;\"><strong>Pima Bajo<\/strong> (conjunto de dialectos, nombres alternativos: <em>bajo piman; piman de las monta\u00f1as<\/em>): 150 hablantes seg\u00fan la UNESCO<\/p>\n<p style=\"padding-left: 60px; text-align: justify;\"><strong>Tepehuan del norte<\/strong><\/p>\n<p style=\"padding-left: 60px; text-align: justify;\"><strong>Tepehuan del sur<\/strong><\/p>\n<p style=\"padding-left: 60px; text-align: justify;\"><strong><br \/>\n<\/strong><\/p>\n<p style=\"text-align: justify;\"><span style=\"text-decoration: underline;\">Sub-Familia Taracahitic<\/span><\/p>\n<p style=\"padding-left: 30px; text-align: justify;\">Rama Tarahumarane<\/p>\n<p style=\"padding-left: 60px; text-align: justify;\"><a href=\"https:\/\/www.sorosoro.org\/es\/el-guarijio\"><strong>Guarij\u00edo<\/strong><\/a> (Nombres alternativos: <em>arihio, warihio, warih\u00f3<\/em>) 1300 hablantes seg\u00fan la UNESCO y 1671 seg\u00fan el INALI<\/p>\n<p style=\"padding-left: 60px; text-align: justify;\"><strong>Tarahumara<\/strong>: 25 mil hablantes seg\u00fan la UNESCO<\/p>\n<p style=\"padding-left: 30px; text-align: justify;\">Rama Opatan<\/p>\n<p style=\"padding-left: 60px; text-align: justify;\"><strong>Cahita<\/strong>: 510 hablantes seg\u00fan la UNESCO<\/p>\n<p style=\"padding-left: 60px; text-align: justify;\"><strong>Opata<\/strong>: extinguido<\/p>\n<p style=\"padding-left: 60px; text-align: justify;\"><strong>Tubar<\/strong>: extinguido<\/p>\n<p style=\"padding-left: 60px; text-align: justify;\">\n<p style=\"text-align: justify;\"><span style=\"text-decoration: underline;\">Sub-Familia Corachol<\/span><\/p>\n<p style=\"padding-left: 60px; text-align: justify;\"><a href=\"https:\/\/www.sorosoro.org\/es\/el-cora\"><strong>Cora<\/strong><\/a>: 15 mil hablantes seg\u00fan la UNESCO y 13251 hablantes seg\u00fan el INALI<\/p>\n<p style=\"padding-left: 60px; text-align: justify;\"><a href=\"https:\/\/www.sorosoro.org\/es\/el-huichol\"><strong>Huichol<\/strong><\/a> (nombre alternativo: <em>wix\u00e1rika<\/em>): 35 mil hablantes seg\u00fan la UNESCO y 686 hablantes seg\u00fan el INALI<\/p>\n<p style=\"padding-left: 60px; text-align: justify;\">\n<p style=\"text-align: justify;\"><span style=\"text-decoration: underline;\">Sub-Familia N\u00e1huatl o Aztecano<\/span><\/p>\n<p style=\"padding-left: 60px; text-align: justify;\"><strong>Pochuteco<\/strong>: extinguido<\/p>\n<p style=\"padding-left: 30px; text-align: justify;\">Grupo Azteca<\/p>\n<p style=\"padding-left: 60px; text-align: justify;\"><a href=\"https:\/\/www.sorosoro.org\/es\/el-nahuatl\"><strong>N\u00e1huatl<\/strong><\/a> (conjunto dialectal): 900 mil hablantes seg\u00fan la UNESCO y 1,5 millones seg\u00fan la Uni\u00f3n Latina<\/p>\n<p style=\"padding-left: 60px; text-align: justify;\"><strong>Pipil<\/strong>: 430 hablantes seg\u00fan la UNESCO<\/p>\n<p style=\"padding-left: 60px; text-align: justify;\">\n<h5 style=\"text-align: justify;\">Comentario sobre la clasificaci\u00f3n de las lenguas uto-aztecas:<\/h5>\n<p style=\"text-align: justify;\">Seguimos aqu\u00ed la clasificaci\u00f3n de Marianne Mithun (1999)<\/p>\n<p style=\"text-align: justify;\">Los lazos entre las diferentes sub-familias de lenguas uto-aztecas est\u00e1n establecidos hace tiempo. Sin embargo, la cantidad exacta de lenguas es tema de debate, seg\u00fan los criterios de distinci\u00f3n entre lenguas y dialectos.<\/p>\n<p style=\"text-align: justify;\">La cuesti\u00f3n m\u00e1s delicada es la del n\u00e1huatl. \u00a1Algunas fuentes cuentan hasta 28 lenguas n\u00e1huatl diferentes! No obstante, seg\u00fan Mithun (1999), se trata de hecho de un conjunto dialectal que comprende una trentena de variantes. Aqu\u00ed seguimos esa clasificaci\u00f3n, considerada de amplio consenso.<\/p>\n<h5 style=\"text-align: justify;\">\u00bfEst\u00e1n en peligro las lenguas uto-aztecas?<\/h5>\n<p style=\"text-align: justify;\">S\u00ed, todas las lenguas uto-aztecas est\u00e1n en peligro.<\/p>\n<p style=\"text-align: justify;\">Las lenguas de la<strong> sub-familia numic<\/strong> est\u00e1n consideradas como \u00aben situaci\u00f3n cr\u00edtica\u00bb por la UNESCO. Con s\u00f3lo una decena o una centena de hablantes de avanzada edad, estas lenguas corren peligro de extinguirse en los a\u00f1os por venir. A pesar de sus dos mil hablantes, no se puede decir que el <strong>shosh\u00f3n<\/strong> se encuentre menos amenazado. En cuanto al <strong>kern<\/strong>, est\u00e1 al borde de la extinci\u00f3n, si es que ya no se ha extinguido.<\/p>\n<p style=\"text-align: justify;\">En lo que concierne a la sub-familia <strong>takic<\/strong>, cinco lenguas sobre siete se encuentran extintas, y las dos lenguas restantes no tienen m\u00e1s que un pu\u00f1ado de hablantes de avanzada edad: se encuentran por tanto al borde de la extinci\u00f3n.<\/p>\n<p style=\"text-align: justify;\">Entre las lenguas habladas en M\u00e9xico, el <strong>pima bajo<\/strong> y el <strong>pipil <\/strong>son las m\u00e1s amenazadas y corren peligro de extinci\u00f3n en un futuro pr\u00f3ximo.<\/p>\n<p style=\"text-align: justify;\">Las lenguas que cuentan algunos miles de hablantes, el hopi incluido, est\u00e1n consideradas como amenazadas o en peligro por la UNESCO. Si bien tienen menos posibilidades de extinguirse en un futuro pr\u00f3ximo, no por ello su supervivencia est\u00e1 asegurada para las d\u00e9cadas futuras.<\/p>\n<p style=\"text-align: justify;\">El conjunto dialectal <strong>n\u00e1huatl<\/strong> cuenta con la mayor cantidad de hablantes (alrededor de 1 mill\u00f3n) y se podr\u00eda pensar que tiene asegurada su supervivencia inmediata. Sin embargo, esta cifra podr\u00eda disminuir dr\u00e1sticamente en los pr\u00f3ximos treinta a\u00f1os ya que la cantidad de ni\u00f1os que aprenden el n\u00e1huatl como lengua materna decrece a una velocidad vertiginosa.<\/p>\n<h5 style=\"text-align: justify;\">Fuentes:<\/h5>\n<p style=\"text-align: justify;\">Mithun, Marianne <em>The languages of Native North America<\/em>. Cambridge, UK: Cambridge University Press. (1999).<\/p>\n<p style=\"text-align: justify;\">Campbell, Lyle. <em>American Indian languages: the historical linguistics of Native America<\/em>. Oxford: Oxford University Press. (1997).<\/p>\n","protected":false},"excerpt":{"rendered":"<p>\u00bfD\u00f3nde se hablan las lenguas uto-aztecas? Estas lenguas se hablan en pueblos aut\u00f3ctonos de Am\u00e9rica del Norte y de Am\u00e9rica Central en una vasta zona geogr\u00e1fica que comprende: &#8211; Los estados de Oreg\u00f3n, Idaho, California, Nevada, Wyoming y Oklahoma en Estados Unidos, &#8211; los estados de Sonora, Chihuahua, Jalisco, Durando, Pueblo, Hidalgo, Veracruz, Oaxaca, San [&hellip;]<\/p>\n","protected":false},"author":12,"featured_media":0,"parent":0,"menu_order":0,"comment_status":"closed","ping_status":"open","template":"","meta":{"footnotes":""},"class_list":["post-26404","page","type-page","status-publish","hentry"],"yoast_head":"<!-- This site is optimized with the Yoast SEO plugin v27.0 - https:\/\/yoast.com\/product\/yoast-seo-wordpress\/ -->\n<title>Familia de lenguas uto-aztecas - Sorosoro<\/title>\n<meta name=\"robots\" content=\"index, follow, max-snippet:-1, max-image-preview:large, max-video-preview:-1\" \/>\n<link rel=\"canonical\" href=\"https:\/\/www.sorosoro.org\/es\/familia-de-lenguas-uto-aztecas\/\" \/>\n<meta property=\"og:locale\" content=\"es_ES\" \/>\n<meta property=\"og:type\" content=\"article\" \/>\n<meta property=\"og:title\" content=\"Familia de lenguas uto-aztecas - Sorosoro\" \/>\n<meta property=\"og:description\" content=\"\u00bfD\u00f3nde se hablan las lenguas uto-aztecas? Estas lenguas se hablan en pueblos aut\u00f3ctonos de Am\u00e9rica del Norte y de Am\u00e9rica Central en una vasta zona geogr\u00e1fica que comprende: &#8211; Los estados de Oreg\u00f3n, Idaho, California, Nevada, Wyoming y Oklahoma en Estados Unidos, &#8211; los estados de Sonora, Chihuahua, Jalisco, Durando, Pueblo, Hidalgo, Veracruz, Oaxaca, San [&hellip;]\" \/>\n<meta property=\"og:url\" content=\"https:\/\/www.sorosoro.org\/es\/familia-de-lenguas-uto-aztecas\/\" \/>\n<meta property=\"og:site_name\" content=\"Sorosoro\" \/>\n<meta property=\"article:modified_time\" content=\"2010-09-07T09:41:55+00:00\" \/>\n<meta name=\"twitter:card\" content=\"summary_large_image\" \/>\n<meta name=\"twitter:label1\" content=\"Tiempo de lectura\" \/>\n\t<meta name=\"twitter:data1\" content=\"4 minutos\" \/>\n<script type=\"application\/ld+json\" class=\"yoast-schema-graph\">{\"@context\":\"https:\/\/schema.org\",\"@graph\":[{\"@type\":\"WebPage\",\"@id\":\"https:\/\/www.sorosoro.org\/es\/familia-de-lenguas-uto-aztecas\/\",\"url\":\"https:\/\/www.sorosoro.org\/es\/familia-de-lenguas-uto-aztecas\/\",\"name\":\"Familia de lenguas uto-aztecas - Sorosoro\",\"isPartOf\":{\"@id\":\"https:\/\/www.sorosoro.org\/es\/#website\"},\"datePublished\":\"2010-08-31T16:24:49+00:00\",\"dateModified\":\"2010-09-07T09:41:55+00:00\",\"breadcrumb\":{\"@id\":\"https:\/\/www.sorosoro.org\/es\/familia-de-lenguas-uto-aztecas\/#breadcrumb\"},\"inLanguage\":\"es\",\"potentialAction\":[{\"@type\":\"ReadAction\",\"target\":[\"https:\/\/www.sorosoro.org\/es\/familia-de-lenguas-uto-aztecas\/\"]}]},{\"@type\":\"BreadcrumbList\",\"@id\":\"https:\/\/www.sorosoro.org\/es\/familia-de-lenguas-uto-aztecas\/#breadcrumb\",\"itemListElement\":[{\"@type\":\"ListItem\",\"position\":1,\"name\":\"Accueil\",\"item\":\"https:\/\/www.sorosoro.org\/es\/\"},{\"@type\":\"ListItem\",\"position\":2,\"name\":\"Familia de lenguas uto-aztecas\"}]},{\"@type\":\"WebSite\",\"@id\":\"https:\/\/www.sorosoro.org\/es\/#website\",\"url\":\"https:\/\/www.sorosoro.org\/es\/\",\"name\":\"Sorosoro\",\"description\":\"Pour que vivent les langues du monde !\",\"potentialAction\":[{\"@type\":\"SearchAction\",\"target\":{\"@type\":\"EntryPoint\",\"urlTemplate\":\"https:\/\/www.sorosoro.org\/es\/?s={search_term_string}\"},\"query-input\":{\"@type\":\"PropertyValueSpecification\",\"valueRequired\":true,\"valueName\":\"search_term_string\"}}],\"inLanguage\":\"es\"}]}<\/script>\n<!-- \/ Yoast SEO plugin. -->","yoast_head_json":{"title":"Familia de lenguas uto-aztecas - Sorosoro","robots":{"index":"index","follow":"follow","max-snippet":"max-snippet:-1","max-image-preview":"max-image-preview:large","max-video-preview":"max-video-preview:-1"},"canonical":"https:\/\/www.sorosoro.org\/es\/familia-de-lenguas-uto-aztecas\/","og_locale":"es_ES","og_type":"article","og_title":"Familia de lenguas uto-aztecas - Sorosoro","og_description":"\u00bfD\u00f3nde se hablan las lenguas uto-aztecas? Estas lenguas se hablan en pueblos aut\u00f3ctonos de Am\u00e9rica del Norte y de Am\u00e9rica Central en una vasta zona geogr\u00e1fica que comprende: &#8211; Los estados de Oreg\u00f3n, Idaho, California, Nevada, Wyoming y Oklahoma en Estados Unidos, &#8211; los estados de Sonora, Chihuahua, Jalisco, Durando, Pueblo, Hidalgo, Veracruz, Oaxaca, San [&hellip;]","og_url":"https:\/\/www.sorosoro.org\/es\/familia-de-lenguas-uto-aztecas\/","og_site_name":"Sorosoro","article_modified_time":"2010-09-07T09:41:55+00:00","twitter_card":"summary_large_image","twitter_misc":{"Tiempo de lectura":"4 minutos"},"schema":{"@context":"https:\/\/schema.org","@graph":[{"@type":"WebPage","@id":"https:\/\/www.sorosoro.org\/es\/familia-de-lenguas-uto-aztecas\/","url":"https:\/\/www.sorosoro.org\/es\/familia-de-lenguas-uto-aztecas\/","name":"Familia de lenguas uto-aztecas - Sorosoro","isPartOf":{"@id":"https:\/\/www.sorosoro.org\/es\/#website"},"datePublished":"2010-08-31T16:24:49+00:00","dateModified":"2010-09-07T09:41:55+00:00","breadcrumb":{"@id":"https:\/\/www.sorosoro.org\/es\/familia-de-lenguas-uto-aztecas\/#breadcrumb"},"inLanguage":"es","potentialAction":[{"@type":"ReadAction","target":["https:\/\/www.sorosoro.org\/es\/familia-de-lenguas-uto-aztecas\/"]}]},{"@type":"BreadcrumbList","@id":"https:\/\/www.sorosoro.org\/es\/familia-de-lenguas-uto-aztecas\/#breadcrumb","itemListElement":[{"@type":"ListItem","position":1,"name":"Accueil","item":"https:\/\/www.sorosoro.org\/es\/"},{"@type":"ListItem","position":2,"name":"Familia de lenguas uto-aztecas"}]},{"@type":"WebSite","@id":"https:\/\/www.sorosoro.org\/es\/#website","url":"https:\/\/www.sorosoro.org\/es\/","name":"Sorosoro","description":"Pour que vivent les langues du monde !","potentialAction":[{"@type":"SearchAction","target":{"@type":"EntryPoint","urlTemplate":"https:\/\/www.sorosoro.org\/es\/?s={search_term_string}"},"query-input":{"@type":"PropertyValueSpecification","valueRequired":true,"valueName":"search_term_string"}}],"inLanguage":"es"}]}},"_links":{"self":[{"href":"https:\/\/www.sorosoro.org\/es\/wp-json\/wp\/v2\/pages\/26404","targetHints":{"allow":["GET"]}}],"collection":[{"href":"https:\/\/www.sorosoro.org\/es\/wp-json\/wp\/v2\/pages"}],"about":[{"href":"https:\/\/www.sorosoro.org\/es\/wp-json\/wp\/v2\/types\/page"}],"author":[{"embeddable":true,"href":"https:\/\/www.sorosoro.org\/es\/wp-json\/wp\/v2\/users\/12"}],"replies":[{"embeddable":true,"href":"https:\/\/www.sorosoro.org\/es\/wp-json\/wp\/v2\/comments?post=26404"}],"version-history":[{"count":0,"href":"https:\/\/www.sorosoro.org\/es\/wp-json\/wp\/v2\/pages\/26404\/revisions"}],"wp:attachment":[{"href":"https:\/\/www.sorosoro.org\/es\/wp-json\/wp\/v2\/media?parent=26404"}],"curies":[{"name":"wp","href":"https:\/\/api.w.org\/{rel}","templated":true}]}}