{"id":25401,"date":"2010-08-19T13:50:02","date_gmt":"2010-08-19T11:50:02","guid":{"rendered":"http:\/\/www.sorosoro.org\/?page_id=25401"},"modified":"2010-08-19T13:59:59","modified_gmt":"2010-08-19T11:59:59","slug":"el-rama","status":"publish","type":"page","link":"https:\/\/www.sorosoro.org\/es\/el-rama\/","title":{"rendered":"El rama"},"content":{"rendered":"<p style=\"text-align: justify;\"><em>P\u00e1gina realizada en colaboraci\u00f3n con Colette Grinevald y Maricela Kauffman, 2010<\/em><\/p>\n<h5 style=\"text-align: justify;\">Datos sobre la lengua rama<\/h5>\n<p style=\"text-align: justify;\"><em><br \/>\n<\/em><\/p>\n<p style=\"text-align: justify;\"><strong>Nombres alternativos<\/strong>: <em>melchora; voto<\/em><\/p>\n<p style=\"text-align: justify;\"><strong>Clasificaci\u00f3n<\/strong>: <a href=\"https:\/\/www.sorosoro.org\/es\/familia-de-lenguas-chibchas\">familia de las lenguas chibchas<\/a><\/p>\n<p style=\"text-align: justify;\">\n<p style=\"text-align: justify;\"><strong>\u00c1rea<\/strong> (localizaci\u00f3n):<\/p>\n<p style=\"text-align: justify;\">Territorio Rama y Kriol (Regi\u00f3n Aut\u00f3noma), en la costa del caribe nicarag\u00fcense, en Am\u00e9rica Central.<\/p>\n<p style=\"text-align: justify;\">\n<p style=\"text-align: justify;\"><strong>Cantidad de hablantes<\/strong>: entre 30 y 50 (estimaci\u00f3n del Rama Language Project).<\/p>\n<p style=\"text-align: justify;\">\n<p style=\"text-align: justify;\"><strong>Estatus de la lengua<\/strong>:<\/p>\n<p style=\"text-align: justify;\">Lengua oficial de la Regi\u00f3n Aut\u00f3noma. Las lenguas de estos territorios est\u00e1n protegidas por el r\u00e9gimen de autonom\u00eda de Nicaragua:<\/p>\n<p style=\"text-align: justify;\">El art\u00edculo 5 de la Carta Magna reconoce el r\u00e9gimen de autonom\u00eda en su cap\u00edtulo VI (art\u00edculos 89, 90 y 91) que establece los derechos de las comunidades de las Regiones Aut\u00f3nomas.<\/p>\n<p style=\"text-align: justify;\">\u00abArt\u00edculo 5 del Estatuto de Autonom\u00eda (ley 28, 1987): el espa\u00f1ol es la lengua oficial del estado y las lenguas de las comunidades de la Costa Atl\u00e1ntica son, de hecho, oficiales en las Regiones Aut\u00f3nomas.\u00bb<\/p>\n<p style=\"text-align: justify;\">El uso del rama en el Territorio Aut\u00f3nomo de Rama y Kriol est\u00e1 garantizado por la ley <strong>N\u00b0 162 <\/strong><em>Ley de Uso Oficial de las Lenguas de las Comunidades de la Costa Atl\u00e1ntica de Nicaragua,<\/em> 1996.<\/p>\n<p style=\"text-align: justify;\">\n<p style=\"text-align: justify;\"><strong>Vitalidad y transmisi\u00f3n:<\/strong><\/p>\n<p style=\"text-align: justify;\">El rama es una lengua en serio peligro, clasificada \u00aben situaci\u00f3n cr\u00edtica\u00bb por la UNESCO. Los hablantes nativos son de avanzada edad. Sin embargo, se ha iniciado un proceso de revitalizaci\u00f3n con el impulso de la ling\u00fcista C. Grinevald y con el apoyo del laboratorio DDL (enlace) de la Universidad de Lyon 2, en el marco del programa DDR.<\/p>\n<p style=\"text-align: justify;\"><a href=\"..\/wp-content\/uploads\/Poster-Nicaragua-final1.pdf\">Descargue la presentaci\u00f3n (franc\u00e9s) del proyecto de revitalizaci\u00f3n del Rama (PDF)<\/a><\/p>\n<p style=\"text-align: justify;\">\n<p style=\"text-align: justify;\"><strong>Medios: <\/strong><\/p>\n<p style=\"text-align: justify;\">Existe un sitio de Internet dedicado al pueblo Rama, a la lengua y a su revitalizaci\u00f3n (Rama Language Project):<a href=\"http:\/\/www.turkulka.net\/\"> http:\/\/www.turkulka.net<\/a>\/ (ingl\u00e9s\/espa\u00f1ol)<\/p>\n<p style=\"text-align: justify;\">\n<h5 style=\"text-align: justify;\">Fuentes y enlaces complementarios<\/h5>\n<p style=\"text-align: justify;\">Sitio consagrado al rama, con cursos en l\u00ednea, diccionario, publicaciones, blog y mapas:<a href=\"http:\/\/www.turkulka.net\/\"> http:\/\/www.turkulka.net<\/a>\/ (ingl\u00e9s\/espa\u00f1ol)<\/p>\n<p style=\"text-align: justify;\">Sitio del Gobierno Territorial de Rama y Kriol<a href=\"http:\/\/www.rama-territory.com\/\">: http:\/\/www.rama-territory.com<\/a>\/ (ingl\u00e9s\/espa\u00f1ol)<\/p>\n<p style=\"text-align: justify;\">Sitio del Informe de Desarrollo Humano (2005) donde se puede encontrar la informaci\u00f3n m\u00e1s completa reunida a nuestros d\u00edas sobre las Regiones Aut\u00f3nomas de la costa del Caribe nicarag\u00fcense (espa\u00f1ol): <a href=\"http:\/\/www.idhnicaribe.org\/\">www.idhnicaribe.org<\/a><\/p>\n","protected":false},"excerpt":{"rendered":"<p>P\u00e1gina realizada en colaboraci\u00f3n con Colette Grinevald y Maricela Kauffman, 2010 Datos sobre la lengua rama Nombres alternativos: melchora; voto Clasificaci\u00f3n: familia de las lenguas chibchas \u00c1rea (localizaci\u00f3n): Territorio Rama y Kriol (Regi\u00f3n Aut\u00f3noma), en la costa del caribe nicarag\u00fcense, en Am\u00e9rica Central. Cantidad de hablantes: entre 30 y 50 (estimaci\u00f3n del Rama Language Project). [&hellip;]<\/p>\n","protected":false},"author":12,"featured_media":0,"parent":0,"menu_order":0,"comment_status":"closed","ping_status":"open","template":"","meta":{"footnotes":""},"class_list":["post-25401","page","type-page","status-publish","hentry"],"yoast_head":"<!-- This site is optimized with the Yoast SEO plugin v27.0 - https:\/\/yoast.com\/product\/yoast-seo-wordpress\/ -->\n<title>El rama - Sorosoro<\/title>\n<meta name=\"robots\" content=\"index, follow, max-snippet:-1, max-image-preview:large, max-video-preview:-1\" \/>\n<link rel=\"canonical\" href=\"https:\/\/www.sorosoro.org\/es\/el-rama\/\" \/>\n<meta property=\"og:locale\" content=\"es_ES\" \/>\n<meta property=\"og:type\" content=\"article\" \/>\n<meta property=\"og:title\" content=\"El rama - Sorosoro\" \/>\n<meta property=\"og:description\" content=\"P\u00e1gina realizada en colaboraci\u00f3n con Colette Grinevald y Maricela Kauffman, 2010 Datos sobre la lengua rama Nombres alternativos: melchora; voto Clasificaci\u00f3n: familia de las lenguas chibchas \u00c1rea (localizaci\u00f3n): Territorio Rama y Kriol (Regi\u00f3n Aut\u00f3noma), en la costa del caribe nicarag\u00fcense, en Am\u00e9rica Central. Cantidad de hablantes: entre 30 y 50 (estimaci\u00f3n del Rama Language Project). [&hellip;]\" \/>\n<meta property=\"og:url\" content=\"https:\/\/www.sorosoro.org\/es\/el-rama\/\" \/>\n<meta property=\"og:site_name\" content=\"Sorosoro\" \/>\n<meta property=\"article:modified_time\" content=\"2010-08-19T11:59:59+00:00\" \/>\n<meta name=\"twitter:card\" content=\"summary_large_image\" \/>\n<meta name=\"twitter:label1\" content=\"Tiempo de lectura\" \/>\n\t<meta name=\"twitter:data1\" content=\"2 minutos\" \/>\n<script type=\"application\/ld+json\" class=\"yoast-schema-graph\">{\"@context\":\"https:\/\/schema.org\",\"@graph\":[{\"@type\":\"WebPage\",\"@id\":\"https:\/\/www.sorosoro.org\/es\/el-rama\/\",\"url\":\"https:\/\/www.sorosoro.org\/es\/el-rama\/\",\"name\":\"El rama - Sorosoro\",\"isPartOf\":{\"@id\":\"https:\/\/www.sorosoro.org\/es\/#website\"},\"datePublished\":\"2010-08-19T11:50:02+00:00\",\"dateModified\":\"2010-08-19T11:59:59+00:00\",\"breadcrumb\":{\"@id\":\"https:\/\/www.sorosoro.org\/es\/el-rama\/#breadcrumb\"},\"inLanguage\":\"es\",\"potentialAction\":[{\"@type\":\"ReadAction\",\"target\":[\"https:\/\/www.sorosoro.org\/es\/el-rama\/\"]}]},{\"@type\":\"BreadcrumbList\",\"@id\":\"https:\/\/www.sorosoro.org\/es\/el-rama\/#breadcrumb\",\"itemListElement\":[{\"@type\":\"ListItem\",\"position\":1,\"name\":\"Accueil\",\"item\":\"https:\/\/www.sorosoro.org\/es\/\"},{\"@type\":\"ListItem\",\"position\":2,\"name\":\"El rama\"}]},{\"@type\":\"WebSite\",\"@id\":\"https:\/\/www.sorosoro.org\/es\/#website\",\"url\":\"https:\/\/www.sorosoro.org\/es\/\",\"name\":\"Sorosoro\",\"description\":\"Pour que vivent les langues du monde !\",\"potentialAction\":[{\"@type\":\"SearchAction\",\"target\":{\"@type\":\"EntryPoint\",\"urlTemplate\":\"https:\/\/www.sorosoro.org\/es\/?s={search_term_string}\"},\"query-input\":{\"@type\":\"PropertyValueSpecification\",\"valueRequired\":true,\"valueName\":\"search_term_string\"}}],\"inLanguage\":\"es\"}]}<\/script>\n<!-- \/ Yoast SEO plugin. -->","yoast_head_json":{"title":"El rama - Sorosoro","robots":{"index":"index","follow":"follow","max-snippet":"max-snippet:-1","max-image-preview":"max-image-preview:large","max-video-preview":"max-video-preview:-1"},"canonical":"https:\/\/www.sorosoro.org\/es\/el-rama\/","og_locale":"es_ES","og_type":"article","og_title":"El rama - Sorosoro","og_description":"P\u00e1gina realizada en colaboraci\u00f3n con Colette Grinevald y Maricela Kauffman, 2010 Datos sobre la lengua rama Nombres alternativos: melchora; voto Clasificaci\u00f3n: familia de las lenguas chibchas \u00c1rea (localizaci\u00f3n): Territorio Rama y Kriol (Regi\u00f3n Aut\u00f3noma), en la costa del caribe nicarag\u00fcense, en Am\u00e9rica Central. Cantidad de hablantes: entre 30 y 50 (estimaci\u00f3n del Rama Language Project). [&hellip;]","og_url":"https:\/\/www.sorosoro.org\/es\/el-rama\/","og_site_name":"Sorosoro","article_modified_time":"2010-08-19T11:59:59+00:00","twitter_card":"summary_large_image","twitter_misc":{"Tiempo de lectura":"2 minutos"},"schema":{"@context":"https:\/\/schema.org","@graph":[{"@type":"WebPage","@id":"https:\/\/www.sorosoro.org\/es\/el-rama\/","url":"https:\/\/www.sorosoro.org\/es\/el-rama\/","name":"El rama - Sorosoro","isPartOf":{"@id":"https:\/\/www.sorosoro.org\/es\/#website"},"datePublished":"2010-08-19T11:50:02+00:00","dateModified":"2010-08-19T11:59:59+00:00","breadcrumb":{"@id":"https:\/\/www.sorosoro.org\/es\/el-rama\/#breadcrumb"},"inLanguage":"es","potentialAction":[{"@type":"ReadAction","target":["https:\/\/www.sorosoro.org\/es\/el-rama\/"]}]},{"@type":"BreadcrumbList","@id":"https:\/\/www.sorosoro.org\/es\/el-rama\/#breadcrumb","itemListElement":[{"@type":"ListItem","position":1,"name":"Accueil","item":"https:\/\/www.sorosoro.org\/es\/"},{"@type":"ListItem","position":2,"name":"El rama"}]},{"@type":"WebSite","@id":"https:\/\/www.sorosoro.org\/es\/#website","url":"https:\/\/www.sorosoro.org\/es\/","name":"Sorosoro","description":"Pour que vivent les langues du monde !","potentialAction":[{"@type":"SearchAction","target":{"@type":"EntryPoint","urlTemplate":"https:\/\/www.sorosoro.org\/es\/?s={search_term_string}"},"query-input":{"@type":"PropertyValueSpecification","valueRequired":true,"valueName":"search_term_string"}}],"inLanguage":"es"}]}},"_links":{"self":[{"href":"https:\/\/www.sorosoro.org\/es\/wp-json\/wp\/v2\/pages\/25401","targetHints":{"allow":["GET"]}}],"collection":[{"href":"https:\/\/www.sorosoro.org\/es\/wp-json\/wp\/v2\/pages"}],"about":[{"href":"https:\/\/www.sorosoro.org\/es\/wp-json\/wp\/v2\/types\/page"}],"author":[{"embeddable":true,"href":"https:\/\/www.sorosoro.org\/es\/wp-json\/wp\/v2\/users\/12"}],"replies":[{"embeddable":true,"href":"https:\/\/www.sorosoro.org\/es\/wp-json\/wp\/v2\/comments?post=25401"}],"version-history":[{"count":0,"href":"https:\/\/www.sorosoro.org\/es\/wp-json\/wp\/v2\/pages\/25401\/revisions"}],"wp:attachment":[{"href":"https:\/\/www.sorosoro.org\/es\/wp-json\/wp\/v2\/media?parent=25401"}],"curies":[{"name":"wp","href":"https:\/\/api.w.org\/{rel}","templated":true}]}}