{"id":25341,"date":"2010-08-18T12:12:03","date_gmt":"2010-08-18T10:12:03","guid":{"rendered":"http:\/\/www.sorosoro.org\/?page_id=25341"},"modified":"2010-08-18T12:14:40","modified_gmt":"2010-08-18T10:14:40","slug":"el-arawak","status":"publish","type":"page","link":"https:\/\/www.sorosoro.org\/es\/el-arawak\/","title":{"rendered":"El arawak"},"content":{"rendered":"<p style=\"text-align: justify;\"><em>Datos recolectados por la <\/em><a href=\"http:\/\/www.unilat.org\/SG\/index.es.asp\"><em>Uni\u00f3n Latina<\/em><\/a><em> que trabaja para la valorizaci\u00f3n del legado cultural de sus 37 pa\u00edses miembros.<\/em><\/p>\n<p style=\"text-align: justify;\"><em><br \/>\n<\/em><\/p>\n<h5 style=\"text-align: justify;\"><strong>Datos sobre la lengua arawak<\/strong><\/h5>\n<p style=\"text-align: justify;\"><strong><br \/>\n<\/strong><\/p>\n<p style=\"text-align: justify;\"><strong>Nombres alternativos<\/strong>: lokono<\/p>\n<p style=\"text-align: justify;\">\n<p style=\"text-align: justify;\"><strong>Clasificaci\u00f3n<\/strong>: amerindio, <a href=\"https:\/\/www.sorosoro.org\/es\/familia-de-lenguas-arawak-o-maipurean\">arawak<\/a><\/p>\n<p style=\"text-align: justify;\">\n<p style=\"text-align: justify;\"><strong>\u00c1rea: <\/strong>Guayana, Guayana Francesa, Surinam, Venezuela<\/p>\n<p style=\"text-align: justify;\">\n<p style=\"text-align: justify;\"><strong>Cantidad de hablantes: <\/strong>~ 500<\/p>\n<p style=\"text-align: justify;\">En Guayana: Aproximadamente 900 personas, la mayor\u00eda mestizos, se reconocen como arawak, pero la cantidad real de hablantes de la lengua debe ser muy inferior (\u00bfentre 10 et 20?), a pesar de una reciente preocupaci\u00f3n por la reapropiaci\u00f3n de la lengua.<\/p>\n<p style=\"text-align: justify;\">En Surinam: Aproximadamente 2 mil personas.<\/p>\n<p style=\"text-align: justify;\">Guayana: Aproximadamente 15 mil personas, de las que un 10 % es hablante.<\/p>\n<p style=\"text-align: justify;\">Venezuela: 250 hablantes.<\/p>\n<p style=\"text-align: justify;\">\n<p style=\"text-align: justify;\"><strong>Estatus de la lengua:<\/strong><\/p>\n<p style=\"text-align: justify;\">El arawak no tiene ning\u00fan estatus oficial. Es una lengua de comunicaci\u00f3n intracomunitaria.<\/p>\n<p style=\"text-align: justify;\">\n<p style=\"text-align: justify;\"><strong>Vitalidad y transmisi\u00f3n: <\/strong><\/p>\n<p style=\"text-align: justify;\">La UNESCO considera que el arawak est\u00e1 en \u00abserio peligro\u00bb.<\/p>\n<p style=\"text-align: justify;\">\n<h5 style=\"text-align: justify;\"><strong>Fuentes y bibliograf\u00eda<\/strong><\/h5>\n<p style=\"text-align: justify;\"><strong><br \/>\n<\/strong><\/p>\n<p style=\"text-align: justify;\">Delegaci\u00f3n general de la lengua francesa y de las lenguas de Francia: <a href=\"http:\/\/culture.reverso.net\/url\/frameresult.asp?to=ES&amp;url=http:\/\/www.culture.gouv.fr\">http:\/\/culture.reverso.net\/url\/frameresult.asp?to=ES&amp;url=http:\/\/www.culture.gouv.fr<\/a><\/p>\n<p style=\"text-align: justify;\">IRD-Guyane, CNRS-<a href=\"http:\/\/celia.cnrs.fr\/\">CELIA<\/a> (Eliane CAMARGO, Laurence GOURY, Fran\u00e7oise GRENAND, Pierre GRENAND, Michel LAUNEY, Odile LESCURE, Fran\u00e7oise LOE-MIE, Barbara NIEDERER, Marie-France PATTE, Francisco QUEIXALOS)<\/p>\n","protected":false},"excerpt":{"rendered":"<p>Datos recolectados por la Uni\u00f3n Latina que trabaja para la valorizaci\u00f3n del legado cultural de sus 37 pa\u00edses miembros. Datos sobre la lengua arawak Nombres alternativos: lokono Clasificaci\u00f3n: amerindio, arawak \u00c1rea: Guayana, Guayana Francesa, Surinam, Venezuela Cantidad de hablantes: ~ 500 En Guayana: Aproximadamente 900 personas, la mayor\u00eda mestizos, se reconocen como arawak, pero la [&hellip;]<\/p>\n","protected":false},"author":12,"featured_media":0,"parent":0,"menu_order":0,"comment_status":"closed","ping_status":"open","template":"","meta":{"footnotes":""},"class_list":["post-25341","page","type-page","status-publish","hentry"],"yoast_head":"<!-- This site is optimized with the Yoast SEO plugin v27.0 - https:\/\/yoast.com\/product\/yoast-seo-wordpress\/ -->\n<title>El arawak - Sorosoro<\/title>\n<meta name=\"robots\" content=\"index, follow, max-snippet:-1, max-image-preview:large, max-video-preview:-1\" \/>\n<link rel=\"canonical\" href=\"https:\/\/www.sorosoro.org\/es\/el-arawak\/\" \/>\n<meta property=\"og:locale\" content=\"es_ES\" \/>\n<meta property=\"og:type\" content=\"article\" \/>\n<meta property=\"og:title\" content=\"El arawak - Sorosoro\" \/>\n<meta property=\"og:description\" content=\"Datos recolectados por la Uni\u00f3n Latina que trabaja para la valorizaci\u00f3n del legado cultural de sus 37 pa\u00edses miembros. Datos sobre la lengua arawak Nombres alternativos: lokono Clasificaci\u00f3n: amerindio, arawak \u00c1rea: Guayana, Guayana Francesa, Surinam, Venezuela Cantidad de hablantes: ~ 500 En Guayana: Aproximadamente 900 personas, la mayor\u00eda mestizos, se reconocen como arawak, pero la [&hellip;]\" \/>\n<meta property=\"og:url\" content=\"https:\/\/www.sorosoro.org\/es\/el-arawak\/\" \/>\n<meta property=\"og:site_name\" content=\"Sorosoro\" \/>\n<meta property=\"article:modified_time\" content=\"2010-08-18T10:14:40+00:00\" \/>\n<meta name=\"twitter:card\" content=\"summary_large_image\" \/>\n<meta name=\"twitter:label1\" content=\"Tiempo de lectura\" \/>\n\t<meta name=\"twitter:data1\" content=\"1 minuto\" \/>\n<script type=\"application\/ld+json\" class=\"yoast-schema-graph\">{\"@context\":\"https:\/\/schema.org\",\"@graph\":[{\"@type\":\"WebPage\",\"@id\":\"https:\/\/www.sorosoro.org\/es\/el-arawak\/\",\"url\":\"https:\/\/www.sorosoro.org\/es\/el-arawak\/\",\"name\":\"El arawak - Sorosoro\",\"isPartOf\":{\"@id\":\"https:\/\/www.sorosoro.org\/es\/#website\"},\"datePublished\":\"2010-08-18T10:12:03+00:00\",\"dateModified\":\"2010-08-18T10:14:40+00:00\",\"breadcrumb\":{\"@id\":\"https:\/\/www.sorosoro.org\/es\/el-arawak\/#breadcrumb\"},\"inLanguage\":\"es\",\"potentialAction\":[{\"@type\":\"ReadAction\",\"target\":[\"https:\/\/www.sorosoro.org\/es\/el-arawak\/\"]}]},{\"@type\":\"BreadcrumbList\",\"@id\":\"https:\/\/www.sorosoro.org\/es\/el-arawak\/#breadcrumb\",\"itemListElement\":[{\"@type\":\"ListItem\",\"position\":1,\"name\":\"Accueil\",\"item\":\"https:\/\/www.sorosoro.org\/es\/\"},{\"@type\":\"ListItem\",\"position\":2,\"name\":\"El arawak\"}]},{\"@type\":\"WebSite\",\"@id\":\"https:\/\/www.sorosoro.org\/es\/#website\",\"url\":\"https:\/\/www.sorosoro.org\/es\/\",\"name\":\"Sorosoro\",\"description\":\"Pour que vivent les langues du monde !\",\"potentialAction\":[{\"@type\":\"SearchAction\",\"target\":{\"@type\":\"EntryPoint\",\"urlTemplate\":\"https:\/\/www.sorosoro.org\/es\/?s={search_term_string}\"},\"query-input\":{\"@type\":\"PropertyValueSpecification\",\"valueRequired\":true,\"valueName\":\"search_term_string\"}}],\"inLanguage\":\"es\"}]}<\/script>\n<!-- \/ Yoast SEO plugin. -->","yoast_head_json":{"title":"El arawak - Sorosoro","robots":{"index":"index","follow":"follow","max-snippet":"max-snippet:-1","max-image-preview":"max-image-preview:large","max-video-preview":"max-video-preview:-1"},"canonical":"https:\/\/www.sorosoro.org\/es\/el-arawak\/","og_locale":"es_ES","og_type":"article","og_title":"El arawak - Sorosoro","og_description":"Datos recolectados por la Uni\u00f3n Latina que trabaja para la valorizaci\u00f3n del legado cultural de sus 37 pa\u00edses miembros. Datos sobre la lengua arawak Nombres alternativos: lokono Clasificaci\u00f3n: amerindio, arawak \u00c1rea: Guayana, Guayana Francesa, Surinam, Venezuela Cantidad de hablantes: ~ 500 En Guayana: Aproximadamente 900 personas, la mayor\u00eda mestizos, se reconocen como arawak, pero la [&hellip;]","og_url":"https:\/\/www.sorosoro.org\/es\/el-arawak\/","og_site_name":"Sorosoro","article_modified_time":"2010-08-18T10:14:40+00:00","twitter_card":"summary_large_image","twitter_misc":{"Tiempo de lectura":"1 minuto"},"schema":{"@context":"https:\/\/schema.org","@graph":[{"@type":"WebPage","@id":"https:\/\/www.sorosoro.org\/es\/el-arawak\/","url":"https:\/\/www.sorosoro.org\/es\/el-arawak\/","name":"El arawak - Sorosoro","isPartOf":{"@id":"https:\/\/www.sorosoro.org\/es\/#website"},"datePublished":"2010-08-18T10:12:03+00:00","dateModified":"2010-08-18T10:14:40+00:00","breadcrumb":{"@id":"https:\/\/www.sorosoro.org\/es\/el-arawak\/#breadcrumb"},"inLanguage":"es","potentialAction":[{"@type":"ReadAction","target":["https:\/\/www.sorosoro.org\/es\/el-arawak\/"]}]},{"@type":"BreadcrumbList","@id":"https:\/\/www.sorosoro.org\/es\/el-arawak\/#breadcrumb","itemListElement":[{"@type":"ListItem","position":1,"name":"Accueil","item":"https:\/\/www.sorosoro.org\/es\/"},{"@type":"ListItem","position":2,"name":"El arawak"}]},{"@type":"WebSite","@id":"https:\/\/www.sorosoro.org\/es\/#website","url":"https:\/\/www.sorosoro.org\/es\/","name":"Sorosoro","description":"Pour que vivent les langues du monde !","potentialAction":[{"@type":"SearchAction","target":{"@type":"EntryPoint","urlTemplate":"https:\/\/www.sorosoro.org\/es\/?s={search_term_string}"},"query-input":{"@type":"PropertyValueSpecification","valueRequired":true,"valueName":"search_term_string"}}],"inLanguage":"es"}]}},"_links":{"self":[{"href":"https:\/\/www.sorosoro.org\/es\/wp-json\/wp\/v2\/pages\/25341","targetHints":{"allow":["GET"]}}],"collection":[{"href":"https:\/\/www.sorosoro.org\/es\/wp-json\/wp\/v2\/pages"}],"about":[{"href":"https:\/\/www.sorosoro.org\/es\/wp-json\/wp\/v2\/types\/page"}],"author":[{"embeddable":true,"href":"https:\/\/www.sorosoro.org\/es\/wp-json\/wp\/v2\/users\/12"}],"replies":[{"embeddable":true,"href":"https:\/\/www.sorosoro.org\/es\/wp-json\/wp\/v2\/comments?post=25341"}],"version-history":[{"count":0,"href":"https:\/\/www.sorosoro.org\/es\/wp-json\/wp\/v2\/pages\/25341\/revisions"}],"wp:attachment":[{"href":"https:\/\/www.sorosoro.org\/es\/wp-json\/wp\/v2\/media?parent=25341"}],"curies":[{"name":"wp","href":"https:\/\/api.w.org\/{rel}","templated":true}]}}