{"id":25313,"date":"2010-08-16T17:41:32","date_gmt":"2010-08-16T15:41:32","guid":{"rendered":"http:\/\/www.sorosoro.org\/?page_id=25313"},"modified":"2010-08-16T17:41:32","modified_gmt":"2010-08-16T15:41:32","slug":"el-kikapu","status":"publish","type":"page","link":"https:\/\/www.sorosoro.org\/es\/el-kikapu\/","title":{"rendered":"El kikap\u00fa"},"content":{"rendered":"<p style=\"text-align: justify;\">Datos recolectados por la <a href=\"http:\/\/www.unilat.org\/SG\/index.es.asp\">Uni\u00f3n Latina<\/a> que trabaja para la valorizaci\u00f3n del legado cultural de sus 37 pa\u00edses miembros.<\/p>\n<p style=\"text-align: justify;\">\n<p style=\"text-align: justify;\">\n<h5 style=\"text-align: justify;\">Datos sobre la lengua<\/h5>\n<p style=\"text-align: justify;\">\n<p style=\"text-align: justify;\"><strong>Nombres alternativos<\/strong>: kikap\u00fa, kikaapoa, kicapus, kickapoo, kikabeeux, kikapaux, kikapoo, kuicapause<\/p>\n<p style=\"text-align: justify;\">\n<p style=\"text-align: justify;\"><strong>Clasificaci\u00f3n<\/strong>: <a href=\"https:\/\/www.sorosoro.org\/es\/familia-de-lenguas-algicas-o-algonquinas\">\u00e1lgica<\/a><\/p>\n<p style=\"text-align: justify;\"><em>Nota:<\/em> El kikap\u00fa est\u00e1 considerado en general como pr\u00f3ximo al fox (o mesquakie) y al sauk (o sac). Mithun (1999) considera que son tres variantes de una misma cadena dialectal que posee alrededor de mil hablantes en conjunto.<\/p>\n<p style=\"text-align: justify;\">\n<p style=\"text-align: justify;\"><strong>\u00c1rea<\/strong>: Estados Unidos (\u00cdllinois), M\u00e9xico (Coahuila)<\/p>\n<p style=\"text-align: justify;\">\n<p style=\"text-align: justify;\"><strong>Cantidad de hablantes<\/strong>: 138 en M\u00e9xico, cifras del INALI. Cerca de 400 en los Estados Unidos, cifras de la UNESCO<\/p>\n<p style=\"text-align: justify;\">\n<p style=\"text-align: justify;\"><strong>Estatus de la lengua<\/strong>:<\/p>\n<p style=\"text-align: justify;\">Estados Unidos (Illinois): Sin estatus oficial<\/p>\n<p style=\"text-align: justify;\">M\u00e9xico (Coahuila): Sin estatus oficial<\/p>\n<p style=\"text-align: justify;\">\n<p style=\"text-align: justify;\"><strong>Vitalidad y transmisi\u00f3n:<\/strong><\/p>\n<p style=\"text-align: justify;\">La UNESCO considera que el kikap\u00fa es una lengua \u00abseriamente en peligro\u00bb (grado 3 en una escala de 5). La mayor\u00eda de los hablantes nativos son de avanzada edad. Casi ni se transmite la lengua en el contexto familiar.<\/p>\n<p style=\"text-align: justify;\">\n<p style=\"text-align: justify;\">\n<h5 style=\"text-align: justify;\">Fuentes<\/h5>\n<p style=\"text-align: justify;\">\n<p style=\"text-align: justify;\"><a href=\"http:\/\/www.inali.gob.mx\/\">Instituto Nacional de Lenguas Ind\u00edgenas<\/a> \u2013 INALI (2005), Cat\u00e1logo de lenguas ind\u00edgenas mexicanas: Cartograf\u00eda contempor\u00e1nea de sus asentamientos hist\u00f3ricos<\/p>\n<p style=\"text-align: justify;\">\n<p style=\"text-align: justify;\">Mithun, Marianne (1999). The languages of native North America. Cambridge, UK: Cambridge University Press.<\/p>\n<p style=\"text-align: justify;\">\n<h5 style=\"text-align: justify;\">Enlaces para saber m\u00e1s<\/h5>\n<p style=\"text-align: justify;\">\n<p style=\"text-align: justify;\">Base de datos y tipolog\u00eda de lenguas (FR) : <a href=\"http:\/\/www.unicaen.fr\/typo_langues\/consultation_langue.php?malang=fr&amp;code_SIL=KIC&amp;langue=Kikapu\">http:\/\/www.unicaen.fr\/typo_langues\/consultation_langue.php?malang=fr&amp;code_SIL=KIC&amp;langue=Kikapu<\/a><\/p>\n<p style=\"text-align: justify;\">\n<p style=\"text-align: justify;\">P\u00e1gina consagrada del sitio native-languages (en ingl\u00e9s) : <a href=\"http:\/\/www.native-languages.org\/kickapoo.htm\">http:\/\/www.native-languages.org\/kickapoo.htm<\/a><\/p>\n<p style=\"text-align: justify;\">\n","protected":false},"excerpt":{"rendered":"<p>Datos recolectados por la Uni\u00f3n Latina que trabaja para la valorizaci\u00f3n del legado cultural de sus 37 pa\u00edses miembros. Datos sobre la lengua Nombres alternativos: kikap\u00fa, kikaapoa, kicapus, kickapoo, kikabeeux, kikapaux, kikapoo, kuicapause Clasificaci\u00f3n: \u00e1lgica Nota: El kikap\u00fa est\u00e1 considerado en general como pr\u00f3ximo al fox (o mesquakie) y al sauk (o sac). Mithun (1999) [&hellip;]<\/p>\n","protected":false},"author":12,"featured_media":0,"parent":0,"menu_order":0,"comment_status":"closed","ping_status":"open","template":"","meta":{"footnotes":""},"class_list":["post-25313","page","type-page","status-publish","hentry"],"yoast_head":"<!-- This site is optimized with the Yoast SEO plugin v27.0 - https:\/\/yoast.com\/product\/yoast-seo-wordpress\/ -->\n<title>El kikap\u00fa - Sorosoro<\/title>\n<meta name=\"robots\" content=\"index, follow, max-snippet:-1, max-image-preview:large, max-video-preview:-1\" \/>\n<link rel=\"canonical\" href=\"https:\/\/www.sorosoro.org\/es\/el-kikapu\/\" \/>\n<meta property=\"og:locale\" content=\"es_ES\" \/>\n<meta property=\"og:type\" content=\"article\" \/>\n<meta property=\"og:title\" content=\"El kikap\u00fa - Sorosoro\" \/>\n<meta property=\"og:description\" content=\"Datos recolectados por la Uni\u00f3n Latina que trabaja para la valorizaci\u00f3n del legado cultural de sus 37 pa\u00edses miembros. Datos sobre la lengua Nombres alternativos: kikap\u00fa, kikaapoa, kicapus, kickapoo, kikabeeux, kikapaux, kikapoo, kuicapause Clasificaci\u00f3n: \u00e1lgica Nota: El kikap\u00fa est\u00e1 considerado en general como pr\u00f3ximo al fox (o mesquakie) y al sauk (o sac). Mithun (1999) [&hellip;]\" \/>\n<meta property=\"og:url\" content=\"https:\/\/www.sorosoro.org\/es\/el-kikapu\/\" \/>\n<meta property=\"og:site_name\" content=\"Sorosoro\" \/>\n<meta name=\"twitter:card\" content=\"summary_large_image\" \/>\n<meta name=\"twitter:label1\" content=\"Tiempo de lectura\" \/>\n\t<meta name=\"twitter:data1\" content=\"1 minuto\" \/>\n<script type=\"application\/ld+json\" class=\"yoast-schema-graph\">{\"@context\":\"https:\/\/schema.org\",\"@graph\":[{\"@type\":\"WebPage\",\"@id\":\"https:\/\/www.sorosoro.org\/es\/el-kikapu\/\",\"url\":\"https:\/\/www.sorosoro.org\/es\/el-kikapu\/\",\"name\":\"El kikap\u00fa - Sorosoro\",\"isPartOf\":{\"@id\":\"https:\/\/www.sorosoro.org\/es\/#website\"},\"datePublished\":\"2010-08-16T15:41:32+00:00\",\"breadcrumb\":{\"@id\":\"https:\/\/www.sorosoro.org\/es\/el-kikapu\/#breadcrumb\"},\"inLanguage\":\"es\",\"potentialAction\":[{\"@type\":\"ReadAction\",\"target\":[\"https:\/\/www.sorosoro.org\/es\/el-kikapu\/\"]}]},{\"@type\":\"BreadcrumbList\",\"@id\":\"https:\/\/www.sorosoro.org\/es\/el-kikapu\/#breadcrumb\",\"itemListElement\":[{\"@type\":\"ListItem\",\"position\":1,\"name\":\"Accueil\",\"item\":\"https:\/\/www.sorosoro.org\/es\/\"},{\"@type\":\"ListItem\",\"position\":2,\"name\":\"El kikap\u00fa\"}]},{\"@type\":\"WebSite\",\"@id\":\"https:\/\/www.sorosoro.org\/es\/#website\",\"url\":\"https:\/\/www.sorosoro.org\/es\/\",\"name\":\"Sorosoro\",\"description\":\"Pour que vivent les langues du monde !\",\"potentialAction\":[{\"@type\":\"SearchAction\",\"target\":{\"@type\":\"EntryPoint\",\"urlTemplate\":\"https:\/\/www.sorosoro.org\/es\/?s={search_term_string}\"},\"query-input\":{\"@type\":\"PropertyValueSpecification\",\"valueRequired\":true,\"valueName\":\"search_term_string\"}}],\"inLanguage\":\"es\"}]}<\/script>\n<!-- \/ Yoast SEO plugin. -->","yoast_head_json":{"title":"El kikap\u00fa - Sorosoro","robots":{"index":"index","follow":"follow","max-snippet":"max-snippet:-1","max-image-preview":"max-image-preview:large","max-video-preview":"max-video-preview:-1"},"canonical":"https:\/\/www.sorosoro.org\/es\/el-kikapu\/","og_locale":"es_ES","og_type":"article","og_title":"El kikap\u00fa - Sorosoro","og_description":"Datos recolectados por la Uni\u00f3n Latina que trabaja para la valorizaci\u00f3n del legado cultural de sus 37 pa\u00edses miembros. Datos sobre la lengua Nombres alternativos: kikap\u00fa, kikaapoa, kicapus, kickapoo, kikabeeux, kikapaux, kikapoo, kuicapause Clasificaci\u00f3n: \u00e1lgica Nota: El kikap\u00fa est\u00e1 considerado en general como pr\u00f3ximo al fox (o mesquakie) y al sauk (o sac). Mithun (1999) [&hellip;]","og_url":"https:\/\/www.sorosoro.org\/es\/el-kikapu\/","og_site_name":"Sorosoro","twitter_card":"summary_large_image","twitter_misc":{"Tiempo de lectura":"1 minuto"},"schema":{"@context":"https:\/\/schema.org","@graph":[{"@type":"WebPage","@id":"https:\/\/www.sorosoro.org\/es\/el-kikapu\/","url":"https:\/\/www.sorosoro.org\/es\/el-kikapu\/","name":"El kikap\u00fa - Sorosoro","isPartOf":{"@id":"https:\/\/www.sorosoro.org\/es\/#website"},"datePublished":"2010-08-16T15:41:32+00:00","breadcrumb":{"@id":"https:\/\/www.sorosoro.org\/es\/el-kikapu\/#breadcrumb"},"inLanguage":"es","potentialAction":[{"@type":"ReadAction","target":["https:\/\/www.sorosoro.org\/es\/el-kikapu\/"]}]},{"@type":"BreadcrumbList","@id":"https:\/\/www.sorosoro.org\/es\/el-kikapu\/#breadcrumb","itemListElement":[{"@type":"ListItem","position":1,"name":"Accueil","item":"https:\/\/www.sorosoro.org\/es\/"},{"@type":"ListItem","position":2,"name":"El kikap\u00fa"}]},{"@type":"WebSite","@id":"https:\/\/www.sorosoro.org\/es\/#website","url":"https:\/\/www.sorosoro.org\/es\/","name":"Sorosoro","description":"Pour que vivent les langues du monde !","potentialAction":[{"@type":"SearchAction","target":{"@type":"EntryPoint","urlTemplate":"https:\/\/www.sorosoro.org\/es\/?s={search_term_string}"},"query-input":{"@type":"PropertyValueSpecification","valueRequired":true,"valueName":"search_term_string"}}],"inLanguage":"es"}]}},"_links":{"self":[{"href":"https:\/\/www.sorosoro.org\/es\/wp-json\/wp\/v2\/pages\/25313","targetHints":{"allow":["GET"]}}],"collection":[{"href":"https:\/\/www.sorosoro.org\/es\/wp-json\/wp\/v2\/pages"}],"about":[{"href":"https:\/\/www.sorosoro.org\/es\/wp-json\/wp\/v2\/types\/page"}],"author":[{"embeddable":true,"href":"https:\/\/www.sorosoro.org\/es\/wp-json\/wp\/v2\/users\/12"}],"replies":[{"embeddable":true,"href":"https:\/\/www.sorosoro.org\/es\/wp-json\/wp\/v2\/comments?post=25313"}],"version-history":[{"count":0,"href":"https:\/\/www.sorosoro.org\/es\/wp-json\/wp\/v2\/pages\/25313\/revisions"}],"wp:attachment":[{"href":"https:\/\/www.sorosoro.org\/es\/wp-json\/wp\/v2\/media?parent=25313"}],"curies":[{"name":"wp","href":"https:\/\/api.w.org\/{rel}","templated":true}]}}