{"id":25303,"date":"2010-08-16T17:16:11","date_gmt":"2010-08-16T15:16:11","guid":{"rendered":"http:\/\/www.sorosoro.org\/?page_id=25303"},"modified":"2010-08-16T17:16:11","modified_gmt":"2010-08-16T15:16:11","slug":"el-wayampi","status":"publish","type":"page","link":"https:\/\/www.sorosoro.org\/es\/el-wayampi\/","title":{"rendered":"El wayampi"},"content":{"rendered":"<p style=\"text-align: justify;\">Datos recolectados por la <a href=\"http:\/\/www.unilat.org\/SG\/index.es.asp\">Uni\u00f3n Latina<\/a> que trabaja para la valorizaci\u00f3n del legado cultural de sus 37 pa\u00edses miembros.<\/p>\n<p style=\"text-align: justify;\">\n<h5 style=\"text-align: justify;\"><strong><br \/>\n<\/strong><\/h5>\n<h5 style=\"text-align: justify;\"><strong>Datos sobre la lengua wayampi<\/strong><\/h5>\n<p style=\"text-align: justify;\">\n<p style=\"text-align: justify;\"><strong>Nombres alternativos<\/strong>: way\u00e3pi, oyampi<\/p>\n<p style=\"text-align: justify;\">\n<p style=\"text-align: justify;\"><strong>Clasificaci\u00f3n<\/strong>: <a href=\"https:\/\/www.sorosoro.org\/es\/familia-de-lenguas-tupi-guarani\">tupi<\/a>, tupi-guaran\u00ed<\/p>\n<p style=\"text-align: justify;\">\n<p style=\"text-align: justify;\"><strong>\u00c1rea<\/strong>: Guayana, en el Oyapock Alto y Medio, en los pueblos de Camopi y de Tres Saltos, as\u00ed como en la rivera brasile\u00f1a del Oyapock.<\/p>\n<p style=\"text-align: justify;\">\n<p style=\"text-align: justify;\"><strong>Cantidad de hablantes<\/strong>: aproximadamente 1250<\/p>\n<p style=\"text-align: justify;\"><em>Nota:<\/em> En Guayana: 710 hablantes. El wayampi es la lengua amerindia de Guayana que tiene la tasa m\u00e1s alta de monoling\u00fces. Aproximadamente 540 hablantes en Brasil.<\/p>\n<p style=\"text-align: justify;\">\n<p style=\"text-align: justify;\"><strong>Estatus de la lengua:<\/strong><\/p>\n<p style=\"text-align: justify;\">Brasil: \u00a0 Sin estatus oficial<\/p>\n<p style=\"text-align: justify;\">Guayana Francesa: \u00a0\u00a0\u00a0\u00a0 Sin estatus oficial<\/p>\n<p style=\"text-align: justify;\">\n<p style=\"text-align: justify;\"><strong>Vitalidad y transmisi\u00f3n:<\/strong><\/p>\n<p style=\"text-align: justify;\">La transmisi\u00f3n del wayampi todav\u00eda es buena. Pero el aislamiento de la poblaciones Wayampi se reduce cada vez m\u00e1s. Este fen\u00f3meno en conjunto con la extracci\u00f3n de oro clandestina y la disminuci\u00f3n de la flora y fauna, constituyen amenazas a corto plazo para esta poblaci\u00f3n, su cultura y su lengua. La UNESCO considera que el wayampi es una lengua amenazada.<\/p>\n<p style=\"text-align: justify;\">\n<p style=\"text-align: justify;\">\n<h5 style=\"text-align: justify;\">Fuentes<\/h5>\n<p style=\"text-align: justify;\">\n<p style=\"text-align: justify;\">Delegaci\u00f3n general de la lengua francesa y de las lenguas de Francia : <a href=\"http:\/\/culture.reverso.net\/url\/frameresult.asp?to=ES&amp;url=http:\/\/www.culture.gouv.fr\">http:\/\/culture.reverso.net\/url\/frameresult.asp?to=ES&amp;url=http:\/\/www.culture.gouv.fr<\/a><\/p>\n<p style=\"text-align: justify;\">\n<p style=\"text-align: justify;\">IRD-Guyane, CNRS-<a href=\"http:\/\/celia.cnrs.fr\/\">CELIA<\/a> (Eliane CAMARGO, Laurence GOURY, Fran\u00e7oise GRENAND, Pierre GRENAND, Michel LAUNEY, Odile LESCURE, Fran\u00e7oise LOE-MIE, Barbara NIEDERER, Marie-France PATTE, Francisco QUEIXALOS)<\/p>\n","protected":false},"excerpt":{"rendered":"<p>Datos recolectados por la Uni\u00f3n Latina que trabaja para la valorizaci\u00f3n del legado cultural de sus 37 pa\u00edses miembros. Datos sobre la lengua wayampi Nombres alternativos: way\u00e3pi, oyampi Clasificaci\u00f3n: tupi, tupi-guaran\u00ed \u00c1rea: Guayana, en el Oyapock Alto y Medio, en los pueblos de Camopi y de Tres Saltos, as\u00ed como en la rivera brasile\u00f1a del [&hellip;]<\/p>\n","protected":false},"author":12,"featured_media":0,"parent":0,"menu_order":0,"comment_status":"closed","ping_status":"open","template":"","meta":{"footnotes":""},"class_list":["post-25303","page","type-page","status-publish","hentry"],"yoast_head":"<!-- This site is optimized with the Yoast SEO plugin v27.0 - https:\/\/yoast.com\/product\/yoast-seo-wordpress\/ -->\n<title>El wayampi - Sorosoro<\/title>\n<meta name=\"robots\" content=\"index, follow, max-snippet:-1, max-image-preview:large, max-video-preview:-1\" \/>\n<link rel=\"canonical\" href=\"https:\/\/www.sorosoro.org\/es\/el-wayampi\/\" \/>\n<meta property=\"og:locale\" content=\"es_ES\" \/>\n<meta property=\"og:type\" content=\"article\" \/>\n<meta property=\"og:title\" content=\"El wayampi - Sorosoro\" \/>\n<meta property=\"og:description\" content=\"Datos recolectados por la Uni\u00f3n Latina que trabaja para la valorizaci\u00f3n del legado cultural de sus 37 pa\u00edses miembros. Datos sobre la lengua wayampi Nombres alternativos: way\u00e3pi, oyampi Clasificaci\u00f3n: tupi, tupi-guaran\u00ed \u00c1rea: Guayana, en el Oyapock Alto y Medio, en los pueblos de Camopi y de Tres Saltos, as\u00ed como en la rivera brasile\u00f1a del [&hellip;]\" \/>\n<meta property=\"og:url\" content=\"https:\/\/www.sorosoro.org\/es\/el-wayampi\/\" \/>\n<meta property=\"og:site_name\" content=\"Sorosoro\" \/>\n<meta name=\"twitter:card\" content=\"summary_large_image\" \/>\n<meta name=\"twitter:label1\" content=\"Tiempo de lectura\" \/>\n\t<meta name=\"twitter:data1\" content=\"1 minuto\" \/>\n<script type=\"application\/ld+json\" class=\"yoast-schema-graph\">{\"@context\":\"https:\/\/schema.org\",\"@graph\":[{\"@type\":\"WebPage\",\"@id\":\"https:\/\/www.sorosoro.org\/es\/el-wayampi\/\",\"url\":\"https:\/\/www.sorosoro.org\/es\/el-wayampi\/\",\"name\":\"El wayampi - Sorosoro\",\"isPartOf\":{\"@id\":\"https:\/\/www.sorosoro.org\/es\/#website\"},\"datePublished\":\"2010-08-16T15:16:11+00:00\",\"breadcrumb\":{\"@id\":\"https:\/\/www.sorosoro.org\/es\/el-wayampi\/#breadcrumb\"},\"inLanguage\":\"es\",\"potentialAction\":[{\"@type\":\"ReadAction\",\"target\":[\"https:\/\/www.sorosoro.org\/es\/el-wayampi\/\"]}]},{\"@type\":\"BreadcrumbList\",\"@id\":\"https:\/\/www.sorosoro.org\/es\/el-wayampi\/#breadcrumb\",\"itemListElement\":[{\"@type\":\"ListItem\",\"position\":1,\"name\":\"Accueil\",\"item\":\"https:\/\/www.sorosoro.org\/es\/\"},{\"@type\":\"ListItem\",\"position\":2,\"name\":\"El wayampi\"}]},{\"@type\":\"WebSite\",\"@id\":\"https:\/\/www.sorosoro.org\/es\/#website\",\"url\":\"https:\/\/www.sorosoro.org\/es\/\",\"name\":\"Sorosoro\",\"description\":\"Pour que vivent les langues du monde !\",\"potentialAction\":[{\"@type\":\"SearchAction\",\"target\":{\"@type\":\"EntryPoint\",\"urlTemplate\":\"https:\/\/www.sorosoro.org\/es\/?s={search_term_string}\"},\"query-input\":{\"@type\":\"PropertyValueSpecification\",\"valueRequired\":true,\"valueName\":\"search_term_string\"}}],\"inLanguage\":\"es\"}]}<\/script>\n<!-- \/ Yoast SEO plugin. -->","yoast_head_json":{"title":"El wayampi - Sorosoro","robots":{"index":"index","follow":"follow","max-snippet":"max-snippet:-1","max-image-preview":"max-image-preview:large","max-video-preview":"max-video-preview:-1"},"canonical":"https:\/\/www.sorosoro.org\/es\/el-wayampi\/","og_locale":"es_ES","og_type":"article","og_title":"El wayampi - Sorosoro","og_description":"Datos recolectados por la Uni\u00f3n Latina que trabaja para la valorizaci\u00f3n del legado cultural de sus 37 pa\u00edses miembros. Datos sobre la lengua wayampi Nombres alternativos: way\u00e3pi, oyampi Clasificaci\u00f3n: tupi, tupi-guaran\u00ed \u00c1rea: Guayana, en el Oyapock Alto y Medio, en los pueblos de Camopi y de Tres Saltos, as\u00ed como en la rivera brasile\u00f1a del [&hellip;]","og_url":"https:\/\/www.sorosoro.org\/es\/el-wayampi\/","og_site_name":"Sorosoro","twitter_card":"summary_large_image","twitter_misc":{"Tiempo de lectura":"1 minuto"},"schema":{"@context":"https:\/\/schema.org","@graph":[{"@type":"WebPage","@id":"https:\/\/www.sorosoro.org\/es\/el-wayampi\/","url":"https:\/\/www.sorosoro.org\/es\/el-wayampi\/","name":"El wayampi - Sorosoro","isPartOf":{"@id":"https:\/\/www.sorosoro.org\/es\/#website"},"datePublished":"2010-08-16T15:16:11+00:00","breadcrumb":{"@id":"https:\/\/www.sorosoro.org\/es\/el-wayampi\/#breadcrumb"},"inLanguage":"es","potentialAction":[{"@type":"ReadAction","target":["https:\/\/www.sorosoro.org\/es\/el-wayampi\/"]}]},{"@type":"BreadcrumbList","@id":"https:\/\/www.sorosoro.org\/es\/el-wayampi\/#breadcrumb","itemListElement":[{"@type":"ListItem","position":1,"name":"Accueil","item":"https:\/\/www.sorosoro.org\/es\/"},{"@type":"ListItem","position":2,"name":"El wayampi"}]},{"@type":"WebSite","@id":"https:\/\/www.sorosoro.org\/es\/#website","url":"https:\/\/www.sorosoro.org\/es\/","name":"Sorosoro","description":"Pour que vivent les langues du monde !","potentialAction":[{"@type":"SearchAction","target":{"@type":"EntryPoint","urlTemplate":"https:\/\/www.sorosoro.org\/es\/?s={search_term_string}"},"query-input":{"@type":"PropertyValueSpecification","valueRequired":true,"valueName":"search_term_string"}}],"inLanguage":"es"}]}},"_links":{"self":[{"href":"https:\/\/www.sorosoro.org\/es\/wp-json\/wp\/v2\/pages\/25303","targetHints":{"allow":["GET"]}}],"collection":[{"href":"https:\/\/www.sorosoro.org\/es\/wp-json\/wp\/v2\/pages"}],"about":[{"href":"https:\/\/www.sorosoro.org\/es\/wp-json\/wp\/v2\/types\/page"}],"author":[{"embeddable":true,"href":"https:\/\/www.sorosoro.org\/es\/wp-json\/wp\/v2\/users\/12"}],"replies":[{"embeddable":true,"href":"https:\/\/www.sorosoro.org\/es\/wp-json\/wp\/v2\/comments?post=25303"}],"version-history":[{"count":0,"href":"https:\/\/www.sorosoro.org\/es\/wp-json\/wp\/v2\/pages\/25303\/revisions"}],"wp:attachment":[{"href":"https:\/\/www.sorosoro.org\/es\/wp-json\/wp\/v2\/media?parent=25303"}],"curies":[{"name":"wp","href":"https:\/\/api.w.org\/{rel}","templated":true}]}}