{"id":25301,"date":"2010-08-16T17:10:39","date_gmt":"2010-08-16T15:10:39","guid":{"rendered":"http:\/\/www.sorosoro.org\/?page_id=25301"},"modified":"2010-08-16T17:10:39","modified_gmt":"2010-08-16T15:10:39","slug":"el-guarani","status":"publish","type":"page","link":"https:\/\/www.sorosoro.org\/es\/el-guarani\/","title":{"rendered":"El guaran\u00ed"},"content":{"rendered":"<p style=\"text-align: justify;\">Datos recolectados por la <a href=\"http:\/\/www.unilat.org\/SG\/index.es.asp\">Uni\u00f3n Latina<\/a> que trabaja para la valorizaci\u00f3n del legado cultural de sus 37 pa\u00edses miembros.<\/p>\n<p style=\"text-align: justify;\">\n<h5 style=\"text-align: justify;\">Datos sobre la lengua guaran\u00ed<\/h5>\n<p style=\"text-align: justify;\">\n<p style=\"text-align: justify;\"><strong>Clasificaci\u00f3n<\/strong>: <a href=\"https:\/\/www.sorosoro.org\/es\/familia-de-lenguas-tupi-guarani\">tupi<\/a>, tupi-guaran\u00ed<\/p>\n<p style=\"text-align: justify;\">\n<p style=\"text-align: justify;\"><strong>Cantidad de hablantes<\/strong>: Dos millones<\/p>\n<p style=\"text-align: justify;\"><em>Nota<\/em>: Campbell (2000) estima 2 millones de hablantes en Paraguay, mientras que Verguin (1968) s\u00f3lo un mill\u00f3n.<\/p>\n<p style=\"text-align: justify;\">\n<p style=\"text-align: justify;\"><strong>Estatus<\/strong>:<\/p>\n<p style=\"text-align: justify;\">Paraguay: lengua oficial.<\/p>\n<p style=\"text-align: justify;\">\n<h5 style=\"text-align: justify;\">Precisiones hist\u00f3ricas<\/h5>\n<p style=\"text-align: justify;\">\n<p style=\"text-align: justify;\"><strong>1950<\/strong>: A la ocasi\u00f3n del Congreso de Montevideo, adopci\u00f3n de una <strong>ortograf\u00eda est\u00e1ndar<\/strong>.<\/p>\n<p style=\"text-align: justify;\">\n<p style=\"text-align: justify;\">\n<h5 style=\"text-align: justify;\">Fuentes y bibliograf\u00eda complementaria<\/h5>\n<p style=\"text-align: justify;\">\n<p style=\"text-align: justify;\">CAMPBELL, George L. (2000), Compendium of the World\u2019s Languages, Routledge, London &amp; New York, 1st ed. 1991, 2 vols.<\/p>\n<p style=\"text-align: justify;\">\n<p style=\"text-align: justify;\">VERGUIN, Joseph (1968), \u00ab La situation linguistique dans le monde \u00bb, in Le Langage, A. Martinet (dir.), Encyclop\u00e9die de la Pl\u00e9iade, pp. 1093-1143.<\/p>\n","protected":false},"excerpt":{"rendered":"<p>Datos recolectados por la Uni\u00f3n Latina que trabaja para la valorizaci\u00f3n del legado cultural de sus 37 pa\u00edses miembros. Datos sobre la lengua guaran\u00ed Clasificaci\u00f3n: tupi, tupi-guaran\u00ed Cantidad de hablantes: Dos millones Nota: Campbell (2000) estima 2 millones de hablantes en Paraguay, mientras que Verguin (1968) s\u00f3lo un mill\u00f3n. Estatus: Paraguay: lengua oficial. Precisiones hist\u00f3ricas [&hellip;]<\/p>\n","protected":false},"author":12,"featured_media":0,"parent":0,"menu_order":0,"comment_status":"closed","ping_status":"open","template":"","meta":{"footnotes":""},"class_list":["post-25301","page","type-page","status-publish","hentry"],"yoast_head":"<!-- This site is optimized with the Yoast SEO plugin v27.0 - https:\/\/yoast.com\/product\/yoast-seo-wordpress\/ -->\n<title>El guaran\u00ed - Sorosoro<\/title>\n<meta name=\"robots\" content=\"index, follow, max-snippet:-1, max-image-preview:large, max-video-preview:-1\" \/>\n<link rel=\"canonical\" href=\"https:\/\/www.sorosoro.org\/es\/el-guarani\/\" \/>\n<meta property=\"og:locale\" content=\"es_ES\" \/>\n<meta property=\"og:type\" content=\"article\" \/>\n<meta property=\"og:title\" content=\"El guaran\u00ed - Sorosoro\" \/>\n<meta property=\"og:description\" content=\"Datos recolectados por la Uni\u00f3n Latina que trabaja para la valorizaci\u00f3n del legado cultural de sus 37 pa\u00edses miembros. Datos sobre la lengua guaran\u00ed Clasificaci\u00f3n: tupi, tupi-guaran\u00ed Cantidad de hablantes: Dos millones Nota: Campbell (2000) estima 2 millones de hablantes en Paraguay, mientras que Verguin (1968) s\u00f3lo un mill\u00f3n. Estatus: Paraguay: lengua oficial. Precisiones hist\u00f3ricas [&hellip;]\" \/>\n<meta property=\"og:url\" content=\"https:\/\/www.sorosoro.org\/es\/el-guarani\/\" \/>\n<meta property=\"og:site_name\" content=\"Sorosoro\" \/>\n<meta name=\"twitter:card\" content=\"summary_large_image\" \/>\n<meta name=\"twitter:label1\" content=\"Tiempo de lectura\" \/>\n\t<meta name=\"twitter:data1\" content=\"1 minuto\" \/>\n<script type=\"application\/ld+json\" class=\"yoast-schema-graph\">{\"@context\":\"https:\/\/schema.org\",\"@graph\":[{\"@type\":\"WebPage\",\"@id\":\"https:\/\/www.sorosoro.org\/es\/el-guarani\/\",\"url\":\"https:\/\/www.sorosoro.org\/es\/el-guarani\/\",\"name\":\"El guaran\u00ed - Sorosoro\",\"isPartOf\":{\"@id\":\"https:\/\/www.sorosoro.org\/es\/#website\"},\"datePublished\":\"2010-08-16T15:10:39+00:00\",\"breadcrumb\":{\"@id\":\"https:\/\/www.sorosoro.org\/es\/el-guarani\/#breadcrumb\"},\"inLanguage\":\"es\",\"potentialAction\":[{\"@type\":\"ReadAction\",\"target\":[\"https:\/\/www.sorosoro.org\/es\/el-guarani\/\"]}]},{\"@type\":\"BreadcrumbList\",\"@id\":\"https:\/\/www.sorosoro.org\/es\/el-guarani\/#breadcrumb\",\"itemListElement\":[{\"@type\":\"ListItem\",\"position\":1,\"name\":\"Accueil\",\"item\":\"https:\/\/www.sorosoro.org\/es\/\"},{\"@type\":\"ListItem\",\"position\":2,\"name\":\"El guaran\u00ed\"}]},{\"@type\":\"WebSite\",\"@id\":\"https:\/\/www.sorosoro.org\/es\/#website\",\"url\":\"https:\/\/www.sorosoro.org\/es\/\",\"name\":\"Sorosoro\",\"description\":\"Pour que vivent les langues du monde !\",\"potentialAction\":[{\"@type\":\"SearchAction\",\"target\":{\"@type\":\"EntryPoint\",\"urlTemplate\":\"https:\/\/www.sorosoro.org\/es\/?s={search_term_string}\"},\"query-input\":{\"@type\":\"PropertyValueSpecification\",\"valueRequired\":true,\"valueName\":\"search_term_string\"}}],\"inLanguage\":\"es\"}]}<\/script>\n<!-- \/ Yoast SEO plugin. -->","yoast_head_json":{"title":"El guaran\u00ed - Sorosoro","robots":{"index":"index","follow":"follow","max-snippet":"max-snippet:-1","max-image-preview":"max-image-preview:large","max-video-preview":"max-video-preview:-1"},"canonical":"https:\/\/www.sorosoro.org\/es\/el-guarani\/","og_locale":"es_ES","og_type":"article","og_title":"El guaran\u00ed - Sorosoro","og_description":"Datos recolectados por la Uni\u00f3n Latina que trabaja para la valorizaci\u00f3n del legado cultural de sus 37 pa\u00edses miembros. Datos sobre la lengua guaran\u00ed Clasificaci\u00f3n: tupi, tupi-guaran\u00ed Cantidad de hablantes: Dos millones Nota: Campbell (2000) estima 2 millones de hablantes en Paraguay, mientras que Verguin (1968) s\u00f3lo un mill\u00f3n. Estatus: Paraguay: lengua oficial. Precisiones hist\u00f3ricas [&hellip;]","og_url":"https:\/\/www.sorosoro.org\/es\/el-guarani\/","og_site_name":"Sorosoro","twitter_card":"summary_large_image","twitter_misc":{"Tiempo de lectura":"1 minuto"},"schema":{"@context":"https:\/\/schema.org","@graph":[{"@type":"WebPage","@id":"https:\/\/www.sorosoro.org\/es\/el-guarani\/","url":"https:\/\/www.sorosoro.org\/es\/el-guarani\/","name":"El guaran\u00ed - Sorosoro","isPartOf":{"@id":"https:\/\/www.sorosoro.org\/es\/#website"},"datePublished":"2010-08-16T15:10:39+00:00","breadcrumb":{"@id":"https:\/\/www.sorosoro.org\/es\/el-guarani\/#breadcrumb"},"inLanguage":"es","potentialAction":[{"@type":"ReadAction","target":["https:\/\/www.sorosoro.org\/es\/el-guarani\/"]}]},{"@type":"BreadcrumbList","@id":"https:\/\/www.sorosoro.org\/es\/el-guarani\/#breadcrumb","itemListElement":[{"@type":"ListItem","position":1,"name":"Accueil","item":"https:\/\/www.sorosoro.org\/es\/"},{"@type":"ListItem","position":2,"name":"El guaran\u00ed"}]},{"@type":"WebSite","@id":"https:\/\/www.sorosoro.org\/es\/#website","url":"https:\/\/www.sorosoro.org\/es\/","name":"Sorosoro","description":"Pour que vivent les langues du monde !","potentialAction":[{"@type":"SearchAction","target":{"@type":"EntryPoint","urlTemplate":"https:\/\/www.sorosoro.org\/es\/?s={search_term_string}"},"query-input":{"@type":"PropertyValueSpecification","valueRequired":true,"valueName":"search_term_string"}}],"inLanguage":"es"}]}},"_links":{"self":[{"href":"https:\/\/www.sorosoro.org\/es\/wp-json\/wp\/v2\/pages\/25301","targetHints":{"allow":["GET"]}}],"collection":[{"href":"https:\/\/www.sorosoro.org\/es\/wp-json\/wp\/v2\/pages"}],"about":[{"href":"https:\/\/www.sorosoro.org\/es\/wp-json\/wp\/v2\/types\/page"}],"author":[{"embeddable":true,"href":"https:\/\/www.sorosoro.org\/es\/wp-json\/wp\/v2\/users\/12"}],"replies":[{"embeddable":true,"href":"https:\/\/www.sorosoro.org\/es\/wp-json\/wp\/v2\/comments?post=25301"}],"version-history":[{"count":0,"href":"https:\/\/www.sorosoro.org\/es\/wp-json\/wp\/v2\/pages\/25301\/revisions"}],"wp:attachment":[{"href":"https:\/\/www.sorosoro.org\/es\/wp-json\/wp\/v2\/media?parent=25301"}],"curies":[{"name":"wp","href":"https:\/\/api.w.org\/{rel}","templated":true}]}}