{"id":25298,"date":"2010-08-16T17:05:23","date_gmt":"2010-08-16T15:05:23","guid":{"rendered":"http:\/\/www.sorosoro.org\/?page_id=25298"},"modified":"2010-08-16T17:05:23","modified_gmt":"2010-08-16T15:05:23","slug":"el-emerillon","status":"publish","type":"page","link":"https:\/\/www.sorosoro.org\/es\/el-emerillon\/","title":{"rendered":"El emerillon"},"content":{"rendered":"<p style=\"text-align: justify;\">Datos recolectados por la <a href=\"http:\/\/www.unilat.org\/SG\/index.es.asp\">Uni\u00f3n Latina<\/a> que trabaja para la valorizaci\u00f3n del legado cultural de sus 37 pa\u00edses miembros.<\/p>\n<h5 style=\"text-align: justify;\"><\/h5>\n<h5 style=\"text-align: justify;\">Datos sobre la lengua emerillon<\/h5>\n<p style=\"text-align: justify;\">\n<p style=\"text-align: justify;\"><strong>Nombres alternativos<\/strong>: teko<\/p>\n<p style=\"text-align: justify;\">\n<p style=\"text-align: justify;\"><strong>Clasificaci\u00f3n<\/strong>: <a href=\"https:\/\/www.sorosoro.org\/es\/familia-de-lenguas-tupi-guarani\">tupi<\/a>, tupi-guaran\u00ed<\/p>\n<p style=\"text-align: justify;\"><strong> <\/strong><\/p>\n<p style=\"text-align: justify;\"><strong>\u00c1rea<\/strong>: Guayana Francesa<\/p>\n<p style=\"text-align: justify;\">\n<p style=\"text-align: justify;\"><strong>Cantidad de hablantes<\/strong>: 400<\/p>\n<p style=\"text-align: justify;\">\n<p style=\"text-align: justify;\"><strong>Estatus de la lengua<\/strong>:<\/p>\n<p style=\"text-align: justify;\">Sin estatus oficial, lengua de comunicaci\u00f3n<\/p>\n<p style=\"text-align: justify;\">\n<p style=\"text-align: justify;\"><strong>Vitalidad y transmisi\u00f3n<\/strong>:<\/p>\n<p style=\"text-align: justify;\">El emerillon est\u00e1 considerado \u00aben peligro\u00bb por la UNESCO.<\/p>\n<p style=\"text-align: justify;\">\n<h5 style=\"text-align: justify;\">Precisiones socioling\u00fc\u00edsticas<\/h5>\n<p style=\"text-align: justify;\">\n<p style=\"text-align: justify;\">El emerillon es la \u00fanica lengua amerindia hablada exclusivamente en territorio franc\u00e9s<\/p>\n<p style=\"text-align: justify;\">\n<h5 style=\"text-align: justify;\">Fuentes<\/h5>\n<p style=\"text-align: justify;\">\n<p style=\"text-align: justify;\">Delegaci\u00f3n general de la lengua francesa y de las lenguas de Francia : <a href=\"http:\/\/culture.reverso.net\/url\/frameresult.asp?to=ES&amp;url=http:\/\/www.culture.gouv.fr\">http:\/\/culture.reverso.net\/url\/frameresult.asp?to=ES&amp;url=http:\/\/www.culture.gouv.fr<\/a><\/p>\n<p style=\"text-align: justify;\">\n<p style=\"text-align: justify;\">IRD-Guyane, CNRS-<a href=\"http:\/\/celia.cnrs.fr\/\">CELIA<\/a> (Eliane CAMARGO, Laurence GOURY, Fran\u00e7oise GRENAND, Pierre GRENAND, Michel LAUNEY, Odile LESCURE, Fran\u00e7oise LOE-MIE, Barbara NIEDERER, Marie-France PATTE, Francisco QUEIXALOS)<\/p>\n","protected":false},"excerpt":{"rendered":"<p>Datos recolectados por la Uni\u00f3n Latina que trabaja para la valorizaci\u00f3n del legado cultural de sus 37 pa\u00edses miembros. Datos sobre la lengua emerillon Nombres alternativos: teko Clasificaci\u00f3n: tupi, tupi-guaran\u00ed \u00c1rea: Guayana Francesa Cantidad de hablantes: 400 Estatus de la lengua: Sin estatus oficial, lengua de comunicaci\u00f3n Vitalidad y transmisi\u00f3n: El emerillon est\u00e1 considerado \u00aben [&hellip;]<\/p>\n","protected":false},"author":12,"featured_media":0,"parent":0,"menu_order":0,"comment_status":"closed","ping_status":"open","template":"","meta":{"footnotes":""},"class_list":["post-25298","page","type-page","status-publish","hentry"],"yoast_head":"<!-- This site is optimized with the Yoast SEO plugin v27.0 - https:\/\/yoast.com\/product\/yoast-seo-wordpress\/ -->\n<title>El emerillon - Sorosoro<\/title>\n<meta name=\"robots\" content=\"index, follow, max-snippet:-1, max-image-preview:large, max-video-preview:-1\" \/>\n<link rel=\"canonical\" href=\"https:\/\/www.sorosoro.org\/es\/el-emerillon\/\" \/>\n<meta property=\"og:locale\" content=\"es_ES\" \/>\n<meta property=\"og:type\" content=\"article\" \/>\n<meta property=\"og:title\" content=\"El emerillon - Sorosoro\" \/>\n<meta property=\"og:description\" content=\"Datos recolectados por la Uni\u00f3n Latina que trabaja para la valorizaci\u00f3n del legado cultural de sus 37 pa\u00edses miembros. Datos sobre la lengua emerillon Nombres alternativos: teko Clasificaci\u00f3n: tupi, tupi-guaran\u00ed \u00c1rea: Guayana Francesa Cantidad de hablantes: 400 Estatus de la lengua: Sin estatus oficial, lengua de comunicaci\u00f3n Vitalidad y transmisi\u00f3n: El emerillon est\u00e1 considerado \u00aben [&hellip;]\" \/>\n<meta property=\"og:url\" content=\"https:\/\/www.sorosoro.org\/es\/el-emerillon\/\" \/>\n<meta property=\"og:site_name\" content=\"Sorosoro\" \/>\n<meta name=\"twitter:card\" content=\"summary_large_image\" \/>\n<meta name=\"twitter:label1\" content=\"Tiempo de lectura\" \/>\n\t<meta name=\"twitter:data1\" content=\"1 minuto\" \/>\n<script type=\"application\/ld+json\" class=\"yoast-schema-graph\">{\"@context\":\"https:\/\/schema.org\",\"@graph\":[{\"@type\":\"WebPage\",\"@id\":\"https:\/\/www.sorosoro.org\/es\/el-emerillon\/\",\"url\":\"https:\/\/www.sorosoro.org\/es\/el-emerillon\/\",\"name\":\"El emerillon - Sorosoro\",\"isPartOf\":{\"@id\":\"https:\/\/www.sorosoro.org\/es\/#website\"},\"datePublished\":\"2010-08-16T15:05:23+00:00\",\"breadcrumb\":{\"@id\":\"https:\/\/www.sorosoro.org\/es\/el-emerillon\/#breadcrumb\"},\"inLanguage\":\"es\",\"potentialAction\":[{\"@type\":\"ReadAction\",\"target\":[\"https:\/\/www.sorosoro.org\/es\/el-emerillon\/\"]}]},{\"@type\":\"BreadcrumbList\",\"@id\":\"https:\/\/www.sorosoro.org\/es\/el-emerillon\/#breadcrumb\",\"itemListElement\":[{\"@type\":\"ListItem\",\"position\":1,\"name\":\"Accueil\",\"item\":\"https:\/\/www.sorosoro.org\/es\/\"},{\"@type\":\"ListItem\",\"position\":2,\"name\":\"El emerillon\"}]},{\"@type\":\"WebSite\",\"@id\":\"https:\/\/www.sorosoro.org\/es\/#website\",\"url\":\"https:\/\/www.sorosoro.org\/es\/\",\"name\":\"Sorosoro\",\"description\":\"Pour que vivent les langues du monde !\",\"potentialAction\":[{\"@type\":\"SearchAction\",\"target\":{\"@type\":\"EntryPoint\",\"urlTemplate\":\"https:\/\/www.sorosoro.org\/es\/?s={search_term_string}\"},\"query-input\":{\"@type\":\"PropertyValueSpecification\",\"valueRequired\":true,\"valueName\":\"search_term_string\"}}],\"inLanguage\":\"es\"}]}<\/script>\n<!-- \/ Yoast SEO plugin. -->","yoast_head_json":{"title":"El emerillon - Sorosoro","robots":{"index":"index","follow":"follow","max-snippet":"max-snippet:-1","max-image-preview":"max-image-preview:large","max-video-preview":"max-video-preview:-1"},"canonical":"https:\/\/www.sorosoro.org\/es\/el-emerillon\/","og_locale":"es_ES","og_type":"article","og_title":"El emerillon - Sorosoro","og_description":"Datos recolectados por la Uni\u00f3n Latina que trabaja para la valorizaci\u00f3n del legado cultural de sus 37 pa\u00edses miembros. Datos sobre la lengua emerillon Nombres alternativos: teko Clasificaci\u00f3n: tupi, tupi-guaran\u00ed \u00c1rea: Guayana Francesa Cantidad de hablantes: 400 Estatus de la lengua: Sin estatus oficial, lengua de comunicaci\u00f3n Vitalidad y transmisi\u00f3n: El emerillon est\u00e1 considerado \u00aben [&hellip;]","og_url":"https:\/\/www.sorosoro.org\/es\/el-emerillon\/","og_site_name":"Sorosoro","twitter_card":"summary_large_image","twitter_misc":{"Tiempo de lectura":"1 minuto"},"schema":{"@context":"https:\/\/schema.org","@graph":[{"@type":"WebPage","@id":"https:\/\/www.sorosoro.org\/es\/el-emerillon\/","url":"https:\/\/www.sorosoro.org\/es\/el-emerillon\/","name":"El emerillon - Sorosoro","isPartOf":{"@id":"https:\/\/www.sorosoro.org\/es\/#website"},"datePublished":"2010-08-16T15:05:23+00:00","breadcrumb":{"@id":"https:\/\/www.sorosoro.org\/es\/el-emerillon\/#breadcrumb"},"inLanguage":"es","potentialAction":[{"@type":"ReadAction","target":["https:\/\/www.sorosoro.org\/es\/el-emerillon\/"]}]},{"@type":"BreadcrumbList","@id":"https:\/\/www.sorosoro.org\/es\/el-emerillon\/#breadcrumb","itemListElement":[{"@type":"ListItem","position":1,"name":"Accueil","item":"https:\/\/www.sorosoro.org\/es\/"},{"@type":"ListItem","position":2,"name":"El emerillon"}]},{"@type":"WebSite","@id":"https:\/\/www.sorosoro.org\/es\/#website","url":"https:\/\/www.sorosoro.org\/es\/","name":"Sorosoro","description":"Pour que vivent les langues du monde !","potentialAction":[{"@type":"SearchAction","target":{"@type":"EntryPoint","urlTemplate":"https:\/\/www.sorosoro.org\/es\/?s={search_term_string}"},"query-input":{"@type":"PropertyValueSpecification","valueRequired":true,"valueName":"search_term_string"}}],"inLanguage":"es"}]}},"_links":{"self":[{"href":"https:\/\/www.sorosoro.org\/es\/wp-json\/wp\/v2\/pages\/25298","targetHints":{"allow":["GET"]}}],"collection":[{"href":"https:\/\/www.sorosoro.org\/es\/wp-json\/wp\/v2\/pages"}],"about":[{"href":"https:\/\/www.sorosoro.org\/es\/wp-json\/wp\/v2\/types\/page"}],"author":[{"embeddable":true,"href":"https:\/\/www.sorosoro.org\/es\/wp-json\/wp\/v2\/users\/12"}],"replies":[{"embeddable":true,"href":"https:\/\/www.sorosoro.org\/es\/wp-json\/wp\/v2\/comments?post=25298"}],"version-history":[{"count":0,"href":"https:\/\/www.sorosoro.org\/es\/wp-json\/wp\/v2\/pages\/25298\/revisions"}],"wp:attachment":[{"href":"https:\/\/www.sorosoro.org\/es\/wp-json\/wp\/v2\/media?parent=25298"}],"curies":[{"name":"wp","href":"https:\/\/api.w.org\/{rel}","templated":true}]}}