{"id":25294,"date":"2010-08-16T16:47:47","date_gmt":"2010-08-16T14:47:47","guid":{"rendered":"http:\/\/www.sorosoro.org\/?page_id=25294"},"modified":"2011-01-24T10:58:14","modified_gmt":"2011-01-24T09:58:14","slug":"familia-de-lenguas-algicas-o-algonquinas","status":"publish","type":"page","link":"https:\/\/www.sorosoro.org\/es\/familia-de-lenguas-algicas-o-algonquinas\/","title":{"rendered":"Familia de lenguas \u00e1lgicas (o algonquinas)"},"content":{"rendered":"<h5 style=\"text-align: justify;\">Datos sobre las lenguas \u00e1lgicas<\/h5>\n<p style=\"text-align: justify;\">\n<p style=\"text-align: justify;\"><strong> <\/strong><\/p>\n<p style=\"text-align: justify;\"><strong>\u00bfD\u00f3nde se hablan las lenguas \u00e1lgicas?<\/strong><\/p>\n<p style=\"text-align: justify;\">Estas lenguas son habladas por pueblos aut\u00f3ctonos de Am\u00e9rica del Norte, en una vasta zona geogr\u00e1fica que cubre diez provincias del centro y del este de Canad\u00e1, diez estados del centro y del este de Estados Unidos y el estado de Coahuila al norte de M\u00e9xico. A esto se agrega el yurok, que se habla en California, en el oeste de Estados Unidos. Esta familia constituye una de las m\u00e1s grandes familias de lenguas amerindias de Am\u00e9rica del Norte.<\/p>\n<p style=\"text-align: justify;\">\n<p style=\"text-align: justify;\"><strong>\u00bfQui\u00e9nes hablan estas lenguas?<\/strong><\/p>\n<p style=\"text-align: justify;\">Los hablantes de estas lenguas \u00e1lgicas son miembros de las \u00abPrimeras Naciones\u00bb norteamericanas, que habitaban en la regi\u00f3n desde mucho antes de la llegada de los europeos y la creaci\u00f3n de los Estados Unidos y Canad\u00e1. Al d\u00eda de hoy, los hablantes viven en reservas en Canad\u00e1 y en los Estados Unidos.<\/p>\n<p style=\"text-align: justify;\">\n<p style=\"text-align: justify;\">\n<p style=\"text-align: justify;\"><strong>Cantidad total de hablantes (estimaci\u00f3n):<\/strong><\/p>\n<p style=\"text-align: justify;\">Aproximadamente<strong> 90 mil <\/strong>seg\u00fan la UNESCO<\/p>\n<p style=\"text-align: justify;\">Aproximadamente <strong>130 mil <\/strong>seg\u00fan el sitio ethnologue.com (SIL)<\/p>\n<p style=\"text-align: justify;\">\n<p style=\"text-align: justify;\"><strong>Clasificaci\u00f3n<\/strong><\/p>\n<p style=\"text-align: justify;\">La familia de lenguas \u00e1lgicas comprende <strong>14 lenguas<\/strong> al d\u00eda de hoy.<\/p>\n<p style=\"text-align: justify;\">\n<p style=\"text-align: justify;\"><span style=\"text-decoration: underline;\">Sub-familia algonquina<\/span><\/p>\n<p style=\"text-align: justify;\">\n<p style=\"padding-left: 30px; text-align: justify;\">Rama algonquina del este<\/p>\n<p style=\"padding-left: 30px; text-align: justify;\">\n<p style=\"padding-left: 60px; text-align: justify;\"><strong>Abenaki del este<\/strong>: extinguida<\/p>\n<p style=\"padding-left: 60px; text-align: justify;\"><strong>Abenaki del Oeste<\/strong> (nombres alternativos: abnaki; St. Francis): 20 hablantes seg\u00fan SIL<\/p>\n<p style=\"padding-left: 60px; text-align: justify;\"><strong>Maliseet-Passamaquoddy<\/strong>: 500 hablantes seg\u00fan UNESCO y 1655 seg\u00fan SIL<\/p>\n<p style=\"padding-left: 60px; text-align: justify;\"><strong>Micmac<\/strong> (nombres alternativos: inu\u00edsimk; miigmaq): 8500 hablantes seg\u00fan UNESCO y SIL<\/p>\n<p style=\"padding-left: 60px; text-align: justify;\"><strong>Munsee<\/strong> (nombre alternativo: delaware): menos de 10 hablantes seg\u00fan UNESCO y SIL<\/p>\n<p style=\"padding-left: 60px; text-align: justify;\"><strong>Unami<\/strong> (nombre alternativo: lenape): extinguido en 2002 seg\u00fan UNESCO<\/p>\n<p style=\"padding-left: 60px; text-align: justify;\"><strong>Wampanoag <\/strong>(nombre alternativo : <em>W\u00f4pan\u00e2ak ) <\/em>extinguido<\/p>\n<p style=\"text-align: justify;\">\n<p style=\"padding-left: 30px; text-align: justify;\">Rama algonquina del centro y de las llanuras<\/p>\n<p style=\"text-align: justify;\">\n<p style=\"padding-left: 60px; text-align: justify;\"><strong>Arapaho-Atsina<\/strong>: Mil hablantes seg\u00fan UNESCO y SIL<\/p>\n<p style=\"padding-left: 60px; text-align: justify;\"><strong>Blackfoot<\/strong>: 3200 hablantes seg\u00fan UNESCO y 5 mil hablantes seg\u00fan SIL<\/p>\n<p style=\"padding-left: 60px; text-align: justify;\"><strong>Cheyenne <\/strong>(nombre alternativo: ts\u0117hesen\u0117stsestotse): 1720 hablantes seg\u00fan SIL y 2100 seg\u00fan UNESCO<\/p>\n<p style=\"padding-left: 60px; text-align: justify;\"><strong>Cree<\/strong>: 114 mil hablantes seg\u00fan el censo 2006 en Canad\u00e1, 70 mil seg\u00fan UNESCO<\/p>\n<p style=\"padding-left: 60px; text-align: justify;\"><strong>Fox-Sauk-Kikap\u00fa<\/strong> (nombre alternativo de Fox: mesquakie): 200 hablantes seg\u00fan UNESCO y mil seg\u00fan Wikipedia<\/p>\n<p style=\"padding-left: 60px; text-align: justify;\"><strong>Menomini<\/strong> (nombre alternativo: menominee): 35 hablantes seg\u00fan UNESCO y 39 seg\u00fan SIL<\/p>\n<p style=\"padding-left: 60px; text-align: justify;\"><strong>Potawatomi<\/strong>: 50 hablantes en 1995 seg\u00fan UNESCO y SIL<\/p>\n<p style=\"padding-left: 60px; text-align: justify;\"><strong>Ojibwa <\/strong>(nombres alternativos: ojibway; chippeway): 75 mil hablantes seg\u00fan el censo del a\u00f1o 2000 en Canad\u00e1 y en los Estados Unidos, 80 mil seg\u00fan UNESCO<\/p>\n<p style=\"padding-left: 60px; text-align: justify;\"><strong>Shawnee<\/strong>: 100 hablantes seg\u00fan UNESCO y 200 seg\u00fan SIL<\/p>\n<p style=\"text-align: justify;\">\n<p style=\"text-align: justify;\"><span style=\"text-decoration: underline;\">Sub-familia Ritwan<\/span><\/p>\n<p style=\"text-align: justify;\">\n<p style=\"padding-left: 60px; text-align: justify;\"><strong>Yurok<\/strong> (nombre alternativo: weitspekan) : 12 hablantes en 2002 seg\u00fan UNESCO y SIL<\/p>\n<p style=\"padding-left: 60px; text-align: justify;\"><strong>Wiyot<\/strong> (nombre alternativo: wishosk): extinguido<\/p>\n<p style=\"text-align: justify;\">\n<h5 style=\"text-align: justify;\">Comentarios sobre la clasificaci\u00f3n de las lenguas \u00e1lgicas<\/h5>\n<p style=\"text-align: justify;\">\n<p style=\"text-align: justify;\">Seg\u00fan Mithun (1999), de quien seguimos la clasificaci\u00f3n aqu\u00ed, s\u00f3lo la rama algonquina del este constituye un verdadero grupo \u00abgen\u00e9tico\u00bb, en el que las lenguas est\u00e1n provistas de la misma proto-lengua (lengua madre).<\/p>\n<p style=\"text-align: justify;\">\n<p style=\"text-align: justify;\">La rama central es un reagrupamiento considerado como \u00abgeogr\u00e1fico\u00bb, incluso si no cabe duda de la pertenencia de estas lenguas a la familia \u00e1lgica. El parecido entre las lenguas de la rama central es atribuido por los ling\u00fcistas a pr\u00e9stamos mutuos ligados a su proximidad geogr\u00e1fica, antes que a una proto-lengua com\u00fan.<\/p>\n<h5 style=\"text-align: justify;\">\u00bfEst\u00e1n en peligro las lenguas \u00e1lgicas?<\/h5>\n<p style=\"text-align: justify;\">\n<p style=\"text-align: justify;\">S\u00ed, todas estas lenguas est\u00e1n actualmente en peligro de extinci\u00f3n.<\/p>\n<p style=\"text-align: justify;\">\n<p style=\"text-align: justify;\"><span style=\"text-decoration: underline;\">Sub-familia algonquina<\/span><\/p>\n<p style=\"text-align: justify;\">\n<p style=\"text-align: justify;\">&#8211; Las lenguas abenaki y unami, de la rama este, probablemente ya no cuenten con ning\u00fan hablante nativo al d\u00eda de hoy.<\/p>\n<p style=\"text-align: justify;\">\n<p style=\"text-align: justify;\">El munsee cuenta s\u00f3lo con un peque\u00f1o pu\u00f1ado de hablantes de muy avanzada edad, por lo que corre el riesgo de desaparecer en los pr\u00f3ximos a\u00f1os.<\/p>\n<p style=\"text-align: justify;\">\n<p style=\"text-align: justify;\">S\u00f3lo el micmac no se encuentra amenazado a corto plazo, pero esta situaci\u00f3n podr\u00eda cambiar muy r\u00e1pidamente si no se toman acciones concretas para promover la transmisi\u00f3n a las j\u00f3venes generaciones.<\/p>\n<p style=\"text-align: justify;\">\n<p style=\"text-align: justify;\">&#8211; La mayor\u00eda de las lenguas de la rama del centro y de las llanuras est\u00e1n consideradas en peligro. El cree y el ojibwa son las lenguas menos amenazadas de extinci\u00f3n para las d\u00e9cadas futuras.<\/p>\n<p style=\"text-align: justify;\">\n<p style=\"text-align: justify;\">\n<p style=\"text-align: justify;\"><span style=\"text-decoration: underline;\">Sub-familia Ritwan<\/span><\/p>\n<p style=\"text-align: justify;\">\n<p style=\"text-align: justify;\">El \u00faltimo hablante nativo de <strong>wiyot <\/strong>desapareci\u00f3 en los a\u00f1os 60.<\/p>\n<p style=\"text-align: justify;\">\n<p style=\"text-align: justify;\">El <strong>yurok <\/strong>cuenta s\u00f3lo con algunos hablantes muy ancianos. Esta lengua es considerada como \u00aben situaci\u00f3n cr\u00edtica\u00bb (nivel 4 en una escala de 5) por la UNESCO.<\/p>\n<p style=\"text-align: justify;\">\n<p style=\"text-align: justify;\">Sin embargo, desde hace algunos a\u00f1os, programas de documentaci\u00f3n, de revitalizaci\u00f3n y de ense\u00f1anza de lenguas \u00e1lgicas comienzan a ver la luz. Suelen ser proyectos a escala local, llevados a cabo por las autoridades de los pueblos aut\u00f3ctonos y las universidades.<\/p>\n<p style=\"text-align: justify;\">\n<h5 style=\"text-align: justify;\">Elementos etnogr\u00e1ficos<\/h5>\n<p style=\"text-align: justify;\">\n<p style=\"text-align: justify;\">Antes de la colonizaci\u00f3n, las distancias geogr\u00e1ficas entre los pueblos de lenguas \u00e1lgicas era muy grande. De hecho, estas lenguas eran habladas en una zona que iba del extremo norte de Quebec hasta la actual Carolina del Sur, y se extend\u00eda al oeste a trav\u00e9s de las grandes llanuras hacia Oklahoma y Tejas, hasta los contrafuertes de las Rocallosas (Colorado, Wyoming, Montana y Alberta, en Canad\u00e1). El wyott y el yurok eran incluso hablados m\u00e1s all\u00e1, hasta en California.<\/p>\n<p style=\"text-align: justify;\">\n<p style=\"text-align: justify;\">Por lo tanto, no deb\u00eda haber ning\u00fan contacto, por ejemplo, entre los hablantes de yurok y los de unami.<\/p>\n<p style=\"text-align: justify;\">\n<p style=\"text-align: justify;\">As\u00ed mismo, el modo de vida de un Wyott y el de un Cheyenne ten\u00edan poco en com\u00fan: las tribus wyott eran sedentarias mientras que las tribus cheyennes de las llanuras viv\u00edan de forma semi-n\u00f3mada, seg\u00fan los per\u00edodos de caza.<\/p>\n<p style=\"text-align: justify;\">\n<p style=\"text-align: justify;\">Con respecto a las tribus hablantes de lenguas \u00e1lgicas del este, viv\u00edan en aldeas fortificadas y practicaban la agricultura.<\/p>\n<p style=\"text-align: justify;\">\n<h5 style=\"text-align: justify;\">Algunos sitios para saber m\u00e1s<\/h5>\n<p style=\"text-align: justify;\">\n<p style=\"text-align: justify;\">Sitio de aprendizaje de la lengua abenaki del oeste, con curso en l\u00ednea: <a href=\"http:\/\/www.westernabenaki.com\/\">http:\/\/www.westernabenaki.com\/<\/a><\/p>\n<p style=\"text-align: justify;\">\n<p style=\"text-align: justify;\">Sitios sobre la lengua micmac:<\/p>\n<p style=\"text-align: justify;\"><a href=\"http:\/\/www.mikmaqonline.org\/\">http:\/\/www.mikmaqonline.org\/<\/a><\/p>\n<p style=\"text-align: justify;\"><a href=\"http:\/\/www.firstnationhelp.com\/ali\/\">http:\/\/www.firstnationhelp.com\/ali\/<\/a><\/p>\n<p style=\"text-align: justify;\">\n<p style=\"text-align: justify;\">Sitio sobre la lengua arapaho, con curso en l\u00ednea, de la Universidad de Colorado: <a href=\"http:\/\/www.colorado.edu\/csilw\/arapahoproject\/language\/\">http:\/\/www.colorado.edu\/csilw\/arapahoproject\/language\/<\/a><\/p>\n<p style=\"text-align: justify;\">\n<p style=\"text-align: justify;\">Sitio de la Naci\u00f3n Blackfoot (sin curso): <a href=\"http:\/\/www.blackfoot.org\">www.blackfoot.org<\/a><\/p>\n<p style=\"text-align: justify;\">\n<p style=\"text-align: justify;\">Diccionario cheyenne: <a href=\"http:\/\/cheyenne.110mb.com\/\">http:\/\/cheyenne.110mb.com\/<\/a><\/p>\n<p style=\"text-align: justify;\">\n<p style=\"text-align: justify;\">Sitio sobre la lengua cree, con curso en l\u00ednea: <a href=\"http:\/\/www.eastcree.org\/en\/index.html\">http:\/\/www.eastcree.org\/en\/index.html<\/a><\/p>\n<p style=\"text-align: justify;\">\n<p style=\"text-align: justify;\">Sitio de la Naci\u00f3n Menomini (sin curso): <a href=\"http:\/\/menominee-nsn.gov\/\">http:\/\/menominee-nsn.gov\/<\/a><\/p>\n<p style=\"text-align: justify;\">\n<p style=\"text-align: justify;\">Sitio sobre la lengua menomini: <a href=\"http:\/\/www.umich.edu\/~ojibwe\/\">http:\/\/www.umich.edu\/~ojibwe\/<\/a><\/p>\n<p style=\"text-align: justify;\">\n<p style=\"text-align: justify;\">Sitio de la Naci\u00f3n Potawatomi, con curso en l\u00ednea: <a href=\"http:\/\/www.potawatomi.org\/\">http:\/\/www.potawatomi.org\/<\/a><\/p>\n<p style=\"text-align: justify;\">\n<p style=\"text-align: justify;\">Sitio oficial de la Naci\u00f3n Yurok, sin curso: <a href=\"http:\/\/www.yurok.com\">http:\/\/www.yurok.com<\/a><\/p>\n<p style=\"text-align: justify;\">\n<p style=\"text-align: justify;\">Sitio de revitalizaci\u00f3n del yurok, de la Universidad de Berkeley: <a href=\"http:\/\/linguistics.berkeley.edu\/~yurok\/\">http:\/\/linguistics.berkeley.edu\/~yurok\/<\/a><\/p>\n<p style=\"text-align: justify;\">\n<p style=\"text-align: justify;\">Sitio oficial de la Naci\u00f3n Wiyot, con curso: <a href=\"http:\/\/www.wiyot.com\">http:\/\/www.wiyot.com<\/a><\/p>\n<p style=\"text-align: justify;\">\n<p style=\"text-align: justify;\">\n<h5 style=\"text-align: justify;\">Fuentes<\/h5>\n<p style=\"text-align: justify;\">\n<p style=\"text-align: justify;\">Mithun, Marianne. The languages of native North America. Cambridge, UK: Cambridge University Press. (1999).<\/p>\n<p style=\"text-align: justify;\">\n<p style=\"text-align: justify;\">Campbell, Lyle. American Indian languages: the historical linguistics of Native America. Oxford: Oxford University Press. (1997).<\/p>\n","protected":false},"excerpt":{"rendered":"<p>Datos sobre las lenguas \u00e1lgicas \u00bfD\u00f3nde se hablan las lenguas \u00e1lgicas? Estas lenguas son habladas por pueblos aut\u00f3ctonos de Am\u00e9rica del Norte, en una vasta zona geogr\u00e1fica que cubre diez provincias del centro y del este de Canad\u00e1, diez estados del centro y del este de Estados Unidos y el estado de Coahuila al norte [&hellip;]<\/p>\n","protected":false},"author":12,"featured_media":0,"parent":0,"menu_order":0,"comment_status":"closed","ping_status":"open","template":"","meta":{"footnotes":""},"class_list":["post-25294","page","type-page","status-publish","hentry"],"yoast_head":"<!-- This site is optimized with the Yoast SEO plugin v27.0 - https:\/\/yoast.com\/product\/yoast-seo-wordpress\/ -->\n<title>Familia de lenguas \u00e1lgicas (o algonquinas) - Sorosoro<\/title>\n<meta name=\"robots\" content=\"index, follow, max-snippet:-1, max-image-preview:large, max-video-preview:-1\" \/>\n<link rel=\"canonical\" href=\"https:\/\/www.sorosoro.org\/es\/familia-de-lenguas-algicas-o-algonquinas\/\" \/>\n<meta property=\"og:locale\" content=\"es_ES\" \/>\n<meta property=\"og:type\" content=\"article\" \/>\n<meta property=\"og:title\" content=\"Familia de lenguas \u00e1lgicas (o algonquinas) - Sorosoro\" \/>\n<meta property=\"og:description\" content=\"Datos sobre las lenguas \u00e1lgicas \u00bfD\u00f3nde se hablan las lenguas \u00e1lgicas? Estas lenguas son habladas por pueblos aut\u00f3ctonos de Am\u00e9rica del Norte, en una vasta zona geogr\u00e1fica que cubre diez provincias del centro y del este de Canad\u00e1, diez estados del centro y del este de Estados Unidos y el estado de Coahuila al norte [&hellip;]\" \/>\n<meta property=\"og:url\" content=\"https:\/\/www.sorosoro.org\/es\/familia-de-lenguas-algicas-o-algonquinas\/\" \/>\n<meta property=\"og:site_name\" content=\"Sorosoro\" \/>\n<meta property=\"article:modified_time\" content=\"2011-01-24T09:58:14+00:00\" \/>\n<meta name=\"twitter:card\" content=\"summary_large_image\" \/>\n<meta name=\"twitter:label1\" content=\"Tiempo de lectura\" \/>\n\t<meta name=\"twitter:data1\" content=\"6 minutos\" \/>\n<script type=\"application\/ld+json\" class=\"yoast-schema-graph\">{\"@context\":\"https:\/\/schema.org\",\"@graph\":[{\"@type\":\"WebPage\",\"@id\":\"https:\/\/www.sorosoro.org\/es\/familia-de-lenguas-algicas-o-algonquinas\/\",\"url\":\"https:\/\/www.sorosoro.org\/es\/familia-de-lenguas-algicas-o-algonquinas\/\",\"name\":\"Familia de lenguas \u00e1lgicas (o algonquinas) - Sorosoro\",\"isPartOf\":{\"@id\":\"https:\/\/www.sorosoro.org\/es\/#website\"},\"datePublished\":\"2010-08-16T14:47:47+00:00\",\"dateModified\":\"2011-01-24T09:58:14+00:00\",\"breadcrumb\":{\"@id\":\"https:\/\/www.sorosoro.org\/es\/familia-de-lenguas-algicas-o-algonquinas\/#breadcrumb\"},\"inLanguage\":\"es\",\"potentialAction\":[{\"@type\":\"ReadAction\",\"target\":[\"https:\/\/www.sorosoro.org\/es\/familia-de-lenguas-algicas-o-algonquinas\/\"]}]},{\"@type\":\"BreadcrumbList\",\"@id\":\"https:\/\/www.sorosoro.org\/es\/familia-de-lenguas-algicas-o-algonquinas\/#breadcrumb\",\"itemListElement\":[{\"@type\":\"ListItem\",\"position\":1,\"name\":\"Accueil\",\"item\":\"https:\/\/www.sorosoro.org\/es\/\"},{\"@type\":\"ListItem\",\"position\":2,\"name\":\"Familia de lenguas \u00e1lgicas (o algonquinas)\"}]},{\"@type\":\"WebSite\",\"@id\":\"https:\/\/www.sorosoro.org\/es\/#website\",\"url\":\"https:\/\/www.sorosoro.org\/es\/\",\"name\":\"Sorosoro\",\"description\":\"Pour que vivent les langues du monde !\",\"potentialAction\":[{\"@type\":\"SearchAction\",\"target\":{\"@type\":\"EntryPoint\",\"urlTemplate\":\"https:\/\/www.sorosoro.org\/es\/?s={search_term_string}\"},\"query-input\":{\"@type\":\"PropertyValueSpecification\",\"valueRequired\":true,\"valueName\":\"search_term_string\"}}],\"inLanguage\":\"es\"}]}<\/script>\n<!-- \/ Yoast SEO plugin. -->","yoast_head_json":{"title":"Familia de lenguas \u00e1lgicas (o algonquinas) - Sorosoro","robots":{"index":"index","follow":"follow","max-snippet":"max-snippet:-1","max-image-preview":"max-image-preview:large","max-video-preview":"max-video-preview:-1"},"canonical":"https:\/\/www.sorosoro.org\/es\/familia-de-lenguas-algicas-o-algonquinas\/","og_locale":"es_ES","og_type":"article","og_title":"Familia de lenguas \u00e1lgicas (o algonquinas) - Sorosoro","og_description":"Datos sobre las lenguas \u00e1lgicas \u00bfD\u00f3nde se hablan las lenguas \u00e1lgicas? Estas lenguas son habladas por pueblos aut\u00f3ctonos de Am\u00e9rica del Norte, en una vasta zona geogr\u00e1fica que cubre diez provincias del centro y del este de Canad\u00e1, diez estados del centro y del este de Estados Unidos y el estado de Coahuila al norte [&hellip;]","og_url":"https:\/\/www.sorosoro.org\/es\/familia-de-lenguas-algicas-o-algonquinas\/","og_site_name":"Sorosoro","article_modified_time":"2011-01-24T09:58:14+00:00","twitter_card":"summary_large_image","twitter_misc":{"Tiempo de lectura":"6 minutos"},"schema":{"@context":"https:\/\/schema.org","@graph":[{"@type":"WebPage","@id":"https:\/\/www.sorosoro.org\/es\/familia-de-lenguas-algicas-o-algonquinas\/","url":"https:\/\/www.sorosoro.org\/es\/familia-de-lenguas-algicas-o-algonquinas\/","name":"Familia de lenguas \u00e1lgicas (o algonquinas) - Sorosoro","isPartOf":{"@id":"https:\/\/www.sorosoro.org\/es\/#website"},"datePublished":"2010-08-16T14:47:47+00:00","dateModified":"2011-01-24T09:58:14+00:00","breadcrumb":{"@id":"https:\/\/www.sorosoro.org\/es\/familia-de-lenguas-algicas-o-algonquinas\/#breadcrumb"},"inLanguage":"es","potentialAction":[{"@type":"ReadAction","target":["https:\/\/www.sorosoro.org\/es\/familia-de-lenguas-algicas-o-algonquinas\/"]}]},{"@type":"BreadcrumbList","@id":"https:\/\/www.sorosoro.org\/es\/familia-de-lenguas-algicas-o-algonquinas\/#breadcrumb","itemListElement":[{"@type":"ListItem","position":1,"name":"Accueil","item":"https:\/\/www.sorosoro.org\/es\/"},{"@type":"ListItem","position":2,"name":"Familia de lenguas \u00e1lgicas (o algonquinas)"}]},{"@type":"WebSite","@id":"https:\/\/www.sorosoro.org\/es\/#website","url":"https:\/\/www.sorosoro.org\/es\/","name":"Sorosoro","description":"Pour que vivent les langues du monde !","potentialAction":[{"@type":"SearchAction","target":{"@type":"EntryPoint","urlTemplate":"https:\/\/www.sorosoro.org\/es\/?s={search_term_string}"},"query-input":{"@type":"PropertyValueSpecification","valueRequired":true,"valueName":"search_term_string"}}],"inLanguage":"es"}]}},"_links":{"self":[{"href":"https:\/\/www.sorosoro.org\/es\/wp-json\/wp\/v2\/pages\/25294","targetHints":{"allow":["GET"]}}],"collection":[{"href":"https:\/\/www.sorosoro.org\/es\/wp-json\/wp\/v2\/pages"}],"about":[{"href":"https:\/\/www.sorosoro.org\/es\/wp-json\/wp\/v2\/types\/page"}],"author":[{"embeddable":true,"href":"https:\/\/www.sorosoro.org\/es\/wp-json\/wp\/v2\/users\/12"}],"replies":[{"embeddable":true,"href":"https:\/\/www.sorosoro.org\/es\/wp-json\/wp\/v2\/comments?post=25294"}],"version-history":[{"count":0,"href":"https:\/\/www.sorosoro.org\/es\/wp-json\/wp\/v2\/pages\/25294\/revisions"}],"wp:attachment":[{"href":"https:\/\/www.sorosoro.org\/es\/wp-json\/wp\/v2\/media?parent=25294"}],"curies":[{"name":"wp","href":"https:\/\/api.w.org\/{rel}","templated":true}]}}