{"id":24706,"date":"2010-08-04T15:06:07","date_gmt":"2010-08-04T13:06:07","guid":{"rendered":"http:\/\/www.sorosoro.org\/?page_id=24706"},"modified":"2010-08-04T15:11:46","modified_gmt":"2010-08-04T13:11:46","slug":"el-qanjobal","status":"publish","type":"page","link":"https:\/\/www.sorosoro.org\/es\/el-qanjobal\/","title":{"rendered":"El q\u2019anjob\u2019al"},"content":{"rendered":"<p style=\"text-align: justify;\"><em>Datos recolectados por la <\/em><a href=\"http:\/\/www.unilat.org\/\"><em>Uni\u00f3n Latina<\/em><\/a><em>, que trabaja para la valorizaci\u00f3n del legado cultural de sus 37 pa\u00edses miembros.<\/em><\/p>\n<p style=\"text-align: justify;\">\n<p style=\"text-align: justify;\"><em><br \/>\n<\/em><\/p>\n<h5 style=\"text-align: justify;\">Datos sobre la lengua<\/h5>\n<h5><\/h5>\n<p style=\"text-align: justify;\">\n<p style=\"text-align: justify;\"><strong>Nombres alternativos<\/strong>: kanjobal, acatec, acateco, conob<\/p>\n<p style=\"text-align: justify;\">\n<p style=\"text-align: justify;\">\n<p style=\"text-align: justify;\"><strong>Clasificaci\u00f3n<\/strong>: <a href=\"..\/famille-des-langues-mayas\">maya<\/a><strong>, <\/strong>rama q\u2019anjob\u2019al<\/p>\n<p style=\"text-align: justify;\">\n<p style=\"text-align: justify;\">\n<p style=\"text-align: justify;\"><strong>\u00c1rea: <\/strong>M\u00e9xico (regi\u00f3n de Cuchumatanes)<\/p>\n<p style=\"text-align: justify;\">\n<p style=\"text-align: justify;\">\n<p style=\"text-align: justify;\"><strong>Cantidad de hablantes: <\/strong>90.150 Cifras del INALI.<\/p>\n<p style=\"text-align: justify;\">\n<p style=\"text-align: justify;\">\n<p style=\"text-align: justify;\"><strong>Estatus de la lengua: <\/strong>Sin estatus oficial.<\/p>\n<p style=\"text-align: justify;\">\n<p style=\"text-align: justify;\">\n<p style=\"text-align: justify;\"><strong>Vitalidad y transmisi\u00f3n: <\/strong><\/p>\n<p style=\"text-align: justify;\">La UNESCO considera que esta lengua es vulnerable (grado 1 en una escala de 5).<\/p>\n<p style=\"text-align: justify;\">\n<h5 style=\"text-align: justify;\"><\/h5>\n<h5 style=\"text-align: justify;\">Fuentes y bibliograf\u00eda complementaria<\/h5>\n<h5><\/h5>\n<p style=\"text-align: justify;\">\n<p style=\"text-align: justify;\">Instituto Nacional de Lenguas Ind\u00edgenas \u2013 INALI (2005), Cat\u00e1logo de lenguas ind\u00edgenas mexicanas: Cartograf\u00eda contempor\u00e1nea de sus asentamientos hist\u00f3ricos<\/p>\n","protected":false},"excerpt":{"rendered":"<p>Datos recolectados por la Uni\u00f3n Latina, que trabaja para la valorizaci\u00f3n del legado cultural de sus 37 pa\u00edses miembros. Datos sobre la lengua Nombres alternativos: kanjobal, acatec, acateco, conob Clasificaci\u00f3n: maya, rama q\u2019anjob\u2019al \u00c1rea: M\u00e9xico (regi\u00f3n de Cuchumatanes) Cantidad de hablantes: 90.150 Cifras del INALI. Estatus de la lengua: Sin estatus oficial. Vitalidad y transmisi\u00f3n: [&hellip;]<\/p>\n","protected":false},"author":12,"featured_media":0,"parent":0,"menu_order":0,"comment_status":"closed","ping_status":"open","template":"","meta":{"footnotes":""},"class_list":["post-24706","page","type-page","status-publish","hentry"],"yoast_head":"<!-- This site is optimized with the Yoast SEO plugin v27.0 - https:\/\/yoast.com\/product\/yoast-seo-wordpress\/ -->\n<title>El q\u2019anjob\u2019al - Sorosoro<\/title>\n<meta name=\"robots\" content=\"index, follow, max-snippet:-1, max-image-preview:large, max-video-preview:-1\" \/>\n<link rel=\"canonical\" href=\"https:\/\/www.sorosoro.org\/es\/el-qanjobal\/\" \/>\n<meta property=\"og:locale\" content=\"es_ES\" \/>\n<meta property=\"og:type\" content=\"article\" \/>\n<meta property=\"og:title\" content=\"El q\u2019anjob\u2019al - Sorosoro\" \/>\n<meta property=\"og:description\" content=\"Datos recolectados por la Uni\u00f3n Latina, que trabaja para la valorizaci\u00f3n del legado cultural de sus 37 pa\u00edses miembros. Datos sobre la lengua Nombres alternativos: kanjobal, acatec, acateco, conob Clasificaci\u00f3n: maya, rama q\u2019anjob\u2019al \u00c1rea: M\u00e9xico (regi\u00f3n de Cuchumatanes) Cantidad de hablantes: 90.150 Cifras del INALI. Estatus de la lengua: Sin estatus oficial. Vitalidad y transmisi\u00f3n: [&hellip;]\" \/>\n<meta property=\"og:url\" content=\"https:\/\/www.sorosoro.org\/es\/el-qanjobal\/\" \/>\n<meta property=\"og:site_name\" content=\"Sorosoro\" \/>\n<meta property=\"article:modified_time\" content=\"2010-08-04T13:11:46+00:00\" \/>\n<meta name=\"twitter:card\" content=\"summary_large_image\" \/>\n<meta name=\"twitter:label1\" content=\"Tiempo de lectura\" \/>\n\t<meta name=\"twitter:data1\" content=\"1 minuto\" \/>\n<script type=\"application\/ld+json\" class=\"yoast-schema-graph\">{\"@context\":\"https:\/\/schema.org\",\"@graph\":[{\"@type\":\"WebPage\",\"@id\":\"https:\/\/www.sorosoro.org\/es\/el-qanjobal\/\",\"url\":\"https:\/\/www.sorosoro.org\/es\/el-qanjobal\/\",\"name\":\"El q\u2019anjob\u2019al - Sorosoro\",\"isPartOf\":{\"@id\":\"https:\/\/www.sorosoro.org\/es\/#website\"},\"datePublished\":\"2010-08-04T13:06:07+00:00\",\"dateModified\":\"2010-08-04T13:11:46+00:00\",\"breadcrumb\":{\"@id\":\"https:\/\/www.sorosoro.org\/es\/el-qanjobal\/#breadcrumb\"},\"inLanguage\":\"es\",\"potentialAction\":[{\"@type\":\"ReadAction\",\"target\":[\"https:\/\/www.sorosoro.org\/es\/el-qanjobal\/\"]}]},{\"@type\":\"BreadcrumbList\",\"@id\":\"https:\/\/www.sorosoro.org\/es\/el-qanjobal\/#breadcrumb\",\"itemListElement\":[{\"@type\":\"ListItem\",\"position\":1,\"name\":\"Accueil\",\"item\":\"https:\/\/www.sorosoro.org\/es\/\"},{\"@type\":\"ListItem\",\"position\":2,\"name\":\"El q\u2019anjob\u2019al\"}]},{\"@type\":\"WebSite\",\"@id\":\"https:\/\/www.sorosoro.org\/es\/#website\",\"url\":\"https:\/\/www.sorosoro.org\/es\/\",\"name\":\"Sorosoro\",\"description\":\"Pour que vivent les langues du monde !\",\"potentialAction\":[{\"@type\":\"SearchAction\",\"target\":{\"@type\":\"EntryPoint\",\"urlTemplate\":\"https:\/\/www.sorosoro.org\/es\/?s={search_term_string}\"},\"query-input\":{\"@type\":\"PropertyValueSpecification\",\"valueRequired\":true,\"valueName\":\"search_term_string\"}}],\"inLanguage\":\"es\"}]}<\/script>\n<!-- \/ Yoast SEO plugin. -->","yoast_head_json":{"title":"El q\u2019anjob\u2019al - Sorosoro","robots":{"index":"index","follow":"follow","max-snippet":"max-snippet:-1","max-image-preview":"max-image-preview:large","max-video-preview":"max-video-preview:-1"},"canonical":"https:\/\/www.sorosoro.org\/es\/el-qanjobal\/","og_locale":"es_ES","og_type":"article","og_title":"El q\u2019anjob\u2019al - Sorosoro","og_description":"Datos recolectados por la Uni\u00f3n Latina, que trabaja para la valorizaci\u00f3n del legado cultural de sus 37 pa\u00edses miembros. Datos sobre la lengua Nombres alternativos: kanjobal, acatec, acateco, conob Clasificaci\u00f3n: maya, rama q\u2019anjob\u2019al \u00c1rea: M\u00e9xico (regi\u00f3n de Cuchumatanes) Cantidad de hablantes: 90.150 Cifras del INALI. Estatus de la lengua: Sin estatus oficial. Vitalidad y transmisi\u00f3n: [&hellip;]","og_url":"https:\/\/www.sorosoro.org\/es\/el-qanjobal\/","og_site_name":"Sorosoro","article_modified_time":"2010-08-04T13:11:46+00:00","twitter_card":"summary_large_image","twitter_misc":{"Tiempo de lectura":"1 minuto"},"schema":{"@context":"https:\/\/schema.org","@graph":[{"@type":"WebPage","@id":"https:\/\/www.sorosoro.org\/es\/el-qanjobal\/","url":"https:\/\/www.sorosoro.org\/es\/el-qanjobal\/","name":"El q\u2019anjob\u2019al - Sorosoro","isPartOf":{"@id":"https:\/\/www.sorosoro.org\/es\/#website"},"datePublished":"2010-08-04T13:06:07+00:00","dateModified":"2010-08-04T13:11:46+00:00","breadcrumb":{"@id":"https:\/\/www.sorosoro.org\/es\/el-qanjobal\/#breadcrumb"},"inLanguage":"es","potentialAction":[{"@type":"ReadAction","target":["https:\/\/www.sorosoro.org\/es\/el-qanjobal\/"]}]},{"@type":"BreadcrumbList","@id":"https:\/\/www.sorosoro.org\/es\/el-qanjobal\/#breadcrumb","itemListElement":[{"@type":"ListItem","position":1,"name":"Accueil","item":"https:\/\/www.sorosoro.org\/es\/"},{"@type":"ListItem","position":2,"name":"El q\u2019anjob\u2019al"}]},{"@type":"WebSite","@id":"https:\/\/www.sorosoro.org\/es\/#website","url":"https:\/\/www.sorosoro.org\/es\/","name":"Sorosoro","description":"Pour que vivent les langues du monde !","potentialAction":[{"@type":"SearchAction","target":{"@type":"EntryPoint","urlTemplate":"https:\/\/www.sorosoro.org\/es\/?s={search_term_string}"},"query-input":{"@type":"PropertyValueSpecification","valueRequired":true,"valueName":"search_term_string"}}],"inLanguage":"es"}]}},"_links":{"self":[{"href":"https:\/\/www.sorosoro.org\/es\/wp-json\/wp\/v2\/pages\/24706","targetHints":{"allow":["GET"]}}],"collection":[{"href":"https:\/\/www.sorosoro.org\/es\/wp-json\/wp\/v2\/pages"}],"about":[{"href":"https:\/\/www.sorosoro.org\/es\/wp-json\/wp\/v2\/types\/page"}],"author":[{"embeddable":true,"href":"https:\/\/www.sorosoro.org\/es\/wp-json\/wp\/v2\/users\/12"}],"replies":[{"embeddable":true,"href":"https:\/\/www.sorosoro.org\/es\/wp-json\/wp\/v2\/comments?post=24706"}],"version-history":[{"count":0,"href":"https:\/\/www.sorosoro.org\/es\/wp-json\/wp\/v2\/pages\/24706\/revisions"}],"wp:attachment":[{"href":"https:\/\/www.sorosoro.org\/es\/wp-json\/wp\/v2\/media?parent=24706"}],"curies":[{"name":"wp","href":"https:\/\/api.w.org\/{rel}","templated":true}]}}