{"id":24696,"date":"2010-08-04T14:35:40","date_gmt":"2010-08-04T12:35:40","guid":{"rendered":"http:\/\/www.sorosoro.org\/?page_id=24696"},"modified":"2010-08-04T14:35:40","modified_gmt":"2010-08-04T12:35:40","slug":"el-chontal","status":"publish","type":"page","link":"https:\/\/www.sorosoro.org\/es\/el-chontal\/","title":{"rendered":"El chontal"},"content":{"rendered":"<p style=\"text-align: justify;\"><em>Datos recolectados por la <\/em><a href=\"http:\/\/www.unilat.org\/\"><em>Uni\u00f3n Latina<\/em><\/a><em>, que trabaja para la valorizaci\u00f3n del legado cultural de sus 37 pa\u00edses miembros.<\/em><\/p>\n<h5 style=\"text-align: justify;\"><em><br \/>\n<\/em><\/h5>\n<h5 style=\"text-align: justify;\"><strong>Datos sobre la lengua chontal<\/strong><\/h5>\n<p style=\"text-align: justify;\"><strong><br \/>\n<\/strong><\/p>\n<p style=\"text-align: justify;\"><strong>Nombres alternativos<\/strong>: yokot\u2019an<\/p>\n<p style=\"text-align: justify;\"><em>NB: no confundir con el chontal de Oaxaca, que es una lengua tequistlateca <\/em><\/p>\n<p style=\"text-align: justify;\">\n<p style=\"text-align: justify;\"><strong>Clasificaci\u00f3n<\/strong>: <a href=\"..\/famille-des-langues-mayas\">maya<\/a>, chol<\/p>\n<p style=\"text-align: justify;\">\n<p style=\"text-align: justify;\"><strong>\u00c1rea: <\/strong>M\u00e9xico (Tabasco)<\/p>\n<p style=\"text-align: justify;\">\n<p style=\"text-align: justify;\"><strong>Cantidad de hablantes: <\/strong><\/p>\n<p style=\"text-align: justify;\">38.570, cifra del INALI<\/p>\n<p style=\"text-align: justify;\">Para el a\u00f1o 2000 Ethnologue indica 38 mil hablantes.<\/p>\n<p style=\"text-align: justify;\">\n<p style=\"text-align: justify;\"><strong>Estatus de la lengua:<\/strong><\/p>\n<p style=\"text-align: justify;\">Sin estatus<\/p>\n<p style=\"text-align: justify;\">\n<p style=\"text-align: justify;\"><strong>Vitalidad y transmisi\u00f3n: <\/strong><\/p>\n<p style=\"text-align: justify;\">Lengua considerada como \u00aben serio peligro\u00bb por la UNESCO.<\/p>\n<p style=\"text-align: justify;\">\n<h5 style=\"text-align: justify;\"><strong>Fuentes y bibliograf\u00eda complementaria<\/strong><\/h5>\n<h5><strong><br \/>\n<\/strong><\/h5>\n<p style=\"text-align: justify;\"><span style=\"text-decoration: underline;\">Fuentes y bibliograf\u00eda<\/span><\/p>\n<p style=\"text-align: justify;\">Instituto Nacional de Lenguas Ind\u00edgenas \u2013 INALI (2005), Cat\u00e1logo de lenguas ind\u00edgenas mexicanas: Cartograf\u00eda contempor\u00e1nea de sus asentamientos hist\u00f3ricos<\/p>\n<h1 style=\"text-align: justify;\"><\/h1>\n<p style=\"text-align: justify;\"><span style=\"text-decoration: underline;\">Enlaces para saber m\u00e1s <\/span><\/p>\n<p style=\"text-align: justify;\">Ethnologue \u2013 SIL<a href=\"http:\/\/www.ethnologue.com\/show_language.asp?code=chf\" target=\"_blank\"> :<\/a><a href=\"http:\/\/www.ethnologue.com\/show_language.asp?code=chf\" target=\"_blank\"> http:\/\/www.ethnologue.com\/show_language.asp?code=chf<\/a><\/p>\n<p style=\"text-align: justify;\">\n<p style=\"text-align: justify;\">\n","protected":false},"excerpt":{"rendered":"<p>Datos recolectados por la Uni\u00f3n Latina, que trabaja para la valorizaci\u00f3n del legado cultural de sus 37 pa\u00edses miembros. Datos sobre la lengua chontal Nombres alternativos: yokot\u2019an NB: no confundir con el chontal de Oaxaca, que es una lengua tequistlateca Clasificaci\u00f3n: maya, chol \u00c1rea: M\u00e9xico (Tabasco) Cantidad de hablantes: 38.570, cifra del INALI Para el [&hellip;]<\/p>\n","protected":false},"author":12,"featured_media":0,"parent":0,"menu_order":0,"comment_status":"closed","ping_status":"open","template":"","meta":{"footnotes":""},"class_list":["post-24696","page","type-page","status-publish","hentry"],"yoast_head":"<!-- This site is optimized with the Yoast SEO plugin v27.0 - https:\/\/yoast.com\/product\/yoast-seo-wordpress\/ -->\n<title>El chontal - Sorosoro<\/title>\n<meta name=\"robots\" content=\"index, follow, max-snippet:-1, max-image-preview:large, max-video-preview:-1\" \/>\n<link rel=\"canonical\" href=\"https:\/\/www.sorosoro.org\/es\/el-chontal\/\" \/>\n<meta property=\"og:locale\" content=\"es_ES\" \/>\n<meta property=\"og:type\" content=\"article\" \/>\n<meta property=\"og:title\" content=\"El chontal - Sorosoro\" \/>\n<meta property=\"og:description\" content=\"Datos recolectados por la Uni\u00f3n Latina, que trabaja para la valorizaci\u00f3n del legado cultural de sus 37 pa\u00edses miembros. Datos sobre la lengua chontal Nombres alternativos: yokot\u2019an NB: no confundir con el chontal de Oaxaca, que es una lengua tequistlateca Clasificaci\u00f3n: maya, chol \u00c1rea: M\u00e9xico (Tabasco) Cantidad de hablantes: 38.570, cifra del INALI Para el [&hellip;]\" \/>\n<meta property=\"og:url\" content=\"https:\/\/www.sorosoro.org\/es\/el-chontal\/\" \/>\n<meta property=\"og:site_name\" content=\"Sorosoro\" \/>\n<meta name=\"twitter:card\" content=\"summary_large_image\" \/>\n<meta name=\"twitter:label1\" content=\"Tiempo de lectura\" \/>\n\t<meta name=\"twitter:data1\" content=\"1 minuto\" \/>\n<script type=\"application\/ld+json\" class=\"yoast-schema-graph\">{\"@context\":\"https:\/\/schema.org\",\"@graph\":[{\"@type\":\"WebPage\",\"@id\":\"https:\/\/www.sorosoro.org\/es\/el-chontal\/\",\"url\":\"https:\/\/www.sorosoro.org\/es\/el-chontal\/\",\"name\":\"El chontal - Sorosoro\",\"isPartOf\":{\"@id\":\"https:\/\/www.sorosoro.org\/es\/#website\"},\"datePublished\":\"2010-08-04T12:35:40+00:00\",\"breadcrumb\":{\"@id\":\"https:\/\/www.sorosoro.org\/es\/el-chontal\/#breadcrumb\"},\"inLanguage\":\"es\",\"potentialAction\":[{\"@type\":\"ReadAction\",\"target\":[\"https:\/\/www.sorosoro.org\/es\/el-chontal\/\"]}]},{\"@type\":\"BreadcrumbList\",\"@id\":\"https:\/\/www.sorosoro.org\/es\/el-chontal\/#breadcrumb\",\"itemListElement\":[{\"@type\":\"ListItem\",\"position\":1,\"name\":\"Accueil\",\"item\":\"https:\/\/www.sorosoro.org\/es\/\"},{\"@type\":\"ListItem\",\"position\":2,\"name\":\"El chontal\"}]},{\"@type\":\"WebSite\",\"@id\":\"https:\/\/www.sorosoro.org\/es\/#website\",\"url\":\"https:\/\/www.sorosoro.org\/es\/\",\"name\":\"Sorosoro\",\"description\":\"Pour que vivent les langues du monde !\",\"potentialAction\":[{\"@type\":\"SearchAction\",\"target\":{\"@type\":\"EntryPoint\",\"urlTemplate\":\"https:\/\/www.sorosoro.org\/es\/?s={search_term_string}\"},\"query-input\":{\"@type\":\"PropertyValueSpecification\",\"valueRequired\":true,\"valueName\":\"search_term_string\"}}],\"inLanguage\":\"es\"}]}<\/script>\n<!-- \/ Yoast SEO plugin. -->","yoast_head_json":{"title":"El chontal - Sorosoro","robots":{"index":"index","follow":"follow","max-snippet":"max-snippet:-1","max-image-preview":"max-image-preview:large","max-video-preview":"max-video-preview:-1"},"canonical":"https:\/\/www.sorosoro.org\/es\/el-chontal\/","og_locale":"es_ES","og_type":"article","og_title":"El chontal - Sorosoro","og_description":"Datos recolectados por la Uni\u00f3n Latina, que trabaja para la valorizaci\u00f3n del legado cultural de sus 37 pa\u00edses miembros. Datos sobre la lengua chontal Nombres alternativos: yokot\u2019an NB: no confundir con el chontal de Oaxaca, que es una lengua tequistlateca Clasificaci\u00f3n: maya, chol \u00c1rea: M\u00e9xico (Tabasco) Cantidad de hablantes: 38.570, cifra del INALI Para el [&hellip;]","og_url":"https:\/\/www.sorosoro.org\/es\/el-chontal\/","og_site_name":"Sorosoro","twitter_card":"summary_large_image","twitter_misc":{"Tiempo de lectura":"1 minuto"},"schema":{"@context":"https:\/\/schema.org","@graph":[{"@type":"WebPage","@id":"https:\/\/www.sorosoro.org\/es\/el-chontal\/","url":"https:\/\/www.sorosoro.org\/es\/el-chontal\/","name":"El chontal - Sorosoro","isPartOf":{"@id":"https:\/\/www.sorosoro.org\/es\/#website"},"datePublished":"2010-08-04T12:35:40+00:00","breadcrumb":{"@id":"https:\/\/www.sorosoro.org\/es\/el-chontal\/#breadcrumb"},"inLanguage":"es","potentialAction":[{"@type":"ReadAction","target":["https:\/\/www.sorosoro.org\/es\/el-chontal\/"]}]},{"@type":"BreadcrumbList","@id":"https:\/\/www.sorosoro.org\/es\/el-chontal\/#breadcrumb","itemListElement":[{"@type":"ListItem","position":1,"name":"Accueil","item":"https:\/\/www.sorosoro.org\/es\/"},{"@type":"ListItem","position":2,"name":"El chontal"}]},{"@type":"WebSite","@id":"https:\/\/www.sorosoro.org\/es\/#website","url":"https:\/\/www.sorosoro.org\/es\/","name":"Sorosoro","description":"Pour que vivent les langues du monde !","potentialAction":[{"@type":"SearchAction","target":{"@type":"EntryPoint","urlTemplate":"https:\/\/www.sorosoro.org\/es\/?s={search_term_string}"},"query-input":{"@type":"PropertyValueSpecification","valueRequired":true,"valueName":"search_term_string"}}],"inLanguage":"es"}]}},"_links":{"self":[{"href":"https:\/\/www.sorosoro.org\/es\/wp-json\/wp\/v2\/pages\/24696","targetHints":{"allow":["GET"]}}],"collection":[{"href":"https:\/\/www.sorosoro.org\/es\/wp-json\/wp\/v2\/pages"}],"about":[{"href":"https:\/\/www.sorosoro.org\/es\/wp-json\/wp\/v2\/types\/page"}],"author":[{"embeddable":true,"href":"https:\/\/www.sorosoro.org\/es\/wp-json\/wp\/v2\/users\/12"}],"replies":[{"embeddable":true,"href":"https:\/\/www.sorosoro.org\/es\/wp-json\/wp\/v2\/comments?post=24696"}],"version-history":[{"count":0,"href":"https:\/\/www.sorosoro.org\/es\/wp-json\/wp\/v2\/pages\/24696\/revisions"}],"wp:attachment":[{"href":"https:\/\/www.sorosoro.org\/es\/wp-json\/wp\/v2\/media?parent=24696"}],"curies":[{"name":"wp","href":"https:\/\/api.w.org\/{rel}","templated":true}]}}