{"id":24687,"date":"2010-08-04T14:23:51","date_gmt":"2010-08-04T12:23:51","guid":{"rendered":"http:\/\/www.sorosoro.org\/?page_id=24687"},"modified":"2010-08-04T14:28:49","modified_gmt":"2010-08-04T12:28:49","slug":"el-chuj","status":"publish","type":"page","link":"https:\/\/www.sorosoro.org\/es\/el-chuj\/","title":{"rendered":"El chuj"},"content":{"rendered":"<p style=\"text-align: justify;\"><em>Datos obtenidos por<\/em><a href=\"..\/portalingua\"><em> <\/em><\/a><a href=\"http:\/\/www.portalingua.info\/fr\/langues_traitees\/Neolatines\/1\/index.php?formActive=1&amp;lang=108\"><em>portalingua<\/em><\/a><em>, el sitio de la <a href=\"http:\/\/www.unilat.org\/SG\/index.es.asp\">Uni\u00f3n Latina<\/a> <\/em><\/p>\n<p style=\"text-align: justify;\"><em><br \/>\n<\/em><\/p>\n<h5 style=\"text-align: justify;\">Datos sobre la lengua<\/h5>\n<p style=\"text-align: justify;\">\n<p style=\"text-align: justify;\"><strong>Nombres alternativos<\/strong> : chapai, chuh, chuhe, chuje, koti\u2019<\/p>\n<p style=\"text-align: justify;\">\n<p style=\"text-align: justify;\"><strong>Clasificaci\u00f3n<\/strong>: <a href=\"..\/famille-des-langues-mayas\">maya<\/a>, chuj<\/p>\n<p style=\"text-align: justify;\">\n<p style=\"text-align: justify;\"><strong>\u00c1rea: <\/strong><\/p>\n<p style=\"text-align: justify;\">Guatemala, M\u00e9xico (Chiapas)<\/p>\n<p style=\"text-align: justify;\">\n<p style=\"text-align: justify;\"><strong>Cantidad de hablantes: <\/strong><\/p>\n<p style=\"text-align: justify;\">1.796, cifra del INALI.<\/p>\n<p style=\"text-align: justify;\">\n<p style=\"text-align: justify;\"><strong>Estatus de la lengua<\/strong>:<\/p>\n<p style=\"text-align: justify;\">Sin estatus oficial<\/p>\n<p style=\"text-align: justify;\">\n<p style=\"text-align: justify;\"><strong>Vitalidad y transmisi\u00f3n: <\/strong><\/p>\n<p style=\"text-align: justify;\">Considerada por la UNESCO como \u00abvulnerable\u00bb en Guatemala y \u00aben situaci\u00f3n cr\u00edtica\u00bb en M\u00e9xico.<\/p>\n<p style=\"text-align: justify;\">\n<p style=\"text-align: justify;\">\n<h5 style=\"text-align: justify;\">Fuentes \/ Bibliograf\u00eda complementaria \/ Enlaces para saber m\u00e1s<\/h5>\n<h5><\/h5>\n<p style=\"text-align: justify;\"><span style=\"text-decoration: underline;\">Fuentes y bibliograf\u00eda<\/span><\/p>\n<p style=\"text-align: justify;\">Instituto Nacional de Lenguas Ind\u00edgenas \u2013 INALI (2005), Cat\u00e1logo de lenguas ind\u00edgenas mexicanas: Cartograf\u00eda contempor\u00e1nea de sus asentamientos hist\u00f3ricos<\/p>\n<p style=\"text-align: justify;\">\n<p style=\"text-align: justify;\">\n<p style=\"text-align: justify;\">\n<p style=\"text-align: justify;\"><span style=\"text-decoration: underline;\">Enlaces para saber m\u00e1s<\/span><\/p>\n<p style=\"text-align: justify;\">LECLERC, Jacques. \u00ab Les langues mayas \u00bb in L\u2019am\u00e9nagement linguistique dans le monde, Qu\u00e9bec, TLFQ, Universit\u00e9 Laval, [<a href=\"http:\/\/www.tlfq.ulaval.ca\/AXL\/amsudant\/Mayas_langues.htm\" target=\"_blank\">http:\/\/www.tlfq.ulaval.ca\/AXL\/amsudant\/Mayas_langues.htm<\/a>]<\/p>\n<p style=\"text-align: justify;\">Base de datos y tipolog\u00eda de lenguas<a href=\"http:\/\/www.unicaen.fr\/typo_langues\/consultation_langue.php?code_SIL=CNM&amp;langue=Chuj,%20Ixtat%C3%A1n&amp;malang=fr\" target=\"_blank\"> : http:\/\/www.unicaen.fr\/typo_langues\/consultation_langue.php?code_SIL=CNM&amp;langue=Chuj,%20Ixtat%C3%A1n&amp;malang=fr<\/a><\/p>\n<p style=\"text-align: justify;\"><em><br \/>\n<\/em><em> <\/em><\/p>\n","protected":false},"excerpt":{"rendered":"<p>Datos obtenidos por portalingua, el sitio de la Uni\u00f3n Latina Datos sobre la lengua Nombres alternativos : chapai, chuh, chuhe, chuje, koti\u2019 Clasificaci\u00f3n: maya, chuj \u00c1rea: Guatemala, M\u00e9xico (Chiapas) Cantidad de hablantes: 1.796, cifra del INALI. Estatus de la lengua: Sin estatus oficial Vitalidad y transmisi\u00f3n: Considerada por la UNESCO como \u00abvulnerable\u00bb en Guatemala y [&hellip;]<\/p>\n","protected":false},"author":12,"featured_media":0,"parent":0,"menu_order":0,"comment_status":"closed","ping_status":"open","template":"","meta":{"footnotes":""},"class_list":["post-24687","page","type-page","status-publish","hentry"],"yoast_head":"<!-- This site is optimized with the Yoast SEO plugin v27.0 - https:\/\/yoast.com\/product\/yoast-seo-wordpress\/ -->\n<title>El chuj - Sorosoro<\/title>\n<meta name=\"robots\" content=\"index, follow, max-snippet:-1, max-image-preview:large, max-video-preview:-1\" \/>\n<link rel=\"canonical\" href=\"https:\/\/www.sorosoro.org\/es\/el-chuj\/\" \/>\n<meta property=\"og:locale\" content=\"es_ES\" \/>\n<meta property=\"og:type\" content=\"article\" \/>\n<meta property=\"og:title\" content=\"El chuj - Sorosoro\" \/>\n<meta property=\"og:description\" content=\"Datos obtenidos por portalingua, el sitio de la Uni\u00f3n Latina Datos sobre la lengua Nombres alternativos : chapai, chuh, chuhe, chuje, koti\u2019 Clasificaci\u00f3n: maya, chuj \u00c1rea: Guatemala, M\u00e9xico (Chiapas) Cantidad de hablantes: 1.796, cifra del INALI. Estatus de la lengua: Sin estatus oficial Vitalidad y transmisi\u00f3n: Considerada por la UNESCO como \u00abvulnerable\u00bb en Guatemala y [&hellip;]\" \/>\n<meta property=\"og:url\" content=\"https:\/\/www.sorosoro.org\/es\/el-chuj\/\" \/>\n<meta property=\"og:site_name\" content=\"Sorosoro\" \/>\n<meta property=\"article:modified_time\" content=\"2010-08-04T12:28:49+00:00\" \/>\n<meta name=\"twitter:card\" content=\"summary_large_image\" \/>\n<meta name=\"twitter:label1\" content=\"Tiempo de lectura\" \/>\n\t<meta name=\"twitter:data1\" content=\"1 minuto\" \/>\n<script type=\"application\/ld+json\" class=\"yoast-schema-graph\">{\"@context\":\"https:\/\/schema.org\",\"@graph\":[{\"@type\":\"WebPage\",\"@id\":\"https:\/\/www.sorosoro.org\/es\/el-chuj\/\",\"url\":\"https:\/\/www.sorosoro.org\/es\/el-chuj\/\",\"name\":\"El chuj - Sorosoro\",\"isPartOf\":{\"@id\":\"https:\/\/www.sorosoro.org\/es\/#website\"},\"datePublished\":\"2010-08-04T12:23:51+00:00\",\"dateModified\":\"2010-08-04T12:28:49+00:00\",\"breadcrumb\":{\"@id\":\"https:\/\/www.sorosoro.org\/es\/el-chuj\/#breadcrumb\"},\"inLanguage\":\"es\",\"potentialAction\":[{\"@type\":\"ReadAction\",\"target\":[\"https:\/\/www.sorosoro.org\/es\/el-chuj\/\"]}]},{\"@type\":\"BreadcrumbList\",\"@id\":\"https:\/\/www.sorosoro.org\/es\/el-chuj\/#breadcrumb\",\"itemListElement\":[{\"@type\":\"ListItem\",\"position\":1,\"name\":\"Accueil\",\"item\":\"https:\/\/www.sorosoro.org\/es\/\"},{\"@type\":\"ListItem\",\"position\":2,\"name\":\"El chuj\"}]},{\"@type\":\"WebSite\",\"@id\":\"https:\/\/www.sorosoro.org\/es\/#website\",\"url\":\"https:\/\/www.sorosoro.org\/es\/\",\"name\":\"Sorosoro\",\"description\":\"Pour que vivent les langues du monde !\",\"potentialAction\":[{\"@type\":\"SearchAction\",\"target\":{\"@type\":\"EntryPoint\",\"urlTemplate\":\"https:\/\/www.sorosoro.org\/es\/?s={search_term_string}\"},\"query-input\":{\"@type\":\"PropertyValueSpecification\",\"valueRequired\":true,\"valueName\":\"search_term_string\"}}],\"inLanguage\":\"es\"}]}<\/script>\n<!-- \/ Yoast SEO plugin. -->","yoast_head_json":{"title":"El chuj - Sorosoro","robots":{"index":"index","follow":"follow","max-snippet":"max-snippet:-1","max-image-preview":"max-image-preview:large","max-video-preview":"max-video-preview:-1"},"canonical":"https:\/\/www.sorosoro.org\/es\/el-chuj\/","og_locale":"es_ES","og_type":"article","og_title":"El chuj - Sorosoro","og_description":"Datos obtenidos por portalingua, el sitio de la Uni\u00f3n Latina Datos sobre la lengua Nombres alternativos : chapai, chuh, chuhe, chuje, koti\u2019 Clasificaci\u00f3n: maya, chuj \u00c1rea: Guatemala, M\u00e9xico (Chiapas) Cantidad de hablantes: 1.796, cifra del INALI. Estatus de la lengua: Sin estatus oficial Vitalidad y transmisi\u00f3n: Considerada por la UNESCO como \u00abvulnerable\u00bb en Guatemala y [&hellip;]","og_url":"https:\/\/www.sorosoro.org\/es\/el-chuj\/","og_site_name":"Sorosoro","article_modified_time":"2010-08-04T12:28:49+00:00","twitter_card":"summary_large_image","twitter_misc":{"Tiempo de lectura":"1 minuto"},"schema":{"@context":"https:\/\/schema.org","@graph":[{"@type":"WebPage","@id":"https:\/\/www.sorosoro.org\/es\/el-chuj\/","url":"https:\/\/www.sorosoro.org\/es\/el-chuj\/","name":"El chuj - Sorosoro","isPartOf":{"@id":"https:\/\/www.sorosoro.org\/es\/#website"},"datePublished":"2010-08-04T12:23:51+00:00","dateModified":"2010-08-04T12:28:49+00:00","breadcrumb":{"@id":"https:\/\/www.sorosoro.org\/es\/el-chuj\/#breadcrumb"},"inLanguage":"es","potentialAction":[{"@type":"ReadAction","target":["https:\/\/www.sorosoro.org\/es\/el-chuj\/"]}]},{"@type":"BreadcrumbList","@id":"https:\/\/www.sorosoro.org\/es\/el-chuj\/#breadcrumb","itemListElement":[{"@type":"ListItem","position":1,"name":"Accueil","item":"https:\/\/www.sorosoro.org\/es\/"},{"@type":"ListItem","position":2,"name":"El chuj"}]},{"@type":"WebSite","@id":"https:\/\/www.sorosoro.org\/es\/#website","url":"https:\/\/www.sorosoro.org\/es\/","name":"Sorosoro","description":"Pour que vivent les langues du monde !","potentialAction":[{"@type":"SearchAction","target":{"@type":"EntryPoint","urlTemplate":"https:\/\/www.sorosoro.org\/es\/?s={search_term_string}"},"query-input":{"@type":"PropertyValueSpecification","valueRequired":true,"valueName":"search_term_string"}}],"inLanguage":"es"}]}},"_links":{"self":[{"href":"https:\/\/www.sorosoro.org\/es\/wp-json\/wp\/v2\/pages\/24687","targetHints":{"allow":["GET"]}}],"collection":[{"href":"https:\/\/www.sorosoro.org\/es\/wp-json\/wp\/v2\/pages"}],"about":[{"href":"https:\/\/www.sorosoro.org\/es\/wp-json\/wp\/v2\/types\/page"}],"author":[{"embeddable":true,"href":"https:\/\/www.sorosoro.org\/es\/wp-json\/wp\/v2\/users\/12"}],"replies":[{"embeddable":true,"href":"https:\/\/www.sorosoro.org\/es\/wp-json\/wp\/v2\/comments?post=24687"}],"version-history":[{"count":0,"href":"https:\/\/www.sorosoro.org\/es\/wp-json\/wp\/v2\/pages\/24687\/revisions"}],"wp:attachment":[{"href":"https:\/\/www.sorosoro.org\/es\/wp-json\/wp\/v2\/media?parent=24687"}],"curies":[{"name":"wp","href":"https:\/\/api.w.org\/{rel}","templated":true}]}}