{"id":17984,"date":"2010-05-07T14:24:08","date_gmt":"2010-05-07T12:24:08","guid":{"rendered":"http:\/\/www.sorosoro.org\/?page_id=17984"},"modified":"2010-05-07T14:24:08","modified_gmt":"2010-05-07T12:24:08","slug":"familia-de-lenguas-tequistlatecas","status":"publish","type":"page","link":"https:\/\/www.sorosoro.org\/es\/familia-de-lenguas-tequistlatecas\/","title":{"rendered":"Familia de lenguas tequistlatecas"},"content":{"rendered":"<h5 style=\"text-align: justify;\">\u00bfD\u00f3nde se hablan las lenguas tequistlatecas?<\/h5>\n<p style=\"text-align: justify;\">Son lenguas habladas en M\u00e9jico, en el estado de Oaxaca.<\/p>\n<p style=\"text-align: justify;\">\n<h5 style=\"text-align: justify;\">\u00bfQui\u00e9n habla las lenguas tequistlatecas?<\/h5>\n<p style=\"text-align: justify;\">Los hablantes son miembros de los pueblos nativos amerindios que viv\u00edan en la regi\u00f3n mucho antes de la llegada de los europeos y de la colonizaci\u00f3n<\/p>\n<p style=\"text-align: justify;\">\n<h5 style=\"text-align: justify;\">N\u00famero total de hablantes  (estimado)<\/h5>\n<p style=\"text-align: justify;\">4550 seg\u00fan el  sitio web ethnologue.com (SIL)<\/p>\n<p style=\"text-align: justify;\">Las cifras proporcionadas por la UNESCO son demasiado fragmentarias para poder tenerla en cuenta a la hora de hacer un recuento global.<\/p>\n<p style=\"text-align: justify;\">\n<h5 style=\"text-align: justify;\">Clasificaci\u00f3n<\/h5>\n<p style=\"text-align: justify;\">En la actualidad, la familia de lenguas  tequislatecas cuenta con 3 lenguas activas:<\/p>\n<p style=\"text-align: justify; padding-left: 30px;\"><strong>Bajo chontal<\/strong> de las Altas Tierras: 1100 locutores seg\u00fan la UNESCO<\/p>\n<p style=\"text-align: justify; padding-left: 30px;\"><strong>Huamelulteco <\/strong>(nombre alternativo : chontal bajo) : 223 locutores seg\u00fan la UNESCO y 950 seg\u00fan el SIL<\/p>\n<p style=\"text-align: justify; padding-left: 30px;\"><strong>Tequistlateco<\/strong> : 3600 locutores seg\u00fan el SIL para el chontal bajo de las Altas Tierras y el tequistlateco juntos.<\/p>\n<p style=\"text-align: justify;\">\n<h5 style=\"text-align: justify;\">Comentarios sobre la clasificaci\u00f3n de las lenguas tequistlatecas:<\/h5>\n<p style=\"text-align: justify;\">Seguimos la clasificaci\u00f3n establecida por Campbell (1997).<\/p>\n<p style=\"text-align: justify;\">Dependiendo de las fuentes y en funci\u00f3n de los criterios de distinci\u00f3n entre las lenguas y los dialectos, podemos encontrar entre 1 y 3 idiomas pertenecientes a esa familia. El SIL s\u00f3lo reconoce dos lenguas: el huameluteco, y un conjunto bajo chontal de las altas tierras \/ tequistlateco.<\/p>\n<p style=\"text-align: justify;\">En 1980, Campbell ha propuesto una relaci\u00f3n hipot\u00e9tica entre esa familia y la familia jicaqueana, pero hasta que se efect\u00faen estudios m\u00e1s profundizados, esta relaci\u00f3n no est\u00e1 considerada como v\u00e1lida.<\/p>\n<p style=\"text-align: justify;\">Es importante hacer la diferencia entre el chontal de Oaxaca y el chontal de Tabasco, que es una lengua maya.<\/p>\n<p style=\"text-align: justify;\">\n<h5 style=\"text-align: justify;\">\u00bfEst\u00e1n las lenguas tequistlatecas en peligro de extinci\u00f3n?<\/h5>\n<p style=\"text-align: justify;\">S\u00ed. La Unesco considera que el <strong>huamelulteco<\/strong> y el  <strong>chontal alto<\/strong> est\u00e1n seriamente en peligro. La gran mayor\u00eda de los locutores nativos de esa lengua son adultos, que  a veces incluso son muy ancianos, adem\u00e1s s\u00f3lo quedan muy pocos locutores con menos de quince a\u00f1os. Por lo tanto, esas lenguas corren el peligro de extinguirse en los pr\u00f3ximos a\u00f1os.<\/p>\n<p style=\"text-align: justify;\">En la actualidad, se dispone de muy pocas informaciones sobre el <strong>tequistlateco<\/strong> para poder determinar su grado de vitalidad.<\/p>\n<p style=\"text-align: justify;\">\n<h5 style=\"text-align: justify;\">Fuentes<\/h5>\n<p style=\"text-align: justify;\">Campbell, Lyle (1997). American Indian languages: the historical linguistics of Native America. Oxford: Oxford University Press.<\/p>\n<p style=\"text-align: justify;\">\n","protected":false},"excerpt":{"rendered":"<p>\u00bfD\u00f3nde se hablan las lenguas tequistlatecas? Son lenguas habladas en M\u00e9jico, en el estado de Oaxaca. \u00bfQui\u00e9n habla las lenguas tequistlatecas? Los hablantes son miembros de los pueblos nativos amerindios que viv\u00edan en la regi\u00f3n mucho antes de la llegada de los europeos y de la colonizaci\u00f3n N\u00famero total de hablantes (estimado) 4550 seg\u00fan el [&hellip;]<\/p>\n","protected":false},"author":12,"featured_media":0,"parent":0,"menu_order":0,"comment_status":"closed","ping_status":"open","template":"","meta":{"footnotes":""},"class_list":["post-17984","page","type-page","status-publish","hentry"],"yoast_head":"<!-- This site is optimized with the Yoast SEO plugin v27.0 - https:\/\/yoast.com\/product\/yoast-seo-wordpress\/ -->\n<title>Familia de lenguas tequistlatecas - Sorosoro<\/title>\n<meta name=\"robots\" content=\"index, follow, max-snippet:-1, max-image-preview:large, max-video-preview:-1\" \/>\n<link rel=\"canonical\" href=\"https:\/\/www.sorosoro.org\/es\/familia-de-lenguas-tequistlatecas\/\" \/>\n<meta property=\"og:locale\" content=\"es_ES\" \/>\n<meta property=\"og:type\" content=\"article\" \/>\n<meta property=\"og:title\" content=\"Familia de lenguas tequistlatecas - Sorosoro\" \/>\n<meta property=\"og:description\" content=\"\u00bfD\u00f3nde se hablan las lenguas tequistlatecas? Son lenguas habladas en M\u00e9jico, en el estado de Oaxaca. \u00bfQui\u00e9n habla las lenguas tequistlatecas? Los hablantes son miembros de los pueblos nativos amerindios que viv\u00edan en la regi\u00f3n mucho antes de la llegada de los europeos y de la colonizaci\u00f3n N\u00famero total de hablantes (estimado) 4550 seg\u00fan el [&hellip;]\" \/>\n<meta property=\"og:url\" content=\"https:\/\/www.sorosoro.org\/es\/familia-de-lenguas-tequistlatecas\/\" \/>\n<meta property=\"og:site_name\" content=\"Sorosoro\" \/>\n<meta name=\"twitter:card\" content=\"summary_large_image\" \/>\n<meta name=\"twitter:label1\" content=\"Tiempo de lectura\" \/>\n\t<meta name=\"twitter:data1\" content=\"2 minutos\" \/>\n<script type=\"application\/ld+json\" class=\"yoast-schema-graph\">{\"@context\":\"https:\/\/schema.org\",\"@graph\":[{\"@type\":\"WebPage\",\"@id\":\"https:\/\/www.sorosoro.org\/es\/familia-de-lenguas-tequistlatecas\/\",\"url\":\"https:\/\/www.sorosoro.org\/es\/familia-de-lenguas-tequistlatecas\/\",\"name\":\"Familia de lenguas tequistlatecas - Sorosoro\",\"isPartOf\":{\"@id\":\"https:\/\/www.sorosoro.org\/es\/#website\"},\"datePublished\":\"2010-05-07T12:24:08+00:00\",\"breadcrumb\":{\"@id\":\"https:\/\/www.sorosoro.org\/es\/familia-de-lenguas-tequistlatecas\/#breadcrumb\"},\"inLanguage\":\"es\",\"potentialAction\":[{\"@type\":\"ReadAction\",\"target\":[\"https:\/\/www.sorosoro.org\/es\/familia-de-lenguas-tequistlatecas\/\"]}]},{\"@type\":\"BreadcrumbList\",\"@id\":\"https:\/\/www.sorosoro.org\/es\/familia-de-lenguas-tequistlatecas\/#breadcrumb\",\"itemListElement\":[{\"@type\":\"ListItem\",\"position\":1,\"name\":\"Accueil\",\"item\":\"https:\/\/www.sorosoro.org\/es\/\"},{\"@type\":\"ListItem\",\"position\":2,\"name\":\"Familia de lenguas tequistlatecas\"}]},{\"@type\":\"WebSite\",\"@id\":\"https:\/\/www.sorosoro.org\/es\/#website\",\"url\":\"https:\/\/www.sorosoro.org\/es\/\",\"name\":\"Sorosoro\",\"description\":\"Pour que vivent les langues du monde !\",\"potentialAction\":[{\"@type\":\"SearchAction\",\"target\":{\"@type\":\"EntryPoint\",\"urlTemplate\":\"https:\/\/www.sorosoro.org\/es\/?s={search_term_string}\"},\"query-input\":{\"@type\":\"PropertyValueSpecification\",\"valueRequired\":true,\"valueName\":\"search_term_string\"}}],\"inLanguage\":\"es\"}]}<\/script>\n<!-- \/ Yoast SEO plugin. -->","yoast_head_json":{"title":"Familia de lenguas tequistlatecas - Sorosoro","robots":{"index":"index","follow":"follow","max-snippet":"max-snippet:-1","max-image-preview":"max-image-preview:large","max-video-preview":"max-video-preview:-1"},"canonical":"https:\/\/www.sorosoro.org\/es\/familia-de-lenguas-tequistlatecas\/","og_locale":"es_ES","og_type":"article","og_title":"Familia de lenguas tequistlatecas - Sorosoro","og_description":"\u00bfD\u00f3nde se hablan las lenguas tequistlatecas? Son lenguas habladas en M\u00e9jico, en el estado de Oaxaca. \u00bfQui\u00e9n habla las lenguas tequistlatecas? Los hablantes son miembros de los pueblos nativos amerindios que viv\u00edan en la regi\u00f3n mucho antes de la llegada de los europeos y de la colonizaci\u00f3n N\u00famero total de hablantes (estimado) 4550 seg\u00fan el [&hellip;]","og_url":"https:\/\/www.sorosoro.org\/es\/familia-de-lenguas-tequistlatecas\/","og_site_name":"Sorosoro","twitter_card":"summary_large_image","twitter_misc":{"Tiempo de lectura":"2 minutos"},"schema":{"@context":"https:\/\/schema.org","@graph":[{"@type":"WebPage","@id":"https:\/\/www.sorosoro.org\/es\/familia-de-lenguas-tequistlatecas\/","url":"https:\/\/www.sorosoro.org\/es\/familia-de-lenguas-tequistlatecas\/","name":"Familia de lenguas tequistlatecas - Sorosoro","isPartOf":{"@id":"https:\/\/www.sorosoro.org\/es\/#website"},"datePublished":"2010-05-07T12:24:08+00:00","breadcrumb":{"@id":"https:\/\/www.sorosoro.org\/es\/familia-de-lenguas-tequistlatecas\/#breadcrumb"},"inLanguage":"es","potentialAction":[{"@type":"ReadAction","target":["https:\/\/www.sorosoro.org\/es\/familia-de-lenguas-tequistlatecas\/"]}]},{"@type":"BreadcrumbList","@id":"https:\/\/www.sorosoro.org\/es\/familia-de-lenguas-tequistlatecas\/#breadcrumb","itemListElement":[{"@type":"ListItem","position":1,"name":"Accueil","item":"https:\/\/www.sorosoro.org\/es\/"},{"@type":"ListItem","position":2,"name":"Familia de lenguas tequistlatecas"}]},{"@type":"WebSite","@id":"https:\/\/www.sorosoro.org\/es\/#website","url":"https:\/\/www.sorosoro.org\/es\/","name":"Sorosoro","description":"Pour que vivent les langues du monde !","potentialAction":[{"@type":"SearchAction","target":{"@type":"EntryPoint","urlTemplate":"https:\/\/www.sorosoro.org\/es\/?s={search_term_string}"},"query-input":{"@type":"PropertyValueSpecification","valueRequired":true,"valueName":"search_term_string"}}],"inLanguage":"es"}]}},"_links":{"self":[{"href":"https:\/\/www.sorosoro.org\/es\/wp-json\/wp\/v2\/pages\/17984","targetHints":{"allow":["GET"]}}],"collection":[{"href":"https:\/\/www.sorosoro.org\/es\/wp-json\/wp\/v2\/pages"}],"about":[{"href":"https:\/\/www.sorosoro.org\/es\/wp-json\/wp\/v2\/types\/page"}],"author":[{"embeddable":true,"href":"https:\/\/www.sorosoro.org\/es\/wp-json\/wp\/v2\/users\/12"}],"replies":[{"embeddable":true,"href":"https:\/\/www.sorosoro.org\/es\/wp-json\/wp\/v2\/comments?post=17984"}],"version-history":[{"count":0,"href":"https:\/\/www.sorosoro.org\/es\/wp-json\/wp\/v2\/pages\/17984\/revisions"}],"wp:attachment":[{"href":"https:\/\/www.sorosoro.org\/es\/wp-json\/wp\/v2\/media?parent=17984"}],"curies":[{"name":"wp","href":"https:\/\/api.w.org\/{rel}","templated":true}]}}