{"id":17981,"date":"2010-05-07T14:17:17","date_gmt":"2010-05-07T12:17:17","guid":{"rendered":"http:\/\/www.sorosoro.org\/?page_id=17981"},"modified":"2010-05-07T14:17:17","modified_gmt":"2010-05-07T12:17:17","slug":"familia-de-lenguas-totonacas","status":"publish","type":"page","link":"https:\/\/www.sorosoro.org\/es\/familia-de-lenguas-totonacas\/","title":{"rendered":"Familia de lenguas totonacas"},"content":{"rendered":"<p style=\"text-align: justify;\">\n<p style=\"text-align: justify;\">\n<h5 style=\"text-align: justify;\">\u00bfD\u00f3nde se hablan las lenguas totonacas ?<\/h5>\n<p style=\"text-align: justify;\">Son lenguas habladas en M\u00e9jico, en los estados de Veracruz, Puebla y Hidalgo.<\/p>\n<p style=\"text-align: justify;\">\n<h5 style=\"text-align: justify;\">\u00bfQui\u00e9n habla las lenguas totonacas?<\/h5>\n<p style=\"text-align: justify;\">Los hablantes son miembros de los pueblos nativos amerindios que viv\u00edan en la regi\u00f3n mucho antes de la llegada de los europeos y de la colonizaci\u00f3n.<\/p>\n<p style=\"text-align: justify;\">\n<h5 style=\"text-align: justify;\">N\u00famero total de los hablantes (estimado):<\/h5>\n<p style=\"text-align: justify;\">216 000 seg\u00fan la UNESCO<\/p>\n<p style=\"text-align: justify;\">296 000 seg\u00fan el sitio web ethnologue.com (SIL)<\/p>\n<h5 style=\"text-align: justify;\"><\/h5>\n<h5 style=\"text-align: justify;\">Clasificaci\u00f3n<\/h5>\n<p style=\"text-align: justify;\">La familia de las lenguas  totonacas cuenta en la actualidad con dos lenguas activas.<\/p>\n<p style=\"text-align: justify; padding-left: 30px;\"><strong>Totonaco<\/strong> (conjunto dialectal) : 200 000 locutores seg\u00fan la UNESCO y 280 000 seg\u00fan el Sil.<\/p>\n<p style=\"text-align: justify; padding-left: 30px;\"><strong>Tepehua<\/strong> (conjunto dialectal) : 16 000 locutores seg\u00fan la UNESCO y el  SIL<\/p>\n<p style=\"text-align: justify;\">\n<h5 style=\"text-align: justify;\">Comentarios sobre la clasificaci\u00f3n de las lenguas totonacas:<\/h5>\n<p style=\"text-align: justify;\">Nos basamos sobre la clasificaci\u00f3n establecida por L. Campbell (1997).<\/p>\n<p style=\"text-align: justify;\">Las dos lenguas presentadas aqu\u00ed son dos conjuntos dialectales. Los ling\u00fcistas cuentan <strong>8 dialectos totonacos<\/strong> y <strong>3 dialectos tepehuas<\/strong>. Sin embargo, en el seno de esos conjuntos, los dialectos no siempre son mutuamente inteligibles, raz\u00f3n por la cual algunas fuentes consideran el totonaco y el tepehua como dos ramas de una familia de 11 lenguas.<\/p>\n<p style=\"text-align: justify;\">No hay conexiones establecidas entre esas dos lenguas y otras lenguas amerindias. Las semejanzas ling\u00fc\u00edsticas con las lenguas nahuas y mayas son  atribuidas por los ling\u00fcistas a fen\u00f3menos de pr\u00e9stamos debidos a la proximidad geogr\u00e1fica.<\/p>\n<p style=\"text-align: justify;\">\n<h5 style=\"text-align: justify;\">\u00bfEst\u00e1n las lenguas totonaco en peligro de extinci\u00f3n?<\/h5>\n<p style=\"text-align: justify;\">S\u00ed. Los dos conjuntos dialectales est\u00e1n en peligro de extinci\u00f3n.<\/p>\n<p style=\"text-align: justify;\">El <strong>tepehua<\/strong> parece estar en la situaci\u00f3n m\u00e1s precaria.<\/p>\n<p style=\"text-align: justify;\">A pesar de sus 200 000 locutores, el futuro del <strong>totonaco<\/strong> est\u00e1 igualmente amenazado porque el n\u00famero de sus j\u00f3venes hablantes disminuye con regularidad.<\/p>\n<p style=\"text-align: justify;\">\n<h5 style=\"text-align: justify;\">Fuentes<\/h5>\n<p style=\"text-align: justify;\">Campbell, Lyle (1997). American Indian languages: the historical linguistics of Native America. Oxford: Oxford University Press.<\/p>\n","protected":false},"excerpt":{"rendered":"<p>\u00bfD\u00f3nde se hablan las lenguas totonacas ? Son lenguas habladas en M\u00e9jico, en los estados de Veracruz, Puebla y Hidalgo. \u00bfQui\u00e9n habla las lenguas totonacas? Los hablantes son miembros de los pueblos nativos amerindios que viv\u00edan en la regi\u00f3n mucho antes de la llegada de los europeos y de la colonizaci\u00f3n. N\u00famero total de los [&hellip;]<\/p>\n","protected":false},"author":12,"featured_media":0,"parent":0,"menu_order":0,"comment_status":"closed","ping_status":"open","template":"","meta":{"footnotes":""},"class_list":["post-17981","page","type-page","status-publish","hentry"],"yoast_head":"<!-- This site is optimized with the Yoast SEO plugin v27.0 - https:\/\/yoast.com\/product\/yoast-seo-wordpress\/ -->\n<title>Familia de lenguas totonacas - Sorosoro<\/title>\n<meta name=\"robots\" content=\"index, follow, max-snippet:-1, max-image-preview:large, max-video-preview:-1\" \/>\n<link rel=\"canonical\" href=\"https:\/\/www.sorosoro.org\/es\/familia-de-lenguas-totonacas\/\" \/>\n<meta property=\"og:locale\" content=\"es_ES\" \/>\n<meta property=\"og:type\" content=\"article\" \/>\n<meta property=\"og:title\" content=\"Familia de lenguas totonacas - Sorosoro\" \/>\n<meta property=\"og:description\" content=\"\u00bfD\u00f3nde se hablan las lenguas totonacas ? Son lenguas habladas en M\u00e9jico, en los estados de Veracruz, Puebla y Hidalgo. \u00bfQui\u00e9n habla las lenguas totonacas? Los hablantes son miembros de los pueblos nativos amerindios que viv\u00edan en la regi\u00f3n mucho antes de la llegada de los europeos y de la colonizaci\u00f3n. N\u00famero total de los [&hellip;]\" \/>\n<meta property=\"og:url\" content=\"https:\/\/www.sorosoro.org\/es\/familia-de-lenguas-totonacas\/\" \/>\n<meta property=\"og:site_name\" content=\"Sorosoro\" \/>\n<meta name=\"twitter:card\" content=\"summary_large_image\" \/>\n<meta name=\"twitter:label1\" content=\"Tiempo de lectura\" \/>\n\t<meta name=\"twitter:data1\" content=\"2 minutos\" \/>\n<script type=\"application\/ld+json\" class=\"yoast-schema-graph\">{\"@context\":\"https:\/\/schema.org\",\"@graph\":[{\"@type\":\"WebPage\",\"@id\":\"https:\/\/www.sorosoro.org\/es\/familia-de-lenguas-totonacas\/\",\"url\":\"https:\/\/www.sorosoro.org\/es\/familia-de-lenguas-totonacas\/\",\"name\":\"Familia de lenguas totonacas - Sorosoro\",\"isPartOf\":{\"@id\":\"https:\/\/www.sorosoro.org\/es\/#website\"},\"datePublished\":\"2010-05-07T12:17:17+00:00\",\"breadcrumb\":{\"@id\":\"https:\/\/www.sorosoro.org\/es\/familia-de-lenguas-totonacas\/#breadcrumb\"},\"inLanguage\":\"es\",\"potentialAction\":[{\"@type\":\"ReadAction\",\"target\":[\"https:\/\/www.sorosoro.org\/es\/familia-de-lenguas-totonacas\/\"]}]},{\"@type\":\"BreadcrumbList\",\"@id\":\"https:\/\/www.sorosoro.org\/es\/familia-de-lenguas-totonacas\/#breadcrumb\",\"itemListElement\":[{\"@type\":\"ListItem\",\"position\":1,\"name\":\"Accueil\",\"item\":\"https:\/\/www.sorosoro.org\/es\/\"},{\"@type\":\"ListItem\",\"position\":2,\"name\":\"Familia de lenguas totonacas\"}]},{\"@type\":\"WebSite\",\"@id\":\"https:\/\/www.sorosoro.org\/es\/#website\",\"url\":\"https:\/\/www.sorosoro.org\/es\/\",\"name\":\"Sorosoro\",\"description\":\"Pour que vivent les langues du monde !\",\"potentialAction\":[{\"@type\":\"SearchAction\",\"target\":{\"@type\":\"EntryPoint\",\"urlTemplate\":\"https:\/\/www.sorosoro.org\/es\/?s={search_term_string}\"},\"query-input\":{\"@type\":\"PropertyValueSpecification\",\"valueRequired\":true,\"valueName\":\"search_term_string\"}}],\"inLanguage\":\"es\"}]}<\/script>\n<!-- \/ Yoast SEO plugin. -->","yoast_head_json":{"title":"Familia de lenguas totonacas - Sorosoro","robots":{"index":"index","follow":"follow","max-snippet":"max-snippet:-1","max-image-preview":"max-image-preview:large","max-video-preview":"max-video-preview:-1"},"canonical":"https:\/\/www.sorosoro.org\/es\/familia-de-lenguas-totonacas\/","og_locale":"es_ES","og_type":"article","og_title":"Familia de lenguas totonacas - Sorosoro","og_description":"\u00bfD\u00f3nde se hablan las lenguas totonacas ? Son lenguas habladas en M\u00e9jico, en los estados de Veracruz, Puebla y Hidalgo. \u00bfQui\u00e9n habla las lenguas totonacas? Los hablantes son miembros de los pueblos nativos amerindios que viv\u00edan en la regi\u00f3n mucho antes de la llegada de los europeos y de la colonizaci\u00f3n. N\u00famero total de los [&hellip;]","og_url":"https:\/\/www.sorosoro.org\/es\/familia-de-lenguas-totonacas\/","og_site_name":"Sorosoro","twitter_card":"summary_large_image","twitter_misc":{"Tiempo de lectura":"2 minutos"},"schema":{"@context":"https:\/\/schema.org","@graph":[{"@type":"WebPage","@id":"https:\/\/www.sorosoro.org\/es\/familia-de-lenguas-totonacas\/","url":"https:\/\/www.sorosoro.org\/es\/familia-de-lenguas-totonacas\/","name":"Familia de lenguas totonacas - Sorosoro","isPartOf":{"@id":"https:\/\/www.sorosoro.org\/es\/#website"},"datePublished":"2010-05-07T12:17:17+00:00","breadcrumb":{"@id":"https:\/\/www.sorosoro.org\/es\/familia-de-lenguas-totonacas\/#breadcrumb"},"inLanguage":"es","potentialAction":[{"@type":"ReadAction","target":["https:\/\/www.sorosoro.org\/es\/familia-de-lenguas-totonacas\/"]}]},{"@type":"BreadcrumbList","@id":"https:\/\/www.sorosoro.org\/es\/familia-de-lenguas-totonacas\/#breadcrumb","itemListElement":[{"@type":"ListItem","position":1,"name":"Accueil","item":"https:\/\/www.sorosoro.org\/es\/"},{"@type":"ListItem","position":2,"name":"Familia de lenguas totonacas"}]},{"@type":"WebSite","@id":"https:\/\/www.sorosoro.org\/es\/#website","url":"https:\/\/www.sorosoro.org\/es\/","name":"Sorosoro","description":"Pour que vivent les langues du monde !","potentialAction":[{"@type":"SearchAction","target":{"@type":"EntryPoint","urlTemplate":"https:\/\/www.sorosoro.org\/es\/?s={search_term_string}"},"query-input":{"@type":"PropertyValueSpecification","valueRequired":true,"valueName":"search_term_string"}}],"inLanguage":"es"}]}},"_links":{"self":[{"href":"https:\/\/www.sorosoro.org\/es\/wp-json\/wp\/v2\/pages\/17981","targetHints":{"allow":["GET"]}}],"collection":[{"href":"https:\/\/www.sorosoro.org\/es\/wp-json\/wp\/v2\/pages"}],"about":[{"href":"https:\/\/www.sorosoro.org\/es\/wp-json\/wp\/v2\/types\/page"}],"author":[{"embeddable":true,"href":"https:\/\/www.sorosoro.org\/es\/wp-json\/wp\/v2\/users\/12"}],"replies":[{"embeddable":true,"href":"https:\/\/www.sorosoro.org\/es\/wp-json\/wp\/v2\/comments?post=17981"}],"version-history":[{"count":0,"href":"https:\/\/www.sorosoro.org\/es\/wp-json\/wp\/v2\/pages\/17981\/revisions"}],"wp:attachment":[{"href":"https:\/\/www.sorosoro.org\/es\/wp-json\/wp\/v2\/media?parent=17981"}],"curies":[{"name":"wp","href":"https:\/\/api.w.org\/{rel}","templated":true}]}}