{"id":17312,"date":"2010-04-23T09:57:38","date_gmt":"2010-04-23T07:57:38","guid":{"rendered":"http:\/\/www.sorosoro.org\/?page_id=17312"},"modified":"2010-04-23T09:57:38","modified_gmt":"2010-04-23T07:57:38","slug":"familia-de-lenguas-oto-mangues","status":"publish","type":"page","link":"https:\/\/www.sorosoro.org\/es\/familia-de-lenguas-oto-mangues\/","title":{"rendered":"Familia de lenguas oto-mangues"},"content":{"rendered":"<h5 style=\"text-align: justify;\"><\/h5>\n<h5 style=\"text-align: justify;\">\u00bfD\u00f3nde se hablan las lenguas oto-mangues ?<\/h5>\n<p style=\"text-align: justify;\">Son lenguas habladas en Am\u00e9rica Central, en el centro y el sur de M\u00e9jico, es decir  en los siguientes estados: M\u00e9xico, Oaxaca, Guanajuato, Chiapas, Puebla, Hidalgo, Quer\u00e9taro y Guerrero.<\/p>\n<p style=\"text-align: justify;\">\n<h5 style=\"text-align: justify;\">\u00bfQui\u00e9n habla las lenguas oto-mangues?<\/h5>\n<p style=\"text-align: justify;\">Los hablantes son miembros de los pueblos nativos amerindios que viv\u00edan en la regi\u00f3n mucho antes de la llegada de los europeos y de la colonizaci\u00f3n<\/p>\n<p style=\"text-align: justify;\">\n<h5 style=\"text-align: justify;\">N\u00famero total de hablantes  (estimado)<\/h5>\n<p style=\"text-align: justify;\">Alrededor de 2 000 000 seg\u00fan el sitio web  <a href=\"http:\/\/www.ethnologue.com\/\">ethnologue.com<\/a> (SIL)<\/p>\n<p style=\"text-align: justify;\">Las cifras proporcionadas por la <a href=\"http:\/\/www.unesco.org\/culture\/ich\/index.php?lg=ES&amp;pg=00206\">UNESCO<\/a> son demasiado fragmentarias para poder tenerla en cuenta a la hora de hacer un recuento global.<\/p>\n<p style=\"text-align: justify;\">\n<h5 style=\"text-align: justify;\">Clasificaci\u00f3n<\/h5>\n<p style=\"text-align: justify;\">En la actualidad, la familia de las lenguas oto-mangues cuenta con 23 \u00f3 24 lenguas activas.<\/p>\n<p style=\"text-align: justify;\">\n<p style=\"text-align: justify;\"><span style=\"text-decoration: underline;\">Subfamilia oto-mangue occidental<\/span><\/p>\n<p style=\"text-align: justify;\">Rama Oto-Pame-Chinanteco<\/p>\n<p style=\"text-align: justify; padding-left: 30px;\">Grupo Oto-Pame<\/p>\n<p style=\"text-align: justify; padding-left: 60px;\"><strong>Mazahua<\/strong> : 115 000 locutores seg\u00fan la UNESCO y 350 000 seg\u00fan el SIL<\/p>\n<p style=\"text-align: justify; padding-left: 60px;\"><strong>Otom\u00ed<\/strong> (conjunto dialectal) : 225 800 locutores seg\u00fan la UNESCO<\/p>\n<p style=\"text-align: justify; padding-left: 30px;\">Subgrupo Matlatzinca-Ocuilteco<\/p>\n<p style=\"text-align: justify; padding-left: 60px;\"><strong>Chichimeca jonaz<\/strong> : 1641 locutores seg\u00fan  el INALI y 1200 seg\u00fan el SIL<\/p>\n<p style=\"text-align: justify; padding-left: 60px;\"><strong>Matlatzinca<\/strong> (nombre alternativo: pirinda) : 651 locutores seg\u00fan la UNESCO y 1300 seg\u00fan el SIL<\/p>\n<p style=\"text-align: justify; padding-left: 60px;\"><strong>Ocuilteco<\/strong> (nombres alternativos : tlahuica, atzingo) : 405 locutores seg\u00fan la  UNESCO<\/p>\n<p style=\"text-align: justify; padding-left: 60px;\"><strong>Pame<\/strong> (M\u00e9xico) : 7 700 locutores seg\u00fan la UNESCO y 9 966 seg\u00fan el SIL<\/p>\n<p style=\"text-align: justify; padding-left: 30px;\">Grupo Chinanteco<\/p>\n<p style=\"text-align: justify; padding-left: 60px;\"><strong>Chinanteco de Chiltepec<\/strong> : 4 000 locutores  seg\u00fan el  SIL<\/p>\n<p style=\"text-align: justify; padding-left: 60px;\"><strong>Chinanteco de Ojitl\u00e1n<\/strong> : 22 000 locutores seg\u00fan el SIL<\/p>\n<p style=\"text-align: justify; padding-left: 60px;\"><strong>Chinanteco de Palantla<\/strong> : 12 000 locutores  seg\u00fan el SIL<\/p>\n<p style=\"text-align: justify; padding-left: 60px;\"><strong>Chinanteco de Quiotepec<\/strong> : 8 000 locutores seg\u00fan el SIL<\/p>\n<p style=\"text-align: justify; padding-left: 60px;\"><strong>Chinanteco de San Juan Lalana<\/strong> : 10 500 locutores seg\u00fan el SIL<\/p>\n<p style=\"text-align: justify; padding-left: 60px;\"><strong>Chinanteco de Usila<\/strong> : 9 000 locutores  seg\u00fan el SIL<\/p>\n<p style=\"text-align: justify;\">Rama Tlapaneco-Mangue<\/p>\n<p style=\"text-align: justify; padding-left: 30px;\">Grupo Tlapaneco-Subtiaba<\/p>\n<p style=\"text-align: justify; padding-left: 60px;\"><strong>Subtiaba<\/strong>: apagado<\/p>\n<p style=\"text-align: justify; padding-left: 60px;\"><strong>Tlapaneco<\/strong> (conjunto dialectal) : 23 652 locutores seg\u00fan la UNESCO<\/p>\n<p style=\"text-align: justify; padding-left: 30px;\">Grupo Mangue<\/p>\n<p style=\"text-align: justify; padding-left: 60px;\">Chiapaneco : apagado seg\u00fan la UNESCO y 17 locutores seg\u00fan el  SIL<\/p>\n<p style=\"text-align: justify; padding-left: 60px;\">Mangue : apagado<\/p>\n<p style=\"text-align: justify;\">\n<p style=\"text-align: justify;\"><span style=\"text-decoration: underline;\">Subfamilia oto-mangue oriental<\/span><\/p>\n<p style=\"text-align: justify;\">Rama Popoloca-Zapoteco<\/p>\n<p style=\"text-align: justify; padding-left: 30px;\">Grupo Popoloca<\/p>\n<p style=\"text-align: justify; padding-left: 60px;\"><strong>Chocho<\/strong> : 350 locutores seg\u00fan la UNESCO, 920 seg\u00fan la Uni\u00f3n Latina y 770 seg\u00fan el SIL<\/p>\n<p style=\"text-align: justify; padding-left: 60px;\"><strong>Ixcateco<\/strong> : 535 locutores seg\u00fan el INALI, 119 seg\u00fan el SIL<\/p>\n<p style=\"text-align: justify; padding-left: 60px;\"><strong>Mazateco<\/strong> (conjunto ialectal) : 165 596 locutores seg\u00fan la UNESCO y 174 500 seg\u00fan el SIL<\/p>\n<p style=\"text-align: justify; padding-left: 60px;\"><strong>Popoloca<\/strong> : 13 298 locutores seg\u00fan la UNESCO y 23 200 seg\u00fan el SIL<\/p>\n<p style=\"text-align: justify; padding-left: 30px;\">Grupo Zapot\u00e8que (Oaxaca)<\/p>\n<p style=\"text-align: justify; padding-left: 60px;\"><strong>Chatino<\/strong> : 40 722 locutores seg\u00fan la Uni\u00f3n Latina y  23 000 seg\u00fan el SIL<\/p>\n<p style=\"text-align: justify; padding-left: 60px;\"><strong>Zapoteco <\/strong>(conjunto dialectal) : 785 000 locutores seg\u00fan el SIL<\/p>\n<p style=\"text-align: justify;\">Rama  Amuzgo<\/p>\n<p style=\"text-align: justify; padding-left: 60px;\"><strong>Amuzgo<\/strong> (conjunto dialectal) (Guerrero, Oaxaca) : 29000 locutores seg\u00fan el SIL.<\/p>\n<p style=\"text-align: justify;\">Rama Mixteco<\/p>\n<p style=\"text-align: justify; padding-left: 60px;\"><strong>Cuicateco<\/strong> (Oaxaca) : 11 765 locutores seg\u00fan la UNESCO y 10 000 seg\u00fan el SIL<\/p>\n<p style=\"text-align: justify; padding-left: 60px;\"><strong>Mixteco<\/strong> (Guerrero, Puebla, Oaxaca) : 511 000 seg\u00fan el SIL<\/p>\n<p style=\"text-align: justify; padding-left: 60px;\"><strong>Triqui<\/strong> (Oaxaca): 23000 locutores seg\u00fan el SIL<\/p>\n<p style=\"text-align: justify;\">\n<h5 style=\"text-align: justify;\">Comentarios sobre la clasificaci\u00f3n de las lenguas oto-mangues :<\/h5>\n<p style=\"text-align: justify;\">Seguimos la clasificaci\u00f3n dada por Campbell (1997).<\/p>\n<p style=\"text-align: justify;\">Algunas fuentes consideran que el n\u00famero de lenguas oto-mangues, puede variar de 23 a 174, seg\u00fan los criterios utilizados para diferenciar una lengua de un dialecto. El sitio web  ethnologue.com, por ejemplo, cuenta 14 lenguas chinantecas y 53 lenguas  mixtecas.<\/p>\n<p style=\"text-align: justify;\">\n<h5 style=\"text-align: justify;\">\u00bfEst\u00e1n las lenguas oto-mangues en peligro de extinci\u00f3n?<\/h5>\n<p style=\"text-align: justify;\">La UNESCO cuenta como lenguas en peligro de extinci\u00f3n,  a varios idiomas de la familia oto-mangues.<\/p>\n<p style=\"text-align: justify;\">El <strong>subtiaba<\/strong> y el <strong>mangue<\/strong>, dos lenguas pertenecientes a esa familia, que anta\u00f1o se hablaban en  Nicaragua y en Costa Rica, est\u00e1n apagadas.<\/p>\n<p style=\"text-align: justify;\">El <strong>chiapaneco<\/strong>, anta\u00f1o hablado en Chiapas, est\u00e1  probablemente apagado tambi\u00e9n.<\/p>\n<p style=\"text-align: justify;\">Entre las lenguas que siguen activas en la actualidad, el <strong>matlatzinca<\/strong>, el <strong>ocuilteco<\/strong>, el <strong>pame<\/strong>, el <strong>chocho<\/strong> y el <strong>popoloca<\/strong> son consideradas en gran peligro de extinci\u00f3n, o incluso  moribundas.<\/p>\n<p style=\"text-align: justify;\">La mayor\u00eda de las dem\u00e1s lenguas son \u00ab vulnerables \u00bb seg\u00fan la UNESCO, es decir si por el momento no corren un riesgo inminente de desaparici\u00f3n, pueden estar en peligro dentro de unos a\u00f1os.<\/p>\n<p style=\"text-align: justify;\">El <strong>mixteco<\/strong> y el <strong>zapoteco<\/strong> son probablemente las dos excepciones, con 1.5 millones de hablantes de las dos lenguas, aunque algunas variantes dialectales est\u00e1n desapareciendo.<\/p>\n<p style=\"text-align: justify;\">En lo que se refiere a las lenguas del grupo <strong>chinanteco<\/strong>, habladas en la regi\u00f3n de Oaxaca, no se dispone de informaciones sobre su vitalidad. Aunque, con una cifra que ronda los 90 000 locutores para el conjunto del grupo, podemos  considerarlas como \u00ab vulnerables \u00bb.<\/p>\n<p style=\"text-align: justify;\">\n<h5 style=\"text-align: justify;\">Fuentes<\/h5>\n<p style=\"text-align: justify;\">Campbell, Lyle (1997). American Indian languages: the historical linguistics of Native America. Oxford: Oxford University Press.<\/p>\n<p style=\"text-align: justify;\">INALI: Instituto Nacional de Lenguas Ind\u00edgenas (en M\u00e9jico)<\/p>\n<p style=\"text-align: justify;\">http:\/\/www.inali.gob.mx\/<\/p>\n<p style=\"text-align: justify;\">\n","protected":false},"excerpt":{"rendered":"<p>\u00bfD\u00f3nde se hablan las lenguas oto-mangues ? Son lenguas habladas en Am\u00e9rica Central, en el centro y el sur de M\u00e9jico, es decir en los siguientes estados: M\u00e9xico, Oaxaca, Guanajuato, Chiapas, Puebla, Hidalgo, Quer\u00e9taro y Guerrero. \u00bfQui\u00e9n habla las lenguas oto-mangues? Los hablantes son miembros de los pueblos nativos amerindios que viv\u00edan en la regi\u00f3n [&hellip;]<\/p>\n","protected":false},"author":12,"featured_media":0,"parent":0,"menu_order":0,"comment_status":"closed","ping_status":"open","template":"","meta":{"footnotes":""},"class_list":["post-17312","page","type-page","status-publish","hentry"],"yoast_head":"<!-- This site is optimized with the Yoast SEO plugin v27.0 - https:\/\/yoast.com\/product\/yoast-seo-wordpress\/ -->\n<title>Familia de lenguas oto-mangues - Sorosoro<\/title>\n<meta name=\"robots\" content=\"index, follow, max-snippet:-1, max-image-preview:large, max-video-preview:-1\" \/>\n<link rel=\"canonical\" href=\"https:\/\/www.sorosoro.org\/es\/familia-de-lenguas-oto-mangues\/\" \/>\n<meta property=\"og:locale\" content=\"es_ES\" \/>\n<meta property=\"og:type\" content=\"article\" \/>\n<meta property=\"og:title\" content=\"Familia de lenguas oto-mangues - Sorosoro\" \/>\n<meta property=\"og:description\" content=\"\u00bfD\u00f3nde se hablan las lenguas oto-mangues ? Son lenguas habladas en Am\u00e9rica Central, en el centro y el sur de M\u00e9jico, es decir en los siguientes estados: M\u00e9xico, Oaxaca, Guanajuato, Chiapas, Puebla, Hidalgo, Quer\u00e9taro y Guerrero. \u00bfQui\u00e9n habla las lenguas oto-mangues? Los hablantes son miembros de los pueblos nativos amerindios que viv\u00edan en la regi\u00f3n [&hellip;]\" \/>\n<meta property=\"og:url\" content=\"https:\/\/www.sorosoro.org\/es\/familia-de-lenguas-oto-mangues\/\" \/>\n<meta property=\"og:site_name\" content=\"Sorosoro\" \/>\n<meta name=\"twitter:card\" content=\"summary_large_image\" \/>\n<meta name=\"twitter:label1\" content=\"Tiempo de lectura\" \/>\n\t<meta name=\"twitter:data1\" content=\"3 minutos\" \/>\n<script type=\"application\/ld+json\" class=\"yoast-schema-graph\">{\"@context\":\"https:\/\/schema.org\",\"@graph\":[{\"@type\":\"WebPage\",\"@id\":\"https:\/\/www.sorosoro.org\/es\/familia-de-lenguas-oto-mangues\/\",\"url\":\"https:\/\/www.sorosoro.org\/es\/familia-de-lenguas-oto-mangues\/\",\"name\":\"Familia de lenguas oto-mangues - Sorosoro\",\"isPartOf\":{\"@id\":\"https:\/\/www.sorosoro.org\/es\/#website\"},\"datePublished\":\"2010-04-23T07:57:38+00:00\",\"breadcrumb\":{\"@id\":\"https:\/\/www.sorosoro.org\/es\/familia-de-lenguas-oto-mangues\/#breadcrumb\"},\"inLanguage\":\"es\",\"potentialAction\":[{\"@type\":\"ReadAction\",\"target\":[\"https:\/\/www.sorosoro.org\/es\/familia-de-lenguas-oto-mangues\/\"]}]},{\"@type\":\"BreadcrumbList\",\"@id\":\"https:\/\/www.sorosoro.org\/es\/familia-de-lenguas-oto-mangues\/#breadcrumb\",\"itemListElement\":[{\"@type\":\"ListItem\",\"position\":1,\"name\":\"Accueil\",\"item\":\"https:\/\/www.sorosoro.org\/es\/\"},{\"@type\":\"ListItem\",\"position\":2,\"name\":\"Familia de lenguas oto-mangues\"}]},{\"@type\":\"WebSite\",\"@id\":\"https:\/\/www.sorosoro.org\/es\/#website\",\"url\":\"https:\/\/www.sorosoro.org\/es\/\",\"name\":\"Sorosoro\",\"description\":\"Pour que vivent les langues du monde !\",\"potentialAction\":[{\"@type\":\"SearchAction\",\"target\":{\"@type\":\"EntryPoint\",\"urlTemplate\":\"https:\/\/www.sorosoro.org\/es\/?s={search_term_string}\"},\"query-input\":{\"@type\":\"PropertyValueSpecification\",\"valueRequired\":true,\"valueName\":\"search_term_string\"}}],\"inLanguage\":\"es\"}]}<\/script>\n<!-- \/ Yoast SEO plugin. -->","yoast_head_json":{"title":"Familia de lenguas oto-mangues - Sorosoro","robots":{"index":"index","follow":"follow","max-snippet":"max-snippet:-1","max-image-preview":"max-image-preview:large","max-video-preview":"max-video-preview:-1"},"canonical":"https:\/\/www.sorosoro.org\/es\/familia-de-lenguas-oto-mangues\/","og_locale":"es_ES","og_type":"article","og_title":"Familia de lenguas oto-mangues - Sorosoro","og_description":"\u00bfD\u00f3nde se hablan las lenguas oto-mangues ? Son lenguas habladas en Am\u00e9rica Central, en el centro y el sur de M\u00e9jico, es decir en los siguientes estados: M\u00e9xico, Oaxaca, Guanajuato, Chiapas, Puebla, Hidalgo, Quer\u00e9taro y Guerrero. \u00bfQui\u00e9n habla las lenguas oto-mangues? Los hablantes son miembros de los pueblos nativos amerindios que viv\u00edan en la regi\u00f3n [&hellip;]","og_url":"https:\/\/www.sorosoro.org\/es\/familia-de-lenguas-oto-mangues\/","og_site_name":"Sorosoro","twitter_card":"summary_large_image","twitter_misc":{"Tiempo de lectura":"3 minutos"},"schema":{"@context":"https:\/\/schema.org","@graph":[{"@type":"WebPage","@id":"https:\/\/www.sorosoro.org\/es\/familia-de-lenguas-oto-mangues\/","url":"https:\/\/www.sorosoro.org\/es\/familia-de-lenguas-oto-mangues\/","name":"Familia de lenguas oto-mangues - Sorosoro","isPartOf":{"@id":"https:\/\/www.sorosoro.org\/es\/#website"},"datePublished":"2010-04-23T07:57:38+00:00","breadcrumb":{"@id":"https:\/\/www.sorosoro.org\/es\/familia-de-lenguas-oto-mangues\/#breadcrumb"},"inLanguage":"es","potentialAction":[{"@type":"ReadAction","target":["https:\/\/www.sorosoro.org\/es\/familia-de-lenguas-oto-mangues\/"]}]},{"@type":"BreadcrumbList","@id":"https:\/\/www.sorosoro.org\/es\/familia-de-lenguas-oto-mangues\/#breadcrumb","itemListElement":[{"@type":"ListItem","position":1,"name":"Accueil","item":"https:\/\/www.sorosoro.org\/es\/"},{"@type":"ListItem","position":2,"name":"Familia de lenguas oto-mangues"}]},{"@type":"WebSite","@id":"https:\/\/www.sorosoro.org\/es\/#website","url":"https:\/\/www.sorosoro.org\/es\/","name":"Sorosoro","description":"Pour que vivent les langues du monde !","potentialAction":[{"@type":"SearchAction","target":{"@type":"EntryPoint","urlTemplate":"https:\/\/www.sorosoro.org\/es\/?s={search_term_string}"},"query-input":{"@type":"PropertyValueSpecification","valueRequired":true,"valueName":"search_term_string"}}],"inLanguage":"es"}]}},"_links":{"self":[{"href":"https:\/\/www.sorosoro.org\/es\/wp-json\/wp\/v2\/pages\/17312","targetHints":{"allow":["GET"]}}],"collection":[{"href":"https:\/\/www.sorosoro.org\/es\/wp-json\/wp\/v2\/pages"}],"about":[{"href":"https:\/\/www.sorosoro.org\/es\/wp-json\/wp\/v2\/types\/page"}],"author":[{"embeddable":true,"href":"https:\/\/www.sorosoro.org\/es\/wp-json\/wp\/v2\/users\/12"}],"replies":[{"embeddable":true,"href":"https:\/\/www.sorosoro.org\/es\/wp-json\/wp\/v2\/comments?post=17312"}],"version-history":[{"count":0,"href":"https:\/\/www.sorosoro.org\/es\/wp-json\/wp\/v2\/pages\/17312\/revisions"}],"wp:attachment":[{"href":"https:\/\/www.sorosoro.org\/es\/wp-json\/wp\/v2\/media?parent=17312"}],"curies":[{"name":"wp","href":"https:\/\/api.w.org\/{rel}","templated":true}]}}