{"id":13965,"date":"2010-02-15T17:49:43","date_gmt":"2010-02-15T16:49:43","guid":{"rendered":"http:\/\/www.sorosoro.org\/?page_id=13965"},"modified":"2011-11-29T14:51:54","modified_gmt":"2011-11-29T13:51:54","slug":"familia-de-las-lenguas-mayas","status":"publish","type":"page","link":"https:\/\/www.sorosoro.org\/es\/familia-de-las-lenguas-mayas\/","title":{"rendered":"Familia de las lenguas mayas"},"content":{"rendered":"<h5 style=\"text-align: justify;\">\u00bfD\u00f3nde se hablan las lenguas mayas ?<\/h5>\n<p style=\"text-align: justify;\">\n<p style=\"text-align: justify;\">Son lenguas que se hablan en Am\u00e9rica Central, en un territorio que se extiende en  M\u00e9xico por la pen\u00ednsula de Yucat\u00e1n y por el sur, tambi\u00e9n se habla en Belice, en Guatemala y en el noroeste del Salvador y Honduras.<\/p>\n<p style=\"text-align: justify;\">\n<h5 style=\"text-align: justify;\">\u00bfQui\u00e9n habla las lenguas mayas?<\/h5>\n<p style=\"text-align: justify;\">\n<p style=\"text-align: justify;\">Los hablantes son miembros de los pueblos nativos amerindios que viv\u00edan en la regi\u00f3n mucho antes de la llegada de los europeos y de la colonizaci\u00f3n.<\/p>\n<h5 style=\"text-align: justify;\">N\u00famero total de hablantes (estimado):<\/h5>\n<p style=\"text-align: justify;\">5 800 000 seg\u00fan el sitio web: ethnologue.com (SIL)<\/p>\n<p style=\"text-align: justify;\">Las cifras proporcionadas por la UNESCO son demasiado fragmentarias para poder tenerla en cuenta a la hora de hacer un recuento global.<\/p>\n<h5 style=\"text-align: justify;\">Clasificaci\u00f3n<\/h5>\n<p style=\"text-align: justify;\">En la actualidad, la familia de las lenguas mayas cuenta con 29 idiomas.<\/p>\n<p style=\"text-align: justify;\">\n<p style=\"text-align: justify;\"><span style=\"text-decoration: underline;\">Rama Wasteka<\/span><\/p>\n<p style=\"text-align: justify; padding-left: 120px;\"><strong>Chikomuselteko<\/strong> : extinguida<\/p>\n<p style=\"text-align: justify; padding-left: 120px;\"><strong><a href=\"https:\/\/www.sorosoro.org\/es\/el-huasteco\">Wasteko<\/a> <\/strong>: 463 183 hablantes seg\u00fan la UNESCO y 132 000 seg\u00fan el SIL<\/p>\n<p style=\"text-align: justify;\"><span style=\"text-decoration: underline;\">Rama yukatek<\/span>a<\/p>\n<p style=\"text-align: justify; padding-left: 120px;\"><strong>Lakantun<\/strong> : 563 hablantes seg\u00fan la UNESCO<\/p>\n<p style=\"text-align: justify; padding-left: 120px;\"><strong>Yukateko<\/strong> : 740 000 hablantes seg\u00fan el SIL<\/p>\n<p style=\"text-align: justify; padding-left: 120px;\"><strong>Itzaj <\/strong>: 1 094 hablantes seg\u00fan la UNESCO y 12 seg\u00fan el SIL<\/p>\n<p style=\"text-align: justify; padding-left: 120px;\"><strong>Mop\u00e1n<\/strong> : 11 500 hablantes seg\u00fan la UNESCO y 10 500 seg\u00fan el SIL<\/p>\n<p style=\"text-align: justify;\">\n<p style=\"text-align: justify;\"><span style=\"text-decoration: underline;\">Grupo occidental<\/span><\/p>\n<p style=\"text-align: justify; padding-left: 30px;\">Rama ch\u2019ol<\/p>\n<p style=\"text-align: justify; padding-left: 60px;\">Chol proprio<\/p>\n<p style=\"text-align: justify; padding-left: 120px;\"><strong>Chol<\/strong> : 134 000 hablantes seg\u00fan el SIL<\/p>\n<p style=\"text-align: justify; padding-left: 120px;\"><a href=\"https:\/\/www.sorosoro.org\/es\/el-chontal\"><strong>Chontal<\/strong><\/a> : 40 000 hablantes seg\u00fan la UNESCO y 55 000 seg\u00fan el SIL<\/p>\n<p style=\"text-align: justify; padding-left: 120px;\"><strong>Ch\u2019orti\u2019<\/strong> : 11 000 hablantes seg\u00fan la UNESCO y 30 000 seg\u00fan el SIL<\/p>\n<p style=\"text-align: justify; padding-left: 60px;\">Tzotzil<\/p>\n<p style=\"text-align: justify; padding-left: 120px;\"><strong>Tzeltal <\/strong>: 190 000 hablantes seg\u00fan SIL<\/p>\n<p style=\"text-align: justify; padding-left: 120px;\"><strong>Tzotzil<\/strong> : 264 000 hablantes seg\u00fan SIL<\/p>\n<p style=\"text-align: justify; padding-left: 30px;\">Rama Q\u2019anjob\u2019al<\/p>\n<p style=\"text-align: justify; padding-left: 60px;\">Chuj<\/p>\n<p style=\"text-align: justify; padding-left: 120px;\"><strong><a href=\"https:\/\/www.sorosoro.org\/es\/el-chuj\">Chuj<\/a> <\/strong>: 60 000 hablantes seg\u00fan la UNESCO y 50 000 seg\u00fan SIL<\/p>\n<p style=\"text-align: justify; padding-left: 120px;\"><strong>Tojolabal<\/strong> : 36 000 hablantes seg\u00fan SIL<\/p>\n<p style=\"text-align: justify; padding-left: 60px;\">Q\u2019anjob\u2019al (o Kanjobal) proprio<\/p>\n<p style=\"text-align: justify; padding-left: 120px;\"><strong>Akateko<\/strong> : 60 000 hablantes seg\u00fan SIL y 35 000 seg\u00fan la UNESCO<\/p>\n<p style=\"text-align: justify; padding-left: 120px;\"><strong>Popt\u00ed<\/strong> (nombre alternativo: <em>acalteco<\/em>) : 99 000 hablantes seg\u00fan el SIL y 34 500 seg\u00fan la UNESCO<\/p>\n<p style=\"text-align: justify; padding-left: 120px;\"><strong>Mocho<\/strong> (nombre alternativo : <em>mototzintleko<\/em>): 170 hablantes seg\u00fan SIL y 141 seg\u00fan la UNESCO<\/p>\n<p style=\"text-align: justify; padding-left: 120px;\"><a href=\"https:\/\/www.sorosoro.org\/es\/el-qanjobal\"><strong>Q\u2019anjob\u2019al<\/strong><\/a> (nombre alternativo <em>Kanjobal<\/em>) : 78,000 hablantes seg\u00fan el SIL<\/p>\n<p style=\"text-align: justify;\"><span style=\"text-decoration: underline;\">Groupe oriental<\/span><\/p>\n<p style=\"text-align: justify; padding-left: 30px;\">Rama Mam<\/p>\n<p style=\"text-align: justify; padding-left: 60px;\">Mam<\/p>\n<p style=\"text-align: justify; padding-left: 120px;\"><strong>Mam<\/strong> : 486 000 hablantes seg\u00fan la UNESCO y 440 000 seg\u00fan el SIL<\/p>\n<p style=\"text-align: justify; padding-left: 120px;\"><a href=\"https:\/\/www.sorosoro.org\/es\/el-tektiteko\"><strong>Tektiteko<\/strong><\/a> (nombre alternativo : <em>teko<\/em>) : 1 200 hablantes seg\u00fan la UNESCO y 2 300 seg\u00fan el SIL<\/p>\n<p style=\"text-align: justify; padding-left: 60px;\">Ixil<\/p>\n<p style=\"text-align: justify; padding-left: 120px;\"><strong>Awakateko<\/strong> : 9616 hablantes seg\u00fan la UNESCO<\/p>\n<p style=\"text-align: justify; padding-left: 120px;\"><strong>Ixil<\/strong> : 83 000 hablantes seg\u00fan la UNESCO y 69 000 seg\u00fan el SIL<\/p>\n<p style=\"text-align: justify; padding-left: 30px;\">Rama K\u2019iche\u2019<\/p>\n<p style=\"text-align: justify; padding-left: 120px;\"><strong>Kekch\u00ed o Q\u2019eqchi <\/strong>: 421 000 hablantes seg\u00fan el SIL<\/p>\n<p style=\"text-align: justify; padding-left: 120px;\"><strong>Uspanteko <\/strong>: 3 971 hablantes seg\u00fan la UNESCO<\/p>\n<p style=\"text-align: justify; padding-left: 60px;\">Quich\u00e9 o K\u2019ichee\u2019<\/p>\n<p style=\"text-align: justify; padding-left: 120px;\"><a href=\"https:\/\/www.sorosoro.org\/es\/el-kaqchikel\"><strong>Kaqchikel<\/strong><\/a> : 445 000 hablantes seg\u00fan la UNESCO y 451 000 seg\u00fan el SIL<\/p>\n<p style=\"text-align: justify; padding-left: 120px;\"><strong>Quich\u00e9 o K\u2019ichee\u2019 :<\/strong> 2 400 000 hablantes  seg\u00fan el SIL<\/p>\n<p style=\"text-align: justify; padding-left: 120px;\"><strong>Sakapulteco<\/strong> : 6 973 hablantes seg\u00fan la UNESCO y 37 000 seg\u00fan el SIL<\/p>\n<p style=\"text-align: justify; padding-left: 120px;\"><strong>Sipakapense <\/strong>: 5 687 hablantes seg\u00fan la UNESCO y 8 000 seg\u00fan el SIL<\/p>\n<p style=\"text-align: justify; padding-left: 120px;\"><strong>Tz\u2019utujiil <\/strong>: 237 hablantes seg\u00fan la UNESCO y 84 000 seg\u00fan el SIL<\/p>\n<p style=\"text-align: justify; padding-left: 60px;\">Poqom<\/p>\n<p style=\"text-align: justify; padding-left: 120px;\"><strong>Poqomch\u00ed<\/strong> : 92 941 hablantes seg\u00fan la UNESCO<\/p>\n<p style=\"text-align: justify; padding-left: 120px;\"><strong>Poqomam<\/strong> (nombre alternativo: <em>poqomjo<\/em>) : 49 000 hablantes seg\u00fan el SIL<\/p>\n<h5 style=\"text-align: justify;\">Comentarios sobre la clasificaci\u00f3n de las lenguas mayas:<\/h5>\n<p style=\"text-align: justify;\">Seguimos la clasificaci\u00f3n dada por Campbell (1997) et y por  la OKMA (2008)<\/p>\n<h5 style=\"text-align: justify;\">\u00bfEst\u00e1n las lenguas mayas en peligro de extinci\u00f3n?<\/h5>\n<p style=\"text-align: justify;\">La familia de las lenguas mayas cuenta con varios idiomas que est\u00e1n en peligro de extinci\u00f3n.<\/p>\n<p style=\"text-align: justify;\">El tz\u2019utujiil o tzutujil  es probablemente la lengua m\u00e1s amenazada en la actualidad. De hecho, cuenta con s\u00f3lo un pu\u00f1ado de hablantes nativos que son muy ancianos mientras que las j\u00f3venes generaciones tienen el espa\u00f1ol como lengua materna.  La lengua tz\u2019utujiil  corre el riesgo de extinguirse muy pronto. El n\u00famero de hablantes dado por la UNESCO es mucho m\u00e1s importante que el n\u00famero dado por el SIL, pero es probable que la cifra dada por la UNESCO, corresponde al conjunto de miembros de la comunidad Itz\u00e1, que difiere del n\u00famero real de los hablantes.<\/p>\n<p style=\"text-align: justify;\">Otras lenguas, como el lakantun el Mocho &#8216;, el tektiteo y Awakateko y est\u00e1n al borde de la extinci\u00f3n. Est\u00e1n consideradas  en \u00abgrave peligro\u00bb de extinci\u00f3n por la UNESCO.<\/p>\n<p style=\"text-align: justify;\">En la categor\u00eda \u00aben peligro\u00bb, nos encontramos con m\u00e1s idiomas, cuyo n\u00famero de hablantes es apenas superior: el Sakapulteko el Sipakapense el Tz&#8217;utujiil el caqchikel el jakaltkco el akatejo el Ch&#8217;orti &#8216;, el chontal y mop\u00e1n.<\/p>\n<p style=\"text-align: justify;\">Las dem\u00e1s lenguas mayas, si todav\u00eda no est\u00e1n en peligro, pueden ser consideradas \u201cvulnerables\u201d y su conservaci\u00f3n \u201cno est\u00e1 asegurado a medio plazo\u201d.<\/p>\n<h5 style=\"text-align: justify;\">Fuentes<\/h5>\n<p style=\"text-align: justify;\">Campbell, Lyle. American Indian languages: the historical linguistics of Native America. Oxford University Press. Oxford (1997).<\/p>\n<p style=\"text-align: justify;\">\n<p style=\"text-align: justify;\">\n<p style=\"text-align: justify;\">\n<p style=\"text-align: justify;\">\n","protected":false},"excerpt":{"rendered":"<p>\u00bfD\u00f3nde se hablan las lenguas mayas ? Son lenguas que se hablan en Am\u00e9rica Central, en un territorio que se extiende en M\u00e9xico por la pen\u00ednsula de Yucat\u00e1n y por el sur, tambi\u00e9n se habla en Belice, en Guatemala y en el noroeste del Salvador y Honduras. \u00bfQui\u00e9n habla las lenguas mayas? Los hablantes son [&hellip;]<\/p>\n","protected":false},"author":2,"featured_media":0,"parent":0,"menu_order":0,"comment_status":"closed","ping_status":"open","template":"","meta":{"footnotes":""},"class_list":["post-13965","page","type-page","status-publish","hentry"],"yoast_head":"<!-- This site is optimized with the Yoast SEO plugin v27.0 - https:\/\/yoast.com\/product\/yoast-seo-wordpress\/ -->\n<title>Familia de las lenguas mayas - Sorosoro<\/title>\n<meta name=\"robots\" content=\"index, follow, max-snippet:-1, max-image-preview:large, max-video-preview:-1\" \/>\n<link rel=\"canonical\" href=\"https:\/\/www.sorosoro.org\/es\/familia-de-las-lenguas-mayas\/\" \/>\n<meta property=\"og:locale\" content=\"es_ES\" \/>\n<meta property=\"og:type\" content=\"article\" \/>\n<meta property=\"og:title\" content=\"Familia de las lenguas mayas - Sorosoro\" \/>\n<meta property=\"og:description\" content=\"\u00bfD\u00f3nde se hablan las lenguas mayas ? Son lenguas que se hablan en Am\u00e9rica Central, en un territorio que se extiende en M\u00e9xico por la pen\u00ednsula de Yucat\u00e1n y por el sur, tambi\u00e9n se habla en Belice, en Guatemala y en el noroeste del Salvador y Honduras. \u00bfQui\u00e9n habla las lenguas mayas? Los hablantes son [&hellip;]\" \/>\n<meta property=\"og:url\" content=\"https:\/\/www.sorosoro.org\/es\/familia-de-las-lenguas-mayas\/\" \/>\n<meta property=\"og:site_name\" content=\"Sorosoro\" \/>\n<meta property=\"article:modified_time\" content=\"2011-11-29T13:51:54+00:00\" \/>\n<meta name=\"twitter:card\" content=\"summary_large_image\" \/>\n<meta name=\"twitter:label1\" content=\"Tiempo de lectura\" \/>\n\t<meta name=\"twitter:data1\" content=\"4 minutos\" \/>\n<script type=\"application\/ld+json\" class=\"yoast-schema-graph\">{\"@context\":\"https:\/\/schema.org\",\"@graph\":[{\"@type\":\"WebPage\",\"@id\":\"https:\/\/www.sorosoro.org\/es\/familia-de-las-lenguas-mayas\/\",\"url\":\"https:\/\/www.sorosoro.org\/es\/familia-de-las-lenguas-mayas\/\",\"name\":\"Familia de las lenguas mayas - Sorosoro\",\"isPartOf\":{\"@id\":\"https:\/\/www.sorosoro.org\/es\/#website\"},\"datePublished\":\"2010-02-15T16:49:43+00:00\",\"dateModified\":\"2011-11-29T13:51:54+00:00\",\"breadcrumb\":{\"@id\":\"https:\/\/www.sorosoro.org\/es\/familia-de-las-lenguas-mayas\/#breadcrumb\"},\"inLanguage\":\"es\",\"potentialAction\":[{\"@type\":\"ReadAction\",\"target\":[\"https:\/\/www.sorosoro.org\/es\/familia-de-las-lenguas-mayas\/\"]}]},{\"@type\":\"BreadcrumbList\",\"@id\":\"https:\/\/www.sorosoro.org\/es\/familia-de-las-lenguas-mayas\/#breadcrumb\",\"itemListElement\":[{\"@type\":\"ListItem\",\"position\":1,\"name\":\"Accueil\",\"item\":\"https:\/\/www.sorosoro.org\/es\/\"},{\"@type\":\"ListItem\",\"position\":2,\"name\":\"Familia de las lenguas mayas\"}]},{\"@type\":\"WebSite\",\"@id\":\"https:\/\/www.sorosoro.org\/es\/#website\",\"url\":\"https:\/\/www.sorosoro.org\/es\/\",\"name\":\"Sorosoro\",\"description\":\"Pour que vivent les langues du monde !\",\"potentialAction\":[{\"@type\":\"SearchAction\",\"target\":{\"@type\":\"EntryPoint\",\"urlTemplate\":\"https:\/\/www.sorosoro.org\/es\/?s={search_term_string}\"},\"query-input\":{\"@type\":\"PropertyValueSpecification\",\"valueRequired\":true,\"valueName\":\"search_term_string\"}}],\"inLanguage\":\"es\"}]}<\/script>\n<!-- \/ Yoast SEO plugin. -->","yoast_head_json":{"title":"Familia de las lenguas mayas - Sorosoro","robots":{"index":"index","follow":"follow","max-snippet":"max-snippet:-1","max-image-preview":"max-image-preview:large","max-video-preview":"max-video-preview:-1"},"canonical":"https:\/\/www.sorosoro.org\/es\/familia-de-las-lenguas-mayas\/","og_locale":"es_ES","og_type":"article","og_title":"Familia de las lenguas mayas - Sorosoro","og_description":"\u00bfD\u00f3nde se hablan las lenguas mayas ? Son lenguas que se hablan en Am\u00e9rica Central, en un territorio que se extiende en M\u00e9xico por la pen\u00ednsula de Yucat\u00e1n y por el sur, tambi\u00e9n se habla en Belice, en Guatemala y en el noroeste del Salvador y Honduras. \u00bfQui\u00e9n habla las lenguas mayas? Los hablantes son [&hellip;]","og_url":"https:\/\/www.sorosoro.org\/es\/familia-de-las-lenguas-mayas\/","og_site_name":"Sorosoro","article_modified_time":"2011-11-29T13:51:54+00:00","twitter_card":"summary_large_image","twitter_misc":{"Tiempo de lectura":"4 minutos"},"schema":{"@context":"https:\/\/schema.org","@graph":[{"@type":"WebPage","@id":"https:\/\/www.sorosoro.org\/es\/familia-de-las-lenguas-mayas\/","url":"https:\/\/www.sorosoro.org\/es\/familia-de-las-lenguas-mayas\/","name":"Familia de las lenguas mayas - Sorosoro","isPartOf":{"@id":"https:\/\/www.sorosoro.org\/es\/#website"},"datePublished":"2010-02-15T16:49:43+00:00","dateModified":"2011-11-29T13:51:54+00:00","breadcrumb":{"@id":"https:\/\/www.sorosoro.org\/es\/familia-de-las-lenguas-mayas\/#breadcrumb"},"inLanguage":"es","potentialAction":[{"@type":"ReadAction","target":["https:\/\/www.sorosoro.org\/es\/familia-de-las-lenguas-mayas\/"]}]},{"@type":"BreadcrumbList","@id":"https:\/\/www.sorosoro.org\/es\/familia-de-las-lenguas-mayas\/#breadcrumb","itemListElement":[{"@type":"ListItem","position":1,"name":"Accueil","item":"https:\/\/www.sorosoro.org\/es\/"},{"@type":"ListItem","position":2,"name":"Familia de las lenguas mayas"}]},{"@type":"WebSite","@id":"https:\/\/www.sorosoro.org\/es\/#website","url":"https:\/\/www.sorosoro.org\/es\/","name":"Sorosoro","description":"Pour que vivent les langues du monde !","potentialAction":[{"@type":"SearchAction","target":{"@type":"EntryPoint","urlTemplate":"https:\/\/www.sorosoro.org\/es\/?s={search_term_string}"},"query-input":{"@type":"PropertyValueSpecification","valueRequired":true,"valueName":"search_term_string"}}],"inLanguage":"es"}]}},"_links":{"self":[{"href":"https:\/\/www.sorosoro.org\/es\/wp-json\/wp\/v2\/pages\/13965","targetHints":{"allow":["GET"]}}],"collection":[{"href":"https:\/\/www.sorosoro.org\/es\/wp-json\/wp\/v2\/pages"}],"about":[{"href":"https:\/\/www.sorosoro.org\/es\/wp-json\/wp\/v2\/types\/page"}],"author":[{"embeddable":true,"href":"https:\/\/www.sorosoro.org\/es\/wp-json\/wp\/v2\/users\/2"}],"replies":[{"embeddable":true,"href":"https:\/\/www.sorosoro.org\/es\/wp-json\/wp\/v2\/comments?post=13965"}],"version-history":[{"count":0,"href":"https:\/\/www.sorosoro.org\/es\/wp-json\/wp\/v2\/pages\/13965\/revisions"}],"wp:attachment":[{"href":"https:\/\/www.sorosoro.org\/es\/wp-json\/wp\/v2\/media?parent=13965"}],"curies":[{"name":"wp","href":"https:\/\/api.w.org\/{rel}","templated":true}]}}