{"id":13531,"date":"2010-02-10T12:53:22","date_gmt":"2010-02-10T11:53:22","guid":{"rendered":"http:\/\/www.sorosoro.org\/?page_id=13531"},"modified":"2010-02-10T12:54:00","modified_gmt":"2010-02-10T11:54:00","slug":"familia-de-lenguas-caucasicas-del-noroeste-o-lenguas-abjaso-adigue","status":"publish","type":"page","link":"https:\/\/www.sorosoro.org\/es\/familia-de-lenguas-caucasicas-del-noroeste-o-lenguas-abjaso-adigue\/","title":{"rendered":"Familia de lenguas cauc\u00e1sicas del noroeste o lenguas abjaso-adigu\u00e9"},"content":{"rendered":"<h4>Datos sobre las lenguas cauc\u00e1sicas del noreste<\/h4>\n<h5><strong>\u00bfD\u00f3nde se hablan las lenguas cauc\u00e1sicas del noroeste? <\/strong><\/h5>\n<p>Estas lenguas se hablan en Rusia (en la rep\u00fablica aut\u00f3noma de\u00a0 Daguest\u00e1n, de Chechenia,\u00a0 de Ingushetia, de Karach\u00e1evo-Chekesia y de Adiguesia), en Georgia (en la rep\u00fablica aut\u00f3noma de Abjasia), en Turqu\u00eda, en Jordania, en Siria, en Irak y en el norte de\u00a0 Azerbaiy\u00e1n.<\/p>\n<p><strong> <\/strong><\/p>\n<h5><strong>N\u00famero total de locutores (estimaci\u00f3n)<\/strong><\/h5>\n<p>Cerca de 1 050 000 de acuerdo a la UNESCO<\/p>\n<p>Cerca de 1 650 000 de acuerdo al sitio web ethnologue.com (SIL)<\/p>\n<h5><strong>Clasificaci\u00f3n<\/strong><\/h5>\n<p>La familia de lenguas cauc\u00e1sicas del noroeste cuenta con 4 lenguas y un gran n\u00famero de variantes.<\/p>\n<p>Grupo circasiano<\/p>\n<p style=\"padding-left: 60px;\"><strong>Adigu\u00e9:<\/strong> 300 000 locutores de acuerdo a la UNESCO y 500 000 de acuerdo a SIL<\/p>\n<p style=\"padding-left: 60px;\"><strong>Cabardiano<\/strong>: 650 000 locutores de acuerdo a la UNESCO y 1000 000 de acuerdo a SIL<\/p>\n<p style=\"padding-left: 60px;\"><strong>Ubij\u00e9:<\/strong> Extinta<\/p>\n<p>Grupo abjaso-abaza<\/p>\n<p style=\"padding-left: 60px;\"><strong>Abjaso:<\/strong> 125 000 locutores de acuerdo a la UNESCO y 45 000 de acuerdo a SIL<\/p>\n<p style=\"padding-left: 60px;\"><strong>Abaza:<\/strong> 31 000 locutores de acuerdo a la UNESCO y 110 000 de acuerdo a SIL<\/p>\n<h5><strong>Comentarios acerca de la clasificaci\u00f3n de las lenguas cauc\u00e1sicas del noroeste:<\/strong><\/h5>\n<p>Durante mucho tiempo, se consider\u00f3 que estas lenguas eran parte de la familia \u201ccauc\u00e1sica\u201d. Esta familia hipot\u00e9tica estaba constituida por tres ramas principales: las lenguas cauc\u00e1sicas del noreste, las lenguas cauc\u00e1sicas del noroeste y las lenguas cauc\u00e1sicas del sur. Hoy en d\u00eda, la validez de esta agrupaci\u00f3n no es reconocida por los ling\u00fcistas. En el mejor de los casos, si el nombre \u201clenguas del c\u00e1ucaso\u201d es utilizado algunas veces, se refiere principalmente a una agrupaci\u00f3n de origen geogr\u00e1fico m\u00e1s que ling\u00fc\u00edstico. Starotsine propuso una agrupaci\u00f3n con las dos familias del norte. Sin embargo, una tal agrupaci\u00f3n ha causado siempre controversia. Por estas razones, aqu\u00ed presentamos las tres familias independientemente.<\/p>\n<p>Cada uno de los dos grupos de esta familia representa un conjunto de dialectos muy dispersos geogr\u00e1ficamente.<\/p>\n<h5><strong>\u00bfLas lenguas cauc\u00e1sicas del noroeste est\u00e1n en peligro?<\/strong><\/h5>\n<p>De acuerdo a la UNESCO todas estas lenguas est\u00e1n en peligro. El abaza es probablemente la lengua m\u00e1s amenazada y el Ubij\u00e9 se encuentra extinto.<\/p>\n<h4>Fuentes<\/h4>\n<p>Hewitt, George: <em>Introduction to the study of the languages of the Caucasus<\/em>. LINCOM EUROPA, M\u00fcnchen 2004.<\/p>\n<p><a href=\"http:\/\/armazi.uni-frankfurt.de\/armaziII\/enebi.htm\" target=\"_blank\">http:\/\/armazi.uni-frankfurt.de\/armaziII\/enebi.htm<\/a><\/p>\n<p><a href=\"http:\/\/titus.fkidg1.uni-frankfurt.de\/ecling\/ecling.htm\" target=\"_blank\">http:\/\/titus.fkidg1.uni-frankfurt.de\/ecling\/ecling.htm<\/a><\/p>\n","protected":false},"excerpt":{"rendered":"<p>Datos sobre las lenguas cauc\u00e1sicas del noreste \u00bfD\u00f3nde se hablan las lenguas cauc\u00e1sicas del noroeste? Estas lenguas se hablan en Rusia (en la rep\u00fablica aut\u00f3noma de\u00a0 Daguest\u00e1n, de Chechenia,\u00a0 de Ingushetia, de Karach\u00e1evo-Chekesia y de Adiguesia), en Georgia (en la rep\u00fablica aut\u00f3noma de Abjasia), en Turqu\u00eda, en Jordania, en Siria, en Irak y en el [&hellip;]<\/p>\n","protected":false},"author":2,"featured_media":0,"parent":0,"menu_order":0,"comment_status":"closed","ping_status":"open","template":"","meta":{"footnotes":""},"class_list":["post-13531","page","type-page","status-publish","hentry"],"yoast_head":"<!-- This site is optimized with the Yoast SEO plugin v27.0 - https:\/\/yoast.com\/product\/yoast-seo-wordpress\/ -->\n<title>Familia de lenguas cauc\u00e1sicas del noroeste o lenguas abjaso-adigu\u00e9 - Sorosoro<\/title>\n<meta name=\"robots\" content=\"index, follow, max-snippet:-1, max-image-preview:large, max-video-preview:-1\" \/>\n<link rel=\"canonical\" href=\"https:\/\/www.sorosoro.org\/es\/familia-de-lenguas-caucasicas-del-noroeste-o-lenguas-abjaso-adigue\/\" \/>\n<meta property=\"og:locale\" content=\"es_ES\" \/>\n<meta property=\"og:type\" content=\"article\" \/>\n<meta property=\"og:title\" content=\"Familia de lenguas cauc\u00e1sicas del noroeste o lenguas abjaso-adigu\u00e9 - Sorosoro\" \/>\n<meta property=\"og:description\" content=\"Datos sobre las lenguas cauc\u00e1sicas del noreste \u00bfD\u00f3nde se hablan las lenguas cauc\u00e1sicas del noroeste? Estas lenguas se hablan en Rusia (en la rep\u00fablica aut\u00f3noma de\u00a0 Daguest\u00e1n, de Chechenia,\u00a0 de Ingushetia, de Karach\u00e1evo-Chekesia y de Adiguesia), en Georgia (en la rep\u00fablica aut\u00f3noma de Abjasia), en Turqu\u00eda, en Jordania, en Siria, en Irak y en el [&hellip;]\" \/>\n<meta property=\"og:url\" content=\"https:\/\/www.sorosoro.org\/es\/familia-de-lenguas-caucasicas-del-noroeste-o-lenguas-abjaso-adigue\/\" \/>\n<meta property=\"og:site_name\" content=\"Sorosoro\" \/>\n<meta property=\"article:modified_time\" content=\"2010-02-10T11:54:00+00:00\" \/>\n<meta name=\"twitter:card\" content=\"summary_large_image\" \/>\n<meta name=\"twitter:label1\" content=\"Tiempo de lectura\" \/>\n\t<meta name=\"twitter:data1\" content=\"2 minutos\" \/>\n<script type=\"application\/ld+json\" class=\"yoast-schema-graph\">{\"@context\":\"https:\/\/schema.org\",\"@graph\":[{\"@type\":\"WebPage\",\"@id\":\"https:\/\/www.sorosoro.org\/es\/familia-de-lenguas-caucasicas-del-noroeste-o-lenguas-abjaso-adigue\/\",\"url\":\"https:\/\/www.sorosoro.org\/es\/familia-de-lenguas-caucasicas-del-noroeste-o-lenguas-abjaso-adigue\/\",\"name\":\"Familia de lenguas cauc\u00e1sicas del noroeste o lenguas abjaso-adigu\u00e9 - Sorosoro\",\"isPartOf\":{\"@id\":\"https:\/\/www.sorosoro.org\/es\/#website\"},\"datePublished\":\"2010-02-10T11:53:22+00:00\",\"dateModified\":\"2010-02-10T11:54:00+00:00\",\"breadcrumb\":{\"@id\":\"https:\/\/www.sorosoro.org\/es\/familia-de-lenguas-caucasicas-del-noroeste-o-lenguas-abjaso-adigue\/#breadcrumb\"},\"inLanguage\":\"es\",\"potentialAction\":[{\"@type\":\"ReadAction\",\"target\":[\"https:\/\/www.sorosoro.org\/es\/familia-de-lenguas-caucasicas-del-noroeste-o-lenguas-abjaso-adigue\/\"]}]},{\"@type\":\"BreadcrumbList\",\"@id\":\"https:\/\/www.sorosoro.org\/es\/familia-de-lenguas-caucasicas-del-noroeste-o-lenguas-abjaso-adigue\/#breadcrumb\",\"itemListElement\":[{\"@type\":\"ListItem\",\"position\":1,\"name\":\"Accueil\",\"item\":\"https:\/\/www.sorosoro.org\/es\/\"},{\"@type\":\"ListItem\",\"position\":2,\"name\":\"Familia de lenguas cauc\u00e1sicas del noroeste o lenguas abjaso-adigu\u00e9\"}]},{\"@type\":\"WebSite\",\"@id\":\"https:\/\/www.sorosoro.org\/es\/#website\",\"url\":\"https:\/\/www.sorosoro.org\/es\/\",\"name\":\"Sorosoro\",\"description\":\"Pour que vivent les langues du monde !\",\"potentialAction\":[{\"@type\":\"SearchAction\",\"target\":{\"@type\":\"EntryPoint\",\"urlTemplate\":\"https:\/\/www.sorosoro.org\/es\/?s={search_term_string}\"},\"query-input\":{\"@type\":\"PropertyValueSpecification\",\"valueRequired\":true,\"valueName\":\"search_term_string\"}}],\"inLanguage\":\"es\"}]}<\/script>\n<!-- \/ Yoast SEO plugin. -->","yoast_head_json":{"title":"Familia de lenguas cauc\u00e1sicas del noroeste o lenguas abjaso-adigu\u00e9 - Sorosoro","robots":{"index":"index","follow":"follow","max-snippet":"max-snippet:-1","max-image-preview":"max-image-preview:large","max-video-preview":"max-video-preview:-1"},"canonical":"https:\/\/www.sorosoro.org\/es\/familia-de-lenguas-caucasicas-del-noroeste-o-lenguas-abjaso-adigue\/","og_locale":"es_ES","og_type":"article","og_title":"Familia de lenguas cauc\u00e1sicas del noroeste o lenguas abjaso-adigu\u00e9 - Sorosoro","og_description":"Datos sobre las lenguas cauc\u00e1sicas del noreste \u00bfD\u00f3nde se hablan las lenguas cauc\u00e1sicas del noroeste? Estas lenguas se hablan en Rusia (en la rep\u00fablica aut\u00f3noma de\u00a0 Daguest\u00e1n, de Chechenia,\u00a0 de Ingushetia, de Karach\u00e1evo-Chekesia y de Adiguesia), en Georgia (en la rep\u00fablica aut\u00f3noma de Abjasia), en Turqu\u00eda, en Jordania, en Siria, en Irak y en el [&hellip;]","og_url":"https:\/\/www.sorosoro.org\/es\/familia-de-lenguas-caucasicas-del-noroeste-o-lenguas-abjaso-adigue\/","og_site_name":"Sorosoro","article_modified_time":"2010-02-10T11:54:00+00:00","twitter_card":"summary_large_image","twitter_misc":{"Tiempo de lectura":"2 minutos"},"schema":{"@context":"https:\/\/schema.org","@graph":[{"@type":"WebPage","@id":"https:\/\/www.sorosoro.org\/es\/familia-de-lenguas-caucasicas-del-noroeste-o-lenguas-abjaso-adigue\/","url":"https:\/\/www.sorosoro.org\/es\/familia-de-lenguas-caucasicas-del-noroeste-o-lenguas-abjaso-adigue\/","name":"Familia de lenguas cauc\u00e1sicas del noroeste o lenguas abjaso-adigu\u00e9 - Sorosoro","isPartOf":{"@id":"https:\/\/www.sorosoro.org\/es\/#website"},"datePublished":"2010-02-10T11:53:22+00:00","dateModified":"2010-02-10T11:54:00+00:00","breadcrumb":{"@id":"https:\/\/www.sorosoro.org\/es\/familia-de-lenguas-caucasicas-del-noroeste-o-lenguas-abjaso-adigue\/#breadcrumb"},"inLanguage":"es","potentialAction":[{"@type":"ReadAction","target":["https:\/\/www.sorosoro.org\/es\/familia-de-lenguas-caucasicas-del-noroeste-o-lenguas-abjaso-adigue\/"]}]},{"@type":"BreadcrumbList","@id":"https:\/\/www.sorosoro.org\/es\/familia-de-lenguas-caucasicas-del-noroeste-o-lenguas-abjaso-adigue\/#breadcrumb","itemListElement":[{"@type":"ListItem","position":1,"name":"Accueil","item":"https:\/\/www.sorosoro.org\/es\/"},{"@type":"ListItem","position":2,"name":"Familia de lenguas cauc\u00e1sicas del noroeste o lenguas abjaso-adigu\u00e9"}]},{"@type":"WebSite","@id":"https:\/\/www.sorosoro.org\/es\/#website","url":"https:\/\/www.sorosoro.org\/es\/","name":"Sorosoro","description":"Pour que vivent les langues du monde !","potentialAction":[{"@type":"SearchAction","target":{"@type":"EntryPoint","urlTemplate":"https:\/\/www.sorosoro.org\/es\/?s={search_term_string}"},"query-input":{"@type":"PropertyValueSpecification","valueRequired":true,"valueName":"search_term_string"}}],"inLanguage":"es"}]}},"_links":{"self":[{"href":"https:\/\/www.sorosoro.org\/es\/wp-json\/wp\/v2\/pages\/13531","targetHints":{"allow":["GET"]}}],"collection":[{"href":"https:\/\/www.sorosoro.org\/es\/wp-json\/wp\/v2\/pages"}],"about":[{"href":"https:\/\/www.sorosoro.org\/es\/wp-json\/wp\/v2\/types\/page"}],"author":[{"embeddable":true,"href":"https:\/\/www.sorosoro.org\/es\/wp-json\/wp\/v2\/users\/2"}],"replies":[{"embeddable":true,"href":"https:\/\/www.sorosoro.org\/es\/wp-json\/wp\/v2\/comments?post=13531"}],"version-history":[{"count":0,"href":"https:\/\/www.sorosoro.org\/es\/wp-json\/wp\/v2\/pages\/13531\/revisions"}],"wp:attachment":[{"href":"https:\/\/www.sorosoro.org\/es\/wp-json\/wp\/v2\/media?parent=13531"}],"curies":[{"name":"wp","href":"https:\/\/api.w.org\/{rel}","templated":true}]}}