{"id":13523,"date":"2010-02-10T12:22:12","date_gmt":"2010-02-10T11:22:12","guid":{"rendered":"http:\/\/www.sorosoro.org\/?page_id=13523"},"modified":"2011-05-31T12:24:11","modified_gmt":"2011-05-31T10:24:11","slug":"familia-de-lenguas-caucasicas-del-sur-o-lenguas-kartvelianas","status":"publish","type":"page","link":"https:\/\/www.sorosoro.org\/es\/familia-de-lenguas-caucasicas-del-sur-o-lenguas-kartvelianas\/","title":{"rendered":"Familia de lenguas cauc\u00e1sicas del sur o lenguas kartvelianas"},"content":{"rendered":"<h4 style=\"text-align: justify;\"><strong> <\/strong><\/h4>\n<h4 style=\"text-align: justify;\"><strong>Datos sobre las lenguas kartvelianas <\/strong><\/h4>\n<h5 style=\"text-align: justify;\">\u00bfD\u00f3nde se hablan las lenguas kartvelianas?<\/h5>\n<p style=\"text-align: justify;\">Estas lenguas se hablan principalmente en Georgia, con algunos grupos de hablantes en Israel, Turqu\u00eda, Azerbaiy\u00e1n, Ir\u00e1n y en Rusia.<\/p>\n<h5 style=\"text-align: justify;\"><strong>N\u00famero total de hablantes (estimaci\u00f3n):<\/strong><\/h5>\n<p style=\"text-align: justify;\">Cerca de 5 000 000 de acuerdo al sitio etnologue.com<\/p>\n<h5 style=\"text-align: justify;\"><strong>Clasificaci\u00f3n<\/strong><\/h5>\n<p style=\"text-align: justify;\">La familia de lenguas kartvelianas cuenta con 4 o 5 lenguas activas.<\/p>\n<p style=\"text-align: justify;\">Georgiano<\/p>\n<p style=\"padding-left: 60px; text-align: justify;\"><strong>Georgiano<\/strong>: 4 100 000 hablantes.<\/p>\n<p style=\"padding-left: 90px; text-align: justify;\"><em>Judeogeorgiano<\/em>: 80 000 hablantes<\/p>\n<p style=\"text-align: justify;\">Lenguas zan<\/p>\n<p style=\"padding-left: 60px; text-align: justify;\"><strong>Laz<\/strong>: 200 000 hablantes<\/p>\n<p style=\"padding-left: 60px; text-align: justify;\"><strong>Mingreliano<\/strong>: 500 000 hablantes<\/p>\n<p style=\"text-align: justify;\">Esvano<\/p>\n<p style=\"padding-left: 60px; text-align: justify;\">\n<p style=\"padding-left: 60px; text-align: justify;\"><strong>Esvano<\/strong>: 30 000 hablantes<\/p>\n<h5 style=\"text-align: justify;\"><strong>Comentarios acerca de la clasificaci\u00f3n de las lenguas kartvelianas:<\/strong><\/h5>\n<p style=\"text-align: justify;\">Es sabido globalmente que las lenguas kartvelianas no tienen ning\u00fan parentesco ling\u00fc\u00edstico conocido en el mundo. Se pueden observar algunas similitudes con el vasco (sobretodo en el sistema casual), sin embargo una relaci\u00f3n entre los dos es puramente hipot\u00e9tica.<\/p>\n<p style=\"text-align: justify;\">Durante mucho tiempo, estas lenguas han sido consideradas como parte de la familia \u201ccauc\u00e1sica\u201d. Dicha familia hipot\u00e9tica estaba conformada por tres ramas principales: las lenguas cauc\u00e1sicas del noreste, las lenguas cauc\u00e1sicas del noroeste y las lenguas cauc\u00e1sicas del sur. \u00a0Hoy en d\u00eda, la validez de dicha agrupaci\u00f3n no est\u00e1 reconocida por los ling\u00fcistas. En el mejor de los casos, si el nombre \u201clenguas del c\u00e1ucaso\u201d es utilizado algunas veces, se refiere principalmente a una agrupaci\u00f3n de origen geogr\u00e1fico m\u00e1s que de origen ling\u00fc\u00edstico. Starotsine propuso una agrupaci\u00f3n con las dos familias del norte. Sin embargo, una tal agrupaci\u00f3n ha causado siempre controversia. Por estas razones, aqu\u00ed presentamos las tres familias independientemente.<\/p>\n<p style=\"text-align: justify;\">Algunas veces las dos lenguas zan son consideradas como dos variantes de una misma lengua \u201czan\u201d. Es complejo saber si el judeogeorgiano es una lengua o una variante dialectal \u00a0del georgiano. Parece que las autoridades georgianas la consideran un \u201cargot\u201d, mientras que para le comunidad judeogeorgiana es una parte importante de su herencia cultural. Hoy en d\u00eda, la mayor\u00eda de los hablantes viven en Israel.<\/p>\n<h5 style=\"text-align: justify;\"><strong>\u00bfSe encuentran en peligro las lenguas kartvelianas?<\/strong><\/h5>\n<p style=\"text-align: justify;\">El mingreliano, el laz y el esvano est\u00e1n en peligro de acuerdo con los criterios de la UNESCO.<\/p>\n<h4 style=\"text-align: justify;\">Fuentes<\/h4>\n<p style=\"text-align: justify;\">Atlas of the Caucasian Languages- Linguarium<\/p>\n<p><a href=\"http:\/\/lingvarium.org\/raznoe\/publications\/caucas\/alw_cau_kartv.shtml\">http:\/\/lingvarium.org\/raznoe\/publications\/caucas\/alw_cau_kartv.shtml<\/a><\/p>\n","protected":false},"excerpt":{"rendered":"<p>Datos sobre las lenguas kartvelianas \u00bfD\u00f3nde se hablan las lenguas kartvelianas? Estas lenguas se hablan principalmente en Georgia, con algunos grupos de hablantes en Israel, Turqu\u00eda, Azerbaiy\u00e1n, Ir\u00e1n y en Rusia. N\u00famero total de hablantes (estimaci\u00f3n): Cerca de 5 000 000 de acuerdo al sitio etnologue.com Clasificaci\u00f3n La familia de lenguas kartvelianas cuenta con 4 [&hellip;]<\/p>\n","protected":false},"author":2,"featured_media":0,"parent":0,"menu_order":0,"comment_status":"closed","ping_status":"open","template":"","meta":{"footnotes":""},"class_list":["post-13523","page","type-page","status-publish","hentry"],"yoast_head":"<!-- This site is optimized with the Yoast SEO plugin v27.0 - https:\/\/yoast.com\/product\/yoast-seo-wordpress\/ -->\n<title>Familia de lenguas cauc\u00e1sicas del sur o lenguas kartvelianas - Sorosoro<\/title>\n<meta name=\"robots\" content=\"index, follow, max-snippet:-1, max-image-preview:large, max-video-preview:-1\" \/>\n<link rel=\"canonical\" href=\"https:\/\/www.sorosoro.org\/es\/familia-de-lenguas-caucasicas-del-sur-o-lenguas-kartvelianas\/\" \/>\n<meta property=\"og:locale\" content=\"es_ES\" \/>\n<meta property=\"og:type\" content=\"article\" \/>\n<meta property=\"og:title\" content=\"Familia de lenguas cauc\u00e1sicas del sur o lenguas kartvelianas - Sorosoro\" \/>\n<meta property=\"og:description\" content=\"Datos sobre las lenguas kartvelianas \u00bfD\u00f3nde se hablan las lenguas kartvelianas? Estas lenguas se hablan principalmente en Georgia, con algunos grupos de hablantes en Israel, Turqu\u00eda, Azerbaiy\u00e1n, Ir\u00e1n y en Rusia. N\u00famero total de hablantes (estimaci\u00f3n): Cerca de 5 000 000 de acuerdo al sitio etnologue.com Clasificaci\u00f3n La familia de lenguas kartvelianas cuenta con 4 [&hellip;]\" \/>\n<meta property=\"og:url\" content=\"https:\/\/www.sorosoro.org\/es\/familia-de-lenguas-caucasicas-del-sur-o-lenguas-kartvelianas\/\" \/>\n<meta property=\"og:site_name\" content=\"Sorosoro\" \/>\n<meta property=\"article:modified_time\" content=\"2011-05-31T10:24:11+00:00\" \/>\n<meta name=\"twitter:card\" content=\"summary_large_image\" \/>\n<meta name=\"twitter:label1\" content=\"Tiempo de lectura\" \/>\n\t<meta name=\"twitter:data1\" content=\"2 minutos\" \/>\n<script type=\"application\/ld+json\" class=\"yoast-schema-graph\">{\"@context\":\"https:\/\/schema.org\",\"@graph\":[{\"@type\":\"WebPage\",\"@id\":\"https:\/\/www.sorosoro.org\/es\/familia-de-lenguas-caucasicas-del-sur-o-lenguas-kartvelianas\/\",\"url\":\"https:\/\/www.sorosoro.org\/es\/familia-de-lenguas-caucasicas-del-sur-o-lenguas-kartvelianas\/\",\"name\":\"Familia de lenguas cauc\u00e1sicas del sur o lenguas kartvelianas - Sorosoro\",\"isPartOf\":{\"@id\":\"https:\/\/www.sorosoro.org\/es\/#website\"},\"datePublished\":\"2010-02-10T11:22:12+00:00\",\"dateModified\":\"2011-05-31T10:24:11+00:00\",\"breadcrumb\":{\"@id\":\"https:\/\/www.sorosoro.org\/es\/familia-de-lenguas-caucasicas-del-sur-o-lenguas-kartvelianas\/#breadcrumb\"},\"inLanguage\":\"es\",\"potentialAction\":[{\"@type\":\"ReadAction\",\"target\":[\"https:\/\/www.sorosoro.org\/es\/familia-de-lenguas-caucasicas-del-sur-o-lenguas-kartvelianas\/\"]}]},{\"@type\":\"BreadcrumbList\",\"@id\":\"https:\/\/www.sorosoro.org\/es\/familia-de-lenguas-caucasicas-del-sur-o-lenguas-kartvelianas\/#breadcrumb\",\"itemListElement\":[{\"@type\":\"ListItem\",\"position\":1,\"name\":\"Accueil\",\"item\":\"https:\/\/www.sorosoro.org\/es\/\"},{\"@type\":\"ListItem\",\"position\":2,\"name\":\"Familia de lenguas cauc\u00e1sicas del sur o lenguas kartvelianas\"}]},{\"@type\":\"WebSite\",\"@id\":\"https:\/\/www.sorosoro.org\/es\/#website\",\"url\":\"https:\/\/www.sorosoro.org\/es\/\",\"name\":\"Sorosoro\",\"description\":\"Pour que vivent les langues du monde !\",\"potentialAction\":[{\"@type\":\"SearchAction\",\"target\":{\"@type\":\"EntryPoint\",\"urlTemplate\":\"https:\/\/www.sorosoro.org\/es\/?s={search_term_string}\"},\"query-input\":{\"@type\":\"PropertyValueSpecification\",\"valueRequired\":true,\"valueName\":\"search_term_string\"}}],\"inLanguage\":\"es\"}]}<\/script>\n<!-- \/ Yoast SEO plugin. -->","yoast_head_json":{"title":"Familia de lenguas cauc\u00e1sicas del sur o lenguas kartvelianas - Sorosoro","robots":{"index":"index","follow":"follow","max-snippet":"max-snippet:-1","max-image-preview":"max-image-preview:large","max-video-preview":"max-video-preview:-1"},"canonical":"https:\/\/www.sorosoro.org\/es\/familia-de-lenguas-caucasicas-del-sur-o-lenguas-kartvelianas\/","og_locale":"es_ES","og_type":"article","og_title":"Familia de lenguas cauc\u00e1sicas del sur o lenguas kartvelianas - Sorosoro","og_description":"Datos sobre las lenguas kartvelianas \u00bfD\u00f3nde se hablan las lenguas kartvelianas? Estas lenguas se hablan principalmente en Georgia, con algunos grupos de hablantes en Israel, Turqu\u00eda, Azerbaiy\u00e1n, Ir\u00e1n y en Rusia. N\u00famero total de hablantes (estimaci\u00f3n): Cerca de 5 000 000 de acuerdo al sitio etnologue.com Clasificaci\u00f3n La familia de lenguas kartvelianas cuenta con 4 [&hellip;]","og_url":"https:\/\/www.sorosoro.org\/es\/familia-de-lenguas-caucasicas-del-sur-o-lenguas-kartvelianas\/","og_site_name":"Sorosoro","article_modified_time":"2011-05-31T10:24:11+00:00","twitter_card":"summary_large_image","twitter_misc":{"Tiempo de lectura":"2 minutos"},"schema":{"@context":"https:\/\/schema.org","@graph":[{"@type":"WebPage","@id":"https:\/\/www.sorosoro.org\/es\/familia-de-lenguas-caucasicas-del-sur-o-lenguas-kartvelianas\/","url":"https:\/\/www.sorosoro.org\/es\/familia-de-lenguas-caucasicas-del-sur-o-lenguas-kartvelianas\/","name":"Familia de lenguas cauc\u00e1sicas del sur o lenguas kartvelianas - Sorosoro","isPartOf":{"@id":"https:\/\/www.sorosoro.org\/es\/#website"},"datePublished":"2010-02-10T11:22:12+00:00","dateModified":"2011-05-31T10:24:11+00:00","breadcrumb":{"@id":"https:\/\/www.sorosoro.org\/es\/familia-de-lenguas-caucasicas-del-sur-o-lenguas-kartvelianas\/#breadcrumb"},"inLanguage":"es","potentialAction":[{"@type":"ReadAction","target":["https:\/\/www.sorosoro.org\/es\/familia-de-lenguas-caucasicas-del-sur-o-lenguas-kartvelianas\/"]}]},{"@type":"BreadcrumbList","@id":"https:\/\/www.sorosoro.org\/es\/familia-de-lenguas-caucasicas-del-sur-o-lenguas-kartvelianas\/#breadcrumb","itemListElement":[{"@type":"ListItem","position":1,"name":"Accueil","item":"https:\/\/www.sorosoro.org\/es\/"},{"@type":"ListItem","position":2,"name":"Familia de lenguas cauc\u00e1sicas del sur o lenguas kartvelianas"}]},{"@type":"WebSite","@id":"https:\/\/www.sorosoro.org\/es\/#website","url":"https:\/\/www.sorosoro.org\/es\/","name":"Sorosoro","description":"Pour que vivent les langues du monde !","potentialAction":[{"@type":"SearchAction","target":{"@type":"EntryPoint","urlTemplate":"https:\/\/www.sorosoro.org\/es\/?s={search_term_string}"},"query-input":{"@type":"PropertyValueSpecification","valueRequired":true,"valueName":"search_term_string"}}],"inLanguage":"es"}]}},"_links":{"self":[{"href":"https:\/\/www.sorosoro.org\/es\/wp-json\/wp\/v2\/pages\/13523","targetHints":{"allow":["GET"]}}],"collection":[{"href":"https:\/\/www.sorosoro.org\/es\/wp-json\/wp\/v2\/pages"}],"about":[{"href":"https:\/\/www.sorosoro.org\/es\/wp-json\/wp\/v2\/types\/page"}],"author":[{"embeddable":true,"href":"https:\/\/www.sorosoro.org\/es\/wp-json\/wp\/v2\/users\/2"}],"replies":[{"embeddable":true,"href":"https:\/\/www.sorosoro.org\/es\/wp-json\/wp\/v2\/comments?post=13523"}],"version-history":[{"count":0,"href":"https:\/\/www.sorosoro.org\/es\/wp-json\/wp\/v2\/pages\/13523\/revisions"}],"wp:attachment":[{"href":"https:\/\/www.sorosoro.org\/es\/wp-json\/wp\/v2\/media?parent=13523"}],"curies":[{"name":"wp","href":"https:\/\/api.w.org\/{rel}","templated":true}]}}