{"id":13047,"date":"2010-02-04T15:05:00","date_gmt":"2010-02-04T14:05:00","guid":{"rendered":"http:\/\/www.sorosoro.org\/?page_id=13047"},"modified":"2011-06-01T21:54:17","modified_gmt":"2011-06-01T19:54:17","slug":"familia-de-las-lenguas-quechua2","status":"publish","type":"page","link":"https:\/\/www.sorosoro.org\/es\/familia-de-las-lenguas-quechua2\/","title":{"rendered":"Familia de las lenguas quechua"},"content":{"rendered":"<h5 style=\"text-align: justify;\">\u00bf D\u00f3nde se habla las lenguas quechua?<\/h5>\n<p style=\"text-align: justify;\">Estas lenguas son habladas en Am\u00e9rica del Sur, en una vasta zona que cubre casi todo el oeste de este continente, entre la costa del Pac\u00edfico y la Cordillera de los Andes. Hablantes de la lengua quechua se encuentran principalmente en Bolivia y en el Per\u00fa, pero tambi\u00e9n en Argentina, Colombia, Ecuador. En Brasil y en Chile tambi\u00e9n se aprecia la presencia de algunos hablantes. Mapa de hablantes de la lengua quechua : <a href=\"http:\/\/www.runasimi.de\/rundial.gif\" target=\"_blank\">http:\/\/www.runasimi.de\/rundial.gif<\/a><\/p>\n<h5 style=\"text-align: justify;\">N\u00famero total de hablantes (estimado) :<\/h5>\n<p style=\"text-align: justify;\">La estimaci\u00f3n de poblaciones de hablantes del quechua es extremadamente variable, globalmente est\u00e1n comprendidas entre 6 y 10 millones de hablantes. Como quiera que fuera, es la familia de lenguas amerindias (Am\u00e9rica del Sur, Central y del Norte confundidas) que posee el mayor n\u00famero de hablantes nativos.<\/p>\n<h5 style=\"text-align: justify;\">Clasificaci\u00f3n:<\/h5>\n<p style=\"text-align: justify;\">Presentamos aqu\u00ed las 21 lenguas quechua, pero esta cantidad est\u00e1 sujeta a debate (ver con m\u00e1s detalle el comentario sobre la clasificaci\u00f3n)<\/p>\n<p style=\"padding-left: 60px; text-align: justify;\"><strong>Quechua Central<\/strong> (nombress alternativos: huaihuash; quechua I)<\/p>\n<p style=\"padding-left: 60px; text-align: justify;\"><strong>Quechua de Pacaraos<\/strong> : 35 hablantes seg\u00fan la UNESCO<\/p>\n<p style=\"padding-left: 30px; text-align: justify;\">Rama Central<\/p>\n<p style=\"padding-left: 60px; text-align: justify;\"><strong>Waylay<\/strong> (nombre alternativo : huailay)<\/p>\n<p style=\"padding-left: 60px; text-align: justify;\"><strong>Quechua de Conchucos<\/strong><\/p>\n<p style=\"padding-left: 60px; text-align: justify;\"><strong>Huailay o Quechua de Ancash<\/strong> 600 000 hablantes seg\u00fan la UNESCO<\/p>\n<p style=\"padding-left: 60px; text-align: justify;\"><strong>Ap-Am-Ah<\/strong><\/p>\n<p style=\"padding-left: 60px; text-align: justify;\"><strong>Alto Huallaga<\/strong><\/p>\n<p style=\"padding-left: 60px; text-align: justify;\"><strong>Alto Mara\u00f1\u00f3n<\/strong><\/p>\n<p style=\"padding-left: 60px; text-align: justify;\"><strong>Alto Pativilca<\/strong><\/p>\n<p style=\"padding-left: 60px; text-align: justify;\"><strong>Quechua Perif\u00e9rico<\/strong> (nombres alternativos: huampuy; quechua II)<\/p>\n<p style=\"padding-left: 60px; text-align: justify;\"><strong>Yungay<\/strong> (nombre alternativo : quechua IIA)<\/p>\n<p style=\"padding-left: 30px; text-align: justify;\">Central<\/p>\n<p style=\"padding-left: 30px; text-align: justify;\">Chocos<\/p>\n<p style=\"padding-left: 60px; text-align: justify;\"><strong>Apur\u00ed<\/strong><\/p>\n<p style=\"padding-left: 60px; text-align: justify;\"><strong>Laraos<\/strong><\/p>\n<p style=\"padding-left: 60px; text-align: justify;\"><strong>Lincha<\/strong><\/p>\n<p style=\"padding-left: 60px; text-align: justify;\"><strong>Made\u00e1n<\/strong><\/p>\n<p style=\"padding-left: 30px; text-align: justify;\">Norte<\/p>\n<p style=\"padding-left: 60px; text-align: justify;\"><strong>Quechua de Cajamarca<\/strong> : 30 000 hablantes seg\u00fan la UNESCO<\/p>\n<p style=\"padding-left: 60px; text-align: justify;\"><strong>Ca\u00f1aris-Incahuasi<\/strong><\/p>\n<p style=\"padding-left: 60px; text-align: justify;\"><strong>Chinchay<\/strong> (nombre alternativo : quechua IIB-C)<\/p>\n<p style=\"padding-left: 30px; text-align: justify;\">Norte<\/p>\n<p style=\"padding-left: 60px; text-align: justify;\"><strong>Quechua de Chachapoyas: <\/strong>500 hablantes seg\u00fan la UNESCO<\/p>\n<p style=\"padding-left: 60px; text-align: justify;\"><strong>Quechua de Colombia<\/strong><\/p>\n<p style=\"padding-left: 60px; text-align: justify;\"><strong>Quechua de Loreto<\/strong><\/p>\n<p style=\"padding-left: 60px; text-align: justify;\"><strong>Quechua del Ecuador<\/strong><\/p>\n<p style=\"padding-left: 60px; text-align: justify;\"><strong>Quechua de San Mart\u00edn<\/strong> : 6 000 hablantes seg\u00fan la UNESCO<\/p>\n<p style=\"padding-left: 30px; text-align: justify;\">Sur<\/p>\n<p style=\"padding-left: 60px; text-align: justify;\"><strong>Quechua peruano del sur<\/strong><\/p>\n<p style=\"padding-left: 60px; text-align: justify;\"><strong>Quechua de Ayacucho<\/strong> (nombre alternativo: ayacucho-chanka) : 850 000 hablantes seg\u00fan la UNESCO<\/p>\n<p style=\"padding-left: 60px; text-align: justify;\"><strong>Quechua de Cuzco<\/strong>: 1 115 000 hablantes seg\u00fan la UNESCO<\/p>\n<p style=\"padding-left: 60px; text-align: justify;\"><strong>Quechua santiague\u00f1o<\/strong><\/p>\n<p style=\"padding-left: 60px; text-align: justify;\"><strong>Quechua boliviano <\/strong>: 2 400 000 hablantes seg\u00fan la UNESCO<\/p>\n<h5 style=\"text-align: justify;\">Comentarios sobre la clasificaci\u00f3n de las lenguas quechua :<\/h5>\n<p style=\"text-align: justify;\">Seguimos aqu\u00ed la clasificaci\u00f3n proporcionada por Campbell (1997) que es del tipo \u00ab cl\u00e1sico \u00bb, sabiendo que ninguna clasificaci\u00f3n es un\u00e1nime, ya que el debate sobre el tema est\u00e1 animado y las conclusiones avanzan de d\u00eda en d\u00eda. La familia quechua, en efecto, es un caso de escuela para determinar las dificultades sobre los criterios que distinguen una lengua de un dialecto. Al comienzo, esta familia ha sido vista como un solo conjunto dialectal y por mucho tiempo se ha hablado de la \u00ab lengua quechua \u00bb una suerte de \u00ab macro-lengua \u00bb, compuesta de una gran variedad de dialectos. Esta denominaci\u00f3n siempre es usada, mayoritariamente por los no especialistas. Despu\u00e9s se ha considerado que la familia quechua est\u00e1 compuesta de siete conjuntos dialectales (pacaraos, el waylay [quechua I], el AP-AM-AH, el quechua IIA central, el quechua IIA del norte, el quechua IIB y el quechua IIC) que totalizan entre 21 y 46 dialectos, seg\u00fan las fuentes. Actualmente, esta posici\u00f3n es la m\u00e1s com\u00fan. Pero una tendencia reciente considera que estas 21 a 46 idiomas no sean dialectos sino lenguas de pleno derecho. Esta \u00faltima opci\u00f3n la hemos tomado siguiendo a Campbell. Al considerarse esto, cierto n\u00famero de ling\u00fcistas y hablantes nativos de quechua hoy en d\u00eda han puesto en juego en su integridad la clasificaci\u00f3n de 7 unidades.<\/p>\n<h5 style=\"text-align: justify;\">\u00bfEst\u00e1n en peligro las lenguas quechua?<\/h5>\n<p style=\"text-align: justify;\">Las estimaciones exactas que conciernen a la vitalidad de estas lenguas son dif\u00edciles de encontrar, pero seg\u00fan la UNESCO, todas est\u00e1n amenazadas en diversos grados, incluidas las que cuentan un gran n\u00famero de hablantes como el quechua de Cuzco, o de Ayacucho ? o el quechua de Bolivia. Seg\u00fan la UNESCO, las lenguas m\u00e1s amenazadas a corto plazo siempre son el quechua de Pacaraos, el quechua de Chachapoyas y el quechua de Cajamarca que est\u00e1n a punto de extinguirse. Muchas otras lenguas probablemente est\u00e9n en sumo peligro.<\/p>\n<h5 style=\"text-align: justify;\">Fuentes<\/h5>\n<p style=\"text-align: justify;\">Campbell, Lyle (1997). <em>American Indian languages: the historical linguistics of Native America<\/em>. Oxford: Oxford University Press.<\/p>\n","protected":false},"excerpt":{"rendered":"<p>\u00bf D\u00f3nde se habla las lenguas quechua? Estas lenguas son habladas en Am\u00e9rica del Sur, en una vasta zona que cubre casi todo el oeste de este continente, entre la costa del Pac\u00edfico y la Cordillera de los Andes. Hablantes de la lengua quechua se encuentran principalmente en Bolivia y en el Per\u00fa, pero tambi\u00e9n [&hellip;]<\/p>\n","protected":false},"author":2,"featured_media":0,"parent":0,"menu_order":0,"comment_status":"closed","ping_status":"open","template":"","meta":{"footnotes":""},"class_list":["post-13047","page","type-page","status-publish","hentry"],"yoast_head":"<!-- This site is optimized with the Yoast SEO plugin v27.0 - https:\/\/yoast.com\/product\/yoast-seo-wordpress\/ -->\n<title>Familia de las lenguas quechua  - Sorosoro<\/title>\n<meta name=\"robots\" content=\"index, follow, max-snippet:-1, max-image-preview:large, max-video-preview:-1\" \/>\n<link rel=\"canonical\" href=\"https:\/\/www.sorosoro.org\/es\/familia-de-las-lenguas-quechua2\/\" \/>\n<meta property=\"og:locale\" content=\"es_ES\" \/>\n<meta property=\"og:type\" content=\"article\" \/>\n<meta property=\"og:title\" content=\"Familia de las lenguas quechua  - Sorosoro\" \/>\n<meta property=\"og:description\" content=\"\u00bf D\u00f3nde se habla las lenguas quechua? Estas lenguas son habladas en Am\u00e9rica del Sur, en una vasta zona que cubre casi todo el oeste de este continente, entre la costa del Pac\u00edfico y la Cordillera de los Andes. Hablantes de la lengua quechua se encuentran principalmente en Bolivia y en el Per\u00fa, pero tambi\u00e9n [&hellip;]\" \/>\n<meta property=\"og:url\" content=\"https:\/\/www.sorosoro.org\/es\/familia-de-las-lenguas-quechua2\/\" \/>\n<meta property=\"og:site_name\" content=\"Sorosoro\" \/>\n<meta property=\"article:modified_time\" content=\"2011-06-01T19:54:17+00:00\" \/>\n<meta name=\"twitter:card\" content=\"summary_large_image\" \/>\n<meta name=\"twitter:label1\" content=\"Tiempo de lectura\" \/>\n\t<meta name=\"twitter:data1\" content=\"3 minutos\" \/>\n<script type=\"application\/ld+json\" class=\"yoast-schema-graph\">{\"@context\":\"https:\/\/schema.org\",\"@graph\":[{\"@type\":\"WebPage\",\"@id\":\"https:\/\/www.sorosoro.org\/es\/familia-de-las-lenguas-quechua2\/\",\"url\":\"https:\/\/www.sorosoro.org\/es\/familia-de-las-lenguas-quechua2\/\",\"name\":\"Familia de las lenguas quechua - Sorosoro\",\"isPartOf\":{\"@id\":\"https:\/\/www.sorosoro.org\/es\/#website\"},\"datePublished\":\"2010-02-04T14:05:00+00:00\",\"dateModified\":\"2011-06-01T19:54:17+00:00\",\"breadcrumb\":{\"@id\":\"https:\/\/www.sorosoro.org\/es\/familia-de-las-lenguas-quechua2\/#breadcrumb\"},\"inLanguage\":\"es\",\"potentialAction\":[{\"@type\":\"ReadAction\",\"target\":[\"https:\/\/www.sorosoro.org\/es\/familia-de-las-lenguas-quechua2\/\"]}]},{\"@type\":\"BreadcrumbList\",\"@id\":\"https:\/\/www.sorosoro.org\/es\/familia-de-las-lenguas-quechua2\/#breadcrumb\",\"itemListElement\":[{\"@type\":\"ListItem\",\"position\":1,\"name\":\"Accueil\",\"item\":\"https:\/\/www.sorosoro.org\/es\/\"},{\"@type\":\"ListItem\",\"position\":2,\"name\":\"Familia de las lenguas quechua\"}]},{\"@type\":\"WebSite\",\"@id\":\"https:\/\/www.sorosoro.org\/es\/#website\",\"url\":\"https:\/\/www.sorosoro.org\/es\/\",\"name\":\"Sorosoro\",\"description\":\"Pour que vivent les langues du monde !\",\"potentialAction\":[{\"@type\":\"SearchAction\",\"target\":{\"@type\":\"EntryPoint\",\"urlTemplate\":\"https:\/\/www.sorosoro.org\/es\/?s={search_term_string}\"},\"query-input\":{\"@type\":\"PropertyValueSpecification\",\"valueRequired\":true,\"valueName\":\"search_term_string\"}}],\"inLanguage\":\"es\"}]}<\/script>\n<!-- \/ Yoast SEO plugin. -->","yoast_head_json":{"title":"Familia de las lenguas quechua  - Sorosoro","robots":{"index":"index","follow":"follow","max-snippet":"max-snippet:-1","max-image-preview":"max-image-preview:large","max-video-preview":"max-video-preview:-1"},"canonical":"https:\/\/www.sorosoro.org\/es\/familia-de-las-lenguas-quechua2\/","og_locale":"es_ES","og_type":"article","og_title":"Familia de las lenguas quechua  - Sorosoro","og_description":"\u00bf D\u00f3nde se habla las lenguas quechua? Estas lenguas son habladas en Am\u00e9rica del Sur, en una vasta zona que cubre casi todo el oeste de este continente, entre la costa del Pac\u00edfico y la Cordillera de los Andes. Hablantes de la lengua quechua se encuentran principalmente en Bolivia y en el Per\u00fa, pero tambi\u00e9n [&hellip;]","og_url":"https:\/\/www.sorosoro.org\/es\/familia-de-las-lenguas-quechua2\/","og_site_name":"Sorosoro","article_modified_time":"2011-06-01T19:54:17+00:00","twitter_card":"summary_large_image","twitter_misc":{"Tiempo de lectura":"3 minutos"},"schema":{"@context":"https:\/\/schema.org","@graph":[{"@type":"WebPage","@id":"https:\/\/www.sorosoro.org\/es\/familia-de-las-lenguas-quechua2\/","url":"https:\/\/www.sorosoro.org\/es\/familia-de-las-lenguas-quechua2\/","name":"Familia de las lenguas quechua - Sorosoro","isPartOf":{"@id":"https:\/\/www.sorosoro.org\/es\/#website"},"datePublished":"2010-02-04T14:05:00+00:00","dateModified":"2011-06-01T19:54:17+00:00","breadcrumb":{"@id":"https:\/\/www.sorosoro.org\/es\/familia-de-las-lenguas-quechua2\/#breadcrumb"},"inLanguage":"es","potentialAction":[{"@type":"ReadAction","target":["https:\/\/www.sorosoro.org\/es\/familia-de-las-lenguas-quechua2\/"]}]},{"@type":"BreadcrumbList","@id":"https:\/\/www.sorosoro.org\/es\/familia-de-las-lenguas-quechua2\/#breadcrumb","itemListElement":[{"@type":"ListItem","position":1,"name":"Accueil","item":"https:\/\/www.sorosoro.org\/es\/"},{"@type":"ListItem","position":2,"name":"Familia de las lenguas quechua"}]},{"@type":"WebSite","@id":"https:\/\/www.sorosoro.org\/es\/#website","url":"https:\/\/www.sorosoro.org\/es\/","name":"Sorosoro","description":"Pour que vivent les langues du monde !","potentialAction":[{"@type":"SearchAction","target":{"@type":"EntryPoint","urlTemplate":"https:\/\/www.sorosoro.org\/es\/?s={search_term_string}"},"query-input":{"@type":"PropertyValueSpecification","valueRequired":true,"valueName":"search_term_string"}}],"inLanguage":"es"}]}},"_links":{"self":[{"href":"https:\/\/www.sorosoro.org\/es\/wp-json\/wp\/v2\/pages\/13047","targetHints":{"allow":["GET"]}}],"collection":[{"href":"https:\/\/www.sorosoro.org\/es\/wp-json\/wp\/v2\/pages"}],"about":[{"href":"https:\/\/www.sorosoro.org\/es\/wp-json\/wp\/v2\/types\/page"}],"author":[{"embeddable":true,"href":"https:\/\/www.sorosoro.org\/es\/wp-json\/wp\/v2\/users\/2"}],"replies":[{"embeddable":true,"href":"https:\/\/www.sorosoro.org\/es\/wp-json\/wp\/v2\/comments?post=13047"}],"version-history":[{"count":0,"href":"https:\/\/www.sorosoro.org\/es\/wp-json\/wp\/v2\/pages\/13047\/revisions"}],"wp:attachment":[{"href":"https:\/\/www.sorosoro.org\/es\/wp-json\/wp\/v2\/media?parent=13047"}],"curies":[{"name":"wp","href":"https:\/\/api.w.org\/{rel}","templated":true}]}}