{"id":70938,"date":"2017-07-26T15:32:23","date_gmt":"2017-07-26T13:32:23","guid":{"rendered":"http:\/\/www.sorosoro.org\/?page_id=70938\/"},"modified":"2017-07-26T15:49:41","modified_gmt":"2017-07-26T13:49:41","slug":"scottish-gaelic","status":"publish","type":"page","link":"https:\/\/www.sorosoro.org\/en\/scottish-gaelic\/","title":{"rendered":"Scottish Gaelic"},"content":{"rendered":"<p style=\"text-align: justify;\"><em>Page created by <\/em><em>Adam Dahmer, 2017.<\/em><\/p>\n<h5>Data on Scottish Gaelic<em><br \/>\n<\/em><\/h5>\n<p style=\"text-align: justify;\"><strong>Name of the language <\/strong>:\u00a0G\u00e0idhlig<\/p>\n<p><strong>Alternative names<\/strong>: Gaelic, Scottish Gaelic, Scots Gaelic, Scotch Gaelic, Erse (pejorative)<\/p>\n<p style=\"text-align: justify;\"><strong>Classification<\/strong>: <a href=\"https:\/\/www.sorosoro.org\/en\/indo-european-language-family\/\">Indoeuropean<\/a> language, from the Goidelic branch of the Celtic language family<\/p>\n<p style=\"text-align: justify;\"><strong>Area<\/strong>: Traditionally spoken in <strong>Scotland<\/strong>, particularly the Scottish Highlands. Today, the Western Isles of Scotland are generally considered to be the Gaelic heartland, although at least fifty percentof speakers live in the urban and suburban communities of Scotland&#8217;s Central Belt. Outwith Scotland, the most vital community of Gaelic speakers resides in Nova Scotia, Canada &#8211; especially the Cape Breton area.<\/p>\n<p style=\"text-align: justify;\"><strong>Number of speakers<\/strong>: Estimated to be approximately 56,000 in Scotland, fewer than 60,000 globally.<\/p>\n<p style=\"text-align: justify;\"><strong>Language status<\/strong>: A national language of Scotland; language of communication in the Western Isles of Scotland and in Cape Breton, NovaScotia ; language of education at some Scottish state schools.<\/p>\n<p style=\"text-align: justify;\"><strong>Vitality &amp; Transmission<\/strong>: Although Gaelic was once spoken throughout much of what is now Scotland in the medieval period, Gaelic-speaking regions have since undergone considerable language shift. Today, the language is spoken primarily in the Western Isles of Scotland, and within some social networks in the cities of Glasgow, Inverness, Edinburgh, and &#8211; to a lesser extent &#8211; Aberdeen. A large community of Gaelic speakers also exists in Nova Scotia, Canada &#8211; the result of immigration from Scotland in the 18th and 19th centuries. Speakers live and work in various other parts of Scotland and the wider world, but in relatively small numbers and usually without engaging in intergenerational transmission of the language. Despite widespread Scottish immigration throughout the British colonies in North America, Africa, South Asia and Australia during the time of the British Empire, the eastern coast of Canada is the only region outwith Scotland that boasts self-sustaining communities of locally born native speakers of Gaelic in the present day.<\/p>\n<p style=\"text-align: justify;\">Since at least the 16th century CE, the language has been geographically associated with the Scottish Highlands, to the extent that the Gaelic word &#8216;G\u00e0idhealtachd&#8217; means both &#8216;Gaelic-speaking region&#8217; and &#8216;Highlands&#8217;. However, speaker numbers in that region have declined precipitously in recent centuries as the result of political and economic pressure to adopt the English language, and because of the forced depopulation of Gaelic heartlands during the Highland Clearances. Consequently, most Highland communities are now English-language dominant. Large-scale revitalisation efforts for Gaelichave been underway since the 1970s, most notably at the Gaelic college Sabhal M\u00f2r Ostaig, a component institution of the University of the Highlands and Islands located on the Sleat peninsula of Isle of Skye.<\/p>\n<p style=\"text-align: justify;\">Gaelic serves as the dominant language of discourse for the Scottish television channel BBC Alba; and for the Scottish radio station BBC Radio nan G\u00e0idheal. Despite its recognition as a national language of Scotland by the Scottish Parliament in 2005, and its current availability as subject and\/or medium of education in many state-run Scottish primary schools and universities, Gaelic remains a highly endangered language. Although its decline has slowed, and might soon be arrested by increasing numbers of language learners, the rate of intergenerational transmission continues to decrease; and, although the language continues to make inroads into urban areas and in popularculture, many of the rural communities in which the language historically thrived are on the verge of social and economic collapse. Furthermore, some observers fear that Gaelic language learners often fail to accurately reproduce the grammar and phonology of the language,and that they hesitate to employ the language outwith academic domains.<\/p>\n<p style=\"text-align: justify;\">Concern has also arisen as to dialect attrition, as despite at least moderately successful efforts to promote the language generally, many dialects (such as those of East Sutherland and Argylle) have only a handful of speakers, and face imminent moribundity if not outright extinction. Meticulous language planning and grassroots mobilisation by and among learners, new speakers, and native speakers of the language will be necessary in the coming years in order to ensure its survival as a language of home and community.<\/p>\n<p style=\"text-align: justify;\"><strong>Media\/Literature\/Education <\/strong>: The television network BBC Alba and the radio station BBC Radio nan G\u00e0idheal broadcast in Gaelic. The language is widely used on social media, and has two prominent online dictionaries, available respectively at faclair.com and learngaelic.net<\/p>\n<p style=\"text-align: justify;\">As to literature, the language boasts one of the oldest literary traditions in Europe &#8211; a heritage which it shares with the Irish language, as the two languages used the same writing system until the seventeenth century. In addition to the medieval and early modern manuscript traditions, Gaelic is famous for its poetic tradition, enriched by the works of bards such as Donnchadh B\u00e0n Mac an t-Saoir, Alasdair mac Mhaighstir Alasdair, Somhairle MacGill-Eain, Meg Bateman, and Mark Spencer Turner. The Bible was first translated into Scottish Gaelic by the Reverend Robert Kirk 1690, and the Gaelic metrical translations of the psalms serve as an integral part of worship in some Presbyterian communities. In the current century, the Gaelic novel has begun to proliferate, thanks in large part to the efforts of the publishing company, CL\u00c0R. The first Gaelic science fiction novel, AirCuan Dubh Drilseach by Dr. Timothy Curry Armstrong, was published in 2013.<\/p>\n<p style=\"text-align: justify;\">Gaelic is offered as a subject in many primary and secondary schools in Scotland. At still others, it serves as the language of class instruction. Demand for such programmes continues to increase, drivingtheir proliferation. At the university level, a number of universities offer Gaelic Courses, including the University of Aberdeen, theUniversity of Glasgow, the University of Edinburgh, and the Universityof the Highlands and Islands in Scotland; and St. Francis XavierUniversity in Nova Scotia. Sabhal M\u00f2r Ostaig, a Gaelic collegeaffiliated with the University of the Highlands and Islands, offers immersive Gaelic education, and university degrees in various subjects instructed via the medium of Gaelic.<\/p>\n<h5>Historical, sociolinguistic and ethnographic observations<\/h5>\n<p style=\"text-align: justify;\">Gaelichas suffered minoritisation since at least the 13th century CE. Sociopolitical events and circumstances instrumental to its decline include the increasing influence of the English government over Scottish political affairs during the late middle ages, and the concomitant increase in trade with England, which saw the rise of Middle English (which later evolved into Lowland Scots) as a lingua franca in the Scottish Lowlands; the Union of Crowns in 1603, which resulted in the removal of the Scottish court to London, which in turn contributed to the further entrenchment of English as an aspirational language in Scotland; the Jacobite uprisings of the 1700s, which caused Gaelic to become associated with political insurrection and led ultimately to its brutal oppression by agents of the British government; the general rurality of Scottish Gaelic speech communities, whose relative poverty and agrarianism invited the unfair derision of Scots- andEnglish-speaking city dwellers; the Highland Clearances, in which unscrupulous landlords forced hundreds of thousands of Gaelic speakersto vacate their homes and emigrate to non-Gaelic-speaking regions; and the Scottish Education Act of 1872, which made no provision for Gaelicin the Scottish education system. In the face of such adversity,Gaelic&#8217;s very survival to the present day testafies to the determination of its speakers in maintaining their linguistic heritage.<\/p>\n<h5>Linguistic observation<\/h5>\n<p>Gaelic is closely related to the other Goidelic languages, Irish and Manx, to the extent that some speakers find the three languages to be mutually intelligible to a high degree. Gaelic also bears some similarities with its Brythonic Celtic cousins, Breton, Cornish and Welsh &#8211; although most of the parallels are in grammatical structures and a small percentage of nominal and verbal roots, and Gaelic is not mutually comprehensible with any of these three languages. Notable linguistic features of Gaelic include preaspiration, initial consonant mutation, and verb-subject-object sentence order. Although the latter two characteristics feature in all Celtic languages, the formermost seems to set Gaelic apart.<\/p>\n<h5 style=\"text-align: justify;\">Sample text and video<\/h5>\n<p align=\"justify\">)<\/p>\n<h5>Sources, link &amp; Additional bibliography<\/h5>\n<p><a href=\"https:\/\/learngaelic.net\/\">https:\/\/learngaelic.net\/<\/a><\/p>\n<p>Chapman, Malcolm. 1978. The Gaelic Vision in Scottish Culture (London: Croom Helm)<\/p>\n<p>Dunmore, Sti\u00f9bhart S. 2010. \u2018G\u00e0idheal, Goill agus coimhearsnachd naG\u00e0idhlig: Ide\u00f2lasan c\u00e0nain am measg inbhich a fhuair foghlam tromeadhan na G\u00e0idhlig\u2019 Rannsachadh na G\u00e0idhlig, 8, pp. 285\u2013298 \u2014 2015. \u2018Bilingual life after school? Language use, ideologies andattitudes among Gaelic-medium educated adults\u2019 (Unpublished PhD thesis, University of Edinburgh)<\/p>\n<p>Durkacz, Victor Edward. 1983. The Decline of the Celtic Languages (Edinburgh: John Donald Publishers Ltd)<\/p>\n<p>Fishman, Joshua A. 1991. Reversing Language Shift: Theoretical and Empirical Foundations of Assistance to Threatened Languages (Clevedon:Multilingual Matters Ltd)<\/p>\n<p>Glaser, Konstanze. 2006. \u2018Reimagining the Gaelic community: ethnicity, hybridity, politics and communication\u2019 in Revitalising Gaelic in Scotland: Policy, Planning and Public Discourse, Wilson MacLeod (ed.) (Edinburgh: Dunedin Academic Press), pp. 169\u201384<\/p>\n<p>MacCaluim, Alasdair. 2007. Reversing language shift: The social identity and role of Scottish Gaelic learners (Belfast: Cl\u00f3 Ollscoil naBanr\u00edona)<\/p>\n<p>MacKinnon, Kenneth. 1977. Language, Education and Social Processes in a Gaelic Community (London: Roultledge &amp; Kegan Paul) \u2014.2004. \u2018Reversing Language Shift: Celtic Languages Today \u2013 Any Evidence?\u2019 in Journal of Celtic Linguistics, 8, pp. 109\u2013132<\/p>\n<p>McEwan-Fujita, Emily. 2006. \u2018Gaelic Doomed as Speakers Die Out\u2019? The Public Discourse of Language Death in Scotland\u2019 Revitalising Gaelic in Scotland: Policy, Planning and Public Discourse, ed. by Wilson MacLeod (Edinburgh: Dunedin Academic Press), pp. 279\u201394 \u2014. 2008. \u2018Workingat \u201c9 to 5\u201d Gaelic: Speakers, Context, and Ideologies of an Emerging Minority Language Register\u2019 in Sustaining Linguistic Diversity, Kendall A. King, Natalie Schilling-Estes, Lyn Fogle, Jia Jackie Lou, and Barbara Soukup (eds.) (Washington, D.C.: Georgetown University Press),pp. 81\u201394<\/p>\n<p>McLeod, Wilson, Bernadette O\u2019Rourke, and Stuart Dunmore. 2015. \u2018New Speakers\u2019 of Gaelic in Edinburgh and Glasgow (Edinburgh:Soillse)<\/p>\n<p>Morgan, Peadar. 2000. \u2018The Gael is Dead; Long Live the Gaelic: The Changing Relationship between Native and Learner GaelicUsers\u2019, in Aithne na nGael: Gaelic Identities, Gordon McCoy withMaolcholaim Scott (ed.) (Belfast: Iontabhas ULTACH), pp. 126\u2013123<\/p>\n<p>National Records of Scotland. 2015. Scotland\u2019s Census 2011: Gaelic report (part 1) Available online:[accessed 29.8.2016]<\/p>\n<p>Oliver, James.2006. \u2018Where is Gaelic? Revitalisation, language, culture andidentity\u2019 in Revitalising Gaelic in Scotland: Policy, Planning and Public Discourse, Wilson McLeod (ed.) (Edinburgh: Dunedin AcademicPress), pp. 155\u2013169<\/p>\n","protected":false},"excerpt":{"rendered":"<p>Page created by Adam Dahmer, 2017. Data on Scottish Gaelic Name of the language :\u00a0G\u00e0idhlig Alternative names: Gaelic, Scottish Gaelic, Scots Gaelic, Scotch Gaelic, Erse (pejorative) Classification: Indoeuropean language, from the Goidelic branch of the Celtic language family Area: Traditionally spoken in Scotland, particularly the Scottish Highlands. Today, the Western Isles of Scotland are generally [&hellip;]<\/p>\n","protected":false},"author":23,"featured_media":0,"parent":0,"menu_order":0,"comment_status":"closed","ping_status":"closed","template":"","meta":{"footnotes":""},"class_list":["post-70938","page","type-page","status-publish","hentry"],"yoast_head":"<!-- This site is optimized with the Yoast SEO plugin v27.0 - https:\/\/yoast.com\/product\/yoast-seo-wordpress\/ -->\n<title>Scottish Gaelic - Sorosoro<\/title>\n<meta name=\"robots\" content=\"index, follow, max-snippet:-1, max-image-preview:large, max-video-preview:-1\" \/>\n<link rel=\"canonical\" href=\"https:\/\/www.sorosoro.org\/en\/scottish-gaelic\/\" \/>\n<meta property=\"og:locale\" content=\"en_US\" \/>\n<meta property=\"og:type\" content=\"article\" \/>\n<meta property=\"og:title\" content=\"Scottish Gaelic - Sorosoro\" \/>\n<meta property=\"og:description\" content=\"Page created by Adam Dahmer, 2017. Data on Scottish Gaelic Name of the language :\u00a0G\u00e0idhlig Alternative names: Gaelic, Scottish Gaelic, Scots Gaelic, Scotch Gaelic, Erse (pejorative) Classification: Indoeuropean language, from the Goidelic branch of the Celtic language family Area: Traditionally spoken in Scotland, particularly the Scottish Highlands. Today, the Western Isles of Scotland are generally [&hellip;]\" \/>\n<meta property=\"og:url\" content=\"https:\/\/www.sorosoro.org\/en\/scottish-gaelic\/\" \/>\n<meta property=\"og:site_name\" content=\"Sorosoro\" \/>\n<meta property=\"article:modified_time\" content=\"2017-07-26T13:49:41+00:00\" \/>\n<meta name=\"twitter:card\" content=\"summary_large_image\" \/>\n<meta name=\"twitter:label1\" content=\"Est. reading time\" \/>\n\t<meta name=\"twitter:data1\" content=\"8 minutes\" \/>\n<script type=\"application\/ld+json\" class=\"yoast-schema-graph\">{\"@context\":\"https:\/\/schema.org\",\"@graph\":[{\"@type\":\"WebPage\",\"@id\":\"https:\/\/www.sorosoro.org\/en\/scottish-gaelic\/\",\"url\":\"https:\/\/www.sorosoro.org\/en\/scottish-gaelic\/\",\"name\":\"Scottish Gaelic - Sorosoro\",\"isPartOf\":{\"@id\":\"https:\/\/www.sorosoro.org\/en\/#website\"},\"datePublished\":\"2017-07-26T13:32:23+00:00\",\"dateModified\":\"2017-07-26T13:49:41+00:00\",\"breadcrumb\":{\"@id\":\"https:\/\/www.sorosoro.org\/en\/scottish-gaelic\/#breadcrumb\"},\"inLanguage\":\"en-US\",\"potentialAction\":[{\"@type\":\"ReadAction\",\"target\":[\"https:\/\/www.sorosoro.org\/en\/scottish-gaelic\/\"]}]},{\"@type\":\"BreadcrumbList\",\"@id\":\"https:\/\/www.sorosoro.org\/en\/scottish-gaelic\/#breadcrumb\",\"itemListElement\":[{\"@type\":\"ListItem\",\"position\":1,\"name\":\"Accueil\",\"item\":\"https:\/\/www.sorosoro.org\/en\/\"},{\"@type\":\"ListItem\",\"position\":2,\"name\":\"Scottish Gaelic\"}]},{\"@type\":\"WebSite\",\"@id\":\"https:\/\/www.sorosoro.org\/en\/#website\",\"url\":\"https:\/\/www.sorosoro.org\/en\/\",\"name\":\"Sorosoro\",\"description\":\"Pour que vivent les langues du monde !\",\"potentialAction\":[{\"@type\":\"SearchAction\",\"target\":{\"@type\":\"EntryPoint\",\"urlTemplate\":\"https:\/\/www.sorosoro.org\/en\/?s={search_term_string}\"},\"query-input\":{\"@type\":\"PropertyValueSpecification\",\"valueRequired\":true,\"valueName\":\"search_term_string\"}}],\"inLanguage\":\"en-US\"}]}<\/script>\n<!-- \/ Yoast SEO plugin. -->","yoast_head_json":{"title":"Scottish Gaelic - Sorosoro","robots":{"index":"index","follow":"follow","max-snippet":"max-snippet:-1","max-image-preview":"max-image-preview:large","max-video-preview":"max-video-preview:-1"},"canonical":"https:\/\/www.sorosoro.org\/en\/scottish-gaelic\/","og_locale":"en_US","og_type":"article","og_title":"Scottish Gaelic - Sorosoro","og_description":"Page created by Adam Dahmer, 2017. Data on Scottish Gaelic Name of the language :\u00a0G\u00e0idhlig Alternative names: Gaelic, Scottish Gaelic, Scots Gaelic, Scotch Gaelic, Erse (pejorative) Classification: Indoeuropean language, from the Goidelic branch of the Celtic language family Area: Traditionally spoken in Scotland, particularly the Scottish Highlands. Today, the Western Isles of Scotland are generally [&hellip;]","og_url":"https:\/\/www.sorosoro.org\/en\/scottish-gaelic\/","og_site_name":"Sorosoro","article_modified_time":"2017-07-26T13:49:41+00:00","twitter_card":"summary_large_image","twitter_misc":{"Est. reading time":"8 minutes"},"schema":{"@context":"https:\/\/schema.org","@graph":[{"@type":"WebPage","@id":"https:\/\/www.sorosoro.org\/en\/scottish-gaelic\/","url":"https:\/\/www.sorosoro.org\/en\/scottish-gaelic\/","name":"Scottish Gaelic - Sorosoro","isPartOf":{"@id":"https:\/\/www.sorosoro.org\/en\/#website"},"datePublished":"2017-07-26T13:32:23+00:00","dateModified":"2017-07-26T13:49:41+00:00","breadcrumb":{"@id":"https:\/\/www.sorosoro.org\/en\/scottish-gaelic\/#breadcrumb"},"inLanguage":"en-US","potentialAction":[{"@type":"ReadAction","target":["https:\/\/www.sorosoro.org\/en\/scottish-gaelic\/"]}]},{"@type":"BreadcrumbList","@id":"https:\/\/www.sorosoro.org\/en\/scottish-gaelic\/#breadcrumb","itemListElement":[{"@type":"ListItem","position":1,"name":"Accueil","item":"https:\/\/www.sorosoro.org\/en\/"},{"@type":"ListItem","position":2,"name":"Scottish Gaelic"}]},{"@type":"WebSite","@id":"https:\/\/www.sorosoro.org\/en\/#website","url":"https:\/\/www.sorosoro.org\/en\/","name":"Sorosoro","description":"Pour que vivent les langues du monde !","potentialAction":[{"@type":"SearchAction","target":{"@type":"EntryPoint","urlTemplate":"https:\/\/www.sorosoro.org\/en\/?s={search_term_string}"},"query-input":{"@type":"PropertyValueSpecification","valueRequired":true,"valueName":"search_term_string"}}],"inLanguage":"en-US"}]}},"_links":{"self":[{"href":"https:\/\/www.sorosoro.org\/en\/wp-json\/wp\/v2\/pages\/70938","targetHints":{"allow":["GET"]}}],"collection":[{"href":"https:\/\/www.sorosoro.org\/en\/wp-json\/wp\/v2\/pages"}],"about":[{"href":"https:\/\/www.sorosoro.org\/en\/wp-json\/wp\/v2\/types\/page"}],"author":[{"embeddable":true,"href":"https:\/\/www.sorosoro.org\/en\/wp-json\/wp\/v2\/users\/23"}],"replies":[{"embeddable":true,"href":"https:\/\/www.sorosoro.org\/en\/wp-json\/wp\/v2\/comments?post=70938"}],"version-history":[{"count":0,"href":"https:\/\/www.sorosoro.org\/en\/wp-json\/wp\/v2\/pages\/70938\/revisions"}],"wp:attachment":[{"href":"https:\/\/www.sorosoro.org\/en\/wp-json\/wp\/v2\/media?parent=70938"}],"curies":[{"name":"wp","href":"https:\/\/api.w.org\/{rel}","templated":true}]}}